{"id":8858,"date":"2019-06-11T12:10:51","date_gmt":"2019-06-11T12:10:51","guid":{"rendered":"https:\/\/www.ticketswhales.com\/?post_type=product&#038;p=8858"},"modified":"2023-03-27T18:55:34","modified_gmt":"2023-03-27T18:55:34","slug":"los-haitises-national-park-from-sabana-de-la-mar-hiking-2-hours","status":"publish","type":"product","link":"https:\/\/www.boattoursamana.com\/pl\/wycieczka-2\/los-haitises-park-narodowy-z-sabana-de-la-mar-turystyka-2-godziny","title":{"rendered":"Prywatna wycieczka \u0142odzi\u0105 i 2-godzinna w\u0119dr\u00f3wka po lesie deszczowym Los Haitises"},"content":{"rendered":"<div class=\"vc_row wpb_row vc_row-fluid\" ><div class=\"wpb_column vc_column_container vc_col-sm-12\"><div class=\"vc_column-inner\"><div class=\"wpb_wrapper\"><div class=\"vc_btn3-container vc_btn3-inline\" ><button class=\"vc_general vc_btn3 vc_btn3-size-md vc_btn3-shape-rounded vc_btn3-style-modern vc_btn3-color-green\">REZERWUJ TERAZ<\/button><\/div><div class=\"mkdf-section-title-holder\" style=\"text-align: left\">\n\t<div class=\"mkdf-st-inner\">\n\t\t\t\t\t<h5 class=\"mkdf-st-subtitle\" >\n\t\t\t\tWilgotny las + Normalna wycieczka do jaski\u0144\t\t\t<\/h5>\n\t\t\t\t\t\t\t<h3 class=\"mkdf-st-title\" >\n\t\t\t\tPark Narodowy Los Haitises \u2013 z Sabana de la Mar + piesze wycieczki 2 godziny\t\t\t<\/h3>\n\t\t\t\t\t<\/div>\n<\/div><\/div><\/div><\/div><\/div><div class=\"vc_row wpb_row vc_row-fluid\" ><div class=\"wpb_column vc_column_container vc_col-sm-12\"><div class=\"vc_column-inner\"><div class=\"wpb_wrapper\">\n\t<div class=\"wpb_text_column wpb_content_element\" >\n\t\t<div class=\"wpb_wrapper\">\n\t\t\t<h4><b><i><span style=\"vertical-align: inherit;\"><span style=\"vertical-align: inherit;\">Wizja generalna <\/span><\/span><\/i><\/b><\/h4>\n<p>Ciesz si\u0119 w\u0119dr\u00f3wk\u0105 przez dwie godziny przez las Parku Narodowego Haitises. Dowiedz si\u0119 wi\u0119cej o ro\u015blinach leczniczych i odwied\u017a lokalne miejsca. Po wizycie <strong>Park Narodowy Los Haitises<\/strong> od <strong>Sabana de la Mar<\/strong> Lub <strong>Hotele Ca\u00f1o Hondo<\/strong> z mieszka\u0144cami.<\/p>\n<p>Po wycieczce \u0142odzi\u0105 zrobimy w\u0119dr\u00f3wk\u0119. Prywatna normalna wycieczka do Parku Narodowego Los Haitises. Przyjed\u017a z nami i odwied\u017a najpi\u0119kniejszy park narodowy Republiki Dominikany, odwiedzaj\u0105c lasy namorzynowe, 3 jaskinie i zatok\u0119 San Lorenzo. To do\u015bwiadczenie mo\u017ce rozpocz\u0105\u0107 si\u0119 od spo\u0142eczno\u015bci Sabana de la Mar, kt\u00f3ra pozna histori\u0119 Sabana de la Mar.<\/p>\n<ul>\n<li>W\u0119dr\u00f3wka 2 godziny po lesie<\/li>\n<li>Sabana de la Mar Historia<\/li>\n<li style=\"font-weight: 400;\">Op\u0142aty wliczone<\/li>\n<li style=\"font-weight: 400;\"><span style=\"font-weight: 400;\">Przewodnik zapewnia instrukcje i nadz\u00f3r<\/span><\/li>\n<li>Lunch nie jest wliczony w cen\u0119 lunchu w Cano Hondo Wybierz t\u0119 wycieczk\u0119: <a href=\"https:\/\/www.boattoursamana.com\/pl\/wycieczka-2\/los-haitises-park-narodowy-lunch-w-cano-hondo-z-sabana-de-la-mar-2\/\">Los Haitises Plus Cano Hondo.<\/a><\/li>\n<\/ul>\n<p>&nbsp;<\/p>\n<h4><b>W\u0142\u0105czenia i wykluczenia<\/b><\/h4>\n<p>&nbsp;<\/p>\n<p><b>Inkluzje<\/b><\/p>\n<ol>\n<li style=\"font-weight: 400;\">Los Haitises Tour + jaskinie i piktogramy<\/li>\n<li style=\"font-weight: 400;\"><span style=\"font-weight: 400;\">Wszystkie podatki, op\u0142aty i op\u0142aty manipulacyjne<\/span><\/li>\n<li style=\"font-weight: 400;\"><span style=\"font-weight: 400;\">Lokalne podatki<\/span><\/li>\n<li style=\"font-weight: 400;\"><span style=\"font-weight: 400;\">Wszystkie aktywno\u015bci<\/span><\/li>\n<li style=\"font-weight: 400;\"><span style=\"font-weight: 400;\">Lokalny przewodnik<\/span><\/li>\n<\/ol>\n<p><b> Wykluczenia<\/b><\/p>\n<ol>\n<li style=\"font-weight: 400;\"><span style=\"font-weight: 400;\">Napiwki<\/span><\/li>\n<li>Lunch nie jest wliczony w cen\u0119 lunchu w Cano Hondo Wybierz t\u0119 wycieczk\u0119: <a href=\"https:\/\/www.boattoursamana.com\/pl\/wycieczka-2\/los-haitises-park-narodowy-lunch-w-cano-hondo-z-sabana-de-la-mar-2\/\">Los Haitises Plus Cano Hondo.<\/a><\/li>\n<li style=\"font-weight: 400;\"><span style=\"font-weight: 400;\">Przenosi\u0107<\/span><\/li>\n<li style=\"font-weight: 400;\"><span style=\"font-weight: 400;\">Napoje alkoholowe<\/span><\/li>\n<\/ol>\n<p>&nbsp;<\/p>\n<h4><em><strong>Wyjazd i powr\u00f3t<\/strong><\/em><\/h4>\n<p><span style=\"font-weight: 400;\">Po dokonaniu rezerwacji podr\u00f3\u017cny otrzyma miejsce zbi\u00f3rki. Wycieczki rozpoczynaj\u0105 si\u0119 i ko\u0144cz\u0105 w naszych punktach spotka\u0144.<\/span><\/p>\n<p>&nbsp;<\/p>\n<h4><b><i>Czego oczekiwa\u0107?<\/i><\/b><\/h4>\n<p>&nbsp;<\/p>\n<p><em><strong>Zdob\u0105d\u017a swoje bilety<\/strong><\/em> na zwiedzanie Parku Narodowego Los Haitises z jaskiniami, lasami namorzynowymi i zatok\u0105 San Lorenzo po dwugodzinnej w\u0119dr\u00f3wce przez wilgotny las Parku Narodowego Los Haitises.<\/p>\n<p><strong>Park Narodowy Los Haitises<\/strong> od <strong>Sabana de la Mar<\/strong> Lub <strong>Hotele Ca\u00d1o Hondo<\/strong> z mieszka\u0144cami. Wycieczka rozpoczyna si\u0119 w g\u0142\u00f3wnym porcie Parku Narodowego Haitises. Ta wycieczka rozpoczyna si\u0119 o 10:00 z lokalnym przewodnikiem, kt\u00f3ry zna oryginaln\u0105 histori\u0119 wspania\u0142ego Parku Narodowego.<\/p>\n<p>Nast\u0119pnie wyruszamy z g\u0142\u00f3wnego portu Parku Narodowego Los Haitises o nazwie Ca\u00f1o Hondo (Deep Creek) na \u0141ODZI z kamizelkami ratunkowymi. B\u0119dziemy cieszy\u0107 si\u0119 lasem czerwonych namorzyn\u00f3w a\u017c do przybycia do zatoki San Lorenzo. Ma\u0142a zatoka do zatoki Saman\u00e1. I zaczynamy! Pierwsz\u0105 niesamowit\u0105 rzecz\u0105, kt\u00f3r\u0105 mo\u017cna zobaczy\u0107, jest ogromna kolekcja wapieni na g\u00f3rskiej wyspie o nazwie Mogotes. do tego ponad 700 gatunk\u00f3w ro\u015blin i wiele lataj\u0105cych ptak\u00f3w wodno-b\u0142otnych. P\u00f3\u017aniej zwiedzanie jaski\u0144 z piktogramami naszych rdzennych spo\u0142eczno\u015bci sprzed 750 lat.<\/p>\n<p>Przez lasy namorzynowe i l\u0105d w otwartej zatoce San Lorenzo, sk\u0105d mo\u017cna sfotografowa\u0107 surowy krajobraz le\u015bny. Sp\u00f3jrz na wod\u0119, aby znale\u017a\u0107 <em><strong>Manaty<\/strong><\/em>, skorupiaki i <em><strong>delfiny.<\/strong><\/em><\/p>\n<div class=\"body-description secondary\">\n<p>Nazwa parku narodowego pochodzi od jego pierwotnych mieszka\u0144c\u00f3w, Indian Taino. W ich j\u0119zyku \u201eHaitises\u201d oznacza wy\u017cyny lub wzg\u00f3rza, co jest odniesieniem do stromych formacji geologicznych wybrze\u017ca z wapieniami. Zanurz si\u0119 g\u0142\u0119biej w park, aby odkry\u0107 jaskinie, takie jak <em><strong>Cueva de la Arena<\/strong><\/em> oraz <strong><em>Cueva de la Linea.<\/em><\/strong> Jaskinie w rezerwacie by\u0142y wykorzystywane jako schronienie przez Indian Taino, a p\u00f3\u017aniej przez ukrywaj\u0105cych si\u0119 pirat\u00f3w. Poszukaj rysunk\u00f3w Indian, kt\u00f3re zdobi\u0105 niekt\u00f3re \u015bciany. Po zwiedzeniu Parku Narodowego Los Haitises udamy si\u0119 do Wilgotnego lasu na 2-godzinn\u0105 w\u0119dr\u00f3wk\u0119 i powr\u00f3t do miejsca, w kt\u00f3rym rozpocz\u0119li\u015bmy nasz\u0105 wypraw\u0119.<\/p>\n<\/div>\n<p>&nbsp;<\/p>\n<h4><em><strong>Co powiniene\u015b ze sob\u0105 zabra\u0107?<\/strong><\/em><\/h4>\n<ul>\n<li style=\"font-weight: 400;\"><span style=\"font-weight: 400;\">Kamera<\/span><\/li>\n<li style=\"font-weight: 400;\"><span style=\"font-weight: 400;\">Odstraszaj\u0105ce p\u0105ki<\/span><\/li>\n<li style=\"font-weight: 400;\"><span style=\"font-weight: 400;\">krem do opalania<\/span><\/li>\n<li style=\"font-weight: 400;\"><span style=\"font-weight: 400;\">Kapelusz<\/span><\/li>\n<li style=\"font-weight: 400;\"><span style=\"font-weight: 400;\">Wygodne spodnie<\/span><\/li>\n<li style=\"font-weight: 400;\"><span style=\"font-weight: 400;\">Buty turystyczne do lasu<\/span><\/li>\n<li style=\"font-weight: 400;\"><span style=\"font-weight: 400;\">Sanda\u0142y na wiosenne tereny.<\/span><\/li>\n<li style=\"font-weight: 400;\"><span style=\"font-weight: 400;\">Kostium k\u0105pielowy<\/span><\/li>\n<\/ul>\n<p>&nbsp;<\/p>\n<h4><b><i>Odbi\u00f3r z hotelu <\/i><\/b><\/h4>\n<p><span style=\"font-weight: 400;\">Odbi\u00f3r z hotelu jest oferowany, je\u015bli jeste\u015b w \u015brodku <a href=\"https:\/\/www.boattoursamana.com\/pl\/wycieczka-2\/los-haitises-park-narodowy-lunch-w-cano-hondo-z-sabana-de-la-mar-2\/\">Paraiso Cano Hondo<\/a> Lub <a href=\"https:\/\/www.boattoursamana.com\/pl\/wycieczka-2\/los-haitises-park-narodowy-lunch-w-cano-hondo-z-sabana-de-la-mar-2\/\">Hotel Altos Cano Hondo<\/a>. Nasze miejsce zbi\u00f3rki znajduje si\u0119 5 minut pieszej w\u0119dr\u00f3wki od tych hoteli.<\/span><\/p>\n<p>&nbsp;<\/p>\n<p><b>Uwaga:<\/b><span style=\"font-weight: 400;\"> je\u015bli rezerwujesz w ci\u0105gu 24 godzin przed godzin\u0105 rozpocz\u0119cia wycieczki\/wycieczki, mo\u017cemy zorganizowa\u0107 odbi\u00f3r z hotelu za dodatkow\u0105 op\u0142at\u0105, je\u015bli nie jeste\u015b w hotelach Cano Hondo. Po sfinalizowaniu zakupu wy\u015blemy Ci pe\u0142ne dane kontaktowe (numer telefonu, adres e-mail itp.) do naszego lokalnego przewodnika w celu zorganizowania odbioru.<\/span><\/p>\n<h4><b><i>Dodatkowe potwierdzenie informacji <\/i><\/b><\/h4>\n<ol>\n<li>Bilety s\u0105 paragonem po op\u0142aceniu tej wycieczki. Mo\u017cesz pokaza\u0107 p\u0142atno\u015b\u0107 na swoim telefonie.<\/li>\n<li style=\"font-weight: 400;\"><span style=\"font-weight: 400;\">Miejsce spotkania zostanie odebrane po zako\u0144czeniu procesu rezerwacji.<\/span><\/li>\n<li style=\"font-weight: 400;\"><span style=\"font-weight: 400;\">Dzieciom musi towarzyszy\u0107 osoba doros\u0142a.<\/span><\/li>\n<li style=\"font-weight: 400;\"><span style=\"font-weight: 400;\"> Niedost\u0119pny dla w\u00f3zk\u00f3w inwalidzkich <\/span><\/li>\n<li style=\"font-weight: 400;\"><span style=\"font-weight: 400;\">Niemowl\u0119ta musz\u0105 siedzie\u0107 na kolanach <\/span><\/li>\n<li style=\"font-weight: 400;\"><span style=\"font-weight: 400;\">Niezalecane dla podr\u00f3\u017cnych z problemami z plecami<\/span><\/li>\n<li style=\"font-weight: 400;\"><span style=\"font-weight: 400;\">Nie zalecane dla podr\u00f3\u017cuj\u0105cych w ci\u0105\u017cy <\/span><\/li>\n<li style=\"font-weight: 400;\"><span style=\"font-weight: 400;\"> \u017badnych problem\u00f3w z sercem ani innych powa\u017cnych schorze\u0144 <\/span><\/li>\n<li style=\"font-weight: 400;\"><span style=\"font-weight: 400;\">Wi\u0119kszo\u015b\u0107 podr\u00f3\u017cnych mo\u017ce wzi\u0105\u0107 udzia\u0142<\/span><\/li>\n<\/ol>\n<h4><b><i>Zasady anulowania<\/i><\/b><\/h4>\n<p>Aby uzyska\u0107 pe\u0142ny zwrot pieni\u0119dzy, przeczytaj nasze Zasady anulowania rezerwacji\u00a0<a href=\"https:\/\/www.boattoursamana.com\/pl\/rezerwacja-online\/\" target=\"_blank\" rel=\"noopener\" data-saferedirecturl=\"https:\/\/www.google.com\/url?q=https:\/\/www.boattoursamana.com\/online-booking\/&amp;source=gmail&amp;ust=1672529771100000&amp;usg=AOvVaw2NIGJBZ0qjB5RhPUl5Obc7\">Kliknij tutaj<\/a>. \u015arodki zostan\u0105 utracone, je\u015bli rezerwacja zostanie anulowana tego samego dnia wycieczki.<\/p>\n\n\t\t<\/div>\n\t<\/div>\n<div class=\"vc_btn3-container vc_btn3-inline\" ><button class=\"vc_general vc_btn3 vc_btn3-size-md vc_btn3-shape-rounded vc_btn3-style-modern vc_btn3-color-green\">REZERWUJ TERAZ<\/button><\/div><\/div><\/div><\/div><\/div><div class=\"vc_row wpb_row vc_row-fluid\" ><div class=\"wpb_column vc_column_container vc_col-sm-12\"><div class=\"vc_column-inner\"><div class=\"wpb_wrapper\"><div class=\"vc_empty_space\"   style=\"height: 32px\"><span class=\"vc_empty_space_inner\"><\/span><\/div>\n\t<div class=\"wpb_video_widget wpb_content_element vc_clearfix   vc_video-aspect-ratio-169 vc_video-el-width-100 vc_video-align-left\" >\n\t\t<div class=\"wpb_wrapper\">\n\t\t\t\n\t\t\t<div class=\"wpb_video_wrapper\"><iframe loading=\"lazy\" title=\"Park Narodowy Los Haitises, wycieczki i wycieczki z Samany lub Sabana de la Mar. Zarezerwuj tutaj:\" src=\"https:\/\/player.vimeo.com\/video\/346508015?dnt=1&amp;app_id=122963\" width=\"1100\" height=\"619\" frameborder=\"0\" allow=\"autoplay; fullscreen\" allowfullscreen><\/iframe><\/div>\n\t\t<\/div>\n\t<\/div>\n<\/div><\/div><\/div><\/div><div class=\"vc_row wpb_row vc_row-fluid\" ><div class=\"wpb_column vc_column_container vc_col-sm-12\"><div class=\"vc_column-inner\"><div class=\"wpb_wrapper\"><div class=\"vc_empty_space\"   style=\"height: 32px\"><span class=\"vc_empty_space_inner\"><\/span><\/div>\n\t<div class=\"wpb_text_column wpb_content_element\" >\n\t\t<div class=\"wpb_wrapper\">\n\t\t\t<h4>Skontaktuj si\u0119 z nami?<\/h4>\n<h5>rezerwacja przyg\u00f3d<\/h5>\n<p><em><strong>Miejscowi<\/strong>\u00a0oraz\u00a0<strong>Rodacy<\/strong>\u00a0Przewodnicy turystyczni i us\u0142ugi dla go\u015bci<\/em><\/p>\n<p><span class=\"text-turquoise\">Rezerwacje:<\/span>\u00a0Wycieczki i wycieczki w Dom. Reprezentant.<\/p>\n<p><img decoding=\"async\" class=\"emoji\" draggable=\"false\" src=\"https:\/\/s.w.org\/images\/core\/emoji\/11.2.0\/svg\/1f4de.svg\" alt=\"\ud83d\udcde\" title=\"\">\u00a0Tel \/ Whatsapp\u00a0\u00a0<a href=\"tel:+1-809-720-6035\">+1-809-720-6035<\/a>.<\/p>\n<p><img decoding=\"async\" class=\"emoji\" draggable=\"false\" src=\"https:\/\/s.w.org\/images\/core\/emoji\/11.2.0\/svg\/1f4e9.svg\" alt=\"\ud83d\udce9\" title=\"\">\u00a0<a href=\"mailto:info@bookingadventures.com.do\">info@bookingadventures.com.do<\/a><\/p>\n<p><strong>Jeste\u015bmy elastyczni w ustalaniu prywatnych wycieczek przez Whatsapp:\u00a0<a href=\"tel:+18097206035\">+18097206035.<\/a><\/strong><\/p>\n\n\t\t<\/div>\n\t<\/div>\n<div class=\"vc_empty_space\"   style=\"height: 32px\"><span class=\"vc_empty_space_inner\"><\/span><\/div><\/div><\/div><\/div><\/div><div class=\"vc_row wpb_row vc_row-fluid\" ><div class=\"wpb_column vc_column_container vc_col-sm-12\"><div class=\"vc_column-inner\"><div class=\"wpb_wrapper\"><div class=\"vc_btn3-container vc_btn3-inline\" ><button class=\"vc_general vc_btn3 vc_btn3-size-md vc_btn3-shape-rounded vc_btn3-style-modern vc_btn3-color-green\">REZERWUJ TERAZ<\/button><\/div><\/div><\/div><\/div><\/div>","protected":false},"excerpt":{"rendered":"<p><span style=\"vertical-align: inherit;\"><span style=\"vertical-align: inherit;\">\u00a1Y aqu\u00ed vamos! <\/span><span style=\"vertical-align: inherit;\">Lo primero que puedes ver es la enorme colecci\u00f3n de isla monta\u00f1osa de piedra caliza llamada Mogotes. <\/span><span style=\"vertical-align: inherit;\">encima de ellos m\u00e1s de 700 especies de plantas y muchas aves de los humedales que vuelan alrededor. <\/span><span style=\"vertical-align: inherit;\">Posteriormente Visitando Cuevas con pictograf\u00edas de nuestras comunidades ind\u00edgenas hace 750 a\u00f1os.<\/span><\/span><\/p>\n<p><span style=\"vertical-align: inherit;\"><span style=\"vertical-align: inherit;\">Adem\u00e1s, este viaje muestra que son los lugares m\u00e1s valides para visitar en el Parque Nacional Haitises. <\/span><span style=\"vertical-align: inherit;\">Las dos cuevas m\u00e1s visitadas son Line Cave i Sand Cave. <\/span><span style=\"vertical-align: inherit;\">Luego de unas horas visitando este hermoso Parque Nacional con rumbo al bosque h\u00famedo del Parque Nacional Los Haitises, luego de 2 horas de caminata, regresamos al lugar desde donde comenzamos nuestra excursi\u00f3n. <\/span><span style=\"vertical-align: inherit;\">Obtenga sus boletos aqu\u00ed y mu\u00e9vase con los lugare\u00f1os que conocen la historia del Parque Nacional Haitises.<\/span><\/span><\/p>\n<p>&nbsp;<\/p>\n<p><strong><span style=\"vertical-align: inherit;\"><span style=\"vertical-align: inherit;\">Selectione la fecha para el tour\u00a0<\/span><\/span><\/strong><\/p>","protected":false},"featured_media":8192,"template":"","meta":[],"product_cat":[254,946,928,927,255],"product_tag":[584,172,176,174,173,180,571,177,171,580,603,320,499,212,175,181],"class_list":["post-8858","product","type-product","status-publish","has-post-thumbnail","hentry","product_cat-tours-excursions-los-haitises-national-park","product_cat-1-sabana-de-la-mar","product_cat-boat-trip-los-haitises","product_cat-hiking-los-haitises","product_cat-tours-excursions-samana-bay-dominican-republic","product_tag-birding-in-los-haitises","product_tag-boat-tour","product_tag-cano-hondo","product_tag-eco-tours","product_tag-excursion","product_tag-hiking","product_tag-hiking-los-haitises","product_tag-locals-guides","product_tag-los-haitises","product_tag-los-haitises-excursions","product_tag-los-haitises-from-samana","product_tag-los-haitises-national-park-tour","product_tag-los-haitises-sabana-de-la-mar","product_tag-mangroves-los-haitises","product_tag-sabana-de-la-mar","product_tag-trails"],"_links":{"self":[{"href":"https:\/\/www.boattoursamana.com\/pl\/wp-json\/wp\/v2\/product\/8858","targetHints":{"allow":["GET"]}}],"collection":[{"href":"https:\/\/www.boattoursamana.com\/pl\/wp-json\/wp\/v2\/product"}],"about":[{"href":"https:\/\/www.boattoursamana.com\/pl\/wp-json\/wp\/v2\/types\/product"}],"wp:featuredmedia":[{"embeddable":true,"href":"https:\/\/www.boattoursamana.com\/pl\/wp-json\/wp\/v2\/media\/8192"}],"wp:attachment":[{"href":"https:\/\/www.boattoursamana.com\/pl\/wp-json\/wp\/v2\/media?parent=8858"}],"wp:term":[{"taxonomy":"product_cat","embeddable":true,"href":"https:\/\/www.boattoursamana.com\/pl\/wp-json\/wp\/v2\/product_cat?post=8858"},{"taxonomy":"product_tag","embeddable":true,"href":"https:\/\/www.boattoursamana.com\/pl\/wp-json\/wp\/v2\/product_tag?post=8858"}],"curies":[{"name":"wp","href":"https:\/\/api.w.org\/{rel}","templated":true}]}}