{"id":9348,"date":"2017-09-05T15:29:26","date_gmt":"2017-09-05T15:29:26","guid":{"rendered":"https:\/\/www.ticketswhales.com\/?post_type=product&#038;p=9348"},"modified":"2023-08-16T22:00:06","modified_gmt":"2023-08-16T22:00:06","slug":"atv-samana-adventures-atv-tours-excursions-in-samana-dominican-republic-atv-el-valle-beach-waterfalls","status":"publish","type":"product","link":"https:\/\/www.boattoursamana.com\/pl\/wycieczka-2\/atv-samana-adventures-atv-tours-wycieczki-w-samana-dominikana-republika-atv-el-valle-plaza-wodospady-2","title":{"rendered":"ATV Saman\u00e1 Adventures \u2013 Wycieczki ATV i wycieczki w Saman\u00e1 Dominikana. ATV + pla\u017ca El Valle i wodospady"},"content":{"rendered":"<div class=\"vc_row wpb_row vc_row-fluid\" ><div class=\"wpb_column vc_column_container vc_col-sm-12\"><div class=\"vc_column-inner\"><div class=\"wpb_wrapper\"><div class=\"mkdf-section-title-holder\" style=\"text-align: left\">\n\t<div class=\"mkdf-st-inner\">\n\t\t\t\t\t<h5 class=\"mkdf-st-subtitle\" >\n\t\t\t\tLunch wliczony w cen\u0119 na pla\u017cy\t\t\t<\/h5>\n\t\t\t\t\t\t\t<h3 class=\"mkdf-st-title\" >\n\t\t\t\tATV Samana Adventures - Wycieczki ATV i wycieczki w Samana, Dominikana. ATV + pla\u017ca El Valle i wodospady\t\t\t<\/h3>\n\t\t\t\t\t<\/div>\n<\/div><\/div><\/div><\/div><\/div><div class=\"vc_row wpb_row vc_row-fluid\" ><div class=\"wpb_column vc_column_container vc_col-sm-12\"><div class=\"vc_column-inner\"><div class=\"wpb_wrapper\"><div class=\"vc_btn3-container vc_btn3-inline\" ><button class=\"vc_general vc_btn3 vc_btn3-size-md vc_btn3-shape-rounded vc_btn3-style-modern vc_btn3-color-green\">REZERWUJ TERAZ<\/button><\/div>\n\t<div class=\"wpb_text_column wpb_content_element\" >\n\t\t<div class=\"wpb_wrapper\">\n\t\t\t<h3 class=\"ui_header h1 attractions-product-info-ProductTitle__title--1qM0o\"><\/h3>\n<h4><b><i>Przegl\u0105d <\/i><\/b><\/h4>\n<p>Zdob\u0105d\u017a bilety na p\u00f3\u0142dniow\u0105 wycieczk\u0119 w Samanie na wycieczki ATV. <span style=\"font-family: Arial, Helvetica, sans-serif;\"><span style=\"color: #4b291d;\">\u00a0T<\/span>Wycieczka rozpocznie si\u0119 w naszym biurze w pobli\u017cu g\u0142\u00f3wnego doku Samana. po 30 minutach jazdy odwiedzimy ekologiczny domek na drzewie w drodze do wodospad\u00f3w. Po w\u0119dr\u00f3wce do wodospad\u00f3w oko\u0142o 10 min. <\/span><\/p>\n<p><span style=\"font-family: Arial, Helvetica, sans-serif;\">Zjemy lunch na pla\u017cy El Valle. Po 4,5 godzinach zaj\u0119\u0107 wracamy do miejsca zbi\u00f3rki w Samanie.\u00a0<\/span><\/p>\n<p>&nbsp;<\/p>\n<h4><b>W\u0142\u0105czenia i wykluczenia<\/b><\/h4>\n<p>&nbsp;<\/p>\n<p><b>Inkluzje<\/b><\/p>\n<ol>\n<li style=\"font-weight: 400;\">ATV 2 osoby w jednym.<\/li>\n<li>Obiad na pla\u017cy<\/li>\n<li style=\"font-weight: 400;\"><span style=\"font-weight: 400;\">Wszystkie podatki, op\u0142aty i op\u0142aty manipulacyjne<\/span><\/li>\n<li style=\"font-weight: 400;\"><span style=\"font-weight: 400;\">Lokalne podatki<\/span><\/li>\n<li style=\"font-weight: 400;\"><span style=\"font-weight: 400;\">Napoje<\/span><\/li>\n<li>przek\u0105ski<\/li>\n<li>Wizyta w wodospadach<\/li>\n<li>Pla\u017ca El Valle<\/li>\n<li>Wizyta w domku na drzewie<\/li>\n<li style=\"font-weight: 400;\"><span style=\"font-weight: 400;\">Wszystkie aktywno\u015bci<\/span><\/li>\n<li style=\"font-weight: 400;\"><span style=\"font-weight: 400;\">Lokalny przewodnik<\/span><\/li>\n<\/ol>\n<p><b> Wykluczenia<\/b><\/p>\n<ol>\n<li style=\"font-weight: 400;\"><span style=\"font-weight: 400;\">Napiwki<\/span><\/li>\n<li>transport z hoteli (ustalony poprzez kontakt z nami).<\/li>\n<li style=\"font-weight: 400;\"><span style=\"font-weight: 400;\">Napoje alkoholowe<\/span><\/li>\n<\/ol>\n<p>&nbsp;<\/p>\n<h4><em><strong>Wyjazd i powr\u00f3t<\/strong><\/em><\/h4>\n<p><span style=\"font-weight: 400;\">Po dokonaniu rezerwacji podr\u00f3\u017cny otrzyma miejsce zbi\u00f3rki. Wycieczki rozpoczynaj\u0105 si\u0119 i ko\u0144cz\u0105 w miejscach spotka\u0144.<\/span><\/p>\n<h4><\/h4>\n<h3 class=\"ui_header h1 attractions-product-info-ProductTitle__title--1qM0o\">ATV Samana Adventures \u2013 Wycieczki ATV i wycieczki w Samana Dominikana. ATV + pla\u017ca El Valle i wodospady.<\/h3>\n<h4><b><i>Czego oczekiwa\u0107?<\/i><\/b><\/h4>\n<div data-tab=\"TABS_WHAT_TO_EXPECT\">\n<div class=\"ui_card attractions-card-CollapsibleProductDetailsCard__cardContainer--3r2wk attractions-card-CollapsibleProductDetailsCard__cleanslateOverrideDT--2AJh0\">\n<div class=\"attractions-card-CollapsibleCard__header--IDA3r\">\n<div class=\"attractions-card-CollapsibleCard__headerSection--3gTKb\"><\/div>\n<\/div>\n<div class=\"attractions-card-CollapsibleCard__content--2Ws8q\">\n<div class=\"attractions-card-CollapsibleCard__contentWrap--374jk attractions-card-CollapsibleCard__titleUnderline--1uHze\">\n<div class=\"attractions-card-CollapsibleProductDetailsCard__cardContent--23ext\">\n<div class=\"common-text-ReadMore__readMore--3Iu8c common-text-ReadMore__variantFadeOut--1tInd\">\n<div class=\"common-text-ReadMore__content--2X4LR\">\n<div class=\"ui_columns is-desktop\">\n<div class=\"ui_column\">Pierwsze kroki z quadem. Wi\u0119c przygotuj si\u0119 na wypraw\u0119 na prze\u0142aj i obejrzenie P\u00f3\u0142wyspu Saman\u00e1 z bliska. Pojedziesz swoim pojazdem ATV przez trudny teren i odwiedzimy dominika\u0144sk\u0105 rodzin\u0119, gdzie zrobimy szybki post\u00f3j, aby zrobi\u0107 kilka zdj\u0119\u0107 ekologicznego domku na drzewie, wypi\u0107 dobr\u0105 dominika\u0144sk\u0105 kaw\u0119 i delektowa\u0107 si\u0119 pyszn\u0105 naturaln\u0105 czekolad\u0105.<\/div>\n<div class=\"ui_column\">Po przej\u015bciu przez ma\u0142\u0105 wiosk\u0119, gdzie mo\u017cna cieszy\u0107 si\u0119 ciep\u0142em rdzennych mieszka\u0144c\u00f3w Dominikany, w drodze do wodospad\u00f3w LULU, W\u0119dr\u00f3wka do wodospad\u00f3w 10 min i poznawanie las\u00f3w Dominikany w jednym z najbardziej egzotycznych miejsc w region.<\/div>\n<div><\/div>\n<div class=\"ui_column\">Wracaj\u0105c do naszego ATV w celu odwiedzenia jednej z najpi\u0119kniejszych pla\u017c wok\u00f3\u0142 Samany. Pla\u017ca El Valle! Gdzie zatrzymamy si\u0119 na oko\u0142o 1 godzin\u0119 i 15 minut, aby cieszy\u0107 si\u0119 magicznym bia\u0142ym piaskiem i krystalicznie czystymi turkusowymi wodami pla\u017cy Playa El Valle. Mo\u017cesz tam odpocz\u0105\u0107, napi\u0107 si\u0119, pop\u0142ywa\u0107, zwiedza\u0107 lub po prostu wylegiwa\u0107 si\u0119 na s\u0142o\u0144cu, je\u015bli chcesz. Bufet b\u0119dzie gotowy z typowymi dominika\u0144skimi posi\u0142kami, a je\u015bli jeste\u015b weganinem, daj nam zna\u0107. Mamy jedzenie dla ka\u017cdego!<\/div>\n<\/div>\n<div>Po 4,5 godzinach wracamy do miasteczka Samana.<\/div>\n<div class=\"ui_columns is-desktop\">\n<div class=\"ui_column\"><\/div>\n<\/div>\n<\/div>\n<\/div>\n<\/div>\n<\/div>\n<\/div>\n<\/div>\n<\/div>\n<h4><em><strong>Co powiniene\u015b ze sob\u0105 zabra\u0107?<\/strong><\/em><\/h4>\n<ul>\n<li style=\"font-weight: 400;\"><span style=\"font-weight: 400;\">Kamera<\/span><\/li>\n<li style=\"font-weight: 400;\"><span style=\"font-weight: 400;\">Odstraszaj\u0105ce p\u0105ki<\/span><\/li>\n<li style=\"font-weight: 400;\"><span style=\"font-weight: 400;\">Krem do opalania<\/span><\/li>\n<li style=\"font-weight: 400;\"><span style=\"font-weight: 400;\">Kapelusz<\/span><\/li>\n<li style=\"font-weight: 400;\"><span style=\"font-weight: 400;\">Wygodne spodnie<\/span><\/li>\n<li style=\"font-weight: 400;\"><span style=\"font-weight: 400;\">Buty turystyczne do lasu<\/span><\/li>\n<li style=\"font-weight: 400;\"><span style=\"font-weight: 400;\">Sanda\u0142y na wiosenne tereny.<\/span><\/li>\n<li style=\"font-weight: 400;\"><span style=\"font-weight: 400;\">Kostium k\u0105pielowy<\/span><\/li>\n<\/ul>\n<p>&nbsp;<\/p>\n<h4><b><i>Odbi\u00f3r z hotelu <\/i><\/b><\/h4>\n<p><span style=\"font-weight: 400;\">Odbi\u00f3r z hotelu nie jest oferowany podczas tej wycieczki. Ustawiamy Odbi\u00f3r kontaktuj\u0105c si\u0119 z nami przez Whatsapp.<\/span><\/p>\n<p>&nbsp;<\/p>\n<p><b>Uwaga:<\/b><span style=\"font-weight: 400;\"> Je\u015bli rezerwujesz w ci\u0105gu 24 godzin od godziny rozpocz\u0119cia wycieczki\/wycieczki, mo\u017cemy zorganizowa\u0107 odbi\u00f3r z hotelu za dodatkow\u0105 op\u0142at\u0105. Po sfinalizowaniu zakupu wy\u015blemy Ci pe\u0142ne dane kontaktowe (numer telefonu, adres e-mail itp.) do naszego lokalnego przewodnika w celu zorganizowania odbioru.<\/span><\/p>\n<h4><b><i>Dodatkowe potwierdzenie informacji <\/i><\/b><\/h4>\n<ol>\n<li>Bilety s\u0105 paragonem po op\u0142aceniu tej wycieczki. Mo\u017cesz pokaza\u0107 p\u0142atno\u015b\u0107 na swoim telefonie.<\/li>\n<li style=\"font-weight: 400;\"><span style=\"font-weight: 400;\">Miejsce spotkania zostanie odebrane po zako\u0144czeniu procesu rezerwacji.<\/span><\/li>\n<li style=\"font-weight: 400;\"><span style=\"font-weight: 400;\">Dzieciom musi towarzyszy\u0107 osoba doros\u0142a.<\/span><\/li>\n<li style=\"font-weight: 400;\"><span style=\"font-weight: 400;\"> Niedost\u0119pny dla w\u00f3zk\u00f3w inwalidzkich <\/span><\/li>\n<li style=\"font-weight: 400;\"><span style=\"font-weight: 400;\">Niemowl\u0119ta musz\u0105 siedzie\u0107 na kolanach <\/span><\/li>\n<li style=\"font-weight: 400;\"><span style=\"font-weight: 400;\">Niezalecane dla podr\u00f3\u017cnych z problemami z plecami<\/span><\/li>\n<li style=\"font-weight: 400;\"><span style=\"font-weight: 400;\">Nie zalecane dla podr\u00f3\u017cuj\u0105cych w ci\u0105\u017cy <\/span><\/li>\n<li style=\"font-weight: 400;\"><span style=\"font-weight: 400;\"> \u017badnych problem\u00f3w z sercem ani innych powa\u017cnych schorze\u0144 <\/span><\/li>\n<li style=\"font-weight: 400;\"><span style=\"font-weight: 400;\">Wi\u0119kszo\u015b\u0107 podr\u00f3\u017cnych mo\u017ce wzi\u0105\u0107 udzia\u0142<\/span><\/li>\n<\/ol>\n<h4><b><i>Zasady anulowania<\/i><\/b><\/h4>\n<p><span style=\"font-weight: 400;\">Aby uzyska\u0107 pe\u0142ny zwrot pieni\u0119dzy, przeczytaj nasze Zasady anulowania rezerwacji\u00a0<a href=\"https:\/\/www.boattoursamana.com\/pl\/rezerwacja-online\/\" target=\"_blank\" rel=\"noopener\" data-saferedirecturl=\"https:\/\/www.google.com\/url?q=https:\/\/www.boattoursamana.com\/online-booking\/&amp;source=gmail&amp;ust=1672449202351000&amp;usg=AOvVaw1yAeVAPktmaVCqDujgUn90\">Kliknij tutaj<\/a>. \u015arodki zostan\u0105 utracone, je\u015bli rezerwacja zostanie anulowana tego samego dnia wycieczki.<\/span><\/p>\n\n\t\t<\/div>\n\t<\/div>\n<\/div><\/div><\/div><\/div><div class=\"vc_row wpb_row vc_row-fluid\" ><div class=\"wpb_column vc_column_container vc_col-sm-12\"><div class=\"vc_column-inner\"><div class=\"wpb_wrapper\">\n\t<div class=\"wpb_video_widget wpb_content_element vc_clearfix   vc_video-aspect-ratio-169 vc_video-el-width-100 vc_video-align-left\" >\n\t\t<div class=\"wpb_wrapper\">\n\t\t\t<h2 class=\"wpb_heading wpb_video_heading\">Samana z Booking Adventures:<\/h2>\n\t\t\t<div class=\"wpb_video_wrapper\"><iframe loading=\"lazy\" title=\"Dominikana Destination Samana Zipline, wycieczki ATV\" width=\"1100\" height=\"619\" src=\"https:\/\/www.youtube.com\/embed\/8Ybh1xtnr2M?feature=oembed\" frameborder=\"0\" allow=\"accelerometer; autoplay; encrypted-media; gyroscope; picture-in-picture\" allowfullscreen><\/iframe><\/div>\n\t\t<\/div>\n\t<\/div>\n<\/div><\/div><\/div><\/div><div class=\"vc_row wpb_row vc_row-fluid\" ><div class=\"wpb_column vc_column_container vc_col-sm-12\"><div class=\"vc_column-inner\"><div class=\"wpb_wrapper\"><div class=\"vc_empty_space\"   style=\"height: 32px\"><span class=\"vc_empty_space_inner\"><\/span><\/div>\n\t<div class=\"wpb_text_column wpb_content_element\" >\n\t\t<div class=\"wpb_wrapper\">\n\t\t\t<h4>Skontaktuj si\u0119 z nami?<\/h4>\n<h5><em><strong>rezerwacja przyg\u00f3d<\/strong><\/em><\/h5>\n<p><em><strong>Miejscowi<\/strong>\u00a0oraz\u00a0<strong>Rodacy<\/strong>\u00a0Przewodnicy turystyczni i us\u0142ugi dla go\u015bci<\/em><\/p>\n<p><span class=\"text-turquoise\">Rezerwacje:<\/span>\u00a0Wycieczki i wycieczki w Dom. Reprezentant.<\/p>\n<p><img decoding=\"async\" class=\"emoji\" draggable=\"false\" src=\"https:\/\/s.w.org\/images\/core\/emoji\/11.2.0\/svg\/1f4de.svg\" alt=\"\ud83d\udcde\" title=\"\">\u00a0Tel \/ Whatsapp\u00a0\u00a0<a href=\"tel:+1-809-720-6035\">+1-809-720-6035<\/a>.<\/p>\n<p><img decoding=\"async\" class=\"emoji\" draggable=\"false\" src=\"https:\/\/s.w.org\/images\/core\/emoji\/11.2.0\/svg\/1f4e9.svg\" alt=\"\ud83d\udce9\" title=\"\">\u00a0<a href=\"mailto:info@bookingadventures.com.do\">info@bookingadventures.com.do<\/a><\/p>\n<p><strong>Jeste\u015bmy elastyczni w ustalaniu prywatnych wycieczek przez Whatsapp:\u00a0<a href=\"tel:+18097206035\">+18097206035.<\/a><\/strong><\/p>\n\n\t\t<\/div>\n\t<\/div>\n<div class=\"vc_empty_space\"   style=\"height: 32px\"><span class=\"vc_empty_space_inner\"><\/span><\/div><\/div><\/div><\/div><\/div><div class=\"vc_row wpb_row vc_row-fluid\" ><div class=\"wpb_column vc_column_container vc_col-sm-12\"><div class=\"vc_column-inner\"><div class=\"wpb_wrapper\"><div class=\"vc_btn3-container vc_btn3-inline\" ><button class=\"vc_general vc_btn3 vc_btn3-size-md vc_btn3-shape-rounded vc_btn3-style-modern vc_btn3-color-green\">REZERWUJ TERAZ<\/button><\/div><\/div><\/div><\/div><\/div>","protected":false},"excerpt":{"rendered":"<div class=\"ui_columns is-desktop\">\n<div class=\"ui_column\">To do\u015bwiadczenie w ATV zaczyna si\u0119 w Samana City Center. Jazda quadem do Wodospad\u00f3w LULU, mijaj\u0105c Tree House Ecolodge a\u017c do El Valle Beach.<\/div>\n<div class=\"ui_column\">Pla\u017ca El Valle! Gdzie zatrzymamy si\u0119 na oko\u0142o 1 godzin\u0119 i 15 minut, aby cieszy\u0107 si\u0119 magicznym bia\u0142ym piaskiem i krystalicznie czystymi turkusowymi wodami pla\u017cy Playa El Valle. Mo\u017cesz tam odpocz\u0105\u0107, napi\u0107 si\u0119, pop\u0142ywa\u0107, zwiedza\u0107 lub po prostu wylegiwa\u0107 si\u0119 na s\u0142o\u0144cu, je\u015bli chcesz. Bufet b\u0119dzie gotowy z typowymi dominika\u0144skimi posi\u0142kami, a je\u015bli jeste\u015b weganinem, daj nam zna\u0107. Mamy jedzenie dla ka\u017cdego!<\/div>\n<div><\/div>\n<\/div>\n<div>Po 4,5 godzinach wracamy do miasteczka Samana.<\/div>\n<p>. W\u0119dr\u00f3wki i p\u0142ywanie ze sprz\u0119tem bezpiecze\u0144stwa, aby mie\u0107 najlepsze wra\u017cenia w historii !!<\/p>\n<p>&nbsp;<\/p>\n<p><strong>Wybierz dat\u0119 zwiedzania:\u00a0<\/strong><\/p>","protected":false},"featured_media":9357,"template":"","meta":[],"product_cat":[159,655,359,361,362,178,363,160,360,253,252],"product_tag":[370,368,366,367,195,371,327,186,369,200,187,372],"class_list":["post-9348","product","type-product","status-publish","has-post-thumbnail","hentry","product_cat-fees-entrace","product_cat-1-samana","product_cat-atv-adventures","product_cat-atv-fourwheels","product_cat-atv-tours-excursions-adventures","product_cat-hiking","product_cat-lulu-waterfalls","product_cat-lunch","product_cat-things-to-do-in-samana-province","product_cat-tours-and-excursions","product_cat-waterfalls","product_tag-atv-samana-excursion","product_tag-atv-tours-excursions-in-samana-dominican-republic","product_tag-atv-fourwheels","product_tag-atv-tours-excursions-adventures","product_tag-el-valle-beach","product_tag-lulu-waterfalls","product_tag-private-tours-samana","product_tag-samana","product_tag-samana-atv","product_tag-samana-excursions","product_tag-samana-tours","product_tag-tree-house-samana"],"_links":{"self":[{"href":"https:\/\/www.boattoursamana.com\/pl\/wp-json\/wp\/v2\/product\/9348","targetHints":{"allow":["GET"]}}],"collection":[{"href":"https:\/\/www.boattoursamana.com\/pl\/wp-json\/wp\/v2\/product"}],"about":[{"href":"https:\/\/www.boattoursamana.com\/pl\/wp-json\/wp\/v2\/types\/product"}],"wp:featuredmedia":[{"embeddable":true,"href":"https:\/\/www.boattoursamana.com\/pl\/wp-json\/wp\/v2\/media\/9357"}],"wp:attachment":[{"href":"https:\/\/www.boattoursamana.com\/pl\/wp-json\/wp\/v2\/media?parent=9348"}],"wp:term":[{"taxonomy":"product_cat","embeddable":true,"href":"https:\/\/www.boattoursamana.com\/pl\/wp-json\/wp\/v2\/product_cat?post=9348"},{"taxonomy":"product_tag","embeddable":true,"href":"https:\/\/www.boattoursamana.com\/pl\/wp-json\/wp\/v2\/product_tag?post=9348"}],"curies":[{"name":"wp","href":"https:\/\/api.w.org\/{rel}","templated":true}]}}