{"id":9453,"date":"2019-09-23T17:16:42","date_gmt":"2019-09-23T17:16:42","guid":{"rendered":"https:\/\/www.ticketswhales.com\/Tours-Excursions\/uncategorized\/import-placeholder-for-977\/"},"modified":"2023-11-10T17:56:25","modified_gmt":"2023-11-10T17:56:25","slug":"day-pass-cano-hondo-natural-pools-lunch-included","status":"publish","type":"product","link":"https:\/\/www.boattoursamana.com\/pl\/wycieczka-2\/karnet-cano-hondo-naturalne-baseny-lunch-w-cenie-2","title":{"rendered":"Karnet dzienny Ca\u00f1o Hondo \u2013 naturalne baseny i lunch w cenie"},"content":{"rendered":"<div class=\"vc_row wpb_row vc_row-fluid\" ><div class=\"wpb_column vc_column_container vc_col-sm-12\"><div class=\"vc_column-inner\"><div class=\"wpb_wrapper\"><div class=\"vc_message_box vc_message_box-standard vc_message_box-rounded vc_color-info\" ><div class=\"vc_message_box-icon\"><i class=\"fas fa-info-circle\"><\/i><\/div><p>Zarezerwuj niskie ceny w pokojach Cano Hondo <a href=\"http:\/\/dominican-republic-hotels.com\/hotel\/cano-hondo-hotel-eco-lodge\/\" rel=\"noopener\">Kliknij tutaj.<\/a><\/p>\n<\/div><div class=\"vc_btn3-container vc_btn3-inline\" ><button class=\"vc_general vc_btn3 vc_btn3-size-md vc_btn3-shape-rounded vc_btn3-style-modern vc_btn3-color-green\">REZERWUJ TERAZ<\/button><\/div>\n\t<div class=\"wpb_text_column wpb_content_element\" >\n\t\t<div class=\"wpb_wrapper\">\n\t\t\t<div class=\"vc_row wpb_row vc_row-fluid\">\n<div class=\"wpb_column vc_column_container vc_col-sm-12\">\n<div class=\"vc_column-inner\">\n<div class=\"wpb_wrapper\">\n<div class=\"wpb_text_column wpb_content_element\">\n<div class=\"wpb_wrapper\">\n<h2 class=\"mkdf-single-product-title\">Karnet dzienny Ca\u00f1o Hondo - naturalne baseny i lunch w cenie<\/h2>\n<h4><b><i>Opis<\/i><\/b><\/h4>\n<p>Bilet jednodniowy Ca\u00f1o Hondo do naszych naturalnych odkrytych basen\u00f3w z lunchem w formie bufetu w cenie. Codziennie od 8:30 do 17:00.<\/p>\n<div class=\"wpb_text_column wpb_content_element\">\n<div class=\"wpb_wrapper\">\n<p>Baseny s\u0105 ca\u0142kowicie biologiczne, nie potrzebuj\u0105 chloru ani chemikali\u00f3w, kt\u00f3re rozwijaj\u0105 swoj\u0105 naturaln\u0105 ekologi\u0119 i zr\u00f3wnowa\u017cony ekosystem dzi\u0119ki zaprojektowaniu i zbudowaniu w okre\u015blony spos\u00f3b. Po osi\u0105gni\u0119ciu r\u00f3wnowagi woda jest naturalnie czysta jak w g\u00f3rskim jeziorze.<\/p>\n<\/div>\n<\/div>\n<div class=\"wpb_text_column wpb_content_element\">\n<div class=\"wpb_wrapper\">\n<p><strong>Ciesz si\u0119 basenami Natural Eco, kt\u00f3re pi\u0119knie wtapiaj\u0105 si\u0119 w spokojny i oryginalny krajobraz Parku Narodowego Los Haitises, Sabana de la Mar. <\/strong><\/p>\n<p style=\"text-align: center;\"><strong>Sp\u0119d\u017a wspania\u0142y dzie\u0144 z rodzin\u0105 lub przyjaci\u00f3\u0142mi.<\/strong><\/p>\n<\/div>\n<\/div>\n<p>&nbsp;<\/p>\n<h3><b>W\u0142\u0105czenie y Wykluczenia<\/b><\/h3>\n<p><b>Inkluzje<\/b><\/p>\n<ol>\n<li>Obiad \u2013 Bufet<\/li>\n<li>Wej\u015bcie do naturalnych basen\u00f3w<\/li>\n<\/ol>\n<p><b>Wy\u0142\u0105czenia (brak w zestawie)<\/b><\/p>\n<ol>\n<li>Transport<\/li>\n<li>Napoje alkoholowe<\/li>\n<\/ol>\n<p>&nbsp;<\/p>\n<h4><em><strong>Dlaczego warto kupi\u0107 bilet?<\/strong><\/em><\/h4>\n<p>Prosimy o wcze\u015bniejsz\u0105 rezerwacj\u0119 w celu ustalenia miejsca w naszej restauracji i przygotowania dla Pa\u0144stwa Bufetu Lunchowego. Po dokonaniu rezerwacji nasi przedstawiciele skontaktuj\u0105 si\u0119 z Pa\u0144stwem, aby udzieli\u0107 szczeg\u00f3\u0142owych informacji \u2013 jak dojecha\u0107 do nas, jakie jest menu Lunch Buffet oraz odpowiedzie\u0107 na wszystkie Pa\u0144stwa pytania.<\/p>\n<p><strong>Uwaga: bezp\u0142atnie dla dzieci poni\u017cej 3 lat. Dzieci w wieku od 4 do 10 lat p\u0142ac\u0105 tylko po\u0142ow\u0119 ceny.<\/strong><\/p>\n<h2 style=\"text-align: center;\"><strong>Baseny z wod\u0105 mineraln\u0105 zaprojektowane i zbudowane z dba\u0142o\u015bci\u0105 o szczeg\u00f3\u0142y i kreatywno\u015bci\u0105.<\/strong><\/h2>\n<p><strong>Czas:<\/strong><\/p>\n<p>8:30 \u2013 17:00<\/p>\n<p>&nbsp;<\/p>\n<h4><em><strong>Co powiniene\u015b ze sob\u0105 zabra\u0107?<\/strong><\/em><\/h4>\n<ul>\n<li>Kamara<\/li>\n<li>\u00a0Odpychaj\u0105cy<\/li>\n<li>krem do opalania<\/li>\n<\/ul>\n<p>&nbsp;<\/p>\n<h4><i>Transport: <\/i><\/h4>\n<p>Transport nie jest wliczony w cen\u0119.<\/p>\n<p><b>Uwaga: Je\u015bli chcesz transfer, skontaktuj si\u0119 z nami.<\/b><\/p>\n<h4><b><i>Zasady anulowania<\/i><\/b><\/h4>\n<p>Aby uzyska\u0107 pe\u0142ny zwrot pieni\u0119dzy, przeczytaj nasze Zasady anulowania w stopce witryny.<\/p>\n<\/div>\n<\/div>\n<\/div>\n<\/div>\n<\/div>\n<\/div>\n<div class=\"vc_row wpb_row vc_row-fluid\">\n<div class=\"wpb_column vc_column_container vc_col-sm-12\">\n<div class=\"vc_column-inner\">\n<div class=\"wpb_wrapper\">\n<div class=\"wpb_text_column wpb_content_element\">\n<div class=\"wpb_wrapper\">\n<p>&nbsp;<\/p>\n<h3 style=\"text-align: center;\">Mo\u017cesz tak\u017ce korzysta\u0107 z licznych zaj\u0119\u0107 i wycieczek z lokalnym przewodnikiem.<\/h3>\n<p><strong>Lista czynno\u015bci:<\/strong><br \/>\nPodszewka na suwak<br \/>\nWspinaczka po \u015bcianach skalnych<br \/>\nJazda konna<br \/>\nW\u0119dr\u00f3wki z przewodnikiem lub samodzielnie w Los Haitises<br \/>\nKajakarstwo w Los Haitises<br \/>\nWycieczki \u0142odzi\u0105 z przewodnikiem do Los Haitises<br \/>\nObserwacja wieloryb\u00f3w (od 15 stycznia do 20 marca)<br \/>\nObserwacja ptak\u00f3w z przewodnikiem<br \/>\nWyspa Cayo Levantado\/Bacardi<br \/>\nDzika przyroda i przyroda<br \/>\nWodospady El Limon, Samana<\/p>\n<p><strong>Aby uzyska\u0107 wi\u0119cej informacji na temat zaj\u0119\u0107 i wycieczek, skontaktuj si\u0119 z nami. R\u00f3wnie\u017c mo\u017cesz <a href=\"http:\/\/haitises.com\/\" rel=\"noopener\">Zarezerwuj tutaj.<\/a><\/strong><\/p>\n<h4><b><i>Zasady anulowania<\/i><\/b><\/h4>\n<p>Aby uzyska\u0107 pe\u0142ny zwrot pieni\u0119dzy, przeczytaj nasze Zasady anulowania rezerwacji\u00a0<a href=\"https:\/\/www.boattoursamana.com\/pl\/rezerwacja-online\/\" target=\"_blank\" rel=\"noopener\" data-saferedirecturl=\"https:\/\/www.google.com\/url?q=https:\/\/www.boattoursamana.com\/online-booking\/&amp;source=gmail&amp;ust=1672449202351000&amp;usg=AOvVaw1yAeVAPktmaVCqDujgUn90\">Kliknij tutaj<\/a>. \u015arodki zostan\u0105 utracone, je\u015bli rezerwacja zostanie anulowana tego samego dnia wycieczki.<\/p>\n<\/div>\n<\/div>\n<\/div>\n<\/div>\n<\/div>\n<\/div>\n\n\t\t<\/div>\n\t<\/div>\n<\/div><\/div><\/div><\/div><div class=\"vc_row wpb_row vc_row-fluid\" ><div class=\"wpb_column vc_column_container vc_col-sm-12\"><div class=\"vc_column-inner\"><div class=\"wpb_wrapper\"><div class=\"vc_btn3-container vc_btn3-inline\" ><button class=\"vc_general vc_btn3 vc_btn3-size-md vc_btn3-shape-rounded vc_btn3-style-modern vc_btn3-color-green\">REZERWUJ TERAZ<\/button><\/div><\/div><\/div><\/div><\/div>","protected":false},"excerpt":{"rendered":"<p>Kup bilet dzienny Naturalne baseny w hotelu Ca\u00f1o Hondo w Parku Narodowym Los Haitises, Sabana de la Mar. Lunch jest wliczony w cen\u0119.<\/p>\n<p>Aby uzyska\u0107 wi\u0119cej informacji, skontaktuj si\u0119 z nami.<\/p>","protected":false},"featured_media":9457,"template":"","meta":[],"product_cat":[946,160,933,15],"product_tag":[425,176,421,422,171,209,426,423,424,175,186,187],"class_list":["post-9453","product","type-product","status-publish","has-post-thumbnail","hentry","product_cat-1-sabana-de-la-mar","product_cat-lunch","product_cat-natural-pools-los-haitises","product_cat-uncategorized","product_tag-altos-cano-hondo","product_tag-cano-hondo","product_tag-cano-hondo-day-pass","product_tag-cano-hondo-sabana-de-la-mar","product_tag-los-haitises","product_tag-los-haitises-national-park","product_tag-los-haitises-tours","product_tag-paraiso-cano-hondo","product_tag-parque-los-haitises","product_tag-sabana-de-la-mar","product_tag-samana","product_tag-samana-tours"],"_links":{"self":[{"href":"https:\/\/www.boattoursamana.com\/pl\/wp-json\/wp\/v2\/product\/9453","targetHints":{"allow":["GET"]}}],"collection":[{"href":"https:\/\/www.boattoursamana.com\/pl\/wp-json\/wp\/v2\/product"}],"about":[{"href":"https:\/\/www.boattoursamana.com\/pl\/wp-json\/wp\/v2\/types\/product"}],"wp:featuredmedia":[{"embeddable":true,"href":"https:\/\/www.boattoursamana.com\/pl\/wp-json\/wp\/v2\/media\/9457"}],"wp:attachment":[{"href":"https:\/\/www.boattoursamana.com\/pl\/wp-json\/wp\/v2\/media?parent=9453"}],"wp:term":[{"taxonomy":"product_cat","embeddable":true,"href":"https:\/\/www.boattoursamana.com\/pl\/wp-json\/wp\/v2\/product_cat?post=9453"},{"taxonomy":"product_tag","embeddable":true,"href":"https:\/\/www.boattoursamana.com\/pl\/wp-json\/wp\/v2\/product_tag?post=9453"}],"curies":[{"name":"wp","href":"https:\/\/api.w.org\/{rel}","templated":true}]}}