{"id":9464,"date":"2019-09-26T08:12:55","date_gmt":"2019-09-26T08:12:55","guid":{"rendered":"https:\/\/www.ticketswhales.com\/?post_type=product&#038;p=9464"},"modified":"2023-11-10T17:40:19","modified_gmt":"2023-11-10T17:40:19","slug":"media-luna-miches-half-moon-natural-pool-half-day-pass-and-snorkeling","status":"publish","type":"product","link":"https:\/\/www.boattoursamana.com\/pl\/wycieczka-2\/media-luna-miches-half-moon-natural-pool-pass-half-day-and-snorkeling-2","title":{"rendered":"Media Luna Miches (Half-Moon) Natural Pool Half \u2013 Day Pass i Snorkeling"},"content":{"rendered":"<div class=\"vc_row wpb_row vc_row-fluid\" ><div class=\"wpb_column vc_column_container vc_col-sm-12\"><div class=\"vc_column-inner\"><div class=\"wpb_wrapper\"><div class=\"mkdf-section-title-holder\" style=\"text-align: left\">\n\t<div class=\"mkdf-st-inner\">\n\t\t\t\t\t<h5 class=\"mkdf-st-subtitle\" >\n\t\t\t\tBilet na p\u00f3\u0142 dnia oraz nurkowanie i p\u0142ywanie w naturalnym basenie\t\t\t<\/h5>\n\t\t\t\t\t\t\t<h3 class=\"mkdf-st-title\" >\n\t\t\t\tMedia Luna Miches (P\u00f3\u0142ksi\u0119\u017cyc)\t\t\t<\/h3>\n\t\t\t\t\t<\/div>\n<\/div><\/div><\/div><\/div><\/div><div class=\"vc_row wpb_row vc_row-fluid\" ><div class=\"wpb_column vc_column_container vc_col-sm-12\"><div class=\"vc_column-inner\"><div class=\"wpb_wrapper\"><div class=\"vc_empty_space\"   style=\"height: 32px\"><span class=\"vc_empty_space_inner\"><\/span><\/div><\/div><\/div><\/div><\/div><div class=\"vc_row wpb_row vc_row-fluid\" ><div class=\"wpb_column vc_column_container vc_col-sm-12\"><div class=\"vc_column-inner\"><div class=\"wpb_wrapper\"><div class=\"vc_btn3-container vc_btn3-inline\" ><button class=\"vc_general vc_btn3 vc_btn3-size-md vc_btn3-shape-rounded vc_btn3-style-modern vc_btn3-color-green\">REZERWUJ TERAZ<\/button><\/div>\n\t<div class=\"wpb_text_column wpb_content_element\" >\n\t\t<div class=\"wpb_wrapper\">\n\t\t\t<h4><b><i>Przegl\u0105d <\/i><\/b><\/h4>\n<p><span style=\"font-weight: 400;\">Je\u015bli jeste\u015b tutaj lub planujesz przyjecha\u0107 na Dominikan\u0119, nie mo\u017cesz przegapi\u0107 wizyty w tym niesamowitym miejscu \u201eHalf Moon\u201d (Media Luna) z lunchem, jest to cenny naturalny basen wewn\u0105trz oceanu ozdobiony rafami , korale i bia\u0142y piasek. <\/span><\/p>\n<p><span style=\"font-weight: 400;\">To tutaj mo\u017cemy cieszy\u0107 si\u0119 p\u0142ywaniem, ogl\u0105daniem i robieniem podwodnych zdj\u0119\u0107. Dozwolone jest robienie zdj\u0119\u0107 gwiazdom morskim lub z nimi w ich naturalnym \u015brodowisku.<\/span><\/p>\n<p>&nbsp;<\/p>\n<ul>\n<li>Transfer \u0142odzi\u0105 do Media Luna<\/li>\n<li style=\"font-weight: 400;\"><span style=\"font-weight: 400;\">Kapitan zapewnia instrukcje i nadz\u00f3r<\/span><\/li>\n<\/ul>\n<p>&nbsp;<\/p>\n<h4><b>W\u0142\u0105czenia i wykluczenia<\/b><\/h4>\n<p>&nbsp;<\/p>\n<p><b>Inkluzje<\/b><\/p>\n<ol>\n<li style=\"font-weight: 400;\"><span style=\"font-weight: 400;\">Wszystkie podatki, op\u0142aty i op\u0142aty manipulacyjne<\/span><\/li>\n<li style=\"font-weight: 400;\"><span style=\"font-weight: 400;\">Lokalne podatki<\/span><\/li>\n<li style=\"font-weight: 400;\"><span style=\"font-weight: 400;\">Napoje<\/span><\/li>\n<\/ol>\n<p><b> Wykluczenia<\/b><\/p>\n<ol>\n<li style=\"font-weight: 400;\"><span style=\"font-weight: 400;\">Napiwki<\/span><\/li>\n<li style=\"font-weight: 400;\"><span style=\"font-weight: 400;\">Samoch\u00f3d transferowy<\/span><\/li>\n<li>Lunch<\/li>\n<li style=\"font-weight: 400;\"><span style=\"font-weight: 400;\">Napoje alkoholowe<\/span><\/li>\n<li>Lokalny przewodnik<\/li>\n<\/ol>\n<p>&nbsp;<\/p>\n<h4><em><strong>Wyjazd i powr\u00f3t<\/strong><\/em><\/h4>\n<p><span style=\"font-weight: 400;\">Po dokonaniu rezerwacji podr\u00f3\u017cny otrzyma miejsce zbi\u00f3rki. Wycieczki rozpoczynaj\u0105 si\u0119 i ko\u0144cz\u0105 w naszych punktach spotka\u0144.<\/span><\/p>\n<p>&nbsp;<\/p>\n<h3>Media Luna Miches (Half-Moon) Natural Pool Half \u2013 Day Pass i Snorkeling<\/h3>\n<h4><b><i>Czego oczekiwa\u0107?<\/i><\/b><\/h4>\n<p>&nbsp;<\/p>\n<p>Zachowaj bilety, aby pojecha\u0107 z nami i odwiedzi\u0107 Half Moon i zje\u015b\u0107 typowy lunch w spo\u0142eczno\u015bci Miches. Wycieczka ta wyrusza z Miches umo\u017cliwiaj\u0105c przysta\u0144 na zach\u00f3d, sk\u0105d wsiadamy na pok\u0142ady nowoczesnych katamaran\u00f3w i \u0142odzi motorowych, posiadaj\u0105cych autoryzowany transport licencjonowany do operowania w obszarze turystycznym. Aby dosta\u0107 si\u0119 do g\u0142\u00f3wnego do\u0142u, trzeba przej\u015b\u0107 przez wodny labirynt otoczony \u0142achami.<\/p>\n<p>Nikt nie mo\u017ce uciec po zapoznaniu si\u0119 z tym zasobem wodnym z atrakcj\u0105 turystyczn\u0105 w Miches, poniewa\u017c jest to jedyne miejsce w okolicy, gdzie tury\u015bci i wczasowicze mog\u0105 cieszy\u0107 si\u0119 i wpada\u0107 na gwiazdy i ryby znacznych rozmiar\u00f3w. Jest to miejsce, gdzie poziom wody zale\u017cy od horyzontu przyp\u0142yw\u00f3w lub pr\u0105d\u00f3w morskich, kt\u00f3ry przy wysokim staje si\u0119 g\u0142\u0119bszy, a przy niskim przep\u0142yw basenu maleje. Ukrycie i dost\u0119p do morza sprawia, \u017ce jest miejscem magicznym i dziewiczym, dla tych, kt\u00f3rzy je odwiedzaj\u0105, nie chc\u0105 wyje\u017cd\u017ca\u0107. Tutaj nie ma drzew, kt\u00f3re mog\u0142yby schroni\u0107 si\u0119 przed s\u0142o\u0144cem, ale woda jest zimna przez ko\u0142ysz\u0105ce lub ko\u0142ysz\u0105ce pasaty w okolicy. Mo\u017cna podsumowa\u0107, \u017ce jest to naturalna laguna na Oceanie Atlantyckim, kt\u00f3ra swoj\u0105 nazw\u0119 zawdzi\u0119cza temu, \u017ce obserwowany z g\u00f3ry przypomina p\u00f3\u0142ksi\u0119\u017cyc.<\/p>\n<p>Miejscowi nazywaj\u0105 to r\u00f3wnie\u017c Cayo de la Media Luna, utworzone przez rafy koralowe i bia\u0142y piasek, z krystaliczn\u0105 wod\u0105 usian\u0105 wsz\u0119dzie, aby rozbi\u0107 naturalne fale, kt\u00f3re uspokajaj\u0105 jego wody. Gdy przyp\u0142yw jest stabilny, jego g\u0142\u0119boko\u015b\u0107 nie przekracza trzech st\u00f3p, co sprawia, \u017ce dzieci i doro\u015bli mog\u0105 cieszy\u0107 si\u0119 tym niebia\u0144skim miejscem ze s\u0142on\u0105 wod\u0105.<\/p>\n<p><strong>Plan lekcji:<\/strong><\/p>\n<p>8:45 \u2013 13:30<\/p>\n<p>&nbsp;<\/p>\n<h4><em><strong>Co powiniene\u015b ze sob\u0105 zabra\u0107?<\/strong><\/em><\/h4>\n<ul>\n<li style=\"font-weight: 400;\"><span style=\"font-weight: 400;\">Kamera<\/span><\/li>\n<li style=\"font-weight: 400;\"><span style=\"font-weight: 400;\">Odstraszaj\u0105ce p\u0105ki<\/span><\/li>\n<li style=\"font-weight: 400;\"><span style=\"font-weight: 400;\">krem do opalania<\/span><\/li>\n<li style=\"font-weight: 400;\"><span style=\"font-weight: 400;\">Kapelusz<\/span><\/li>\n<li style=\"font-weight: 400;\"><span style=\"font-weight: 400;\">Wygodne spodnie<\/span><\/li>\n<li style=\"font-weight: 400;\"><span style=\"font-weight: 400;\">Buty turystyczne do lasu<\/span><\/li>\n<li style=\"font-weight: 400;\"><span style=\"font-weight: 400;\">Sanda\u0142y na pla\u017c\u0119<\/span><\/li>\n<li style=\"font-weight: 400;\"><span style=\"font-weight: 400;\">Kostium k\u0105pielowy<\/span><\/li>\n<li>Got\u00f3wka na pami\u0105tki<\/li>\n<\/ul>\n<p>&nbsp;<\/p>\n<h4><b><i>Odbi\u00f3r z hotelu <\/i><\/b><\/h4>\n<p><span style=\"font-weight: 400;\">Odbi\u00f3r z hotelu nie jest oferowany podczas tej wycieczki. <\/span><\/p>\n<p>&nbsp;<\/p>\n<p><b>Uwaga:<\/b><span style=\"font-weight: 400;\"> je\u015bli rezerwujesz w ci\u0105gu 24 godzin przed czasem wyjazdu\/wycieczki, mo\u017cemy zorganizowa\u0107 odbi\u00f3r z hotelu za dodatkow\u0105 op\u0142at\u0105. Po sfinalizowaniu zakupu wy\u015blemy Ci pe\u0142ne dane kontaktowe (numer telefonu, adres e-mail itp.) do naszego lokalnego przewodnika w celu zorganizowania odbioru.<\/span><\/p>\n<h4><b><i>Dodatkowe potwierdzenie informacji <\/i><\/b><\/h4>\n<ol>\n<li>Bilety s\u0105 paragonem po op\u0142aceniu tej wycieczki. Mo\u017cesz pokaza\u0107 p\u0142atno\u015b\u0107 na swoim telefonie.<\/li>\n<li style=\"font-weight: 400;\"><span style=\"font-weight: 400;\">Miejsce spotkania zostanie odebrane po zako\u0144czeniu procesu rezerwacji.<\/span><\/li>\n<li style=\"font-weight: 400;\"><span style=\"font-weight: 400;\">Dzieciom musi towarzyszy\u0107 osoba doros\u0142a.<\/span><\/li>\n<li style=\"font-weight: 400;\"><span style=\"font-weight: 400;\">Dost\u0119p dla w\u00f3zk\u00f3w inwalidzkich <\/span><\/li>\n<li style=\"font-weight: 400;\"><span style=\"font-weight: 400;\">Niemowl\u0119ta musz\u0105 siedzie\u0107 na kolanach <\/span><\/li>\n<li style=\"font-weight: 400;\"><span style=\"font-weight: 400;\">Wi\u0119kszo\u015b\u0107 podr\u00f3\u017cnych mo\u017ce wzi\u0105\u0107 udzia\u0142<\/span><\/li>\n<\/ol>\n<h4><b><i>Zasady anulowania<\/i><\/b><\/h4>\n<p>Aby uzyska\u0107 pe\u0142ny zwrot pieni\u0119dzy, przeczytaj nasze Zasady anulowania rezerwacji\u00a0<a href=\"https:\/\/www.boattoursamana.com\/pl\/rezerwacja-online\/\" target=\"_blank\" rel=\"noopener\" data-saferedirecturl=\"https:\/\/www.google.com\/url?q=https:\/\/www.boattoursamana.com\/online-booking\/&amp;source=gmail&amp;ust=1672532492004000&amp;usg=AOvVaw3ylqI1cdbIPTimEqEWneyd\">Kliknij tutaj<\/a>. \u015arodki zostan\u0105 utracone, je\u015bli rezerwacja zostanie anulowana tego samego dnia wycieczki.<\/p>\n\n\t\t<\/div>\n\t<\/div>\n<\/div><\/div><\/div><\/div><div class=\"vc_row wpb_row vc_row-fluid\" ><\/div><div class=\"wpb_column vc_column_container vc_col-sm-12\"><div class=\"vc_column-inner\"><div class=\"wpb_wrapper\"><\/div><\/div><\/div><div class=\"vc_empty_space\"   style=\"height: 32px\"><span class=\"vc_empty_space_inner\"><\/span><\/div><div class=\"vc_empty_space\"   style=\"height: 32px\"><span class=\"vc_empty_space_inner\"><\/span><\/div><div class=\"vc_row wpb_row vc_row-fluid\" ><\/div><div class=\"wpb_column vc_column_container vc_col-sm-12\"><div class=\"vc_column-inner\"><div class=\"wpb_wrapper\"><\/div><\/div><\/div><div class=\"vc_row wpb_row vc_row-fluid\" ><div class=\"wpb_column vc_column_container vc_col-sm-12\"><div class=\"vc_column-inner\"><div class=\"wpb_wrapper\"><div class=\"vc_btn3-container vc_btn3-inline\" ><button class=\"vc_general vc_btn3 vc_btn3-size-md vc_btn3-shape-rounded vc_btn3-style-modern vc_btn3-color-green\">REZERWUJ TERAZ<\/button><\/div><\/div><\/div><\/div><\/div>","protected":false},"excerpt":{"rendered":"<p>Media Luna Miches (Half Moon) P\u00f3\u0142dniowy karnet i snorkeling w naturalnym basenie. Odwied\u017a zatok\u0119 Samana z Miches z mieszka\u0144cami i pop\u0142ywaj w \u015brodku zatoki Samana. Ma\u0142e obszary raf koralowych do zwiedzania i nurkowania. Media Luna to nowa atrakcja na Dominikanie.<\/p>\n<p><strong>Wybierz dat\u0119 wycieczki:<\/strong><\/p>","protected":false},"featured_media":9467,"template":"","meta":[],"product_cat":[430,655,170,253,254,255],"product_tag":[183,337,412,177,439,438,429,432,437,436,435,186,199,200,187,433,434],"class_list":["post-9464","product","type-product","status-publish","has-post-thumbnail","hentry","product_cat-media-luna-miches","product_cat-1-samana","product_cat-local-tour-guides","product_cat-tours-and-excursions","product_cat-tours-excursions-los-haitises-national-park","product_cat-tours-excursions-samana-bay-dominican-republic","product_tag-beach-time","product_tag-cayo-arena","product_tag-cayo-arena-samana","product_tag-locals-guides","product_tag-media-luna-el-seibo","product_tag-media-luna-in-miches","product_tag-media-luna-miches","product_tag-media-luna-snorkeling","product_tag-miches-hoteles","product_tag-miches-montana-redonda","product_tag-playa-esmeralda-miches","product_tag-samana","product_tag-samana-bay","product_tag-samana-excursions","product_tag-samana-tours","product_tag-snorkeling","product_tag-snorkeling-miches-media-luna"],"_links":{"self":[{"href":"https:\/\/www.boattoursamana.com\/pl\/wp-json\/wp\/v2\/product\/9464","targetHints":{"allow":["GET"]}}],"collection":[{"href":"https:\/\/www.boattoursamana.com\/pl\/wp-json\/wp\/v2\/product"}],"about":[{"href":"https:\/\/www.boattoursamana.com\/pl\/wp-json\/wp\/v2\/types\/product"}],"wp:featuredmedia":[{"embeddable":true,"href":"https:\/\/www.boattoursamana.com\/pl\/wp-json\/wp\/v2\/media\/9467"}],"wp:attachment":[{"href":"https:\/\/www.boattoursamana.com\/pl\/wp-json\/wp\/v2\/media?parent=9464"}],"wp:term":[{"taxonomy":"product_cat","embeddable":true,"href":"https:\/\/www.boattoursamana.com\/pl\/wp-json\/wp\/v2\/product_cat?post=9464"},{"taxonomy":"product_tag","embeddable":true,"href":"https:\/\/www.boattoursamana.com\/pl\/wp-json\/wp\/v2\/product_tag?post=9464"}],"curies":[{"name":"wp","href":"https:\/\/api.w.org\/{rel}","templated":true}]}}