{"id":9483,"date":"2019-09-29T19:07:31","date_gmt":"2019-09-29T19:07:31","guid":{"rendered":"https:\/\/www.ticketswhales.com\/?post_type=product&#038;p=9483"},"modified":"2023-11-10T17:38:00","modified_gmt":"2023-11-10T17:38:00","slug":"playa-rincon-rincon-beach-half-day-trip-samana-dominican-republic","status":"publish","type":"product","link":"https:\/\/www.boattoursamana.com\/pl\/wycieczka-2\/playa-rincon-rincon-plaza-wycieczka-poldniowa-samana-republika-dominikany-2","title":{"rendered":"Playa Rinc\u00f3n (pla\u017ca Rincon), p\u00f3\u0142dniowa wycieczka, Saman\u00e1 \u2013 Dominikana."},"content":{"rendered":"<div class=\"vc_row wpb_row vc_row-fluid\" ><div class=\"wpb_column vc_column_container vc_col-sm-12\"><div class=\"vc_column-inner\"><div class=\"wpb_wrapper\"><div class=\"mkdf-section-title-holder\" style=\"text-align: left\">\n\t<div class=\"mkdf-st-inner\">\n\t\t\t\t\t<h5 class=\"mkdf-st-subtitle\" >\n\t\t\t\tLunch, przeja\u017cd\u017cka \u0142odzi\u0105 i prywatny transport z hoteli.\t\t\t<\/h5>\n\t\t\t\t\t\t\t<h3 class=\"mkdf-st-title\" >\n\t\t\t\tPlaya Rinc\u00f3n, Playa Fronton + Playa Madame Beach, Saman\u00e1 - Dominikana.\t\t\t<\/h3>\n\t\t\t\t\t<\/div>\n<\/div><div class=\"vc_btn3-container vc_btn3-inline\" ><button class=\"vc_general vc_btn3 vc_btn3-size-md vc_btn3-shape-rounded vc_btn3-style-modern vc_btn3-color-green\">REZERWUJ TERAZ<\/button><\/div>\n\t<div class=\"wpb_text_column wpb_content_element\" >\n\t\t<div class=\"wpb_wrapper\">\n\t\t\t<h3><\/h3>\n<h4><b><i>Przegl\u0105d <\/i><\/b><\/h4>\n<p>Wycieczka rozpoczyna si\u0119 od odbioru w hotelu lub na lotnisku w rejonie Samana lub Las Galeras. Odkryj z nami pla\u017c\u0119 El Rincon, nieskaziteln\u0105 i d\u0142ug\u0105 pla\u017c\u0119 z bia\u0142ym piaskiem, kt\u00f3ra graniczy z zatok\u0105 o spokojnych turkusowych wodach, usian\u0105 palmami kokosowymi, kt\u00f3ra przyci\u0105ga uwag\u0119 wszystkich odwiedzaj\u0105cych. El Rincon jest jedn\u0105 z dziesi\u0119ciu najlepszych pla\u017c na \u015bwiecie. Aby dosta\u0107 si\u0119 na t\u0119 wyj\u0105tkow\u0105 pla\u017c\u0119, b\u0119dziesz cieszy\u0107 si\u0119 stylem \u017cycia Dominikany, kieruj\u0105c si\u0119 na pla\u017c\u0119. Autobus b\u0119dzie mia\u0142 kilka przystank\u00f3w w sklepach z owocami, gdzie mo\u017cesz kupi\u0107 troch\u0119, je\u015bli chcesz, zobaczysz lokalne domy i poznasz prawdziwe \u017cycie Dominikany.<\/p>\n<ul>\n<li>Zjesz lunch z nogami w piasku, podczas gdy piosenki Merengue i Bachata b\u0119d\u0105 grane w \u201eEl Paraiso\u201d, gdzie otrzymasz kompletny posi\u0142ek, w tym danie rybne, wraz z lokalnymi napojami i koktajlami. Tutaj znajdziesz naturaln\u0105 per\u0142\u0119, kt\u00f3ra jest uwa\u017cana za jedn\u0105 z najpi\u0119kniejszych pla\u017c w kraju. Bia\u0142y, drobny piasek, turkusowe morze i metrowe palmy m\u00f3wi\u0105 same za siebie.<\/li>\n<\/ul>\n<p>&nbsp;<\/p>\n<ul>\n<li>Lokalny przewodnik z do\u015bwiadczeniem w zakresie bezpiecze\u0144stwa w okolicy.<\/li>\n<li>Prywatny transport<\/li>\n<li>Op\u0142aty wliczone<\/li>\n<li>Obiad na pla\u017cy<\/li>\n<li>Lokalny przewodnik w j\u0119zyku hiszpa\u0144skim, angielskim lub francuskim.<\/li>\n<li>W\u0119dr\u00f3wki<\/li>\n<\/ul>\n<h4><b>W\u0142\u0105czenia i wykluczenia<\/b><\/h4>\n<p>&nbsp;<\/p>\n<p><b>Inkluzje<\/b><\/p>\n<ol>\n<li><span style=\"font-weight: 400;\">Lokalny przewodnik z do\u015bwiadczeniem w zakresie bezpiecze\u0144stwa w okolicy.<\/span><\/li>\n<li>Prywatny transport dla ma\u0142ych grup<\/li>\n<li style=\"font-weight: 400;\">Pla\u017ca El Rincon<\/li>\n<li>Ranczo Dominikan\u00f3w<\/li>\n<li>Rzeka Cano Frio<\/li>\n<li style=\"font-weight: 400;\"><span style=\"font-weight: 400;\">Wszystkie podatki, op\u0142aty i op\u0142aty manipulacyjne<\/span><\/li>\n<li style=\"font-weight: 400;\"><span style=\"font-weight: 400;\">Lokalne podatki<\/span><\/li>\n<li>Obiad na pla\u017cy<\/li>\n<li>W\u0119dr\u00f3wki<\/li>\n<li style=\"font-weight: 400;\"><span style=\"font-weight: 400;\">Wszystkie aktywno\u015bci<\/span><\/li>\n<\/ol>\n<p><b> Wykluczenia<\/b><\/p>\n<ol>\n<li style=\"font-weight: 400;\"><span style=\"font-weight: 400;\">Napiwki<\/span><\/li>\n<li>Wszystkie napoje<\/li>\n<\/ol>\n<h4><em><strong>Wyjazd i powr\u00f3t<\/strong><\/em><\/h4>\n<p><span style=\"font-weight: 400;\">Po dokonaniu rezerwacji podr\u00f3\u017cny otrzyma miejsce zbi\u00f3rki. Wycieczki rozpoczynaj\u0105 si\u0119 i ko\u0144cz\u0105 w miejscach spotka\u0144.<\/span><\/p>\n<h3>Playa Rinc\u00f3n (pla\u017ca Rincon), p\u00f3\u0142dniowa wycieczka, Saman\u00e1 \u2013 Dominikana.<\/h3>\n<h4><em>Czego oczekiwa\u0107?<\/em><\/h4>\n<p>Po opuszczeniu obszaru hoteli Samana i przejechaniu ulicami Dominikany zobaczysz i poznasz styl \u017cycia mieszka\u0144c\u00f3w. Zwiedzanie Playa Rinc\u00f3n to dziewiczy pas bia\u0142ego piasku, kt\u00f3ry rozci\u0105ga si\u0119 na oko\u0142o 2,5 mili (4 kilometry) wzd\u0142u\u017c niezagospodarowanej cz\u0119\u015bci wybrze\u017ca. Otoczona palmami kokosowymi i otoczona szczytami g\u00f3r i klif\u00f3w na obu ko\u0144cach, ta odosobniona pla\u017ca wydaje si\u0119 prawdziw\u0105 utopi\u0105, odci\u0119t\u0105 od cywilizacji. Tutaj woda jest bardzo czysta, a otaczaj\u0105ca j\u0105 rafa koralowa zapewnia bezpiecze\u0144stwo pla\u017cy, co oznacza, \u017ce mo\u017cna p\u0142ywa\u0107 bez ryzyka. Odwiedzimy r\u00f3wnie\u017c rzek\u0119 Cano Frio.<\/p>\n<p>&nbsp;<\/p>\n<p>Wycieczka organizowana przez \u201eBooking Adventures\u201d rozpoczyna si\u0119 w miejscu spotkania z naszym przewodnikiem. Przyjed\u017a z Booking Adventures i zjedz lunch na pla\u017cy i ciesz si\u0119 jedn\u0105 z najbardziej niesamowitych pla\u017c w Samanie na Dominikanie.<\/p>\n<h4><em><strong>Co powiniene\u015b ze sob\u0105 zabra\u0107?<\/strong><\/em><\/h4>\n<ul>\n<li style=\"font-weight: 400;\"><span style=\"font-weight: 400;\">Kamera<\/span><\/li>\n<li style=\"font-weight: 400;\"><span style=\"font-weight: 400;\">Odstraszaj\u0105ce p\u0105ki<\/span><\/li>\n<li style=\"font-weight: 400;\"><span style=\"font-weight: 400;\">Krem do opalania<\/span><\/li>\n<li>Woda<\/li>\n<li style=\"font-weight: 400;\"><span style=\"font-weight: 400;\">Kapelusz<\/span><\/li>\n<li style=\"font-weight: 400;\"><span style=\"font-weight: 400;\">Wygodne spodnie<\/span><\/li>\n<li style=\"font-weight: 400;\"><span style=\"font-weight: 400;\">Buty turystyczne do lasu<\/span><\/li>\n<li style=\"font-weight: 400;\"><span style=\"font-weight: 400;\">Sanda\u0142y na wiosenne tereny.<\/span><\/li>\n<li style=\"font-weight: 400;\"><span style=\"font-weight: 400;\">Kostium k\u0105pielowy<\/span><\/li>\n<\/ul>\n<p>&nbsp;<\/p>\n<h4><b><i>Odbi\u00f3r z hotelu <\/i><\/b><\/h4>\n<p><span style=\"font-weight: 400;\">W przypadku tej wycieczki oferowany jest odbi\u00f3r z hotelu. <\/span><\/p>\n<p>&nbsp;<\/p>\n<p><b>Uwaga:<\/b><span style=\"font-weight: 400;\"> Je\u015bli dokonujesz rezerwacji w ci\u0105gu 24 godzin od godziny rozpocz\u0119cia wycieczki\/wycieczki, mo\u017cemy zorganizowa\u0107 odbi\u00f3r z hotelu. W\u0142a\u015bnie odbieramy w rejonie Samana. Po sfinalizowaniu zakupu wy\u015blemy Ci pe\u0142ne dane kontaktowe (numer telefonu, adres e-mail itp.) do naszego lokalnego przewodnika w celu zorganizowania odbioru.<\/span><\/p>\n<h4><b><i>Dodatkowe potwierdzenie informacji <\/i><\/b><\/h4>\n<ol>\n<li>Bilety s\u0105 paragonem po op\u0142aceniu tej wycieczki. Mo\u017cesz pokaza\u0107 p\u0142atno\u015b\u0107 na swoim telefonie.<\/li>\n<li style=\"font-weight: 400;\"><span style=\"font-weight: 400;\">Miejsce spotkania zostanie odebrane po zako\u0144czeniu procesu rezerwacji.<\/span><\/li>\n<li style=\"font-weight: 400;\"><span style=\"font-weight: 400;\">Dzieciom musi towarzyszy\u0107 osoba doros\u0142a.<\/span><\/li>\n<li style=\"font-weight: 400;\"><span style=\"font-weight: 400;\"> Niedost\u0119pny dla w\u00f3zk\u00f3w inwalidzkich <\/span><\/li>\n<li style=\"font-weight: 400;\"><span style=\"font-weight: 400;\">Niemowl\u0119ta musz\u0105 siedzie\u0107 na kolanach <\/span><\/li>\n<li style=\"font-weight: 400;\"><span style=\"font-weight: 400;\">Niezalecane dla podr\u00f3\u017cnych z problemami z plecami<\/span><\/li>\n<li style=\"font-weight: 400;\"><span style=\"font-weight: 400;\">Nie zalecane dla podr\u00f3\u017cuj\u0105cych w ci\u0105\u017cy <\/span><\/li>\n<li style=\"font-weight: 400;\"><span style=\"font-weight: 400;\"> \u017badnych problem\u00f3w z sercem ani innych powa\u017cnych schorze\u0144 <\/span><\/li>\n<li style=\"font-weight: 400;\"><span style=\"font-weight: 400;\">Wi\u0119kszo\u015b\u0107 podr\u00f3\u017cnych mo\u017ce wzi\u0105\u0107 udzia\u0142<\/span><\/li>\n<\/ol>\n<h4><b><i>Zasady anulowania<\/i><\/b><\/h4>\n<p>Aby uzyska\u0107 pe\u0142ny zwrot pieni\u0119dzy, przeczytaj nasze Zasady anulowania rezerwacji\u00a0<a href=\"https:\/\/www.boattoursamana.com\/pl\/rezerwacja-online\/\" target=\"_blank\" rel=\"noopener\" data-saferedirecturl=\"https:\/\/www.google.com\/url?q=https:\/\/www.boattoursamana.com\/online-booking\/&amp;source=gmail&amp;ust=1672532492004000&amp;usg=AOvVaw3ylqI1cdbIPTimEqEWneyd\">Kliknij tutaj<\/a>. \u015arodki zostan\u0105 utracone, je\u015bli rezerwacja zostanie anulowana tego samego dnia wycieczki.<\/p>\n\n\t\t<\/div>\n\t<\/div>\n<div class=\"vc_btn3-container vc_btn3-inline\" ><button class=\"vc_general vc_btn3 vc_btn3-size-md vc_btn3-shape-rounded vc_btn3-style-modern vc_btn3-color-green\">REZERWUJ TERAZ<\/button><\/div><\/div><\/div><\/div><\/div><div class=\"vc_row wpb_row vc_row-fluid\" ><div class=\"wpb_column vc_column_container vc_col-sm-12\"><div class=\"vc_column-inner\"><div class=\"wpb_wrapper\">\n\t<div class=\"wpb_video_widget wpb_content_element vc_clearfix   vc_video-aspect-ratio-169 vc_video-el-width-100 vc_video-align-left\" >\n\t\t<div class=\"wpb_wrapper\">\n\t\t\t<h2 class=\"wpb_heading wpb_video_heading\">Pla\u017ca Boca del Diablo i Fronton<\/h2>\n\t\t\t<div class=\"wpb_video_wrapper\"><iframe loading=\"lazy\" title=\"P\u00f3\u0142wysep Saman\u00e1, Dominikana (DJI Phantom 4 4K)\" width=\"1100\" height=\"619\" src=\"https:\/\/www.youtube.com\/embed\/DYDXVm8Q_iM?feature=oembed\" frameborder=\"0\" allow=\"accelerometer; autoplay; encrypted-media; gyroscope; picture-in-picture\" allowfullscreen><\/iframe><\/div>\n\t\t<\/div>\n\t<\/div>\n<\/div><\/div><\/div><\/div><div class=\"vc_row wpb_row vc_row-fluid\" ><div class=\"wpb_column vc_column_container vc_col-sm-12\"><div class=\"vc_column-inner\"><div class=\"wpb_wrapper\"><div class=\"vc_empty_space\"   style=\"height: 32px\"><span class=\"vc_empty_space_inner\"><\/span><\/div>\n\t<div class=\"wpb_text_column wpb_content_element\" >\n\t\t<div class=\"wpb_wrapper\">\n\t\t\t<h4>Skontaktuj si\u0119 z nami?<\/h4>\n<h5>rezerwacja przyg\u00f3d<\/h5>\n<p><em><strong>Miejscowi<\/strong>\u00a0oraz\u00a0<strong>Rodacy<\/strong>\u00a0Przewodnicy turystyczni i us\u0142ugi dla go\u015bci<\/em><\/p>\n<p><span class=\"text-turquoise\">Rezerwacje:<\/span>\u00a0Wycieczki i wycieczki w Dom. Reprezentant.<\/p>\n<p><img decoding=\"async\" class=\"emoji\" draggable=\"false\" src=\"https:\/\/s.w.org\/images\/core\/emoji\/11.2.0\/svg\/1f4de.svg\" alt=\"\ud83d\udcde\" title=\"\">\u00a0Tel \/ Whatsapp\u00a0\u00a0<a href=\"tel:+1-809-720-6035\">+1-809-720-6035<\/a>.<\/p>\n<p><img decoding=\"async\" class=\"emoji\" draggable=\"false\" src=\"https:\/\/s.w.org\/images\/core\/emoji\/11.2.0\/svg\/1f4e9.svg\" alt=\"\ud83d\udce9\" title=\"\">\u00a0<a href=\"mailto:info@bookingadventures.com.do\">info@bookingadventures.com.do<\/a><\/p>\n<p><strong>Jeste\u015bmy elastyczni w ustalaniu prywatnych wycieczek przez Whatsapp:\u00a0<a href=\"tel:+18097206035\">+18097206035.<\/a><\/strong><\/p>\n\n\t\t<\/div>\n\t<\/div>\n<div class=\"vc_empty_space\"   style=\"height: 32px\"><span class=\"vc_empty_space_inner\"><\/span><\/div><\/div><\/div><\/div><\/div><div class=\"vc_row wpb_row vc_row-fluid\" ><div class=\"wpb_column vc_column_container vc_col-sm-12\"><div class=\"vc_column-inner\"><div class=\"wpb_wrapper\"><\/div><\/div><\/div><\/div>","protected":false},"excerpt":{"rendered":"<p>Zwiedzanie pla\u017cy Playa el Rincon z lunchem na pla\u017cy, post\u00f3j po drodze w Domu Dominika\u0144skim i sklepie z owocami oraz k\u0105piel w krystalicznych wodach rzeki Cano Frio. To p\u00f3\u0142dniowe do\u015bwiadczenie prawdziwej Samany na Dominikanie.<\/p>\n<p>&nbsp;<\/p>\n<p><strong>Wybierz dat\u0119 zwiedzania:\u00a0<\/strong><\/p>","protected":false},"featured_media":9381,"template":"","meta":[],"product_cat":[160,655,170,255],"product_tag":[204,373,379,327,376,375,200,187],"class_list":["post-9483","product","type-product","status-publish","has-post-thumbnail","hentry","product_cat-lunch","product_cat-1-samana","product_cat-local-tour-guides","product_cat-tours-excursions-samana-bay-dominican-republic","product_tag-el-rincon-beach","product_tag-playa-rincon","product_tag-playa-rincon-tours","product_tag-private-tours-samana","product_tag-rincon-beach-tour","product_tag-samana-dominican-republic","product_tag-samana-excursions","product_tag-samana-tours"],"_links":{"self":[{"href":"https:\/\/www.boattoursamana.com\/pl\/wp-json\/wp\/v2\/product\/9483","targetHints":{"allow":["GET"]}}],"collection":[{"href":"https:\/\/www.boattoursamana.com\/pl\/wp-json\/wp\/v2\/product"}],"about":[{"href":"https:\/\/www.boattoursamana.com\/pl\/wp-json\/wp\/v2\/types\/product"}],"wp:featuredmedia":[{"embeddable":true,"href":"https:\/\/www.boattoursamana.com\/pl\/wp-json\/wp\/v2\/media\/9381"}],"wp:attachment":[{"href":"https:\/\/www.boattoursamana.com\/pl\/wp-json\/wp\/v2\/media?parent=9483"}],"wp:term":[{"taxonomy":"product_cat","embeddable":true,"href":"https:\/\/www.boattoursamana.com\/pl\/wp-json\/wp\/v2\/product_cat?post=9483"},{"taxonomy":"product_tag","embeddable":true,"href":"https:\/\/www.boattoursamana.com\/pl\/wp-json\/wp\/v2\/product_tag?post=9483"}],"curies":[{"name":"wp","href":"https:\/\/api.w.org\/{rel}","templated":true}]}}