{"id":9653,"date":"2019-10-15T08:33:05","date_gmt":"2019-10-15T08:33:05","guid":{"rendered":"https:\/\/www.ticketswhales.com\/?post_type=product&#038;p=9653"},"modified":"2023-11-10T17:27:37","modified_gmt":"2023-11-10T17:27:37","slug":"catalina-island-altos-de-chavon-from-punta-cana-snorkeling-with-catamaran-party","status":"publish","type":"product","link":"https:\/\/www.boattoursamana.com\/pl\/wycieczka-2\/wyspa-catalina-altos-de-chavon-z-punta-cana-snorkeling-z-impreza-katamaranem-2","title":{"rendered":"Wyspa Catalina i Altos de Chavon z Punta Cana (nurkowanie z katamaranem)"},"content":{"rendered":"<div class=\"vc_row wpb_row vc_row-fluid\" ><div class=\"wpb_column vc_column_container vc_col-sm-12\"><div class=\"vc_column-inner\"><div class=\"wpb_wrapper\"><div class=\"mkdf-section-title-holder\" style=\"text-align: left\">\n\t<div class=\"mkdf-st-inner\">\n\t\t\t\t\t<h5 class=\"mkdf-st-subtitle\" >\n\t\t\t\tDo\u015bwiadczenie p\u00f3\u0142 dnia\t\t\t<\/h5>\n\t\t\t\t\t\t\t<h3 class=\"mkdf-st-title\" >\n\t\t\t\tWyspa Catalina i nurkowanie z katamaranem z Punta Cana\t\t\t<\/h3>\n\t\t\t\t\t<\/div>\n<\/div><div class=\"vc_btn3-container vc_btn3-inline\" ><button class=\"vc_general vc_btn3 vc_btn3-size-md vc_btn3-shape-rounded vc_btn3-style-modern vc_btn3-color-green\">REZERWUJ TERAZ<\/button><\/div><\/div><\/div><\/div><\/div><div class=\"vc_row wpb_row vc_row-fluid\" ><div class=\"wpb_column vc_column_container vc_col-sm-12\"><div class=\"vc_column-inner\"><div class=\"wpb_wrapper\">\n\t<div class=\"wpb_text_column wpb_content_element\" >\n\t\t<div class=\"wpb_wrapper\">\n\t\t\t<div class=\"vc_row wpb_row vc_row-fluid\">\n<div class=\"wpb_column vc_column_container vc_col-sm-12\">\n<div class=\"vc_column-inner\">\n<div class=\"wpb_wrapper\">\n<div class=\"wpb_text_column wpb_content_element\">\n<div class=\"wpb_wrapper\">\n<div class=\"vc_row wpb_row vc_row-fluid\">\n<div class=\"wpb_column vc_column_container vc_col-sm-12\">\n<div class=\"vc_column-inner\">\n<div class=\"wpb_wrapper\">\n<div class=\"wpb_text_column wpb_content_element\">\n<div class=\"wpb_wrapper\">\n<h4><b><i>Przegl\u0105d<\/i><\/b><\/h4>\n<p>Cieszmy si\u0119 wycieczk\u0105 katamaranem po krystalicznie czystych wodach na wysp\u0119 Catalina, najbardziej znany obszar do nurkowania z rurk\u0105 na Dominikanie.<\/p>\n<p>Tw\u00f3j dzie\u0144 zaczyna si\u0119 od odbioru z g\u0142\u00f3wnego holu hotelu lub okre\u015blonego miejsca zbi\u00f3rki. Nast\u0119pnie udamy si\u0119 na wysp\u0119 Catalina, aby wzi\u0105\u0107 orze\u017awiaj\u0105c\u0105 k\u0105piel i napi\u0107 si\u0119 drinka, podczas gdy ktokolwiek mo\u017ce wykona\u0107 2 rodzaje nurkowania z rurk\u0105 z instruktorem, a potem zjemy pyszny lunch w formie bufetu na pla\u017cy i we\u017amiemy udzia\u0142 w zaj\u0119ciach salsy i Bachata, robimy te\u017c pyszne drinki. Gdy znudzi ci si\u0119 leniuchowanie na pla\u017cy, we\u017a sprz\u0119t do nurkowania i podziwiaj podwodny \u015bwiat Cataliny.<\/p>\n<p>Ocean, tak niesamowicie czysty, i bia\u0142y piasek na pla\u017cy czekaj\u0105 na Ciebie. Zrelaksuj si\u0119 na le\u017caku lub nurkuj z rurk\u0105, wszystko wliczone w cen\u0119. B\u0119dziesz cieszy\u0107 si\u0119, gdzie zobaczysz tradycj\u0119 naszej muzyki i ta\u0144ca.<\/p>\n<p>Nast\u0119pnie udajemy si\u0119 do Altos de Chavon Byd\u0142o i rzeka!<\/p>\n<p><strong>Uwaga:<\/strong> Ta wycieczka nie jest prywatna. Je\u015bli chcesz zorganizowa\u0107 prywatn\u0105 wycieczk\u0119, skontaktuj si\u0119 z nami!<\/p>\n<ul>\n<li>\n<div class=\"py-1 inclusions-exclusions-item d-flex\" lang=\"en-x-mtfrom-en\">\n<div class=\"d-inline-block inclusions-exclusions-text\">Prywatny transport<\/div>\n<\/div>\n<\/li>\n<li>Naturalny basen do ogl\u0105dania rozgwiazd<\/li>\n<li>Nurkowanie<\/li>\n<li>Lunch<\/li>\n<li>Transfer katamaranem<\/li>\n<li>Kapitan zapewnia instrukcje i nadz\u00f3r<\/li>\n<li>Przewodnik wycieczki<\/li>\n<\/ul>\n<p>&nbsp;<\/p>\n<h4><b>W\u0142\u0105czenia i wykluczenia<\/b><\/h4>\n<p><b>Inkluzje<\/b><\/p>\n<ol>\n<li>Przewodnik wycieczki<\/li>\n<li>nurkowanie z rurk\u0105<\/li>\n<li>Lunch<\/li>\n<li>Odbi\u00f3r w hotelach<\/li>\n<li>Wycieczka katamaranem lub \u0142odzi\u0105<\/li>\n<li>Wszystkie podatki, op\u0142aty i op\u0142aty manipulacyjne<\/li>\n<li>Lokalne podatki<\/li>\n<li>Napoje<\/li>\n<\/ol>\n<p><b>Wykluczenia<\/b><\/p>\n<ol>\n<li>Napiwki<\/li>\n<li>Zdj\u0119cia<\/li>\n<\/ol>\n<h4><em><strong>Wyjazd i powr\u00f3t<\/strong><\/em><\/h4>\n<p>Po dokonaniu rezerwacji podr\u00f3\u017cny otrzyma miejsce zbi\u00f3rki. Wycieczki rozpoczynaj\u0105 si\u0119 i ko\u0144cz\u0105 w naszych punktach spotka\u0144.<\/p>\n<h3>Wyspa Catalina i nurkowanie z katamaranem z Punta Cana \u2013 p\u00f3\u0142dniowa przygoda.<\/h3>\n<h4><b><i>Czego oczekiwa\u0107?<\/i><\/b><\/h4>\n<p>Podczas wycieczki na wysp\u0119 Catalina z Punta Cana go\u015bcie b\u0119d\u0105 mieli okazj\u0119 nurkowa\u0107 w t\u0119tni\u0105cych \u017cyciem rafach koralowych w Catalina, p\u0142ywa\u0107 w\u015br\u00f3d \u017cywych \u0142awic ryb, podziwiaj\u0105c osza\u0142amiaj\u0105c\u0105 karaibsk\u0105 podwodn\u0105 faun\u0119.<\/p>\n<p>Wycieczk\u0119 z rurk\u0105 rozpoczniemy rano w kierunku La Romana. Podczas jazdy b\u0119dziemy mija\u0107 pola trzciny cukrowej, poniewa\u017c Tw\u00f3j przewodnik dostarcza ciekawych informacji na temat historii tego obszaru, og\u00f3lnej kultury i technik produkcji rumu w kraju. Po przybyciu do La Romana wsi\u0105dziemy na nasz katamaran i wyruszymy w kierunku Cataliny. Naszym pierwszym przystankiem na wyspie b\u0119dzie \u201eThe Wall\u201d, majestatyczna \u015bciana koralowa, kt\u00f3ra rozci\u0105ga si\u0119 od wyspy do Morza Karaibskiego.<\/p>\n<p>Po nurkowaniu z rurk\u0105 b\u0119dziesz kontynuowa\u0107 drog\u0119 do pi\u0119knej pla\u017cy Catalina, ekskluzywnego miejsca. Po przyje\u017adzie go\u015bcie b\u0119d\u0105 mieli dost\u0119p do 2 kilometr\u00f3w bia\u0142ych piaszczystych pla\u017c i krystalicznie czystej wody, baru na pla\u017cy z napojami i pysznego dominika\u0144skiego lunchu w formie bufetu z grillem. Oko\u0142o 15:30 wejdziemy na pok\u0142ad katamaranu, aby wr\u00f3ci\u0107 do Punta Cana po niesamowitym dniu nurkowania i relaksu na wyspie Catalina. Wyspa Podczas wycieczki na wysp\u0119 Catalina z Punta Cana go\u015bcie b\u0119d\u0105 mieli okazj\u0119 nurkowa\u0107 w t\u0119tni\u0105cych \u017cyciem rafach koralowych w Catalina, p\u0142ywa\u0107 w\u015br\u00f3d \u017cywych \u0142awic ryb, podziwiaj\u0105c osza\u0142amiaj\u0105c\u0105 karaibsk\u0105 podwodn\u0105 faun\u0119.<\/p>\n<p>Wycieczk\u0119 z rurk\u0105 rozpoczniemy rano w kierunku La Romana. Podczas jazdy b\u0119dziemy mija\u0107 pola trzciny cukrowej, poniewa\u017c Tw\u00f3j przewodnik dostarcza ciekawych informacji na temat historii tego obszaru, og\u00f3lnej kultury i technik produkcji rumu w kraju. Po przybyciu do La Romana wsi\u0105dziemy na nasz katamaran i wyruszymy w kierunku Cataliny.<\/p>\n<p>Naszym pierwszym przystankiem na wyspie b\u0119dzie \u201eThe Wall\u201d, majestatyczna \u015bciana koralowa, kt\u00f3ra rozci\u0105ga si\u0119 od wyspy do Morza Karaibskiego. Po nurkowaniu z rurk\u0105 b\u0119dziesz kontynuowa\u0107 drog\u0119 do pi\u0119knej pla\u017cy Catalina, ekskluzywnego miejsca. Po przyje\u017adzie go\u015bcie b\u0119d\u0105 mieli dost\u0119p do 2 kilometr\u00f3w bia\u0142ych piaszczystych pla\u017c i krystalicznie czystej wody, baru na pla\u017cy z napojami i pysznego dominika\u0144skiego lunchu w formie bufetu z grillem. Oko\u0142o 15:30 wejdziemy na pok\u0142ad katamaranu, aby wr\u00f3ci\u0107 do Punta Cana po niesamowitym dniu nurkowania i relaksu na wyspie Catalina.<\/p>\n<div class=\"a-text--first-content _for-copy-large l-hide-for-large\">\n<p>Niech<strong>\u00a0Karaibski raj wyspy Catalina Ci\u0119 urzeka\u00a0<\/strong>i zwiedza\u0107 malownicze\u00a0<strong>Altos de Chav\u00f3n<\/strong>\u00a0podczas tej jednodniowej wycieczki z La Romana, kt\u00f3rej nie mo\u017cna przegapi\u0107.<\/p>\n<\/div>\n<div id=\"o-slider--activity-detail__container\" class=\"o-slider js-module-slider is-photos\"><\/div>\n<div id=\"l-768-calendar-anchor\"><\/div>\n<div id=\"new-fading-text\" class=\"new-fading-text _loaded u-no-before show-hidden-elements\">\n<div class=\"o-activity-description\">\n<h2>Wyspa Catalina i jednodniowa wycieczka Altos de Chav\u00f3n<\/h2>\n<p>Po odebraniu z hotelu z samego rana wyruszysz na swoj\u0105 przygod\u0119, robi\u0105c pierwszy przystanek\u00a0<strong>Altos de Chav\u00f3n<\/strong>. B\u0119dziesz mia\u0142 40 minut na zbadanie tego<strong>\u00a0pi\u0119kna rekreacja wioski w stylu \u015br\u00f3dziemnomorskim<\/strong>\u00a0i podziwiaj widoki na przep\u0142ywaj\u0105c\u0105 obok rzek\u0119 Chav\u00f3n. Naprawd\u0119 czaruj\u0105ce!<\/p>\n<p class=\"new-fading-text__hidden-element\">Kontynuuj\u0105c wycieczk\u0119, zostaniesz zabrany do przystani na\u00a0<strong>Rzeka Salado\u00a0<\/strong>gdzie Tw\u00f3j\u00a0<strong>katamaran\u00a0<\/strong>b\u0119d\u0105 czeka\u0107, a\u017c wyp\u0142yniesz na Isla Catalina. Podczas rejsu, kt\u00f3ry potrwa oko\u0142o 40 minut, b\u0119dziesz napi\u0107 si\u0119 drinka na pok\u0142adzie, podziwiaj\u0105c\u00a0<strong>przeszywaj\u0105cy b\u0142\u0119kit l\u015bni\u0105cego Morza Karaibskiego<\/strong>.<\/p>\n<p class=\"new-fading-text__hidden-element\">Zbli\u017caj\u0105c si\u0119 do celu, udasz si\u0119 bezpo\u015brednio na raf\u0119 koralow\u0105 znan\u0105 jako La Pared lub The Wall, gdzie b\u0119dziesz mia\u0142 okazj\u0119\u00a0<strong>och\u0142od\u017a si\u0119 podczas orze\u017awiaj\u0105cej k\u0105pieli w morzu i nurkuj w\u015br\u00f3d niesamowitego \u017cycia morskiego<\/strong>. Sp\u0119d\u017a 40 minut na eksploracji pod wod\u0105, zanim wr\u00f3cisz na katamaran i rzucisz kotwic\u0119 w przystani na wyspie Catalina.<\/p>\n<p class=\"new-fading-text__hidden-element\">Stawiaj\u0105c stopy na suchym l\u0105dzie, zostaniesz zabrany do ma\u0142ej restauracji z przepi\u0119knym widokiem na morze, gdzie zostaniesz potraktowany\u00a0<strong>pyszny obiad w formie bufetu<\/strong>. Z now\u0105 energi\u0105 b\u0119dziesz mie\u0107 trzy godziny wolnego czasu, aby jak najlepiej go wykorzysta\u0107\u00a0<strong>rajskie pla\u017ce z bia\u0142ym piaskiem<\/strong>. Niezale\u017cnie od tego, czy wolisz odpocz\u0105\u0107 i opala\u0107 si\u0119, czy spr\u00f3bowa\u0107 zabawy, takiej jak surfowanie wios\u0142em, sp\u0119dzisz niezapomniane popo\u0142udnie.<\/p>\n<p class=\"new-fading-text__hidden-element\">Pod koniec dnia wr\u00f3cisz do katamaranu, aby pop\u0142yn\u0105\u0107 z powrotem do La Romana, gdzie zostaniesz wysadzony w hotelu.<\/p>\n<\/div>\n<\/div>\n<p>&nbsp;<\/p>\n<p><strong>Plan lekcji:<\/strong><\/p>\n<p>7:00 \u2013 16:30<\/p>\n<p>&nbsp;<\/p>\n<\/div>\n<p>Czas mo\u017ce ulec zmianie w zale\u017cno\u015bci od godziny wyjazdu z hoteli.<\/p>\n<div class=\"wpb_wrapper\">\n<p>&nbsp;<\/p>\n<h4><em><strong>Co powiniene\u015b ze sob\u0105 zabra\u0107?<\/strong><\/em><\/h4>\n<ul>\n<li>Kamera<\/li>\n<li>Odstraszaj\u0105ce p\u0105ki<\/li>\n<li>krem do opalania<\/li>\n<li>Kapelusz<\/li>\n<li>Wygodne spodnie<\/li>\n<li>Kostium k\u0105pielowy<\/li>\n<li>Got\u00f3wka na pami\u0105tki<\/li>\n<\/ul>\n<p>&nbsp;<\/p>\n<h4><b><i>Odbi\u00f3r z hotelu<\/i><\/b><\/h4>\n<p>W przypadku tej wycieczki oferowany jest odbi\u00f3r z hotelu. Mo\u017cemy to ustawi\u0107 za pomoc\u0105 Whatsapp. Z hoteli La Romana, Punta Cana, Bavaro i Bayahibe.<\/p>\n<p>&nbsp;<\/p>\n<p><b>Uwaga:<\/b> je\u015bli dokonujesz rezerwacji w ci\u0105gu 24 godzin od godziny rozpocz\u0119cia wycieczki\/wycieczki, mo\u017cemy zorganizowa\u0107 odbi\u00f3r z hotelu. Po sfinalizowaniu zakupu wy\u015blemy Ci pe\u0142ne dane kontaktowe (numer telefonu, adres e-mail itp.) do naszego lokalnego przewodnika w celu zorganizowania odbioru.<\/p>\n<h4><b><i>Dodatkowe potwierdzenie informacji<\/i><\/b><\/h4>\n<ol>\n<li>Bilety s\u0105 paragonem po op\u0142aceniu tej wycieczki. Mo\u017cesz pokaza\u0107 p\u0142atno\u015b\u0107 na swoim telefonie.<\/li>\n<li>Miejsce spotkania zostanie odebrane po zako\u0144czeniu procesu rezerwacji.<\/li>\n<li>Dzieciom musi towarzyszy\u0107 osoba doros\u0142a.<\/li>\n<li>Dost\u0119p dla w\u00f3zk\u00f3w inwalidzkich<\/li>\n<li>Niemowl\u0119ta musz\u0105 siedzie\u0107 na kolanach<\/li>\n<li>Wi\u0119kszo\u015b\u0107 podr\u00f3\u017cnych mo\u017ce wzi\u0105\u0107 udzia\u0142<\/li>\n<\/ol>\n<h4><b><i>Zasady anulowania<\/i><\/b><\/h4>\n<p>Aby uzyska\u0107 pe\u0142ny zwrot pieni\u0119dzy, przeczytaj nasze Zasady anulowania rezerwacji\u00a0<a href=\"https:\/\/www.boattoursamana.com\/pl\/rezerwacja-online\/\" target=\"_blank\" rel=\"noopener\" data-saferedirecturl=\"https:\/\/www.google.com\/url?q=https:\/\/www.boattoursamana.com\/online-booking\/&amp;source=gmail&amp;ust=1672532492004000&amp;usg=AOvVaw3ylqI1cdbIPTimEqEWneyd\">Kliknij tutaj<\/a>. \u015arodki zostan\u0105 utracone, je\u015bli rezerwacja zostanie anulowana tego samego dnia wycieczki.<\/p>\n<\/div>\n<\/div>\n<\/div>\n<\/div>\n<\/div>\n<\/div>\n<\/div>\n<\/div>\n<\/div>\n<\/div>\n<\/div>\n<\/div>\n<div class=\"vc_row wpb_row vc_row-fluid\">\n<div class=\"wpb_column vc_column_container vc_col-sm-12\">\n<div class=\"vc_column-inner\">\n<div class=\"wpb_wrapper\">\n<div class=\"vc_empty_space\"><\/div>\n<div class=\"wpb_text_column wpb_content_element\">\n<div class=\"wpb_wrapper\">\n<h4>Skontaktuj si\u0119 z nami?<\/h4>\n<h5><b><i>rezerwacja przyg\u00f3d<\/i><\/b><\/h5>\n<p><em><strong>Miejscowi<\/strong>\u00a0oraz\u00a0<strong>Rodacy<\/strong>\u00a0Przewodnicy turystyczni i us\u0142ugi dla go\u015bci<\/em><\/p>\n<p><span class=\"text-turquoise\">Rezerwacje:<\/span>\u00a0Wycieczki i wycieczki w Dom. Reprezentant.<\/p>\n<p><img decoding=\"async\" class=\"emoji\" src=\"https:\/\/s.w.org\/images\/core\/emoji\/11.2.0\/svg\/1f4de.svg\" alt=\"\ud83d\udcde\" title=\"\">\u00a0Tel \/ Whatsapp\u00a0\u00a0<a href=\"tel:+1-809-720-6035\">+1-809-720-6035<\/a>.<\/p>\n<p><img decoding=\"async\" class=\"emoji\" src=\"https:\/\/s.w.org\/images\/core\/emoji\/11.2.0\/svg\/1f4e9.svg\" alt=\"\ud83d\udce9\" title=\"\">\u00a0<a href=\"mailto:info@bookingadventures.com.do\">info@bookingadventures.com.do<\/a><\/p>\n<p><strong>Jeste\u015bmy elastyczni w ustalaniu prywatnych wycieczek przez Whatsapp:\u00a0<a href=\"tel:+18097206035\">+18097206035.<\/a><\/strong><\/p>\n<\/div>\n<\/div>\n<\/div>\n<\/div>\n<\/div>\n<\/div>\n\n\t\t<\/div>\n\t<\/div>\n<div class=\"vc_btn3-container vc_btn3-inline\" ><button class=\"vc_general vc_btn3 vc_btn3-size-md vc_btn3-shape-rounded vc_btn3-style-modern vc_btn3-color-green\">REZERWUJ TERAZ<\/button><\/div><\/div><\/div><\/div><\/div><div class=\"vc_row wpb_row vc_row-fluid\" ><div class=\"wpb_column vc_column_container vc_col-sm-12\"><div class=\"vc_column-inner\"><div class=\"wpb_wrapper\"><\/div><\/div><\/div><\/div>","protected":false},"excerpt":{"rendered":"<p>Ma\u0142a wyspa Catalina (Isla Catalina), po\u0142o\u017cona zaledwie 1,5 mili (2,4 km) od sta\u0142ego l\u0105du Dominikany, to idylliczny piaszczysty punkt na turkusowych wodach Karaib\u00f3w. Znana z dobrze zaludnionych raf koralowych, Catalina to spokojne miejsce wytchnienia dla tych, kt\u00f3rzy chc\u0105 uciec od t\u0119tni\u0105cego \u017cyciem Punta Cana i La Romana.<\/p>\n<p>Zarezerwuj z nami jednodniow\u0105 wycieczk\u0119. Wyspa Catalina w imprezowym katamaranie z nurkowaniem!<\/p>\n<p>&nbsp;<\/p>\n<p>Wybierz dat\u0119 wycieczki:<\/p>","protected":false},"featured_media":9658,"template":"","meta":[],"product_cat":[483,948,160,972,967,349,253,255],"product_tag":[973,974,975,485,976,480,296,471,484],"class_list":["post-9653","product","type-product","status-publish","has-post-thumbnail","hentry","product_cat-catalina-island-catamaran-and-snorkeling","product_cat-1-punta-cana","product_cat-lunch","product_cat-punta-cana-group-tours","product_cat-punta-cana-catalina-island","product_cat-tours-and-excursion-punta-cana","product_cat-tours-and-excursions","product_cat-tours-excursions-samana-bay-dominican-republic","product_tag-catalina-island","product_tag-catalina-island-dominican-republic-snorkeling","product_tag-catalina-island-packages","product_tag-catalina-island-snorkeling-dominican-republic","product_tag-catalina-island-tour","product_tag-cheap-punta-cana-excursions","product_tag-day-trip-punta-cana","product_tag-punta-cana-catamaran-party-with-snorkeling-and-parasailing","product_tag-talina-island-snorkeling"],"_links":{"self":[{"href":"https:\/\/www.boattoursamana.com\/pl\/wp-json\/wp\/v2\/product\/9653","targetHints":{"allow":["GET"]}}],"collection":[{"href":"https:\/\/www.boattoursamana.com\/pl\/wp-json\/wp\/v2\/product"}],"about":[{"href":"https:\/\/www.boattoursamana.com\/pl\/wp-json\/wp\/v2\/types\/product"}],"wp:featuredmedia":[{"embeddable":true,"href":"https:\/\/www.boattoursamana.com\/pl\/wp-json\/wp\/v2\/media\/9658"}],"wp:attachment":[{"href":"https:\/\/www.boattoursamana.com\/pl\/wp-json\/wp\/v2\/media?parent=9653"}],"wp:term":[{"taxonomy":"product_cat","embeddable":true,"href":"https:\/\/www.boattoursamana.com\/pl\/wp-json\/wp\/v2\/product_cat?post=9653"},{"taxonomy":"product_tag","embeddable":true,"href":"https:\/\/www.boattoursamana.com\/pl\/wp-json\/wp\/v2\/product_tag?post=9653"}],"curies":[{"name":"wp","href":"https:\/\/api.w.org\/{rel}","templated":true}]}}