{"id":9731,"date":"2019-11-07T08:01:34","date_gmt":"2019-11-07T08:01:34","guid":{"rendered":"https:\/\/www.ticketswhales.com\/?post_type=product&#038;p=9731"},"modified":"2023-11-10T16:52:57","modified_gmt":"2023-11-10T16:52:57","slug":"bahia-de-las-aguilas-beach-day-trip-by-boat-day-pass-snorkeling-lunch","status":"publish","type":"product","link":"https:\/\/www.boattoursamana.com\/pl\/wycieczka-2\/bahia-de-las-aguilas-plaza-dzienna-wycieczka-statkiem-dzienny-bilet-snorkeling-lunch-2","title":{"rendered":"Bah\u00eda de las \u00c1guilas: jednodniowa wycieczka \u0142odzi\u0105 na pla\u017c\u0119 \u2013 karnet dzienny \u2013 snorkeling i lunch"},"content":{"rendered":"<div class=\"vc_row wpb_row vc_row-fluid\" ><div class=\"wpb_column vc_column_container vc_col-sm-12\"><div class=\"vc_column-inner\"><div class=\"wpb_wrapper\"><div class=\"vc_btn3-container vc_btn3-inline\" ><button class=\"vc_general vc_btn3 vc_btn3-size-md vc_btn3-shape-rounded vc_btn3-style-modern vc_btn3-color-green\">REZERWUJ TERAZ<\/button><\/div>\n\t<div class=\"wpb_text_column wpb_content_element\" >\n\t\t<div class=\"wpb_wrapper\">\n\t\t\t<div class=\"vc_row wpb_row vc_row-fluid\">\n<div class=\"wpb_column vc_column_container vc_col-sm-12\">\n<div class=\"vc_column-inner\">\n<div class=\"wpb_wrapper\">\n<div class=\"mkdf-section-title-holder\">\n<div class=\"mkdf-st-inner\">\n<h5 class=\"mkdf-st-subtitle\">Day Pass &#8211; Snorkeling &amp; Lunch<\/h5>\n<h3 class=\"mkdf-st-title\">Bah\u00eda de las Aguilas: jednodniowa wycieczka \u0142odzi\u0105 na pla\u017c\u0119<\/h3>\n<\/div>\n<\/div>\n<\/div>\n<\/div>\n<\/div>\n<\/div>\n<div class=\"vc_row wpb_row vc_row-fluid\">\n<div class=\"wpb_column vc_column_container vc_col-sm-12\">\n<div class=\"vc_column-inner\">\n<div class=\"wpb_wrapper\">\n<div class=\"wpb_text_column wpb_content_element\">\n<div class=\"wpb_wrapper\">\n<h4><b><i>Przegl\u0105d<\/i><\/b><\/h4>\n<p>Sp\u0119d\u017a dzie\u0144 na pla\u017cy i daj si\u0119 ponie\u015b\u0107 duchowi, z dala od obszar\u00f3w turystycznych i ca\u0142ego stresu. Przyjd\u017a i odkryj Park Narodowy Jaragua i Bahia de las \u00c1guilas. Jed\u017a pi\u0119kn\u0105 drog\u0105 z zapieraj\u0105cymi dech w piersiach widokami na ma\u0142y port i wiosk\u0119 ryback\u0105 Cabo Rojo. W Las Cuevas wsi\u0105dziesz na pok\u0142ad \u0142odzi, kt\u00f3ra zabierze Ci\u0119 w 15 minut na jedn\u0105 z najpi\u0119kniejszych naturalnych pla\u017c na \u015bwiecie. Piaski Bah\u00eda de las Aguilas s\u0105 nieskazitelne, a zatoka rozci\u0105ga si\u0119 na 8 km. Do\u015bwiadcz wyj\u0105tkowego nadmorskiego krajobrazu z krystalicznie czyst\u0105 wod\u0105, mieni\u0105c\u0105 si\u0119 odcieniami od turkusu po opalowo-niebieski wtapiaj\u0105cy si\u0119 a\u017c po horyzont. Lunch serwowany jest na pla\u017cy, pop\u0142ywaj lub ponurkuj i odkryj ten nietkni\u0119ty naturalny raj.<\/p>\n<p>&nbsp;<\/p>\n<ul>\n<li>Lokalny przewodnik z do\u015bwiadczeniem w zakresie bezpiecze\u0144stwa w okolicy.<\/li>\n<li>Prywatny transport<\/li>\n<li>Op\u0142aty wliczone<\/li>\n<li>Lunch<\/li>\n<li>Lokalny przewodnik w j\u0119zyku hiszpa\u0144skim, angielskim lub francuskim.<\/li>\n<li>W\u0119dr\u00f3wki<\/li>\n<li>Nurkowanie<\/li>\n<\/ul>\n<h4><b>W\u0142\u0105czenia i wykluczenia<\/b><\/h4>\n<p>&nbsp;<\/p>\n<p><b>Inkluzje<\/b><\/p>\n<ol>\n<li>Lokalny przewodnik z do\u015bwiadczeniem w zakresie bezpiecze\u0144stwa w okolicy.<\/li>\n<li>Prywatny transport dla ma\u0142ych grup<\/li>\n<li>Wszystkie podatki, op\u0142aty i op\u0142aty manipulacyjne<\/li>\n<li>Lokalne podatki<\/li>\n<li>Lunch<\/li>\n<li>W\u0119dr\u00f3wki<\/li>\n<li>Naturalne baseny<\/li>\n<li>Nurkowanie<\/li>\n<li>Wszystkie aktywno\u015bci<\/li>\n<\/ol>\n<p><b>Wykluczenia<\/b><\/p>\n<ol>\n<li>Napiwki<\/li>\n<li>Wszystkie napoje<\/li>\n<\/ol>\n<h4><em><strong>Wyjazd i powr\u00f3t<\/strong><\/em><\/h4>\n<p>Po dokonaniu rezerwacji podr\u00f3\u017cny otrzyma miejsce zbi\u00f3rki. Wycieczki rozpoczynaj\u0105 si\u0119 i ko\u0144cz\u0105 w miejscach spotka\u0144.<\/p>\n<h2 class=\"styles__heading___mD4_3\" data-radium=\"true\">Bah\u00eda de las Aguilas: Beach Day Trip by Boat -Day Pass \u2013 Snorkeling &amp; Lunch<\/h2>\n<h4><em>Czego oczekiwa\u0107?<\/em><\/h4>\n<p>Playa de las Aguilas zosta\u0142a nazwana na cze\u015b\u0107 miejscowego or\u0142a. Jest znana jako najpi\u0119kniejsza pla\u017ca w ca\u0142ym kraju. Klimat parku jest bardzo suchy, a ro\u015blinno\u015b\u0107 sk\u0142ada si\u0119 g\u0142\u00f3wnie z kaktus\u00f3w i innych ro\u015blin pustynnych. Biegn\u0105ca wzd\u0142u\u017c zatoki czerwona droga gruntowa jest por\u00f3wnywalna z krajobrazem afryka\u0144skiej sawanny.<br \/>\nOdkryj ten raj dla w\u0119dkarzy i mi\u0142o\u015bnik\u00f3w bia\u0142ych piaszczystych pla\u017c i krystalicznie czystej wody. Ale najpierw udaj si\u0119 do wioski La Cueva, gdzie lokalni rybacy mieszkaj\u0105 w jaskiniach.<\/p>\n<p>Czy czego\u015b brakuje w tym idealnym momencie na zdj\u0119ciu?<\/p>\n<p>Spokojne morze i lekki wiatr uchroni\u0105 Ci\u0119 przed nadmiernym cierpieniem od s\u0142o\u0144ca i upa\u0142u. Zosta\u0144 odkrywc\u0105 na jeden dzie\u0144 i odkryj ekologiczny, naturalny i ca\u0142kowicie dziewiczy raj. Mo\u017cna tu zaobserwowa\u0107 ponad 130 gatunk\u00f3w ptak\u00f3w, z kt\u00f3rych 76 na sta\u0142e \u017cyje w zatoce, 10 to gatunki endemiczne, a 47 to w\u0119drowne.<\/p>\n<p>08.00 \u2013 Wyjazd spod hotelu<br \/>\n09.30 \u2013 Kr\u00f3tki post\u00f3j przy Laguna de Oviedo, aby nacieszy\u0107 si\u0119 widokiem z platformy widokowej<br \/>\n11.00 \u2013 Wyp\u0142yni\u0119cie \u0142odzi\u0105 z wioski La Cueva do Bahia de las Aguilas<br \/>\n12.30 \u2013 Typowy obiad na pla\u017cy<br \/>\n03.00 \u2013 Powr\u00f3t do La Cueva<br \/>\n06.00 \u2013 Przyjazd do hotelu<\/p>\n<h4><em><strong>Co powiniene\u015b ze sob\u0105 zabra\u0107?<\/strong><\/em><\/h4>\n<ul>\n<li>Kamera<\/li>\n<li>Odstraszaj\u0105ce p\u0105ki<\/li>\n<li>Krem do opalania<\/li>\n<li>Toaleta<\/li>\n<li>Kapelusz<\/li>\n<li>Wygodne spodnie<\/li>\n<li>Buty turystyczne do lasu<\/li>\n<li>Sanda\u0142y na wiosenne tereny.<\/li>\n<li>Kostium k\u0105pielowy<\/li>\n<\/ul>\n<p>&nbsp;<\/p>\n<h4><b><i>Hotel odbioru<\/i><\/b><\/h4>\n<p>W przypadku tej wycieczki oferowany jest odbi\u00f3r z hotelu. Odbi\u00f3r\/transport z Twojego hotelu (obszar Barahona\/Paraiso\/Los Patos).<\/p>\n<p><b>Uwaga:<\/b>\u00a0If you are booked within 24 hours of the tour\/Excursion departure time, we can arrange hotel pick-up. We just pick up in Samana area. Once your purchase is complete, we will send you complete contact information (phone number, email address, etc.) for our local Tour guide to organize pick-up arrangements.<\/p>\n<h4><b><i>Dodatkowe potwierdzenie informacji<\/i><\/b><\/h4>\n<ol>\n<li>Bilety s\u0105 paragonem po op\u0142aceniu tej wycieczki. Mo\u017cesz pokaza\u0107 p\u0142atno\u015b\u0107 na swoim telefonie.<\/li>\n<li>Miejsce spotkania zostanie odebrane po procesie rezerwacji.<\/li>\n<li>Dzieciom musi towarzyszy\u0107 osoba doros\u0142a.<\/li>\n<li>Niedost\u0119pny dla w\u00f3zk\u00f3w inwalidzkich<\/li>\n<li>Niemowl\u0119ta musz\u0105 siedzie\u0107 na kolanach<\/li>\n<li>Niezalecane dla podr\u00f3\u017cnych z problemami z plecami<\/li>\n<li>Nie zalecane dla podr\u00f3\u017cuj\u0105cych w ci\u0105\u017cy<\/li>\n<li>\u017badnych problem\u00f3w z sercem ani innych powa\u017cnych schorze\u0144<\/li>\n<li>Wi\u0119kszo\u015b\u0107 podr\u00f3\u017cnych mo\u017ce wzi\u0105\u0107 udzia\u0142<\/li>\n<\/ol>\n<h4><b><i>Zasady anulowania<\/i><\/b><\/h4>\n<p>Aby uzyska\u0107 pe\u0142ny zwrot pieni\u0119dzy, anuluj co najmniej 24 godziny przed dat\u0105 rozpocz\u0119cia atrakcji. W przypadku anulowania rezerwacji jeszcze tego samego dnia wyjazdu, \u015brodki przepadn\u0105.<\/p>\n<\/div>\n<\/div>\n<\/div>\n<\/div>\n<\/div>\n<\/div>\n\n\t\t<\/div>\n\t<\/div>\n<\/div><\/div><\/div><\/div><div class=\"wpb_column vc_column_container vc_col-sm-12\"><div class=\"vc_column-inner\"><div class=\"wpb_wrapper\"><\/div><\/div><\/div>","protected":false},"excerpt":{"rendered":"<p>Buy a day ticket to Bahia las Aguilas from Barahona. Driving through Jaragua National Park and heading to Cabo Rojo, where a boat awaits you. After a 15-minute boat ride, you&#8217;ll arrive at the beautiful and secluded Bay of Eagles, considered the most beautiful beach in the country. Lunch will be served on the beach and you will have the opportunity to swim or just relax on the beach. Enjoy the pristine white sand of this 8 km long beach.<\/p>\n<p><strong>Select the day for this for this trip:\u00a0<\/strong><\/p>","protected":false},"featured_media":9747,"template":"","meta":[],"product_cat":[549,160],"product_tag":[557,554,555,563,560,556,564,559,553,567,566,561,565,558,562],"class_list":["post-9731","product","type-product","status-publish","has-post-thumbnail","hentry","product_cat-bahia-de-las-aguilas-dominican-republic","product_cat-lunch","product_tag-bahia-de-las-aguilas","product_tag-bahia-de-las-aguilas-pedernales","product_tag-bahia-de-las-aguilas-beach-tour","product_tag-bahia-de-las-aguilas-hoteles","product_tag-bahia-de-las-aguilas-map","product_tag-bahia-de-las-aguilas-private-tour","product_tag-bahia-de-las-aguilas-republica-dominicana-hotel","product_tag-bahia-de-las-aguilas-tour-from-punta-cana","product_tag-bahia-de-las-aguilas-beach-day-trip-by-boat","product_tag-bahia-las-aguilas-tours","product_tag-barahona-tours","product_tag-closest-airport-to-bahia-de-las-aguilas","product_tag-hotel-barahona","product_tag-playa-bahia-de-las-aguilas-dominican-republic","product_tag-tours-a-bahia-de-las-aguilas-desde-santo-domingo"],"_links":{"self":[{"href":"https:\/\/www.boattoursamana.com\/pl\/wp-json\/wp\/v2\/product\/9731","targetHints":{"allow":["GET"]}}],"collection":[{"href":"https:\/\/www.boattoursamana.com\/pl\/wp-json\/wp\/v2\/product"}],"about":[{"href":"https:\/\/www.boattoursamana.com\/pl\/wp-json\/wp\/v2\/types\/product"}],"wp:featuredmedia":[{"embeddable":true,"href":"https:\/\/www.boattoursamana.com\/pl\/wp-json\/wp\/v2\/media\/9747"}],"wp:attachment":[{"href":"https:\/\/www.boattoursamana.com\/pl\/wp-json\/wp\/v2\/media?parent=9731"}],"wp:term":[{"taxonomy":"product_cat","embeddable":true,"href":"https:\/\/www.boattoursamana.com\/pl\/wp-json\/wp\/v2\/product_cat?post=9731"},{"taxonomy":"product_tag","embeddable":true,"href":"https:\/\/www.boattoursamana.com\/pl\/wp-json\/wp\/v2\/product_tag?post=9731"}],"curies":[{"name":"wp","href":"https:\/\/api.w.org\/{rel}","templated":true}]}}