{"id":15772,"date":"2023-07-15T07:43:40","date_gmt":"2023-07-15T07:43:40","guid":{"rendered":"https:\/\/www.ticketswhales.com\/catalina-island-altos-de-chavon-from-punta-cana-snorkeling-with-catamaran-party\/"},"modified":"2023-07-15T07:43:40","modified_gmt":"2023-07-15T07:43:40","slug":"catalina-island-altos-de-chavon-from-punta-cana-snorkeling-with-catamaran-party","status":"publish","type":"page","link":"https:\/\/www.boattoursamana.com\/pt\/catalina-island-altos-de-chavon-from-punta-cana-snorkeling-with-catamaran-party-2","title":{"rendered":"Ilha Catalina e Altos de Chavon de Punta Cana (mergulho com snorkel com festa de catamar\u00e3)"},"content":{"rendered":"<p>A min\u00fascula Ilha Catalina (Isla Catalina), a apenas 2,4 quil\u00f4metros do continente da Rep\u00fablica Dominicana, \u00e9 uma mancha de areia id\u00edlica nas \u00e1guas azul-turquesa do Caribe. Conhecida por seus recifes de corais bem povoados, Catalina \u00e9 um ref\u00fagio tranquilo para quem quer fugir da agita\u00e7\u00e3o de Punta Cana e La Romana.<br \/>\nn<br \/>\nnReserve um passeio de um dia conosco. Ilha Catalina em um catamar\u00e3 de festa com mergulho com snorkel!<br \/>\nn<br \/>\nn&nbsp;<br \/>\nn<br \/>\nnPor favor, selecione a data da excurs\u00e3o:<\/p>\n<p>&nbsp;<\/p>\n<div class=\"vc_row wpb_row vc_row-fluid\" ><div class=\"wpb_column vc_column_container vc_col-sm-12\"><div class=\"vc_column-inner\"><div class=\"wpb_wrapper\"><div class=\"mkdf-section-title-holder\" style=\"text-align: left\">\n\t<div class=\"mkdf-st-inner\">\n\t\t\t\t\t<h5 class=\"mkdf-st-subtitle\" >\n\t\t\t\tExperi\u00eancia de meio dia\t\t\t<\/h5>\n\t\t\t\t\t\t\t<h3 class=\"mkdf-st-title\" >\n\t\t\t\tIlha Catalina e mergulho com snorkel com festa de catamar\u00e3 de Punta Cana\t\t\t<\/h3>\n\t\t\t\t\t<\/div>\n<\/div><div class=\"vc_btn3-container vc_btn3-inline\" ><button class=\"vc_general vc_btn3 vc_btn3-size-md vc_btn3-shape-rounded vc_btn3-style-modern vc_btn3-color-green\">AGENDE AGORA<\/button><\/div><\/div><\/div><\/div><\/div><div class=\"vc_row wpb_row vc_row-fluid\" ><div class=\"wpb_column vc_column_container vc_col-sm-12\"><div class=\"vc_column-inner\"><div class=\"wpb_wrapper\">\n\t<div class=\"wpb_text_column wpb_content_element\" >\n\t\t<div class=\"wpb_wrapper\">\n\t\t\t<p>\nn<\/p>\n<div class=\"vc_row wpb_row vc_row-fluid\">\nn<\/p>\n<div class=\"wpb_column vc_column_container vc_col-sm-12\">\nn<\/p>\n<div class=\"vc_column-inner\">\nn<\/p>\n<div class=\"wpb_wrapper\">\nn<\/p>\n<div class=\"wpb_text_column wpb_content_element\">\nn<\/p>\n<div class=\"wpb_wrapper\">\nn<\/p>\n<div class=\"vc_row wpb_row vc_row-fluid\">\nn<\/p>\n<div class=\"wpb_column vc_column_container vc_col-sm-12\">\nn<\/p>\n<div class=\"vc_column-inner\">\nn<\/p>\n<div class=\"wpb_wrapper\">\nn<\/p>\n<div class=\"wpb_text_column wpb_content_element\">\nn<\/p>\n<div class=\"wpb_wrapper\">\nn<\/p>\n<h4><b><i>Vis\u00e3o geral<\/i><\/b><\/h4>\n<p>nDesfrutamos de um passeio de catamar\u00e3 por \u00e1guas cristalinas at\u00e9 a Ilha Catalina, a \u00e1rea mais conhecida para mergulho com snorkel na Rep\u00fablica Dominicana.<br \/>\nn<br \/>\nnSeu dia come\u00e7a com o traslado no sagu\u00e3o principal de seu hotel ou no ponto de encontro especificado. Em seguida, seguiremos para a Ilha Catalina para desfrutar de um banho refrescante e alguns drinques, enquanto quem quiser poder\u00e1 praticar dois tipos de snorkel com um instrutor e, depois, comeremos um delicioso buf\u00ea de almo\u00e7o na praia e teremos algumas aulas de salsa e bachata, enquanto tamb\u00e9m preparamos alguns drinques deliciosos. Quando estivermos cansados da pregui\u00e7a na praia, pegue um equipamento de mergulho com snorkel e admire o mundo subaqu\u00e1tico de Catalina.<br \/>\nn<br \/>\nnO oceano, incrivelmente claro, e a praia de areia branca esperam por voc\u00ea. Relaxe em uma espregui\u00e7adeira ou mergulhe com snorkel, tudo inclu\u00eddo para voc\u00ea. Voc\u00ea aproveitar\u00e1 o local onde ver\u00e1 a tradi\u00e7\u00e3o de nossa m\u00fasica e dan\u00e7a.<br \/>\nn<br \/>\nnDepois disso, vamos para Altos de Chavon Cattle and River!<br \/>\nn<br \/>\nn<strong>Observa\u00e7\u00e3o:<\/strong> Este passeio n\u00e3o \u00e9 privado. Se voc\u00ea gostaria de definir um tour privado, entre em contato conosco!<br \/>\nn<\/p>\n<ul>\nn \t<\/p>\n<li>\nn<\/p>\n<div class=\"py-1 inclusions-exclusions-item d-flex\" lang=\"en-x-mtfrom-en\">\nn<\/p>\n<div class=\"d-inline-block inclusions-exclusions-text\">transporte privado<\/div>\n<p>n\n<\/p><\/div>\n<\/li>\n<p>n \t<\/p>\n<li>Piscina natural para observa\u00e7\u00e3o de estrelas do mar<\/li>\n<p>n \t<\/p>\n<li>mergulho<\/li>\n<p>n \t<\/p>\n<li>Almo\u00e7o<\/li>\n<p>n \t<\/p>\n<li>Traslado de barco catamar\u00e3<\/li>\n<p>n \t<\/p>\n<li>O capit\u00e3o fornece instru\u00e7\u00e3o e supervis\u00e3o<\/li>\n<p>n \t<\/p>\n<li>Guia tur\u00edstico<\/li>\n<p>n<\/ul>\n<p>n&nbsp;<br \/>\nn<\/p>\n<h4><b>Inclus\u00f5es e Exclus\u00f5es<\/b><\/h4>\n<p>n<b>Inclus\u00f5es<\/b><br \/>\nn<\/p>\n<ol>\nn \t<\/p>\n<li>Guia tur\u00edstico<\/li>\n<p>n \t<\/p>\n<li>snorkeling<\/li>\n<p>n \t<\/p>\n<li>Almo\u00e7o<\/li>\n<p>n \t<\/p>\n<li>Recolha em hot\u00e9is<\/li>\n<p>n \t<\/p>\n<li>Passeio de catamar\u00e3 ou barco<\/li>\n<p>n \t<\/p>\n<li>Todos os impostos, taxas e encargos de manuseio<\/li>\n<p>n \t<\/p>\n<li>Impostos locais<\/li>\n<p>n \t<\/p>\n<li>Bebidas<\/li>\n<p>n<\/ol>\n<p>n<b>Exclus\u00f5es<\/b><br \/>\nn<\/p>\n<ol>\nn \t<\/p>\n<li>Gorjetas<\/li>\n<p>n \t<\/p>\n<li>Fotos<\/li>\n<p>n<\/ol>\n<p>n<\/p>\n<h4><em><strong>Partida e Retorno<\/strong><\/em><\/h4>\n<p>nO viajante receber\u00e1 um ponto de encontro ap\u00f3s o processo de reserva. As excurs\u00f5es come\u00e7am e terminam em nossos pontos de encontro.<br \/>\nn<\/p>\n<h3>Ilha Catalina e mergulho com snorkel com festa de catamar\u00e3 saindo de Punta Cana \u2013 experi\u00eancia de meio dia.<\/h3>\n<p>n<\/p>\n<h4><b><i>O que esperar?<\/i><\/b><\/h4>\n<p>nDurante a excurs\u00e3o \u00e0 Ilha Catalina saindo de Punta Cana, os h\u00f3spedes ter\u00e3o a oportunidade de mergulhar com tubo de respira\u00e7\u00e3o nos vibrantes recifes de corais da Catalina, nadando entre animados cardumes de peixes e apreciando a deslumbrante fauna subaqu\u00e1tica do Caribe.<br \/>\nn<br \/>\nnCome\u00e7aremos a excurs\u00e3o de mergulho com snorkel saindo pela manh\u00e3 em dire\u00e7\u00e3o a La Romana. Durante o trajeto, passaremos pelos campos de cana-de-a\u00e7\u00facar enquanto seu guia fornece informa\u00e7\u00f5es interessantes sobre a hist\u00f3ria da regi\u00e3o, a cultura geral e as t\u00e9cnicas de fabrica\u00e7\u00e3o de rum do pa\u00eds. Ao chegarmos a La Romana, embarcaremos em nosso catamar\u00e3 e partiremos em dire\u00e7\u00e3o a Catalina. Nossa primeira parada na ilha ser\u00e1 \"The Wall\", uma majestosa parede de coral que se estende da ilha at\u00e9 o Mar do Caribe.<br \/>\nn<br \/>\nnAp\u00f3s o mergulho com snorkel, voc\u00ea continuar\u00e1 o caminho at\u00e9 a bela praia de Catalina, um lugar exclusivo. Ao chegar, os h\u00f3spedes ter\u00e3o acesso a 2 quil\u00f4metros de praias de areia branca e \u00e1guas cristalinas, um bar de praia com bebidas e um delicioso buf\u00ea de almo\u00e7o dominicano com churrasco. Embarcaremos no catamar\u00e3 por volta das 15h30 para retornar a Punta Cana ap\u00f3s um dia incr\u00edvel de mergulho com snorkel e relaxamento na Ilha Catalina. IlhaDurante a excurs\u00e3o \u00e0 Ilha Catalina saindo de Punta Cana, os h\u00f3spedes ter\u00e3o a oportunidade de mergulhar com tubo de respira\u00e7\u00e3o nos vibrantes recifes de corais da Catalina, nadando entre animados cardumes de peixes e apreciando a deslumbrante fauna subaqu\u00e1tica do Caribe.<br \/>\nn<br \/>\nnCome\u00e7aremos a excurs\u00e3o de mergulho com snorkel saindo pela manh\u00e3 em dire\u00e7\u00e3o a La Romana. Durante o trajeto, passaremos pelos campos de cana-de-a\u00e7\u00facar enquanto seu guia fornece informa\u00e7\u00f5es interessantes sobre a hist\u00f3ria da regi\u00e3o, a cultura geral e as t\u00e9cnicas de fabrica\u00e7\u00e3o de rum do pa\u00eds. Ao chegarmos a La Romana, embarcaremos em nosso catamar\u00e3 e partiremos em dire\u00e7\u00e3o a Catalina.<br \/>\nn<br \/>\nnNossa primeira parada na ilha ser\u00e1 \"The Wall\", uma majestosa parede de coral que se estende da ilha at\u00e9 o Mar do Caribe. Depois de mergulhar com snorkel, voc\u00ea continuar\u00e1 o caminho at\u00e9 a bela praia de Catalina, um lugar exclusivo. Ao chegar, os h\u00f3spedes ter\u00e3o acesso a 2 quil\u00f4metros de praias de areia branca e \u00e1guas cristalinas, um bar de praia com bebidas e um delicioso buf\u00ea de almo\u00e7o dominicano com churrasco. Embarcaremos no catamar\u00e3 por volta das 15h30 para retornar a Punta Cana ap\u00f3s um dia incr\u00edvel de mergulho com snorkel e relaxamento na Ilha Catalina.<br \/>\nn<\/p>\n<div class=\"a-text--first-content _for-copy-large l-hide-for-large\">\nn<br \/>\nnDeixe o<strong>\u00a0O para\u00edso caribenho da Ilha Catalina cativa voc\u00ea\u00a0<\/strong>e explorar o pitoresco\u00a0<strong>Altos de Chav\u00f3n<\/strong>\u00a0nesta imperd\u00edvel viagem de um dia saindo de La Romana.<br \/>\nn<br \/>\nn<\/div>\n<p>n<\/p>\n<div id=\"o-slider--activity-detail__container\" class=\"o-slider js-module-slider is-photos\"><\/div>\n<p>n<\/p>\n<div id=\"l-768-calendar-anchor\"><\/div>\n<p>n<\/p>\n<div id=\"new-fading-text\" class=\"new-fading-text _loaded u-no-before show-hidden-elements\">\nn<\/p>\n<div class=\"o-activity-description\">\nn<\/p>\n<h2>Viagem de um dia \u00e0 Ilha Catalina e Altos de Chav\u00f3n<\/h2>\n<p>nDepois de ser buscado no hotel logo pela manh\u00e3, voc\u00ea partir\u00e1 em sua aventura, fazendo sua primeira parada em\u00a0<strong>Altos de Chav\u00f3n<\/strong>. Voc\u00ea ter\u00e1 40 minutos para explorar este<strong>\u00a0bela recria\u00e7\u00e3o de uma vila de estilo mediterr\u00e2neo<\/strong>\u00a0e admirar as vistas do rio Chav\u00f3n que corre ao lado dele. Verdadeiramente encantador!<br \/>\nn<\/p>\n<p class=\"new-fading-text__hidden-element\">Continuando seu passeio, voc\u00ea ser\u00e1 levado a um cais no\u00a0<strong>Rio Salado\u00a0<\/strong>onde o seu\u00a0<strong>catamar\u00e3\u00a0<\/strong>estar\u00e1 esperando por voc\u00ea para zarpar para Isla Catalina. Durante o seu cruzeiro, que levar\u00e1 cerca de 40 minutos, voc\u00ea desfrutar\u00e1 de uma bebida a bordo enquanto se maravilha com o\u00a0<strong>azul penetrante do cintilante Mar do Caribe<\/strong>.<\/p>\n<p>n<\/p>\n<p class=\"new-fading-text__hidden-element\">Ao se aproximar de seu destino, voc\u00ea seguir\u00e1 diretamente para o recife de coral conhecido como La Pared, ou The Wall, onde ter\u00e1 a oportunidade de\u00a0<strong>refresque-se com um mergulho refrescante no mar e mergulhe com snorkel entre a incr\u00edvel vida marinha<\/strong>. Passe 40 minutos explorando debaixo d&#039;\u00e1gua, antes de retornar ao catamar\u00e3 e ancorar no cais da Ilha Catalina.<\/p>\n<p>n<\/p>\n<p class=\"new-fading-text__hidden-element\">Com os p\u00e9s em terra firme, ser\u00e1 conduzido a um pequeno restaurante com vista deslumbrante para o mar, onde ser\u00e1 brindado com um\u00a0<strong>delicioso buffet de almo\u00e7o<\/strong>. Com as energias renovadas, voc\u00ea ter\u00e1 tr\u00eas horas de tempo livre para aproveitar ao m\u00e1ximo o\u00a0<strong>praias paradis\u00edacas de areia branca<\/strong>. Quer prefira relaxar e apanhar banhos de sol ou experimentar uma atividade divertida como o paddle surf, desfrutar\u00e1 de uma tarde inesquec\u00edvel.<\/p>\n<p>n<\/p>\n<p class=\"new-fading-text__hidden-element\">No final do dia, voc\u00ea retornar\u00e1 ao catamar\u00e3 para navegar de volta a La Romana, onde ser\u00e1 deixado em seu hotel.<\/p>\n<p>n<br \/>\nn\n<\/div>\n<p>n\n<\/p><\/div>\n<p>n&nbsp;<br \/>\nn<br \/>\nn<strong>Calend\u00e1rio:<\/strong><br \/>\nn<br \/>\nn7:00 AM - 4:30 PM<br \/>\nn<br \/>\nn&nbsp;<br \/>\nn<br \/>\nn<\/div>\n<p>nO hor\u00e1rio pode mudar dependendo do hor\u00e1rio de partida dos hot\u00e9is.<br \/>\nn<\/p>\n<div class=\"wpb_wrapper\">\nn<br \/>\nn&nbsp;<br \/>\nn<\/p>\n<h4><em><strong>O que voc\u00ea deve trazer?<\/strong><\/em><\/h4>\n<p>n<\/p>\n<ul>\nn \t<\/p>\n<li>C\u00e2mera<\/li>\n<p>n \t<\/p>\n<li>bot\u00f5es repelentes<\/li>\n<p>n \t<\/p>\n<li>protetor solar<\/li>\n<p>n \t<\/p>\n<li>Chap\u00e9u<\/li>\n<p>n \t<\/p>\n<li>cal\u00e7as confort\u00e1veis<\/li>\n<p>n \t<\/p>\n<li>roupa de banho<\/li>\n<p>n \t<\/p>\n<li>Dinheiro para lembran\u00e7as<\/li>\n<p>n<\/ul>\n<p>n&nbsp;<br \/>\nn<\/p>\n<h4><b><i>Recolha no hotel<\/i><\/b><\/h4>\n<p>nO servi\u00e7o de traslado do hotel \u00e9 oferecido para esse passeio. Podemos definir isso via Whatsapp. Dos hot\u00e9is de La Romana, Punta Cana, Bavaro e Bayahibe.<br \/>\nn<br \/>\nn&nbsp;<br \/>\nn<br \/>\nn<b>Observa\u00e7\u00e3o:<\/b> se voc\u00ea fizer a reserva dentro de 24 horas antes do hor\u00e1rio de partida da excurs\u00e3o\/excurs\u00e3o, podemos providenciar a retirada do hotel. Assim que sua compra for conclu\u00edda, enviaremos a voc\u00ea informa\u00e7\u00f5es de contato completas (n\u00famero de telefone, endere\u00e7o de e-mail, etc.) para que nosso guia tur\u00edstico local organize as provid\u00eancias de coleta.<br \/>\nn<\/p>\n<h4><b><i>Informa\u00e7\u00e3o Adicional Confirma\u00e7\u00e3o<\/i><\/b><\/h4>\n<p>n<\/p>\n<ol>\nn \t<\/p>\n<li>Os ingressos s\u00e3o o recibo ap\u00f3s o pagamento deste passeio. Voc\u00ea pode mostrar o pagamento em seu telefone.<\/li>\n<p>n \t<\/p>\n<li>O ponto de encontro ser\u00e1 recebido ap\u00f3s o processo de reserva.<\/li>\n<p>n \t<\/p>\n<li>As crian\u00e7as devem estar acompanhadas por um adulto.<\/li>\n<p>n \t<\/p>\n<li>Acess\u00edvel a cadeiras de rodas<\/li>\n<p>n \t<\/p>\n<li>Beb\u00eas devem sentar no colo<\/li>\n<p>n \t<\/p>\n<li>A maioria dos viajantes pode participar<\/li>\n<p>n<\/ol>\n<p>n<\/p>\n<h4><b><i>Pol\u00edtica de cancelamento<\/i><\/b><\/h4>\n<p>nPara obter um reembolso total, leia nossas pol\u00edticas de cancelamento\u00a0<a href=\"https:\/\/www.boattoursamana.com\/pt\/marcacao-online\/\" target=\"_blank\" rel=\"noopener\" data-saferedirecturl=\"https:\/\/www.google.com\/url?q=https:\/\/www.boattoursamana.com\/online-booking\/&amp;source=gmail&amp;ust=1672532492004000&amp;usg=AOvVaw3ylqI1cdbIPTimEqEWneyd\">Clique aqui<\/a>. Os fundos ser\u00e3o perdidos se a reserva for cancelada no mesmo dia da viagem.<br \/>\nn<br \/>\nn<\/div>\n<p>n\n<\/p><\/div>\n<p>n\n<\/p><\/div>\n<p>n\n<\/p><\/div>\n<p>n\n<\/p><\/div>\n<p>n\n<\/p><\/div>\n<p>n\n<\/p><\/div>\n<p>n\n<\/p><\/div>\n<p>n\n<\/p><\/div>\n<p>n\n<\/p><\/div>\n<p>n\n<\/p><\/div>\n<p>n\n<\/p><\/div>\n<p>n<\/p>\n<div class=\"vc_row wpb_row vc_row-fluid\">\nn<\/p>\n<div class=\"wpb_column vc_column_container vc_col-sm-12\">\nn<\/p>\n<div class=\"vc_column-inner\">\nn<\/p>\n<div class=\"wpb_wrapper\">\nn<\/p>\n<div class=\"vc_empty_space\"><\/div>\n<p>n<\/p>\n<div class=\"wpb_text_column wpb_content_element\">\nn<\/p>\n<div class=\"wpb_wrapper\">\nn<\/p>\n<h4>Contate-Nos?<\/h4>\n<p>n<\/p>\n<h5><b><i>Reservando aventuras<\/i><\/b><\/h5>\n<p>n<em><strong>locais<\/strong>\u00a0e\u00a0<strong>nacionais<\/strong>\u00a0Guias tur\u00edsticos e servi\u00e7os aos h\u00f3spedes<\/em><br \/>\nn<br \/>\nn<span class=\"text-turquoise\">Reservas:<\/span>\u00a0Passeios e Excurs\u00f5es em Dom. Rep.<br \/>\nn<br \/>\nn<img decoding=\"async\" class=\"emoji\" src=\"https:\/\/s.w.org\/images\/core\/emoji\/11.2.0\/svg\/1f4de.svg\" alt=\" \" title=\"\">\u00a0Tel\/Whatsapp\u00a0\u00a0<a href=\"tel:+1-809-720-6035\">+1-809-720-6035<\/a>.<br \/>\nn<br \/>\nn<img decoding=\"async\" class=\"emoji\" src=\"https:\/\/s.w.org\/images\/core\/emoji\/11.2.0\/svg\/1f4e9.svg\" alt=\" \" title=\"\">\u00a0<a href=\"mailto:info@bookingadventures.com.do\">info@bookingadventures.com.do<\/a><br \/>\nn<br \/>\nn<strong>Somos Tours Privados com Configura\u00e7\u00e3o Flex\u00edvel por Whatsapp:\u00a0<a href=\"tel:+18097206035\">+18097206035.<\/a><\/strong><br \/>\nn<br \/>\nn<\/div>\n<p>n\n<\/p><\/div>\n<p>n\n<\/p><\/div>\n<p>n\n<\/p><\/div>\n<p>n\n<\/p><\/div>\n<p>n\n<\/p><\/div>\n<p>n<\/p>\n\n\t\t<\/div>\n\t<\/div>\n<div class=\"vc_btn3-container vc_btn3-inline\" ><button class=\"vc_general vc_btn3 vc_btn3-size-md vc_btn3-shape-rounded vc_btn3-style-modern vc_btn3-color-green\">AGENDE AGORA<\/button><\/div><\/div><\/div><\/div><\/div><div class=\"vc_row wpb_row vc_row-fluid\" ><div class=\"wpb_column vc_column_container vc_col-sm-12\"><div class=\"vc_column-inner\"><div class=\"wpb_wrapper\"><\/div><\/div><\/div><\/div>","protected":false},"excerpt":{"rendered":"<p>Tiny Catalina Island (Isla Catalina), just 1.5 miles (2.4 kilometers) off the Dominican Republic\u2019s mainland, is an idyllic sandy speck in the turquoise Caribbean waters. Known for its well-populated coral reefs, Catalina is a peaceful respite for those looking to escape bustling Punta Cana and La Romana. n nBook a day trip with us. Catalina Island in a Party Catamaran with Snorkeling! n n&nbsp; n nPlease Select the date for The Excursion: &nbsp;<\/p>","protected":false},"author":2,"featured_media":0,"parent":0,"menu_order":0,"comment_status":"open","ping_status":"closed","template":"","meta":{"footnotes":""},"class_list":["post-15772","page","type-page","status-publish","hentry"],"_links":{"self":[{"href":"https:\/\/www.boattoursamana.com\/pt\/wp-json\/wp\/v2\/pages\/15772","targetHints":{"allow":["GET"]}}],"collection":[{"href":"https:\/\/www.boattoursamana.com\/pt\/wp-json\/wp\/v2\/pages"}],"about":[{"href":"https:\/\/www.boattoursamana.com\/pt\/wp-json\/wp\/v2\/types\/page"}],"author":[{"embeddable":true,"href":"https:\/\/www.boattoursamana.com\/pt\/wp-json\/wp\/v2\/users\/2"}],"replies":[{"embeddable":true,"href":"https:\/\/www.boattoursamana.com\/pt\/wp-json\/wp\/v2\/comments?post=15772"}],"version-history":[{"count":0,"href":"https:\/\/www.boattoursamana.com\/pt\/wp-json\/wp\/v2\/pages\/15772\/revisions"}],"wp:attachment":[{"href":"https:\/\/www.boattoursamana.com\/pt\/wp-json\/wp\/v2\/media?parent=15772"}],"curies":[{"name":"wp","href":"https:\/\/api.w.org\/{rel}","templated":true}]}}