{"id":15778,"date":"2023-07-15T07:43:40","date_gmt":"2023-07-15T07:43:40","guid":{"rendered":"https:\/\/www.ticketswhales.com\/punta-cana-samana-whale-watching-cayo-levantado-bacardi-island-limon-waterfalls\/"},"modified":"2023-07-15T07:43:40","modified_gmt":"2023-07-15T07:43:40","slug":"punta-cana-samana-whale-watching-cayo-levantado-bacardi-island-limon-waterfalls","status":"publish","type":"page","link":"https:\/\/www.boattoursamana.com\/pt\/punta-cana-samana-whale-watching-cayo-levantado-bacardi-island-limon-waterfalls","title":{"rendered":"Punta Cana: Saman\u00e1 Whale Watching + Cayo Levantado (Ilha Bacardi) + Cachoeiras Lim\u00f3n"},"content":{"rendered":"<p>Dos hot\u00e9is de Punta Cana, desfrutaremos das belas paisagens da Cordilheira Oriental enquanto nos dirigimos ao norte de Punta Cana antes de chegar \u00e0 pequena vila de pescadores de Miches, na costa sul da Ba\u00eda de Samana. L\u00e1 voc\u00ea desfrutar\u00e1 de um r\u00e1pido caf\u00e9 da manh\u00e3 antes de embarcar no barco para Samana. Faremos um cruzeiro pelas profundezas da ba\u00eda para observar as baleias. Primeiro chegaremos a Cayo Levantado, tamb\u00e9m conhecida como Ilha Bacardi por causa de sua grande semelhan\u00e7a com as praias que Bacardi Rum costumava usar para seus famosos comerciais. Cayo Levantado \u00e9 nada menos que um o\u00e1sis tropical \u2013 uma pequena ilha no meio do oceano com \u00e1guas azul-turquesa e areias brancas. Depois disso, um Safari na Comunidade Samana para as cachoeiras. Nas Cachoeiras, el Limon se prepara para passeios a cavalo ou caminhadas. Esta \u00e9 uma aventura completa \u00fanica.<br \/>\nn<br \/>\nn<span style=\"vertical-align: inherit;\"><span style=\"vertical-align: inherit;\">Este tour incluido la parada en la <\/span><\/span><strong><span style=\"vertical-align: inherit;\"><span style=\"vertical-align: inherit;\">Cascada de Lim\u00f3n<\/span><\/span><\/strong><span style=\"vertical-align: inherit;\"><span style=\"vertical-align: inherit;\"> . <\/span><span style=\"vertical-align: inherit;\">Para reservar el mismo viaje y no ir a las cascadas por favor <\/span><\/span><a href=\"https:\/\/www.boattoursamana.com\/pt\/tours-excursions\/passeios-excursoes-samana-bay-dominican-republic\/whale-watching-2020-in-punta-cana-to-samana-bay-cayo-levantado-bacardi-island-from-hotels\/\"><span style=\"vertical-align: inherit;\"><span style=\"vertical-align: inherit;\">HAGA CLIC AQU\u00cd.<\/span><\/span><\/a><br \/>\nn<br \/>\nn&nbsp;<br \/>\nn<br \/>\nn<em><strong><span style=\"vertical-align: inherit;\"><span style=\"vertical-align: inherit;\">Selecione a data da excurs\u00e3o:<\/span><\/span><\/strong><\/em><\/p>\n<p>&nbsp;<\/p>\n<div class=\"wpb_column vc_column_container vc_col-sm-12\"><div class=\"vc_column-inner\"><div class=\"wpb_wrapper\"><div class=\"vc_btn3-container vc_btn3-inline\" ><button class=\"vc_general vc_btn3 vc_btn3-size-md vc_btn3-shape-rounded vc_btn3-style-modern vc_btn3-color-green\">AGENDE AGORA<\/button><\/div>\n\t<div class=\"wpb_text_column wpb_content_element\" >\n\t\t<div class=\"wpb_wrapper\">\n\t\t\t<p>\nn<\/p>\n<div class=\"vc_row wpb_row vc_row-fluid\">\nn<\/p>\n<div class=\"wpb_column vc_column_container vc_col-sm-12\">\nn<\/p>\n<div class=\"vc_column-inner\">\nn<\/p>\n<div class=\"wpb_wrapper\">\nn<\/p>\n<div class=\"mkdf-section-title-holder\">\nn<\/p>\n<div class=\"mkdf-st-inner\">\nn<\/p>\n<h5 class=\"mkdf-st-subtitle\">Cayo Levantado (Ilha Bacardi) + Cachoeiras Limon dos hot\u00e9is de Punta Cana.<\/h5>\n<p>n<\/p>\n<h3 class=\"mkdf-st-title\">Observa\u00e7\u00e3o de baleias 2023 em Punta Cana at\u00e9 a Ba\u00eda de Samana<\/h3>\n<p>n\n<\/p><\/div>\n<p>n\n<\/p><\/div>\n<p>n\n<\/p><\/div>\n<p>n\n<\/p><\/div>\n<p>n\n<\/p><\/div>\n<p>n\n<\/p><\/div>\n<p>n<\/p>\n<div class=\"vc_row wpb_row vc_row-fluid\"><\/div>\n<p>n<\/p>\n<div class=\"wpb_column vc_column_container vc_col-sm-12\">\nn<\/p>\n<div class=\"vc_column-inner\">\nn<\/p>\n<div class=\"wpb_wrapper\"><\/div>\n<p>n\n<\/p><\/div>\n<p>n\n<\/p><\/div>\n<p>n<\/p>\n<div class=\"wpb_text_column wpb_content_element\">\nn<\/p>\n<div class=\"wpb_wrapper\"><\/div>\n<p>n\n<\/p><\/div>\n<p>n<\/p>\n<div class=\"vc_row wpb_row vc_row-fluid\">\nn<\/p>\n<div class=\"wpb_column vc_column_container vc_col-sm-12\">\nn<\/p>\n<div class=\"vc_column-inner\">\nn<\/p>\n<div class=\"wpb_wrapper\">\nn<\/p>\n<div class=\"wpb_text_column wpb_content_element\">\nn<\/p>\n<div class=\"wpb_wrapper\">\nn<\/p>\n<div class=\"vc_row wpb_row vc_row-fluid\">\nn<\/p>\n<div class=\"wpb_column vc_column_container vc_col-sm-12\">\nn<\/p>\n<div class=\"vc_column-inner\">\nn<\/p>\n<div class=\"wpb_wrapper\">\nn<\/p>\n<div class=\"wpb_text_column wpb_content_element\">\nn<\/p>\n<div class=\"wpb_wrapper\">\nn<\/p>\n<h4><b><i>Vis\u00e3o geral <\/i><\/b><\/h4>\n<p>nWhale Punta Cana, observa\u00e7\u00e3o de baleias na Ba\u00eda de Saman\u00e1 e visita a Cayo Levantado mais Safari \u00e0s Cachoeiras El limon durante esta excurs\u00e3o de dia inteiro saindo dos hot\u00e9is de Punta Cana. Viaje para a ba\u00eda de Saman\u00e1 a bordo de um confort\u00e1vel \u00f4nibus com ar condicionado e depois transfira para um barco catamar\u00e3 em Miches. Navegue em \u00e1guas abertas para procurar os grupos de baleias jubarte que visitam a \u00e1rea para procriar e ter seus filhotes. Aprenda sobre o comportamento e a biologia desses mam\u00edferos marinhos com seu guia naturalista especializado. Continue para Cayo Levantado \/ Ilha Bacardi, para almo\u00e7ar na praia e mergulhar nas \u00e1guas azuis ap\u00f3s esta viagem de saf\u00e1ri \u00e0s Cachoeiras el Limon com passeios a cavalo pela floresta de coqueiros antes de retornar a Punta Cana.<br \/>\nn<br \/>\nn&nbsp;<br \/>\nn<br \/>\nn<strong>Observa\u00e7\u00e3o:<\/strong>\u00a0Este passeio n\u00e3o \u00e9 privado. Este passeio incluiu a parada em\u00a0<strong>Cachoeira Lim\u00e3o<\/strong>. Para reservar a mesma viagem e n\u00e3o ir \u00e0s cachoeiras, por favor\u00a0<a href=\"https:\/\/www.boattoursamana.com\/pt\/tours-excursions\/passeios-excursoes-samana-bay-dominican-republic\/whale-watching-2020-in-punta-cana-to-samana-bay-cayo-levantado-bacardi-island-from-hotels\/\" data-mil=\"9912\">CLIQUE AQUI.<\/a><br \/>\nn<\/p>\n<ul>\nn \t<\/p>\n<li>Observa\u00e7\u00e3o de baleias<\/li>\n<p>n \t<\/p>\n<li>Ilha Bacardi \/ Cayo Levantado<\/li>\n<p>n \t<\/p>\n<li>Taxas de entrada para o Observat\u00f3rio<\/li>\n<p>n \t<\/p>\n<li>Samana Saf\u00e1ri<\/li>\n<p>n \t<\/p>\n<li>Cachoeiras El Limon Passeio a Cavalo<\/li>\n<p>n \t<\/p>\n<li>Inclui almo\u00e7o buffet na praia<\/li>\n<p>n \t<\/p>\n<li>Traslado de barco<\/li>\n<p>n \t<\/p>\n<li>O capit\u00e3o fornece instru\u00e7\u00e3o e supervis\u00e3o<\/li>\n<p>n \t<\/p>\n<li>Guia tur\u00edstico<\/li>\n<p>n<\/ul>\n<p>n&nbsp;<br \/>\nn<\/p>\n<h4><b>Inclus\u00f5es e Exclus\u00f5es<\/b><\/h4>\n<p>n&nbsp;<br \/>\nn<br \/>\nn<b>Inclus\u00f5es<\/b><br \/>\nn<br \/>\nn&nbsp;<br \/>\nn<\/p>\n<ol>\nn \t<\/p>\n<li>Almo\u00e7o buffet na praia<\/li>\n<p>n \t<\/p>\n<li>Transfer\u00eancia de hot\u00e9is<\/li>\n<p>n \t<\/p>\n<li>Guia tur\u00edstico<\/li>\n<p>n \t<\/p>\n<li>Passeio de catamar\u00e3 ou barco<\/li>\n<p>n \t<\/p>\n<li>Todos os impostos, taxas e encargos de manuseio<\/li>\n<p>n \t<\/p>\n<li>Impostos locais<\/li>\n<p>n \t<\/p>\n<li>Bebidas<\/li>\n<p>n<\/ol>\n<p>n<b>Exclus\u00f5es<\/b><br \/>\nn<\/p>\n<ol>\nn \t<\/p>\n<li>Gorjetas<\/li>\n<p>n<\/ol>\n<p>n&nbsp;<br \/>\nn<\/p>\n<h4><em><strong>Partida e Retorno<\/strong><\/em><\/h4>\n<p>A retirada do hotel \u00e9 oferecida para este passeio. Nas Notas Basta escrever o nome do hotel para busc\u00e1-lo. Recolhemos em todos os hot\u00e9is de Punta Cana.<br \/>\nn<br \/>\nn&nbsp;<br \/>\nn<\/p>\n<h3>Observa\u00e7\u00e3o de Baleias Samana + Cayo Levantado (Ilha Bacardi) + Cachoeiras Limon de hot\u00e9is em Punta Cana.<\/h3>\n<p>n<\/p>\n<h4><b><i>O que esperar?<\/i><\/b><\/h4>\n<p>nAproxime-se dos gentis gigantes do mar da Rep\u00fablica Dominicana durante esta excurs\u00e3o de 12 horas para observa\u00e7\u00e3o de baleias jubarte na Ba\u00eda de S\u00e1mana. Passe um dia inesquec\u00edvel observando as milhares de baleias que migram para a ilha todos os anos para acasalar, alimentar-se e brincar em suas \u00e1guas tropicais quentes. Ao observar essas belas criaturas, voc\u00ea desfrutar\u00e1 de informa\u00e7\u00f5es exclusivas do seu guia especializado em observa\u00e7\u00e3o de baleias. Termine o dia com almo\u00e7o inclu\u00eddo e tempo de praia na bela Ilha Cayo Levantado. O transporte de ida e volta do hotel tamb\u00e9m est\u00e1 inclu\u00eddo.<br \/>\nn<br \/>\nnDas 9h00 \u00e0s 12h00 Observat\u00f3rio de observa\u00e7\u00e3o de baleias e ap\u00f3s esta viagem de baleias visitaremos a Ilha Bacardi \/ Cayo Levantado. Na Ilha Bacardi ser\u00e1 servido Buffet de Almo\u00e7o t\u00edpico dominicano (Arroz, Feij\u00e3o, Peixe, Saladas\u2026). Terminado o almo\u00e7o, voc\u00ea poder\u00e1 nadar e se preparar para ir \u00e0s cachoeiras El limon at\u00e9 as 16h30. O passeio terminar\u00e1 \u00e0s 17:00 horas no mesmo porto de onde partir\u00e1 a bordo de nosso catamar\u00e3 e de \u00f4nibus de volta aos hot\u00e9is de Punta Cana.<br \/>\nn<br \/>\nn<strong>Calend\u00e1rio:<\/strong><br \/>\nn<br \/>\nn6h00 \u2013 7h00 Recolha dos clientes dos diferentes hot\u00e9is<br \/>\nn07:00 Partida para Las Canitas em Sabana de la mar<br \/>\nn08:15 Chegada ao cais privado<br \/>\nn08h15 \u2013 8h40 Caf\u00e9 da manh\u00e3 (sandu\u00edches, muffins, ch\u00e1, caf\u00e9, sucos)<br \/>\nn8:45 Embarque para iniciar nossa jornada ao santu\u00e1rio das baleias jubarte em Saman\u00e1<br \/>\nn11:00 Procure as baleias por um per\u00edodo de 45 minutos - Este \u00e9 o tempo seguido pelas regras do governo.<br \/>\nn11:45 V\u00e1 para Cayo Levantado na Ba\u00eda de Samana<br \/>\n12h30 Chegada em Cayo Levantado<br \/>\nn13:00 Hora do almo\u00e7o (buffet de almo\u00e7o, t\u00edpico dominicano)*<br \/>\n13h45 \u2013 15h30 Tempo livre em Cayo Levantado<br \/>\nn15:00 \u2013 15:45 A bordo novamente em dire\u00e7\u00e3o a Miches<br \/>\nn17:00 Chegada em Miches e sa\u00edda para os hot\u00e9is em Punta Cana<br \/>\nn19h30 \u2013 20h Chegada aos hot\u00e9is em Punta Cana<br \/>\nn<br \/>\nn<strong>*Menu de almo\u00e7o (t\u00edpico dominicano)<br \/>\nn<\/strong>Arroz, frango grelhado ou peixe grelhado, salada, legumes, fruta fresca.<br \/>\nn<br \/>\nn<strong>*Os clientes que optarem por adicionar a parada na cachoeira El Limon ap\u00f3s a observa\u00e7\u00e3o de baleias passar\u00e3o para o an\u00fancio da cachoeira, ter\u00e3o menos tempo para gastar em Cayo Levantado.<\/strong><br \/>\nn<br \/>\nnEste passeio incluiu a parada em\u00a0<strong>Cachoeira Lim\u00e3o<\/strong>. Para reservar a mesma viagem e n\u00e3o ir \u00e0s cachoeiras, por favor\u00a0<a href=\"https:\/\/www.boattoursamana.com\/pt\/tours-excursions\/passeios-excursoes-samana-bay-dominican-republic\/whale-watching-2020-in-punta-cana-to-samana-bay-cayo-levantado-bacardi-island-from-hotels\/\" data-mil=\"9912\">CLIQUE AQUI.<\/a><br \/>\nn<br \/>\nn&nbsp;<br \/>\nn<\/p>\n<h4><em><strong>O que voc\u00ea deve trazer?<\/strong><\/em><\/h4>\n<p>n<\/p>\n<ul>\nn \t<\/p>\n<li>C\u00e2mera<\/li>\n<p>n \t<\/p>\n<li>bot\u00f5es repelentes<\/li>\n<p>n \t<\/p>\n<li>protetor solar<\/li>\n<p>n \t<\/p>\n<li>Chap\u00e9u<\/li>\n<p>n \t<\/p>\n<li>cal\u00e7as confort\u00e1veis<\/li>\n<p>n \t<\/p>\n<li>sand\u00e1lias para a praia<\/li>\n<p>n \t<\/p>\n<li>roupa de banho<\/li>\n<p>n \t<\/p>\n<li>Dinheiro para lembran\u00e7as e gorjetas<\/li>\n<p>n<\/ul>\n<p>n&nbsp;<br \/>\nn<\/p>\n<h4><b><i>Recolha no hotel<\/i><\/b><\/h4>\n<p>A retirada do hotel \u00e9 oferecida para este passeio. Nas Notas Basta escrever o nome do hotel para busc\u00e1-lo. Recolhemos em todos os hot\u00e9is de Punta Cana.<br \/>\nn<br \/>\nn&nbsp;<br \/>\nn<br \/>\nn<b>Observa\u00e7\u00e3o:<\/b>\u00a0se voc\u00ea fizer a reserva dentro de 24 horas antes do hor\u00e1rio de partida da excurs\u00e3o\/excurs\u00e3o, podemos providenciar a retirada do hotel. Assim que sua compra for conclu\u00edda, enviaremos a voc\u00ea informa\u00e7\u00f5es de contato completas (n\u00famero de telefone, endere\u00e7o de e-mail, etc.) para que nosso guia tur\u00edstico local organize as provid\u00eancias de coleta.<br \/>\nn<\/p>\n<h4><b><i>Informa\u00e7\u00e3o Adicional Confirma\u00e7\u00e3o<\/i><\/b><\/h4>\n<p>n<\/p>\n<ol>\nn \t<\/p>\n<li>Os ingressos s\u00e3o o recibo ap\u00f3s o pagamento deste passeio. Voc\u00ea pode mostrar o pagamento em seu telefone.<\/li>\n<p>n \t<\/p>\n<li>O ponto de encontro ser\u00e1 recebido ap\u00f3s o processo de reserva.<\/li>\n<p>n \t<\/p>\n<li>As crian\u00e7as devem estar acompanhadas por um adulto.<\/li>\n<p>n \t<\/p>\n<li>Acess\u00edvel a cadeiras de rodas<\/li>\n<p>n \t<\/p>\n<li>Beb\u00eas devem sentar no colo<\/li>\n<p>n \t<\/p>\n<li>A maioria dos viajantes pode participar<\/li>\n<p>n<\/ol>\n<p>n<\/p>\n<h4><b><i>Pol\u00edtica de cancelamento<\/i><\/b><\/h4>\n<p>nFor a full refund, cancel at least\u00a0 7 Days\u00a0 in advance of the start date of the experience.<a href=\"https:\/\/www.boattoursamana.com\/pt\/marcacao-online\/\"> Clique aqui<\/a> para ver as pol\u00edticas.<br \/>\nn<br \/>\nn<\/div>\n<p>n\n<\/p><\/div>\n<p>n\n<\/p><\/div>\n<p>n\n<\/p><\/div>\n<p>n\n<\/p><\/div>\n<p>n\n<\/p><\/div>\n<p>n\n<\/p><\/div>\n<p>n\n<\/p><\/div>\n<p>n\n<\/p><\/div>\n<p>n\n<\/p><\/div>\n<p>n\n<\/p><\/div>\n<p>n\n<\/p><\/div>\n<p>n<\/p>\n<div class=\"vc_row wpb_row vc_row-fluid\">\nn<\/p>\n<div class=\"wpb_column vc_column_container vc_col-sm-12\">\nn<\/p>\n<div class=\"vc_column-inner\">\nn<\/p>\n<div class=\"wpb_wrapper\">\nn<\/p>\n<div class=\"vc_empty_space\"><\/div>\n<p>n<\/p>\n<div class=\"wpb_text_column wpb_content_element\">\nn<\/p>\n<div class=\"wpb_wrapper\">\nn<\/p>\n<h4>Contate-Nos?<\/h4>\n<p>n<\/p>\n<h5><b><i>TOUR BALEIAS SAMANA<\/i><\/b><\/h5>\n<p>n<em><strong>locais<\/strong>\u00a0e\u00a0<strong>nacionais<\/strong>\u00a0Guias tur\u00edsticos e servi\u00e7os aos h\u00f3spedes<\/em><br \/>\nn<br \/>\nn<span class=\"text-turquoise\">Reservas:<\/span>\u00a0\u00a0Passeios e excurs\u00f5es em Dom. Reps.<br \/>\nn<br \/>\nn \u00a0Tel \/ Whatsapp\u00a0\u00a0\u00a0<a href=\"tel:+1-809-720-6035\">+ 1-809-720-6035<\/a>\u00a0.<br \/>\nn<br \/>\nn \u00a0<a href=\"mailto:info@bookingadventures.com.do\">info@bookingadventures.com.do<\/a><br \/>\nn<br \/>\nn<strong>Somos passeios privados de configura\u00e7\u00e3o flex\u00edvel por Whatsapp:\u00a0\u00a0<a href=\"tel:+18097206035\">+18097206035.<\/a><\/strong><br \/>\nn<br \/>\nn<\/div>\n<p>n\n<\/p><\/div>\n<p>n\n<\/p><\/div>\n<p>n\n<\/p><\/div>\n<p>n\n<\/p><\/div>\n<p>n\n<\/p><\/div>\n<p>n<\/p>\n\n\t\t<\/div>\n\t<\/div>\n<\/div><\/div><\/div><div class=\"vc_row wpb_row vc_row-fluid\" ><div class=\"wpb_column vc_column_container vc_col-sm-12\"><div class=\"vc_column-inner\"><div class=\"wpb_wrapper\"><div class=\"vc_btn3-container vc_btn3-inline\" ><button class=\"vc_general vc_btn3 vc_btn3-size-md vc_btn3-shape-rounded vc_btn3-style-modern vc_btn3-color-green\">AGENDE AGORA<\/button><\/div><\/div><\/div><\/div><\/div>","protected":false},"excerpt":{"rendered":"<p>From the Punta Cana hotels, we&#8217;ll enjoy the beautiful landscapes of the Oriental Mountain Range as we drive north of Punta Cana before arriving in the small fishing village of Miches at the southern shores of Samana Bay. There you will enjoy a quick breakfast prior to boarding the boat to Samana. We&#8217;ll cruise deep into the bay to whale watch. We will first reach Cayo Levantado, also known as Bacardi Island because of its close resemblance to the beaches [&hellip;]<\/p>\n","protected":false},"author":2,"featured_media":0,"parent":0,"menu_order":0,"comment_status":"open","ping_status":"closed","template":"","meta":{"footnotes":""},"class_list":["post-15778","page","type-page","status-publish","hentry"],"_links":{"self":[{"href":"https:\/\/www.boattoursamana.com\/pt\/wp-json\/wp\/v2\/pages\/15778","targetHints":{"allow":["GET"]}}],"collection":[{"href":"https:\/\/www.boattoursamana.com\/pt\/wp-json\/wp\/v2\/pages"}],"about":[{"href":"https:\/\/www.boattoursamana.com\/pt\/wp-json\/wp\/v2\/types\/page"}],"author":[{"embeddable":true,"href":"https:\/\/www.boattoursamana.com\/pt\/wp-json\/wp\/v2\/users\/2"}],"replies":[{"embeddable":true,"href":"https:\/\/www.boattoursamana.com\/pt\/wp-json\/wp\/v2\/comments?post=15778"}],"version-history":[{"count":0,"href":"https:\/\/www.boattoursamana.com\/pt\/wp-json\/wp\/v2\/pages\/15778\/revisions"}],"wp:attachment":[{"href":"https:\/\/www.boattoursamana.com\/pt\/wp-json\/wp\/v2\/media?parent=15778"}],"curies":[{"name":"wp","href":"https:\/\/api.w.org\/{rel}","templated":true}]}}