{"id":15780,"date":"2023-07-15T07:43:40","date_gmt":"2023-07-15T07:43:40","guid":{"rendered":"https:\/\/www.ticketswhales.com\/birdwatching-punta-cana-birding-tours-from-punta-cana-to-los-haitises-national-park\/"},"modified":"2023-07-15T07:43:40","modified_gmt":"2023-07-15T07:43:40","slug":"birdwatching-punta-cana-birding-tours-from-punta-cana-to-los-haitises-national-park","status":"publish","type":"page","link":"https:\/\/www.boattoursamana.com\/pt\/birdwatching-punta-cana-birding-tours-from-punta-cana-to-los-haitises-national-park-2","title":{"rendered":"Birdwatching Punta Cana \u2013 Passeios de observa\u00e7\u00e3o de p\u00e1ssaros de Punta Cana ao Parque Nacional Los Haitises"},"content":{"rendered":"<p><span style=\"vertical-align: inherit;\"><span style=\"vertical-align: inherit;\">Observa\u00e7\u00e3o de aves Ma\u00f1ana completa nos senderos da Selva Tropical do Parque Nacional Los Haitises. <\/span><span style=\"vertical-align: inherit;\">Este parque tem uma grande variedade de esp\u00e9cies de aves e animais e \u00e9 o favorito dos observadores de aves. <\/span><span style=\"vertical-align: inherit;\">Se bem o n\u00famero de visitantes pode ser mais alto do que em outros lugares, a localiza\u00e7\u00e3o de Cano Hondo em uma \u00e1rea levemente \u00famida do pa\u00eds significa que a selva tropical \u00e9 mais aberta com menos planta\u00e7\u00f5es de cacau e caf\u00e9, o que facilita a observa\u00e7\u00e3o da vida silvestre. <\/span><span style=\"vertical-align: inherit;\">Esta \u00e9 uma viaje privada. <\/span><span style=\"vertical-align: inherit;\">Voc\u00ea pode escolher um momento para come\u00e7ar a experi\u00eancia de observa\u00e7\u00e3o de aves e quando voltar a Punta Cana.<\/span><\/span><br \/>\nn<br \/>\nn<em><strong><span style=\"vertical-align: inherit;\"><span style=\"vertical-align: inherit;\">Selecione a data da atividade.<\/span><\/span><\/strong><\/em><\/p>\n<p>&nbsp;<\/p>\n<div class=\"vc_row wpb_row vc_row-fluid\" ><div class=\"wpb_column vc_column_container vc_col-sm-12\"><div class=\"vc_column-inner\"><div class=\"wpb_wrapper\"><div class=\"mkdf-section-title-holder\" style=\"text-align: left\">\n\t<div class=\"mkdf-st-inner\">\n\t\t\t\t\t<h5 class=\"mkdf-st-subtitle\" >\n\t\t\t\tObserva\u00e7\u00e3o de p\u00e1ssaros no Parque Nacional Los Haitises\t\t\t<\/h5>\n\t\t\t\t\t\t\t<h3 class=\"mkdf-st-title\" >\n\t\t\t\tPasseios de observa\u00e7\u00e3o de p\u00e1ssaros de Punta Cana ao Parque Nacional Los Haitises\t\t\t<\/h3>\n\t\t\t\t\t<\/div>\n<\/div><\/div><\/div><\/div><\/div><div class=\"vc_row wpb_row vc_row-fluid\" ><\/div><div class=\"wpb_column vc_column_container vc_col-sm-12\"><div class=\"vc_column-inner\"><div class=\"wpb_wrapper\"><\/div><\/div><\/div>\n\t<div class=\"wpb_text_column wpb_content_element\" >\n\t\t<div class=\"wpb_wrapper\">\n\t\t\t<p>\nn<br \/>\nnSou um bloco de texto. Clique no bot\u00e3o editar para alterar esse texto. Lorem ipsum dolor sit amet, consectetur adipiscing elit. Ut elit tellus, luctus nec ullamcorper mattis, pulvinar dapibus leo.<br \/>\nn<br \/>\nn<\/p>\n\n\t\t<\/div>\n\t<\/div>\n<div class=\"vc_row wpb_row vc_row-fluid\" ><\/div><div class=\"wpb_column vc_column_container vc_col-sm-12\"><div class=\"vc_column-inner\"><div class=\"wpb_wrapper\"><\/div><\/div><\/div>\n\t<div class=\"wpb_text_column wpb_content_element\" >\n\t\t<div class=\"wpb_wrapper\">\n\t\t\t<p>\nn<br \/>\nnSou um bloco de texto. Clique no bot\u00e3o editar para alterar esse texto. Lorem ipsum dolor sit amet, consectetur adipiscing elit. Ut elit tellus, luctus nec ullamcorper mattis, pulvinar dapibus leo.<br \/>\nn<br \/>\nn<\/p>\n\n\t\t<\/div>\n\t<\/div>\n<div class=\"vc_row wpb_row vc_row-fluid\" ><div class=\"wpb_column vc_column_container vc_col-sm-12\"><div class=\"vc_column-inner\"><div class=\"wpb_wrapper\"><\/div><\/div><\/div><\/div>","protected":false},"excerpt":{"rendered":"<p>Observaci\u00f3n de aves Ma\u00f1ana completa en los senderos de la Selva Tropical del Parque Nacional Los Haitises. Este parque tiene una gran variedad de especies de aves y animales y es el favorito de los observadores de aves. Si bien el n\u00famero visto puede ser m\u00e1s alto que en otros lugares, la ubicaci\u00f3n de Cano Hondo en un \u00e1rea levemente h\u00fameda del pa\u00eds significa que la selva tropical es m\u00e1s abierta con menos plantaciones de cacao y caf\u00e9, lo que [&hellip;]<\/p>\n","protected":false},"author":2,"featured_media":0,"parent":0,"menu_order":0,"comment_status":"open","ping_status":"closed","template":"","meta":{"footnotes":""},"class_list":["post-15780","page","type-page","status-publish","hentry"],"_links":{"self":[{"href":"https:\/\/www.boattoursamana.com\/pt\/wp-json\/wp\/v2\/pages\/15780","targetHints":{"allow":["GET"]}}],"collection":[{"href":"https:\/\/www.boattoursamana.com\/pt\/wp-json\/wp\/v2\/pages"}],"about":[{"href":"https:\/\/www.boattoursamana.com\/pt\/wp-json\/wp\/v2\/types\/page"}],"author":[{"embeddable":true,"href":"https:\/\/www.boattoursamana.com\/pt\/wp-json\/wp\/v2\/users\/2"}],"replies":[{"embeddable":true,"href":"https:\/\/www.boattoursamana.com\/pt\/wp-json\/wp\/v2\/comments?post=15780"}],"version-history":[{"count":0,"href":"https:\/\/www.boattoursamana.com\/pt\/wp-json\/wp\/v2\/pages\/15780\/revisions"}],"wp:attachment":[{"href":"https:\/\/www.boattoursamana.com\/pt\/wp-json\/wp\/v2\/media?parent=15780"}],"curies":[{"name":"wp","href":"https:\/\/api.w.org\/{rel}","templated":true}]}}