{"id":15812,"date":"2023-07-15T07:44:18","date_gmt":"2023-07-15T07:44:18","guid":{"rendered":"https:\/\/www.ticketswhales.com\/hike-kayak-los-haitises-national-park-from-punta-cana\/"},"modified":"2023-07-15T07:44:18","modified_gmt":"2023-07-15T07:44:18","slug":"hike-kayak-los-haitises-national-park-from-punta-cana","status":"publish","type":"page","link":"https:\/\/www.boattoursamana.com\/pt\/caminhada-caiaque-los-haitises-parque-nacional-de-punta-cana-2","title":{"rendered":"Caminhada + Caiaque Parque Nacional Los Haitises saindo de Punta Cana"},"content":{"rendered":"<p><span style=\"vertical-align: inherit;\"><span style=\"vertical-align: inherit;\">Caminhada de 3 horas e caiaque em manglares no Parque Nacional Los Haitises com um guia tur\u00edstico local desde Sabana de la mar. <\/span><span style=\"vertical-align: inherit;\">Visitando as \u00e1reas de Selva Tropical, Cocos, Caf\u00e9 e Cacao. <\/span><span style=\"vertical-align: inherit;\">Aprendiendo sobre a hist\u00f3ria original do Parque Nacional Los Haitises.<\/span><\/span><br \/>\nn<br \/>\nn&nbsp;<br \/>\nn<br \/>\nn<strong><span style=\"vertical-align: inherit;\"><span style=\"vertical-align: inherit;\">Selecione a data para a viaje de senderismo:<\/span><\/span><\/strong><\/p>\n<p>&nbsp;<\/p>\n<div class=\"vc_row wpb_row vc_row-fluid\" ><div class=\"wpb_column vc_column_container vc_col-sm-12\"><div class=\"vc_column-inner\"><div class=\"wpb_wrapper\"><div class=\"vc_btn3-container vc_btn3-inline\" ><button class=\"vc_general vc_btn3 vc_btn3-size-md vc_btn3-shape-rounded vc_btn3-style-modern vc_btn3-color-green\">AGENDE AGORA<\/button><\/div>\n\t<div class=\"wpb_text_column wpb_content_element\" >\n\t\t<div class=\"wpb_wrapper\">\n\t\t\t<p>\nn<\/p>\n<h4><b><i>Vis\u00e3o geral <\/i><\/b><\/h4>\n<p>nEsta trilha de caminhada + passeio de caiaque come\u00e7a em Punta Cana com traslado dos hot\u00e9is. Depois disso chegaremos ao parque onde caminharemos cerca de 2 horas ao longo da Floresta \u00damida do Parque Nacional Los Haitises. Voc\u00ea conhecer\u00e1 as plantas medicinais desta \u00e1rea, ver\u00e1 a floresta caducif\u00f3lia prim\u00e1ria e secund\u00e1ria das montanhas do Parque Nacional Los Haitises e ao mesmo tempo chegar\u00e1 \u00e0 nascente do rio Jivales de onde saem as \u00e1guas das piscinas naturais do Eco-lodge Ca\u00f1o Hondo. Depois levamos os equipamentos necess\u00e1rios para sua seguran\u00e7a (coletes salva-vidas, etc), caiaques e passagem por manguezais. Voc\u00ea ver\u00e1 alguns manguezais repletos de p\u00e1ssaros e colinas de vegeta\u00e7\u00e3o exuberante. Atrav\u00e9s dos manguezais e terras na ba\u00eda aberta de San Lorenzo, de onde voc\u00ea pode fotografar a paisagem florestal acidentada.<br \/>\nn<br \/>\nnDepois desta experi\u00eancia, voc\u00ea retornar\u00e1 a Cano Hondo ou Sabana de la mar.<br \/>\nn<\/p>\n<ul>\nn \t<\/p>\n<li style=\"font-weight: 400;\">Taxas inclu\u00eddas<\/li>\n<p>n \t<\/p>\n<li>Caminhada no Parque Nacional Los Haitises<\/li>\n<p>n \t<\/p>\n<li style=\"font-weight: 400;\"><span style=\"font-weight: 400;\">O guia fornece instru\u00e7\u00e3o e supervis\u00e3o<\/span><\/li>\n<p>n<\/ul>\n<p>n&nbsp;<br \/>\nn<\/p>\n<h4><b>Inclus\u00f5es e Exclus\u00f5es<\/b><\/h4>\n<p>n&nbsp;<br \/>\nn<br \/>\nn<b>Inclus\u00f5es<\/b><br \/>\nn<br \/>\nn&nbsp;<br \/>\nn<\/p>\n<ol>\nn \t<\/p>\n<li style=\"font-weight: 400;\">Parque Nacional Los Haitises<\/li>\n<p>n \t<\/p>\n<li>Caminhada + Caiaque<\/li>\n<p>n \t<\/p>\n<li style=\"font-weight: 400;\"><span style=\"font-weight: 400;\">Todos os impostos, taxas e encargos de manuseio<\/span><\/li>\n<p>n \t<\/p>\n<li style=\"font-weight: 400;\"><span style=\"font-weight: 400;\">Impostos locais<\/span><\/li>\n<p>n \t<\/p>\n<li style=\"font-weight: 400;\"><span style=\"font-weight: 400;\">Bebidas<\/span><\/li>\n<p>n \t<\/p>\n<li style=\"font-weight: 400;\"><span style=\"font-weight: 400;\">Todas as atividades<\/span><\/li>\n<p>n \t<\/p>\n<li style=\"font-weight: 400;\"><span style=\"font-weight: 400;\">Guia local<\/span><\/li>\n<p>n \t<\/p>\n<li><span style=\"font-weight: 400;\">Transferir<\/span><\/li>\n<p>n \t<\/p>\n<li>Almo\u00e7o com locais<\/li>\n<p>n<\/ol>\n<p>n<b> Exclus\u00f5es<\/b><br \/>\nn<\/p>\n<ol>\nn \t<\/p>\n<li style=\"font-weight: 400;\"><span style=\"font-weight: 400;\">Gorjetas<\/span><\/li>\n<p>n \t<\/p>\n<li style=\"font-weight: 400;\"><span style=\"font-weight: 400;\">Bebidas Alco\u00f3licas<\/span><\/li>\n<p>n<\/ol>\n<p>n&nbsp;<br \/>\nn<\/p>\n<h4><em><strong>Partida e Retorno<\/strong><\/em><\/h4>\n<p>n<span style=\"font-weight: 400;\">O viajante receber\u00e1 um ponto de encontro ap\u00f3s o processo de reserva. Os passeios come\u00e7am e terminam em nossos pontos de encontro.<\/span><br \/>\nn<br \/>\nn&nbsp;<br \/>\nn<\/p>\n<h2>Caminhada + Caiaque Parque Nacional Los Haitises saindo de Punta Cana<\/h2>\n<p>n<\/p>\n<h4><b><i>O que esperar?<\/i><\/b><\/h4>\n<p>nO nome do parque nacional vem de seus habitantes originais, os \u00edndios Taino. Na sua l\u00edngua, \u201cHaitises\u201d significa terras altas ou colinas, uma refer\u00eancia \u00e0s forma\u00e7\u00f5es geol\u00f3gicas \u00edngremes do litoral com calc\u00e1rios. Caiaque \u00e9 de 2 horas.<br \/>\nn<br \/>\nnAprender sobre Hist\u00f3ria e Natureza com guias tur\u00edsticos locais que crescem como protetores ambientais e volunt\u00e1rios dentro desta \u00e1rea do projeto. O passeio, organizado pela \u201cBooking Adventures\u201d come\u00e7a no ponto de encontro definido com o Guia Tur\u00edstico.<br \/>\nn<br \/>\nnDepois de uma caminhada inicial por campos e fazendas, voc\u00ea come\u00e7ar\u00e1 a caminhar pela Floresta do Coconucto e do Cacau. Entrando a cada minuto na principal e \u00fanica \u00e1rea de conserva\u00e7\u00e3o florestal dentro do Parque Nacional Los Haitises. Venha com a Booking Adventures e comece a conferir algumas esp\u00e9cies end\u00eamicas de aves, mam\u00edferos e plantas, colinas de vegeta\u00e7\u00e3o exuberante e cavernas de <em><strong>Parque Nacional Los Haitises<\/strong><\/em>.<br \/>\nn<\/p>\n<div class=\"body-description secondary\">\nn<br \/>\nnO nome do parque nacional vem de seus habitantes originais, os \u00edndios Taino. Em seu idioma, \"Haitises\" significa terras altas ou colinas, uma refer\u00eancia \u00e0s forma\u00e7\u00f5es geol\u00f3gicas \u00edngremes da costa com calc\u00e1rio. Aventure-se mais profundamente no parque para explorar cavernas como a <em><strong>Cueva de la Arena<\/strong><\/em> e <strong><em>Cueva de la Linea. Voc\u00ea pode combinar o passeio de barco com a caminhada. Basta entrar em contato conosco.<\/em><\/strong><br \/>\nn<br \/>\nnAs cavernas da reserva foram utilizadas como abrigo pelos \u00edndios Taino e, posteriormente, como esconderijo de piratas. Procure desenhos de \u00edndios que decoram algumas paredes. Na Floresta Tropical existem mais de 700 centenas de esp\u00e9cies de plantas, tentamos ensinar aos visitantes todas as plantas medicinais que conhecemos neste percurso pedestre.<br \/>\nn<br \/>\nVenha aprender, caminhar e apreciar a verdadeira natureza do Parque Nacional Los Haitises.<br \/>\nn<br \/>\nn<\/div>\n<p>n&nbsp;<br \/>\nn<\/p>\n<h4><em><strong>O que voc\u00ea deve trazer?<\/strong><\/em><\/h4>\n<p>n<\/p>\n<ul>\nn \t<\/p>\n<li style=\"font-weight: 400;\"><span style=\"font-weight: 400;\">C\u00e2mera<\/span><\/li>\n<p>n \t<\/p>\n<li style=\"font-weight: 400;\"><span style=\"font-weight: 400;\">bot\u00f5es repelentes<\/span><\/li>\n<p>n \t<\/p>\n<li style=\"font-weight: 400;\"><span style=\"font-weight: 400;\">Protetor solar<\/span><\/li>\n<p>n \t<\/p>\n<li style=\"font-weight: 400;\"><span style=\"font-weight: 400;\">Chap\u00e9u<\/span><\/li>\n<p>n \t<\/p>\n<li style=\"font-weight: 400;\"><span style=\"font-weight: 400;\">cal\u00e7as confort\u00e1veis<\/span><\/li>\n<p>n \t<\/p>\n<li style=\"font-weight: 400;\"><span style=\"font-weight: 400;\">Sapatos de caminhada para a floresta<\/span><\/li>\n<p>n \t<\/p>\n<li style=\"font-weight: 400;\"><span style=\"font-weight: 400;\">Sand\u00e1lias para as zonas de Primavera.<\/span><\/li>\n<p>n \t<\/p>\n<li style=\"font-weight: 400;\"><span style=\"font-weight: 400;\">roupa de banho<\/span><\/li>\n<p>n<\/ul>\n<p>n&nbsp;<br \/>\nn<\/p>\n<h4><b><i>Recolha no hotel <\/i><\/b><\/h4>\n<p>n<span style=\"font-weight: 400;\">O servi\u00e7o de busca no hotel \u00e9 oferecido para este passeio.\u00a0<\/span><br \/>\nn<br \/>\nn<b>Observa\u00e7\u00e3o:<\/b><span style=\"font-weight: 400;\"> Se voc\u00ea reservar dentro de 24 horas antes do hor\u00e1rio de partida da excurs\u00e3o\/excurs\u00e3o, podemos providenciar a retirada do hotel nas \u00e1reas de Punta Cana. Assim que sua compra for conclu\u00edda, enviaremos a voc\u00ea informa\u00e7\u00f5es de contato completas (n\u00famero de telefone, endere\u00e7o de e-mail, etc.) para que nosso guia tur\u00edstico local organize as provid\u00eancias de coleta.<\/span><br \/>\nn<\/p>\n<h4><b><i>Informa\u00e7\u00e3o Adicional Confirma\u00e7\u00e3o <\/i><\/b><\/h4>\n<p>n<\/p>\n<ol>\nn \t<\/p>\n<li>Os ingressos s\u00e3o o recibo ap\u00f3s o pagamento deste passeio. Voc\u00ea pode mostrar o pagamento em seu telefone.<\/li>\n<p>n \t<\/p>\n<li style=\"font-weight: 400;\"><span style=\"font-weight: 400;\">O ponto de encontro ser\u00e1 recebido ap\u00f3s o processo de reserva.<\/span><\/li>\n<p>n \t<\/p>\n<li style=\"font-weight: 400;\"><span style=\"font-weight: 400;\">As crian\u00e7as devem estar acompanhadas por um adulto.<\/span><\/li>\n<p>n \t<\/p>\n<li style=\"font-weight: 400;\"><span style=\"font-weight: 400;\"> N\u00e3o acess\u00edvel para cadeira de rodas <\/span><\/li>\n<p>n \t<\/p>\n<li style=\"font-weight: 400;\"><span style=\"font-weight: 400;\">Beb\u00eas devem sentar no colo <\/span><\/li>\n<p>n \t<\/p>\n<li style=\"font-weight: 400;\"><span style=\"font-weight: 400;\">N\u00e3o recomendado para viajantes com problemas nas costas<\/span><\/li>\n<p>n \t<\/p>\n<li style=\"font-weight: 400;\"><span style=\"font-weight: 400;\">N\u00e3o recomendado para viajantes gr\u00e1vidas <\/span><\/li>\n<p>n \t<\/p>\n<li style=\"font-weight: 400;\"><span style=\"font-weight: 400;\"> Sem problemas card\u00edacos ou outras condi\u00e7\u00f5es m\u00e9dicas graves <\/span><\/li>\n<p>n \t<\/p>\n<li style=\"font-weight: 400;\"><span style=\"font-weight: 400;\">A maioria dos viajantes pode participar<\/span><\/li>\n<p>n<\/ol>\n<p>n<\/p>\n<h4><b><i>Pol\u00edtica de cancelamento<\/i><\/b><\/h4>\n<p>nPara obter um reembolso total, leia nossas pol\u00edticas de cancelamento\u00a0<a href=\"https:\/\/www.boattoursamana.com\/pt\/marcacao-online\/\" target=\"_blank\" rel=\"noopener\" data-saferedirecturl=\"https:\/\/www.google.com\/url?q=https:\/\/www.boattoursamana.com\/online-booking\/&amp;source=gmail&amp;ust=1672449202351000&amp;usg=AOvVaw1yAeVAPktmaVCqDujgUn90\">Clique aqui<\/a>. Os fundos ser\u00e3o perdidos se a reserva for cancelada no mesmo dia da viagem.<\/p>\n\n\t\t<\/div>\n\t<\/div>\n<\/div><\/div><\/div><\/div><div class=\"vc_row wpb_row vc_row-fluid\" ><div class=\"wpb_column vc_column_container vc_col-sm-12\"><div class=\"vc_column-inner\"><div class=\"wpb_wrapper\"><\/div><\/div><\/div><\/div><div class=\"vc_row wpb_row vc_row-fluid\" ><\/div><div class=\"wpb_column vc_column_container vc_col-sm-12\"><div class=\"vc_column-inner\"><div class=\"wpb_wrapper\"><\/div><\/div><\/div><div class=\"vc_empty_space\"   style=\"height: 32px\"><span class=\"vc_empty_space_inner\"><\/span><\/div><div class=\"vc_row wpb_row vc_row-fluid\" ><div class=\"wpb_column vc_column_container vc_col-sm-12\"><div class=\"vc_column-inner\"><div class=\"wpb_wrapper\"><div class=\"vc_btn3-container vc_btn3-inline\" ><button class=\"vc_general vc_btn3 vc_btn3-size-md vc_btn3-shape-rounded vc_btn3-style-modern vc_btn3-color-green\">AGENDE AGORA<\/button><\/div><\/div><\/div><\/div><\/div>","protected":false},"excerpt":{"rendered":"<p>Caminata de 3 horas y kayak en manglares en el Parque Nacional Los Haitises con un gu\u00eda tur\u00edstico local desde Sabana de la mar. Visitando las \u00e1reas de Selva Tropical, Cocos, Caf\u00e9 y Cacao. Aprendiendo sobre la historia original del Parque Nacional Los Haitises. n n&nbsp; n nSeleccione la fecha para el viaje de senderismo: &nbsp;<\/p>","protected":false},"author":2,"featured_media":0,"parent":0,"menu_order":0,"comment_status":"open","ping_status":"closed","template":"","meta":{"footnotes":""},"class_list":["post-15812","page","type-page","status-publish","hentry"],"_links":{"self":[{"href":"https:\/\/www.boattoursamana.com\/pt\/wp-json\/wp\/v2\/pages\/15812","targetHints":{"allow":["GET"]}}],"collection":[{"href":"https:\/\/www.boattoursamana.com\/pt\/wp-json\/wp\/v2\/pages"}],"about":[{"href":"https:\/\/www.boattoursamana.com\/pt\/wp-json\/wp\/v2\/types\/page"}],"author":[{"embeddable":true,"href":"https:\/\/www.boattoursamana.com\/pt\/wp-json\/wp\/v2\/users\/2"}],"replies":[{"embeddable":true,"href":"https:\/\/www.boattoursamana.com\/pt\/wp-json\/wp\/v2\/comments?post=15812"}],"version-history":[{"count":0,"href":"https:\/\/www.boattoursamana.com\/pt\/wp-json\/wp\/v2\/pages\/15812\/revisions"}],"wp:attachment":[{"href":"https:\/\/www.boattoursamana.com\/pt\/wp-json\/wp\/v2\/media?parent=15812"}],"curies":[{"name":"wp","href":"https:\/\/api.w.org\/{rel}","templated":true}]}}