{"id":15825,"date":"2023-07-15T07:44:18","date_gmt":"2023-07-15T07:44:18","guid":{"rendered":"https:\/\/www.ticketswhales.com\/los-haitises-boat-private-trip-from-bayahibe\/"},"modified":"2023-07-15T07:44:18","modified_gmt":"2023-07-15T07:44:18","slug":"los-haitises-boat-private-trip-from-bayahibe","status":"publish","type":"page","link":"https:\/\/www.boattoursamana.com\/pt\/los-haitises-barco-viagem-privada-de-bayahibe-2","title":{"rendered":"Viagem privada de barco Los Haitises \u2013 De Bayahibe"},"content":{"rendered":"<p>Pre\u00e7o mais baixo para visitar <strong>Parque Nacional Los Haitises<\/strong> de <b>Bayahibe <\/b>com os locais. A viagem come\u00e7a no porto principal do Parque Nacional dos Haitises. A viagem pode come\u00e7ar das 6h \u00e0s 8h. Retirada nas \u00e1reas de Bayahibe. O guia tur\u00edstico local que conhece a hist\u00f3ria original do lindo Parque Nacional estar\u00e1 em sua viagem.<br \/>\nn<br \/>\nn<span style=\"vertical-align: inherit;\"><span style=\"vertical-align: inherit;\">Partimos do porto principal do Parque Nacional Los Haitises nombre Ca\u00f1o Hondo (Deep Creek) em um BARCO com chalecos salvavidas. <\/span><span style=\"vertical-align: inherit;\">Disfrutaremos del bosque de manglares rojos hasta llegar a la bah\u00eda de San Lorenzo, una peque\u00f1a bah\u00eda hacia la bah\u00eda de Saman\u00e1. <\/span><span style=\"vertical-align: inherit;\">\u00a1Y aqu\u00ed vamos! <\/span><span style=\"vertical-align: inherit;\">O primeiro que voc\u00ea pode ver \u00e9 a cole\u00e7\u00e3o de uma enorme ilha montanhosa de pedra caliza chamada Mogotes. <\/span><span style=\"vertical-align: inherit;\">Encima de los mais de 700 esp\u00e9cies de plantas y muchas aves de los humedales que vuelan alrededor. <\/span><span style=\"vertical-align: inherit;\">Posteriormente Visitando Cuevas con pictograf\u00edas de nuestras comunidades ind\u00edgenas hace 750 a\u00f1os.<\/span><\/span><br \/>\nn<br \/>\nn<strong><span style=\"vertical-align: inherit;\"><span style=\"vertical-align: inherit;\">Selecione uma data para sua viagem privada:<\/span><\/span><\/strong><\/p>\n<p>&nbsp;<\/p>\n<div class=\"vc_row wpb_row vc_row-fluid\" ><div class=\"wpb_column vc_column_container vc_col-sm-12\"><div class=\"vc_column-inner\"><div class=\"wpb_wrapper\"><div class=\"mkdf-section-title-holder\" style=\"text-align: left\">\n\t<div class=\"mkdf-st-inner\">\n\t\t\t\t\t<h5 class=\"mkdf-st-subtitle\" >\n\t\t\t\tManguezais, Guias Locais e Cavernas\t\t\t<\/h5>\n\t\t\t\t\t\t\t<h3 class=\"mkdf-st-title\" >\n\t\t\t\tViagem privada de barco Los Haitises - De Bayahibe\t\t\t<\/h3>\n\t\t\t\t\t<\/div>\n<\/div><\/div><\/div><\/div><\/div><div class=\"vc_row wpb_row vc_row-fluid\" ><div class=\"wpb_column vc_column_container vc_col-sm-12\"><div class=\"vc_column-inner\"><div class=\"wpb_wrapper\"><div class=\"vc_btn3-container vc_btn3-inline\" ><button class=\"vc_general vc_btn3 vc_btn3-size-md vc_btn3-shape-rounded vc_btn3-style-modern vc_btn3-color-green\">LIVRE AGORA<\/button><\/div>\n\t<div class=\"wpb_text_column wpb_content_element\" >\n\t\t<div class=\"wpb_wrapper\">\n\t\t\t<p>\nn<\/p>\n<h4><b><i>Vis\u00e3o geral <\/i><\/b><\/h4>\n<p>nSe voc\u00ea estiver em Bayahibe, escolha uma viagem privada normal ao Parque Nacional Los Haitises. Venha conosco e visite o mais belo parque nacional da Rep\u00fablica Dominicana, visitando manguezais, cavernas e a ba\u00eda de San Lorenzo. Ap\u00f3s o transporte privado de Bayahibe, este passeio de barco privado come\u00e7a na comunidade de Sabana de la Mar, aprendendo sobre a hist\u00f3ria de Sabana de la Mar.<br \/>\nn<\/p>\n<ul>\nn \t<\/p>\n<li style=\"font-weight: 400;\">Taxas inclu\u00eddas<\/li>\n<p>n \t<\/p>\n<li style=\"font-weight: 400;\"><span style=\"font-weight: 400;\">O guia fornece instru\u00e7\u00e3o e supervis\u00e3o<\/span><\/li>\n<p>n \t<\/p>\n<li>Almo\u00e7o<\/li>\n<p>n<\/ul>\n<p>n&nbsp;<br \/>\nn<\/p>\n<h4><b>Inclus\u00f5es e Exclus\u00f5es<\/b><\/h4>\n<p>n&nbsp;<br \/>\nn<br \/>\nn<b>Inclus\u00f5es<\/b><br \/>\nn<\/p>\n<ol>\nn \t<\/p>\n<li style=\"font-weight: 400;\">Tour Los Haitises + Cavernas e Pictogramas<\/li>\n<p>n \t<\/p>\n<li style=\"font-weight: 400;\"><span style=\"font-weight: 400;\">Todos os impostos, taxas e encargos de manuseio<\/span><\/li>\n<p>n \t<\/p>\n<li style=\"font-weight: 400;\"><span style=\"font-weight: 400;\">Impostos locais<\/span><\/li>\n<p>n \t<\/p>\n<li style=\"font-weight: 400;\"><span style=\"font-weight: 400;\">Todas as atividades<\/span><\/li>\n<p>n \t<\/p>\n<li style=\"font-weight: 400;\"><span style=\"font-weight: 400;\">Guia local<\/span><\/li>\n<p>n \t<\/p>\n<li>Transporte inclu\u00eddo<\/li>\n<p>n<\/ol>\n<p>n<b> Exclus\u00f5es<\/b><br \/>\nn<\/p>\n<ol>\nn \t<\/p>\n<li style=\"font-weight: 400;\"><span style=\"font-weight: 400;\">Gorjetas<\/span><\/li>\n<p>n \t<\/p>\n<li style=\"font-weight: 400;\"><span style=\"font-weight: 400;\">Bebidas Alco\u00f3licas<\/span><\/li>\n<p>n<\/ol>\n<p>n&nbsp;<br \/>\nn<\/p>\n<h4><em><strong>Partida e Retorno<\/strong><\/em><\/h4>\n<p>n<span style=\"font-weight: 400;\">O viajante receber\u00e1 um ponto de encontro ap\u00f3s o processo de reserva. Os passeios come\u00e7am e terminam em nossos pontos de encontro.<\/span><br \/>\nn<br \/>\nn&nbsp;<br \/>\nn<\/p>\n<h4><b><i>O que esperar?<\/i><\/b><\/h4>\n<p>n&nbsp;<br \/>\nn<br \/>\nn<em><strong>Pegue seus ingressos<\/strong><\/em> para visitar o Parque Nacional Los Haitises de Bayahibe com transporte inclu\u00eddo em Cavernas, Manguezais e Ba\u00eda de San Lorenzo.<br \/>\nn<br \/>\nnPre\u00e7o mais baixo para visitar <strong>Parque Nacional Los Haitises<\/strong> de Bayahibe<strong>\u00a0hot\u00e9is<\/strong> ou Airbnb com locais.<br \/>\nn<br \/>\nnDepois partiremos do porto principal do Parque Nacional Los Haitises, nomeando Ca\u00f1o Hondo (Deep Creek) em um BARCO com coletes salva-vidas. Desfrutaremos da floresta de Manguezais Vermelhos at\u00e9 chegar \u00e0 Ba\u00eda de San Lorenzo. Pequena ba\u00eda na Ba\u00eda de Saman\u00e1. E aqui vamos n\u00f3s! A primeira coisa incr\u00edvel que voc\u00ea pode ver \u00e9 a cole\u00e7\u00e3o de uma enorme ilha montanhosa de calc\u00e1rio chamada Mogotes. al\u00e9m deles, mais de 700 esp\u00e9cies de plantas e muitos p\u00e1ssaros de \u00e1reas \u00famidas voando por a\u00ed. Mais tarde Visitando Cavernas com pictogramas de nossas comunidades ind\u00edgenas h\u00e1 750 anos.<br \/>\nn<br \/>\nnPasse pelos manguezais e desembarque na ba\u00eda aberta de San Lorenzo, de onde voc\u00ea pode fotografar a paisagem da floresta acidentada. Olhe para a \u00e1gua para ver <em><strong>peixe-boi<\/strong><\/em>, crust\u00e1ceos e <em><strong>golfinhos.<\/strong><\/em><br \/>\nn<\/p>\n<div class=\"body-description secondary\">\nn<br \/>\nnO nome do parque nacional vem de seus habitantes originais, os \u00edndios Taino. Em seu idioma, \"Haitises\" significa terras altas ou colinas, uma refer\u00eancia \u00e0s forma\u00e7\u00f5es geol\u00f3gicas \u00edngremes da costa com calc\u00e1rio. Aventure-se mais profundamente no parque para explorar cavernas como a <em><strong>Cueva de la Arena<\/strong><\/em> e <strong><em>Cueva de la Linea.<\/em><\/strong> As cavernas da reserva serviram de abrigo para os \u00edndios Taino e, posteriormente, para esconderijos de piratas. Procure desenhos de \u00edndios que decoram algumas das paredes. Depois de visitar o Parque Nacional Los Haitises, retornaremos ao porto onde nossa viagem come\u00e7ou.<br \/>\nn<br \/>\nn<\/div>\n<p>n&nbsp;<br \/>\nn<\/p>\n<h4><em><strong>O que voc\u00ea deve trazer?<\/strong><\/em><\/h4>\n<p>n<\/p>\n<ul>\nn \t<\/p>\n<li style=\"font-weight: 400;\"><span style=\"font-weight: 400;\">C\u00e2mera<\/span><\/li>\n<p>n \t<\/p>\n<li style=\"font-weight: 400;\"><span style=\"font-weight: 400;\">bot\u00f5es repelentes<\/span><\/li>\n<p>n \t<\/p>\n<li style=\"font-weight: 400;\"><span style=\"font-weight: 400;\">protetor solar<\/span><\/li>\n<p>n \t<\/p>\n<li style=\"font-weight: 400;\"><span style=\"font-weight: 400;\">Chap\u00e9u<\/span><\/li>\n<p>n \t<\/p>\n<li style=\"font-weight: 400;\"><span style=\"font-weight: 400;\">cal\u00e7as confort\u00e1veis<\/span><\/li>\n<p>n \t<\/p>\n<li style=\"font-weight: 400;\"><span style=\"font-weight: 400;\">Sapatos de caminhada para a floresta<\/span><\/li>\n<p>n \t<\/p>\n<li style=\"font-weight: 400;\"><span style=\"font-weight: 400;\">Sand\u00e1lias para as zonas de Primavera.<\/span><\/li>\n<p>n \t<\/p>\n<li style=\"font-weight: 400;\"><span style=\"font-weight: 400;\">roupa de banho<\/span><\/li>\n<p>n<\/ul>\n<p>n&nbsp;<br \/>\nn<\/p>\n<h4><b><i>Recolha no hotel <\/i><\/b><\/h4>\n<p>n<span style=\"font-weight: 400;\">O servi\u00e7o de busca no hotel \u00e9 oferecido se voc\u00ea estiver em Bayahibe ou La Romana.<\/span><br \/>\nn<br \/>\nn&nbsp;<br \/>\nn<br \/>\nn<b>Observa\u00e7\u00e3o:<\/b><span style=\"font-weight: 400;\"> se voc\u00ea reservar dentro de 24 horas do hor\u00e1rio de partida do passeio\/excurs\u00e3o, podemos providenciar a retirada do hotel com taxas extras, se voc\u00ea n\u00e3o estiver nos hot\u00e9is de Miches ou Sabana de la mar. Assim que sua compra for conclu\u00edda, enviaremos a voc\u00ea informa\u00e7\u00f5es de contato completas (n\u00famero de telefone, endere\u00e7o de e-mail, etc.) para que nosso guia tur\u00edstico local organize as provid\u00eancias de coleta.<\/span><br \/>\nn<\/p>\n<h4><b><i>Informa\u00e7\u00e3o Adicional Confirma\u00e7\u00e3o <\/i><\/b><\/h4>\n<p>n<\/p>\n<ol>\nn \t<\/p>\n<li>Os ingressos s\u00e3o o recibo ap\u00f3s o pagamento deste passeio. Voc\u00ea pode mostrar o pagamento em seu telefone.<\/li>\n<p>n \t<\/p>\n<li style=\"font-weight: 400;\"><span style=\"font-weight: 400;\">O ponto de encontro ser\u00e1 recebido ap\u00f3s o processo de reserva.<\/span><\/li>\n<p>n \t<\/p>\n<li style=\"font-weight: 400;\"><span style=\"font-weight: 400;\">As crian\u00e7as devem estar acompanhadas por um adulto.<\/span><\/li>\n<p>n \t<\/p>\n<li style=\"font-weight: 400;\"><span style=\"font-weight: 400;\"> N\u00e3o acess\u00edvel para cadeira de rodas <\/span><\/li>\n<p>n \t<\/p>\n<li style=\"font-weight: 400;\"><span style=\"font-weight: 400;\">Beb\u00eas devem sentar no colo <\/span><\/li>\n<p>n \t<\/p>\n<li style=\"font-weight: 400;\"><span style=\"font-weight: 400;\">N\u00e3o recomendado para viajantes com problemas nas costas<\/span><\/li>\n<p>n \t<\/p>\n<li style=\"font-weight: 400;\"><span style=\"font-weight: 400;\">N\u00e3o recomendado para viajantes gr\u00e1vidas <\/span><\/li>\n<p>n \t<\/p>\n<li style=\"font-weight: 400;\"><span style=\"font-weight: 400;\"> Sem problemas card\u00edacos ou outras condi\u00e7\u00f5es m\u00e9dicas graves <\/span><\/li>\n<p>n \t<\/p>\n<li style=\"font-weight: 400;\"><span style=\"font-weight: 400;\">A maioria dos viajantes pode participar<\/span><\/li>\n<p>n<\/ol>\n<p>n<\/p>\n<h4><b><i>Pol\u00edtica de cancelamento<\/i><\/b><\/h4>\n<p>nPara obter um reembolso total, leia nossas pol\u00edticas de cancelamento\u00a0<a href=\"https:\/\/www.boattoursamana.com\/pt\/marcacao-online\/\" target=\"_blank\" rel=\"noopener\" data-saferedirecturl=\"https:\/\/www.google.com\/url?q=https:\/\/www.boattoursamana.com\/online-booking\/&amp;source=gmail&amp;ust=1672449202351000&amp;usg=AOvVaw1yAeVAPktmaVCqDujgUn90\">Clique aqui<\/a>. Os fundos ser\u00e3o perdidos se a reserva for cancelada no mesmo dia da viagem.<\/p>\n\n\t\t<\/div>\n\t<\/div>\n<\/div><\/div><\/div><\/div><div class=\"vc_row wpb_row vc_row-fluid\" ><div class=\"wpb_column vc_column_container vc_col-sm-12\"><div class=\"vc_column-inner\"><div class=\"wpb_wrapper\"><div class=\"vc_empty_space\"   style=\"height: 32px\"><span class=\"vc_empty_space_inner\"><\/span><\/div>\n\t<div class=\"wpb_text_column wpb_content_element\" >\n\t\t<div class=\"wpb_wrapper\">\n\t\t\t<p>\nn<\/p>\n<h4>Contate-Nos?<\/h4>\n<p>n<\/p>\n<h5>Reservando aventuras<\/h5>\n<p>n<em><strong>locais<\/strong>\u00a0e\u00a0<strong>nacionais<\/strong>\u00a0Guias tur\u00edsticos e servi\u00e7os aos h\u00f3spedes<\/em><br \/>\nn<br \/>\nn<span class=\"text-turquoise\">Reservas:<\/span>\u00a0Passeios e Excurs\u00f5es em Dom. Rep.<br \/>\nn<br \/>\nn<img decoding=\"async\" class=\"emoji\" draggable=\"false\" src=\"https:\/\/s.w.org\/images\/core\/emoji\/11.2.0\/svg\/1f4de.svg\" alt=\" \" title=\"\">\u00a0Tel\/Whatsapp\u00a0\u00a0<a href=\"tel:+1-809-720-6035\">+1-809-720-6035<\/a>.<br \/>\nn<br \/>\nn<img decoding=\"async\" class=\"emoji\" draggable=\"false\" src=\"https:\/\/s.w.org\/images\/core\/emoji\/11.2.0\/svg\/1f4e9.svg\" alt=\" \" title=\"\">\u00a0<a href=\"mailto:info@bookingadventures.com.do\">info@bookingadventures.com.do<\/a><br \/>\nn<br \/>\nn<strong>Somos Tours Privados com Configura\u00e7\u00e3o Flex\u00edvel por Whatsapp:\u00a0<a href=\"tel:+18097206035\">+18097206035.<\/a><\/strong><\/p>\n\n\t\t<\/div>\n\t<\/div>\n<div class=\"vc_empty_space\"   style=\"height: 32px\"><span class=\"vc_empty_space_inner\"><\/span><\/div><\/div><\/div><\/div><\/div><div class=\"vc_row wpb_row vc_row-fluid\" ><div class=\"wpb_column vc_column_container vc_col-sm-12\"><div class=\"vc_column-inner\"><div class=\"wpb_wrapper\"><div class=\"mkdf-section-title-holder\" style=\"text-align: left\">\n\t<div class=\"mkdf-st-inner\">\n\t\t\t\t\t<h5 class=\"mkdf-st-subtitle\" >\n\t\t\t\tTours e Excurs\u00f5es em torno de Cano Hondo\t\t\t<\/h5>\n\t\t\t\t\t\t\t<h3 class=\"mkdf-st-title\" >\n\t\t\t\tExcurs\u00f5es Cano Hondo\t\t\t<\/h3>\n\t\t\t\t\t\t\t<p class=\"mkdf-st-text\" >\n\t\t\t\tOutras op\u00e7\u00f5es de passeios e excurs\u00f5es na \u00e1rea de Cano Hondo. Sabana de la Mar, Rep\u00fablica Dominicana.\t\t\t<\/p>\n\t\t\t<\/div>\n<\/div><div class=\"woocommerce columns-4\"><ul class=\"products columns-4\">\n<li class=\"product type-product post-8237 status-publish first instock product_cat-tours-excursions-los-haitises-national-park product_cat-1-sabana-de-la-mar product_cat-caves product_cat-hiking product_cat-kayaking product_cat-kayaking-los-haitises product_cat-local-tour-guides product_cat-mangroves product_cat-swimming-natural-springs product_cat-tours-and-excursions product_cat-tours-excursions-samana-bay-dominican-republic product_tag-cano-hondo product_tag-cano-hondo-hotel product_tag-cano-hondo-river product_tag-day-tour-cano-hondo product_tag-kayak-dominican-republic product_tag-kayak-los-haitises product_tag-kayak-tour product_tag-kayaking product_tag-los-haitises product_tag-los-haitises-national-park product_tag-sabana-de-la-mar product_tag-samana-excursions product_tag-samana-tours has-post-thumbnail sale shipping-taxable product-type-external\">\n\t<div class=\"mkdf-pl-inner\"><div class=\"mkdf-pl-image\"><div class=\"mkdf-pl-text\"><div class=\"mkdf-pl-text-outer\"><div class=\"mkdf-pl-text-inner\"><a href=\"https:\/\/bookingadventures.tours\/booking.php?tour_id=76244158e4bf48f84872b711d82fa754\" data-quantity=\"1\" class=\"button wp-element-button product_type_external\" data-product_id=\"8237\" data-product_sku=\"\" aria-label=\"AGENDE AGORA\" rel=\"nofollow noopener\">AGENDE AGORA<\/a><\/div><\/div><\/div><\/div><a href=\"https:\/\/www.boattoursamana.com\/pt\/percorrer-2\/caiaque-em-los-haitises-com-guia-de-cano-hondo-2\" class=\"woocommerce-LoopProduct-link woocommerce-loop-product__link\"><\/a><\/div><div class=\"mkdf-pl-text-wrapper\"><div class=\"mkdf-pl-rating-holder\"><\/div><h4 class=\"mkdf-product-list-title\"><a href=\"https:\/\/www.boattoursamana.com\/pt\/percorrer-2\/caiaque-em-los-haitises-com-guia-de-cano-hondo-2\">2 horas de caiaque Los Haitises<\/a><\/h4>\n\t<span class=\"price\"><del aria-hidden=\"true\"><span class=\"woocommerce-Price-amount amount\"><bdi><span class=\"woocommerce-Price-currencySymbol\">&#36;<\/span>59.00<\/bdi><\/span><\/del> <ins><span class=\"woocommerce-Price-amount amount\"><bdi><span class=\"woocommerce-Price-currencySymbol\">&#36;<\/span>43.50<\/bdi><\/span><\/ins><\/span>\n<\/div><\/li><li class=\"product type-product post-8855 status-publish instock product_cat-kayaking product_cat-1-sabana-de-la-mar product_cat-kayaking-los-haitises product_cat-tours-excursions-los-haitises-national-park product_cat-tours-excursions-samana-bay-dominican-republic product_tag-cano-hondo product_tag-cano-hondo-hotel product_tag-day-tour-cano-hondo product_tag-kayak-dominican-republic product_tag-kayaking-dominican-republic product_tag-kayaking-los-haitises product_tag-kayaks product_tag-los-haitises product_tag-los-haitises-national-park product_tag-los-haitises-tours product_tag-private-tours-samana product_tag-sabana-de-la-mar product_tag-samana-bay product_tag-samana-excursions has-post-thumbnail sale sold-individually shipping-taxable product-type-external\">\n\t<div class=\"mkdf-pl-inner\"><div class=\"mkdf-pl-image\"><div class=\"mkdf-pl-text\"><div class=\"mkdf-pl-text-outer\"><div class=\"mkdf-pl-text-inner\"><a href=\"https:\/\/bookingadventures.tours\/booking.php?tour_id=a9cb493d865c3629426ab07d6bacff97\" data-quantity=\"1\" class=\"button wp-element-button product_type_external\" data-product_id=\"8855\" data-product_sku=\"\" aria-label=\"AGENDE AGORA\" rel=\"nofollow noopener\">AGENDE AGORA<\/a><\/div><\/div><\/div><\/div><a href=\"https:\/\/www.boattoursamana.com\/pt\/percorrer-2\/caiaque-em-los-haitises-com-guia-de-cano-hondo-4-horas\" class=\"woocommerce-LoopProduct-link woocommerce-loop-product__link\"><\/a><\/div><div class=\"mkdf-pl-text-wrapper\"><div class=\"mkdf-pl-rating-holder\"><\/div><h4 class=\"mkdf-product-list-title\"><a href=\"https:\/\/www.boattoursamana.com\/pt\/percorrer-2\/caiaque-em-los-haitises-com-guia-de-cano-hondo-4-horas\">4 horas de caiaque Los Haitises<\/a><\/h4>\n\t<span class=\"price\"><del aria-hidden=\"true\"><span class=\"woocommerce-Price-amount amount\"><bdi><span class=\"woocommerce-Price-currencySymbol\">&#36;<\/span>70.00<\/bdi><\/span><\/del> <ins><span class=\"woocommerce-Price-amount amount\"><bdi><span class=\"woocommerce-Price-currencySymbol\">&#36;<\/span>53.50<\/bdi><\/span><\/ins><\/span>\n<\/div><\/li><li class=\"product type-product post-9453 status-publish instock product_cat-1-sabana-de-la-mar product_cat-lunch product_cat-natural-pools-los-haitises product_cat-uncategorized product_tag-altos-cano-hondo product_tag-cano-hondo product_tag-cano-hondo-day-pass product_tag-cano-hondo-sabana-de-la-mar product_tag-los-haitises product_tag-los-haitises-national-park product_tag-los-haitises-tours product_tag-paraiso-cano-hondo product_tag-parque-los-haitises product_tag-sabana-de-la-mar product_tag-samana product_tag-samana-tours has-post-thumbnail sale sold-individually shipping-taxable product-type-external\">\n\t<div class=\"mkdf-pl-inner\"><div class=\"mkdf-pl-image\"><div class=\"mkdf-pl-text\"><div class=\"mkdf-pl-text-outer\"><div class=\"mkdf-pl-text-inner\"><a href=\"https:\/\/bookingadventures.tours\/booking.php?tour_id=3719146a2c28905b1a2543d5d4629073\" data-quantity=\"1\" class=\"button wp-element-button product_type_external\" data-product_id=\"9453\" data-product_sku=\"\" aria-label=\"AGENDE AGORA\" rel=\"nofollow noopener\">AGENDE AGORA<\/a><\/div><\/div><\/div><\/div><a href=\"https:\/\/www.boattoursamana.com\/pt\/percorrer-2\/dia-passe-cano-hondo-piscinas-naturais-almoco-incluido-2\" class=\"woocommerce-LoopProduct-link woocommerce-loop-product__link\"><\/a><\/div><div class=\"mkdf-pl-text-wrapper\"><div class=\"mkdf-pl-rating-holder\"><\/div><h4 class=\"mkdf-product-list-title\"><a href=\"https:\/\/www.boattoursamana.com\/pt\/percorrer-2\/dia-passe-cano-hondo-piscinas-naturais-almoco-incluido-2\">Day Pass Ca\u00f1o Hondo \u2013 Piscinas Naturais e Almo\u00e7o Inclu\u00eddo<\/a><\/h4>\n\t<span class=\"price\"><del aria-hidden=\"true\"><span class=\"woocommerce-Price-amount amount\"><bdi><span class=\"woocommerce-Price-currencySymbol\">&#36;<\/span>40.00<\/bdi><\/span><\/del> <ins><span class=\"woocommerce-Price-amount amount\"><bdi><span class=\"woocommerce-Price-currencySymbol\">&#36;<\/span>25.00<\/bdi><\/span><\/ins><\/span>\n<\/div><\/li><li class=\"product type-product post-8219 status-publish last instock product_cat-tours-excursions-samana-bay-dominican-republic product_cat-1-samana product_cat-boat-trip-los-haitises product_cat-caves product_cat-hiking product_cat-kayaking product_cat-local-tour-guides product_cat-lunch product_cat-mangroves product_cat-natural-pools-los-haitises product_cat-swimming-natural-springs product_cat-tours-and-excursions product_cat-tours-excursions-los-haitises-national-park product_tag-cano-hondo product_tag-cano-hondo-hotel product_tag-cano-hondo-tours product_tag-day-tour-cano-hondo product_tag-los-haitises product_tag-los-haitises-national-park product_tag-mangroves-los-haitises product_tag-samana-bay product_tag-samana-excursions product_tag-samana-tours has-post-thumbnail sale sold-individually shipping-taxable product-type-external\">\n\t<div class=\"mkdf-pl-inner\"><div class=\"mkdf-pl-image\"><div class=\"mkdf-pl-text\"><div class=\"mkdf-pl-text-outer\"><div class=\"mkdf-pl-text-inner\"><a href=\"https:\/\/bookingadventures.tours\/booking.php?tour_id=115599b2f3856c5f8f20eead7f885855\" data-quantity=\"1\" class=\"button wp-element-button product_type_external\" data-product_id=\"8219\" data-product_sku=\"\" aria-label=\"AGENDE AGORA\" rel=\"nofollow noopener\">AGENDE AGORA<\/a><\/div><\/div><\/div><\/div><a href=\"https:\/\/www.boattoursamana.com\/pt\/percorrer-2\/los-haitises-parque-nacional-almoco-em-cano-hondo-de-samana-port-2\" class=\"woocommerce-LoopProduct-link woocommerce-loop-product__link\"><\/a><\/div><div class=\"mkdf-pl-text-wrapper\"><div class=\"mkdf-pl-rating-holder\"><\/div><h4 class=\"mkdf-product-list-title\"><a href=\"https:\/\/www.boattoursamana.com\/pt\/percorrer-2\/los-haitises-parque-nacional-almoco-em-cano-hondo-de-samana-port-2\">Parque Nacional Los Haitises + Almo\u00e7o em Ca\u00f1o Hondo saindo do Porto de Saman\u00e1.<\/a><\/h4>\n\t<span class=\"price\"><del aria-hidden=\"true\"><span class=\"woocommerce-Price-amount amount\"><bdi><span class=\"woocommerce-Price-currencySymbol\">&#36;<\/span>150.00<\/bdi><\/span><\/del> <ins><span class=\"woocommerce-Price-amount amount\"><bdi><span class=\"woocommerce-Price-currencySymbol\">&#36;<\/span>97.50<\/bdi><\/span><\/ins><\/span>\n<\/div><\/li><\/ul>\n<\/div><\/div><\/div><\/div><\/div><div class=\"vc_row wpb_row vc_row-fluid\" ><div class=\"wpb_column vc_column_container vc_col-sm-12\"><div class=\"vc_column-inner\"><div class=\"wpb_wrapper\"><div class=\"vc_btn3-container vc_btn3-inline\" ><button class=\"vc_general vc_btn3 vc_btn3-size-md vc_btn3-shape-rounded vc_btn3-style-modern vc_btn3-color-green\">LIVRE AGORA<\/button><\/div><\/div><\/div><\/div><\/div>","protected":false},"excerpt":{"rendered":"<p>Lowest price to visit Los Haitises National Park from Bayahibe with Locals. The Trip starts in the Main Port of\u00a0 The Haitises National Park. The trip can start from 6:00 Am to\u00a0 8:00 am. Pick up at Bayahibe areas. Local Tour Guide that knows the original History of the gorgeous National Park will be on your trip. n nLuego partimos desde el puerto principal del Parque Nacional Los Haitises nombre Ca\u00f1o Hondo (Deep Creek) en un BARCO con chalecos salvavidas. [&hellip;]<\/p>\n","protected":false},"author":2,"featured_media":0,"parent":0,"menu_order":0,"comment_status":"open","ping_status":"closed","template":"","meta":{"footnotes":""},"class_list":["post-15825","page","type-page","status-publish","hentry"],"_links":{"self":[{"href":"https:\/\/www.boattoursamana.com\/pt\/wp-json\/wp\/v2\/pages\/15825","targetHints":{"allow":["GET"]}}],"collection":[{"href":"https:\/\/www.boattoursamana.com\/pt\/wp-json\/wp\/v2\/pages"}],"about":[{"href":"https:\/\/www.boattoursamana.com\/pt\/wp-json\/wp\/v2\/types\/page"}],"author":[{"embeddable":true,"href":"https:\/\/www.boattoursamana.com\/pt\/wp-json\/wp\/v2\/users\/2"}],"replies":[{"embeddable":true,"href":"https:\/\/www.boattoursamana.com\/pt\/wp-json\/wp\/v2\/comments?post=15825"}],"version-history":[{"count":0,"href":"https:\/\/www.boattoursamana.com\/pt\/wp-json\/wp\/v2\/pages\/15825\/revisions"}],"wp:attachment":[{"href":"https:\/\/www.boattoursamana.com\/pt\/wp-json\/wp\/v2\/media?parent=15825"}],"curies":[{"name":"wp","href":"https:\/\/api.w.org\/{rel}","templated":true}]}}