{"id":15878,"date":"2023-07-15T07:45:29","date_gmt":"2023-07-15T07:45:29","guid":{"rendered":"https:\/\/www.ticketswhales.com\/los-haitises-all-in-one-kayaking-hiking-boating-caving-swimming-natural-pool-lunch-from-las-terrenas\/"},"modified":"2023-07-15T07:45:29","modified_gmt":"2023-07-15T07:45:29","slug":"los-haitises-all-in-one-kayaking-hiking-boating-caving-swimming-natural-pool-lunch-from-las-terrenas","status":"publish","type":"page","link":"https:\/\/www.boattoursamana.com\/pt\/los-haitises-all-in-one-kayaking-hiking-boating-caving-swimming-natural-pool-lunch-from-las-terrenas","title":{"rendered":"Los Haitises All In One (caiaque, caminhadas, passeios de barco, espeleologia, piscina natural e almo\u00e7o) de Las Terrenas"},"content":{"rendered":"<p><span style=\"font-weight: 400;\">Fuja da cidade para mergulhar entre a cidade hist\u00f3rica e pesqueira de Sanchez e a capital de Los HaitisesSabana de la Mar. Sanchez \u00e9 conhecida como um centro de exporta\u00e7\u00e3o e por ter um trem que vinha da prov\u00edncia de La vega constru\u00eddo no final de 1800 Venha conosco e desfrute das \u00e1guas frescas de uma das praias inexploradas do Parque Nacional Los Haitises, onde est\u00e1 localizada a Ba\u00eda de San Lorenzo. O local \u00e9 acess\u00edvel por barco, cercado por mata atl\u00e2ntica e manguezais. Enquanto navega de Sanchez a Los Haitises, voc\u00ea entrar\u00e1 em contato com a natureza e a paisagem inesquec\u00edvel deste parque. Este passeio ser\u00e1 uma mistura de caiaque, canoagem, visita a uma caverna e nata\u00e7\u00e3o em um dos parques nacionais mais importantes do pa\u00eds, aqui est\u00e1 a maior parte da biodiversidade da ilha e a segunda maior floresta de mangue com mais de 98 km2.\u00a0<\/span><br \/>\nn<br \/>\nn&nbsp;<br \/>\nn<br \/>\nn<strong><span style=\"vertical-align: inherit;\"><span style=\"vertical-align: inherit;\">Escolha uma data para esta aventura:<\/span><\/span><\/strong><\/p>\n<p>&nbsp;<\/p>\n<div class=\"vc_row wpb_row vc_row-fluid\" ><div class=\"wpb_column vc_column_container vc_col-sm-12\"><div class=\"vc_column-inner\"><div class=\"wpb_wrapper\">\n\t<div class=\"wpb_text_column wpb_content_element\" >\n\t\t<div class=\"wpb_wrapper\">\n\t\t\t<p>\nn<\/p>\n<h2>Los Haitises All In One (caiaque, caminhadas, passeios de barco, espeleologia, piscina natural e almo\u00e7o) de Las Terrenas<\/h2>\n<p>n<\/p>\n<h4><b><i>Vis\u00e3o geral <\/i><\/b><\/h4>\n<p>n<span style=\"font-weight: 400;\">Los Haitises All In One \u00e9 uma fuga da cidade para mergulhar entre a cidade hist\u00f3rica e piscat\u00f3ria de Sanchez e a capital de Los Haitises Sabana de la Mar. Sanchez \u00e9 conhecida como um centro de exporta\u00e7\u00e3o e por ter um trem que vinha de A prov\u00edncia de La Vega foi constru\u00edda no final de 1800. Venha conosco e desfrute das \u00e1guas frescas de uma das praias inexploradas do Parque Nacional Los Haitises, onde est\u00e1 localizada a Ba\u00eda de San Lorenzo. <\/span><br \/>\nn<br \/>\nn<span style=\"font-weight: 400;\">O local \u00e9 acess\u00edvel por barco, cercado por mata atl\u00e2ntica e manguezais. Enquanto navega de Sanchez a Los Haitises, voc\u00ea entrar\u00e1 em contato com a natureza e a paisagem inesquec\u00edvel deste parque. Este passeio ser\u00e1 uma mistura de caiaque, canoagem, visita a uma caverna e nata\u00e7\u00e3o em um dos parques nacionais mais importantes do pa\u00eds, aqui est\u00e1 a maior parte da biodiversidade da ilha e a segunda maior floresta de mangue com mais de 98 km2.\u00a0<\/span><br \/>\nn<br \/>\nn<span style=\"font-weight: 400;\">Nossa equipe local e especializada garantir\u00e1 que voc\u00ea realmente conhe\u00e7a a cultura taino, sua hist\u00f3ria em Los Haitises e sua conex\u00e3o com a natureza. Este passeio \u00e9 na modalidade ecoturismo onde a comunidade tem um papel muito importante, s\u00e3o guias, capit\u00e3es e motoristas.<\/span><br \/>\nn<br \/>\nn<span style=\"font-weight: 400;\">A prioridade da Booking Adventure \u00e9 garantir que obt\u00e9m o melhor dos melhores, desde o momento da compra do bilhete at\u00e9 ao final da viagem. Nossos passeios s\u00e3o focados em educa\u00e7\u00e3o ambiental, aventura e hist\u00f3ria local e nesta viagem voc\u00ea poder\u00e1 conhecer um pouco de tudo.\u00a0<\/span><br \/>\nn<\/p>\n<h3><span style=\"font-weight: 400;\">Inclus\u00f5es e Exclus\u00f5es<\/span><\/h3>\n<p>n<\/p>\n<h6><strong>Inclus\u00f5es<\/strong><\/h6>\n<p>n<\/p>\n<ul>\nn \t<\/p>\n<li><span style=\"font-weight: 400;\">Lancha r\u00e1pida e capit\u00e3o\u00a0<\/span><\/li>\n<p>n \t<\/p>\n<li><span style=\"font-weight: 400;\">caiaque\u00a0<\/span><\/li>\n<p>n \t<\/p>\n<li>Trilha de caminhada<\/li>\n<p>n \t<\/p>\n<li><span style=\"font-weight: 400;\">Lanches, (\u00e1gua, frutas, refrigerante)<\/span><\/li>\n<p>n \t<\/p>\n<li>almo\u00e7o local<\/li>\n<p>n \t<\/p>\n<li><span style=\"font-weight: 400;\">Todos os impostos, taxas e encargos de manuseio<\/span><\/li>\n<p>n \t<\/p>\n<li><span style=\"font-weight: 400;\">Oficiais Guias tur\u00edsticos ecologistas Ingl\u00eas\/Espanhol<\/span><\/li>\n<p>n \t<\/p>\n<li><span style=\"font-weight: 400;\">Nadar em Piscinas Naturais ou Praia inexplorada\u00a0<\/span><\/li>\n<p>n \t<\/p>\n<li><span style=\"font-weight: 400;\">espeleologia<\/span><\/li>\n<p>n \t<\/p>\n<li>Recolha no hotel<\/li>\n<p>n<\/ul>\n<p>n<\/p>\n<h6><strong>Exclus\u00f5es<\/strong><\/h6>\n<p>n<\/p>\n<ul>\nn \t<\/p>\n<li><span style=\"font-weight: 400;\">Gorjetas<\/span><\/li>\n<p>n \t<\/p>\n<li><span style=\"font-weight: 400;\">Bebida<\/span><\/li>\n<p>n<\/ul>\n<p>n<\/p>\n<h6><strong>Partida e Retorno<\/strong><\/h6>\n<p>n<span style=\"font-weight: 400;\">O passeio, organizado pela \u201cBooking Adventures\u201d inicia-se no ponto de encontro a combinar com o Guia Tur\u00edstico ou Staff. O viajante receber\u00e1 um ponto de encontro ap\u00f3s o processo de reserva. Os passeios come\u00e7am e terminam em nossos pontos de encontro.<\/span><br \/>\nn<\/p>\n<h2>Los Haitises All In One (caiaque, caminhadas, passeios de barco, espeleologia, piscina natural e almo\u00e7o) de Las Terrenas<\/h2>\n<p>n<span style=\"font-weight: 400;\">O que esperar?<\/span><br \/>\nn<br \/>\nn<span style=\"font-weight: 400;\">Obtenha seu ingresso para o Eco-Adventure Tour Los Haitises National Park All In One\u00a0<\/span><br \/>\nn<br \/>\nn<span style=\"font-weight: 400;\">Esta excurs\u00e3o come\u00e7a a partir de um ponto de encontro que voc\u00ea deve confirmar com nossos agentes de viagens ou seu guia tur\u00edstico antes de ir para qualquer local. Depois de conhecer seu guia, voc\u00ea far\u00e1 um resumo do passeio e tudo relacionado ao seu dia.<\/span><br \/>\nn<br \/>\nn<span style=\"font-weight: 400;\">Quando todos estiverem prontos, iremos para o primeiro local que \u00e9 a Trilha Los Haitises, onde voc\u00ea far\u00e1 uma caminhada de 30 minutos, durante a caminhada veremos diferentes esp\u00e9cies de plantas e p\u00e1ssaros end\u00eamicos.\u00a0<\/span><br \/>\nn<br \/>\nn<span style=\"font-weight: 400;\">Ap\u00f3s a caminhada, voltamos ao barco e cavalgamos at\u00e9 a Playita Las Almejas, onde est\u00e3o as piscinas naturais, enquanto navegamos pelo manguezal e pela ba\u00eda de San Lorenzo, compartilharemos com voc\u00ea hist\u00f3rias sobre Los Haitises, Geologia e repassaremos as esp\u00e9cies de manguezais com tendo em torno da ba\u00eda de San Lorenzo.\u00a0<\/span><br \/>\nn<br \/>\nn<span style=\"font-weight: 400;\">Ao chegarmos a Las Almejas, voc\u00ea deve preparar seu traje de banho para ir em seu caiaque e remar at\u00e9 a Caverna da linha com seu guia tur\u00edstico, o restante da equipe esperar\u00e1 por voc\u00ea at\u00e9 que voc\u00ea termine a primeira parte da atividade.<\/span><br \/>\nn<br \/>\nn<span style=\"font-weight: 400;\">Nesta parte da viagem, voc\u00ea poder\u00e1 contornar o Porto Velho de Las Perlas, uma das primeiras estruturas constru\u00eddas pelos europeus na regi\u00e3o, por volta de 1876, e estava conectada a uma linha de trem que servia de transporte para o caf\u00e9, banana e tudo que esse grupo de europeus cultivava no que hoje \u00e9 Los Haitises.\u00a0<\/span><br \/>\nn<br \/>\nn<span style=\"font-weight: 400;\">Na gruta que ir\u00e1 visitar existem mais de 1200 pictogramas pintados pelos Tainos, esta foi uma forma de se expressarem, e hoje esta arte conta-nos hist\u00f3rias que nunca pens\u00e1mos encontrar nos dias de hoje. Quando voc\u00ea terminar aqui, voltaremos para a Playa de las Almejas para lanches e nata\u00e7\u00e3o.\u00a0<\/span><br \/>\nn<br \/>\nn<span style=\"font-weight: 400;\">Na volta dessa \u00e1rea mostraremos algumas esp\u00e9cies de manguezais e falaremos sobre a import\u00e2ncia do manguezal para a ecologia como ecossistema.<\/span><br \/>\nn<br \/>\nn<span style=\"font-weight: 400;\">Quando terminarmos de andar de caiaque e nadar, faremos uma pausa para almo\u00e7ar local para abra\u00e7ar a culin\u00e1ria local e saborear o melhor arroz branco e feij\u00e3o vermelho da ilha do Caribe.\u00a0<\/span><br \/>\nn<br \/>\nn<span style=\"font-weight: 400;\">Ap\u00f3s o almo\u00e7o e banho no Parque Nacional Los Haitises, voltamos para Sanchez, no caminho de volta desfrutamos de um passeio de 30 minutos at\u00e9 a Pen\u00ednsula de Samana, esta excurs\u00e3o termina no mesmo local em que come\u00e7ou.<\/span><br \/>\nn<br \/>\nn<span style=\"font-weight: 400;\">Nota: Estes passeios s\u00e3o realizados com guias tur\u00edsticos Oficiais Ecologistas. Reserve com tempo porque no parque n\u00e3o h\u00e1 muitos especialistas.<\/span><br \/>\nn<\/p>\n<h6><strong>O que voc\u00ea deve trazer?<\/strong><\/h6>\n<p>n<\/p>\n<ul>\nn \t<\/p>\n<li style=\"font-weight: 400;\" aria-level=\"1\"><span style=\"font-weight: 400;\">C\u00e2mera<\/span><\/li>\n<p>n \t<\/p>\n<li style=\"font-weight: 400;\" aria-level=\"1\"><span style=\"font-weight: 400;\">repelente\u00a0<\/span><\/li>\n<p>n \t<\/p>\n<li style=\"font-weight: 400;\" aria-level=\"1\"><span style=\"font-weight: 400;\">Protetor solar<\/span><\/li>\n<p>n \t<\/p>\n<li style=\"font-weight: 400;\" aria-level=\"1\"><span style=\"font-weight: 400;\">cal\u00e7as confort\u00e1veis<\/span><\/li>\n<p>n \t<\/p>\n<li style=\"font-weight: 400;\" aria-level=\"1\"><span style=\"font-weight: 400;\">sapatos de caminhada<\/span><\/li>\n<p>n \t<\/p>\n<li style=\"font-weight: 400;\" aria-level=\"1\"><span style=\"font-weight: 400;\">Capa de chuva\u00a0<\/span><\/li>\n<p>n \t<\/p>\n<li style=\"font-weight: 400;\" aria-level=\"1\"><span style=\"font-weight: 400;\">roupa de banho\u00a0<\/span><\/li>\n<p>n \t<\/p>\n<li style=\"font-weight: 400;\" aria-level=\"1\"><span style=\"font-weight: 400;\">Toalha<\/span><\/li>\n<p>n \t<\/p>\n<li style=\"font-weight: 400;\" aria-level=\"1\"><span style=\"font-weight: 400;\">Drybag\u00a0\u00a0<\/span><\/li>\n<p>n<\/ul>\n<p>n<\/p>\n<h4><b><i>Recolha no hotel <\/i><\/b><\/h4>\n<p>n<span style=\"font-weight: 400;\">O servi\u00e7o de busca no hotel \u00e9 oferecido para este passeio. S\u00f3 voc\u00ea est\u00e1 em Santa B\u00e1rbara de Samana, Las Terrenas, Las Galeras e Sanchez\u00a0<\/span><br \/>\nn<br \/>\nn<b>Observa\u00e7\u00e3o:<\/b><span style=\"font-weight: 400;\"> Se voc\u00ea reservar dentro de 24 horas do hor\u00e1rio de partida da excurs\u00e3o\/excurs\u00e3o, podemos providenciar a retirada do hotel com taxas extras de qualquer lugar na Rep\u00fablica Dominicana. Assim que sua compra for conclu\u00edda, enviaremos a voc\u00ea informa\u00e7\u00f5es de contato completas (n\u00famero de telefone, endere\u00e7o de e-mail, etc.) para que nosso guia tur\u00edstico local organize as provid\u00eancias de coleta.<\/span><br \/>\nn<\/p>\n<h4><b><i>Informa\u00e7\u00e3o Adicional Confirma\u00e7\u00e3o <\/i><\/b><\/h4>\n<p>n<\/p>\n<ol>\nn \t<\/p>\n<li>Os ingressos s\u00e3o o recibo ap\u00f3s o pagamento deste passeio. Voc\u00ea pode mostrar o pagamento em seu telefone.<\/li>\n<p>n \t<\/p>\n<li style=\"font-weight: 400;\"><span style=\"font-weight: 400;\">O ponto de encontro ser\u00e1 recebido ap\u00f3s o processo de reserva.<\/span><\/li>\n<p>n \t<\/p>\n<li style=\"font-weight: 400;\"><span style=\"font-weight: 400;\">As crian\u00e7as devem estar acompanhadas por um adulto.<\/span><\/li>\n<p>n \t<\/p>\n<li style=\"font-weight: 400;\"><span style=\"font-weight: 400;\"> N\u00e3o acess\u00edvel para cadeira de rodas <\/span><\/li>\n<p>n \t<\/p>\n<li style=\"font-weight: 400;\"><span style=\"font-weight: 400;\">Beb\u00eas devem sentar no colo <\/span><\/li>\n<p>n \t<\/p>\n<li style=\"font-weight: 400;\"><span style=\"font-weight: 400;\">N\u00e3o recomendado para viajantes com problemas nas costas<\/span><\/li>\n<p>n \t<\/p>\n<li style=\"font-weight: 400;\"><span style=\"font-weight: 400;\">N\u00e3o recomendado para viajantes gr\u00e1vidas <\/span><\/li>\n<p>n \t<\/p>\n<li style=\"font-weight: 400;\"><span style=\"font-weight: 400;\"> Sem problemas card\u00edacos ou outras condi\u00e7\u00f5es m\u00e9dicas graves <\/span><\/li>\n<p>n \t<\/p>\n<li style=\"font-weight: 400;\"><span style=\"font-weight: 400;\">A maioria dos viajantes pode participar<\/span><\/li>\n<p>n<\/ol>\n<p>n<\/p>\n<h4><b><i>Pol\u00edtica de cancelamento<\/i><\/b><\/h4>\n<p>n<span style=\"font-weight: 400;\">Para um reembolso total, leia nossas pol\u00edticas de cancelamento\u00a0<a href=\"https:\/\/www.boattoursamana.com\/pt\/marcacao-online\/\" target=\"_blank\" rel=\"noopener\" data-saferedirecturl=\"https:\/\/www.google.com\/url?q=https:\/\/www.boattoursamana.com\/online-booking\/&amp;source=gmail&amp;ust=1672449202351000&amp;usg=AOvVaw1yAeVAPktmaVCqDujgUn90\">Clique aqui<\/a>. Os fundos ser\u00e3o perdidos se a reserva for cancelada no mesmo dia da viagem.<\/span><\/p>\n\n\t\t<\/div>\n\t<\/div>\n<div class=\"mkdf-section-title-holder\" style=\"text-align: left\">\n\t<div class=\"mkdf-st-inner\">\n\t\t\t\t\t<h5 class=\"mkdf-st-subtitle\" >\n\t\t\t\t( Tudo em um )\t\t\t<\/h5>\n\t\t\t\t\t\t\t<h3 class=\"mkdf-st-title\" >\n\t\t\t\tHaitises All In One (caiaque, caminhadas, passeios de barco, espeleologia, piscina natural e almo\u00e7o) de Las Terrenas\t\t\t<\/h3>\n\t\t\t\t\t\t\t<p class=\"mkdf-st-text\" >\n\t\t\t\tEsta experi\u00eancia precisa de um m\u00ednimo de 4 participantes. Se voc\u00ea n\u00e3o tem 4 anos, sinta-se \u00e0 vontade para entrar em contato conosco!\t\t\t<\/p>\n\t\t\t<\/div>\n<\/div><\/div><\/div><\/div><\/div><div class=\"vc_row wpb_row vc_row-fluid\" ><div class=\"wpb_column vc_column_container vc_col-sm-12\"><div class=\"vc_column-inner\"><div class=\"wpb_wrapper\"><\/div><\/div><\/div><\/div><div class=\"vc_row wpb_row vc_row-fluid\" ><\/div><div class=\"wpb_column vc_column_container vc_col-sm-12\"><div class=\"vc_column-inner\"><div class=\"wpb_wrapper\"><\/div><\/div><\/div><div class=\"vc_empty_space\"   style=\"height: 32px\"><span class=\"vc_empty_space_inner\"><\/span><\/div><div class=\"vc_empty_space\"   style=\"height: 32px\"><span class=\"vc_empty_space_inner\"><\/span><\/div>","protected":false},"excerpt":{"rendered":"<p>Escape the city to immerse yourself between the historical and fishing town of Sanchez and the capital of Los HaitisesSabana de la Mar. Sanchez is known as a center of exportation and for having a train that was coming from La vega province built a the end of 1800. Come with us and enjoy the fresh waters of one of the unexplored beaches of Los Haitises National Park, where San Lorenzo Bay is located. The place is accessible by boat, [&hellip;]<\/p>\n","protected":false},"author":2,"featured_media":0,"parent":0,"menu_order":0,"comment_status":"open","ping_status":"closed","template":"","meta":{"footnotes":""},"class_list":["post-15878","page","type-page","status-publish","hentry"],"_links":{"self":[{"href":"https:\/\/www.boattoursamana.com\/pt\/wp-json\/wp\/v2\/pages\/15878","targetHints":{"allow":["GET"]}}],"collection":[{"href":"https:\/\/www.boattoursamana.com\/pt\/wp-json\/wp\/v2\/pages"}],"about":[{"href":"https:\/\/www.boattoursamana.com\/pt\/wp-json\/wp\/v2\/types\/page"}],"author":[{"embeddable":true,"href":"https:\/\/www.boattoursamana.com\/pt\/wp-json\/wp\/v2\/users\/2"}],"replies":[{"embeddable":true,"href":"https:\/\/www.boattoursamana.com\/pt\/wp-json\/wp\/v2\/comments?post=15878"}],"version-history":[{"count":0,"href":"https:\/\/www.boattoursamana.com\/pt\/wp-json\/wp\/v2\/pages\/15878\/revisions"}],"wp:attachment":[{"href":"https:\/\/www.boattoursamana.com\/pt\/wp-json\/wp\/v2\/media?parent=15878"}],"curies":[{"name":"wp","href":"https:\/\/api.w.org\/{rel}","templated":true}]}}