{"id":11778,"date":"2020-12-13T08:28:52","date_gmt":"2020-12-13T08:28:52","guid":{"rendered":"https:\/\/www.ticketswhales.com\/?post_type=product&#038;p=11778"},"modified":"2023-11-07T21:16:27","modified_gmt":"2023-11-07T21:16:27","slug":"hiking-trails-in-barahona-dominican-republic-cachote-mountains-tropical-fruits-swim","status":"publish","type":"product","link":"https:\/\/www.boattoursamana.com\/pt\/percorrer-2\/caminhadas-trilhas-em-barahona-republica-dominicana-cachote-montanhas-frutas-tropicais-nadar-2","title":{"rendered":"Trilhas para caminhadas em Barahona (Rep\u00fablica Dominicana). Montanhas Cachote, frutas tropicais e nata\u00e7\u00e3o"},"content":{"rendered":"<div class=\"vc_row wpb_row vc_row-fluid\" ><div class=\"wpb_column vc_column_container vc_col-sm-12\"><div class=\"vc_column-inner\"><div class=\"wpb_wrapper\">\n\t<div class=\"wpb_text_column wpb_content_element\" >\n\t\t<div class=\"wpb_wrapper\">\n\t\t\t<p><span style=\"vertical-align: inherit;\"><span style=\"vertical-align: inherit;\"><\/p>\n\n\t\t<\/div>\n\t<\/div>\n<div class=\"vc_btn3-container vc_btn3-inline\" ><button class=\"vc_general vc_btn3 vc_btn3-size-md vc_btn3-shape-rounded vc_btn3-style-modern vc_btn3-color-green\">AGENDE AGORA<\/button><\/div>\n\t<div class=\"wpb_text_column wpb_content_element\" >\n\t\t<div class=\"wpb_wrapper\">\n\t\t\t<p><\/span><\/span><\/p>\n<div class=\"vc_row wpb_row vc_row-fluid\">\n<div class=\"wpb_column vc_column_container vc_col-sm-12\">\n<div class=\"vc_column-inner\">\n<div class=\"wpb_wrapper\">\n<div class=\"mkdf-section-title-holder\">\n<div class=\"mkdf-st-inner\">\n<h5 class=\"mkdf-st-subtitle\">Cachote Mountains, Tropical Fruits &amp; Swim<\/h5>\n<h3 class=\"mkdf-st-title\">Hiking trails in Barahona (Dominican Republic).<\/h3>\n<\/div>\n<\/div>\n<\/div>\n<\/div>\n<\/div>\n<\/div>\n<div class=\"vc_row wpb_row vc_row-fluid\">\n<div class=\"wpb_column vc_column_container vc_col-sm-12\">\n<div class=\"vc_column-inner\">\n<div class=\"wpb_wrapper\">\n<div class=\"wpb_text_column wpb_content_element\">\n<div class=\"wpb_wrapper\">\n<h4><b><i>Vis\u00e3o geral<\/i><\/b><\/h4>\n<p>Enjoy a day hiking in the Mountains of Cachote, Barahona. Starting from Paraiso Community. Learning about coffee plantation areas. Swimming in Natural springs and one of the most beautiful beaches in the Dominican Republic with scenic photos.<\/p>\n<h4><b>Inclus\u00f5es e Exclus\u00f5es<\/b><\/h4>\n<p>&nbsp;<\/p>\n<p><b>Inclus\u00f5es<\/b><\/p>\n<ol>\n<li>Guia Local com experi\u00eancia em Seguran\u00e7a na \u00e1rea.<\/li>\n<li>Transporte privado para pequenos grupos<\/li>\n<li>Todos os impostos, taxas e encargos de manuseio<\/li>\n<li>Pick up \/ Transportation from your hotel (Barahona \/ Para\u00edso \/ Los Patos area)<\/li>\n<li>Local guide who speaks English or French<\/li>\n<li>Almo\u00e7o t\u00edpico (tipo sandes) e uma garrafa de \u00e1gua<\/li>\n<li>Impostos locais<\/li>\n<li>Caminhada<\/li>\n<li>piscinas naturais<\/li>\n<\/ol>\n<p><b>Exclus\u00f5es<\/b><\/p>\n<ol>\n<li>Gorjetas<\/li>\n<li>Todas as bebidas<\/li>\n<li>Todos os servi\u00e7os n\u00e3o especificamente mencionados<\/li>\n<li>Despesas pessoais e dicas<\/li>\n<\/ol>\n<h4><em><strong>Partida e Retorno<\/strong><\/em><\/h4>\n<p>O viajante receber\u00e1 um ponto de encontro ap\u00f3s o processo de reserva. Os passeios come\u00e7am e terminam em seus pontos de encontro.<\/p>\n<p>Dificuldade: M\u00e9dio-Dif\u00edcil<br \/>\nDura\u00e7\u00e3o da caminhada: 5-6 horas<br \/>\nEleva\u00e7\u00e3o: 800 metros<br \/>\nSa\u00edda do Hotel: 08h00<br \/>\nRetorno ao Hotel: 17h00<\/p>\n<h2 class=\"styles__heading___mD4_3\" data-radium=\"true\">Trilhas para caminhadas em Barahona (Rep\u00fablica Dominicana). Montanhas Cachote, frutas tropicais e nata\u00e7\u00e3o<\/h2>\n<h4><em>O que esperar?<\/em><\/h4>\n<p>Come\u00e7aremos esta caminhada na cidade de Ojeda, famosa por sua grande produ\u00e7\u00e3o de frutas e vegetais t\u00edpicos do Caribe. No caminho, podemos provar abacates, laranjas, toranjas, lim\u00f5es, goiabas, mangas, mam\u00f5es, sapotas e graviola!<\/p>\n<p>Ap\u00f3s 1 hora e meia de subida, chegaremos a um mirante impressionante sobre a cidade de Para\u00edso, o Riosito e as altas montanhas de Cachote.<\/p>\n<p>Continuaremos subindo em um clima mais frio e \u00famido at\u00e9 chegarmos ao povoado de Barrio Nuevo onde almo\u00e7aremos.<\/p>\n<p>\u00c0 tarde, cruzaremos uma magn\u00edfica fazenda de caf\u00e9 no topo da montanha a 800 metros acima do n\u00edvel do mar. Em seguida, desceremos por 1 hora at\u00e9 chegarmos ao desfiladeiro de Riosito, onde podemos nos banhar em uma bela piscina natural cercada pela floresta tropical.<\/p>\n<p>Continue caminhando pelo vale do Riosito para terminar o dia tomando banho na praia do Para\u00edso.<\/p>\n<h4><em><strong>O que voc\u00ea deve trazer?<\/strong><\/em><\/h4>\n<ul>\n<li>C\u00e2mera<\/li>\n<li>bot\u00f5es repelentes<\/li>\n<li>Protetor solar<\/li>\n<li>Banheiro<\/li>\n<li>Chap\u00e9u<\/li>\n<li>cal\u00e7as confort\u00e1veis<\/li>\n<li>Sapatos de caminhada para a floresta<\/li>\n<li>Sand\u00e1lias para as zonas de Primavera.<\/li>\n<li>roupa de banho<\/li>\n<\/ul>\n<p>&nbsp;<\/p>\n<h4><b><i>Hotel de retirada<\/i><\/b><\/h4>\n<p>O servi\u00e7o de busca no hotel \u00e9 oferecido para este passeio. Pickup\/Transporte desde o seu hotel (zona de Barahona\/Para\u00edso\/Los Patos).<\/p>\n<p><b>Observa\u00e7\u00e3o:<\/b>\u00a0If you are booked within 24 hours of the tour\/Excursion departure time, we can arrange hotel pick-up. We just pick up in Barahona areas. Once your purchase is complete, we will send you complete contact information (phone number, email address, etc.) for our local Tour guide to organize pick-up arrangements.<\/p>\n<h4><b><i>Informa\u00e7\u00e3o Adicional Confirma\u00e7\u00e3o<\/i><\/b><\/h4>\n<ol>\n<li>Os ingressos s\u00e3o o recibo ap\u00f3s o pagamento deste passeio. Voc\u00ea pode mostrar o pagamento em seu telefone.<\/li>\n<li>O ponto de encontro ser\u00e1 recebido ap\u00f3s o processo de reserva.<\/li>\n<li>As crian\u00e7as devem estar acompanhadas por um adulto.<\/li>\n<li>N\u00e3o acess\u00edvel para cadeira de rodas<\/li>\n<li>Beb\u00eas devem sentar no colo<\/li>\n<li>N\u00e3o recomendado para viajantes com problemas nas costas<\/li>\n<li>N\u00e3o recomendado para viajantes gr\u00e1vidas<\/li>\n<li>Sem problemas card\u00edacos ou outras condi\u00e7\u00f5es m\u00e9dicas graves<\/li>\n<li>A maioria dos viajantes pode participar<\/li>\n<\/ol>\n<h4><b><i>Pol\u00edtica de cancelamento<\/i><\/b><\/h4>\n<p>For a full refund, cancel at least 72 hours in advance of the start date of the experience. Funds will be lost if the reservation is canceled the same day of the trip.<\/p>\n<\/div>\n<\/div>\n<\/div>\n<\/div>\n<\/div>\n<\/div>\n\n\t\t<\/div>\n\t<\/div>\n<\/div><\/div><\/div><\/div><div class=\"wpb_column vc_column_container vc_col-sm-12\"><div class=\"vc_column-inner\"><div class=\"wpb_wrapper\"><\/div><\/div><\/div><div class=\"wpb_column vc_column_container vc_col-sm-12\"><div class=\"vc_column-inner\"><div class=\"wpb_wrapper\"><\/div><\/div><\/div>","protected":false},"excerpt":{"rendered":"<p>Buy a Day Pass Tickets to Bahia las Aguilas from Barahona. Driving through the national park Jaragua and heading to Cabo Rojo, where a boat awaits you. After a 15-minute ride with the boat, you will be reaching the beautiful and isolated Bah\u00eda de las \u00c1guilas, which is considered to be the most beautiful beach in the country. Lunch will be served at the beach and you have the chance to go swimming or just relax on the beach. Enjoy the pristine white sand of this 8 km long beach.<\/p>\n<p>&nbsp;<\/p>\n<p><strong>Selecione o dia para esta viagem:<\/strong><\/p>","protected":false},"featured_media":11651,"template":"","meta":[],"product_cat":[160,847],"product_tag":[850,566,849,848],"class_list":["post-11778","product","type-product","status-publish","has-post-thumbnail","hentry","product_cat-lunch","product_cat-barahona","product_tag-barahona-hiking","product_tag-barahona-tours","product_tag-cachote-tour","product_tag-paraiso-tour"],"_links":{"self":[{"href":"https:\/\/www.boattoursamana.com\/pt\/wp-json\/wp\/v2\/product\/11778","targetHints":{"allow":["GET"]}}],"collection":[{"href":"https:\/\/www.boattoursamana.com\/pt\/wp-json\/wp\/v2\/product"}],"about":[{"href":"https:\/\/www.boattoursamana.com\/pt\/wp-json\/wp\/v2\/types\/product"}],"wp:featuredmedia":[{"embeddable":true,"href":"https:\/\/www.boattoursamana.com\/pt\/wp-json\/wp\/v2\/media\/11651"}],"wp:attachment":[{"href":"https:\/\/www.boattoursamana.com\/pt\/wp-json\/wp\/v2\/media?parent=11778"}],"wp:term":[{"taxonomy":"product_cat","embeddable":true,"href":"https:\/\/www.boattoursamana.com\/pt\/wp-json\/wp\/v2\/product_cat?post=11778"},{"taxonomy":"product_tag","embeddable":true,"href":"https:\/\/www.boattoursamana.com\/pt\/wp-json\/wp\/v2\/product_tag?post=11778"}],"curies":[{"name":"wp","href":"https:\/\/api.w.org\/{rel}","templated":true}]}}