{"id":12652,"date":"2021-08-02T05:55:11","date_gmt":"2021-08-02T05:55:11","guid":{"rendered":"https:\/\/www.ticketswhales.com\/?post_type=product&#038;p=12652"},"modified":"2023-11-06T14:24:06","modified_gmt":"2023-11-06T14:24:06","slug":"el-limon-waterfalls-tour-private-from-las-galeras-horse-riding-lunch-swimming","status":"publish","type":"product","link":"https:\/\/www.boattoursamana.com\/pt\/percorrer-2\/el-limon-cachoeiras-tour-privado-de-las-galeras-cavalgadas-almoco-natacao","title":{"rendered":"Las Galeras: Cachoeiras El Lim\u00f3n Tour Privado (cavalgadas, almo\u00e7o e nata\u00e7\u00e3o)"},"content":{"rendered":"<div class=\"vc_row wpb_row vc_row-fluid\" ><div class=\"wpb_column vc_column_container vc_col-sm-12\"><div class=\"vc_column-inner\"><div class=\"wpb_wrapper\"><div class=\"vc_btn3-container vc_btn3-inline\" ><a class=\"vc_general vc_btn3 vc_btn3-size-md vc_btn3-shape-rounded vc_btn3-style-modern vc_btn3-color-green\" href=\"https:\/\/bookingadventures.tours\/booking.php?tour_id=bb6af51ba5f35561b927993a771999a0\" title=\"\" rel=\"noopener\">AGENDE AGORA<\/a><\/div>\n\t<div class=\"wpb_text_column wpb_content_element\" >\n\t\t<div class=\"wpb_wrapper\">\n\t\t\t<div class=\"vc_row wpb_row vc_row-fluid\">\n<div class=\"wpb_column vc_column_container vc_col-sm-12\">\n<div class=\"vc_column-inner\">\n<div class=\"wpb_wrapper\">\n<div class=\"mkdf-section-title-holder\">\n<div class=\"mkdf-st-inner\">\n<h5 class=\"mkdf-st-subtitle\">(passeios a cavalo, almo\u00e7o e nata\u00e7\u00e3o)<\/h5>\n<h2 class=\"mkdf-st-title\">Cachoeiras El Limon Tour Privado De Las Galeras<\/h2>\n<\/div>\n<\/div>\n<\/div>\n<\/div>\n<\/div>\n<\/div>\n<div class=\"vc_row wpb_row vc_row-fluid\"><\/div>\n<h4><a id=\"overview\" class=\"aal_anchor\" href=\"https:\/\/bookingadventures.com.do\/dominicantour\/el-limon-waterfalls-tour-private-from-las-galeras-horse-riding-lunch-swimming\/#overview\" aria-hidden=\"true\" rel=\"noopener\"><\/a><b><i>Vis\u00e3o geral<\/i><\/b><\/h4>\n<p>Este \u00e9 um tour privado para\u00a0<strong>As Cachoeiras El Lim\u00f3n<\/strong>\u00a0com passeios a cavalo ou caminhadas. Visitando a floresta de cacau e caf\u00e9 sob a copa dos coqueiros. Ao chegar nas Cachoeiras, voc\u00ea pode nadar e marcar o hor\u00e1rio com o seu Guia Local. Depois de desfrutar de um Almo\u00e7o T\u00edpico na Comunidade El Lim\u00f3n.<\/p>\n<p>Aprenda com os locais e fa\u00e7a uma viagem segura. Obtenha seus ingressos em oferta hoje.<\/p>\n<ul>\n<li>Inclui Almo\u00e7o<\/li>\n<li>Passeios a Cavalo ou Caminhadas<\/li>\n<li>O guia fornece instru\u00e7\u00f5es e supervis\u00e3o<\/li>\n<li>Taxas para o Parque Nacional<\/li>\n<\/ul>\n<p>&nbsp;<\/p>\n<h4><a id=\"inclusions-exclusions\" class=\"aal_anchor\" href=\"https:\/\/bookingadventures.com.do\/dominicantour\/el-limon-waterfalls-tour-private-from-las-galeras-horse-riding-lunch-swimming\/#inclusions-exclusions\" aria-hidden=\"true\" rel=\"noopener\"><\/a><b>Inclus\u00f5es e Exclus\u00f5es<\/b><\/h4>\n<p>&nbsp;<\/p>\n<p><b>Inclus\u00f5es<\/b><\/p>\n<ol>\n<li>Almo\u00e7o buffet em El Lim\u00f3n<\/li>\n<li>Passeio a p\u00e9 ou a cavalo<\/li>\n<li>Todos os impostos, taxas e encargos de manuseio<\/li>\n<li>Impostos locais<\/li>\n<li>Bebidas<\/li>\n<li>Todas as atividades<\/li>\n<li>Guia local<\/li>\n<\/ol>\n<p><b>Exclus\u00f5es<\/b><\/p>\n<ol>\n<li>Gorjetas<\/li>\n<li>Transferir<\/li>\n<li>Bebidas Alco\u00f3licas<\/li>\n<li>comida na praia<\/li>\n<\/ol>\n<p>&nbsp;<\/p>\n<h4><a id=\"departure-return\" class=\"aal_anchor\" href=\"https:\/\/bookingadventures.com.do\/dominicantour\/el-limon-waterfalls-tour-private-from-las-galeras-horse-riding-lunch-swimming\/#departure-return\" aria-hidden=\"true\" rel=\"noopener\"><\/a><em><strong>Partida e Retorno<\/strong><\/em><\/h4>\n<p>O viajante receber\u00e1 um ponto de encontro ap\u00f3s o processo de reserva. Os passeios come\u00e7am e terminam em nossos pontos de encontro.<\/p>\n<p>&nbsp;<\/p>\n<h4><a id=\"what-to-expect\" class=\"aal_anchor\" href=\"https:\/\/bookingadventures.com.do\/dominicantour\/el-limon-waterfalls-tour-private-from-las-galeras-horse-riding-lunch-swimming\/#what-to-expect\" aria-hidden=\"true\" rel=\"noopener\"><\/a><b><i>O que esperar?<\/i><\/b><\/h4>\n<p>&nbsp;<\/p>\n<p><em><strong>Pegue seus ingressos<\/strong><\/em>\u00a0para visitar as Cataratas El Lim\u00f3n em Saman\u00e1, al\u00e9m de um maravilhoso almo\u00e7o no Restaurante El Lim\u00f3n.<\/p>\n<p>O passeio, organizado pela \u201cBooking Adventures\u201d inicia-se no ponto de encontro marcado com o Guia Tur\u00edstico.<\/p>\n<p>Melhores viagens privadas para as cachoeiras de El Limon com um guia tur\u00edstico local. Reserve um Passeio a Cavalo pelo Bosque contornando o Rio Lim\u00f3n, visitando as planta\u00e7\u00f5es de cacau e caf\u00e9 sob as sombras dos coqueiros.<\/p>\n<p>Primeiro, pare na pequena cachoeira onde geralmente n\u00e3o h\u00e1 muitas pessoas e voc\u00ea pode nadar. Depois continuamos at\u00e9 a grande cachoeira onde ficaremos por uma hora ou mais se voc\u00ea quiser.<\/p>\n<p>Pegando os cavalos de volta ao restaurante, onde desfrutaremos de um almo\u00e7o t\u00edpico na praia. Peixe Frito com Tostones e Salada ou voc\u00ea pode obter outras op\u00e7\u00f5es no menu com taxas extras.<\/p>\n<p>Almo\u00e7o no restaurante da comunidade El Lim\u00f3n e voc\u00ea pode ficar o tempo que quiser nadando. Se voc\u00ea \u00e9 vegano, tamb\u00e9m podemos preparar comida para voc\u00ea.<\/p>\n<p>&nbsp;<\/p>\n<h4><a id=\"what-you-should-bring\" class=\"aal_anchor\" href=\"https:\/\/bookingadventures.com.do\/dominicantour\/el-limon-waterfalls-tour-private-from-las-galeras-horse-riding-lunch-swimming\/#what-you-should-bring\" aria-hidden=\"true\" rel=\"noopener\"><\/a><em><strong>O que voc\u00ea deve trazer?<\/strong><\/em><\/h4>\n<ul>\n<li>C\u00e2mera<\/li>\n<li>bot\u00f5es repelentes<\/li>\n<li>protetor solar<\/li>\n<li>Chap\u00e9u<\/li>\n<li>cal\u00e7as confort\u00e1veis<\/li>\n<li>Sapatos de caminhada para a floresta<\/li>\n<li>roupa de banho<\/li>\n<\/ul>\n<p>&nbsp;<\/p>\n<h4><a id=\"hotel-pickup\" class=\"aal_anchor\" href=\"https:\/\/bookingadventures.com.do\/dominicantour\/el-limon-waterfalls-tour-private-from-las-galeras-horse-riding-lunch-swimming\/#hotel-pickup\" aria-hidden=\"true\" rel=\"noopener\"><\/a><b><i>Recolha no hotel<\/i><\/b><\/h4>\n<p>O servi\u00e7o de busca no hotel n\u00e3o \u00e9 oferecido para este passeio.<\/p>\n<p>&nbsp;<\/p>\n<p><b>Observa\u00e7\u00e3o:<\/b>\u00a0se voc\u00ea fizer a reserva dentro de 24 horas antes do hor\u00e1rio de partida do passeio\/excurs\u00e3o, podemos providenciar a retirada do hotel com custos extras. Assim que sua compra for conclu\u00edda, enviaremos a voc\u00ea informa\u00e7\u00f5es de contato completas (n\u00famero de telefone, endere\u00e7o de e-mail, etc.) para que nosso guia tur\u00edstico local organize as provid\u00eancias de coleta.<\/p>\n<h4><a id=\"additional-info-confirmation\" class=\"aal_anchor\" href=\"https:\/\/bookingadventures.com.do\/dominicantour\/el-limon-waterfalls-tour-private-from-las-galeras-horse-riding-lunch-swimming\/#additional-info-confirmation\" aria-hidden=\"true\" rel=\"noopener\"><\/a><b><i>Informa\u00e7\u00e3o Adicional Confirma\u00e7\u00e3o<\/i><\/b><\/h4>\n<ol>\n<li>Os ingressos s\u00e3o o recibo ap\u00f3s o pagamento deste passeio. Voc\u00ea pode mostrar o pagamento em seu telefone.<\/li>\n<li>O ponto de encontro ser\u00e1 recebido ap\u00f3s o processo de reserva.<\/li>\n<li>As crian\u00e7as devem estar acompanhadas por um adulto.<\/li>\n<li>N\u00e3o acess\u00edvel para cadeira de rodas<\/li>\n<li>Beb\u00eas devem sentar no colo<\/li>\n<li>N\u00e3o recomendado para viajantes com problemas nas costas<\/li>\n<li>N\u00e3o recomendado para viajantes gr\u00e1vidas<\/li>\n<li>Sem problemas card\u00edacos ou outras condi\u00e7\u00f5es m\u00e9dicas graves<\/li>\n<li>A maioria dos viajantes pode participar<\/li>\n<\/ol>\n\n\t\t<\/div>\n\t<\/div>\n<\/div><\/div><\/div><\/div><div class=\"wpb_column vc_column_container vc_col-sm-12\"><div class=\"vc_column-inner\"><div class=\"wpb_wrapper\"><\/div><\/div><\/div><div class=\"wpb_column vc_column_container vc_col-sm-12\"><div class=\"vc_column-inner\"><div class=\"wpb_wrapper\"><\/div><\/div><\/div>","protected":false},"excerpt":{"rendered":"<p>Visitando as cachoeiras de Samana em transfer privado de las Galeras. Ap\u00f3s chegar ao ponto de encontro para passeio a cavalo at\u00e9 a \u00e1rea da cachoeira. A viagem \u00e0s cachoeiras El Limon durar\u00e1 cerca de 3 horas.<\/p>\n<p><strong><span style=\"vertical-align: inherit;\"><span style=\"vertical-align: inherit;\"><span style=\"vertical-align: inherit;\"><span style=\"vertical-align: inherit;\">Selecione a data para o tour\u00a0<\/span><\/span><\/span><\/span><\/strong><\/p>","protected":false},"featured_media":12594,"template":"","meta":[],"product_cat":[255,655,961,958,159,178,189,160,190,253,254],"product_tag":[183,185,902,202,201,903,186,187],"class_list":["post-12652","product","type-product","status-publish","has-post-thumbnail","hentry","product_cat-tours-excursions-samana-bay-dominican-republic","product_cat-1-samana","product_cat-el-limon-horseback-riding","product_cat-el-limon-las-galeras","product_cat-fees-entrace","product_cat-hiking","product_cat-horse-riding-to-waterfalls","product_cat-lunch","product_cat-safari-samana","product_cat-tours-and-excursions","product_cat-tours-excursions-los-haitises-national-park","product_tag-beach-time","product_tag-el-limon-waterfalls","product_tag-el-limon-waterfalls-tour-private-from-las-galeras-horse-riding","product_tag-hiking-el-limon","product_tag-horses-el-limon","product_tag-lunch-swimming","product_tag-samana","product_tag-samana-tours"],"_links":{"self":[{"href":"https:\/\/www.boattoursamana.com\/pt\/wp-json\/wp\/v2\/product\/12652","targetHints":{"allow":["GET"]}}],"collection":[{"href":"https:\/\/www.boattoursamana.com\/pt\/wp-json\/wp\/v2\/product"}],"about":[{"href":"https:\/\/www.boattoursamana.com\/pt\/wp-json\/wp\/v2\/types\/product"}],"wp:featuredmedia":[{"embeddable":true,"href":"https:\/\/www.boattoursamana.com\/pt\/wp-json\/wp\/v2\/media\/12594"}],"wp:attachment":[{"href":"https:\/\/www.boattoursamana.com\/pt\/wp-json\/wp\/v2\/media?parent=12652"}],"wp:term":[{"taxonomy":"product_cat","embeddable":true,"href":"https:\/\/www.boattoursamana.com\/pt\/wp-json\/wp\/v2\/product_cat?post=12652"},{"taxonomy":"product_tag","embeddable":true,"href":"https:\/\/www.boattoursamana.com\/pt\/wp-json\/wp\/v2\/product_tag?post=12652"}],"curies":[{"name":"wp","href":"https:\/\/api.w.org\/{rel}","templated":true}]}}