{"id":12676,"date":"2021-08-15T16:10:03","date_gmt":"2021-08-15T16:10:03","guid":{"rendered":"https:\/\/www.ticketswhales.com\/?post_type=product&#038;p=12676"},"modified":"2023-11-06T13:36:18","modified_gmt":"2023-11-06T13:36:18","slug":"los-haitises-boat-private-trip-from-boca-chica","status":"publish","type":"product","link":"https:\/\/www.boattoursamana.com\/pt\/percorrer-2\/los-haitises-barco-viagem-privada-de-boca-chica-2","title":{"rendered":"Los Haitises Boat Private trip \u2013 De Boca Chica"},"content":{"rendered":"<div class=\"vc_row wpb_row vc_row-fluid\" ><div class=\"wpb_column vc_column_container vc_col-sm-12\"><div class=\"vc_column-inner\"><div class=\"wpb_wrapper\"><div class=\"mkdf-section-title-holder\" style=\"text-align: left\">\n\t<div class=\"mkdf-st-inner\">\n\t\t\t\t\t<h5 class=\"mkdf-st-subtitle\" >\n\t\t\t\tManguezais, Guias Locais e Cavernas\t\t\t<\/h5>\n\t\t\t\t\t\t\t<h3 class=\"mkdf-st-title\" >\n\t\t\t\tViagem privada de barco Los Haitises - De Boca Chica\t\t\t<\/h3>\n\t\t\t\t\t<\/div>\n<\/div><\/div><\/div><\/div><\/div><div class=\"vc_row wpb_row vc_row-fluid\" ><div class=\"wpb_column vc_column_container vc_col-sm-12\"><div class=\"vc_column-inner\"><div class=\"wpb_wrapper\"><div class=\"vc_btn3-container vc_btn3-inline\" ><button class=\"vc_general vc_btn3 vc_btn3-size-md vc_btn3-shape-rounded vc_btn3-style-modern vc_btn3-color-green\">AGENDE AGORA<\/button><\/div>\n\t<div class=\"wpb_text_column wpb_content_element\" >\n\t\t<div class=\"wpb_wrapper\">\n\t\t\t<h4><b><i>Vis\u00e3o geral <\/i><\/b><\/h4>\n<p>Se voc\u00ea estiver em Boca Chica, escolha uma viagem normal particular ao Parque Nacional Los Haitises. Venha conosco e visite o mais belo parque nacional da Rep\u00fablica Dominicana, visitando manguezais, cavernas e ba\u00eda de San Lorenzo. Ap\u00f3s o transporte privado de Bayahibe, esta viagem de barco particular come\u00e7a na comunidade de Sabana de la Mar, aprendendo sobre a hist\u00f3ria de Sabana de la Mar.<\/p>\n<ul>\n<li style=\"font-weight: 400;\">Taxas inclu\u00eddas<\/li>\n<li style=\"font-weight: 400;\"><span style=\"font-weight: 400;\">O guia fornece instru\u00e7\u00e3o e supervis\u00e3o<\/span><\/li>\n<li>Almo\u00e7o<\/li>\n<\/ul>\n<p>&nbsp;<\/p>\n<h4><b>Inclus\u00f5es e Exclus\u00f5es<\/b><\/h4>\n<p>&nbsp;<\/p>\n<p><b>Inclus\u00f5es<\/b><\/p>\n<ol>\n<li style=\"font-weight: 400;\">Tour Los Haitises + Cavernas e Pictogramas<\/li>\n<li style=\"font-weight: 400;\"><span style=\"font-weight: 400;\">Todos os impostos, taxas e encargos de manuseio<\/span><\/li>\n<li style=\"font-weight: 400;\"><span style=\"font-weight: 400;\">Impostos locais<\/span><\/li>\n<li style=\"font-weight: 400;\"><span style=\"font-weight: 400;\">Todas as atividades<\/span><\/li>\n<li style=\"font-weight: 400;\"><span style=\"font-weight: 400;\">Guia local<\/span><\/li>\n<li>Transporte inclu\u00eddo<\/li>\n<\/ol>\n<p><b> Exclus\u00f5es<\/b><\/p>\n<ol>\n<li style=\"font-weight: 400;\"><span style=\"font-weight: 400;\">Gorjetas<\/span><\/li>\n<li style=\"font-weight: 400;\"><span style=\"font-weight: 400;\">Bebidas Alco\u00f3licas<\/span><\/li>\n<\/ol>\n<p>&nbsp;<\/p>\n<h4><em><strong>Partida e Retorno<\/strong><\/em><\/h4>\n<p><span style=\"font-weight: 400;\">O viajante receber\u00e1 um ponto de encontro ap\u00f3s o processo de reserva. Os passeios come\u00e7am e terminam em nossos pontos de encontro.<\/span><\/p>\n<p>&nbsp;<\/p>\n<h4><b><i>O que esperar?<\/i><\/b><\/h4>\n<p>&nbsp;<\/p>\n<p><em><strong>Pegue seus ingressos<\/strong><\/em> por visitar o Parque Nacional Los Haitises de<strong> Boca Chica<\/strong>\u00a0com transporte inclu\u00eddo em Grutas, Manguezais e Ba\u00eda de San Lorenzo.<\/p>\n<p>Pre\u00e7o mais baixo para visitar <strong>Parque Nacional Los Haitises<\/strong> de <strong>Boca Chica Hot\u00e9is<\/strong> ou Airbnb com locais.<\/p>\n<p>Depois partimos do porto principal do Parque Nacional Los Haitises chamado Ca\u00f1o Hondo (Deep Creek) em um BARCO com coletes salva-vidas. Desfrutaremos do bosque de Manguezais Vermelhos at\u00e9 chegar \u00e0 Ba\u00eda de San Lorenzo. Pequena ba\u00eda na Ba\u00eda de Saman\u00e1. E aqui vamos n\u00f3s! A primeira coisa incr\u00edvel que voc\u00ea pode ver \u00e9 a cole\u00e7\u00e3o de uma enorme ilha montanhosa de calc\u00e1rio chamada Mogotes. sobre eles, mais de 700 esp\u00e9cies de plantas e muitos p\u00e1ssaros pantanosos voando por a\u00ed. Mais tarde, visita a cavernas com pictogramas de nossas comunidades ind\u00edgenas h\u00e1 750 anos.<\/p>\n<p>Atrav\u00e9s dos manguezais e terras na ba\u00eda aberta de San Lorenzo, de onde voc\u00ea pode fotografar a paisagem da floresta acidentada. Olhe para a \u00e1gua para detectar <em><strong>peixe-boi<\/strong><\/em>, crust\u00e1ceos e <em><strong>golfinhos.<\/strong><\/em><\/p>\n<div class=\"body-description secondary\">\n<p>O nome do parque nacional vem de seus habitantes originais, os \u00edndios Taino. Em sua l\u00edngua, \u201cHaitises\u201d significa terras altas ou colinas, uma refer\u00eancia \u00e0s forma\u00e7\u00f5es geol\u00f3gicas \u00edngremes do litoral com calc\u00e1rios. Aventure-se mais fundo no parque para explorar cavernas como a <em><strong>Cueva de la Arena<\/strong><\/em> e <strong><em>Cueva de la Linea.<\/em><\/strong> As cavernas da reserva serviram de abrigo para os \u00edndios Taino e, posteriormente, para esconderijos de piratas. Procure desenhos de \u00edndios que decoram algumas das paredes. Depois de visitar o Parque Nacional Los Haitises, retornaremos ao porto onde nossa viagem come\u00e7ou.<\/p>\n<\/div>\n<p>&nbsp;<\/p>\n<h4><em><strong>O que voc\u00ea deve trazer?<\/strong><\/em><\/h4>\n<ul>\n<li style=\"font-weight: 400;\"><span style=\"font-weight: 400;\">C\u00e2mera<\/span><\/li>\n<li style=\"font-weight: 400;\"><span style=\"font-weight: 400;\">bot\u00f5es repelentes<\/span><\/li>\n<li style=\"font-weight: 400;\"><span style=\"font-weight: 400;\">protetor solar<\/span><\/li>\n<li style=\"font-weight: 400;\"><span style=\"font-weight: 400;\">Chap\u00e9u<\/span><\/li>\n<li style=\"font-weight: 400;\"><span style=\"font-weight: 400;\">cal\u00e7as confort\u00e1veis<\/span><\/li>\n<li style=\"font-weight: 400;\"><span style=\"font-weight: 400;\">Sapatos de caminhada para a floresta<\/span><\/li>\n<li style=\"font-weight: 400;\"><span style=\"font-weight: 400;\">Sand\u00e1lias para as zonas de Primavera.<\/span><\/li>\n<li style=\"font-weight: 400;\"><span style=\"font-weight: 400;\">roupa de banho<\/span><\/li>\n<\/ul>\n<p>&nbsp;<\/p>\n<h4><b><i>Recolha no hotel <\/i><\/b><\/h4>\n<p><span style=\"font-weight: 400;\">O servi\u00e7o de busca no hotel \u00e9 oferecido se voc\u00ea estiver em\u00a0 <strong>Boca Chica.<\/strong><\/span><\/p>\n<p>&nbsp;<\/p>\n<p><b>Observa\u00e7\u00e3o:<\/b><span style=\"font-weight: 400;\"> se voc\u00ea reservar dentro de 24 horas do hor\u00e1rio de partida do passeio\/excurs\u00e3o, podemos providenciar a retirada do hotel com taxas extras, se voc\u00ea n\u00e3o estiver nos hot\u00e9is de La Romana. Assim que sua compra for conclu\u00edda, enviaremos a voc\u00ea informa\u00e7\u00f5es de contato completas (n\u00famero de telefone, endere\u00e7o de e-mail, etc.) para que nosso guia tur\u00edstico local organize as provid\u00eancias de coleta.<\/span><\/p>\n<h4><b><i>Informa\u00e7\u00e3o Adicional Confirma\u00e7\u00e3o <\/i><\/b><\/h4>\n<ol>\n<li>Os ingressos s\u00e3o o recibo ap\u00f3s o pagamento deste passeio. Voc\u00ea pode mostrar o pagamento em seu telefone.<\/li>\n<li style=\"font-weight: 400;\"><span style=\"font-weight: 400;\">O ponto de encontro ser\u00e1 recebido ap\u00f3s o processo de reserva.<\/span><\/li>\n<li style=\"font-weight: 400;\"><span style=\"font-weight: 400;\">As crian\u00e7as devem estar acompanhadas por um adulto.<\/span><\/li>\n<li style=\"font-weight: 400;\"><span style=\"font-weight: 400;\"> N\u00e3o acess\u00edvel para cadeira de rodas <\/span><\/li>\n<li style=\"font-weight: 400;\"><span style=\"font-weight: 400;\">Beb\u00eas devem sentar no colo <\/span><\/li>\n<li style=\"font-weight: 400;\"><span style=\"font-weight: 400;\">N\u00e3o recomendado para viajantes com problemas nas costas<\/span><\/li>\n<li style=\"font-weight: 400;\"><span style=\"font-weight: 400;\">N\u00e3o recomendado para viajantes gr\u00e1vidas <\/span><\/li>\n<li style=\"font-weight: 400;\"><span style=\"font-weight: 400;\"> Sem problemas card\u00edacos ou outras condi\u00e7\u00f5es m\u00e9dicas graves <\/span><\/li>\n<li style=\"font-weight: 400;\"><span style=\"font-weight: 400;\">A maioria dos viajantes pode participar<\/span><\/li>\n<\/ol>\n<h4><b><i>Pol\u00edtica de cancelamento<\/i><\/b><\/h4>\n<p>Para um reembolso total, leia nossas pol\u00edticas de cancelamento\u00a0<a href=\"https:\/\/www.boattoursamana.com\/pt\/marcacao-online\/\" target=\"_blank\" rel=\"noopener\" data-saferedirecturl=\"https:\/\/www.google.com\/url?q=https:\/\/www.boattoursamana.com\/online-booking\/&amp;source=gmail&amp;ust=1672449202351000&amp;usg=AOvVaw1yAeVAPktmaVCqDujgUn90\">Clique aqui<\/a>. Os fundos ser\u00e3o perdidos se a reserva for cancelada no mesmo dia da viagem.<\/p>\n\n\t\t<\/div>\n\t<\/div>\n<div class=\"vc_btn3-container vc_btn3-inline\" ><button class=\"vc_general vc_btn3 vc_btn3-size-md vc_btn3-shape-rounded vc_btn3-style-modern vc_btn3-color-green\">AGENDE AGORA<\/button><\/div><\/div><\/div><\/div><\/div><div class=\"vc_row wpb_row vc_row-fluid\" ><\/div><div class=\"wpb_column vc_column_container vc_col-sm-12\"><div class=\"vc_column-inner\"><div class=\"wpb_wrapper\"><\/div><\/div><\/div><div class=\"vc_empty_space\"   style=\"height: 32px\"><span class=\"vc_empty_space_inner\"><\/span><\/div>\n\t<div class=\"wpb_text_column wpb_content_element\" >\n\t\t<div class=\"wpb_wrapper\">\n\t\t\t<p>Eu sou um bloco de texto. Clique no bot\u00e3o editar para alterar este texto. Lorem ipsum dolor sit amet, consectetur adipiscing elit. Ut elit tellus, luctus nec ullamcorper mattis, pulvinar dapibus leo.<\/p>\n\n\t\t<\/div>\n\t<\/div>\n<div class=\"vc_empty_space\"   style=\"height: 32px\"><span class=\"vc_empty_space_inner\"><\/span><\/div><div class=\"vc_row wpb_row vc_row-fluid\" ><\/div><div class=\"wpb_column vc_column_container vc_col-sm-12\"><div class=\"vc_column-inner\"><div class=\"wpb_wrapper\"><div class=\"vc_btn3-container vc_btn3-inline\" ><button class=\"vc_general vc_btn3 vc_btn3-size-md vc_btn3-shape-rounded vc_btn3-style-modern vc_btn3-color-green\">AGENDE AGORA<\/button><\/div><\/div><\/div><\/div><div class=\"mkdf-section-title-holder\" style=\"text-align: left\">\n\t<div class=\"mkdf-st-inner\">\n\t\t\t\t\t\t\t<\/div>\n<\/div><div class=\"vc_row wpb_row vc_row-fluid\" ><div class=\"wpb_column vc_column_container vc_col-sm-12\"><div class=\"vc_column-inner\"><div class=\"wpb_wrapper\"><\/div><\/div><\/div><\/div><div class=\"vc_row wpb_row vc_row-fluid\" ><div class=\"wpb_column vc_column_container vc_col-sm-12\"><div class=\"vc_column-inner\"><div class=\"wpb_wrapper\"><\/div><\/div><\/div><\/div>","protected":false},"excerpt":{"rendered":"<p>O pre\u00e7o mais baixo para visitar o Parque Nacional Los Haitises saindo de Boca Chica com os habitantes locais. A viagem come\u00e7a no Porto Principal do Parque Nacional Los Haitises. A viagem pode come\u00e7ar das 6h00 \u00e0s 8h00. Recolha em \u00e1reas de Boca Chica. Um guia tur\u00edstico local que conhece a hist\u00f3ria original do belo Parque Nacional estar\u00e1 em sua viagem.<\/p>\n<p><span style=\"vertical-align: inherit;\"><span style=\"vertical-align: inherit;\">Em seguida partiremos do porto principal do Parque Nacional Los Haitises chamado Ca\u00f1o Hondo (Deep Creek) em um BARCO com coletes salva-vidas. Desfrutaremos do mangue vermelho at\u00e9 chegar \u00e0 ba\u00eda de San Lorenzo, uma pequena ba\u00eda em dire\u00e7\u00e3o \u00e0 ba\u00eda de Saman\u00e1. E aqui vamos n\u00f3s! A primeira coisa que voc\u00ea pode ver \u00e9 a cole\u00e7\u00e3o de uma enorme ilha montanhosa de calc\u00e1rio chamada Mogotes. Acima deles, mais de 700 esp\u00e9cies de plantas e muitas aves das zonas h\u00famidas voam. Mais tarde Visitando Cavernas com pictogramas de nossas comunidades ind\u00edgenas h\u00e1 750 anos.<\/span><\/span><\/p>\n<p><em><strong>Selecione uma data para sua viagem particular:<\/strong><\/em><\/p>","protected":false},"featured_media":12272,"template":"","meta":[],"product_cat":[909,946,904,928,168,159,170,169,191,253,254,255],"product_tag":[172,176,805,211,210,174,173,804,177,171,910,907,906,209,320,175],"class_list":["post-12676","product","type-product","status-publish","has-post-thumbnail","hentry","product_cat-los-haitises-boat-private-trip-from-boca-chica","product_cat-1-sabana-de-la-mar","product_cat-bayahibe-boat-tour","product_cat-boat-trip-los-haitises","product_cat-caves","product_cat-fees-entrace","product_cat-local-tour-guides","product_cat-mangroves","product_cat-swimming-natural-springs","product_cat-tours-and-excursions","product_cat-tours-excursions-los-haitises-national-park","product_cat-tours-excursions-samana-bay-dominican-republic","product_tag-boat-tour","product_tag-cano-hondo","product_tag-cano-hondo-excursion","product_tag-cano-hondo-hotel","product_tag-cano-hondo-tours","product_tag-eco-tours","product_tag-excursion","product_tag-hotel-cano-hondo","product_tag-locals-guides","product_tag-los-haitises","product_tag-los-haitises-boat-private-trip-from-boca-chica","product_tag-los-haitises-boat-private-trip-from-la-romana","product_tag-los-haitises-from-la-romana","product_tag-los-haitises-national-park","product_tag-los-haitises-national-park-tour","product_tag-sabana-de-la-mar"],"_links":{"self":[{"href":"https:\/\/www.boattoursamana.com\/pt\/wp-json\/wp\/v2\/product\/12676","targetHints":{"allow":["GET"]}}],"collection":[{"href":"https:\/\/www.boattoursamana.com\/pt\/wp-json\/wp\/v2\/product"}],"about":[{"href":"https:\/\/www.boattoursamana.com\/pt\/wp-json\/wp\/v2\/types\/product"}],"wp:featuredmedia":[{"embeddable":true,"href":"https:\/\/www.boattoursamana.com\/pt\/wp-json\/wp\/v2\/media\/12272"}],"wp:attachment":[{"href":"https:\/\/www.boattoursamana.com\/pt\/wp-json\/wp\/v2\/media?parent=12676"}],"wp:term":[{"taxonomy":"product_cat","embeddable":true,"href":"https:\/\/www.boattoursamana.com\/pt\/wp-json\/wp\/v2\/product_cat?post=12676"},{"taxonomy":"product_tag","embeddable":true,"href":"https:\/\/www.boattoursamana.com\/pt\/wp-json\/wp\/v2\/product_tag?post=12676"}],"curies":[{"name":"wp","href":"https:\/\/api.w.org\/{rel}","templated":true}]}}