{"id":13398,"date":"2021-11-23T10:25:21","date_gmt":"2021-11-23T10:25:21","guid":{"rendered":"https:\/\/www.ticketswhales.com\/?post_type=product&#038;p=13398"},"modified":"2023-02-26T03:44:21","modified_gmt":"2023-02-26T03:44:21","slug":"private-speed-boat-lancha-samana-bay","status":"publish","type":"product","link":"https:\/\/www.boattoursamana.com\/pt\/percorrer-2\/lancha-lancha-samana-bay-privada-2","title":{"rendered":"Lancha privada Saman\u00e1 Bay"},"content":{"rendered":"<div class=\"vc_row wpb_row vc_row-fluid\" ><div class=\"wpb_column vc_column_container vc_col-sm-12\"><div class=\"vc_column-inner\"><div class=\"wpb_wrapper\"><div class=\"vc_btn3-container vc_btn3-inline\" ><button class=\"vc_general vc_btn3 vc_btn3-size-md vc_btn3-shape-rounded vc_btn3-style-modern vc_btn3-color-green\">AGENDE AGORA<\/button><\/div>\n\t<div class=\"wpb_text_column wpb_content_element\" >\n\t\t<div class=\"wpb_wrapper\">\n\t\t\t<div class=\"custom-left\">\n<div class=\"row\">\n<div class=\"col-md-12 cust-clas\">\n<div class=\"product-header alignleft\">\n<p>BARCO SAMANA \u2013 ALUGUEL<\/p>\n<p>CARTER PRIVADO DE DIA INTEIRO SAMANA BAY<\/p>\n<p>VIAGEM DE 8 HORAS DE SEGUNDA A DOMINGO<\/p>\n<\/div>\n<\/div>\n<\/div>\n<\/div>\n<div class=\"custom-left para-p\">\n<div class=\"info_content_label\">\n<p><label>Informa\u00e7\u00f5es:<\/label><\/p>\n<p>Alugue esta fabulosa lancha por um dia inteiro para at\u00e9 5 pessoas para visitar o <a href=\"https:\/\/www.boattoursamana.com\/pt\/destinos\/los-haitises-national-park-tickets-tours\/\" target=\"_blank\" rel=\"noopener\" data-saferedirecturl=\"https:\/\/www.google.com\/url?q=https:\/\/www.boattoursamana.com\/destinations\/los-haitises-national-park-tickets-tours\/&amp;source=gmail&amp;ust=1637749313206000&amp;usg=AOvVaw2iM1LFDbYv-Gthna0qZt2n\">haitianos<\/a> e Cayo Levantado. Tamb\u00e9m na temporada de observa\u00e7\u00e3o de baleias, voc\u00ea pode usar o barco para ver as baleias na ba\u00eda de Samana.<\/p>\n<p>Inclui tripula\u00e7\u00e3o, combust\u00edvel e refrigerador de gelo.<\/p>\n<p>Op\u00e7\u00f5es de comida dispon\u00edveis por um pre\u00e7o extra:<\/p>\n<p><strong>Detalhes do Almo\u00e7o Buffet Tradicional, $15 USD pp:<\/strong><\/p>\n<p>-Salada verde<br \/>\n-P\u00e3o<br \/>\n-Moro de Guandule (arroz dominicano) com coco<br \/>\n\u2013 Macarr\u00e3o ao molho de tomate<br \/>\n- Ca\u00e7arolas de Yuca<br \/>\n-Peixe e frango grelhado (dorado) + molho de leite de coco opcional<br \/>\n-Fruta fresca<br \/>\n-1 bebida n\u00e3o alco\u00f3lica (refrigerante ou \u00e1gua)<br \/>\n-Caf\u00e9<\/p>\n<p><strong>Servi\u00e7o adicional de lagosta + doce de coco $19 USD (adicional).<\/strong><\/p>\n<\/div>\n<p><label>Inclui:<\/label>\u00a0Outros servi\u00e7os inclu\u00eddos (Tripula\u00e7\u00e3o, Combust\u00edvel e Refrigerador com gelo inclu\u00eddos)<\/p>\n<p><label>N\u00e3o incluso:<\/label>\u00a0Bebidas ou alimentos N\u00c3O est\u00e3o inclu\u00eddos<\/p>\n<p><label>Incluir Combust\u00edvel:<\/label>\u00a0Sim<\/p>\n<\/div>\n<p>Entre em contato conosco pelo Whatsapp: +1-809-720-6035. Melhor pre\u00e7o da internet\u2026<\/p>\n<p>&nbsp;<\/p>\n<h4><b><i>Pol\u00edtica de cancelamento<\/i><\/b><\/h4>\n<p>Para um reembolso total, leia nossas pol\u00edticas de cancelamento\u00a0<a href=\"https:\/\/www.boattoursamana.com\/pt\/marcacao-online\/\" target=\"_blank\" rel=\"noopener\" data-saferedirecturl=\"https:\/\/www.google.com\/url?q=https:\/\/www.boattoursamana.com\/online-booking\/&amp;source=gmail&amp;ust=1672449202351000&amp;usg=AOvVaw1yAeVAPktmaVCqDujgUn90\">Clique aqui<\/a>. Os fundos ser\u00e3o perdidos se a reserva for cancelada no mesmo dia da viagem.<\/p>\n\n\t\t<\/div>\n\t<\/div>\n<\/div><\/div><\/div><\/div><div class=\"vc_row wpb_row vc_row-fluid\" ><div class=\"wpb_column vc_column_container vc_col-sm-12\"><div class=\"vc_column-inner\"><div class=\"wpb_wrapper\"><div class=\"vc_btn3-container vc_btn3-inline\" ><button class=\"vc_general vc_btn3 vc_btn3-size-md vc_btn3-shape-rounded vc_btn3-style-modern vc_btn3-color-green\">AGENDE AGORA<\/button><\/div><\/div><\/div><\/div><\/div>","protected":false},"excerpt":{"rendered":"<p>Lancha Privada (Lancha) Samana Bay Alugue esta fabulosa lancha para o dia inteiro para at\u00e9 5 pessoas para visitar o <a href=\"https:\/\/www.boattoursamana.com\/pt\/destinos\/los-haitises-national-park-tickets-tours\/\" target=\"_blank\" rel=\"noopener\" data-saferedirecturl=\"https:\/\/www.google.com\/url?q=https:\/\/www.boattoursamana.com\/destinations\/los-haitises-national-park-tickets-tours\/&amp;source=gmail&amp;ust=1637749313206000&amp;usg=AOvVaw2iM1LFDbYv-Gthna0qZt2n\">haitianos<\/a> e Cayo Levantado. Tamb\u00e9m na temporada de observa\u00e7\u00e3o de baleias, voc\u00ea pode usar o barco para ver as baleias na ba\u00eda de Samana.<\/p>","protected":false},"featured_media":12415,"template":"","meta":[],"product_cat":[1054,841,1000],"product_tag":[842,843,844,845],"class_list":["post-13398","product","type-product","status-publish","has-post-thumbnail","hentry","product_cat-private-speed-boat-lancha-samana-bay","product_cat-rent-catamaran-or-boat-samana","product_cat-ultimo2022","product_tag-catamaran-for-renting-samana","product_tag-samana-boat-rentals","product_tag-samana-catamaran","product_tag-samana-rentals"],"_links":{"self":[{"href":"https:\/\/www.boattoursamana.com\/pt\/wp-json\/wp\/v2\/product\/13398","targetHints":{"allow":["GET"]}}],"collection":[{"href":"https:\/\/www.boattoursamana.com\/pt\/wp-json\/wp\/v2\/product"}],"about":[{"href":"https:\/\/www.boattoursamana.com\/pt\/wp-json\/wp\/v2\/types\/product"}],"wp:featuredmedia":[{"embeddable":true,"href":"https:\/\/www.boattoursamana.com\/pt\/wp-json\/wp\/v2\/media\/12415"}],"wp:attachment":[{"href":"https:\/\/www.boattoursamana.com\/pt\/wp-json\/wp\/v2\/media?parent=13398"}],"wp:term":[{"taxonomy":"product_cat","embeddable":true,"href":"https:\/\/www.boattoursamana.com\/pt\/wp-json\/wp\/v2\/product_cat?post=13398"},{"taxonomy":"product_tag","embeddable":true,"href":"https:\/\/www.boattoursamana.com\/pt\/wp-json\/wp\/v2\/product_tag?post=13398"}],"curies":[{"name":"wp","href":"https:\/\/api.w.org\/{rel}","templated":true}]}}