{"id":13515,"date":"2021-12-29T10:30:36","date_gmt":"2021-12-29T10:30:36","guid":{"rendered":"https:\/\/www.ticketswhales.com\/?post_type=product&#038;p=13515"},"modified":"2023-02-25T21:54:59","modified_gmt":"2023-02-25T21:54:59","slug":"27-waterfalls-from-santo-domingo-private-or-small-group-trip","status":"publish","type":"product","link":"https:\/\/www.boattoursamana.com\/pt\/percorrer-2\/27-cachoeiras-de-santo-domingo-viagem-privada-ou-pequeno-grupo","title":{"rendered":"27 Cachoeiras De Santo Domingo - Viagem Privada ou em Grupo Pequeno"},"content":{"rendered":"<div class=\"vc_row wpb_row vc_row-fluid\" ><div class=\"wpb_column vc_column_container vc_col-sm-12\"><div class=\"vc_column-inner\"><div class=\"wpb_wrapper\"><div class=\"vc_btn3-container vc_btn3-inline\" ><button class=\"vc_general vc_btn3 vc_btn3-size-md vc_btn3-shape-rounded vc_btn3-style-modern vc_btn3-color-green\">AGENDE AGORA<\/button><\/div><div class=\"mkdf-section-title-holder\" style=\"text-align: left\">\n\t<div class=\"mkdf-st-inner\">\n\t\t\t\t\t<h5 class=\"mkdf-st-subtitle\" >\n\t\t\t\tAlmo\u00e7o e transporte inclu\u00eddos\t\t\t<\/h5>\n\t\t\t\t\t\t\t<h3 class=\"mkdf-st-title\" >\n\t\t\t\t27 cachoeiras de Santo Domingo - viagem particular ou em pequenos grupos\t\t\t<\/h3>\n\t\t\t\t\t<\/div>\n<\/div><\/div><\/div><\/div><\/div><div class=\"vc_row wpb_row vc_row-fluid\" ><div class=\"wpb_column vc_column_container vc_col-sm-12\"><div class=\"vc_column-inner\"><div class=\"wpb_wrapper\">\n\t<div class=\"wpb_text_column wpb_content_element\" >\n\t\t<div class=\"wpb_wrapper\">\n\t\t\t<h3 class=\"ui_header h1 attractions-product-info-ProductTitle__title--1qM0o\"><\/h3>\n<h4><b><i>Vis\u00e3o geral <\/i><\/b><\/h4>\n<p>Adquira seus ingressos para uma excurs\u00e3o de dia inteiro a partir de Santo Domingo at\u00e9 a Cachoeira 27 de Damajagua. Ingressos com Almo\u00e7o e Excurs\u00e3o Incluem saltos e nata\u00e7\u00e3o nas mais belas cachoeiras da Rep\u00fablica Dominicana. Caminhada e Nata\u00e7\u00e3o com equipamentos de seguran\u00e7a para ter a melhor experi\u00eancia de sempre!!<\/p>\n<p>Ap\u00f3s esta experi\u00eancia, voc\u00ea retornar\u00e1 a Santo Domingo no local onde se encontrar\u00e1 com o guia ou hotel.<\/p>\n<ul>\n<li style=\"font-weight: 400;\">Taxas inclu\u00eddas<\/li>\n<li>Almo\u00e7o<\/li>\n<li>lanches<\/li>\n<li style=\"font-weight: 400;\">Guia tur\u00edstico local em ingl\u00eas<\/li>\n<\/ul>\n<p>&nbsp;<\/p>\n<h4><b>Inclus\u00f5es e Exclus\u00f5es<\/b><\/h4>\n<p>&nbsp;<\/p>\n<p><b>Inclus\u00f5es<\/b><\/p>\n<ol>\n<li style=\"font-weight: 400;\">27 Cachoeiras de Damajagua<\/li>\n<li>Almo\u00e7o<\/li>\n<li style=\"font-weight: 400;\"><span style=\"font-weight: 400;\">Todos os impostos, taxas e encargos de manuseio<\/span><\/li>\n<li style=\"font-weight: 400;\"><span style=\"font-weight: 400;\">Impostos locais<\/span><\/li>\n<li style=\"font-weight: 400;\"><span style=\"font-weight: 400;\">Bebidas<\/span><\/li>\n<li>lanches<\/li>\n<li style=\"font-weight: 400;\"><span style=\"font-weight: 400;\">Todas as atividades<\/span><\/li>\n<li style=\"font-weight: 400;\"><span style=\"font-weight: 400;\">Guia local<\/span><\/li>\n<li>Transporte<\/li>\n<\/ol>\n<p><b> Exclus\u00f5es<\/b><\/p>\n<ol>\n<li style=\"font-weight: 400;\"><span style=\"font-weight: 400;\">Gorjetas<\/span><\/li>\n<li style=\"font-weight: 400;\"><span style=\"font-weight: 400;\">Bebidas Alco\u00f3licas<\/span><\/li>\n<\/ol>\n<p>&nbsp;<\/p>\n<h4><em><strong>Partida e Retorno<\/strong><\/em><\/h4>\n<p><span style=\"font-weight: 400;\">O viajante ser\u00e1 buscado nos hot\u00e9is de Santo Domingo. Os passeios come\u00e7am e terminam em seus pontos de encontro.<\/span><\/p>\n<h4><\/h4>\n<h3 class=\"ui_header h1 attractions-product-info-ProductTitle__title--1qM0o\">27 Cachoeiras de Damajagua Tour de Santo Domingo.<\/h3>\n<h4><b><i>O que esperar?<\/i><\/b><\/h4>\n<div class=\"apd_content_block\" data-tab=\"TABS_OVERVIEW\">\n<div class=\"ui_card section attractions-product-details-Overview__sectionMargin--uHktd attractions-product-details-Overview__cleanslateOverrideDT--39Ov7\"><strong>Observa\u00e7\u00e3o:<\/strong> A viagem de ida de Santo Domingo a Puerto Plata \u00e9 de cerca de 3 horas. Partimos de Santo Domingo por volta das 7h. De volta a Santo Domingo por volta das 19h.<\/div>\n<\/div>\n<div data-tab=\"TABS_WHAT_TO_EXPECT\">\n<div class=\"ui_card attractions-card-CollapsibleProductDetailsCard__cardContainer--3r2wk attractions-card-CollapsibleProductDetailsCard__cleanslateOverrideDT--2AJh0\">\n<div class=\"attractions-card-CollapsibleCard__header--IDA3r\">\n<div class=\"attractions-card-CollapsibleCard__headerSection--3gTKb\"><\/div>\n<\/div>\n<div class=\"attractions-card-CollapsibleCard__content--2Ws8q\">\n<div class=\"attractions-card-CollapsibleCard__contentWrap--374jk attractions-card-CollapsibleCard__titleUnderline--1uHze\">\n<div>Descubra as isoladas Cachoeiras Damajagua, escondidas nas colinas do Corredor Norte da Rep\u00fablica Dominicana, nesta viagem de dia inteiro saindo de Puerto Plata. Explore as vinte e sete cataratas intocadas, em cascata sobre calc\u00e1rio, com seu guia local. Receba um breve briefing de seguran\u00e7a e, em seguida, pule, nade e deslize em tobo\u00e1guas naturais.<\/div>\n<div><\/div>\n<div>Almo\u00e7o, bebidas est\u00e3o inclu\u00eddas. Uma caminhada moderada de 40 minutos em uma bela paisagem de selva leva voc\u00ea \u00e0 12\u00aa cachoeira ou, se voc\u00ea estiver em excelente forma f\u00edsica, opte por caminhar at\u00e9 o topo das 27 cachoeiras (aproximadamente 70 minutos) e experimente tudo .<\/div>\n<div class=\"attractions-card-CollapsibleProductDetailsCard__cardContent--23ext\">\n<div class=\"common-text-ReadMore__readMore--3Iu8c common-text-ReadMore__variantFadeOut--1tInd\">\n<div class=\"common-text-ReadMore__content--2X4LR\">\n<div class=\"ui_columns is-desktop\">\n<div><\/div>\n<div class=\"ui_column\">De qualquer forma, sua verdadeira divers\u00e3o come\u00e7a quando descemos o rio e voc\u00ea pula, desliza e nada por uma s\u00e9rie de cachoeiras espetaculares, desfiladeiros e piscinas azuis, emergindo com um sorriso bobo no rosto e mem\u00f3rias incr\u00edveis para guardar! Os passeios incluem saltos de at\u00e9 25 p\u00e9s (8 metros), mas n\u00e3o se preocupe, os grandes t\u00eam outra forma de descer se voc\u00ea n\u00e3o quiser pular.<\/div>\n<div><\/div>\n<div class=\"ui_column\">Ap\u00f3s uma caminhada de 15 minutos de volta ao acampamento base e vestindo suas roupas secas, desfrute de um delicioso e variado buffet de almo\u00e7o dominicano, que inclui itens como frango e porco grelhados, ensopados, arroz, macarr\u00e3o e saladas.<\/div>\n<div><\/div>\n<div class=\"ui_column\">Bebidas locais de rum, refrigerantes e \u00e1gua est\u00e3o inclu\u00eddos (cerveja est\u00e1 dispon\u00edvel, mas n\u00e3o inclu\u00edda). Ap\u00f3s a refei\u00e7\u00e3o, diga adeus aos guias locais e sua melhor experi\u00eancia ser\u00e1 lembrada e fotos ou v\u00eddeos para o resto de sua vida.<\/div>\n<div class=\"ui_column\">Depois disso, voltamos para Santo Domingo.<\/div>\n<\/div>\n<\/div>\n<\/div>\n<\/div>\n<\/div>\n<\/div>\n<\/div>\n<\/div>\n<h4><em><strong>O que voc\u00ea deve trazer?<\/strong><\/em><\/h4>\n<ul>\n<li style=\"font-weight: 400;\"><span style=\"font-weight: 400;\">C\u00e2mera<\/span><\/li>\n<li style=\"font-weight: 400;\"><span style=\"font-weight: 400;\">bot\u00f5es repelentes<\/span><\/li>\n<li style=\"font-weight: 400;\"><span style=\"font-weight: 400;\">Protetor solar<\/span><\/li>\n<li style=\"font-weight: 400;\"><span style=\"font-weight: 400;\">Chap\u00e9u<\/span><\/li>\n<li style=\"font-weight: 400;\"><span style=\"font-weight: 400;\">cal\u00e7as confort\u00e1veis<\/span><\/li>\n<li style=\"font-weight: 400;\"><span style=\"font-weight: 400;\">Sapatos de caminhada para a floresta<\/span><\/li>\n<li style=\"font-weight: 400;\"><span style=\"font-weight: 400;\">Sand\u00e1lias para as zonas de Primavera.<\/span><\/li>\n<li style=\"font-weight: 400;\"><span style=\"font-weight: 400;\">roupa de banho<\/span><\/li>\n<\/ul>\n<p>&nbsp;<\/p>\n<h4><b><i>Recolha no hotel <\/i><\/b><\/h4>\n<p><span style=\"font-weight: 400;\">O servi\u00e7o de busca no hotel \u00e9 oferecido para este passeio. Marcamos a retirada entrando em contato conosco pelo Whatsapp.<\/span><\/p>\n<p>&nbsp;<\/p>\n<p><b>Observa\u00e7\u00e3o:<\/b><span style=\"font-weight: 400;\"> Se voc\u00ea fizer a reserva dentro de 24 horas antes do hor\u00e1rio de partida do passeio\/excurs\u00e3o, podemos providenciar a retirada do hotel. Assim que sua compra for conclu\u00edda, enviaremos a voc\u00ea informa\u00e7\u00f5es de contato completas (n\u00famero de telefone, endere\u00e7o de e-mail, etc.) para que nosso guia tur\u00edstico local organize as provid\u00eancias de coleta.<\/span><\/p>\n<h4><b><i>Informa\u00e7\u00e3o Adicional Confirma\u00e7\u00e3o <\/i><\/b><\/h4>\n<ol>\n<li>Os ingressos s\u00e3o o recibo ap\u00f3s o pagamento deste passeio. Voc\u00ea pode mostrar o pagamento em seu telefone.<\/li>\n<li style=\"font-weight: 400;\"><span style=\"font-weight: 400;\">O ponto de encontro ser\u00e1 recebido ap\u00f3s o processo de reserva.<\/span><\/li>\n<li style=\"font-weight: 400;\"><span style=\"font-weight: 400;\">As crian\u00e7as devem estar acompanhadas por um adulto.<\/span><\/li>\n<li style=\"font-weight: 400;\"><span style=\"font-weight: 400;\"> N\u00e3o acess\u00edvel para cadeira de rodas <\/span><\/li>\n<li style=\"font-weight: 400;\"><span style=\"font-weight: 400;\">Beb\u00eas devem sentar no colo <\/span><\/li>\n<li style=\"font-weight: 400;\"><span style=\"font-weight: 400;\">N\u00e3o recomendado para viajantes com problemas nas costas<\/span><\/li>\n<li style=\"font-weight: 400;\"><span style=\"font-weight: 400;\">N\u00e3o recomendado para viajantes gr\u00e1vidas <\/span><\/li>\n<li style=\"font-weight: 400;\"><span style=\"font-weight: 400;\"> Sem problemas card\u00edacos ou outras condi\u00e7\u00f5es m\u00e9dicas graves <\/span><\/li>\n<li style=\"font-weight: 400;\"><span style=\"font-weight: 400;\">A maioria dos viajantes pode participar<\/span><\/li>\n<\/ol>\n<h4><b><i>Pol\u00edtica de cancelamento<\/i><\/b><\/h4>\n<p>Para um reembolso total, leia nossas pol\u00edticas de cancelamento\u00a0<a href=\"https:\/\/www.boattoursamana.com\/pt\/marcacao-online\/\" target=\"_blank\" rel=\"noopener\" data-saferedirecturl=\"https:\/\/www.google.com\/url?q=https:\/\/www.boattoursamana.com\/online-booking\/&amp;source=gmail&amp;ust=1672449202351000&amp;usg=AOvVaw1yAeVAPktmaVCqDujgUn90\">Clique aqui<\/a>. Os fundos ser\u00e3o perdidos se a reserva for cancelada no mesmo dia da viagem.<\/p>\n\n\t\t<\/div>\n\t<\/div>\n<div class=\"vc_btn3-container vc_btn3-inline\" ><button class=\"vc_general vc_btn3 vc_btn3-size-md vc_btn3-shape-rounded vc_btn3-style-modern vc_btn3-color-green\">AGENDE AGORA<\/button><\/div><\/div><\/div><\/div><\/div><div class=\"vc_row wpb_row vc_row-fluid\" ><div class=\"wpb_column vc_column_container vc_col-sm-12\"><div class=\"vc_column-inner\"><div class=\"wpb_wrapper\">\n\t<div class=\"wpb_video_widget wpb_content_element vc_clearfix   vc_video-aspect-ratio-169 vc_video-el-width-100 vc_video-align-left\" >\n\t\t<div class=\"wpb_wrapper\">\n\t\t\t<h2 class=\"wpb_heading wpb_video_heading\">Excurs\u00e3o 27 Cachoeiras de Damajagua saindo de Puerto Plata:<\/h2>\n\t\t\t<div class=\"wpb_video_wrapper\"><iframe loading=\"lazy\" title=\"27 Cachoeiras de Damajagua por Booking Adventures &amp; Travel Rep\u00fablica Dominicana\" width=\"1100\" height=\"619\" src=\"https:\/\/www.youtube.com\/embed\/AVNh_we_RQE?start=17&feature=oembed\" frameborder=\"0\" allow=\"accelerometer; autoplay; encrypted-media; gyroscope; picture-in-picture\" allowfullscreen><\/iframe><\/div>\n\t\t<\/div>\n\t<\/div>\n<\/div><\/div><\/div><\/div><div class=\"wpb_column vc_column_container vc_col-sm-12\"><div class=\"vc_column-inner\"><div class=\"wpb_wrapper\"><\/div><\/div><\/div><div class=\"vc_row wpb_row vc_row-fluid\" ><div class=\"wpb_column vc_column_container vc_col-sm-12\"><div class=\"vc_column-inner\"><div class=\"wpb_wrapper\"><div class=\"vc_btn3-container vc_btn3-inline\" ><button class=\"vc_general vc_btn3 vc_btn3-size-md vc_btn3-shape-rounded vc_btn3-style-modern vc_btn3-color-green\">AGENDE AGORA<\/button><\/div><\/div><\/div><\/div><\/div>","protected":false},"excerpt":{"rendered":"<p id=\"tw-target-text\" class=\"tw-data-text tw-text-large tw-ta\" dir=\"ltr\" data-placeholder=\"Translation\"><span class=\"Y2IQFc\" lang=\"en\">Esta excurs\u00e3o de Santo Domingo a 27 cachoeiras de Damajagua em Puerto Plata, almo\u00e7o e excurs\u00e3o pelas 27 cachoeiras, caminhada e salto para o rio. Viagem ecol\u00f3gica \u00e0s 27 cachoeiras de Puerto Plata. Obtenha seus ingressos para uma excurs\u00e3o de dia inteiro da \u00e1rea de Punta Cana at\u00e9 a Cascada 27 de Damajagua. <\/span><\/p>\n<p class=\"tw-data-text tw-text-large tw-ta\" dir=\"ltr\" data-placeholder=\"Translation\"><span class=\"Y2IQFc\" lang=\"en\">Ingressos com almo\u00e7o e excurs\u00e3o Incluem saltos e nata\u00e7\u00e3o nas mais belas cachoeiras da Rep\u00fablica Dominicana. Caminhe e nade com equipamentos de seguran\u00e7a para ter a melhor experi\u00eancia!<\/span><\/p>\n<p class=\"tw-data-text tw-text-large tw-ta\" dir=\"ltr\" data-placeholder=\"Translation\"><strong><span class=\"Y2IQFc\" lang=\"en\">Selecione a data para o Tour:<\/span><\/strong><\/p>","protected":false},"featured_media":9037,"template":"","meta":[],"product_cat":[282,947,948,281,283,159,178,160,1001,253,252],"product_tag":[286,284,292,401,290,291,406,405,404,403,288,402,287,293,285,407,289],"class_list":["post-13515","product","type-product","status-publish","has-post-thumbnail","hentry","product_cat-tours-excursions-27-waterfalls-puerto-plata-dominican-republic","product_cat-1-puerto-plata","product_cat-1-punta-cana","product_cat-27-waterfalls","product_cat-damajagua","product_cat-fees-entrace","product_cat-hiking","product_cat-lunch","product_cat-puerto-plata-27-waterfalls-hike","product_cat-tours-and-excursions","product_cat-waterfalls","product_tag-27-charcos-de-damajagua","product_tag-27-waterfalls","product_tag-27-waterfalls-dominican-republic","product_tag-27-waterfalls-dominican-republic-facts","product_tag-27-waterfalls-excursion","product_tag-27-waterfalls-puerto-plata","product_tag-amber-cove-cruise-terminal-27-waterfalls","product_tag-amber-cove-excursions","product_tag-damajagua-falls-tours","product_tag-damajagua-national-park","product_tag-excursion-27-waterfalls","product_tag-how-to-get-to-27-waterfalls-from-puerto-plata","product_tag-jumping-27-waterfalls","product_tag-los-27-charcos-de-puerto-plata","product_tag-puerto-plata","product_tag-things-to-do-in-amber-cove","product_tag-tour-27-waterfalls"],"_links":{"self":[{"href":"https:\/\/www.boattoursamana.com\/pt\/wp-json\/wp\/v2\/product\/13515","targetHints":{"allow":["GET"]}}],"collection":[{"href":"https:\/\/www.boattoursamana.com\/pt\/wp-json\/wp\/v2\/product"}],"about":[{"href":"https:\/\/www.boattoursamana.com\/pt\/wp-json\/wp\/v2\/types\/product"}],"wp:featuredmedia":[{"embeddable":true,"href":"https:\/\/www.boattoursamana.com\/pt\/wp-json\/wp\/v2\/media\/9037"}],"wp:attachment":[{"href":"https:\/\/www.boattoursamana.com\/pt\/wp-json\/wp\/v2\/media?parent=13515"}],"wp:term":[{"taxonomy":"product_cat","embeddable":true,"href":"https:\/\/www.boattoursamana.com\/pt\/wp-json\/wp\/v2\/product_cat?post=13515"},{"taxonomy":"product_tag","embeddable":true,"href":"https:\/\/www.boattoursamana.com\/pt\/wp-json\/wp\/v2\/product_tag?post=13515"}],"curies":[{"name":"wp","href":"https:\/\/api.w.org\/{rel}","templated":true}]}}