{"id":13597,"date":"2022-01-16T16:05:16","date_gmt":"2022-01-16T16:05:16","guid":{"rendered":"https:\/\/www.ticketswhales.com\/?post_type=product&#038;p=13597"},"modified":"2023-10-19T15:59:02","modified_gmt":"2023-10-19T15:59:02","slug":"atv-samana-adventures-atv-tours-excursions-in-coffee-trail-cultural-tour","status":"publish","type":"product","link":"https:\/\/www.boattoursamana.com\/pt\/percorrer-2\/atv-samana-adventures-atv-tours-excursions-in-coffee-trail-cultural-tour","title":{"rendered":"Las Terrenas: ATV Saman\u00e1 Adventures \u2013 Passeios de quadriciclo e excurs\u00f5es em Coffee Trail Cultural Tour"},"content":{"rendered":"<div class=\"vc_row wpb_row vc_row-fluid\" ><div class=\"wpb_column vc_column_container vc_col-sm-12\"><div class=\"vc_column-inner\"><div class=\"wpb_wrapper\"><div class=\"mkdf-section-title-holder\" style=\"text-align: left\">\n\t<div class=\"mkdf-st-inner\">\n\t\t\t\t\t<h5 class=\"mkdf-st-subtitle\" >\n\t\t\t\tAlmo\u00e7o Inclu\u00eddo na Praia\t\t\t<\/h5>\n\t\t\t\t\t\t\t<h3 class=\"mkdf-st-title\" >\n\t\t\t\tATV Samana Adventures - ATV Tours &amp; Excursions in Coffee Trail Cultural Tour\t\t\t<\/h3>\n\t\t\t\t\t<\/div>\n<\/div><\/div><\/div><\/div><\/div><div class=\"vc_row wpb_row vc_row-fluid\" ><div class=\"wpb_column vc_column_container vc_col-sm-12\"><div class=\"vc_column-inner\"><div class=\"wpb_wrapper\"><div class=\"vc_btn3-container vc_btn3-inline\" ><a class=\"vc_general vc_btn3 vc_btn3-size-md vc_btn3-shape-rounded vc_btn3-style-modern vc_btn3-color-green\" href=\"https:\/\/bookingadventures.tours\/booking.php?tour_id=67e6cb7d632ddf80655990b64bf50160\" title=\"\" rel=\"noopener\">AGENDE AGORA<\/a><\/div>\n\t<div class=\"wpb_text_column wpb_content_element\" >\n\t\t<div class=\"wpb_wrapper\">\n\t\t\t<h3 class=\"ui_header h1 attractions-product-info-ProductTitle__title--1qM0o\">ATV Samana Adventures \u2013 passeios e excurs\u00f5es de quadriciclo no Coffee Trail Cultural Tour.<\/h3>\n<h4><b><i>Vis\u00e3o geral <\/i><\/b><\/h4>\n<p>Obtenha seus ingressos para uma excurs\u00e3o de meio dia em Samana em passeios de quadriciclo.<\/p>\n<p>o\u00a0<strong>Passeio Cultural pela Trilha do Caf\u00e9 ATV<\/strong> \u00e9 a mistura perfeita de adrenalina, natureza e cultura. Dirija pela Ruta del Caf\u00e9, divertindo-se nas estradas de terra dirigindo o ATV, enquanto descobre o campo de Samana e a cultura e modo de vida dominicano.<\/p>\n<p>O passeio o levar\u00e1 por estradas rurais cercadas por campos de cacau e caf\u00e9, vistas espetaculares da ba\u00eda de Samana e fazendas locais. Faremos uma parada em uma cl\u00e1ssica fazenda de montanha, compartilhando algum tempo com uma fam\u00edlia de agricultores. Voc\u00ea poder\u00e1 provar alguns dos produtos que eles produzem e visitar sua fazenda, aprendendo sobre agricultura e plantas org\u00e2nicas.<\/p>\n<p>&nbsp;<\/p>\n<h4><b>Inclus\u00f5es e Exclus\u00f5es<\/b><\/h4>\n<p>&nbsp;<\/p>\n<p><b>Inclus\u00f5es<\/b><\/p>\n<ol>\n<li style=\"font-weight: 400;\">Atv 2 pessoas em Um.<\/li>\n<li>Almo\u00e7o \u00e0 beira do campo<\/li>\n<li style=\"font-weight: 400;\"><span style=\"font-weight: 400;\">Todos os impostos, taxas e encargos de manuseio<\/span><\/li>\n<li style=\"font-weight: 400;\"><span style=\"font-weight: 400;\">Impostos locais<\/span><\/li>\n<li style=\"font-weight: 400;\"><span style=\"font-weight: 400;\">Bebidas<\/span><\/li>\n<li>lanches<\/li>\n<li>Visita \u00e0s Cataratas do Lim\u00e3o<\/li>\n<li style=\"font-weight: 400;\"><span style=\"font-weight: 400;\">Todas as atividades<\/span><\/li>\n<li style=\"font-weight: 400;\"><span style=\"font-weight: 400;\">Guia local<\/span><\/li>\n<\/ol>\n<p><b> Exclus\u00f5es<\/b><\/p>\n<ol>\n<li style=\"font-weight: 400;\"><span style=\"font-weight: 400;\">Gorjetas<\/span><\/li>\n<li>transporte de Hot\u00e9is (Definir entrando em contato conosco).<\/li>\n<li style=\"font-weight: 400;\"><span style=\"font-weight: 400;\">Bebidas Alco\u00f3licas<\/span><\/li>\n<\/ol>\n<p>&nbsp;<\/p>\n<h4><em><strong>Partida e Retorno<\/strong><\/em><\/h4>\n<p><span style=\"font-weight: 400;\">O viajante receber\u00e1 um ponto de encontro ap\u00f3s o processo de reserva. Os passeios come\u00e7am e terminam em seus pontos de encontro.<\/span><\/p>\n<h3 class=\"ui_header h1 attractions-product-info-ProductTitle__title--1qM0o\"><\/h3>\n<h4><b><i>O que esperar?<\/i><\/b><\/h4>\n<div data-tab=\"TABS_WHAT_TO_EXPECT\">\n<div class=\"ui_card attractions-card-CollapsibleProductDetailsCard__cardContainer--3r2wk attractions-card-CollapsibleProductDetailsCard__cleanslateOverrideDT--2AJh0\">\n<div class=\"attractions-card-CollapsibleCard__header--IDA3r\">\n<div class=\"attractions-card-CollapsibleCard__headerSection--3gTKb\"><\/div>\n<\/div>\n<div class=\"attractions-card-CollapsibleCard__content--2Ws8q\">\n<div class=\"attractions-card-CollapsibleCard__contentWrap--374jk attractions-card-CollapsibleCard__titleUnderline--1uHze\">\n<div class=\"attractions-card-CollapsibleProductDetailsCard__cardContent--23ext\">\n<div class=\"common-text-ReadMore__readMore--3Iu8c common-text-ReadMore__variantFadeOut--1tInd\">\n<div class=\"common-text-ReadMore__content--2X4LR\">\n<div class=\"ui_columns is-desktop\">\n<div class=\"ui_column\">\n<p>Iniciando seu Atv. Voc\u00ea testemunhar\u00e1 a diferen\u00e7a entre Las Terrenas, um destino de praia movimentado, e o campo, com seu ar puro e estilo de vida lento. \u00e0 sua mesa. Voc\u00ea pode saborear uma x\u00edcara de caf\u00e9 ou chocolate quente. N\u00e3o se preocupe, se voc\u00ea n\u00e3o fala espanhol, nosso guia tur\u00edstico local traduzir\u00e1 tudo para voc\u00ea. A pr\u00f3xima parada \u00e9 uma pequena praia na Ba\u00eda de Samana, onde voc\u00ea pode dar um mergulho e se refrescar um pouco. No caminho, passaremos por muitos campos, fazendas e mirantes.<\/p>\n<p>L\u00e1, podemos organizar um piquenique de frutos do mar ou peixes frescos e vegetais e frutas locais.<\/p>\n<\/div>\n<\/div>\n<div class=\"ui_columns is-desktop\">\n<div class=\"ui_column\">\n<p>A maior parte da viagem \u00e9 em estradas de terra, \u00e9 muito divertido dirigir o ATV por l\u00e1, subindo e descendo, passando por lombadas e buracos. Se voc\u00ea n\u00e3o est\u00e1 100% confort\u00e1vel dirigindo um ATV ou se a velocidade n\u00e3o \u00e9 sua coisa, n\u00e3o se preocupe, voc\u00ea pode dirigir devagar (mais tempo para apreciar a vista!) Ou pode andar com algu\u00e9m, a maioria dos ATV acomoda duas pessoas. Dirigir um ATV \u00e9 bastante simples e, mesmo que seja a primeira vez, voc\u00ea deve pegar o jeito rapidamente.<\/p>\n<p>Normalmente, o passeio dura meio dia, mas tamb\u00e9m podemos planejar um passeio de dia inteiro, aprofundando-se nas montanhas de Samana e na selva exuberante, explorando praias e vilas mais remotas no caminho. No caminho de volta, podemos fazer uma parada em\u00a0<strong>Cachoeira El Limon<\/strong>, a apenas 30 minutos de caminhada da estrada principal.<\/p>\n<\/div>\n<\/div>\n<\/div>\n<\/div>\n<\/div>\n<\/div>\n<\/div>\n<\/div>\n<\/div>\n<h4><em><strong>O que voc\u00ea deve trazer?<\/strong><\/em><\/h4>\n<ul>\n<li style=\"font-weight: 400;\"><span style=\"font-weight: 400;\">C\u00e2mera<\/span><\/li>\n<li style=\"font-weight: 400;\"><span style=\"font-weight: 400;\">bot\u00f5es repelentes<\/span><\/li>\n<li style=\"font-weight: 400;\"><span style=\"font-weight: 400;\">Protetor solar<\/span><\/li>\n<li style=\"font-weight: 400;\"><span style=\"font-weight: 400;\">Chap\u00e9u<\/span><\/li>\n<li style=\"font-weight: 400;\"><span style=\"font-weight: 400;\">cal\u00e7as confort\u00e1veis<\/span><\/li>\n<li style=\"font-weight: 400;\"><span style=\"font-weight: 400;\">Sapatos de caminhada para a floresta<\/span><\/li>\n<li style=\"font-weight: 400;\"><span style=\"font-weight: 400;\">Sand\u00e1lias para as zonas de Primavera.<\/span><\/li>\n<li style=\"font-weight: 400;\"><span style=\"font-weight: 400;\">roupa de banho<\/span><\/li>\n<\/ul>\n<p>&nbsp;<\/p>\n<h4><b><i>Recolha no hotel <\/i><\/b><\/h4>\n<p><span style=\"font-weight: 400;\">O servi\u00e7o de busca no hotel n\u00e3o \u00e9 oferecido para este passeio. Marcamos a retirada entrando em contato conosco pelo Whatsapp.<\/span><\/p>\n<p>&nbsp;<\/p>\n<p><b>Observa\u00e7\u00e3o:<\/b><span style=\"font-weight: 400;\"> Se voc\u00ea fizer a reserva dentro de 24 horas antes do hor\u00e1rio de partida da excurs\u00e3o\/excurs\u00e3o, podemos providenciar a retirada do hotel com custos extras. Assim que sua compra for conclu\u00edda, enviaremos a voc\u00ea informa\u00e7\u00f5es de contato completas (n\u00famero de telefone, endere\u00e7o de e-mail, etc.) para que nosso guia tur\u00edstico local organize as provid\u00eancias de coleta.<\/span><\/p>\n<h4><b><i>Informa\u00e7\u00e3o Adicional Confirma\u00e7\u00e3o <\/i><\/b><\/h4>\n<ol>\n<li>Os ingressos s\u00e3o o recibo ap\u00f3s o pagamento deste passeio. Voc\u00ea pode mostrar o pagamento em seu telefone.<\/li>\n<li style=\"font-weight: 400;\"><span style=\"font-weight: 400;\">O ponto de encontro ser\u00e1 recebido ap\u00f3s o processo de reserva.<\/span><\/li>\n<li style=\"font-weight: 400;\"><span style=\"font-weight: 400;\">As crian\u00e7as devem estar acompanhadas por um adulto.<\/span><\/li>\n<li style=\"font-weight: 400;\"><span style=\"font-weight: 400;\"> N\u00e3o acess\u00edvel para cadeira de rodas <\/span><\/li>\n<li style=\"font-weight: 400;\"><span style=\"font-weight: 400;\">Beb\u00eas devem sentar no colo <\/span><\/li>\n<li style=\"font-weight: 400;\"><span style=\"font-weight: 400;\">N\u00e3o recomendado para viajantes com problemas nas costas<\/span><\/li>\n<li style=\"font-weight: 400;\"><span style=\"font-weight: 400;\">N\u00e3o recomendado para viajantes gr\u00e1vidas <\/span><\/li>\n<li style=\"font-weight: 400;\"><span style=\"font-weight: 400;\"> Sem problemas card\u00edacos ou outras condi\u00e7\u00f5es m\u00e9dicas graves <\/span><\/li>\n<li style=\"font-weight: 400;\"><span style=\"font-weight: 400;\">A maioria dos viajantes pode participar<\/span><\/li>\n<\/ol>\n<h4><b><i>Pol\u00edtica de cancelamento<\/i><\/b><\/h4>\n<p>Para um reembolso total, leia nossas pol\u00edticas de cancelamento\u00a0<a href=\"https:\/\/www.boattoursamana.com\/pt\/marcacao-online\/\" target=\"_blank\" rel=\"noopener\" data-saferedirecturl=\"https:\/\/www.google.com\/url?q=https:\/\/www.boattoursamana.com\/online-booking\/&amp;source=gmail&amp;ust=1672449202351000&amp;usg=AOvVaw1yAeVAPktmaVCqDujgUn90\">Clique aqui<\/a>. Os fundos ser\u00e3o perdidos se a reserva for cancelada no mesmo dia da viagem.<\/p>\n\n\t\t<\/div>\n\t<\/div>\n<div class=\"vc_btn3-container vc_btn3-inline\" ><a class=\"vc_general vc_btn3 vc_btn3-size-md vc_btn3-shape-rounded vc_btn3-style-modern vc_btn3-color-green\" href=\"https:\/\/bookingadventures.tours\/booking.php?tour_id=67e6cb7d632ddf80655990b64bf50160\" title=\"\" rel=\"noopener\">AGENDE AGORA<\/a><\/div><\/div><\/div><\/div><\/div><div class=\"vc_row wpb_row vc_row-fluid\" ><div class=\"wpb_column vc_column_container vc_col-sm-12\"><div class=\"vc_column-inner\"><div class=\"wpb_wrapper\">\n\t<div class=\"wpb_video_widget wpb_content_element vc_clearfix   vc_video-aspect-ratio-169 vc_video-el-width-100 vc_video-align-left\" >\n\t\t<div class=\"wpb_wrapper\">\n\t\t\t<h2 class=\"wpb_heading wpb_video_heading\">Samana com Booking Adventures:<\/h2>\n\t\t\t<div class=\"wpb_video_wrapper\"><iframe loading=\"lazy\" title=\"Destino Dominicano Samana Zipline, excurs\u00f5es de quadriciclo\" width=\"1100\" height=\"619\" src=\"https:\/\/www.youtube.com\/embed\/8Ybh1xtnr2M?feature=oembed\" frameborder=\"0\" allow=\"accelerometer; autoplay; encrypted-media; gyroscope; picture-in-picture\" allowfullscreen><\/iframe><\/div>\n\t\t<\/div>\n\t<\/div>\n<\/div><\/div><\/div><\/div><div class=\"vc_row wpb_row vc_row-fluid\" ><div class=\"wpb_column vc_column_container vc_col-sm-12\"><div class=\"vc_column-inner\"><div class=\"wpb_wrapper\"><div class=\"vc_empty_space\"   style=\"height: 32px\"><span class=\"vc_empty_space_inner\"><\/span><\/div>\n\t<div class=\"wpb_text_column wpb_content_element\" >\n\t\t<div class=\"wpb_wrapper\">\n\t\t\t<h4>Contate-Nos?<\/h4>\n<h5><em><strong>Reservando aventuras<\/strong><\/em><\/h5>\n<p><em><strong>locais<\/strong>\u00a0e\u00a0<strong>nacionais<\/strong>\u00a0Guias tur\u00edsticos e servi\u00e7os aos h\u00f3spedes<\/em><\/p>\n<p><span class=\"text-turquoise\">Reservas:<\/span>\u00a0Passeios e Excurs\u00f5es em Dom. Rep.<\/p>\n<p><img decoding=\"async\" class=\"emoji\" draggable=\"false\" src=\"https:\/\/s.w.org\/images\/core\/emoji\/11.2.0\/svg\/1f4de.svg\" alt=\"\ud83d\udcde\" title=\"\">\u00a0Tel\/Whatsapp\u00a0\u00a0<a href=\"tel:+1-809-720-6035\">+1-809-720-6035<\/a>.<\/p>\n<p><img decoding=\"async\" class=\"emoji\" draggable=\"false\" src=\"https:\/\/s.w.org\/images\/core\/emoji\/11.2.0\/svg\/1f4e9.svg\" alt=\"\ud83d\udce9\" title=\"\">\u00a0<a href=\"mailto:info@bookingadventures.com.do\">info@bookingadventures.com.do<\/a><\/p>\n<p><strong>Somos Tours Privados com Configura\u00e7\u00e3o Flex\u00edvel por Whatsapp:\u00a0<a href=\"tel:+18097206035\">+18097206035.<\/a><\/strong><\/p>\n\n\t\t<\/div>\n\t<\/div>\n<div class=\"vc_empty_space\"   style=\"height: 32px\"><span class=\"vc_empty_space_inner\"><\/span><\/div><\/div><\/div><\/div><\/div><div class=\"vc_row wpb_row vc_row-fluid\" ><div class=\"wpb_column vc_column_container vc_col-sm-12\"><div class=\"vc_column-inner\"><div class=\"wpb_wrapper\"><div class=\"vc_btn3-container vc_btn3-inline\" ><a class=\"vc_general vc_btn3 vc_btn3-size-md vc_btn3-shape-rounded vc_btn3-style-modern vc_btn3-color-green\" href=\"https:\/\/bookingadventures.tours\/booking.php?tour_id=67e6cb7d632ddf80655990b64bf50160\" title=\"\" rel=\"noopener\">AGENDE AGORA<\/a><\/div><\/div><\/div><\/div><\/div>","protected":false},"excerpt":{"rendered":"<div class=\"ui_columns is-desktop\">\n<div class=\"ui_column\">\n<p>Esta experi\u00eancia em Atv come\u00e7a na comunidade El LImon. Durante a primeira parte do dia, voc\u00ea descobrir\u00e1 o \u201c<b>Ruta del Caf\u00e9<\/b>\u201d no quad e sua bela e preservada natureza. A primeira parada ser\u00e1 no\u00a0<b>Parada del caf\u00e9\u00a0<\/b>onde Olivo e sua fam\u00edlia mostrar\u00e3o os m\u00e9todos artesanais que usam para\u00a0<strong>caf\u00e9 e cacau<\/strong>. A\u00a0<b>degusta\u00e7\u00e3o<\/b>\u00a0est\u00e1 planejado, mas apenas para os mais gananciosos !!!<\/p>\n<p>No caminho, voc\u00ea tamb\u00e9m vai parar no\u00a0<b>f\u00e1brica de charutos<\/b>\u00a0e para o almo\u00e7o um\u00a0<b>refei\u00e7\u00e3o dominicana<\/b> em um rancho t\u00edpico. Ap\u00f3s a refei\u00e7\u00e3o, voc\u00ea seguir\u00e1 o caminho para a maravilhosa praia de\u00a0<strong>Idiota<\/strong>\u00a0com<b>\u00a0grama at\u00e9 a borda<\/b><b>\u00a0, suas \u00e1guas cristalinas e intocadas\u00a0<\/b>onde voc\u00ea vai gostar de\u00a0<b>nadar <\/b>Caminhada e Nata\u00e7\u00e3o com equipamentos de seguran\u00e7a para ter a melhor experi\u00eancia de sempre!!<\/p>\n<\/div>\n<\/div>\n<p>&nbsp;<\/p>\n<p><strong>Por favor, selecione a data para o Tour:\u00a0<\/strong><\/p>","protected":false},"featured_media":9360,"template":"","meta":[],"product_cat":[159,655,359,361,362,178,363,160,360,253,252],"product_tag":[370,368,366,367,195,371,327,186,369,200,187,372],"class_list":["post-13597","product","type-product","status-publish","has-post-thumbnail","hentry","product_cat-fees-entrace","product_cat-1-samana","product_cat-atv-adventures","product_cat-atv-fourwheels","product_cat-atv-tours-excursions-adventures","product_cat-hiking","product_cat-lulu-waterfalls","product_cat-lunch","product_cat-things-to-do-in-samana-province","product_cat-tours-and-excursions","product_cat-waterfalls","product_tag-atv-samana-excursion","product_tag-atv-tours-excursions-in-samana-dominican-republic","product_tag-atv-fourwheels","product_tag-atv-tours-excursions-adventures","product_tag-el-valle-beach","product_tag-lulu-waterfalls","product_tag-private-tours-samana","product_tag-samana","product_tag-samana-atv","product_tag-samana-excursions","product_tag-samana-tours","product_tag-tree-house-samana"],"_links":{"self":[{"href":"https:\/\/www.boattoursamana.com\/pt\/wp-json\/wp\/v2\/product\/13597","targetHints":{"allow":["GET"]}}],"collection":[{"href":"https:\/\/www.boattoursamana.com\/pt\/wp-json\/wp\/v2\/product"}],"about":[{"href":"https:\/\/www.boattoursamana.com\/pt\/wp-json\/wp\/v2\/types\/product"}],"wp:featuredmedia":[{"embeddable":true,"href":"https:\/\/www.boattoursamana.com\/pt\/wp-json\/wp\/v2\/media\/9360"}],"wp:attachment":[{"href":"https:\/\/www.boattoursamana.com\/pt\/wp-json\/wp\/v2\/media?parent=13597"}],"wp:term":[{"taxonomy":"product_cat","embeddable":true,"href":"https:\/\/www.boattoursamana.com\/pt\/wp-json\/wp\/v2\/product_cat?post=13597"},{"taxonomy":"product_tag","embeddable":true,"href":"https:\/\/www.boattoursamana.com\/pt\/wp-json\/wp\/v2\/product_tag?post=13597"}],"curies":[{"name":"wp","href":"https:\/\/api.w.org\/{rel}","templated":true}]}}