{"id":13984,"date":"2022-03-17T14:52:59","date_gmt":"2022-03-17T14:52:59","guid":{"rendered":"https:\/\/www.ticketswhales.com\/?post_type=product&#038;p=13984"},"modified":"2023-10-19T15:18:55","modified_gmt":"2023-10-19T15:18:55","slug":"jarabacoa-buggy-with-baiguate-waterfall-double","status":"publish","type":"product","link":"https:\/\/www.boattoursamana.com\/pt\/percorrer-2\/jarabacoa-buggy-com-baiguate-cascata-duplo-2","title":{"rendered":"Jarabacoa Buggy com Cachoeira Baiguate Dupla"},"content":{"rendered":"<div class=\"vc_row wpb_row vc_row-fluid\" ><div class=\"wpb_column vc_column_container vc_col-sm-12\"><div class=\"vc_column-inner\"><div class=\"wpb_wrapper\"><div class=\"mkdf-section-title-holder\" style=\"text-align: left\">\n\t<div class=\"mkdf-st-inner\">\n\t\t\t\t\t<h5 class=\"mkdf-st-subtitle\" >\n\t\t\t\tBuggy - Buggies\t\t\t<\/h5>\n\t\t\t\t\t\t\t<h3 class=\"mkdf-st-title\" >\n\t\t\t\tJarabacoa com as cachoeiras de Jimenoa e Baiguate\t\t\t<\/h3>\n\t\t\t\t\t<\/div>\n<\/div><\/div><\/div><\/div><\/div><div class=\"vc_row wpb_row vc_row-fluid\" ><div class=\"wpb_column vc_column_container vc_col-sm-12\"><div class=\"vc_column-inner\"><div class=\"wpb_wrapper\"><div class=\"vc_btn3-container vc_btn3-inline\" ><a class=\"vc_general vc_btn3 vc_btn3-size-md vc_btn3-shape-rounded vc_btn3-style-modern vc_btn3-color-green\" href=\"https:\/\/bookingadventures.tours\/booking.php?tour_id=e29316590922029738666cca35b0d5d9\" title=\"\" rel=\"noopener\">AGENDE AGORA<\/a><\/div>\n\t<div class=\"wpb_text_column wpb_content_element\" >\n\t\t<div class=\"wpb_wrapper\">\n\t\t\t<h3 class=\"ui_header h1 attractions-product-info-ProductTitle__title--1qM0o\">Buggy Jarabacoa com Dupla Cachoeira Baiguate<\/h3>\n<h4><b><i>Vis\u00e3o geral <\/i><\/b><\/h4>\n<p><span style=\"font-weight: 400;\">Junte-se a n\u00f3s e viaje com um especialista local de Jarabacoa e tenha a experi\u00eancia \u00fanica de visitar os melhores pontos da capital do ecoturismo a partir de Jarabacoa, este passeio o levar\u00e1 a ver a bela paisagem da maior fazenda de montanha da Rep\u00fablica Dominicana. Ao percorrer os diferentes locais, voc\u00ea sentir\u00e1 o ar da montanha e apreciar\u00e1 a beleza do campo.\u00a0<\/span><\/p>\n<p><span style=\"font-weight: 400;\">Podemos chegar aos diferentes locais para este passeio. Voc\u00ea ter\u00e1 as op\u00e7\u00f5es: Bicicleta, Passeio a Cavalo, Safari, Quatro Rodas ou Buggy. Compre seu ingresso online agora e divirta-se aprendendo sobre a cultura de Jarabacoa e da Rep\u00fablica Dominicana enquanto viaja pelos melhores locais da cidade.<\/span><\/p>\n<p><span style=\"font-weight: 400;\">Jarabacoa \u00e9 a cidade das eternas f\u00e9rias de primavera pelo clima e o segundo munic\u00edpio mais importante da prov\u00edncia de Vega. Segundo a hist\u00f3ria, Jarabacoa significa \u201clugar de muita \u00e1gua\u201d. Em 27 de setembro de 1858, Jarabacoa iniciou sua vida como munic\u00edpio, categoria obtida ap\u00f3s uma carreira que veio desde o in\u00edcio do s\u00e9culo XIX. Viaje conosco e conhe\u00e7a mais sobre as montanhas, a natureza, a cultura e as pessoas da regi\u00e3o norte da Rep\u00fablica Dominicana.\u00a0<\/span><\/p>\n<ul>\n<li style=\"font-weight: 400;\">Taxas inclu\u00eddas<\/li>\n<li>Almo\u00e7o<\/li>\n<li>lanches<\/li>\n<li style=\"font-weight: 400;\">Guia tur\u00edstico local em ingl\u00eas<\/li>\n<\/ul>\n<h4><b>Inclus\u00f5es e Exclus\u00f5es<\/b><\/h4>\n<p><b>Inclus\u00f5es<\/b><\/p>\n<ol>\n<li>Almo\u00e7o<\/li>\n<li style=\"font-weight: 400;\"><span style=\"font-weight: 400;\">Todos os impostos, taxas e encargos de manuseio<\/span><\/li>\n<li style=\"font-weight: 400;\"><span style=\"font-weight: 400;\">Impostos locais<\/span><\/li>\n<li style=\"font-weight: 400;\"><span style=\"font-weight: 400;\">Bebidas<\/span><\/li>\n<li>lanches<\/li>\n<li style=\"font-weight: 400;\"><span style=\"font-weight: 400;\">Todas as atividades<\/span><\/li>\n<li style=\"font-weight: 400;\"><span style=\"font-weight: 400;\">Guia local<\/span><\/li>\n<\/ol>\n<p><b> Exclus\u00f5es<\/b><\/p>\n<ol>\n<li style=\"font-weight: 400;\"><span style=\"font-weight: 400;\">Gorjetas<\/span><\/li>\n<li>transporte (Configurar entrando em contato conosco)<\/li>\n<li style=\"font-weight: 400;\"><span style=\"font-weight: 400;\">Bebidas Alco\u00f3licas<\/span><\/li>\n<\/ol>\n<h4><em><strong>Partida e Retorno<\/strong><\/em><\/h4>\n<p><span style=\"font-weight: 400;\">O viajante receber\u00e1 um ponto de encontro ap\u00f3s o processo de reserva. Os passeios come\u00e7am e terminam em seus pontos de encontro.<\/span><\/p>\n<h3 class=\"ui_header h1 attractions-product-info-ProductTitle__title--1qM0o\">Buggy Jarabacoa com Dupla Cachoeira Baiguate<\/h3>\n<h4><b><i>O que esperar?<\/i><\/b><\/h4>\n<p><span style=\"font-weight: 400;\">Obtenha seu ingresso para as Cachoeiras Baiguate da cidade de Jarabacoa de buggy.\u00a0<\/span><\/p>\n<p><span style=\"font-weight: 400;\">Quando falamos de buggies, estamos falando de um ve\u00edculo todo-o-terreno que oferece seguran\u00e7a e facilidade de manuseio, ao mesmo tempo em que permite ao usu\u00e1rio maior contato com o terreno e a natureza que o cerca durante a condu\u00e7\u00e3o. Sinta a brisa, o sol, a chuva, veja a paisagem ao seu lado em um equipamento confort\u00e1vel e seguro projetado para curtir a trilha da floresta e off-road.<\/span><\/p>\n<p><span style=\"font-weight: 400;\">Esta excurs\u00e3o come\u00e7a a partir de um ponto de encontro que voc\u00ea deve confirmar com nossos agentes de viagens ou seu guia tur\u00edstico antes de ir para qualquer local. Depois de conhecer seu guia, voc\u00ea far\u00e1 um resumo do passeio e tudo relacionado ao seu dia.<\/span><\/p>\n<p><span style=\"font-weight: 400;\">Quando todos estiverem prontos, iniciaremos nosso passeio para algumas \u00e1reas rurais da cidade de Jarabacoa, enquanto dirigimos seu buggy, as estradas esburacadas e o ar da montanha do interior do centro-norte do pa\u00eds mostrar\u00e3o a beleza e a natureza atrav\u00e9s desta aventura.<\/span><\/p>\n<p><span style=\"font-weight: 400;\">Alguns dos locais que voc\u00ea visitar\u00e1 durante esta viagem s\u00e3o La Confluencia, onde os rios Jimenoa e Yaque Del Norte se encontram, Cieneguita e Monte Arriba.\u00a0<\/span><\/p>\n<p><span style=\"font-weight: 400;\">Depois de pedalar por cerca de 30 quil\u00f4metros, seguiremos para a Cachoeira Baiguate para uma caminhada de 10 minutos e nadar em piscinas naturais.\u00a0<\/span><\/p>\n<p><span style=\"font-weight: 400;\">Durante esta parte da viagem, voc\u00ea poder\u00e1 nadar por cerca de 1 hora e fazer uma pausa para experimentar algumas frutas frescas colhidas na terra do fazendeiro de Jarabacoa todos os dias. Baiguate tem uma queda de 82 p\u00e9s de altura e \u00e9 o lugar perfeito para relaxar um pouco antes de voltar para a cidade.\u00a0\u00a0<\/span><\/p>\n<p><span style=\"font-weight: 400;\">Durante esta parte da viagem, voc\u00ea poder\u00e1 nadar por cerca de 1 hora e fazer uma pausa para experimentar algumas frutas frescas colhidas na terra do fazendeiro de Jarabacoa todos os dias. Baiguate tem uma queda de 82 p\u00e9s de altura e \u00e9 o lugar perfeito para relaxar um pouco antes de voltar para a cidade.\u00a0\u00a0<\/span><\/p>\n<p><span style=\"font-weight: 400;\">Mais tarde, ap\u00f3s a Cachoeira do Baiguate, seguiremos para o Ivon&#039;s para experimentar o melhor sabor de sorvete local, feito em casa por um especialista local, e caminharemos at\u00e9 o Duarte Central Park para a \u00faltima parte de sua viagem, este \u00e9 um passeio de 6 horas que lhe d\u00e1 a oportunidade de supervisionar Jarabacoa, esta excurs\u00e3o termina no mesmo lugar em que come\u00e7ou.<\/span><\/p>\n<p><span style=\"font-weight: 400;\">Nota: Estes passeios s\u00e3o realizados com guias tur\u00edsticos Ecologistas Oficiais. Reserve com tempo porque no parque n\u00e3o h\u00e1 muitos especialistas.<\/span><\/p>\n<h4><em><strong>O que voc\u00ea deve trazer?<\/strong><\/em><\/h4>\n<ul>\n<li style=\"font-weight: 400;\"><span style=\"font-weight: 400;\">C\u00e2mera<\/span><\/li>\n<li style=\"font-weight: 400;\"><span style=\"font-weight: 400;\">bot\u00f5es repelentes<\/span><\/li>\n<li style=\"font-weight: 400;\"><span style=\"font-weight: 400;\">Protetor solar<\/span><\/li>\n<li style=\"font-weight: 400;\"><span style=\"font-weight: 400;\">Chap\u00e9u<\/span><\/li>\n<li style=\"font-weight: 400;\"><span style=\"font-weight: 400;\">cal\u00e7as confort\u00e1veis<\/span><\/li>\n<li style=\"font-weight: 400;\"><span style=\"font-weight: 400;\">Sapatos de caminhada para a floresta<\/span><\/li>\n<li style=\"font-weight: 400;\"><span style=\"font-weight: 400;\">Sand\u00e1lias para as zonas de Primavera.<\/span><\/li>\n<li style=\"font-weight: 400;\"><span style=\"font-weight: 400;\">roupa de banho<\/span><\/li>\n<\/ul>\n<h4><b><i>Recolha no hotel <\/i><\/b><\/h4>\n<p><span style=\"font-weight: 400;\">O servi\u00e7o de busca no hotel n\u00e3o \u00e9 oferecido para este passeio. Marcamos a retirada entrando em contato conosco pelo Whatsapp.<\/span><\/p>\n<p><b>Observa\u00e7\u00e3o:<\/b><span style=\"font-weight: 400;\"> Se voc\u00ea fizer a reserva dentro de 24 horas antes do hor\u00e1rio de partida da excurs\u00e3o\/excurs\u00e3o, podemos providenciar a retirada do hotel com custos extras. Assim que sua compra for conclu\u00edda, enviaremos a voc\u00ea informa\u00e7\u00f5es de contato completas (n\u00famero de telefone, endere\u00e7o de e-mail, etc.) para que nosso guia tur\u00edstico local organize as provid\u00eancias de coleta.<\/span><\/p>\n<h4><b><i>Informa\u00e7\u00e3o Adicional Confirma\u00e7\u00e3o <\/i><\/b><\/h4>\n<ol>\n<li>Os ingressos s\u00e3o o recibo ap\u00f3s o pagamento deste passeio. Voc\u00ea pode mostrar o pagamento em seu telefone.<\/li>\n<li style=\"font-weight: 400;\"><span style=\"font-weight: 400;\">O ponto de encontro ser\u00e1 recebido ap\u00f3s o processo de reserva.<\/span><\/li>\n<li style=\"font-weight: 400;\"><span style=\"font-weight: 400;\">As crian\u00e7as devem estar acompanhadas por um adulto.<\/span><\/li>\n<li style=\"font-weight: 400;\"><span style=\"font-weight: 400;\"> N\u00e3o acess\u00edvel para cadeira de rodas <\/span><\/li>\n<li style=\"font-weight: 400;\"><span style=\"font-weight: 400;\">Beb\u00eas devem sentar no colo <\/span><\/li>\n<li style=\"font-weight: 400;\"><span style=\"font-weight: 400;\">N\u00e3o recomendado para viajantes com problemas nas costas<\/span><\/li>\n<li style=\"font-weight: 400;\"><span style=\"font-weight: 400;\">N\u00e3o recomendado para viajantes gr\u00e1vidas <\/span><\/li>\n<li style=\"font-weight: 400;\"><span style=\"font-weight: 400;\"> Sem problemas card\u00edacos ou outras condi\u00e7\u00f5es m\u00e9dicas graves <\/span><\/li>\n<li style=\"font-weight: 400;\"><span style=\"font-weight: 400;\">A maioria dos viajantes pode participar<\/span><\/li>\n<\/ol>\n<h4><b><i>Pol\u00edtica de cancelamento<\/i><\/b><\/h4>\n<p>Para um reembolso total, leia nossas pol\u00edticas de cancelamento\u00a0<a href=\"https:\/\/www.boattoursamana.com\/pt\/marcacao-online\/\" target=\"_blank\" rel=\"noopener\" data-saferedirecturl=\"https:\/\/www.google.com\/url?q=https:\/\/www.boattoursamana.com\/online-booking\/&amp;source=gmail&amp;ust=1672449202351000&amp;usg=AOvVaw1yAeVAPktmaVCqDujgUn90\">Clique aqui<\/a>. Os fundos ser\u00e3o perdidos se a reserva for cancelada no mesmo dia da viagem.<\/p>\n\n\t\t<\/div>\n\t<\/div>\n<div class=\"vc_btn3-container vc_btn3-inline\" ><a class=\"vc_general vc_btn3 vc_btn3-size-md vc_btn3-shape-rounded vc_btn3-style-modern vc_btn3-color-green\" href=\"https:\/\/bookingadventures.tours\/booking.php?tour_id=e29316590922029738666cca35b0d5d9\" title=\"\" rel=\"noopener\">AGENDE AGORA<\/a><\/div><\/div><\/div><\/div><\/div><div class=\"vc_row wpb_row vc_row-fluid\" ><div class=\"wpb_column vc_column_container vc_col-sm-12\"><div class=\"vc_column-inner\"><div class=\"wpb_wrapper\">\n\t<div class=\"wpb_video_widget wpb_content_element vc_clearfix   vc_video-aspect-ratio-169 vc_video-el-width-100 vc_video-align-left\" >\n\t\t<div class=\"wpb_wrapper\">\n\t\t\t<h2 class=\"wpb_heading wpb_video_heading\">V\u00eddeo da cidade de Jarabacoa:<\/h2>\n\t\t\t<div class=\"wpb_video_wrapper\"><iframe loading=\"lazy\" title=\"Jarabacoa, Turismo entre rios e montanhas\" width=\"1100\" height=\"619\" src=\"https:\/\/www.youtube.com\/embed\/FRHfK4RS39A?feature=oembed\" frameborder=\"0\" allow=\"accelerometer; autoplay; clipboard-write; encrypted-media; gyroscope; picture-in-picture\" allowfullscreen><\/iframe><\/div>\n\t\t<\/div>\n\t<\/div>\n<\/div><\/div><\/div><\/div><div class=\"vc_row wpb_row vc_row-fluid\" ><\/div><div class=\"wpb_column vc_column_container vc_col-sm-12\"><div class=\"vc_column-inner\"><div class=\"wpb_wrapper\"><\/div><\/div><\/div><div class=\"vc_empty_space\"   style=\"height: 32px\"><span class=\"vc_empty_space_inner\"><\/span><\/div><div class=\"vc_row wpb_row vc_row-fluid\" ><div class=\"wpb_column vc_column_container vc_col-sm-12\"><div class=\"vc_column-inner\"><div class=\"wpb_wrapper\"><div class=\"vc_btn3-container vc_btn3-inline\" ><a class=\"vc_general vc_btn3 vc_btn3-size-md vc_btn3-shape-rounded vc_btn3-style-modern vc_btn3-color-green\" href=\"https:\/\/bookingadventures.tours\/booking.php?tour_id=e29316590922029738666cca35b0d5d9\" title=\"\" rel=\"noopener\">AGENDE AGORA<\/a><\/div><\/div><\/div><\/div><\/div>","protected":false},"excerpt":{"rendered":"<p>Junte-se a n\u00f3s e viaje com um especialista local de Jarabacoa e tenha a experi\u00eancia \u00fanica de visitar os melhores lugares da capital do ecoturismo a partir de Jarabacoa, este passeio o levar\u00e1 a conhecer a bela paisagem da maior fazenda de montanha da Rep\u00fablica Dominicana. Ao percorrer os diferentes locais, sentir\u00e1 o ar da montanha e apreciar\u00e1 a beleza do campo.<\/p>\n<p><strong>Selecione a data para o Tour:<\/strong><\/p>","protected":false},"featured_media":12529,"template":"","meta":[],"product_cat":[946,159,889,253],"product_tag":[895,892,891,890,896,894,893],"class_list":["post-13984","product","type-product","status-publish","has-post-thumbnail","hentry","product_cat-1-sabana-de-la-mar","product_cat-fees-entrace","product_cat-jarabacoa-buggy","product_cat-tours-and-excursions","product_tag-baiguate-waterfall","product_tag-jarabacoa-buggies","product_tag-jarabacoa-buggy","product_tag-jarabacoa-tour","product_tag-jimenoa-waterfall","product_tag-salto-baiguate","product_tag-salto-jimenoa"],"_links":{"self":[{"href":"https:\/\/www.boattoursamana.com\/pt\/wp-json\/wp\/v2\/product\/13984","targetHints":{"allow":["GET"]}}],"collection":[{"href":"https:\/\/www.boattoursamana.com\/pt\/wp-json\/wp\/v2\/product"}],"about":[{"href":"https:\/\/www.boattoursamana.com\/pt\/wp-json\/wp\/v2\/types\/product"}],"wp:featuredmedia":[{"embeddable":true,"href":"https:\/\/www.boattoursamana.com\/pt\/wp-json\/wp\/v2\/media\/12529"}],"wp:attachment":[{"href":"https:\/\/www.boattoursamana.com\/pt\/wp-json\/wp\/v2\/media?parent=13984"}],"wp:term":[{"taxonomy":"product_cat","embeddable":true,"href":"https:\/\/www.boattoursamana.com\/pt\/wp-json\/wp\/v2\/product_cat?post=13984"},{"taxonomy":"product_tag","embeddable":true,"href":"https:\/\/www.boattoursamana.com\/pt\/wp-json\/wp\/v2\/product_tag?post=13984"}],"curies":[{"name":"wp","href":"https:\/\/api.w.org\/{rel}","templated":true}]}}