{"id":14124,"date":"2022-07-23T07:20:41","date_gmt":"2022-07-23T07:20:41","guid":{"rendered":"https:\/\/www.ticketswhales.com\/?post_type=product&#038;p=14124"},"modified":"2023-02-25T14:47:42","modified_gmt":"2023-02-25T14:47:42","slug":"private-catamaran-samana-bay-tour-marina","status":"publish","type":"product","link":"https:\/\/www.boattoursamana.com\/pt\/percorrer-2\/catamara-privado-samana-bay-tour-marina-2","title":{"rendered":"Catamar\u00e3 Privado Saman\u00e1 Bay \u2013 Tour Marina"},"content":{"rendered":"<div class=\"vc_row wpb_row vc_row-fluid\" ><div class=\"wpb_column vc_column_container vc_col-sm-12\"><div class=\"vc_column-inner\"><div class=\"wpb_wrapper\"><div class=\"vc_btn3-container vc_btn3-inline\" ><button class=\"vc_general vc_btn3 vc_btn3-size-md vc_btn3-shape-rounded vc_btn3-style-modern vc_btn3-color-green\">AGENDE AGORA<\/button><\/div><div class=\"vc_tta-container\" data-vc-action=\"collapse\"><div class=\"vc_general vc_tta vc_tta-tabs vc_tta-color-sandy-brown vc_tta-style-modern vc_tta-shape-square vc_tta-spacing-1 vc_tta-tabs-position-top vc_tta-controls-align-left\"><div class=\"vc_tta-tabs-container\"><ul class=\"vc_tta-tabs-list\"><li class=\"vc_tta-tab vc_active\" data-vc-tab><a href=\"#1658558043421-55144174-f505\" data-vc-tabs data-vc-container=\".vc_tta\"><span class=\"vc_tta-title-text\">Sobre o barco<\/span><\/a><\/li><li class=\"vc_tta-tab\" data-vc-tab><a href=\"#1658558043429-9adef37c-3c9f\" data-vc-tabs data-vc-container=\".vc_tta\"><span class=\"vc_tta-title-text\">Equipamento de barco<\/span><\/a><\/li><li class=\"vc_tta-tab\" data-vc-tab><a href=\"#1658558311759-f1fb6ddd-50cd\" data-vc-tabs data-vc-container=\".vc_tta\"><span class=\"vc_tta-title-text\">Mais<\/span><\/a><\/li><\/ul><\/div><div class=\"vc_tta-panels-container\"><div class=\"vc_tta-panels\"><div class=\"vc_tta-panel vc_active\" id=\"1658558043421-55144174-f505\" data-vc-content=\".vc_tta-panel-body\"><div class=\"vc_tta-panel-heading\"><h4 class=\"vc_tta-panel-title\"><a href=\"#1658558043421-55144174-f505\" data-vc-accordion data-vc-container=\".vc_tta-container\"><span class=\"vc_tta-title-text\">Sobre o barco<\/span><\/a><\/h4><\/div><div class=\"vc_tta-panel-body\">\n\t<div class=\"wpb_text_column wpb_content_element\" >\n\t\t<div class=\"wpb_wrapper\">\n\t\t\t<h6>Nome: Tour Marina<\/h6>\n<h6>Modelo:<\/h6>\n<h6>Ano:<\/h6>\n<h6>Comprimento:<\/h6>\n<h6>N\u00famero de motores: 2<\/h6>\n<h6>Pot\u00eancia: 600HP<\/h6>\n\n\t\t<\/div>\n\t<\/div>\n<\/div><\/div><div class=\"vc_tta-panel\" id=\"1658558043429-9adef37c-3c9f\" data-vc-content=\".vc_tta-panel-body\"><div class=\"vc_tta-panel-heading\"><h4 class=\"vc_tta-panel-title\"><a href=\"#1658558043429-9adef37c-3c9f\" data-vc-accordion data-vc-container=\".vc_tta-container\"><span class=\"vc_tta-title-text\">Equipamento de barco<\/span><\/a><\/h4><\/div><div class=\"vc_tta-panel-body\">\n\t<div class=\"wpb_text_column wpb_content_element\" >\n\t\t<div class=\"wpb_wrapper\">\n\t\t\t<h6>R\u00e1dio VHS<\/h6>\n<h6>Banheiro<\/h6>\n<h6>refrigerador de gelo<\/h6>\n<h6>Coletes salva-vidas<\/h6>\n<h6>Equipamento de m\u00fasica<\/h6>\n\n\t\t<\/div>\n\t<\/div>\n<\/div><\/div><div class=\"vc_tta-panel\" id=\"1658558311759-f1fb6ddd-50cd\" data-vc-content=\".vc_tta-panel-body\"><div class=\"vc_tta-panel-heading\"><h4 class=\"vc_tta-panel-title\"><a href=\"#1658558311759-f1fb6ddd-50cd\" data-vc-accordion data-vc-container=\".vc_tta-container\"><span class=\"vc_tta-title-text\">Mais<\/span><\/a><\/h4><\/div><div class=\"vc_tta-panel-body\">\n\t<div class=\"wpb_text_column wpb_content_element\" >\n\t\t<div class=\"wpb_wrapper\">\n\t\t\t<div class=\"info_content_label\">\n<h4>Inclu\u00eddo:<\/h4>\n<h6>Tripula\u00e7\u00e3o a bordo<\/h6>\n<h6>Combust\u00edvel<\/h6>\n<h4>Outras informa\u00e7\u00f5es:<\/h4>\n<h6>O barco est\u00e1 dispon\u00edvel das 6h \u00e0s 16h30.<\/h6>\n<p><strong>As op\u00e7\u00f5es de bebidas e comidas est\u00e3o dispon\u00edveis por um custo extra:<\/strong><\/p>\n<p>Detalhes do Almo\u00e7o Buffet Tradicional na Ilha Cayo Levantado, $15 USD\/ pp.<\/p>\n<p>-Salada verde<br \/>\n-P\u00e3o<br \/>\n-Moro de Guandule (arroz dominicano) com coco<br \/>\n\u2013 Macarr\u00e3o ao molho de tomate<br \/>\n- Ca\u00e7arolas de Yuca<br \/>\n-Peixe e frango grelhado (dorado) + molho de leite de coco opcional<br \/>\n-Fruta fresca<br \/>\n-1 bebida n\u00e3o alco\u00f3lica (refrigerante ou \u00e1gua)<br \/>\n-Caf\u00e9<\/p>\n<p><strong>Servi\u00e7o adicional de lagosta + doce de coco $19 USD (adicional).<\/strong><\/p>\n<\/div>\n<p>Bebidas e alimentos tamb\u00e9m podem ser fornecidos a bordo por um custo extra.<\/p>\n\n\t\t<\/div>\n\t<\/div>\n<\/div><\/div><\/div><\/div><\/div><\/div>\n\t<div class=\"wpb_text_column wpb_content_element\" >\n\t\t<div class=\"wpb_wrapper\">\n\t\t\t<h4><b><i>Pol\u00edtica de cancelamento<\/i><\/b><\/h4>\n<p>Para um reembolso total, leia nossas pol\u00edticas de cancelamento\u00a0<a href=\"https:\/\/www.boattoursamana.com\/pt\/marcacao-online\/\" target=\"_blank\" rel=\"noopener\" data-saferedirecturl=\"https:\/\/www.google.com\/url?q=https:\/\/www.boattoursamana.com\/online-booking\/&amp;source=gmail&amp;ust=1672449202351000&amp;usg=AOvVaw1yAeVAPktmaVCqDujgUn90\">Clique aqui<\/a>. Os fundos ser\u00e3o perdidos se a reserva for cancelada no mesmo dia da viagem.<\/p>\n<p>&nbsp;<\/p>\n<p><strong>Entre em contato conosco pelo Whatsapp: +1-809-720-6035 ou chat ao vivo.<\/strong><\/p>\n<p><strong>A melhor op\u00e7\u00e3o online de Saman\u00e1!<\/strong><\/p>\n\n\t\t<\/div>\n\t<\/div>\n<\/div><\/div><\/div><\/div><div class=\"vc_row wpb_row vc_row-fluid\" ><div class=\"wpb_column vc_column_container vc_col-sm-12\"><div class=\"vc_column-inner\"><div class=\"wpb_wrapper\"><div class=\"vc_empty_space\"   style=\"height: 32px\"><span class=\"vc_empty_space_inner\"><\/span><\/div><\/div><\/div><\/div><\/div><div class=\"vc_row wpb_row vc_row-fluid\" ><div class=\"wpb_column vc_column_container vc_col-sm-12\"><div class=\"vc_column-inner\"><div class=\"wpb_wrapper\">\n\t<div class=\"wpb_video_widget wpb_content_element vc_clearfix   vc_video-aspect-ratio-169 vc_video-el-width-100 vc_video-align-left\" >\n\t\t<div class=\"wpb_wrapper\">\n\t\t\t<h2 class=\"wpb_heading wpb_video_heading\">Aluguel de Catamar\u00e3 em Samana, Rep\u00fablica Dominicana - V\u00eddeo Curto<\/h2>\n\t\t\t<div class=\"wpb_video_wrapper\"><iframe loading=\"lazy\" title=\"Aluguel de barco Samana Rep\u00fablica Dominicana e passeios e excurs\u00f5es\" width=\"1100\" height=\"619\" src=\"https:\/\/www.youtube.com\/embed\/2TA5TdrEZd0?feature=oembed\" frameborder=\"0\" allow=\"accelerometer; autoplay; clipboard-write; encrypted-media; gyroscope; picture-in-picture\" allowfullscreen><\/iframe><\/div>\n\t\t<\/div>\n\t<\/div>\n<\/div><\/div><\/div><\/div><div class=\"vc_row wpb_row vc_row-fluid\" ><div class=\"wpb_column vc_column_container vc_col-sm-12\"><div class=\"vc_column-inner\"><div class=\"wpb_wrapper\"><div class=\"vc_empty_space\"   style=\"height: 32px\"><span class=\"vc_empty_space_inner\"><\/span><\/div><div class=\"mkdf-section-title-holder\" style=\"text-align: center\">\n\t<div class=\"mkdf-st-inner\">\n\t\t\t\t\t<h5 class=\"mkdf-st-subtitle\" >\n\t\t\t\tSamana, Rep\u00fablica Dominicana\t\t\t<\/h5>\n\t\t\t\t\t\t\t<h3 class=\"mkdf-st-title\" >\n\t\t\t\tMais op\u00e7\u00f5es de aluguel de barcos\t\t\t<\/h3>\n\t\t\t\t\t<\/div>\n<\/div><div class=\"vc_btn3-container vc_btn3-inline\" ><button class=\"vc_general vc_btn3 vc_btn3-size-md vc_btn3-shape-rounded vc_btn3-style-modern vc_btn3-color-green\">AGENDE AGORA<\/button><\/div><\/div><\/div><\/div><\/div><div class=\"vc_row wpb_row vc_row-fluid\" ><div class=\"wpb_column vc_column_container vc_col-sm-12\"><div class=\"vc_column-inner\"><div class=\"wpb_wrapper\"><div class=\"vc_empty_space\"   style=\"height: 32px\"><span class=\"vc_empty_space_inner\"><\/span><\/div><div class=\"mkdf-section-title-holder\" style=\"text-align: center\">\n\t<div class=\"mkdf-st-inner\">\n\t\t\t\t\t<h5 class=\"mkdf-st-subtitle\" >\n\t\t\t\tOp\u00e7\u00f5es de grupo e privado\t\t\t<\/h5>\n\t\t\t\t\t\t\t<h3 class=\"mkdf-st-title\" >\n\t\t\t\tPasseios e Excurs\u00f5es\t\t\t<\/h3>\n\t\t\t\t\t<\/div>\n<\/div><\/div><\/div><\/div><\/div><div class=\"vc_row wpb_row vc_row-fluid\" ><div class=\"wpb_column vc_column_container vc_col-sm-12\"><div class=\"vc_column-inner\"><div class=\"wpb_wrapper\"><div class=\"vc_btn3-container vc_btn3-inline\" ><button class=\"vc_general vc_btn3 vc_btn3-size-md vc_btn3-shape-rounded vc_btn3-style-modern vc_btn3-color-green\">AGENDE AGORA<\/button><\/div><\/div><\/div><\/div><\/div>","protected":false},"excerpt":{"rendered":"BOOK NOWAbout BoatBoat EquipmentMoreAbout Boat Name: Tour Marina Model: Year: Lenght: Motors number: 2 Power: 600 HP Boat Equipment VHS Radio Toilet Ice Cooler Life Jackets Music Equipment More Included: Crew onboard Fuel Other info: Boat is available from 6 AM until 4:30 PM. Drink and Food options are available for an extra cost: Details of the Traditional Buffet lunch on Cayo Levantado Island, $15 USD\/ pp. -Green salad -Bread -Moro de Guandule (Rice Dominican Style) with Coconut \u2013 Pasta [...]","protected":false},"featured_media":14126,"template":"","meta":[],"product_cat":[655,841],"product_tag":[842,843,844,845],"class_list":["post-14124","product","type-product","status-publish","has-post-thumbnail","hentry","product_cat-1-samana","product_cat-rent-catamaran-or-boat-samana","product_tag-catamaran-for-renting-samana","product_tag-samana-boat-rentals","product_tag-samana-catamaran","product_tag-samana-rentals"],"_links":{"self":[{"href":"https:\/\/www.boattoursamana.com\/pt\/wp-json\/wp\/v2\/product\/14124","targetHints":{"allow":["GET"]}}],"collection":[{"href":"https:\/\/www.boattoursamana.com\/pt\/wp-json\/wp\/v2\/product"}],"about":[{"href":"https:\/\/www.boattoursamana.com\/pt\/wp-json\/wp\/v2\/types\/product"}],"wp:featuredmedia":[{"embeddable":true,"href":"https:\/\/www.boattoursamana.com\/pt\/wp-json\/wp\/v2\/media\/14126"}],"wp:attachment":[{"href":"https:\/\/www.boattoursamana.com\/pt\/wp-json\/wp\/v2\/media?parent=14124"}],"wp:term":[{"taxonomy":"product_cat","embeddable":true,"href":"https:\/\/www.boattoursamana.com\/pt\/wp-json\/wp\/v2\/product_cat?post=14124"},{"taxonomy":"product_tag","embeddable":true,"href":"https:\/\/www.boattoursamana.com\/pt\/wp-json\/wp\/v2\/product_tag?post=14124"}],"curies":[{"name":"wp","href":"https:\/\/api.w.org\/{rel}","templated":true}]}}