{"id":14291,"date":"2022-11-02T08:35:02","date_gmt":"2022-11-02T08:35:02","guid":{"rendered":"https:\/\/www.ticketswhales.com\/?post_type=product&#038;p=14291"},"modified":"2023-10-12T02:05:54","modified_gmt":"2023-10-12T02:05:54","slug":"punta-cana-los-haitises-national-park-yanigua-waterfalls-montana-redonda","status":"publish","type":"product","link":"https:\/\/www.boattoursamana.com\/pt\/percorrer-2\/punta-cana-los-haitises-national-park-yanigua-waterfalls-montana-redonda-2","title":{"rendered":"Punta Cana: Parque Nacional Los Haitises, Cachoeiras Yanigua e Montana Redonda"},"content":{"rendered":"<div class=\"vc_row wpb_row vc_row-fluid\" ><div class=\"wpb_column vc_column_container vc_col-sm-12\"><div class=\"vc_column-inner\"><div class=\"wpb_wrapper\"><div class=\"mkdf-section-title-holder\" style=\"text-align: left\">\n\t<div class=\"mkdf-st-inner\">\n\t\t\t\t\t<h5 class=\"mkdf-st-subtitle\" >\n\t\t\t\tTransporte e Almo\u00e7o Inclu\u00eddo\t\t\t<\/h5>\n\t\t\t\t\t\t\t<h3 class=\"mkdf-st-title\" >\n\t\t\t\tPunta Cana: Parque Nacional Los Haitises, Cachoeiras Yanigua e Montana Redonda\t\t\t<\/h3>\n\t\t\t\t\t<\/div>\n<\/div><\/div><\/div><\/div><\/div><div class=\"vc_row wpb_row vc_row-fluid\" ><div class=\"wpb_column vc_column_container vc_col-sm-12\"><div class=\"vc_column-inner\"><div class=\"wpb_wrapper\"><div class=\"vc_btn3-container vc_btn3-inline\" ><a class=\"vc_general vc_btn3 vc_btn3-size-md vc_btn3-shape-rounded vc_btn3-style-modern vc_btn3-color-green\" href=\"https:\/\/bookingadventures.tours\/booking.php?tour_id=8081df21d5fc51981b39e270d99ab5ab\" title=\"\" rel=\"noopener\">AGENDE AGORA <\/a><\/div>\n\t<div class=\"wpb_text_column wpb_content_element\" >\n\t\t<div class=\"wpb_wrapper\">\n\t\t\t<h3>Punta Cana: Parque Nacional Los Haitises, Cachoeiras Yanigua e Montana Redonda<\/h3>\n<h4><b><i>Vis\u00e3o geral <\/i><\/b><\/h4>\n<p>Excurs\u00e3o ao Parque Nacional Los Haitises saindo de Punta Cana. A partir do seu hotel em Punta Cana ou Bavaro. Dirigiremos com nosso guia tur\u00edstico para Montana Redonda. Onde voc\u00ea tem tempo para tirar fotos incr\u00edveis de uma das vistas mais impressionantes da Rep\u00fablica Dominicana. Ap\u00f3s esta primeira parada, continuamos a visitar o Parque Nacional Los Haitises, alguns lanches e bebidas t\u00edpicas enquanto percorremos manguezais, cavernas e famosas ilhas rochosas como no Jurassic Park. Depois de visitar o Parque Nacional Los Haitises, o almo\u00e7o nos espera nas cachoeiras de Yanigua. Ap\u00f3s o almo\u00e7o local e gastron\u00f4mico, voc\u00ea deve ter tempo para nadar nas \u00fanicas piscinas naturais de \u00e1gua do Parque Nacional Los Haitises.<\/p>\n<p>Ap\u00f3s esta experi\u00eancia, voc\u00ea retornar\u00e1 \u00e0 comunidade de Punta Cana de onde o buscamos.<\/p>\n<ul>\n<li style=\"font-weight: 400;\">Taxas inclu\u00eddas<\/li>\n<li>Almo\u00e7o<\/li>\n<li>lanches<\/li>\n<li style=\"font-weight: 400;\">Guia tur\u00edstico local em ingl\u00eas ou franc\u00eas<\/li>\n<li>Transporte<\/li>\n<li>Viagem de barco<\/li>\n<li>Montana Redonda<\/li>\n<li>Cachoeira Yanigua<\/li>\n<\/ul>\n<p>&nbsp;<\/p>\n<h4><b>Inclus\u00f5es e Exclus\u00f5es<\/b><\/h4>\n<p>&nbsp;<\/p>\n<p><b>Inclus\u00f5es<\/b><\/p>\n<ol>\n<li style=\"font-weight: 400;\">Tour Los Haitises + Cavernas e Pictogramas<\/li>\n<li>Montana Redonda<\/li>\n<li>Cachoeiras Yanigua<\/li>\n<li>Almo\u00e7o<\/li>\n<li>Pick up de hot\u00e9is nas \u00e1reas de Punta Cana.<\/li>\n<li style=\"font-weight: 400;\"><span style=\"font-weight: 400;\">Todos os impostos, taxas e encargos de manuseio<\/span><\/li>\n<li style=\"font-weight: 400;\"><span style=\"font-weight: 400;\">Impostos locais<\/span><\/li>\n<li style=\"font-weight: 400;\"><span style=\"font-weight: 400;\">Bebidas<\/span><\/li>\n<li>lanches<\/li>\n<li style=\"font-weight: 400;\"><span style=\"font-weight: 400;\">Todas as atividades<\/span><\/li>\n<li style=\"font-weight: 400;\"><span style=\"font-weight: 400;\">Guia local<\/span><\/li>\n<\/ol>\n<p><b> Exclus\u00f5es<\/b><\/p>\n<ol>\n<li style=\"font-weight: 400;\"><span style=\"font-weight: 400;\">Gorjetas<\/span><\/li>\n<li style=\"font-weight: 400;\"><span style=\"font-weight: 400;\">Bebidas Alco\u00f3licas<\/span><\/li>\n<\/ol>\n<p>&nbsp;<\/p>\n<h4><em><strong>Partida e Retorno<\/strong><\/em><\/h4>\n<p><span style=\"font-weight: 400;\">O viajante receber\u00e1 um ponto de encontro ap\u00f3s o processo de reserva. Os passeios come\u00e7am e terminam em seus pontos de encontro.<\/span><\/p>\n<h4><\/h4>\n<h3>Punta Cana: Parque Nacional Los Haitises, Cachoeiras Yanigua e Montana Redonda<\/h3>\n<h4><b><i>O que esperar?<\/i><\/b><\/h4>\n<p><em><strong>Pegue seus ingressos<\/strong><\/em> para visitar a excurs\u00e3o ao Parque Nacional Los Haitises saindo de Punta Cana.<\/p>\n<p>o\u00a0<strong>natureza tropical da Rep\u00fablica Dominicana<\/strong>\u00a0\u00e9 um dos principais\u00a0<strong>atra\u00e7\u00f5es tur\u00edsticas<\/strong>\u00a0no pa\u00eds. Hoje queremos propor-lhe um\u00a0<strong>excurs\u00e3o \u00fanica<\/strong>\u00a0que voc\u00ea pode fazer desde Punta Cana, e que inclui uma visita a tr\u00eas lugares onde as paisagens o deixar\u00e3o sem palavras.<\/p>\n<p>O primeiro deles \u00e9\u00a0<em>montanha redonda<\/em>, um lugar que se tornou famoso nos \u00faltimos anos por sua\u00a0<strong>vista panor\u00e2mica<\/strong>\u00a0sobre o Caribe, onde\u00a0<strong>instant\u00e2neos em um balan\u00e7o<\/strong>\u00a0que olha para o horizonte fizeram dele um dos\u00a0<strong>lugares mais fotografados na Rep\u00fablica Dominicana<\/strong>.<\/p>\n<p><strong>Parque Nacional Los Haitises<\/strong>\u00a0\u00e9 o nosso pr\u00f3ximo destino no mapa, uma \u00e1rea onde\u00a0<strong>o mar, manguezais, selvas<\/strong>\u00a0e at\u00e9 mesmo\u00a0<strong>restos arqueol\u00f3gicos<\/strong>\u00a0escondidos em cavernas, revelam todos os\u00a0<strong>encantos naturais que o pa\u00eds oferece<\/strong>. As suas pequenas colinas repletas de vegeta\u00e7\u00e3o s\u00e3o tamb\u00e9m o local perfeito para a observa\u00e7\u00e3o de aves que s\u00f3 aqui encontrar\u00e1.<\/p>\n<p>Dentro do parque h\u00e1 outro\u00a0<strong>lugar m\u00e1gico: Cachoeiras do Rancho Yanigua<\/strong>. Esta cachoeira espetacular \u00e9 a\u00a0<strong>lugar perfeito para desconectar<\/strong>\u00a0da multid\u00e3o de turistas de Punta Cana, cercado por uma densa vegeta\u00e7\u00e3o que nos faz pensar que estamos a mais de 100 quil\u00f4metros da cidade mais pr\u00f3xima, embora realmente n\u00e3o seja assim.<\/p>\n<div class=\"body-description secondary\">\n<p>Ap\u00f3s o almo\u00e7o, voltamos para Punta Cana!!<\/p>\n<h2 id=\"headline-62-1277\" class=\"ct-headline\">Roteiro do passeio<\/h2>\n<div id=\"_rich_text-77-1277\" class=\"oxy-rich-text\">\n<p>O itiner\u00e1rio desta excurs\u00e3o \u00e9 o seguinte:<\/p>\n<ul>\n<li><strong>06h50<\/strong>\u00a0\u2013 Busc\u00e1-lo em seu hotel.<\/li>\n<li><strong>08h30<\/strong>\u00a0\u2013 Chegada \u00e0 serra redonda, paisagem \u00fanica em todo o pa\u00eds.<\/li>\n<li><strong>10:30 am<\/strong>\u00a0\u2013 Sa\u00edda de Sabana de la Mar em dire\u00e7\u00e3o ao Parque Nacional dos Haitises em lancha. No caminho veremos\u00a0<strong>p\u00e1ssaros ex\u00f3ticos<\/strong>, e chegaremos ao\u00a0<strong>cavernas<\/strong>\u00a0onde voc\u00ea pode ver\u00a0<strong>pinturas ind\u00edgenas<\/strong>.<\/li>\n<li><strong>12:30<\/strong>\u00a0<strong>PM\u00a0<\/strong>\u2013 Mergulhe na selva at\u00e9 chegar \u00e0s Cachoeiras do Rancho Yanigua, um lugar perfeito para almo\u00e7ar e dar um mergulho. Voc\u00ea tamb\u00e9m pode tomar um banho de lama terap\u00eautico.<\/li>\n<li><strong>02:00<\/strong>\u00a0<strong>PM<\/strong>\u00a0- Voc\u00ea pode saborear\u00a0<strong>caf\u00e9 e cacau<\/strong>\u00a0de fazendas e ranchos locais.<\/li>\n<li><strong>03:00<\/strong>\u00a0<strong>PM<\/strong>- Visite a\u00a0<strong>mina de \u00e2mbar azul<\/strong>.<\/li>\n<li><strong>16h30<\/strong>\u00a0\u2013 Parada em um mirante fotogr\u00e1fico onde voc\u00ea pode ver o esplendor do Parque Nacional dos Haitises.<\/li>\n<li><strong>17:00<\/strong>\u00a0\u2013 Por fim, um guia nos levar\u00e1 a uma das constru\u00e7\u00f5es mais curiosas do local,\u00a0<em>a casa do Tarzan<\/em>, que est\u00e1 localizado em uma \u00e1rvore com mais de 30 metros de altura.<\/li>\n<li><strong>18:00<\/strong>\u00a0\u2013 Retorno aos hot\u00e9is com nosso transporte.<\/li>\n<\/ul>\n<p><em>* Os tempos indicados acima s\u00e3o aproximados<\/em><\/p>\n<\/div>\n<\/div>\n<p>Caso voc\u00ea goste desta viagem mais longa ou mais curta, entre em contato conosco.<\/p>\n<p>&nbsp;<\/p>\n<h4><em><strong>O que voc\u00ea deve trazer?<\/strong><\/em><\/h4>\n<ul>\n<li style=\"font-weight: 400;\"><span style=\"font-weight: 400;\">C\u00e2mera<\/span><\/li>\n<li style=\"font-weight: 400;\"><span style=\"font-weight: 400;\">bot\u00f5es repelentes<\/span><\/li>\n<li style=\"font-weight: 400;\"><span style=\"font-weight: 400;\">Protetor solar<\/span><\/li>\n<li style=\"font-weight: 400;\"><span style=\"font-weight: 400;\">Chap\u00e9u<\/span><\/li>\n<li style=\"font-weight: 400;\"><span style=\"font-weight: 400;\">cal\u00e7as confort\u00e1veis<\/span><\/li>\n<li style=\"font-weight: 400;\"><span style=\"font-weight: 400;\">Sapatos de caminhada para a floresta<\/span><\/li>\n<li style=\"font-weight: 400;\"><span style=\"font-weight: 400;\">Sand\u00e1lias para as zonas de Primavera.<\/span><\/li>\n<li style=\"font-weight: 400;\"><span style=\"font-weight: 400;\">roupa de banho<\/span><\/li>\n<\/ul>\n<p>&nbsp;<\/p>\n<h4><b><i>Recolha no hotel <\/i><\/b><\/h4>\n<p><span style=\"font-weight: 400;\">O servi\u00e7o de busca no hotel \u00e9 oferecido para este passeio. Selecione o nome do hotel e o hor\u00e1rio aqui. Caso o seu Hotel n\u00e3o conste da lista, por favor Contacte-nos.<\/span><\/p>\n<p>&nbsp;<\/p>\n<p><b>Observa\u00e7\u00e3o:<\/b><span style=\"font-weight: 400;\"> Se voc\u00ea fizer a reserva dentro de 24 horas antes do hor\u00e1rio de partida da excurs\u00e3o\/excurs\u00e3o, podemos providenciar a retirada do hotel. Assim que sua compra for conclu\u00edda, enviaremos a voc\u00ea informa\u00e7\u00f5es de contato completas (n\u00famero de telefone, endere\u00e7o de e-mail, etc.) para que nosso guia tur\u00edstico local organize as provid\u00eancias de coleta.<\/span><\/p>\n<h4><b><i>Informa\u00e7\u00e3o Adicional Confirma\u00e7\u00e3o <\/i><\/b><\/h4>\n<ol>\n<li>Os ingressos s\u00e3o o recibo ap\u00f3s o pagamento deste passeio. Voc\u00ea pode mostrar o pagamento em seu telefone.<\/li>\n<li style=\"font-weight: 400;\"><span style=\"font-weight: 400;\">O ponto de encontro ser\u00e1 recebido ap\u00f3s o processo de reserva.<\/span><\/li>\n<li style=\"font-weight: 400;\"><span style=\"font-weight: 400;\">As crian\u00e7as devem estar acompanhadas por um adulto.<\/span><\/li>\n<li style=\"font-weight: 400;\"><span style=\"font-weight: 400;\"> N\u00e3o acess\u00edvel para cadeira de rodas <\/span><\/li>\n<li style=\"font-weight: 400;\"><span style=\"font-weight: 400;\">Beb\u00eas devem sentar no colo <\/span><\/li>\n<li style=\"font-weight: 400;\"><span style=\"font-weight: 400;\">N\u00e3o recomendado para viajantes com problemas nas costas<\/span><\/li>\n<li style=\"font-weight: 400;\"><span style=\"font-weight: 400;\">N\u00e3o recomendado para viajantes gr\u00e1vidas <\/span><\/li>\n<li style=\"font-weight: 400;\"><span style=\"font-weight: 400;\"> Sem problemas card\u00edacos ou outras condi\u00e7\u00f5es m\u00e9dicas graves <\/span><\/li>\n<li style=\"font-weight: 400;\"><span style=\"font-weight: 400;\">A maioria dos viajantes pode participar<\/span><\/li>\n<\/ol>\n<h4><b><i>Pol\u00edtica de cancelamento<\/i><\/b><\/h4>\n<p>Para um reembolso total, leia nossas pol\u00edticas de cancelamento\u00a0<a href=\"https:\/\/www.boattoursamana.com\/pt\/marcacao-online\/\" target=\"_blank\" rel=\"noopener\" data-saferedirecturl=\"https:\/\/www.google.com\/url?q=https:\/\/www.boattoursamana.com\/online-booking\/&amp;source=gmail&amp;ust=1672308980019000&amp;usg=AOvVaw26v5FL8g3-3hyHN76KOvdD\">Clique aqui<\/a>. Os fundos ser\u00e3o perdidos se a reserva for cancelada no mesmo dia da viagem.<\/p>\n\n\t\t<\/div>\n\t<\/div>\n<div class=\"vc_btn3-container vc_btn3-inline\" ><a class=\"vc_general vc_btn3 vc_btn3-size-md vc_btn3-shape-rounded vc_btn3-style-modern vc_btn3-color-green\" href=\"https:\/\/bookingadventures.tours\/booking.php?tour_id=8081df21d5fc51981b39e270d99ab5ab\" title=\"\" rel=\"noopener\">AGENDE AGORA <\/a><\/div><\/div><\/div><\/div><\/div><div class=\"vc_row wpb_row vc_row-fluid\" ><div class=\"wpb_column vc_column_container vc_col-sm-12\"><div class=\"vc_column-inner\"><div class=\"wpb_wrapper\"><div class=\"vc_empty_space\"   style=\"height: 32px\"><span class=\"vc_empty_space_inner\"><\/span><\/div>\n\t<div class=\"wpb_video_widget wpb_content_element vc_clearfix   vc_video-aspect-ratio-169 vc_video-el-width-100 vc_video-align-left\" >\n\t\t<div class=\"wpb_wrapper\">\n\t\t\t<h2 class=\"wpb_heading wpb_video_heading\">V\u00eddeo do Parque Nacional Los Haitises:<\/h2>\n\t\t\t<div class=\"wpb_video_wrapper\"><iframe loading=\"lazy\" title=\"Parque Nacional Los Haitises, passeios e excurs\u00f5es de Samana ou Sabana de la Mar. Reserve aqui:\" src=\"https:\/\/player.vimeo.com\/video\/346508015?dnt=1&amp;app_id=122963\" width=\"1100\" height=\"619\" frameborder=\"0\" allow=\"autoplay; fullscreen\" allowfullscreen><\/iframe><\/div>\n\t\t<\/div>\n\t<\/div>\n<div class=\"vc_empty_space\"   style=\"height: 32px\"><span class=\"vc_empty_space_inner\"><\/span><\/div><\/div><\/div><\/div><\/div><div class=\"vc_row wpb_row vc_row-fluid\" ><div class=\"wpb_column vc_column_container vc_col-sm-12\"><div class=\"vc_column-inner\"><div class=\"wpb_wrapper\"><div class=\"vc_empty_space\"   style=\"height: 32px\"><span class=\"vc_empty_space_inner\"><\/span><\/div>\n\t<div class=\"wpb_text_column wpb_content_element\" >\n\t\t<div class=\"wpb_wrapper\">\n\t\t\t<h4>Contate-Nos?<\/h4>\n<h5><em><strong>Reservando aventuras<\/strong><\/em><\/h5>\n<p><em><strong>locais<\/strong>\u00a0e\u00a0<strong>nacionais<\/strong>\u00a0Guias tur\u00edsticos e servi\u00e7os aos h\u00f3spedes<\/em><\/p>\n<p><span class=\"text-turquoise\">Reservas:<\/span>\u00a0Passeios e Excurs\u00f5es em Dom. Rep.<\/p>\n<p><img decoding=\"async\" class=\"emoji\" draggable=\"false\" src=\"https:\/\/s.w.org\/images\/core\/emoji\/11.2.0\/svg\/1f4de.svg\" alt=\"\ud83d\udcde\" title=\"\">\u00a0Tel\/Whatsapp\u00a0\u00a0<a href=\"tel:+1-809-720-6035\">+1-809-720-6035<\/a>.<\/p>\n<p><img decoding=\"async\" class=\"emoji\" draggable=\"false\" src=\"https:\/\/s.w.org\/images\/core\/emoji\/11.2.0\/svg\/1f4e9.svg\" alt=\"\ud83d\udce9\" title=\"\">\u00a0<a href=\"mailto:info@bookingadventures.com.do\">info@bookingadventures.com.do<\/a><\/p>\n<p><strong>Somos Tours Privados com Configura\u00e7\u00e3o Flex\u00edvel por Whatsapp:\u00a0<a href=\"tel:+18097206035\">+18097206035.<\/a><\/strong><\/p>\n\n\t\t<\/div>\n\t<\/div>\n<div class=\"vc_empty_space\"   style=\"height: 32px\"><span class=\"vc_empty_space_inner\"><\/span><\/div><\/div><\/div><\/div><\/div>","protected":false},"excerpt":{"rendered":"<p>Excurs\u00e3o saindo de Punta Cana: Parque Nacional Los Haitises, Cataratas Yanigua e Montana Redonda. Inclui almo\u00e7o e transporte para visita \u00e0s 3 cavernas principais, explora\u00e7\u00e3o de 2 ecossistemas de mangue diferentes, vistas e Simming Pools.<\/p>\n<p>Viagem de dia inteiro ao Parque Nacional Los Haitises com guia tur\u00edstico local. Visitando as ilhotas do Parque Nacional Los Haitises, manguezais, vegeta\u00e7\u00e3o, observa\u00e7\u00e3o de p\u00e1ssaros, cavernas, pictogramas e as \u00e1reas hist\u00f3ricas de Sabana de la Mar no Parque Nacional Los Haitises. Vistas incr\u00edveis em Montana Redonda e almo\u00e7o e piscinas nas cachoeiras Yanigua.<\/p>\n<p>&nbsp;<\/p>\n<p><strong>Por favor, selecione a data para o Tour:\u00a0<\/strong><\/p>","protected":false},"featured_media":14278,"template":"","meta":[],"product_cat":[948,946,928,168,1050,1049],"product_tag":[268,296,267,171,209,440,441,299,1052,212,297,222,298,269,1053,1051],"class_list":["post-14291","product","type-product","status-publish","has-post-thumbnail","hentry","product_cat-1-punta-cana","product_cat-1-sabana-de-la-mar","product_cat-boat-trip-los-haitises","product_cat-caves","product_cat-waterfalls-los-haitises","product_cat-yanigua-waterfalls-montana-redonda","product_tag-caves-los-haitises","product_tag-day-trip-punta-cana","product_tag-las-terrenas","product_tag-los-haitises","product_tag-los-haitises-national-park","product_tag-los-haitises-national-park-map","product_tag-los-haitises-national-park-tour-from-las-terrenas","product_tag-los-haitises-national-park-tours-excursions","product_tag-los-haitises-waterfall","product_tag-mangroves-los-haitises","product_tag-montana-redonda-tours-excursion","product_tag-punta-cana","product_tag-punta-cana-tours-excursions","product_tag-transportation-los-haitises","product_tag-waterfalls-dominican-republic","product_tag-yanigua-waterfalls"],"_links":{"self":[{"href":"https:\/\/www.boattoursamana.com\/pt\/wp-json\/wp\/v2\/product\/14291","targetHints":{"allow":["GET"]}}],"collection":[{"href":"https:\/\/www.boattoursamana.com\/pt\/wp-json\/wp\/v2\/product"}],"about":[{"href":"https:\/\/www.boattoursamana.com\/pt\/wp-json\/wp\/v2\/types\/product"}],"wp:featuredmedia":[{"embeddable":true,"href":"https:\/\/www.boattoursamana.com\/pt\/wp-json\/wp\/v2\/media\/14278"}],"wp:attachment":[{"href":"https:\/\/www.boattoursamana.com\/pt\/wp-json\/wp\/v2\/media?parent=14291"}],"wp:term":[{"taxonomy":"product_cat","embeddable":true,"href":"https:\/\/www.boattoursamana.com\/pt\/wp-json\/wp\/v2\/product_cat?post=14291"},{"taxonomy":"product_tag","embeddable":true,"href":"https:\/\/www.boattoursamana.com\/pt\/wp-json\/wp\/v2\/product_tag?post=14291"}],"curies":[{"name":"wp","href":"https:\/\/api.w.org\/{rel}","templated":true}]}}