{"id":15361,"date":"2023-02-06T10:44:02","date_gmt":"2023-02-06T10:44:02","guid":{"rendered":"https:\/\/www.ticketswhales.com\/?post_type=product&#038;p=15361"},"modified":"2025-12-21T17:09:04","modified_gmt":"2025-12-21T17:09:04","slug":"miches-samana-whale-watching-cayo-levantado-bacardi-island-limon-waterfalls","status":"publish","type":"product","link":"https:\/\/www.boattoursamana.com\/pt\/percorrer-2\/miches-samana-observacao-de-baleias-cayo-levantado-ilha-bacardi-cachoeiras-limon","title":{"rendered":"Miches: Observa\u00e7\u00e3o de baleias em Saman\u00e1 + Cayo Levantado (Ilha Bacardi) + Cachoeiras El Lim\u00f3n"},"content":{"rendered":"<div class=\"vc_row wpb_row vc_row-fluid\" ><div class=\"wpb_column vc_column_container vc_col-sm-12\"><div class=\"vc_column-inner\"><div class=\"wpb_wrapper\"><div class=\"vc_empty_space\"   style=\"height: 32px\"><span class=\"vc_empty_space_inner\"><\/span><\/div><div class=\"vc_btn3-container vc_btn3-inline\" ><a class=\"vc_general vc_btn3 vc_btn3-size-md vc_btn3-shape-rounded vc_btn3-style-modern vc_btn3-color-green\" href=\"https:\/\/bookingadventures.tours\/booking.php?tour_id=37eeb6616d6bfb8565c383bedf525a4c\" title=\"\" rel=\"noopener\">AGENDE AGORA<\/a><\/div><div class=\"vc_empty_space\"   style=\"height: 32px\"><span class=\"vc_empty_space_inner\"><\/span><\/div><\/div><\/div><\/div><\/div><div class=\"wpb_column vc_column_container vc_col-sm-12\"><div class=\"vc_column-inner\"><div class=\"wpb_wrapper\">\n\t<div class=\"wpb_text_column wpb_content_element\" >\n\t\t<div class=\"wpb_wrapper\">\n\t\t\t<div class=\"vc_row wpb_row vc_row-fluid\">\n<div class=\"wpb_column vc_column_container vc_col-sm-12\">\n<div class=\"vc_column-inner\">\n<div class=\"wpb_wrapper\">\n<div class=\"mkdf-section-title-holder\">\n<div class=\"mkdf-st-inner\">\n<h5 class=\"mkdf-st-subtitle\">Cayo Levantado (Ilha Bacardi) + Cachoeiras El Lim\u00f3n dos hot\u00e9is de Punta Cana.<\/h5>\n<h3 class=\"mkdf-st-title\">Observa\u00e7\u00e3o de baleias em Punta Cana at\u00e9 a Ba\u00eda de Saman\u00e1<\/h3>\n<\/div>\n<\/div>\n<\/div>\n<\/div>\n<\/div>\n<\/div>\n<div class=\"vc_row wpb_row vc_row-fluid\"><\/div>\n<div class=\"wpb_column vc_column_container vc_col-sm-12\">\n<div class=\"vc_column-inner\">\n<div class=\"wpb_wrapper\"><\/div>\n<\/div>\n<\/div>\n<div class=\"wpb_text_column wpb_content_element\">\n<div class=\"wpb_wrapper\"><\/div>\n<\/div>\n<div class=\"vc_row wpb_row vc_row-fluid\">\n<div class=\"wpb_column vc_column_container vc_col-sm-12\">\n<div class=\"vc_column-inner\">\n<div class=\"wpb_wrapper\">\n<div class=\"wpb_text_column wpb_content_element\">\n<div class=\"wpb_wrapper\">\n<div class=\"vc_row wpb_row vc_row-fluid\">\n<div class=\"wpb_column vc_column_container vc_col-sm-12\">\n<div class=\"vc_column-inner\">\n<div class=\"wpb_wrapper\">\n<div class=\"wpb_text_column wpb_content_element\">\n<div class=\"wpb_wrapper\">\n<h4><b><i>Overview\ud83d\udc33<\/i><\/b><\/h4>\n<p>Baleia Punta Cana, observa\u00e7\u00e3o de baleias na Ba\u00eda de Saman\u00e1 e visita a Cayo Levantado mais Safari \u00e0s Cachoeiras El limon durante esta excurs\u00e3o de dia inteiro saindo dos hot\u00e9is de Punta Cana. Viaje para a ba\u00eda de Saman\u00e1 a bordo de um confort\u00e1vel \u00f4nibus com ar condicionado e depois transfira para um barco catamar\u00e3 em Miches. Navegue em \u00e1guas abertas para procurar os grupos de baleias jubarte que visitam a \u00e1rea para procriar e ter seus filhotes. Aprenda sobre o comportamento e a biologia desses mam\u00edferos marinhos com seu guia naturalista especializado. Continue para Cayo Levantado \/ Ilha Bacardi, para almo\u00e7ar na praia e mergulhar nas \u00e1guas azuis ap\u00f3s esta viagem de saf\u00e1ri \u00e0s cachoeiras El Lim\u00f3n com passeios a cavalo pela floresta de coqueiros antes de retornar a Punta Cana.<\/p>\n<p>&nbsp;<\/p>\n<p><strong>Observa\u00e7\u00e3o:<\/strong> Este passeio n\u00e3o \u00e9 privado. Este passeio incluiu a parada em <strong>Cachoeira El Lim\u00f3n<\/strong>. Para reservar a mesma viagem e n\u00e3o ir \u00e0s cachoeiras, por favor\u00a0<a href=\"https:\/\/www.boattoursamana.com\/pt\/tours-excursions\/passeios-excursoes-samana-bay-dominican-republic\/whale-watching-2020-in-punta-cana-to-samana-bay-cayo-levantado-bacardi-island-from-hotels\/\">CLIQUE AQUI.<\/a><\/p>\n<ul>\n<li>Observa\u00e7\u00e3o de baleias<\/li>\n<li>Ilha Bacardi \/ Cayo Levantado<\/li>\n<li>Taxas de entrada para o Observat\u00f3rio<\/li>\n<li>Samana Saf\u00e1ri<\/li>\n<li>Cachoeiras El Limon Passeio a Cavalo<\/li>\n<li>Inclui almo\u00e7o buffet na praia<\/li>\n<li>Traslado de barco<\/li>\n<li>O capit\u00e3o fornece instru\u00e7\u00e3o e supervis\u00e3o<\/li>\n<li>Guia tur\u00edstico<\/li>\n<\/ul>\n<p>&nbsp;<\/p>\n<h4><b>Inclus\u00f5es e Exclus\u00f5es<\/b><\/h4>\n<p>&nbsp;<\/p>\n<p><b>Inclus\u00f5es<\/b><\/p>\n<p>&nbsp;<\/p>\n<ol>\n<li>Almo\u00e7o buffet na praia<\/li>\n<li>Transfer\u00eancia de hot\u00e9is<\/li>\n<li>Guia tur\u00edstico<\/li>\n<li>Passeio de catamar\u00e3 ou barco<\/li>\n<li>Todos os impostos, taxas e encargos de manuseio<\/li>\n<li>Impostos locais<\/li>\n<li>Bebidas<\/li>\n<\/ol>\n<p><b>Exclus\u00f5es<\/b><\/p>\n<ol>\n<li>Gorjetas<\/li>\n<\/ol>\n<p>&nbsp;<\/p>\n<h4><em><strong>Partida e Retorno<\/strong><\/em><\/h4>\n<p>O servi\u00e7o de busca no hotel \u00e9 oferecido para este passeio. Em Notas Basta escrever o nome do hotel para busc\u00e1-lo. Buscamos em todos os hot\u00e9is de Punta Cana.<\/p>\n<p>&nbsp;<\/p>\n<h3>Observa\u00e7\u00e3o de baleias em Saman\u00e1 + Cayo Levantado (Ilha Bacardi) + Cachoeiras Lim\u00f3n de Miches.<\/h3>\n<h4><b><i>O que esperar?<\/i><\/b><\/h4>\n<p>Aproxime-se dos gentis gigantes do mar da Rep\u00fablica Dominicana durante esta excurs\u00e3o de 12 horas para observa\u00e7\u00e3o de baleias jubarte na Ba\u00eda de Saman\u00e1. Passe um dia inesquec\u00edvel observando as milhares de baleias que migram para a ilha todos os anos para acasalar, alimentar-se e brincar em suas \u00e1guas tropicais quentes. Ao observar essas belas criaturas, voc\u00ea desfrutar\u00e1 de informa\u00e7\u00f5es exclusivas do seu guia especializado em observa\u00e7\u00e3o de baleias. Termine o dia com almo\u00e7o inclu\u00eddo e tempo de praia na bela Ilha Cayo Levantado. O transporte de ida e volta do hotel tamb\u00e9m est\u00e1 inclu\u00eddo.<\/p>\n<p>Das 9h00 \u00e0s 12h00 Observat\u00f3rio de observa\u00e7\u00e3o de baleias e Ap\u00f3s esta viagem \u00e0 baleia, visitaremos a Ilha Bacardi \/ Cayo Levantado. Na Ilha Bacardi, ser\u00e1 servido um buffet de almo\u00e7o t\u00edpico dominicano (arroz, feij\u00e3o, peixe, saladas\u2026). Quando o almo\u00e7o terminar, voc\u00ea poder\u00e1 nadar e se preparar para ir \u00e0s cachoeiras de El limon at\u00e9 as 16h30. O passeio terminar\u00e1 \u00e0s 17:00 no mesmo porto de onde come\u00e7ar\u00e1 a bordo de nosso catamar\u00e3 e o \u00f4nibus de volta aos hot\u00e9is de Punta Cana.<\/p>\n<p><strong>Calend\u00e1rio:<\/strong><\/p>\n<p>6:00 \u2013 7:00 Pick up dos clientes nos diferentes hot\u00e9is<br \/>\n07:00 Partida para Las Canitas em Sabana de la Mar<br \/>\n08:15 Chegada ao cais privado<br \/>\n08:15 \u2013 8:40 Hora do Pequeno Almo\u00e7o (sandu\u00edches, muffins, ch\u00e1, caf\u00e9, sumos)<br \/>\n8:45 Embarque para come\u00e7ar nossa jornada para o santu\u00e1rio das baleias jubarte em Samana<br \/>\n11:00 Procurar as baleias por um per\u00edodo de 45 minutos - Este \u00e9 o hor\u00e1rio seguido pelas regras do governo.<br \/>\n11:45 Siga para Cayo Levantado na Ba\u00eda de Samana<br \/>\n12:30 Chegada em Cayo Levantado<br \/>\n13:00 Hora do almo\u00e7o (buffet de almo\u00e7o, t\u00edpico dominicano)*<br \/>\n13h45 \u2013 15h30 Tempo livre em Cayo Levantado<br \/>\n15:00 \u2013 15:45 A bordo novamente em dire\u00e7\u00e3o a Miches<br \/>\n17:00 Chegada em Miches e partida para os hot\u00e9is em Punta Cana<br \/>\n19:30 \u2013 20:00 Chegada aos hot\u00e9is em Punta Cana<\/p>\n<p><strong>*Menu de almo\u00e7o (t\u00edpico dominicano)<br \/>\n<\/strong>Arroz, frango grelhado ou peixe grelhado, salada, legumes, fruta fresca.<\/p>\n<p><strong>*Os clientes que optarem por adicionar a parada na cachoeira El Limon ap\u00f3s a observa\u00e7\u00e3o de baleias passar\u00e3o para o an\u00fancio da cachoeira, ter\u00e3o menos tempo para gastar em Cayo Levantado.<\/strong><\/p>\n<p>Este passeio incluiu a parada em <strong>Cachoeira El Lim\u00f3n<\/strong>. Para reservar a mesma viagem e n\u00e3o ir \u00e0s cachoeiras, por favor\u00a0<a href=\"https:\/\/www.boattoursamana.com\/pt\/tours-excursions\/passeios-excursoes-samana-bay-dominican-republic\/whale-watching-2020-in-punta-cana-to-samana-bay-cayo-levantado-bacardi-island-from-hotels\/\">CLIQUE AQUI.<\/a><\/p>\n<p>&nbsp;<\/p>\n<h4><em><strong>O que voc\u00ea deve trazer?<\/strong><\/em><\/h4>\n<ul>\n<li>C\u00e2mera<\/li>\n<li>bot\u00f5es repelentes<\/li>\n<li>protetor solar<\/li>\n<li>Chap\u00e9u<\/li>\n<li>cal\u00e7as confort\u00e1veis<\/li>\n<li>sand\u00e1lias para a praia<\/li>\n<li>roupa de banho<\/li>\n<li>Dinheiro para lembran\u00e7as e gorjetas<\/li>\n<\/ul>\n<p>&nbsp;<\/p>\n<h4><b><i>Recolha no hotel<\/i><\/b><\/h4>\n<p>A retirada do hotel n\u00e3o \u00e9 oferecida para este passeio. Nas Notas Basta escolher op\u00e7\u00f5es extras no formul\u00e1rio de reserva para retirada em Punta Cana e escrever o nome do hotel para retirada. Recolhemos em todos os hot\u00e9is de Punta Cana.<\/p>\n<p>&nbsp;<\/p>\n<p><b>Observa\u00e7\u00e3o:<\/b> se voc\u00ea fizer a reserva dentro de 24 horas antes do hor\u00e1rio de partida do passeio\/excurs\u00e3o, podemos providenciar a retirada do hotel. Assim que sua compra for conclu\u00edda, enviaremos a voc\u00ea informa\u00e7\u00f5es de contato completas (n\u00famero de telefone, endere\u00e7o de e-mail, etc.) para que nosso guia tur\u00edstico local organize a retirada.<\/p>\n<h4><b><i>Informa\u00e7\u00e3o Adicional Confirma\u00e7\u00e3o<\/i><\/b><\/h4>\n<ol>\n<li>Os ingressos s\u00e3o o recibo ap\u00f3s o pagamento deste passeio. Voc\u00ea pode mostrar o pagamento em seu telefone.<\/li>\n<li>O ponto de encontro ser\u00e1 recebido ap\u00f3s o processo de reserva.<\/li>\n<li>As crian\u00e7as devem estar acompanhadas por um adulto.<\/li>\n<li>Acess\u00edvel a cadeiras de rodas<\/li>\n<li>Beb\u00eas devem sentar no colo<\/li>\n<li>A maioria dos viajantes pode participar<\/li>\n<\/ol>\n<h4><b><i>Pol\u00edtica de cancelamento<\/i><\/b><\/h4>\n<p>Para obter um reembolso total, cancele com pelo menos 74 horas de anteced\u00eancia da data de in\u00edcio da experi\u00eancia.<\/p>\n<\/div>\n<\/div>\n<\/div>\n<\/div>\n<\/div>\n<\/div>\n<\/div>\n<\/div>\n<\/div>\n<\/div>\n<\/div>\n<\/div>\n<div class=\"vc_row wpb_row vc_row-fluid\">\n<div class=\"wpb_column vc_column_container vc_col-sm-12\">\n<div class=\"vc_column-inner\">\n<div class=\"wpb_wrapper\">\n<div class=\"vc_empty_space\"><\/div>\n<div class=\"wpb_text_column wpb_content_element\">\n<div class=\"wpb_wrapper\">\n<h4>Contate-Nos?<\/h4>\n<h5><b><i>TOUR BALEIAS SAMAN\u00c1<\/i><\/b><\/h5>\n<p><em><strong>locais<\/strong>\u00a0e\u00a0<strong>nacionais<\/strong>\u00a0Guias tur\u00edsticos e servi\u00e7os aos h\u00f3spedes<\/em><\/p>\n<p><span class=\"text-turquoise\">Reservas:<\/span> \u00a0Passeios e Excurs\u00f5es no Dom. Representante.<\/p>\n<p>\ud83d\udcde Tel \/ Whatsapp\u00a0\u00a0\u00a0<a href=\"tel:+1-809-720-6035\">+ 1-809-720-6035<\/a>\u00a0.<\/p>\n<p>\ud83d\udce9\u00a0<a href=\"mailto:info@bookingadventures.com.do\">info@bookingadventures.com.do<\/a><\/p>\n<p><strong>Somos passeios privados de configura\u00e7\u00e3o flex\u00edvel por Whatsapp:\u00a0\u00a0<a href=\"tel:+18097206035\">+18097206035.<\/a><\/strong><\/p>\n<\/div>\n<\/div>\n<\/div>\n<\/div>\n<\/div>\n<\/div>\n\n\t\t<\/div>\n\t<\/div>\n<\/div><\/div><\/div>","protected":false},"excerpt":{"rendered":"<p>Da zona de Miches, desfrutaremos das belas paisagens da Cordilheira Oriental enquanto dirigimos ao norte de Punta Cana antes de chegar ao pequeno povoado de pescadores de Miches, na costa sul da ba\u00eda de Saman\u00e1. Voc\u00ea desfrutar\u00e1 de um r\u00e1pido caf\u00e9 da manh\u00e3 antes de embarcar no barco para Saman\u00e1. Navegaremos profundamente na ba\u00eda para observar baleias. Chegaremos primeiro a Cayo Levantado, tamb\u00e9m conhecida como Ilha Bacardi por causa de sua grande semelhan\u00e7a com as praias que o Bacardi Rum costumava usar para seus famosos comerciais.<\/p>\n<p>Cayo Levantado \u00e9 nada menos que um o\u00e1sis tropical \u2013 uma pequena ilha no meio do oceano com \u00e1guas azul-turquesa e areias brancas. Ap\u00f3s isso um Safari na Comunidade Saman\u00e1 at\u00e9 as cachoeiras. Nas Cataratas, El Lim\u00f3n se prepara para passeios a cavalo ou caminhadas. Esta \u00e9 uma aventura \u00fanica e completa.<\/p>\n<p>Este passeio inclui uma parada na Cachoeira Lim\u00f3n. Para reservar a mesma viagem e n\u00e3o ir \u00e0s cachoeiras por favor <a href=\"https:\/\/www.boattoursamana.com\/pt\/tours-excursions\/miches-samana-observacao-de-baleias-cayo-levantado-ilha-bacardi-cachoeiras-limon\/\">CLIQUE AQUI<\/a>.<\/p>\n<p>&nbsp;<\/p>\n<p><strong><em>Selecione a data da excurs\u00e3o:<\/em><\/strong><\/p>","protected":false},"featured_media":12008,"template":"","meta":[],"product_cat":[159,948,655,961,959,972,963,968,664],"product_tag":[631,184,328,480,296,380,428,649,327,222,527,313,199,526,458,342,650,524,276,529,528,274,525],"class_list":["post-15361","product","type-product","status-publish","has-post-thumbnail","hentry","product_cat-fees-entrace","product_cat-1-punta-cana","product_cat-1-samana","product_cat-el-limon-horseback-riding","product_cat-el-limon-punta-cana","product_cat-punta-cana-group-tours","product_cat-punta-cana-samana-day-trips","product_cat-punta-cana-whale-watching","product_cat-whale-watching-punta-cana","product_tag-631","product_tag-bacardi-island","product_tag-cayo-levantado-day-pass","product_tag-cheap-punta-cana-excursions","product_tag-day-trip-punta-cana","product_tag-el-limon-waterfall-and-bacardi-island-tour-from-punta-cana","product_tag-half-day-whale-watching-miches","product_tag-limon-from-punta-cana","product_tag-private-tours-samana","product_tag-punta-cana","product_tag-punta-cana-activities","product_tag-punta-cana-tours","product_tag-samana-bay","product_tag-samana-day-trip","product_tag-samana-day-trip-from-punta-cana","product_tag-samana-whale-watching","product_tag-waterfalls-punta-cana","product_tag-whale-punta-cana","product_tag-whale-samana","product_tag-whale-watching-2020","product_tag-whale-watching-2020-in-punta-cana-to-samana-bay-cayo-levantado-bacardi-island-from-hotels","product_tag-whale-watching-dominican-republic","product_tag-whale-watching-punta-cana"],"_links":{"self":[{"href":"https:\/\/www.boattoursamana.com\/pt\/wp-json\/wp\/v2\/product\/15361","targetHints":{"allow":["GET"]}}],"collection":[{"href":"https:\/\/www.boattoursamana.com\/pt\/wp-json\/wp\/v2\/product"}],"about":[{"href":"https:\/\/www.boattoursamana.com\/pt\/wp-json\/wp\/v2\/types\/product"}],"wp:featuredmedia":[{"embeddable":true,"href":"https:\/\/www.boattoursamana.com\/pt\/wp-json\/wp\/v2\/media\/12008"}],"wp:attachment":[{"href":"https:\/\/www.boattoursamana.com\/pt\/wp-json\/wp\/v2\/media?parent=15361"}],"wp:term":[{"taxonomy":"product_cat","embeddable":true,"href":"https:\/\/www.boattoursamana.com\/pt\/wp-json\/wp\/v2\/product_cat?post=15361"},{"taxonomy":"product_tag","embeddable":true,"href":"https:\/\/www.boattoursamana.com\/pt\/wp-json\/wp\/v2\/product_tag?post=15361"}],"curies":[{"name":"wp","href":"https:\/\/api.w.org\/{rel}","templated":true}]}}