{"id":8237,"date":"2019-03-17T11:06:09","date_gmt":"2019-03-17T11:06:09","guid":{"rendered":"https:\/\/www.ticketswhales.com\/?post_type=product&#038;p=8237"},"modified":"2023-10-06T11:05:58","modified_gmt":"2023-10-06T11:05:58","slug":"kayaking-in-los-haitises-with-tour-guide-from-cano-hondo-2","status":"publish","type":"product","link":"https:\/\/www.boattoursamana.com\/pt\/percorrer-2\/caiaque-em-los-haitises-com-guia-de-cano-hondo-2","title":{"rendered":"2 horas de caiaque Los Haitises"},"content":{"rendered":"<div class=\"vc_row wpb_row vc_row-fluid\" ><div class=\"wpb_column vc_column_container vc_col-sm-12\"><div class=\"vc_column-inner\"><div class=\"wpb_wrapper\"><div class=\"vc_btn3-container vc_btn3-inline\" ><a class=\"vc_general vc_btn3 vc_btn3-size-md vc_btn3-shape-rounded vc_btn3-style-modern vc_btn3-color-green\" href=\"https:\/\/bookingadventures.tours\/booking.php?tour_id=76244158e4bf48f84872b711d82fa754\" title=\"\" rel=\"noopener\">AGENDE AGORA<\/a><\/div><div class=\"mkdf-section-title-holder\" style=\"text-align: left\">\n\t<div class=\"mkdf-st-inner\">\n\t\t\t\t\t<h5 class=\"mkdf-st-subtitle\" >\n\t\t\t\tCaiaques e guia local\t\t\t<\/h5>\n\t\t\t\t\t\t\t<h3 class=\"mkdf-st-title\" >\n\t\t\t\tCaiaque no Parque Nacional Los Haitises com guia tur\u00edstico de Ca\u00f1o Hondo 2 horas\t\t\t<\/h3>\n\t\t\t\t\t<\/div>\n<\/div><\/div><\/div><\/div><\/div><div class=\"vc_row wpb_row vc_row-fluid\" ><div class=\"wpb_column vc_column_container vc_col-sm-12\"><div class=\"vc_column-inner\"><div class=\"wpb_wrapper\"><div class=\"vc_empty_space\"   style=\"height: 32px\"><span class=\"vc_empty_space_inner\"><\/span><\/div><\/div><\/div><\/div><\/div><div class=\"vc_row wpb_row vc_row-fluid\" ><div class=\"wpb_column vc_column_container vc_col-sm-12\"><div class=\"vc_column-inner\"><div class=\"wpb_wrapper\">\n\t<div class=\"wpb_text_column wpb_content_element\" >\n\t\t<div class=\"wpb_wrapper\">\n\t\t\t<h4><b><i>Vis\u00e3o geral <\/i><\/b><\/h4>\n<p>Caiaque Manguezais no Parque Nacional Los Haitises com um guia tur\u00edstico local 2 horas. Visitando os manguezais no rio Cano Hondo, al\u00e9m de uma vis\u00e3o geral da ba\u00eda de San Lorenzo no parque nacional Los Haitises, \u00e1rea de Sabana de la mar Cano Hondo. Caso voc\u00ea goste mais: <a href=\"https:\/\/www.boattoursamana.com\/pt\/tours-excursions\/caiaque\/caiaque-em-los-haitises-com-guia-de-cano-hondo-4-horas\/\"><strong>Caiaque 4 horas em Los Haitises.<\/strong><\/a><\/p>\n<ul>\n<li style=\"font-weight: 400;\"><span style=\"font-weight: 400;\">O guia fornece instru\u00e7\u00e3o e supervis\u00e3o<\/span><\/li>\n<li>Caiaques e Remos dispon\u00edveis Doble para duas pessoas e Simples para apenas uma pessoa.<\/li>\n<\/ul>\n<p>&nbsp;<\/p>\n<h4><b>Inclus\u00f5es e Exclus\u00f5es<\/b><\/h4>\n<p>&nbsp;<\/p>\n<p><b>Inclus\u00f5es<\/b><\/p>\n<p>&nbsp;<\/p>\n<ol>\n<li style=\"font-weight: 400;\">passeio de caiaque<\/li>\n<li style=\"font-weight: 400;\"><span style=\"font-weight: 400;\">Todos os impostos, taxas e encargos de manuseio<\/span><\/li>\n<li style=\"font-weight: 400;\"><span style=\"font-weight: 400;\">Impostos locais<\/span><\/li>\n<li style=\"font-weight: 400;\"><span style=\"font-weight: 400;\">Guia local<\/span><\/li>\n<\/ol>\n<p><b> Exclus\u00f5es<\/b><\/p>\n<ol>\n<li style=\"font-weight: 400;\"><span style=\"font-weight: 400;\">Gorjetas<\/span><\/li>\n<li style=\"font-weight: 400;\"><span style=\"font-weight: 400;\">Transferir<\/span><\/li>\n<li>O almo\u00e7o n\u00e3o est\u00e1 inclu\u00eddo<\/li>\n<li>Cavernas n\u00e3o est\u00e3o inclu\u00eddas<\/li>\n<li style=\"font-weight: 400;\"><span style=\"font-weight: 400;\">Bebidas Alco\u00f3licas<\/span><\/li>\n<\/ol>\n<p>&nbsp;<\/p>\n<h4><em><strong>Partida e Retorno<\/strong><\/em><\/h4>\n<p><span style=\"font-weight: 400;\">O viajante receber\u00e1 um ponto de encontro ap\u00f3s o processo de reserva. Os passeios come\u00e7am e terminam em nossos pontos de encontro.<\/span><\/p>\n<p>&nbsp;<\/p>\n<h4><b><i>O que esperar?<\/i><\/b><\/h4>\n<p>&nbsp;<\/p>\n<p><em><strong>Pegue seus ingressos<\/strong><\/em> para visitar 2 horas de caiaque na floresta do rio Ca\u00f1o Hondo (manguezais) com os guias tur\u00edsticos locais.<\/p>\n<p>Quando obtivermos todos os tipos de equipamentos necess\u00e1rios para sua seguran\u00e7a (coletes salva-vidas, etc.), a a\u00e7\u00e3o come\u00e7ar\u00e1 em Caiaque no rio Ca\u00f1o Hondo.<\/p>\n<p><span style=\"font-weight: 400;\">O passeio, organizado pela \u201cBooking Adventures\u201d inicia-se no ponto de encontro definido com o Guia Tur\u00edstico. <\/span>Andando de caiaque e passando por manguezais, passando por antigas cavernas de piratas e florestas protegidas nesta pitoresca reserva, come\u00e7ando na \u00e1rea de Cano Hondo Hotels ou em Sabana de la Mar,<\/p>\n<div class=\"body-description secondary\">\n<p>Venha com a Booking Adventures e comece a conferir alguns manguezais repletos de p\u00e1ssaros, colinas ondulantes de vegeta\u00e7\u00e3o exuberante e cavernas de <em><strong>Parque Nacional Los Haitises<\/strong><\/em>. Fazendo uma excurs\u00e3o de caiaque do rio Cano Hondo, Sabana de la Mar. Atrav\u00e9s dos manguezais e terras na ba\u00eda aberta de San Lorenzo, de onde voc\u00ea pode fotografar a paisagem florestal acidentada. Olhe para a \u00e1gua para detectar <em><strong>peixe-boi<\/strong><\/em>, crust\u00e1ceos e <em><strong>golfinhos.<\/strong><\/em><\/p>\n<p>Caso voc\u00ea goste desta viagem mais longa, temos uma segunda op\u00e7\u00e3o: <a href=\"https:\/\/www.boattoursamana.com\/pt\/tours-excursions\/caiaque\/caiaque-em-los-haitises-com-guia-de-cano-hondo-4-horas\/\"><em><strong>Caiaque em Los Haitises 4 horas<\/strong><\/em><\/a><\/p>\n<p>O Tour termina no ponto de partida no Parque Nacional Los Haitises. Recomendamos esta viagem \u00e0s 6h00, caso voc\u00ea goste de ver <em><strong>peixe-boi<\/strong><\/em>, crust\u00e1ceos e <em><strong>golfinhos.<\/strong><\/em><\/p>\n<\/div>\n<p><em><strong>6:00 DA MANH\u00c3<\/strong><\/em> \u00e9 cedo, ent\u00e3o ainda n\u00e3o h\u00e1 barcos no Parque Nacional Los Haitises.<\/p>\n<h4><em><strong>O que voc\u00ea deve trazer?<\/strong><\/em><\/h4>\n<ul>\n<li style=\"font-weight: 400;\"><span style=\"font-weight: 400;\">C\u00e2mera<\/span><\/li>\n<li style=\"font-weight: 400;\"><span style=\"font-weight: 400;\">bot\u00f5es repelentes<\/span><\/li>\n<li style=\"font-weight: 400;\"><span style=\"font-weight: 400;\">protetor solar<\/span><\/li>\n<li style=\"font-weight: 400;\"><span style=\"font-weight: 400;\">Chap\u00e9u<\/span><\/li>\n<li style=\"font-weight: 400;\"><span style=\"font-weight: 400;\">cal\u00e7as confort\u00e1veis<\/span><\/li>\n<li style=\"font-weight: 400;\"><span style=\"font-weight: 400;\">Sand\u00e1lias\u00a0<\/span><\/li>\n<li style=\"font-weight: 400;\"><span style=\"font-weight: 400;\">roupa de banho<\/span><\/li>\n<\/ul>\n<p>&nbsp;<\/p>\n<h4><b><i>Recolha no hotel <\/i><\/b><\/h4>\n<p><span style=\"font-weight: 400;\">O servi\u00e7o de busca no hotel n\u00e3o \u00e9 oferecido para este passeio. <\/span><\/p>\n<p>&nbsp;<\/p>\n<p><b>Observa\u00e7\u00e3o:<\/b><span style=\"font-weight: 400;\"> se voc\u00ea fizer a reserva dentro de 24 horas antes do hor\u00e1rio de partida do passeio\/excurs\u00e3o, podemos providenciar a retirada do hotel com custos extras. Assim que sua compra for conclu\u00edda, enviaremos a voc\u00ea informa\u00e7\u00f5es de contato completas (n\u00famero de telefone, endere\u00e7o de e-mail, etc.) para que nosso guia tur\u00edstico local organize as provid\u00eancias de coleta.<\/span><\/p>\n<h4><b><i>Informa\u00e7\u00e3o Adicional Confirma\u00e7\u00e3o <\/i><\/b><\/h4>\n<ol>\n<li>Os ingressos s\u00e3o o recibo ap\u00f3s o pagamento deste passeio. Voc\u00ea pode mostrar o pagamento em seu telefone.<\/li>\n<li style=\"font-weight: 400;\"><span style=\"font-weight: 400;\">O ponto de encontro ser\u00e1 recebido ap\u00f3s o processo de reserva.<\/span><\/li>\n<li style=\"font-weight: 400;\"><span style=\"font-weight: 400;\">As crian\u00e7as devem estar acompanhadas por um adulto.<\/span><\/li>\n<li style=\"font-weight: 400;\"><span style=\"font-weight: 400;\"> N\u00e3o acess\u00edvel para cadeira de rodas <\/span><\/li>\n<li style=\"font-weight: 400;\"><span style=\"font-weight: 400;\">Beb\u00eas devem sentar no colo <\/span><\/li>\n<li style=\"font-weight: 400;\"><span style=\"font-weight: 400;\">N\u00e3o recomendado para viajantes com problemas nas costas<\/span><\/li>\n<li style=\"font-weight: 400;\"><span style=\"font-weight: 400;\">N\u00e3o recomendado para viajantes gr\u00e1vidas <\/span><\/li>\n<li style=\"font-weight: 400;\"><span style=\"font-weight: 400;\"> Sem problemas card\u00edacos ou outras condi\u00e7\u00f5es m\u00e9dicas graves <\/span><\/li>\n<li style=\"font-weight: 400;\"><span style=\"font-weight: 400;\">A maioria dos viajantes pode participar<\/span><\/li>\n<\/ol>\n<h4><b><i>Pol\u00edtica de cancelamento<\/i><\/b><\/h4>\n<p>Para um reembolso total, leia nossas pol\u00edticas de cancelamento\u00a0<a href=\"https:\/\/www.boattoursamana.com\/pt\/marcacao-online\/\" target=\"_blank\" rel=\"noopener\" data-saferedirecturl=\"https:\/\/www.google.com\/url?q=https:\/\/www.boattoursamana.com\/online-booking\/&amp;source=gmail&amp;ust=1672532492004000&amp;usg=AOvVaw3ylqI1cdbIPTimEqEWneyd\">Clique aqui<\/a>. Os fundos ser\u00e3o perdidos se a reserva for cancelada no mesmo dia da viagem.<\/p>\n\n\t\t<\/div>\n\t<\/div>\n\n\t<div class=\"wpb_video_widget wpb_content_element vc_clearfix   vc_video-aspect-ratio-169 vc_video-el-width-100 vc_video-align-left\" >\n\t\t<div class=\"wpb_wrapper\">\n\t\t\t<h2 class=\"wpb_heading wpb_video_heading\">Passeios de caiaque em Los Haitises<\/h2>\n\t\t\t<div class=\"wpb_video_wrapper\"><iframe loading=\"lazy\" title=\"Passeio de caiaque e espeleologia no Parque Nacional Los Haitises, Rep\u00fablica Dominicana\" width=\"1100\" height=\"619\" src=\"https:\/\/www.youtube.com\/embed\/ucU1uwB57wQ?feature=oembed\" frameborder=\"0\" allow=\"accelerometer; autoplay; clipboard-write; encrypted-media; gyroscope; picture-in-picture; web-share\" allowfullscreen><\/iframe><\/div>\n\t\t<\/div>\n\t<\/div>\n<div class=\"vc_btn3-container vc_btn3-inline\" ><a class=\"vc_general vc_btn3 vc_btn3-size-md vc_btn3-shape-rounded vc_btn3-style-modern vc_btn3-color-green\" href=\"https:\/\/bookingadventures.tours\/booking.php?tour_id=76244158e4bf48f84872b711d82fa754\" title=\"\" rel=\"noopener\">AGENDE AGORA<\/a><\/div><\/div><\/div><\/div><\/div><div class=\"vc_row wpb_row vc_row-fluid\" ><div class=\"wpb_column vc_column_container vc_col-sm-12\"><div class=\"vc_column-inner\"><div class=\"wpb_wrapper\"><\/div><\/div><\/div><\/div><div class=\"vc_row wpb_row vc_row-fluid\" ><div class=\"wpb_column vc_column_container vc_col-sm-12\"><div class=\"vc_column-inner\"><div class=\"wpb_wrapper\"><div class=\"vc_empty_space\"   style=\"height: 32px\"><span class=\"vc_empty_space_inner\"><\/span><\/div>\n\t<div class=\"wpb_text_column wpb_content_element\" >\n\t\t<div class=\"wpb_wrapper\">\n\t\t\t<h4>Contate-Nos?<\/h4>\n<h5><em><strong>Reservando aventuras<\/strong><\/em><\/h5>\n<p><em><strong>locais<\/strong> e <strong>nacionais<\/strong> Guias tur\u00edsticos e servi\u00e7os aos h\u00f3spedes<\/em><\/p>\n<p><span class=\"text-turquoise\">Reservas:<\/span> Passeios e Excurs\u00f5es em Dom. Rep.<\/p>\n<p><img decoding=\"async\" class=\"emoji\" draggable=\"false\" src=\"https:\/\/s.w.org\/images\/core\/emoji\/11.2.0\/svg\/1f4de.svg\" alt=\"\ud83d\udcde\" title=\"\"> Tel\/Whatsapp\u00a0 <a href=\"tel:+1-809-720-6035\">+1-809-720-6035<\/a>.<\/p>\n<p><img decoding=\"async\" class=\"emoji\" draggable=\"false\" src=\"https:\/\/s.w.org\/images\/core\/emoji\/11.2.0\/svg\/1f4e9.svg\" alt=\"\ud83d\udce9\" title=\"\"> <a href=\"mailto:info@bookingadventures.com.do\">info@bookingadventures.com.do<\/a><\/p>\n<p><strong>Somos Tours Privados com Configura\u00e7\u00e3o Flex\u00edvel por Whatsapp: <a href=\"tel:+18097206035\">+18097206035.<\/a><\/strong><\/p>\n\n\t\t<\/div>\n\t<\/div>\n<div class=\"vc_empty_space\"   style=\"height: 32px\"><span class=\"vc_empty_space_inner\"><\/span><\/div><\/div><\/div><\/div><\/div><div class=\"vc_row wpb_row vc_row-fluid\" ><div class=\"wpb_column vc_column_container vc_col-sm-12\"><div class=\"vc_column-inner\"><div class=\"wpb_wrapper\"><div class=\"vc_btn3-container vc_btn3-inline\" ><a class=\"vc_general vc_btn3 vc_btn3-size-md vc_btn3-shape-rounded vc_btn3-style-modern vc_btn3-color-green\" href=\"https:\/\/bookingadventures.tours\/booking.php?tour_id=76244158e4bf48f84872b711d82fa754\" title=\"\" rel=\"noopener\">AGENDE AGORA<\/a><\/div><\/div><\/div><\/div><\/div>","protected":false},"excerpt":{"rendered":"<p>Excurs\u00e3o ao Parque Nacional Los Haitises partindo dos hot\u00e9is Sabana de la Mar ou Ca\u00f1o Hondo. Caiaque nos manguezais no Parque Nacional Los Haitises com um guia tur\u00edstico local. Visita aos manguezais no rio Ca\u00f1o Hondo e uma vis\u00e3o geral da Ba\u00eda de San Lorenzo no Parque Nacional Los Haitises, \u00e1rea de Sabana de la Mar Ca\u00f1o Hondo. Se voc\u00ea estiver interessado em visitar tamb\u00e9m as cavernas, reserve 4 horas de caiaque <a href=\"https:\/\/www.boattoursamana.com\/pt\/tours-excursions\/caiaque\/caiaque-em-los-haitises-com-guia-de-cano-hondo-4-horas\/\">viagem aqui.<\/a><\/p>\n<ul>\n<li style=\"font-weight: 400;\"><span style=\"font-weight: 400;\">O guia fornece instru\u00e7\u00e3o e supervis\u00e3o<\/span><\/li>\n<li>Caiaques e Remos dispon\u00edveis Doble para duas pessoas e Simples para apenas uma pessoa.<\/li>\n<\/ul>\n<p>&nbsp;<\/p>\n<p>Defina este passeio com uma trilha de caminhada e aprenda sobre a hist\u00f3ria do Parque Nacional Los Haitises com os locais.<\/p>\n<p>&nbsp;<\/p>\n<p><strong>Por favor, selecione a data para o passeio\u00a0<\/strong><\/p>","protected":false},"featured_media":8238,"template":"","meta":[],"product_cat":[254,946,168,178,218,934,170,169,191,253,255],"product_tag":[176,211,442,192,319,318,317,316,171,209,175,200,187],"class_list":["post-8237","product","type-product","status-publish","has-post-thumbnail","hentry","product_cat-tours-excursions-los-haitises-national-park","product_cat-1-sabana-de-la-mar","product_cat-caves","product_cat-hiking","product_cat-kayaking","product_cat-kayaking-los-haitises","product_cat-local-tour-guides","product_cat-mangroves","product_cat-swimming-natural-springs","product_cat-tours-and-excursions","product_cat-tours-excursions-samana-bay-dominican-republic","product_tag-cano-hondo","product_tag-cano-hondo-hotel","product_tag-cano-hondo-river","product_tag-day-tour-cano-hondo","product_tag-kayak-dominican-republic","product_tag-kayak-los-haitises","product_tag-kayak-tour","product_tag-kayaking","product_tag-los-haitises","product_tag-los-haitises-national-park","product_tag-sabana-de-la-mar","product_tag-samana-excursions","product_tag-samana-tours"],"_links":{"self":[{"href":"https:\/\/www.boattoursamana.com\/pt\/wp-json\/wp\/v2\/product\/8237","targetHints":{"allow":["GET"]}}],"collection":[{"href":"https:\/\/www.boattoursamana.com\/pt\/wp-json\/wp\/v2\/product"}],"about":[{"href":"https:\/\/www.boattoursamana.com\/pt\/wp-json\/wp\/v2\/types\/product"}],"wp:featuredmedia":[{"embeddable":true,"href":"https:\/\/www.boattoursamana.com\/pt\/wp-json\/wp\/v2\/media\/8238"}],"wp:attachment":[{"href":"https:\/\/www.boattoursamana.com\/pt\/wp-json\/wp\/v2\/media?parent=8237"}],"wp:term":[{"taxonomy":"product_cat","embeddable":true,"href":"https:\/\/www.boattoursamana.com\/pt\/wp-json\/wp\/v2\/product_cat?post=8237"},{"taxonomy":"product_tag","embeddable":true,"href":"https:\/\/www.boattoursamana.com\/pt\/wp-json\/wp\/v2\/product_tag?post=8237"}],"curies":[{"name":"wp","href":"https:\/\/api.w.org\/{rel}","templated":true}]}}