{"id":8850,"date":"2019-06-11T10:34:00","date_gmt":"2019-06-11T10:34:00","guid":{"rendered":"https:\/\/www.ticketswhales.com\/?post_type=product&#038;p=8850"},"modified":"2023-03-20T10:20:15","modified_gmt":"2023-03-20T10:20:15","slug":"ridgways-hawk-tour-bird-watching-los-haitises-national-park-tour","status":"publish","type":"product","link":"https:\/\/www.boattoursamana.com\/pt\/percorrer-2\/ridgways-hawk-tour-bird-watching-los-haitises-national-park-tour","title":{"rendered":"Ridgway&#039;s Hawk Tour - Observa\u00e7\u00e3o de p\u00e1ssaros Excurs\u00e3o ao Parque Nacional Los Haitises"},"content":{"rendered":"<div class=\"vc_row wpb_row vc_row-fluid\" ><div class=\"wpb_column vc_column_container vc_col-sm-12\"><div class=\"vc_column-inner\"><div class=\"wpb_wrapper\"><div class=\"mkdf-section-title-holder\" style=\"text-align: left\">\n\t<div class=\"mkdf-st-inner\">\n\t\t\t\t\t<h5 class=\"mkdf-st-subtitle\" >\n\t\t\t\tObserva\u00e7\u00e3o de p\u00e1ssaros no Parque Nacional Los Haitises\t\t\t<\/h5>\n\t\t\t\t\t\t\t<h3 class=\"mkdf-st-title\" >\n\t\t\t\tPasseio Falc\u00e3o de Ridgway\t\t\t<\/h3>\n\t\t\t\t\t<\/div>\n<\/div><\/div><\/div><\/div><\/div><div class=\"vc_row wpb_row vc_row-fluid\" ><div class=\"wpb_column vc_column_container vc_col-sm-12\"><div class=\"vc_column-inner\"><div class=\"wpb_wrapper\"><div class=\"vc_btn3-container vc_btn3-inline\" ><button class=\"vc_general vc_btn3 vc_btn3-size-md vc_btn3-shape-rounded vc_btn3-style-modern vc_btn3-color-green\">AGENDE AGORA<\/button><\/div>\n\t<div class=\"wpb_text_column wpb_content_element\" >\n\t\t<div class=\"wpb_wrapper\">\n\t\t\t<h4><b><i>Vis\u00e3o geral <\/i><\/b><\/h4>\n<section><\/section>\n<p>O Falc\u00e3o de Ridgway \u00e9 uma esp\u00e9cie criticamente amea\u00e7ada de rapina diurna end\u00eamica da Ilha de Hispaniola. Cem anos atr\u00e1s, o falc\u00e3o foi encontrado em toda a Hispaniola, mas hoje a \u00fanica popula\u00e7\u00e3o reprodutora remanescente de cerca de 300 indiv\u00edduos \u00e9 encontrada no Parque Nacional Los Haitises, na Rep\u00fablica Dominicana.<\/p>\n<p>O Parque Nacional Los Haitises \u00e9 um destino popular para os amantes da natureza e observadores de p\u00e1ssaros devido \u00e0 maior import\u00e2ncia para a biodiversidade e riqueza da fauna, tanto em termos de endemismo quanto de n\u00famero de esp\u00e9cies. Nosso foco principal \u00e9 localizar todos os falc\u00f5es nas \u00e1reas de Cano Hondo.<\/p>\n<p>Estamos conservando o falc\u00e3o de Ridgway no Parque Nacional Los Haitises, onde voc\u00ea pode ver o habitat e a interessante hist\u00f3ria dos falc\u00f5es de Ridgway nas trilhas da floresta tropical. Conhecemos os habitats dos pontos para Ridgway&#039;s e Ashy Faced Owls. Porque h\u00e1 mais de 15 anos como volunt\u00e1rios trabalhamos pela prote\u00e7\u00e3o desses casais e indiv\u00edduos dessa comunidade.<\/p>\n<p>Al\u00e9m disso, voc\u00ea pode ver outras esp\u00e9cies end\u00eamicas ao redor do Parque. Este passeio \u00e9 focado na natureza e \u00e9 mais concentrado nas informa\u00e7\u00f5es sobre a vida selvagem. Geralmente \u00e9 privado.<\/p>\n<h4><\/h4>\n<h4><b>Inclus\u00f5es e Exclus\u00f5es<\/b><\/h4>\n<p><b>Inclus\u00f5es<\/b><\/p>\n<ol>\n<li style=\"font-weight: 400;\">Passeio Birdwatching + Cavernas e Pictogramas<\/li>\n<li style=\"font-weight: 400;\"><span style=\"font-weight: 400;\">Todos os impostos, taxas e encargos de manuseio<\/span><\/li>\n<li style=\"font-weight: 400;\"><span style=\"font-weight: 400;\">Impostos locais<\/span><\/li>\n<li style=\"font-weight: 400;\">Oficiais Guias tur\u00edsticos ecologistas<\/li>\n<\/ol>\n<p><b> Exclus\u00f5es<\/b><\/p>\n<ol>\n<li style=\"font-weight: 400;\"><span style=\"font-weight: 400;\">Gorjetas<\/span><\/li>\n<li style=\"font-weight: 400;\"><span style=\"font-weight: 400;\">Transferir<\/span><\/li>\n<li style=\"font-weight: 400;\"><span style=\"font-weight: 400;\">Bebida<\/span><\/li>\n<\/ol>\n<p>&nbsp;<\/p>\n<h4><em><strong>Partida e Retorno<\/strong><\/em><\/h4>\n<p><span style=\"font-weight: 400;\">O passeio, organizado pela \u201cBooking Adventures\u201d inicia-se no ponto de encontro definido com o Guia Tur\u00edstico. O viajante receber\u00e1 um ponto de encontro ap\u00f3s o processo de reserva. Os passeios come\u00e7am e terminam em nossos pontos de encontro.<\/span><\/p>\n<p>&nbsp;<\/p>\n<h4><b><i>O que esperar?<\/i><\/b><\/h4>\n<p><em><strong>Pegue seu ingresso<\/strong><\/em> por conservar o Ridgway&#039;s Hawk no Parque Nacional Los Haitises.<\/p>\n<p>Esta excurs\u00e3o come\u00e7a no ponto de encontro, caminhando pelas trilhas de Ridgway at\u00e9 as \u00e1reas de nidifica\u00e7\u00e3o. Ap\u00f3s 30 minutos de caminhada e observa\u00e7\u00e3o dos falc\u00f5es, temos a op\u00e7\u00e3o de continuar caminhando e verificar papagaios, piculets e outras esp\u00e9cies end\u00eamicas no Parque Nacional Los Haitises.<\/p>\n<p>O Parque Nacional Los Haitises tem apenas duas Trilhas para Observa\u00e7\u00e3o de P\u00e1ssaros em Sabana de la Mar. No caminho para o Parque Nacional Los Hiatises, paramos em alguns pontos para ver mais p\u00e1ssaros.<\/p>\n<p>Estive na ba\u00eda de San Lorenzo. visitaremos duas Cavernas, a Caverna Triste chamada em espanhol Cueva de la Arena; nesta Gruta, podemos ver os petr\u00f3grafos das comunidades Tainos que se alojaram nesta \u00e1rea. e usando as cavernas como um templo.<\/p>\n<p>Depois disso, seguimos para a Caverna Linea, esta com 2.243 pictogramas originais e nosso guia tur\u00edstico explica as informa\u00e7\u00f5es do arque\u00f3logo sobre esses pictogramas.<\/p>\n<p>Tomando o barco de volta para a ilha de Pajaros (Ilha dos P\u00e1ssaros), onde podemos ver a maioria dos p\u00e1ssaros das zonas \u00famidas ao redor do Parque Nacional Los Haitises. S\u00f3 porque nem todos os p\u00e1ssaros est\u00e3o na \u00e1gua.<\/p>\n<p>Ap\u00f3s 4,5 horas aprendendo sobre as aves no Parque Nacional Los Haitises, esta excurs\u00e3o termina no mesmo lugar em que come\u00e7ou.<\/p>\n<p><strong>Nota: Estes passeios s\u00e3o realizados com guias Ecologistas Oficiais do Parque Nacional Los Haitises. Por favor, deixe-nos saber quando voc\u00ea est\u00e1 planejando nos visitar!<\/strong><\/p>\n<p>&nbsp;<\/p>\n<h4><em><strong>O que voc\u00ea deve trazer?<\/strong><\/em><\/h4>\n<ul>\n<li style=\"font-weight: 400;\"><span style=\"font-weight: 400;\">C\u00e2mera<\/span><\/li>\n<li>Binocular<\/li>\n<li style=\"font-weight: 400;\"><span style=\"font-weight: 400;\">bot\u00f5es repelentes<\/span><\/li>\n<li style=\"font-weight: 400;\"><span style=\"font-weight: 400;\">protetor solar<\/span><\/li>\n<li style=\"font-weight: 400;\"><span style=\"font-weight: 400;\">Chap\u00e9u<\/span><\/li>\n<li style=\"font-weight: 400;\"><span style=\"font-weight: 400;\">cal\u00e7as confort\u00e1veis<\/span><\/li>\n<li style=\"font-weight: 400;\"><span style=\"font-weight: 400;\">Sapatos de caminhada para a floresta<\/span><\/li>\n<li style=\"font-weight: 400;\"><span style=\"font-weight: 400;\">Sand\u00e1lias para as zonas de Primavera.<\/span><\/li>\n<li style=\"font-weight: 400;\"><span style=\"font-weight: 400;\">roupa de banho<\/span><\/li>\n<\/ul>\n<p>&nbsp;<\/p>\n<h4><b><i>Recolha no hotel <\/i><\/b><\/h4>\n<p><span style=\"font-weight: 400;\">O servi\u00e7o de busca no hotel n\u00e3o \u00e9 oferecido para este passeio. <\/span><\/p>\n<p>&nbsp;<\/p>\n<p><b>Observa\u00e7\u00e3o:<\/b><span style=\"font-weight: 400;\"> Se voc\u00ea fizer a reserva dentro de 24 horas antes do hor\u00e1rio de partida da excurs\u00e3o\/excurs\u00e3o, podemos providenciar a retirada do hotel com custos extras. Assim que sua compra for conclu\u00edda, enviaremos a voc\u00ea informa\u00e7\u00f5es de contato completas (n\u00famero de telefone, endere\u00e7o de e-mail, etc.) para que nosso guia tur\u00edstico local organize as provid\u00eancias de coleta.<\/span><\/p>\n<h4><b><i>Informa\u00e7\u00e3o Adicional Confirma\u00e7\u00e3o <\/i><\/b><\/h4>\n<ol>\n<li>Os ingressos s\u00e3o o recibo ap\u00f3s o pagamento deste passeio. Voc\u00ea pode mostrar o pagamento em seu telefone.<\/li>\n<li style=\"font-weight: 400;\"><span style=\"font-weight: 400;\">O ponto de encontro ser\u00e1 recebido ap\u00f3s o processo de reserva.<\/span><\/li>\n<li style=\"font-weight: 400;\"><span style=\"font-weight: 400;\">As crian\u00e7as devem estar acompanhadas por um adulto.<\/span><\/li>\n<li style=\"font-weight: 400;\"><span style=\"font-weight: 400;\"> N\u00e3o acess\u00edvel para cadeira de rodas <\/span><\/li>\n<li style=\"font-weight: 400;\"><span style=\"font-weight: 400;\">Beb\u00eas devem sentar no colo <\/span><\/li>\n<li style=\"font-weight: 400;\"><span style=\"font-weight: 400;\">N\u00e3o recomendado para viajantes com problemas nas costas<\/span><\/li>\n<li style=\"font-weight: 400;\"><span style=\"font-weight: 400;\">N\u00e3o recomendado para viajantes gr\u00e1vidas <\/span><\/li>\n<li style=\"font-weight: 400;\"><span style=\"font-weight: 400;\"> Sem problemas card\u00edacos ou outras condi\u00e7\u00f5es m\u00e9dicas graves <\/span><\/li>\n<li style=\"font-weight: 400;\"><span style=\"font-weight: 400;\">A maioria dos viajantes pode participar<\/span><\/li>\n<\/ol>\n<p>Este passeio \u00e9 oferecido para um m\u00ednimo de 2 pessoas e um m\u00e1ximo de 15 pessoas. Em caso de menos pessoas, por favor contacte-nos.<\/p>\n<h4><b><i>Pol\u00edtica de cancelamento<\/i><\/b><\/h4>\n<p>Para um reembolso total, leia nossas pol\u00edticas de cancelamento\u00a0<a href=\"https:\/\/www.boattoursamana.com\/pt\/marcacao-online\/\" target=\"_blank\" rel=\"noopener\" data-saferedirecturl=\"https:\/\/www.google.com\/url?q=https:\/\/www.boattoursamana.com\/online-booking\/&amp;source=gmail&amp;ust=1672529771100000&amp;usg=AOvVaw2NIGJBZ0qjB5RhPUl5Obc7\">Clique aqui<\/a>. Os fundos ser\u00e3o perdidos se a reserva for cancelada no mesmo dia da viagem.<\/p>\n\n\t\t<\/div>\n\t<\/div>\n<\/div><\/div><\/div><\/div><div class=\"vc_row wpb_row vc_row-fluid\" ><\/div><div class=\"wpb_column vc_column_container vc_col-sm-12\"><div class=\"vc_column-inner\"><div class=\"wpb_wrapper\"><\/div><\/div><\/div><div class=\"vc_empty_space\"   style=\"height: 32px\"><span class=\"vc_empty_space_inner\"><\/span><\/div><div class=\"vc_empty_space\"   style=\"height: 32px\"><span class=\"vc_empty_space_inner\"><\/span><\/div><div class=\"vc_row wpb_row vc_row-fluid\" ><div class=\"wpb_column vc_column_container vc_col-sm-12\"><div class=\"vc_column-inner\"><div class=\"wpb_wrapper\"><div class=\"vc_btn3-container vc_btn3-inline\" ><button class=\"vc_general vc_btn3 vc_btn3-size-md vc_btn3-shape-rounded vc_btn3-style-modern vc_btn3-color-green\">AGENDE AGORA<\/button><\/div><\/div><\/div><\/div><\/div>","protected":false},"excerpt":{"rendered":"<p><span style=\"vertical-align: inherit;\"><span style=\"vertical-align: inherit;\">Viagem ecol\u00f3gica ao Parque Nacional Los Haitises com um guia tur\u00edstico local. <\/span><span style=\"vertical-align: inherit;\">Visite os balc\u00f5es de Ridgway no Parque Nacional Los Haitises e as \u00e1reas hist\u00f3ricas de Sabana de la Mar no Parque Nacional Los Haitises.<\/span><\/span><\/p>\n<p>&nbsp;<\/p>\n<p><em><strong><span style=\"vertical-align: inherit;\"><span style=\"vertical-align: inherit;\">Selecione a data para o tour\u00a0<\/span><\/span><\/strong><\/em><\/p>","protected":false},"featured_media":12258,"template":"","meta":[],"product_cat":[255,946,932,927,253,254],"product_tag":[237,236,171,209,239,238,175,186,199,240],"class_list":["post-8850","product","type-product","status-publish","has-post-thumbnail","hentry","product_cat-tours-excursions-samana-bay-dominican-republic","product_cat-1-sabana-de-la-mar","product_cat-birdwatching-los-haitises","product_cat-hiking-los-haitises","product_cat-tours-and-excursions","product_cat-tours-excursions-los-haitises-national-park","product_tag-birding","product_tag-birdwatching","product_tag-los-haitises","product_tag-los-haitises-national-park","product_tag-nature","product_tag-ridgways-hawk","product_tag-sabana-de-la-mar","product_tag-samana","product_tag-samana-bay","product_tag-wildlife"],"_links":{"self":[{"href":"https:\/\/www.boattoursamana.com\/pt\/wp-json\/wp\/v2\/product\/8850","targetHints":{"allow":["GET"]}}],"collection":[{"href":"https:\/\/www.boattoursamana.com\/pt\/wp-json\/wp\/v2\/product"}],"about":[{"href":"https:\/\/www.boattoursamana.com\/pt\/wp-json\/wp\/v2\/types\/product"}],"wp:featuredmedia":[{"embeddable":true,"href":"https:\/\/www.boattoursamana.com\/pt\/wp-json\/wp\/v2\/media\/12258"}],"wp:attachment":[{"href":"https:\/\/www.boattoursamana.com\/pt\/wp-json\/wp\/v2\/media?parent=8850"}],"wp:term":[{"taxonomy":"product_cat","embeddable":true,"href":"https:\/\/www.boattoursamana.com\/pt\/wp-json\/wp\/v2\/product_cat?post=8850"},{"taxonomy":"product_tag","embeddable":true,"href":"https:\/\/www.boattoursamana.com\/pt\/wp-json\/wp\/v2\/product_tag?post=8850"}],"curies":[{"name":"wp","href":"https:\/\/api.w.org\/{rel}","templated":true}]}}