{"id":9228,"date":"2019-07-19T06:00:45","date_gmt":"2019-07-19T06:00:45","guid":{"rendered":"https:\/\/www.ticketswhales.com\/?post_type=product&#038;p=9228"},"modified":"2023-02-19T13:36:18","modified_gmt":"2023-02-19T13:36:18","slug":"cayo-levantado-whale-watching-from-samana-port-private-boat-tour","status":"publish","type":"product","link":"https:\/\/www.boattoursamana.com\/pt\/percorrer-2\/cayo-levantado-observacao-de-baleias-de-samana-port-private-boat-tour","title":{"rendered":"Tour Privado Observa\u00e7\u00e3o de Baleias em Saman\u00e1 + Cayo Levantado (Ilha Bacardi) saindo do Porto de Saman\u00e1"},"content":{"rendered":"<div class=\"vc_row wpb_row vc_row-fluid\" ><div class=\"wpb_column vc_column_container vc_col-sm-12\"><div class=\"vc_column-inner\"><div class=\"wpb_wrapper\"><div class=\"vc_empty_space\"   style=\"height: 32px\"><span class=\"vc_empty_space_inner\"><\/span><\/div><div class=\"mkdf-section-title-holder\" style=\"text-align: left\">\n\t<div class=\"mkdf-st-inner\">\n\t\t\t\t\t<h5 class=\"mkdf-st-subtitle\" >\n\t\t\t\tDo porto de Saman\u00e1 Passeio de barco privado\t\t\t<\/h5>\n\t\t\t\t\t\t\t<h3 class=\"mkdf-st-title\" >\n\t\t\t\tSamana Cayo Levantado + Observa\u00e7\u00e3o de Baleias\t\t\t<\/h3>\n\t\t\t\t\t<\/div>\n<\/div><div class=\"vc_message_box vc_message_box-standard vc_message_box-rounded vc_color-info\" ><div class=\"vc_message_box-icon\"><i class=\"fas fa-info-circle\"><\/i><\/div><p>Este \u00e9 um tour privado m\u00ednimo de 4 pessoas. Para Reservar a mesma viagem em Grupos de Catamaran <a href=\"https:\/\/www.boattoursamana.com\/pt\/tours-excursions\/tours-and-excursions\/samana-whale-watching-cayo-levantado\/\">Clique aqui.<\/a><\/p>\n<p>Se voc\u00ea tem menos de 4 pessoas e gosta de privacidade, entre em contato conosco.<\/p>\n<\/div><div class=\"vc_empty_space\"   style=\"height: 32px\"><span class=\"vc_empty_space_inner\"><\/span><\/div><\/div><\/div><\/div><\/div><div class=\"vc_row wpb_row vc_row-fluid\" ><div class=\"wpb_column vc_column_container vc_col-sm-12\"><div class=\"vc_column-inner\"><div class=\"wpb_wrapper\"><div class=\"vc_btn3-container vc_btn3-inline\" ><a class=\"vc_general vc_btn3 vc_btn3-size-md vc_btn3-shape-rounded vc_btn3-style-modern vc_btn3-color-green\" href=\"https:\/\/bookingadventures.tours\/booking.php?tour_id=ccd2fafcfb0614232b46b749871336cb\" title=\"AGENDE AGORA\" rel=\"noopener\">AGENDE AGORA<\/a><\/div>\n\t<div class=\"wpb_text_column wpb_content_element\" >\n\t\t<div class=\"wpb_wrapper\">\n\t\t\t<div class=\"vc_row wpb_row vc_row-fluid\">\n<div class=\"wpb_column vc_column_container vc_col-sm-12\">\n<div class=\"vc_column-inner\">\n<div class=\"wpb_wrapper\">\n<div class=\"wpb_text_column wpb_content_element\">\n<div class=\"wpb_wrapper\">\n<div class=\"vc_row wpb_row vc_row-fluid\">\n<div class=\"wpb_column vc_column_container vc_col-sm-12\">\n<div class=\"vc_column-inner\">\n<div class=\"wpb_wrapper\">\n<div class=\"wpb_text_column wpb_content_element\">\n<div class=\"wpb_wrapper\">\n<h4><b><i>Vis\u00e3o geral<img decoding=\"async\" class=\"emoji\" draggable=\"false\" src=\"https:\/\/s.w.org\/images\/core\/emoji\/12.0.0-1\/svg\/1f433.svg\" alt=\"\ud83d\udc33\" title=\"\"><\/i><\/b><\/h4>\n<p><strong>Evite grandes grupos de turistas<\/strong>\u00a0e fa\u00e7a sua observa\u00e7\u00e3o de baleias na ba\u00eda de Saman\u00e1 a partir do porto de Saman\u00e1 em um barco particular. Esta viagem come\u00e7a \u00e0s 9h e termina \u00e0s 17h. Mas por ser uma viagem particular voc\u00ea pode definir o hor\u00e1rio de in\u00edcio e t\u00e9rmino. Reuni\u00e3o antes em Nosso Escrit\u00f3rio ao lado do Restaurante Royal. Depois de abortar o nosso Barco para visitar as Baleias no seu habitat. Nossos capit\u00e3es s\u00e3o treinados para garantir que voc\u00ea veja as baleias.<\/p>\n<p>Das 9h00 \u00e0s 12h00 Observat\u00f3rio de observa\u00e7\u00e3o de baleias e Ap\u00f3s esta viagem \u00e0 baleia, visitaremos a Ilha Bacardi \/ Cayo Levantado. Na Ilha Bacardi, ser\u00e1 servido um buffet de almo\u00e7o t\u00edpico dominicano (arroz, feij\u00e3o, peixe, saladas\u2026). Quando o almo\u00e7o terminar, voc\u00ea poder\u00e1 nadar at\u00e9 as 16h30. O passeio terminar\u00e1 \u00e0s 17:00 no mesmo porto de onde come\u00e7ar\u00e1.<\/p>\n<p><strong>Observa\u00e7\u00e3o:<\/strong>\u00a0Este passeio \u00e9 privado. (Apenas voc\u00ea e sua fam\u00edlia ou amigos a bordo com o capit\u00e3o e o guia tur\u00edstico).<\/p>\n<ul>\n<li>Observa\u00e7\u00e3o de baleias<\/li>\n<li>Taxas de entrada para o Observat\u00f3rio<\/li>\n<li>Inclui almo\u00e7o buffet na praia<\/li>\n<li>Traslado de barco<\/li>\n<li>O capit\u00e3o fornece instru\u00e7\u00e3o e supervis\u00e3o<\/li>\n<li>Guia tur\u00edstico<\/li>\n<\/ul>\n<p>&nbsp;<\/p>\n<h4><b>Inclus\u00f5es e Exclus\u00f5es<\/b><\/h4>\n<p>&nbsp;<\/p>\n<p><b>Inclus\u00f5es<\/b><\/p>\n<p>&nbsp;<\/p>\n<ol>\n<li>Almo\u00e7o buffet na praia<\/li>\n<li>Guia tur\u00edstico<\/li>\n<li>Passeio de catamar\u00e3 ou barco<\/li>\n<li>Todos os impostos, taxas e encargos de manuseio<\/li>\n<li>Impostos locais<\/li>\n<li>Bebidas<\/li>\n<\/ol>\n<p><b>Exclus\u00f5es<\/b><\/p>\n<ol>\n<li>Gorjetas<\/li>\n<li>carro de transfer\u00eancia<\/li>\n<li>Bebidas Alco\u00f3licas<\/li>\n<\/ol>\n<p>&nbsp;<\/p>\n<h4><em><strong>Partida e Retorno<\/strong><\/em><\/h4>\n<p>O viajante receber\u00e1 um ponto de encontro ap\u00f3s o processo de reserva. Os passeios come\u00e7am e terminam em nossos pontos de encontro.<\/p>\n<p>&nbsp;<\/p>\n<h4><b><i>O que esperar?<\/i><\/b><\/h4>\n<p>&nbsp;<\/p>\n<p><em><strong>Pegue seus ingressos<\/strong><\/em>\u00a0por um dia de passeio privado de observa\u00e7\u00e3o de baleias na ba\u00eda de Saman\u00e1, al\u00e9m de um maravilhoso almo\u00e7o e tempo de praia na Ilha Bacardi.<\/p>\n<p>O Daypass para observa\u00e7\u00e3o de cet\u00e1ceos, organizado pela \u201cBooking Adventures\u201d inicia-se no ponto de encontro definido com o Guia Tur\u00edstico. Almo\u00e7o na praia e voc\u00ea pode ficar o tempo que quiser nadando. Se voc\u00ea \u00e9 vegano, tamb\u00e9m podemos preparar comida para voc\u00ea.<\/p>\n<p><strong>Calend\u00e1rio:<\/strong><\/p>\n<p>8h45 - 17h<\/p>\n<p>&nbsp;<\/p>\n<h4><em><strong>O que voc\u00ea deve trazer?<\/strong><\/em><\/h4>\n<ul>\n<li>C\u00e2mera<\/li>\n<li>bot\u00f5es repelentes<\/li>\n<li>protetor solar<\/li>\n<li>Chap\u00e9u<\/li>\n<li>cal\u00e7as confort\u00e1veis<\/li>\n<li>sand\u00e1lias para a praia<\/li>\n<li>roupa de banho<\/li>\n<li>Dinheiro para lembran\u00e7as<\/li>\n<\/ul>\n<p>&nbsp;<\/p>\n<h4><b><i>Recolha no hotel<\/i><\/b><\/h4>\n<p>O servi\u00e7o de busca no hotel n\u00e3o \u00e9 oferecido para este passeio.<\/p>\n<p>&nbsp;<\/p>\n<p><b>Observa\u00e7\u00e3o:<\/b>\u00a0se voc\u00ea fizer a reserva dentro de 24 horas antes do hor\u00e1rio de partida do passeio\/excurs\u00e3o, podemos providenciar a retirada do hotel com custos extras. Assim que sua compra for conclu\u00edda, enviaremos a voc\u00ea informa\u00e7\u00f5es de contato completas (n\u00famero de telefone, endere\u00e7o de e-mail, etc.) para que nosso guia tur\u00edstico local organize as provid\u00eancias de coleta.<\/p>\n<h4><b><i>Informa\u00e7\u00e3o Adicional Confirma\u00e7\u00e3o<\/i><\/b><\/h4>\n<ol>\n<li>Os ingressos s\u00e3o o recibo ap\u00f3s o pagamento deste passeio. Voc\u00ea pode mostrar o pagamento em seu telefone.<\/li>\n<li>O ponto de encontro ser\u00e1 recebido ap\u00f3s o processo de reserva.<\/li>\n<li>As crian\u00e7as devem estar acompanhadas por um adulto.<\/li>\n<li>Acess\u00edvel a cadeiras de rodas<\/li>\n<li>Beb\u00eas devem sentar no colo<\/li>\n<li>A maioria dos viajantes pode participar<\/li>\n<\/ol>\n<h4><b><i>Pol\u00edtica de cancelamento<\/i><\/b><\/h4>\n<p><span style=\"font-weight: 400;\">Para um reembolso total, leia nossas pol\u00edticas de cancelamento\u00a0<a href=\"https:\/\/www.boattoursamana.com\/pt\/marcacao-online\/\" target=\"_blank\" rel=\"noopener\" data-saferedirecturl=\"https:\/\/www.google.com\/url?q=https:\/\/www.boattoursamana.com\/online-booking\/&amp;source=gmail&amp;ust=1672449202351000&amp;usg=AOvVaw1yAeVAPktmaVCqDujgUn90\">Clique aqui<\/a>. Os fundos ser\u00e3o perdidos se a reserva for cancelada no mesmo dia da viagem.<\/span><\/p>\n<\/div>\n<\/div>\n<\/div>\n<\/div>\n<\/div>\n<\/div>\n<\/div>\n<\/div>\n<\/div>\n<\/div>\n<\/div>\n<\/div>\n<div class=\"vc_row wpb_row vc_row-fluid\">\n<div class=\"wpb_column vc_column_container vc_col-sm-12\">\n<div class=\"vc_column-inner\">\n<div class=\"wpb_wrapper\">\n<div class=\"vc_empty_space\"><\/div>\n<div class=\"wpb_text_column wpb_content_element\">\n<div class=\"wpb_wrapper\">\n<h4>Contate-Nos?<\/h4>\n<h5><b><i>TOUR BALEIAS SAMANA<\/i><\/b><\/h5>\n<p><em><strong>locais<\/strong>\u00a0e\u00a0<strong>nacionais<\/strong>\u00a0Guias tur\u00edsticos e servi\u00e7os aos h\u00f3spedes<\/em><\/p>\n<p><span class=\"text-turquoise\">Reservas:<\/span>\u00a0Passeios e Excurs\u00f5es em Dom. Rep.<\/p>\n<p><img decoding=\"async\" class=\"emoji\" draggable=\"false\" src=\"https:\/\/s.w.org\/images\/core\/emoji\/11.2.0\/svg\/1f4de.svg\" alt=\"\ud83d\udcde\" title=\"\">\u00a0Tel\/Whatsapp\u00a0\u00a0<a href=\"tel:+1-809-720-6035\">+1-809-720-6035<\/a>.<\/p>\n<p><img decoding=\"async\" class=\"emoji\" draggable=\"false\" src=\"https:\/\/s.w.org\/images\/core\/emoji\/11.2.0\/svg\/1f4e9.svg\" alt=\"\ud83d\udce9\" title=\"\">\u00a0<a href=\"mailto:info@bookingadventures.com.do\">info@bookingadventures.com.do<\/a><\/p>\n<p><strong>Somos Tours Privados com Configura\u00e7\u00e3o Flex\u00edvel por Whatsapp:\u00a0<a href=\"tel:+18097206035\">+18097206035.<\/a><\/strong><\/p>\n<\/div>\n<\/div>\n<\/div>\n<\/div>\n<\/div>\n<\/div>\n\n\t\t<\/div>\n\t<\/div>\n<div class=\"vc_btn3-container vc_btn3-inline\" ><a class=\"vc_general vc_btn3 vc_btn3-size-md vc_btn3-shape-rounded vc_btn3-style-modern vc_btn3-color-green\" href=\"https:\/\/bookingadventures.tours\/booking.php?tour_id=ccd2fafcfb0614232b46b749871336cb\" title=\"AGENDE AGORA\" rel=\"noopener\">AGENDE AGORA<\/a><\/div><\/div><\/div><\/div><\/div>","protected":false},"excerpt":{"rendered":"<p>Viagem privada de observa\u00e7\u00e3o de baleias na ba\u00eda de Samana, na Rep\u00fablica Dominicana, com guias locais. Sinta-se \u00e0 vontade para definir sua hora de chegada ou para terminar a excurs\u00e3o. O almo\u00e7o e o hor\u00e1rio s\u00e3o definidos por voc\u00ea. Reserve agora esta excurs\u00e3o na ba\u00eda de Samana para uma boa experi\u00eancia de viagem de observa\u00e7\u00e3o de baleias.<\/p>\n<p>Nota: Este passeio \u00e9 um Tour Privado com Pagamento M\u00ednimo. Para aderir a um grupo de observa\u00e7\u00e3o de cet\u00e1ceos com o mesmo pre\u00e7o em Catamaran por favor\u00a0 <a href=\"https:\/\/www.boattoursamana.com\/pt\/tours-excursions\/tours-and-excursions\/samana-whale-watching-cayo-levantado\/\">CLIQUE AQUI.<\/a><\/p>\n<p>&nbsp;<\/p>\n<p><em><strong>Por favor, selecione a data para a excurs\u00e3o:<\/strong><\/em><\/p>","protected":false},"featured_media":12061,"template":"","meta":[],"product_cat":[255,655,942,273],"product_tag":[184,328,327,187,604,342,648,276,605,529,274],"class_list":["post-9228","product","type-product","status-publish","has-post-thumbnail","hentry","product_cat-tours-excursions-samana-bay-dominican-republic","product_cat-1-samana","product_cat-whale-watching-private-tours","product_cat-whale-watching-samana","product_tag-bacardi-island","product_tag-cayo-levantado-day-pass","product_tag-private-tours-samana","product_tag-samana-tours","product_tag-samana-whale","product_tag-samana-whale-watching","product_tag-samana-whale-watching-excursions","product_tag-whale-samana","product_tag-whale-watching","product_tag-whale-watching-2020","product_tag-whale-watching-dominican-republic"],"_links":{"self":[{"href":"https:\/\/www.boattoursamana.com\/pt\/wp-json\/wp\/v2\/product\/9228","targetHints":{"allow":["GET"]}}],"collection":[{"href":"https:\/\/www.boattoursamana.com\/pt\/wp-json\/wp\/v2\/product"}],"about":[{"href":"https:\/\/www.boattoursamana.com\/pt\/wp-json\/wp\/v2\/types\/product"}],"wp:featuredmedia":[{"embeddable":true,"href":"https:\/\/www.boattoursamana.com\/pt\/wp-json\/wp\/v2\/media\/12061"}],"wp:attachment":[{"href":"https:\/\/www.boattoursamana.com\/pt\/wp-json\/wp\/v2\/media?parent=9228"}],"wp:term":[{"taxonomy":"product_cat","embeddable":true,"href":"https:\/\/www.boattoursamana.com\/pt\/wp-json\/wp\/v2\/product_cat?post=9228"},{"taxonomy":"product_tag","embeddable":true,"href":"https:\/\/www.boattoursamana.com\/pt\/wp-json\/wp\/v2\/product_tag?post=9228"}],"curies":[{"name":"wp","href":"https:\/\/api.w.org\/{rel}","templated":true}]}}