{"id":9463,"date":"2019-09-25T10:00:51","date_gmt":"2019-09-25T10:00:51","guid":{"rendered":"https:\/\/www.ticketswhales.com\/?post_type=product&#038;p=9463"},"modified":"2023-11-10T17:46:17","modified_gmt":"2023-11-10T17:46:17","slug":"miches-whales-watching-half-day-experience-media-luna-half-moon","status":"publish","type":"product","link":"https:\/\/www.boattoursamana.com\/pt\/percorrer-2\/miches-baleias-observacao-meio-dia-experiencia-midia-luna-meia-lua-2","title":{"rendered":"Observa\u00e7\u00e3o de baleias em Miches Experi\u00eancia de meio dia \u2013 Media Luna (meia-lua)."},"content":{"rendered":"<div class=\"vc_row wpb_row vc_row-fluid\" ><div class=\"wpb_column vc_column_container vc_col-sm-12\"><div class=\"vc_column-inner\"><div class=\"wpb_wrapper\"><div class=\"vc_btn3-container vc_btn3-inline\" ><button class=\"vc_general vc_btn3 vc_btn3-size-md vc_btn3-shape-rounded vc_btn3-style-modern vc_btn3-color-green\">AGENDE AGORA<\/button><\/div><div class=\"mkdf-section-title-holder\" style=\"text-align: left\">\n\t<div class=\"mkdf-st-inner\">\n\t\t\t\t\t<h5 class=\"mkdf-st-subtitle\" >\n\t\t\t\tMedia Luna (Half-Moon) Inclu\u00edda.\t\t\t<\/h5>\n\t\t\t\t\t\t\t<h3 class=\"mkdf-st-title\" >\n\t\t\t\tExperi\u00eancia de meio dia de observa\u00e7\u00e3o de baleias Miches\t\t\t<\/h3>\n\t\t\t\t\t<\/div>\n<\/div><div class=\"vc_empty_space\"   style=\"height: 32px\"><span class=\"vc_empty_space_inner\"><\/span><\/div>\n\t<div class=\"wpb_text_column wpb_content_element\" >\n\t\t<div class=\"wpb_wrapper\">\n\t\t\t<div class=\"vc_row wpb_row vc_row-fluid\">\n<div class=\"wpb_column vc_column_container vc_col-sm-12\">\n<div class=\"vc_column-inner\">\n<div class=\"wpb_wrapper\">\n<div class=\"mkdf-section-title-holder\">\n<div class=\"mkdf-st-inner\">\n<h5 class=\"mkdf-st-subtitle\">Media Luna (Half-Moon) Inclu\u00edda.<\/h5>\n<h3 class=\"mkdf-st-title\">Experi\u00eancia de meio dia de observa\u00e7\u00e3o de baleias Miches<\/h3>\n<\/div>\n<\/div>\n<\/div>\n<\/div>\n<\/div>\n<\/div>\n<div class=\"vc_row wpb_row vc_row-fluid\"><\/div>\n<div class=\"wpb_column vc_column_container vc_col-sm-12\">\n<div class=\"vc_column-inner\">\n<div class=\"wpb_wrapper\"><\/div>\n<\/div>\n<\/div>\n<div class=\"wpb_text_column wpb_content_element\">\n<div class=\"wpb_wrapper\"><\/div>\n<\/div>\n<div class=\"vc_row wpb_row vc_row-fluid\">\n<div class=\"wpb_column vc_column_container vc_col-sm-12\">\n<div class=\"vc_column-inner\">\n<div class=\"wpb_wrapper\">\n<div class=\"wpb_text_column wpb_content_element\">\n<div class=\"wpb_wrapper\">\n<div class=\"vc_row wpb_row vc_row-fluid\">\n<div class=\"wpb_column vc_column_container vc_col-sm-12\">\n<div class=\"vc_column-inner\">\n<div class=\"wpb_wrapper\">\n<div class=\"wpb_text_column wpb_content_element\">\n<div class=\"wpb_wrapper\">\n<h4><a id=\"overview\" class=\"aal_anchor\" href=\"https:\/\/bookingadventures.com.do\/be\/dominicantour\/miches-whales-watching-half-day-experience-media-luna-half-moon\/#overview\" aria-hidden=\"true\" rel=\"noopener\"><\/a><b><i>Overview\ud83d\udc33<\/i><\/b><\/h4>\n<p>Abortando nosso Barco para visitar as Baleias Jubarte em seu pr\u00f3prio habitat. Esta experi\u00eancia inclui Piscina Natural para Estrelas do Mar e Peixes. \u00c9 permitido trazer snorkeling para as piscinas naturais.<strong>\u00a0Observa\u00e7\u00e3o:<\/strong>\u00a0N\u00e3o para nadar com baleias. Observando Nossos capit\u00e3es s\u00e3o treinados para garantir que voc\u00ea veja as baleias.<\/p>\n<p>Das 9h00 \u00e0s 13h00. Observat\u00f3rio de observa\u00e7\u00e3o de baleias e depois desta viagem de Whatchig \u00e0s baleias, voltamos ao porto de Miches.<\/p>\n<p><strong>Observa\u00e7\u00e3o:<\/strong>\u00a0Este passeio n\u00e3o \u00e9 privado. Se voc\u00ea gostaria de definir um tour privado, entre em contato conosco!<\/p>\n<ul>\n<li>Observa\u00e7\u00e3o de baleias<\/li>\n<li>Piscina Natural para Observa\u00e7\u00e3o de Estrelas<\/li>\n<li>Traslado de barco catamar\u00e3<\/li>\n<li>O capit\u00e3o fornece instru\u00e7\u00e3o e supervis\u00e3o<\/li>\n<li>Guia tur\u00edstico<\/li>\n<\/ul>\n<p>&nbsp;<\/p>\n<h4><a id=\"inclusions-exclusions\" class=\"aal_anchor\" href=\"https:\/\/bookingadventures.com.do\/be\/dominicantour\/miches-whales-watching-half-day-experience-media-luna-half-moon\/#inclusions-exclusions\" aria-hidden=\"true\" rel=\"noopener\"><\/a><b>Inclus\u00f5es e Exclus\u00f5es<\/b><\/h4>\n<p>&nbsp;<\/p>\n<p><b>Inclus\u00f5es<\/b><\/p>\n<ol>\n<li>Guia tur\u00edstico<\/li>\n<li>Passeio de catamar\u00e3 ou barco<\/li>\n<li>Todos os impostos, taxas e encargos de manuseio<\/li>\n<li>Impostos locais<\/li>\n<li>Bebidas<\/li>\n<li>Comprimidos Dramamine (opcional)<\/li>\n<li>Taxas de entrada no Santu\u00e1rio. (Pulseira)<\/li>\n<\/ol>\n<p><b>Exclus\u00f5es<\/b><\/p>\n<ol>\n<li>Gorjetas<\/li>\n<li>carro de transfer\u00eancia<\/li>\n<li>Bebidas Alco\u00f3licas<\/li>\n<\/ol>\n<p>&nbsp;<\/p>\n<h4><a id=\"departure-return\" class=\"aal_anchor\" href=\"https:\/\/bookingadventures.com.do\/be\/dominicantour\/miches-whales-watching-half-day-experience-media-luna-half-moon\/#departure-return\" aria-hidden=\"true\" rel=\"noopener\"><\/a><em><strong>Partida e Retorno<\/strong><\/em><\/h4>\n<p>O viajante receber\u00e1 um ponto de encontro ap\u00f3s o processo de reserva. Os passeios come\u00e7am e terminam em nossos pontos de encontro.<\/p>\n<h3><a id=\"miches-whales-watching-half-day-experience-media-luna-half-moon\" class=\"aal_anchor\" href=\"https:\/\/bookingadventures.com.do\/be\/dominicantour\/miches-whales-watching-half-day-experience-media-luna-half-moon\/#miches-whales-watching-half-day-experience-media-luna-half-moon\" aria-hidden=\"true\" rel=\"noopener\"><\/a>Experi\u00eancia de meio dia de observa\u00e7\u00e3o de baleias Miches \u2013 Media Luna (meia lua).<\/h3>\n<h4><a id=\"what-to-expect\" class=\"aal_anchor\" href=\"https:\/\/bookingadventures.com.do\/be\/dominicantour\/miches-whales-watching-half-day-experience-media-luna-half-moon\/#what-to-expect\" aria-hidden=\"true\" rel=\"noopener\"><\/a><b><i>O que esperar?<\/i><\/b><\/h4>\n<p>&nbsp;<\/p>\n<p><em><strong>Pegue seus ingressos<\/strong><\/em>\u00a0para uma viagem de meio dia Passeio de observa\u00e7\u00e3o de baleias na ba\u00eda de Saman\u00e1 a partir de Miches.<\/p>\n<p>A viagem de observa\u00e7\u00e3o de cet\u00e1ceos de meio dia, organizada pela \u201cBooking Adventures\u201d come\u00e7a no ponto de encontro definido com o Guia Tur\u00edstico. Esta viagem visita a Media Luna (Meia-Lua). O almo\u00e7o na praia \u00e9\u00a0<strong>n\u00e3o<\/strong>\u00a0incluido neste passeio.<\/p>\n<p><strong>O que \u00e9 a M\u00eddia Luna?<\/strong><\/p>\n<p>\u00c9 um local onde o n\u00edvel da \u00e1gua depende do horizonte das mar\u00e9s ou correntes mar\u00edtimas, que quando est\u00e1 alto torna-se mais profundo e quando est\u00e1 baixo o caudal da piscina diminui. Estando escondido e sendo o seu acesso pelo mar, torna-o num local m\u00e1gico e virgem, para quem o visita n\u00e3o quer sair. Aqui n\u00e3o h\u00e1 \u00e1rvores para se proteger do sol, mas a \u00e1gua \u00e9 fria embalando ou balan\u00e7ando os ventos al\u00edsios da regi\u00e3o.<\/p>\n<p>Pode-se resumir que se trata de uma lagoa natural do Oceano Atl\u00e2ntico, que deve o seu nome ao fato de que observada de cima se assemelha a uma lua crescente. Os cariocas tamb\u00e9m a chamam de Cayo de la Media Luna, formada por recifes de corais e areia branca, de \u00e1guas cristalinas espalhadas por todos os lados para quebrar ondas naturais, que acalmam suas \u00e1guas. Quando a mar\u00e9 est\u00e1 est\u00e1vel a sua profundidade n\u00e3o ultrapassa um metro, o que faz com que crian\u00e7as e adultos desfrutem deste local paradis\u00edaco de \u00e1gua salgada.<\/p>\n<p>&nbsp;<\/p>\n<p><strong>Calend\u00e1rio:<\/strong><\/p>\n<p>8h45 \u2013 12h30<\/p>\n<p>&nbsp;<\/p>\n<\/div>\n<p>O tempo pode mudar dependendo de quantas baleias vemos.<\/p>\n<div class=\"wpb_wrapper\">\n<p>&nbsp;<\/p>\n<h4><a id=\"what-you-should-bring\" class=\"aal_anchor\" href=\"https:\/\/bookingadventures.com.do\/be\/dominicantour\/miches-whales-watching-half-day-experience-media-luna-half-moon\/#what-you-should-bring\" aria-hidden=\"true\" rel=\"noopener\"><\/a><em><strong>O que voc\u00ea deve trazer?<\/strong><\/em><\/h4>\n<ul>\n<li>C\u00e2mera<\/li>\n<li>bot\u00f5es repelentes<\/li>\n<li>protetor solar<\/li>\n<li>Chap\u00e9u<\/li>\n<li>cal\u00e7as confort\u00e1veis<\/li>\n<li>roupa de banho<\/li>\n<li>Dinheiro para lembran\u00e7as<\/li>\n<\/ul>\n<p>&nbsp;<\/p>\n<h4><a id=\"hotel-pickup\" class=\"aal_anchor\" href=\"https:\/\/bookingadventures.com.do\/be\/dominicantour\/miches-whales-watching-half-day-experience-media-luna-half-moon\/#hotel-pickup\" aria-hidden=\"true\" rel=\"noopener\"><\/a><b><i>Recolha no hotel<\/i><\/b><\/h4>\n<p>O servi\u00e7o de busca no hotel n\u00e3o \u00e9 oferecido para este passeio. Podemos configur\u00e1-lo Via-Whatsapp.<\/p>\n<p>&nbsp;<\/p>\n<p><b>Observa\u00e7\u00e3o:<\/b>\u00a0se voc\u00ea fizer a reserva dentro de 24 horas antes do hor\u00e1rio de partida do passeio\/excurs\u00e3o, podemos providenciar a retirada do hotel com custos extras. Assim que sua compra for conclu\u00edda, enviaremos a voc\u00ea informa\u00e7\u00f5es de contato completas (n\u00famero de telefone, endere\u00e7o de e-mail, etc.) para que nosso guia tur\u00edstico local organize as provid\u00eancias de coleta.<\/p>\n<h4><a id=\"additional-info-confirmation\" class=\"aal_anchor\" href=\"https:\/\/bookingadventures.com.do\/be\/dominicantour\/miches-whales-watching-half-day-experience-media-luna-half-moon\/#additional-info-confirmation\" aria-hidden=\"true\" rel=\"noopener\"><\/a><b><i>Informa\u00e7\u00e3o Adicional Confirma\u00e7\u00e3o<\/i><\/b><\/h4>\n<ol>\n<li>Os ingressos s\u00e3o o recibo ap\u00f3s o pagamento deste passeio. Voc\u00ea pode mostrar o pagamento em seu telefone.<\/li>\n<li>O ponto de encontro ser\u00e1 recebido ap\u00f3s o processo de reserva.<\/li>\n<li>As crian\u00e7as devem estar acompanhadas por um adulto.<\/li>\n<li>Acess\u00edvel a cadeiras de rodas<\/li>\n<li>Beb\u00eas devem sentar no colo<\/li>\n<li>A maioria dos viajantes pode participar<\/li>\n<\/ol>\n<h4><a id=\"cancellation-policy\" class=\"aal_anchor\" href=\"https:\/\/bookingadventures.com.do\/be\/dominicantour\/miches-whales-watching-half-day-experience-media-luna-half-moon\/#cancellation-policy\" aria-hidden=\"true\" rel=\"noopener\"><\/a><b><i>Pol\u00edtica de cancelamento<\/i><\/b><\/h4>\n<p>Para um reembolso total, cancele pelo menos 24 horas antes da data de in\u00edcio da experi\u00eancia.<\/p>\n<\/div>\n<\/div>\n<\/div>\n<\/div>\n<\/div>\n<\/div>\n<\/div>\n<\/div>\n<\/div>\n<\/div>\n<\/div>\n<\/div>\n\n\t\t<\/div>\n\t<\/div>\n<\/div><\/div><\/div><\/div><div class=\"vc_row wpb_row vc_row-fluid\" ><\/div><div class=\"wpb_column vc_column_container vc_col-sm-12\"><div class=\"vc_column-inner\"><div class=\"wpb_wrapper\"><\/div><\/div><\/div><div class=\"vc_row wpb_row vc_row-fluid\" ><div class=\"wpb_column vc_column_container vc_col-sm-12\"><div class=\"vc_column-inner\"><div class=\"wpb_wrapper\"><div class=\"vc_btn3-container vc_btn3-inline\" ><button class=\"vc_general vc_btn3 vc_btn3-size-md vc_btn3-shape-rounded vc_btn3-style-modern vc_btn3-color-green\">AGENDE AGORA<\/button><\/div><\/div><\/div><\/div><\/div>","protected":false},"excerpt":{"rendered":"<p>Observa\u00e7\u00e3o de baleias de meio dia na Ba\u00eda de Samana, Rep\u00fablica Dominicana. Observa\u00e7\u00e3o de baleias desde o porto de Miches em um confort\u00e1vel catamar\u00e3 ou barco. Reserve pela manh\u00e3 ap\u00f3s o caf\u00e9 da manh\u00e3 para visitar a Media Luna (Meia Lua) e Observa\u00e7\u00e3o de Baleias. Reserve agora esta excurs\u00e3o \u00e0 Ba\u00eda de Samana para uma boa experi\u00eancia de observa\u00e7\u00e3o de baleias e viagens mar\u00edtimas.<\/p>\n<p><strong>Selecione a data do passeio:<\/strong><\/p>","protected":false},"featured_media":12019,"template":"","meta":[],"product_cat":[427,255,937],"product_tag":[428,429,228,393,327,199,342,276,277,274,389,388,275],"class_list":["post-9463","product","type-product","status-publish","has-post-thumbnail","hentry","product_cat-miches-whale-watching-and-media-luna","product_cat-tours-excursions-samana-bay-dominican-republic","product_cat-whale-watching-miches","product_tag-half-day-whale-watching-miches","product_tag-media-luna-miches","product_tag-miches","product_tag-miches-whale-watching","product_tag-private-tours-samana","product_tag-samana-bay","product_tag-samana-whale-watching","product_tag-whale-samana","product_tag-whale-tours","product_tag-whale-watching-dominican-republic","product_tag-whale-watching-las-galeras","product_tag-whale-watching-las-terrenas","product_tag-whale-watching-samana"],"_links":{"self":[{"href":"https:\/\/www.boattoursamana.com\/pt\/wp-json\/wp\/v2\/product\/9463","targetHints":{"allow":["GET"]}}],"collection":[{"href":"https:\/\/www.boattoursamana.com\/pt\/wp-json\/wp\/v2\/product"}],"about":[{"href":"https:\/\/www.boattoursamana.com\/pt\/wp-json\/wp\/v2\/types\/product"}],"wp:featuredmedia":[{"embeddable":true,"href":"https:\/\/www.boattoursamana.com\/pt\/wp-json\/wp\/v2\/media\/12019"}],"wp:attachment":[{"href":"https:\/\/www.boattoursamana.com\/pt\/wp-json\/wp\/v2\/media?parent=9463"}],"wp:term":[{"taxonomy":"product_cat","embeddable":true,"href":"https:\/\/www.boattoursamana.com\/pt\/wp-json\/wp\/v2\/product_cat?post=9463"},{"taxonomy":"product_tag","embeddable":true,"href":"https:\/\/www.boattoursamana.com\/pt\/wp-json\/wp\/v2\/product_tag?post=9463"}],"curies":[{"name":"wp","href":"https:\/\/api.w.org\/{rel}","templated":true}]}}