{"id":9653,"date":"2019-10-15T08:33:05","date_gmt":"2019-10-15T08:33:05","guid":{"rendered":"https:\/\/www.ticketswhales.com\/?post_type=product&#038;p=9653"},"modified":"2023-11-10T17:27:37","modified_gmt":"2023-11-10T17:27:37","slug":"catalina-island-altos-de-chavon-from-punta-cana-snorkeling-with-catamaran-party","status":"publish","type":"product","link":"https:\/\/www.boattoursamana.com\/pt\/percorrer-2\/catalina-island-altos-de-chavon-from-punta-cana-snorkeling-with-catamaran-party-2","title":{"rendered":"Ilha Catalina e Altos de Chavon de Punta Cana (mergulho com snorkel com festa de catamar\u00e3)"},"content":{"rendered":"<div class=\"vc_row wpb_row vc_row-fluid\" ><div class=\"wpb_column vc_column_container vc_col-sm-12\"><div class=\"vc_column-inner\"><div class=\"wpb_wrapper\"><div class=\"mkdf-section-title-holder\" style=\"text-align: left\">\n\t<div class=\"mkdf-st-inner\">\n\t\t\t\t\t<h5 class=\"mkdf-st-subtitle\" >\n\t\t\t\tExperi\u00eancia de meio dia\t\t\t<\/h5>\n\t\t\t\t\t\t\t<h3 class=\"mkdf-st-title\" >\n\t\t\t\tIlha Catalina e mergulho com snorkel com festa de catamar\u00e3 de Punta Cana\t\t\t<\/h3>\n\t\t\t\t\t<\/div>\n<\/div><div class=\"vc_btn3-container vc_btn3-inline\" ><button class=\"vc_general vc_btn3 vc_btn3-size-md vc_btn3-shape-rounded vc_btn3-style-modern vc_btn3-color-green\">AGENDE AGORA<\/button><\/div><\/div><\/div><\/div><\/div><div class=\"vc_row wpb_row vc_row-fluid\" ><div class=\"wpb_column vc_column_container vc_col-sm-12\"><div class=\"vc_column-inner\"><div class=\"wpb_wrapper\">\n\t<div class=\"wpb_text_column wpb_content_element\" >\n\t\t<div class=\"wpb_wrapper\">\n\t\t\t<div class=\"vc_row wpb_row vc_row-fluid\">\n<div class=\"wpb_column vc_column_container vc_col-sm-12\">\n<div class=\"vc_column-inner\">\n<div class=\"wpb_wrapper\">\n<div class=\"wpb_text_column wpb_content_element\">\n<div class=\"wpb_wrapper\">\n<div class=\"vc_row wpb_row vc_row-fluid\">\n<div class=\"wpb_column vc_column_container vc_col-sm-12\">\n<div class=\"vc_column-inner\">\n<div class=\"wpb_wrapper\">\n<div class=\"wpb_text_column wpb_content_element\">\n<div class=\"wpb_wrapper\">\n<h4><b><i>Vis\u00e3o geral<\/i><\/b><\/h4>\n<p>Desfrutamos de um passeio de catamar\u00e3 pelas \u00e1guas cristalinas at\u00e9 a Ilha Catalina, a \u00e1rea mais conhecida para mergulho com snorkel na Rep\u00fablica Dominicana.<\/p>\n<p>Seu dia come\u00e7a com uma coleta no sagu\u00e3o principal do hotel ou no ponto de encontro especificado. Em seguida, seguiremos para a Ilha Catalina para desfrutar de um banho refrescante e algumas bebidas, enquanto quem pode realizar 2 tipos de Snorkel com um instrutor e depois comeremos um delicioso almo\u00e7o buffet na praia e teremos algumas aulas de Salsa e Bachata, enquanto tamb\u00e9m preparamos deliciosos drinks. Uma vez cansado de ser pregui\u00e7oso na praia, pegue algum equipamento de mergulho e admire o mundo subaqu\u00e1tico de Catalina.<\/p>\n<p>O oceano, t\u00e3o incrivelmente claro, e a areia branca da praia esperando por voc\u00ea. Relaxe em uma espregui\u00e7adeira ou mergulho com snorkel, tudo inclu\u00eddo para voc\u00ea. Voc\u00ea apreciar\u00e1 onde ver\u00e1 a tradi\u00e7\u00e3o de nossa m\u00fasica e dan\u00e7a.<\/p>\n<p>Depois disso vamos para Altos de Chavon Gado e Rio!<\/p>\n<p><strong>Observa\u00e7\u00e3o:<\/strong> Este passeio n\u00e3o \u00e9 privado. Se voc\u00ea gostaria de definir um tour privado, entre em contato conosco!<\/p>\n<ul>\n<li>\n<div class=\"py-1 inclusions-exclusions-item d-flex\" lang=\"en-x-mtfrom-en\">\n<div class=\"d-inline-block inclusions-exclusions-text\">transporte privado<\/div>\n<\/div>\n<\/li>\n<li>Piscina natural para observa\u00e7\u00e3o de estrelas do mar<\/li>\n<li>mergulho<\/li>\n<li>Almo\u00e7o<\/li>\n<li>Traslado de barco catamar\u00e3<\/li>\n<li>O capit\u00e3o fornece instru\u00e7\u00e3o e supervis\u00e3o<\/li>\n<li>Guia tur\u00edstico<\/li>\n<\/ul>\n<p>&nbsp;<\/p>\n<h4><b>Inclus\u00f5es e Exclus\u00f5es<\/b><\/h4>\n<p><b>Inclus\u00f5es<\/b><\/p>\n<ol>\n<li>Guia tur\u00edstico<\/li>\n<li>snorkeling<\/li>\n<li>Almo\u00e7o<\/li>\n<li>Recolha em hot\u00e9is<\/li>\n<li>Passeio de catamar\u00e3 ou barco<\/li>\n<li>Todos os impostos, taxas e encargos de manuseio<\/li>\n<li>Impostos locais<\/li>\n<li>Bebidas<\/li>\n<\/ol>\n<p><b>Exclus\u00f5es<\/b><\/p>\n<ol>\n<li>Gorjetas<\/li>\n<li>Fotos<\/li>\n<\/ol>\n<h4><em><strong>Partida e Retorno<\/strong><\/em><\/h4>\n<p>O viajante receber\u00e1 um ponto de encontro ap\u00f3s o processo de reserva. Os passeios come\u00e7am e terminam em nossos pontos de encontro.<\/p>\n<h3>Ilha Catalina e mergulho com snorkel com festa de catamar\u00e3 saindo de Punta Cana \u2013 experi\u00eancia de meio dia.<\/h3>\n<h4><b><i>O que esperar?<\/i><\/b><\/h4>\n<p>Durante a excurs\u00e3o \u00e0 Ilha Catalina saindo de Punta Cana, os h\u00f3spedes ter\u00e3o a oportunidade de mergulhar com snorkel nos vibrantes recifes de corais de Catalina, nadar entre um animado cardume de peixes e apreciar a impressionante fauna subaqu\u00e1tica do Caribe.<\/p>\n<p>Come\u00e7aremos a excurs\u00e3o de mergulho saindo pela manh\u00e3 em dire\u00e7\u00e3o a La Romana. Durante a viagem, passaremos pelos campos de cana-de-a\u00e7\u00facar, pois seu guia fornecer\u00e1 informa\u00e7\u00f5es interessantes sobre a hist\u00f3ria da regi\u00e3o, cultura geral e t\u00e9cnicas de fabrica\u00e7\u00e3o de rum do pa\u00eds. Ao chegar a La Romana, embarcaremos em nosso catamar\u00e3 e partiremos em dire\u00e7\u00e3o a Catalina. Nossa primeira parada na ilha ser\u00e1 \u201cThe Wall\u201d, uma majestosa parede de coral que se estende da ilha at\u00e9 o mar do Caribe.<\/p>\n<p>Ap\u00f3s o mergulho, voc\u00ea continuar\u00e1 o caminho at\u00e9 a bela praia de Catalina, um lugar exclusivo. Na chegada, os h\u00f3spedes ter\u00e3o acesso a 2 quil\u00f4metros de praias de areia branca e \u00e1guas cristalinas, um bar na praia com bebidas e um delicioso buffet de almo\u00e7o dominicano com churrasco. Embarcaremos no catamar\u00e3 por volta das 15h30 para retornar a Punta Cana ap\u00f3s um incr\u00edvel dia de mergulho e relaxamento na Ilha Catalina. IlhaDurante a excurs\u00e3o \u00e0 Ilha Catalina saindo de Punta Cana, os h\u00f3spedes ter\u00e3o a oportunidade de mergulhar com snorkel nos vibrantes recifes de corais de Catalina, nadar entre um animado cardume de peixes e apreciar a impressionante fauna subaqu\u00e1tica do Caribe.<\/p>\n<p>Come\u00e7aremos a excurs\u00e3o de mergulho saindo pela manh\u00e3 em dire\u00e7\u00e3o a La Romana. Durante a viagem, passaremos pelos campos de cana-de-a\u00e7\u00facar, pois seu guia fornecer\u00e1 informa\u00e7\u00f5es interessantes sobre a hist\u00f3ria da regi\u00e3o, cultura geral e t\u00e9cnicas de fabrica\u00e7\u00e3o de rum do pa\u00eds. Ao chegar a La Romana, embarcaremos em nosso catamar\u00e3 e partiremos em dire\u00e7\u00e3o a Catalina.<\/p>\n<p>Nossa primeira parada na ilha ser\u00e1 \u201cThe Wall\u201d, uma majestosa parede de coral que se estende da ilha at\u00e9 o mar do Caribe. Ap\u00f3s o mergulho, voc\u00ea continuar\u00e1 o caminho at\u00e9 a bela praia de Catalina, um lugar exclusivo. Na chegada, os h\u00f3spedes ter\u00e3o acesso a 2 quil\u00f4metros de praias de areia branca e \u00e1guas cristalinas, um bar na praia com bebidas e um delicioso buffet de almo\u00e7o dominicano com churrasco. Embarcaremos no catamar\u00e3 por volta das 15h30 para retornar a Punta Cana ap\u00f3s um incr\u00edvel dia de mergulho e relaxamento na Ilha Catalina.<\/p>\n<div class=\"a-text--first-content _for-copy-large l-hide-for-large\">\n<p>Deixe o<strong>\u00a0O para\u00edso caribenho da Ilha Catalina cativa voc\u00ea\u00a0<\/strong>e explorar o pitoresco\u00a0<strong>Altos de Chav\u00f3n<\/strong>\u00a0nesta imperd\u00edvel viagem de um dia saindo de La Romana.<\/p>\n<\/div>\n<div id=\"o-slider--activity-detail__container\" class=\"o-slider js-module-slider is-photos\"><\/div>\n<div id=\"l-768-calendar-anchor\"><\/div>\n<div id=\"new-fading-text\" class=\"new-fading-text _loaded u-no-before show-hidden-elements\">\n<div class=\"o-activity-description\">\n<h2>Viagem de um dia \u00e0 Ilha Catalina e Altos de Chav\u00f3n<\/h2>\n<p>Ap\u00f3s passar para busc\u00e1-lo em seu hotel logo pela manh\u00e3, voc\u00ea iniciar\u00e1 sua aventura, fazendo sua primeira parada em\u00a0<strong>Altos de Chav\u00f3n<\/strong>. Voc\u00ea ter\u00e1 40 minutos para explorar este<strong>\u00a0bela recria\u00e7\u00e3o de uma vila de estilo mediterr\u00e2neo<\/strong>\u00a0e admirar as vistas do rio Chav\u00f3n que corre ao lado dele. Verdadeiramente encantador!<\/p>\n<p class=\"new-fading-text__hidden-element\">Continuando seu passeio, voc\u00ea ser\u00e1 levado a um cais no\u00a0<strong>Rio Salado\u00a0<\/strong>onde o seu\u00a0<strong>catamar\u00e3\u00a0<\/strong>estar\u00e1 esperando por voc\u00ea para zarpar para Isla Catalina. Durante o seu cruzeiro, que levar\u00e1 cerca de 40 minutos, voc\u00ea desfrutar\u00e1 de uma bebida a bordo enquanto se maravilha com o\u00a0<strong>azul penetrante do cintilante Mar do Caribe<\/strong>.<\/p>\n<p class=\"new-fading-text__hidden-element\">Ao se aproximar de seu destino, voc\u00ea seguir\u00e1 diretamente para o recife de coral conhecido como La Pared, ou The Wall, onde ter\u00e1 a oportunidade de\u00a0<strong>refresque-se com um mergulho refrescante no mar e mergulhe com snorkel entre a incr\u00edvel vida marinha<\/strong>. Passe 40 minutos explorando debaixo d&#039;\u00e1gua, antes de retornar ao catamar\u00e3 e ancorar no cais da Ilha Catalina.<\/p>\n<p class=\"new-fading-text__hidden-element\">Com os p\u00e9s em terra firme, ser\u00e1 conduzido a um pequeno restaurante com vista deslumbrante para o mar, onde ser\u00e1 brindado com um\u00a0<strong>delicioso buffet de almo\u00e7o<\/strong>. Com as energias renovadas, voc\u00ea ter\u00e1 tr\u00eas horas de tempo livre para aproveitar ao m\u00e1ximo o\u00a0<strong>praias paradis\u00edacas de areia branca<\/strong>. Quer prefira relaxar e apanhar banhos de sol ou experimentar uma atividade divertida como o paddle surf, desfrutar\u00e1 de uma tarde inesquec\u00edvel.<\/p>\n<p class=\"new-fading-text__hidden-element\">No final do dia, voc\u00ea retornar\u00e1 ao catamar\u00e3 para navegar de volta a La Romana, onde ser\u00e1 deixado em seu hotel.<\/p>\n<\/div>\n<\/div>\n<p>&nbsp;<\/p>\n<p><strong>Calend\u00e1rio:<\/strong><\/p>\n<p>7h00 - 16h30<\/p>\n<p>&nbsp;<\/p>\n<\/div>\n<p>O tempo pode mudar dependendo da hora de partida dos hot\u00e9is.<\/p>\n<div class=\"wpb_wrapper\">\n<p>&nbsp;<\/p>\n<h4><em><strong>O que voc\u00ea deve trazer?<\/strong><\/em><\/h4>\n<ul>\n<li>C\u00e2mera<\/li>\n<li>bot\u00f5es repelentes<\/li>\n<li>protetor solar<\/li>\n<li>Chap\u00e9u<\/li>\n<li>cal\u00e7as confort\u00e1veis<\/li>\n<li>roupa de banho<\/li>\n<li>Dinheiro para lembran\u00e7as<\/li>\n<\/ul>\n<p>&nbsp;<\/p>\n<h4><b><i>Recolha no hotel<\/i><\/b><\/h4>\n<p>O servi\u00e7o de busca no hotel \u00e9 oferecido para este passeio. Podemos configur\u00e1-lo Via-Whatsapp. Dos hot\u00e9is La Romana, Punta Cana, B\u00e1varo e Bayahibe.<\/p>\n<p>&nbsp;<\/p>\n<p><b>Observa\u00e7\u00e3o:<\/b> se voc\u00ea fizer a reserva dentro de 24 horas antes do hor\u00e1rio de partida da excurs\u00e3o\/excurs\u00e3o, podemos providenciar a retirada do hotel. Assim que sua compra for conclu\u00edda, enviaremos a voc\u00ea informa\u00e7\u00f5es de contato completas (n\u00famero de telefone, endere\u00e7o de e-mail, etc.) para que nosso guia tur\u00edstico local organize as provid\u00eancias de coleta.<\/p>\n<h4><b><i>Informa\u00e7\u00e3o Adicional Confirma\u00e7\u00e3o<\/i><\/b><\/h4>\n<ol>\n<li>Os ingressos s\u00e3o o recibo ap\u00f3s o pagamento deste passeio. Voc\u00ea pode mostrar o pagamento em seu telefone.<\/li>\n<li>O ponto de encontro ser\u00e1 recebido ap\u00f3s o processo de reserva.<\/li>\n<li>As crian\u00e7as devem estar acompanhadas por um adulto.<\/li>\n<li>Acess\u00edvel a cadeiras de rodas<\/li>\n<li>Beb\u00eas devem sentar no colo<\/li>\n<li>A maioria dos viajantes pode participar<\/li>\n<\/ol>\n<h4><b><i>Pol\u00edtica de cancelamento<\/i><\/b><\/h4>\n<p>Para um reembolso total, leia nossas pol\u00edticas de cancelamento\u00a0<a href=\"https:\/\/www.boattoursamana.com\/pt\/marcacao-online\/\" target=\"_blank\" rel=\"noopener\" data-saferedirecturl=\"https:\/\/www.google.com\/url?q=https:\/\/www.boattoursamana.com\/online-booking\/&amp;source=gmail&amp;ust=1672532492004000&amp;usg=AOvVaw3ylqI1cdbIPTimEqEWneyd\">Clique aqui<\/a>. Os fundos ser\u00e3o perdidos se a reserva for cancelada no mesmo dia da viagem.<\/p>\n<\/div>\n<\/div>\n<\/div>\n<\/div>\n<\/div>\n<\/div>\n<\/div>\n<\/div>\n<\/div>\n<\/div>\n<\/div>\n<\/div>\n<div class=\"vc_row wpb_row vc_row-fluid\">\n<div class=\"wpb_column vc_column_container vc_col-sm-12\">\n<div class=\"vc_column-inner\">\n<div class=\"wpb_wrapper\">\n<div class=\"vc_empty_space\"><\/div>\n<div class=\"wpb_text_column wpb_content_element\">\n<div class=\"wpb_wrapper\">\n<h4>Contate-Nos?<\/h4>\n<h5><b><i>Reservando aventuras<\/i><\/b><\/h5>\n<p><em><strong>locais<\/strong>\u00a0e\u00a0<strong>nacionais<\/strong>\u00a0Guias tur\u00edsticos e servi\u00e7os aos h\u00f3spedes<\/em><\/p>\n<p><span class=\"text-turquoise\">Reservas:<\/span>\u00a0Passeios e Excurs\u00f5es em Dom. Rep.<\/p>\n<p><img decoding=\"async\" class=\"emoji\" src=\"https:\/\/s.w.org\/images\/core\/emoji\/11.2.0\/svg\/1f4de.svg\" alt=\"\ud83d\udcde\" title=\"\">\u00a0Tel\/Whatsapp\u00a0\u00a0<a href=\"tel:+1-809-720-6035\">+1-809-720-6035<\/a>.<\/p>\n<p><img decoding=\"async\" class=\"emoji\" src=\"https:\/\/s.w.org\/images\/core\/emoji\/11.2.0\/svg\/1f4e9.svg\" alt=\"\ud83d\udce9\" title=\"\">\u00a0<a href=\"mailto:info@bookingadventures.com.do\">info@bookingadventures.com.do<\/a><\/p>\n<p><strong>Somos Tours Privados com Configura\u00e7\u00e3o Flex\u00edvel por Whatsapp:\u00a0<a href=\"tel:+18097206035\">+18097206035.<\/a><\/strong><\/p>\n<\/div>\n<\/div>\n<\/div>\n<\/div>\n<\/div>\n<\/div>\n\n\t\t<\/div>\n\t<\/div>\n<div class=\"vc_btn3-container vc_btn3-inline\" ><button class=\"vc_general vc_btn3 vc_btn3-size-md vc_btn3-shape-rounded vc_btn3-style-modern vc_btn3-color-green\">AGENDE AGORA<\/button><\/div><\/div><\/div><\/div><\/div><div class=\"vc_row wpb_row vc_row-fluid\" ><div class=\"wpb_column vc_column_container vc_col-sm-12\"><div class=\"vc_column-inner\"><div class=\"wpb_wrapper\"><\/div><\/div><\/div><\/div>","protected":false},"excerpt":{"rendered":"<p>A min\u00fascula Ilha Catalina (Isla Catalina), a apenas 2,4 quil\u00f4metros do continente da Rep\u00fablica Dominicana, \u00e9 uma mancha de areia id\u00edlica nas \u00e1guas azul-turquesa do Caribe. Conhecida por seus recifes de corais bem povoados, Catalina \u00e9 um ref\u00fagio tranquilo para quem quer fugir da agita\u00e7\u00e3o de Punta Cana e La Romana.<\/p>\n<p>Reserve uma viagem de um dia conosco. Ilha Catalina em um catamar\u00e3 de festa com mergulho!<\/p>\n<p>&nbsp;<\/p>\n<p>Por favor, selecione a data para a excurs\u00e3o:<\/p>","protected":false},"featured_media":9658,"template":"","meta":[],"product_cat":[483,948,160,972,967,349,253,255],"product_tag":[973,974,975,485,976,480,296,471,484],"class_list":["post-9653","product","type-product","status-publish","has-post-thumbnail","hentry","product_cat-catalina-island-catamaran-and-snorkeling","product_cat-1-punta-cana","product_cat-lunch","product_cat-punta-cana-group-tours","product_cat-punta-cana-catalina-island","product_cat-tours-and-excursion-punta-cana","product_cat-tours-and-excursions","product_cat-tours-excursions-samana-bay-dominican-republic","product_tag-catalina-island","product_tag-catalina-island-dominican-republic-snorkeling","product_tag-catalina-island-packages","product_tag-catalina-island-snorkeling-dominican-republic","product_tag-catalina-island-tour","product_tag-cheap-punta-cana-excursions","product_tag-day-trip-punta-cana","product_tag-punta-cana-catamaran-party-with-snorkeling-and-parasailing","product_tag-talina-island-snorkeling"],"_links":{"self":[{"href":"https:\/\/www.boattoursamana.com\/pt\/wp-json\/wp\/v2\/product\/9653","targetHints":{"allow":["GET"]}}],"collection":[{"href":"https:\/\/www.boattoursamana.com\/pt\/wp-json\/wp\/v2\/product"}],"about":[{"href":"https:\/\/www.boattoursamana.com\/pt\/wp-json\/wp\/v2\/types\/product"}],"wp:featuredmedia":[{"embeddable":true,"href":"https:\/\/www.boattoursamana.com\/pt\/wp-json\/wp\/v2\/media\/9658"}],"wp:attachment":[{"href":"https:\/\/www.boattoursamana.com\/pt\/wp-json\/wp\/v2\/media?parent=9653"}],"wp:term":[{"taxonomy":"product_cat","embeddable":true,"href":"https:\/\/www.boattoursamana.com\/pt\/wp-json\/wp\/v2\/product_cat?post=9653"},{"taxonomy":"product_tag","embeddable":true,"href":"https:\/\/www.boattoursamana.com\/pt\/wp-json\/wp\/v2\/product_tag?post=9653"}],"curies":[{"name":"wp","href":"https:\/\/api.w.org\/{rel}","templated":true}]}}