{"id":9731,"date":"2019-11-07T08:01:34","date_gmt":"2019-11-07T08:01:34","guid":{"rendered":"https:\/\/www.ticketswhales.com\/?post_type=product&#038;p=9731"},"modified":"2023-11-10T16:52:57","modified_gmt":"2023-11-10T16:52:57","slug":"bahia-de-las-aguilas-beach-day-trip-by-boat-day-pass-snorkeling-lunch","status":"publish","type":"product","link":"https:\/\/www.boattoursamana.com\/pt\/percorrer-2\/bahia-de-las-aguilas-praia-dia-viagem-de-barco-passeio-dia-snorkeling-almoco-2","title":{"rendered":"Bah\u00eda de las \u00c1guilas: passeio de barco pela praia \u2013 passe di\u00e1rio \u2013 mergulho com snorkel e almo\u00e7o"},"content":{"rendered":"<div class=\"vc_row wpb_row vc_row-fluid\" ><div class=\"wpb_column vc_column_container vc_col-sm-12\"><div class=\"vc_column-inner\"><div class=\"wpb_wrapper\"><div class=\"vc_btn3-container vc_btn3-inline\" ><button class=\"vc_general vc_btn3 vc_btn3-size-md vc_btn3-shape-rounded vc_btn3-style-modern vc_btn3-color-green\">AGENDE AGORA<\/button><\/div>\n\t<div class=\"wpb_text_column wpb_content_element\" >\n\t\t<div class=\"wpb_wrapper\">\n\t\t\t<div class=\"vc_row wpb_row vc_row-fluid\">\n<div class=\"wpb_column vc_column_container vc_col-sm-12\">\n<div class=\"vc_column-inner\">\n<div class=\"wpb_wrapper\">\n<div class=\"mkdf-section-title-holder\">\n<div class=\"mkdf-st-inner\">\n<h5 class=\"mkdf-st-subtitle\">Passe Di\u00e1rio \u2013 Snorkeling e Almo\u00e7o<\/h5>\n<h3 class=\"mkdf-st-title\">Bah\u00eda de las Aguilas: passeio de barco pela praia<\/h3>\n<\/div>\n<\/div>\n<\/div>\n<\/div>\n<\/div>\n<\/div>\n<div class=\"vc_row wpb_row vc_row-fluid\">\n<div class=\"wpb_column vc_column_container vc_col-sm-12\">\n<div class=\"vc_column-inner\">\n<div class=\"wpb_wrapper\">\n<div class=\"wpb_text_column wpb_content_element\">\n<div class=\"wpb_wrapper\">\n<h4><b><i>Vis\u00e3o geral<\/i><\/b><\/h4>\n<p>Desfrute de um dia na praia e deixe o seu esp\u00edrito fluir, longe das zonas tur\u00edsticas e de todo o stress. Venha conhecer o Parque Nacional Jaragu\u00e1 e a Bahia de las \u00c1guilas. Dirija por uma bela estrada com vistas deslumbrantes do pequeno porto e da vila de pescadores de Cabo Rojo. Em Las Cuevas voc\u00ea embarca em um barco que o leva em um passeio de 15 minutos a uma das mais belas praias naturais do mundo. As areias da Bah\u00eda de las Aguilas s\u00e3o intocadas e a ba\u00eda cobre 8 km. Experimente uma paisagem costeira excepcional com \u00e1guas cristalinas brilhando em tons que v\u00e3o do turquesa ao azul opala derretendo no horizonte. O almo\u00e7o \u00e9 servido na praia, nadar ou mergulhar e explorar este para\u00edso natural intocado.<\/p>\n<p>&nbsp;<\/p>\n<ul>\n<li>Guia Local com experi\u00eancia em Seguran\u00e7a na \u00e1rea.<\/li>\n<li>transporte privado<\/li>\n<li>Taxas inclu\u00eddas<\/li>\n<li>Almo\u00e7o<\/li>\n<li>Guia tur\u00edstico local em espanhol, ingl\u00eas ou franc\u00eas.<\/li>\n<li>Caminhada<\/li>\n<li>mergulho<\/li>\n<\/ul>\n<h4><b>Inclus\u00f5es e Exclus\u00f5es<\/b><\/h4>\n<p>&nbsp;<\/p>\n<p><b>Inclus\u00f5es<\/b><\/p>\n<ol>\n<li>Guia Local com experi\u00eancia em Seguran\u00e7a na \u00e1rea.<\/li>\n<li>Transporte privado para pequenos grupos<\/li>\n<li>Todos os impostos, taxas e encargos de manuseio<\/li>\n<li>Impostos locais<\/li>\n<li>Almo\u00e7o<\/li>\n<li>Caminhada<\/li>\n<li>piscinas naturais<\/li>\n<li>mergulho<\/li>\n<li>Todas as atividades<\/li>\n<\/ol>\n<p><b>Exclus\u00f5es<\/b><\/p>\n<ol>\n<li>Gorjetas<\/li>\n<li>Todas as bebidas<\/li>\n<\/ol>\n<h4><em><strong>Partida e Retorno<\/strong><\/em><\/h4>\n<p>O viajante receber\u00e1 um ponto de encontro ap\u00f3s o processo de reserva. Os passeios come\u00e7am e terminam em seus pontos de encontro.<\/p>\n<h2 class=\"styles__heading___mD4_3\" data-radium=\"true\">Bah\u00eda de las Aguilas: passeio de barco pela praia - passe de um dia - mergulho com snorkel e almo\u00e7o<\/h2>\n<h4><em>O que esperar?<\/em><\/h4>\n<p>Playa de las Aguilas recebeu o nome da \u00e1guia ind\u00edgena. \u00c9 conhecida como a praia mais bonita de todo o pa\u00eds. O clima do parque \u00e9 muito \u00e1rido e a vegeta\u00e7\u00e3o composta principalmente por cactos e outras plantas do deserto. A estrada de terra vermelha que corre ao longo da ba\u00eda \u00e9 compar\u00e1vel a uma paisagem de savana africana.<br \/>\nDescubra este para\u00edso para pescadores e amantes de praias de areia branca e \u00e1guas cristalinas. Mas primeiro, viaje para a aldeia La Cueva, onde os pescadores locais vivem dentro de cavernas.<\/p>\n<p>H\u00e1 alguma coisa faltando neste momento perfeito da imagem?<\/p>\n<p>O mar calmo e o vento fraco v\u00e3o evitar que voc\u00ea sofra muito com o sol e o calor. Torne-se um explorador por um dia e descubra um para\u00edso ecol\u00f3gico, natural e totalmente intocado. Poder\u00e1 observar mais de 130 esp\u00e9cies de aves, das quais 76 vivem permanentemente na ba\u00eda, 10 s\u00e3o end\u00e9micas e 47 s\u00e3o migrantes.<\/p>\n<p>08h00 \u2013 Sa\u00edda do hotel<br \/>\n09h30 \u2013 Breve parada na Laguna de Oviedo para apreciar a vista da plataforma de observa\u00e7\u00e3o<br \/>\n11h00 \u2013 Sa\u00edda de barco da vila La Cueva para a Bahia de las Aguilas<br \/>\n12h30 \u2013 Almo\u00e7o t\u00edpico na praia<br \/>\n03h00 \u2013 Retorno a La Cueva<br \/>\n06h00 \u2013 Chegada ao hotel<\/p>\n<h4><em><strong>O que voc\u00ea deve trazer?<\/strong><\/em><\/h4>\n<ul>\n<li>C\u00e2mera<\/li>\n<li>bot\u00f5es repelentes<\/li>\n<li>Protetor solar<\/li>\n<li>Banheiro<\/li>\n<li>Chap\u00e9u<\/li>\n<li>cal\u00e7as confort\u00e1veis<\/li>\n<li>Sapatos de caminhada para a floresta<\/li>\n<li>Sand\u00e1lias para as zonas de Primavera.<\/li>\n<li>roupa de banho<\/li>\n<\/ul>\n<p>&nbsp;<\/p>\n<h4><b><i>Hotel de retirada<\/i><\/b><\/h4>\n<p>O servi\u00e7o de busca no hotel \u00e9 oferecido para este passeio. Pickup\/Transporte desde o seu hotel (zona de Barahona\/Para\u00edso\/Los Patos).<\/p>\n<p><b>Observa\u00e7\u00e3o:<\/b>\u00a0Se voc\u00ea fizer a reserva dentro de 24 horas antes do hor\u00e1rio de partida do passeio\/excurs\u00e3o, podemos providenciar a retirada do hotel. Acabamos de pegar na \u00e1rea de Samana. Assim que sua compra for conclu\u00edda, enviaremos a voc\u00ea informa\u00e7\u00f5es de contato completas (n\u00famero de telefone, endere\u00e7o de e-mail, etc.) para que nosso guia tur\u00edstico local organize a retirada.<\/p>\n<h4><b><i>Informa\u00e7\u00e3o Adicional Confirma\u00e7\u00e3o<\/i><\/b><\/h4>\n<ol>\n<li>Os ingressos s\u00e3o o recibo ap\u00f3s o pagamento deste passeio. Voc\u00ea pode mostrar o pagamento em seu telefone.<\/li>\n<li>O ponto de encontro ser\u00e1 recebido ap\u00f3s o processo de reserva.<\/li>\n<li>As crian\u00e7as devem estar acompanhadas por um adulto.<\/li>\n<li>N\u00e3o acess\u00edvel para cadeira de rodas<\/li>\n<li>Beb\u00eas devem sentar no colo<\/li>\n<li>N\u00e3o recomendado para viajantes com problemas nas costas<\/li>\n<li>N\u00e3o recomendado para viajantes gr\u00e1vidas<\/li>\n<li>Sem problemas card\u00edacos ou outras condi\u00e7\u00f5es m\u00e9dicas graves<\/li>\n<li>A maioria dos viajantes pode participar<\/li>\n<\/ol>\n<h4><b><i>Pol\u00edtica de cancelamento<\/i><\/b><\/h4>\n<p>Para obter um reembolso total, cancele com pelo menos 24 horas de anteced\u00eancia da data de in\u00edcio da experi\u00eancia. Os fundos ser\u00e3o perdidos se a reserva for cancelada no mesmo dia da viagem.<\/p>\n<\/div>\n<\/div>\n<\/div>\n<\/div>\n<\/div>\n<\/div>\n\n\t\t<\/div>\n\t<\/div>\n<\/div><\/div><\/div><\/div><div class=\"wpb_column vc_column_container vc_col-sm-12\"><div class=\"vc_column-inner\"><div class=\"wpb_wrapper\"><\/div><\/div><\/div>","protected":false},"excerpt":{"rendered":"<p>Compre um bilhete di\u00e1rio para Bahia las Aguilas saindo de Barahona. Passando pelo Parque Nacional do Jaragu\u00e1 em dire\u00e7\u00e3o a Cabo Rojo, onde um barco espera por voc\u00ea. Ap\u00f3s um passeio de barco de 15 minutos, voc\u00ea chegar\u00e1 \u00e0 bela e isolada Ba\u00eda das \u00c1guias, considerada a praia mais bonita do pa\u00eds. O almo\u00e7o ser\u00e1 servido na praia e voc\u00ea ter\u00e1 a oportunidade de nadar ou simplesmente relaxar na praia. Aproveite a areia branca e imaculada desta praia de 8 km de extens\u00e3o.<\/p>\n<p><strong>Selecione o dia para esta viagem:\u00a0<\/strong><\/p>","protected":false},"featured_media":9747,"template":"","meta":[],"product_cat":[549,160],"product_tag":[557,554,555,563,560,556,564,559,553,567,566,561,565,558,562],"class_list":["post-9731","product","type-product","status-publish","has-post-thumbnail","hentry","product_cat-bahia-de-las-aguilas-dominican-republic","product_cat-lunch","product_tag-bahia-de-las-aguilas","product_tag-bahia-de-las-aguilas-pedernales","product_tag-bahia-de-las-aguilas-beach-tour","product_tag-bahia-de-las-aguilas-hoteles","product_tag-bahia-de-las-aguilas-map","product_tag-bahia-de-las-aguilas-private-tour","product_tag-bahia-de-las-aguilas-republica-dominicana-hotel","product_tag-bahia-de-las-aguilas-tour-from-punta-cana","product_tag-bahia-de-las-aguilas-beach-day-trip-by-boat","product_tag-bahia-las-aguilas-tours","product_tag-barahona-tours","product_tag-closest-airport-to-bahia-de-las-aguilas","product_tag-hotel-barahona","product_tag-playa-bahia-de-las-aguilas-dominican-republic","product_tag-tours-a-bahia-de-las-aguilas-desde-santo-domingo"],"_links":{"self":[{"href":"https:\/\/www.boattoursamana.com\/pt\/wp-json\/wp\/v2\/product\/9731","targetHints":{"allow":["GET"]}}],"collection":[{"href":"https:\/\/www.boattoursamana.com\/pt\/wp-json\/wp\/v2\/product"}],"about":[{"href":"https:\/\/www.boattoursamana.com\/pt\/wp-json\/wp\/v2\/types\/product"}],"wp:featuredmedia":[{"embeddable":true,"href":"https:\/\/www.boattoursamana.com\/pt\/wp-json\/wp\/v2\/media\/9747"}],"wp:attachment":[{"href":"https:\/\/www.boattoursamana.com\/pt\/wp-json\/wp\/v2\/media?parent=9731"}],"wp:term":[{"taxonomy":"product_cat","embeddable":true,"href":"https:\/\/www.boattoursamana.com\/pt\/wp-json\/wp\/v2\/product_cat?post=9731"},{"taxonomy":"product_tag","embeddable":true,"href":"https:\/\/www.boattoursamana.com\/pt\/wp-json\/wp\/v2\/product_tag?post=9731"}],"curies":[{"name":"wp","href":"https:\/\/api.w.org\/{rel}","templated":true}]}}