{"id":15755,"date":"2023-07-15T07:43:13","date_gmt":"2023-07-15T07:43:13","guid":{"rendered":"https:\/\/www.ticketswhales.com\/samana-cayo-levantado-bacardi-island-and-whale-watching-from-miches-in-catamaran\/"},"modified":"2023-07-15T07:43:13","modified_gmt":"2023-07-15T07:43:13","slug":"samana-cayo-levantado-bacardi-island-and-whale-watching-from-miches-in-catamaran","status":"publish","type":"page","link":"https:\/\/www.boattoursamana.com\/pt_pt\/samana-cayo-levantada-ilha-bacardi-e-observacao-de-baleias-de-miches-em-catamara","title":{"rendered":"Saman\u00e1 Cayo Levantado (Ilha Bacardi) e observa\u00e7\u00e3o de baleias de Miches em catamar\u00e3"},"content":{"rendered":"<p><span style=\"vertical-align: inherit;\"><span style=\"vertical-align: inherit;\">Passeios e excurs\u00f5es em Whale Miches. <\/span><span style=\"vertical-align: inherit;\">Reserve seus boletos para o avistamento de bailes na Ba\u00eda de Saman\u00e1, vindo de Miches e visitando Cayo Levantado, tamb\u00e9m conhecido como Isla Bacard\u00ed para uma aventura com passo de um dia.<\/span><\/span><br \/>\nn<br \/>\nn&nbsp;<br \/>\nn<br \/>\nn<em><strong><span style=\"vertical-align: inherit;\"><span style=\"vertical-align: inherit;\">Selecione a data da excurs\u00e3o:<\/span><\/span><\/strong><\/em><\/p>\n<p>&nbsp;<\/p>\n<div class=\"vc_row wpb_row vc_row-fluid\" ><div class=\"wpb_column vc_column_container vc_col-sm-12\"><div class=\"vc_column-inner\"><div class=\"wpb_wrapper\">\n\t<div class=\"wpb_text_column wpb_content_element\" >\n\t\t<div class=\"wpb_wrapper\">\n\t\t\t<p><span style=\"vertical-align: inherit;\"><span style=\"vertical-align: inherit;\"><\/p>\n\n\t\t<\/div>\n\t<\/div>\n<\/div><\/div><\/div><\/div><div class=\"vc_row wpb_row vc_row-fluid\" ><\/div><div class=\"wpb_column vc_column_container vc_col-sm-12\"><div class=\"vc_column-inner\"><div class=\"wpb_wrapper\"><\/div><\/div><\/div><div class=\"vc_row wpb_row vc_row-fluid\" ><\/div><div class=\"wpb_column vc_column_container vc_col-sm-12\"><div class=\"vc_column-inner\"><div class=\"wpb_wrapper\"><div class=\"vc_btn3-container vc_btn3-inline\" ><button class=\"vc_general vc_btn3 vc_btn3-size-md vc_btn3-shape-rounded vc_btn3-style-modern vc_btn3-color-green\">AGENDE AGORA<\/button><\/div><\/div><\/div><\/div><div class=\"mkdf-section-title-holder\" style=\"text-align: left\">\n\t<div class=\"mkdf-st-inner\">\n\t\t\t\t\t\t\t<h3 class=\"mkdf-st-title\" >\n\t\t\t\tCayo Levantado + Observa\u00e7\u00e3o de bolas de Miches em catamar\u00e3\t\t\t<\/h3>\n\t\t\t\t\t<\/div>\n<\/div><div class=\"vc_empty_space\"   style=\"height: 32px\"><span class=\"vc_empty_space_inner\"><\/span><\/div>\n\t<div class=\"wpb_text_column wpb_content_element\" >\n\t\t<div class=\"wpb_wrapper\">\n\t\t\t<p>\u00a0<\/span><\/span><br \/>\nn<\/p>\n<div class=\"vc_empty_space\"><\/div>\n<p>n<\/p>\n<div class=\"wpb_text_column wpb_content_element\">\nn<\/p>\n<div class=\"wpb_wrapper\">\nn<\/p>\n<div class=\"vc_row wpb_row vc_row-fluid\">\nn<\/p>\n<div class=\"wpb_column vc_column_container vc_col-sm-12\">\nn<\/p>\n<div class=\"vc_column-inner\">\nn<\/p>\n<div class=\"wpb_wrapper\">\nn<\/p>\n<div class=\"wpb_text_column wpb_content_element\">\nn<\/p>\n<div class=\"wpb_wrapper\">\nn<\/p>\n<div class=\"vc_row wpb_row vc_row-fluid\">\nn<\/p>\n<div class=\"wpb_column vc_column_container vc_col-sm-12\">\nn<\/p>\n<div class=\"vc_column-inner\">\nn<\/p>\n<div class=\"wpb_wrapper\">\nn<\/p>\n<div class=\"wpb_text_column wpb_content_element\">\nn<\/p>\n<div class=\"wpb_wrapper\">\nn<\/p>\n<h4><a id=\"overview\" class=\"aal_anchor\" href=\"https:\/\/www.boattoursamana.com\/pt_pt\/percorrer\/samana-cayo-levantada-ilha-bacardi-e-observacao-de-baleias-de-miches-em-catamara\/#overview\" aria-hidden=\"true\"><\/a><b><i>Vis\u00e3o geral<\/i><\/b><\/h4>\n<p>nObserva\u00e7\u00e3o de baleias na ba\u00eda de Saman\u00e1 a partir do porto de Miches em catamar\u00e3. Esta viagem come\u00e7a \u00e0s 9h e termina \u00e0s 17h. Encontro antes em nosso porto de Miches. Ap\u00f3s abortar o nosso Catamar\u00e3 ou Barco para visitar as Baleias no seu pr\u00f3prio habitat.<br \/>\nn<br \/>\nnDas 9h00 \u00e0s 12h00 Observat\u00f3rio de observa\u00e7\u00e3o de baleias e ap\u00f3s esta viagem de baleias visitaremos a Ilha Bacardi \/ Cayo Levantado. Na Ilha Bacardi, ser\u00e1 oferecido buffet de almo\u00e7o t\u00edpico dominicano. Quando o almo\u00e7o terminar, voc\u00ea poder\u00e1 nadar at\u00e9 as 16h30. O passeio terminar\u00e1 \u00e0s 17:00 horas no mesmo porto onde come\u00e7ar\u00e1.<br \/>\nn<br \/>\nnNota: Este passeio n\u00e3o \u00e9 privado.<strong>\u00a0Para um tour privado, entre em contato conosco.<\/strong><br \/>\nn<\/p>\n<ul>\nn \t<\/p>\n<li>Viagem de observa\u00e7\u00e3o de baleias<\/li>\n<p>n \t<\/p>\n<li>Taxas de entrada no Observat\u00f3rio<\/li>\n<p>n \t<\/p>\n<li>Inclui almo\u00e7o Buffet na praia<\/li>\n<p>n \t<\/p>\n<li>Transfer\u00eancia de barco<\/li>\n<p>n \t<\/p>\n<li>O capit\u00e3o fornece instru\u00e7\u00e3o e supervis\u00e3o<\/li>\n<p>n \t<\/p>\n<li>Guia tur\u00edstico<\/li>\n<p>n<\/ul>\n<p>n&nbsp;<br \/>\nn<\/p>\n<h4><a id=\"inclusions-exclusions\" class=\"aal_anchor\" href=\"https:\/\/www.boattoursamana.com\/pt_pt\/percorrer\/samana-cayo-levantada-ilha-bacardi-e-observacao-de-baleias-de-miches-em-catamara\/#inclusions-exclusions\" aria-hidden=\"true\"><\/a><b>Inclus\u00f5es e Exclus\u00f5es<\/b><\/h4>\n<p>n&nbsp;<br \/>\nn<br \/>\nn<b>Inclus\u00f5es<\/b><br \/>\nn<br \/>\nn&nbsp;<br \/>\nn<\/p>\n<ol>\nn \t<\/p>\n<li>Almo\u00e7o buffet na praia<\/li>\n<p>n \t<\/p>\n<li>Observando a baleia<\/li>\n<p>n \t<\/p>\n<li>Guia tur\u00edstico<\/li>\n<p>n \t<\/p>\n<li>Passeio de catamar\u00e3 ou barco<\/li>\n<p>n \t<\/p>\n<li>Todos os impostos, taxas e encargos de manuseio<\/li>\n<p>n \t<\/p>\n<li>Impostos locais<\/li>\n<p>n \t<\/p>\n<li>Bebidas<\/li>\n<p>n \t<\/p>\n<li>Bebidas Alco\u00f3licas<\/li>\n<p>n<\/ol>\n<p>n<b>Exclus\u00f5es<\/b><br \/>\nn<\/p>\n<ol>\nn \t<\/p>\n<li>Gorjetas<\/li>\n<p>n \t<\/p>\n<li>Carro de transfer\u00eancia<\/li>\n<p>n<\/ol>\n<p>n&nbsp;<br \/>\nn<\/p>\n<h4><a id=\"departure-return\" class=\"aal_anchor\" href=\"https:\/\/www.boattoursamana.com\/pt_pt\/percorrer\/samana-cayo-levantada-ilha-bacardi-e-observacao-de-baleias-de-miches-em-catamara\/#departure-return\" aria-hidden=\"true\"><\/a><em><strong>Partida e Retorno<\/strong><\/em><\/h4>\n<p>O viajante receber\u00e1 um ponto de encontro ap\u00f3s o Processo de Reserva. Os passeios come\u00e7am e terminam nos seus pontos de encontro.<br \/>\nn<br \/>\nn&nbsp;<br \/>\nn<\/p>\n<h4><a id=\"what-to-expect\" class=\"aal_anchor\" href=\"https:\/\/www.boattoursamana.com\/pt_pt\/percorrer\/samana-cayo-levantada-ilha-bacardi-e-observacao-de-baleias-de-miches-em-catamara\/#what-to-expect\" aria-hidden=\"true\"><\/a><b><i>O que esperar?<\/i><\/b><\/h4>\n<p>n&nbsp;<br \/>\nn<br \/>\nn<em><strong>Obtenha seus ingressos<\/strong><\/em>\u00a0para um dia de observa\u00e7\u00e3o de baleias na ba\u00eda de Saman\u00e1 come\u00e7ando em Miches em catamar\u00e3 com bebidas locais, al\u00e9m de um maravilhoso almo\u00e7o e tempo de praia.<br \/>\nn<br \/>\nnO Daypass para observa\u00e7\u00e3o de cet\u00e1ceos, organizado pela \u201cBooking Adventures\u201d tem in\u00edcio no ponto de encontro marcado com o Guia Tur\u00edstico. Almo\u00e7o na praia e voc\u00ea pode ficar o tempo que quiser nadando. Se voc\u00ea \u00e9 vegano, tamb\u00e9m podemos preparar alguma comida para voc\u00ea.<br \/>\nn<br \/>\nn<strong>Calend\u00e1rio:<\/strong><br \/>\nn<br \/>\nn8h45 \u2013 17h<br \/>\nn<br \/>\nn&nbsp;<br \/>\nn<\/p>\n<h4><a id=\"what-you-should-bring\" class=\"aal_anchor\" href=\"https:\/\/www.boattoursamana.com\/pt_pt\/percorrer\/samana-cayo-levantada-ilha-bacardi-e-observacao-de-baleias-de-miches-em-catamara\/#what-you-should-bring\" aria-hidden=\"true\"><\/a><em><strong>O que voc\u00ea deve trazer?<\/strong><\/em><\/h4>\n<p>n<\/p>\n<ul>\nn \t<\/p>\n<li>C\u00e2mera<\/li>\n<p>n \t<\/p>\n<li>Bot\u00f5es repelentes<\/li>\n<p>n \t<\/p>\n<li>Protetor solar<\/li>\n<p>n \t<\/p>\n<li>Chap\u00e9u<\/li>\n<p>n \t<\/p>\n<li>Cal\u00e7as confort\u00e1veis<\/li>\n<p>n \t<\/p>\n<li>Sand\u00e1lias para a praia<\/li>\n<p>n \t<\/p>\n<li>Roupa de nata\u00e7\u00e3o<\/li>\n<p>n \t<\/p>\n<li>Dinheiro para lembran\u00e7as<\/li>\n<p>n<\/ul>\n<p>n&nbsp;<br \/>\nn<\/p>\n<h4><a id=\"hotel-pickup\" class=\"aal_anchor\" href=\"https:\/\/www.boattoursamana.com\/pt_pt\/percorrer\/samana-cayo-levantada-ilha-bacardi-e-observacao-de-baleias-de-miches-em-catamara\/#hotel-pickup\" aria-hidden=\"true\"><\/a><b><i>Recolha no hotel<\/i><\/b><\/h4>\n<p>nA retirada do hotel n\u00e3o \u00e9 oferecida para este passeio.<br \/>\nn<br \/>\nn&nbsp;<br \/>\nn<br \/>\nn<b>Observa\u00e7\u00e3o:<\/b>\u00a0Se voc\u00ea fizer a reserva dentro de 24 horas antes do hor\u00e1rio de partida do passeio\/excurs\u00e3o, podemos providenciar a retirada do hotel com custos extras. Assim que sua compra for conclu\u00edda, enviaremos a voc\u00ea informa\u00e7\u00f5es de contato completas (n\u00famero de telefone, endere\u00e7o de e-mail, etc.) para que nosso guia tur\u00edstico local organize a retirada.<br \/>\nn<\/p>\n<h4><a id=\"additional-info-confirmation\" class=\"aal_anchor\" href=\"https:\/\/www.boattoursamana.com\/pt_pt\/percorrer\/samana-cayo-levantada-ilha-bacardi-e-observacao-de-baleias-de-miches-em-catamara\/#additional-info-confirmation\" aria-hidden=\"true\"><\/a><b><i>Confirma\u00e7\u00e3o de informa\u00e7\u00f5es adicionais<\/i><\/b><\/h4>\n<p>n<\/p>\n<ol>\nn \t<\/p>\n<li>Os ingressos s\u00e3o o recibo ap\u00f3s o pagamento deste passeio. Voc\u00ea pode mostrar o pagamento no seu telefone.<\/li>\n<p>n \t<\/p>\n<li>O ponto de encontro ser\u00e1 recebido ap\u00f3s o processo de reserva.<\/li>\n<p>n \t<\/p>\n<li>As crian\u00e7as devem estar acompanhadas por um adulto.<\/li>\n<p>n \t<\/p>\n<li>Acess\u00edvel a cadeiras de rodas<\/li>\n<p>n \t<\/p>\n<li>Os beb\u00eas devem sentar-se no colo<\/li>\n<p>n \t<\/p>\n<li>A maioria dos viajantes pode participar<\/li>\n<p>n<\/ol>\n<p>n<\/p>\n<h4><a id=\"cancellation-policy\" class=\"aal_anchor\" href=\"https:\/\/www.boattoursamana.com\/pt_pt\/percorrer\/samana-cayo-levantada-ilha-bacardi-e-observacao-de-baleias-de-miches-em-catamara\/#cancellation-policy\" aria-hidden=\"true\"><\/a><b><i>Pol\u00edtica de cancelamento<\/i><\/b><\/h4>\n<p>nPara obter reembolso total, cancele com pelo menos 24 horas de anteced\u00eancia da data de in\u00edcio da experi\u00eancia.<br \/>\nn<br \/>\nn\n<\/div>\n<p>n\n<\/p><\/div>\n<p>n\n<\/p><\/div>\n<p>n\n<\/p><\/div>\n<p>n\n<\/p><\/div>\n<p>n\n<\/p><\/div>\n<p>n\n<\/p><\/div>\n<p>n\n<\/p><\/div>\n<p>n\n<\/p><\/div>\n<p>n\n<\/p><\/div>\n<p>n\n<\/p><\/div>\n<p>n\n<\/p><\/div>\n<p>n<\/p>\n<div class=\"vc_row wpb_row vc_row-fluid\">\nn<\/p>\n<div class=\"wpb_column vc_column_container vc_col-sm-12\">\nn<\/p>\n<div class=\"vc_column-inner\">\nn<\/p>\n<div class=\"wpb_wrapper\">\nn<\/p>\n<div class=\"vc_empty_space\"><\/div>\n<p>n<\/p>\n<div class=\"wpb_text_column wpb_content_element\">\nn<\/p>\n<div class=\"wpb_wrapper\">\nn<\/p>\n<h4><a id=\"contact-us\" class=\"aal_anchor\" href=\"https:\/\/www.boattoursamana.com\/pt_pt\/percorrer\/samana-cayo-levantada-ilha-bacardi-e-observacao-de-baleias-de-miches-em-catamara\/#contact-us\" aria-hidden=\"true\"><\/a>Contate-nos?<\/h4>\n<p>n<\/p>\n<h5><\/h5>\n<p>n<em><strong>Moradores<\/strong>\u00a0e\u00a0<strong>Nacionais<\/strong>\u00a0Guias tur\u00edsticos e servi\u00e7os aos h\u00f3spedes<\/em><br \/>\nn<br \/>\nn<span class=\"text-turquoise\">Reservas:<\/span>\u00a0Passeios e excurs\u00f5es em Dom. Representante.<br \/>\nn<br \/>\nn<img decoding=\"async\" class=\"emoji\" title=\"Saman\u00e1 Cayo Levantado (Ilha Bacardi) e observa\u00e7\u00e3o de baleias de Miches em catamar\u00e3\" draggable=\"false\" src=\"https:\/\/s.w.org\/images\/core\/emoji\/11.2.0\/svg\/1f4de.svg\" alt=\" \" \/> Telefone\/Whatsapp <strong><a href=\"tel:+1 (829) 318-9463\">+1 (829) 318-9463.<\/a><\/strong><br \/>\nn<br \/>\nn<img decoding=\"async\" class=\"emoji\" title=\"Saman\u00e1 Cayo Levantado (Ilha Bacardi) e observa\u00e7\u00e3o de baleias de Miches em catamar\u00e3\" draggable=\"false\" src=\"https:\/\/s.w.org\/images\/core\/emoji\/11.2.0\/svg\/1f4e9.svg\" alt=\" \" \/>\u00a0<a href=\"mailto:reservabatour@gmail.com\">reservabatour@gmail.com<\/a><br \/>\nn<br \/>\nn<strong>Somos Tours Privados com Configura\u00e7\u00e3o Flex\u00edvel pelo Whatsapp:\u00a0<a href=\"tel:+1 (829) 318-9463\">+1 (829) 318-9463.<\/a><\/strong><br \/>\nn<br \/>\nn<\/div>\n<p>n\n<\/p><\/div>\n<p>n\n<\/p><\/div>\n<p>n\n<\/p><\/div>\n<p>n\n<\/p><\/div>\n<p>n\n<\/p><\/div>\n<p>n\n<\/p><\/div>\n<p>n\n<\/p><\/div>\n<p>n<\/p>\n\n\t\t<\/div>\n\t<\/div>\n<div class=\"vc_row wpb_row vc_row-fluid\" ><div class=\"wpb_column vc_column_container vc_col-sm-12\"><div class=\"vc_column-inner\"><div class=\"wpb_wrapper\"><div class=\"vc_btn3-container vc_btn3-inline\" ><button class=\"vc_general vc_btn3 vc_btn3-size-md vc_btn3-shape-rounded vc_btn3-style-modern vc_btn3-color-green\">AGENDE AGORA<\/button><\/div><\/div><\/div><\/div><\/div>","protected":false},"excerpt":{"rendered":"<p>Whale Miches Tours &amp; Excursiones. Reserve sus boletos para el avistamiento de ballenas en la Bah\u00eda de Saman\u00e1, comenzando desde Miches y visitando Cayo Levantado, tambi\u00e9n conocida como Isla Bacard\u00ed para una aventura con pase de un d\u00eda. n n&nbsp; n nSeleccione la fecha de la excursi\u00f3n: &nbsp;<\/p>","protected":false},"author":2,"featured_media":0,"parent":0,"menu_order":0,"comment_status":"open","ping_status":"closed","template":"","meta":{"footnotes":""},"class_list":["post-15755","page","type-page","status-publish","hentry"],"_links":{"self":[{"href":"https:\/\/www.boattoursamana.com\/pt_pt\/wp-json\/wp\/v2\/pages\/15755","targetHints":{"allow":["GET"]}}],"collection":[{"href":"https:\/\/www.boattoursamana.com\/pt_pt\/wp-json\/wp\/v2\/pages"}],"about":[{"href":"https:\/\/www.boattoursamana.com\/pt_pt\/wp-json\/wp\/v2\/types\/page"}],"author":[{"embeddable":true,"href":"https:\/\/www.boattoursamana.com\/pt_pt\/wp-json\/wp\/v2\/users\/2"}],"replies":[{"embeddable":true,"href":"https:\/\/www.boattoursamana.com\/pt_pt\/wp-json\/wp\/v2\/comments?post=15755"}],"version-history":[{"count":0,"href":"https:\/\/www.boattoursamana.com\/pt_pt\/wp-json\/wp\/v2\/pages\/15755\/revisions"}],"wp:attachment":[{"href":"https:\/\/www.boattoursamana.com\/pt_pt\/wp-json\/wp\/v2\/media?parent=15755"}],"curies":[{"name":"wp","href":"https:\/\/api.w.org\/{rel}","templated":true}]}}