{"id":15756,"date":"2023-07-15T07:43:13","date_gmt":"2023-07-15T07:43:13","guid":{"rendered":"https:\/\/www.ticketswhales.com\/private-tour-samana-whale-watching-cayo-levantado-bacardi-island-from-samana-port\/"},"modified":"2023-07-15T07:43:13","modified_gmt":"2023-07-15T07:43:13","slug":"private-tour-samana-whale-watching-cayo-levantado-bacardi-island-from-samana-port","status":"publish","type":"page","link":"https:\/\/www.boattoursamana.com\/pt_pt\/tour-privado-observacao-de-baleias-em-samana-cayo-levantado-ilha-bacardi-do-porto-de-samana","title":{"rendered":"Tour Privado Observa\u00e7\u00e3o de Baleias em Saman\u00e1 + Cayo Levantado (Ilha Bacardi) do Porto de Saman\u00e1"},"content":{"rendered":"<p>Viagem privada de observa\u00e7\u00e3o de baleias na ba\u00eda de Samana, Rep\u00fablica Dominicana, com guias tur\u00edsticos locais. Fique \u00e0 vontade para definir seu hor\u00e1rio de chegada ou de t\u00e9rmino da excurs\u00e3o. O almo\u00e7o e o hor\u00e1rio s\u00e3o definidos por voc\u00ea. Reserve agora esta excurs\u00e3o na ba\u00eda de Samana para uma boa experi\u00eancia de observa\u00e7\u00e3o de baleias.<br \/>\nn<br \/>\nnNota: Este tour \u00e9 um tour privado com pagamento m\u00ednimo. Para aderir a um grupo de observa\u00e7\u00e3o de baleias com o mesmo pre\u00e7o em Catamaran por favor\u00a0 <a href=\"https:\/\/www.boattoursamana.com\/pt_pt\/tours-excursions\/tours-and-excursions\/observacao-de-baleia-samana-cayo-levantado\/\">CLIQUE AQUI.<\/a><br \/>\nn<br \/>\nn&nbsp;<br \/>\nn<br \/>\nn<em><strong>Por favor, selecione a data da excurs\u00e3o:<\/strong><\/em><\/p>\n<p>&nbsp;<\/p>\n<div class=\"vc_row wpb_row vc_row-fluid\" ><div class=\"wpb_column vc_column_container vc_col-sm-12\"><div class=\"vc_column-inner\"><div class=\"wpb_wrapper\"><div class=\"vc_empty_space\"   style=\"height: 32px\"><span class=\"vc_empty_space_inner\"><\/span><\/div><div class=\"mkdf-section-title-holder\" style=\"text-align: left\">\n\t<div class=\"mkdf-st-inner\">\n\t\t\t\t\t<h5 class=\"mkdf-st-subtitle\" >\n\t\t\t\tDo porto de Saman\u00e1 Passeio de barco privado\t\t\t<\/h5>\n\t\t\t\t\t\t\t<h3 class=\"mkdf-st-title\" >\n\t\t\t\tSamana Cayo Levantado + Observa\u00e7\u00e3o de Baleias\t\t\t<\/h3>\n\t\t\t\t\t<\/div>\n<\/div><div class=\"vc_message_box vc_message_box-standard vc_message_box-rounded vc_color-info\" ><div class=\"vc_message_box-icon\"><i class=\"fas fa-info-circle\"><\/i><\/div><p>Este \u00e9 um tour privado com m\u00ednimo de 4 pessoas. Para reservar a mesma viagem em grupos de catamar\u00e3 <a href=\"https:\/\/www.boattoursamana.com\/pt_pt\/tours-excursions\/tours-and-excursions\/observacao-de-baleia-samana-cayo-levantado\/\">Clique aqui.<\/a><br \/>\nn<br \/>\nnSe voc\u00ea tem menos de 4 pessoas e gosta de privado, entre em contato conosco.<\/p>\n<\/div><div class=\"vc_empty_space\"   style=\"height: 32px\"><span class=\"vc_empty_space_inner\"><\/span><\/div><\/div><\/div><\/div><\/div><div class=\"vc_row wpb_row vc_row-fluid\" ><div class=\"wpb_column vc_column_container vc_col-sm-12\"><div class=\"vc_column-inner\"><div class=\"wpb_wrapper\"><div class=\"vc_btn3-container vc_btn3-inline\" ><a class=\"vc_general vc_btn3 vc_btn3-size-md vc_btn3-shape-rounded vc_btn3-style-modern vc_btn3-color-green\" href=\"https:\/\/bookingadventures.tours\/booking.php?tour_id=ccd2fafcfb0614232b46b749871336cb\" title=\"AGENDE AGORA\" rel=\"noopener\">AGENDE AGORA<\/a><\/div>\n\t<div class=\"wpb_text_column wpb_content_element\" >\n\t\t<div class=\"wpb_wrapper\">\n\t\t\t<p>\nn<\/p>\n<div class=\"vc_row wpb_row vc_row-fluid\">\nn<\/p>\n<div class=\"wpb_column vc_column_container vc_col-sm-12\">\nn<\/p>\n<div class=\"vc_column-inner\">\nn<\/p>\n<div class=\"wpb_wrapper\">\nn<\/p>\n<div class=\"wpb_text_column wpb_content_element\">\nn<\/p>\n<div class=\"wpb_wrapper\">\nn<\/p>\n<div class=\"vc_row wpb_row vc_row-fluid\">\nn<\/p>\n<div class=\"wpb_column vc_column_container vc_col-sm-12\">\nn<\/p>\n<div class=\"vc_column-inner\">\nn<\/p>\n<div class=\"wpb_wrapper\">\nn<\/p>\n<div class=\"wpb_text_column wpb_content_element\">\nn<\/p>\n<div class=\"wpb_wrapper\">\nn<\/p>\n<h4><b><i>Vis\u00e3o geral<img decoding=\"async\" class=\"emoji\" draggable=\"false\" src=\"https:\/\/s.w.org\/images\/core\/emoji\/12.0.0-1\/svg\/1f433.svg\" alt=\" \" title=\"\"><\/i><\/b><\/h4>\n<p>n<strong>Evite grandes grupos de turistas<\/strong>\u00a0e fa\u00e7a sua observa\u00e7\u00e3o de baleias na ba\u00eda de Saman\u00e1 a partir do porto de Saman\u00e1 em um barco particular. Esta viagem come\u00e7a \u00e0s 9h e termina \u00e0s 17h. Mas por ser uma viagem privada voc\u00ea poder\u00e1 definir o hor\u00e1rio de in\u00edcio e t\u00e9rmino. Reuni\u00e3o pr\u00e9via em nosso escrit\u00f3rio pr\u00f3ximo ao Restaurante Royal. Depois abortamos o nosso Barco para visitar as Baleias no seu pr\u00f3prio habitat. Nossos capit\u00e3es s\u00e3o treinados para garantir que voc\u00ea veja baleias.<br \/>\nn<br \/>\nnDas 9h00 \u00e0s 12h00 Observat\u00f3rio de observa\u00e7\u00e3o de baleias e ap\u00f3s esta viagem de baleias visitaremos a Ilha Bacardi \/ Cayo Levantado. Na Ilha Bacardi ser\u00e1 servido Buffet de Almo\u00e7o t\u00edpico dominicano (Arroz, Feij\u00e3o, Peixe, Saladas\u2026). Quando o almo\u00e7o terminar, voc\u00ea poder\u00e1 nadar at\u00e9 as 16h30. O passeio terminar\u00e1 \u00e0s 17:00 horas no mesmo porto de onde come\u00e7ar\u00e1.<br \/>\nn<br \/>\nn<strong>Observa\u00e7\u00e3o:<\/strong>\u00a0Este passeio \u00e9 privado. (S\u00f3 voc\u00ea e fam\u00edlia ou amigos a bordo com Capit\u00e3o e Guia Tur\u00edstico).<br \/>\nn<\/p>\n<ul>\nn \t<\/p>\n<li>Viagem de observa\u00e7\u00e3o de baleias<\/li>\n<p>n \t<\/p>\n<li>Taxas de entrada no Observat\u00f3rio<\/li>\n<p>n \t<\/p>\n<li>Inclui almo\u00e7o Buffet na praia<\/li>\n<p>n \t<\/p>\n<li>Transfer\u00eancia de barco<\/li>\n<p>n \t<\/p>\n<li>O capit\u00e3o fornece instru\u00e7\u00e3o e supervis\u00e3o<\/li>\n<p>n \t<\/p>\n<li>Guia tur\u00edstico<\/li>\n<p>n<\/ul>\n<p>n&nbsp;<br \/>\nn<\/p>\n<h4><b>Inclus\u00f5es e Exclus\u00f5es<\/b><\/h4>\n<p>n&nbsp;<br \/>\nn<br \/>\nn<b>Inclus\u00f5es<\/b><br \/>\nn<br \/>\nn&nbsp;<br \/>\nn<\/p>\n<ol>\nn \t<\/p>\n<li>Almo\u00e7o buffet na praia<\/li>\n<p>n \t<\/p>\n<li>Guia tur\u00edstico<\/li>\n<p>n \t<\/p>\n<li>Passeio de catamar\u00e3 ou barco<\/li>\n<p>n \t<\/p>\n<li>Todos os impostos, taxas e encargos de manuseio<\/li>\n<p>n \t<\/p>\n<li>Impostos locais<\/li>\n<p>n \t<\/p>\n<li>Bebidas<\/li>\n<p>n<\/ol>\n<p>n<b>Exclus\u00f5es<\/b><br \/>\nn<\/p>\n<ol>\nn \t<\/p>\n<li>Gorjetas<\/li>\n<p>n \t<\/p>\n<li>Carro de transfer\u00eancia<\/li>\n<p>n \t<\/p>\n<li>Bebidas Alco\u00f3licas<\/li>\n<p>n<\/ol>\n<p>n&nbsp;<br \/>\nn<\/p>\n<h4><em><strong>Partida e Retorno<\/strong><\/em><\/h4>\n<p>O viajante receber\u00e1 um ponto de encontro ap\u00f3s o Processo de Reserva. Os passeios come\u00e7am e terminam nos seus pontos de encontro.<br \/>\nn<br \/>\nn&nbsp;<br \/>\nn<\/p>\n<h4><b><i>O que esperar?<\/i><\/b><\/h4>\n<p>n&nbsp;<br \/>\nn<br \/>\nn<em><strong>Obtenha seus ingressos<\/strong><\/em>\u00a0por um dia de excurs\u00e3o privada para observa\u00e7\u00e3o de baleias na ba\u00eda de Saman\u00e1, al\u00e9m de um maravilhoso almo\u00e7o e tempo de praia na Ilha Bacardi.<br \/>\nn<br \/>\nnO Daypass para observa\u00e7\u00e3o de cet\u00e1ceos, organizado pela \u201cBooking Adventures\u201d tem in\u00edcio no ponto de encontro marcado com o Guia Tur\u00edstico. Almo\u00e7o na praia e voc\u00ea pode ficar o tempo que quiser nadando. Se voc\u00ea \u00e9 vegano, tamb\u00e9m podemos preparar alguma comida para voc\u00ea.<br \/>\nn<br \/>\nn<strong>Calend\u00e1rio:<\/strong><br \/>\nn<br \/>\nn8h45 \u2013 17h<br \/>\nn<br \/>\nn&nbsp;<br \/>\nn<\/p>\n<h4><em><strong>O que voc\u00ea deve trazer?<\/strong><\/em><\/h4>\n<p>n<\/p>\n<ul>\nn \t<\/p>\n<li>C\u00e2mera<\/li>\n<p>n \t<\/p>\n<li>Bot\u00f5es repelentes<\/li>\n<p>n \t<\/p>\n<li>protetor solar<\/li>\n<p>n \t<\/p>\n<li>Chap\u00e9u<\/li>\n<p>n \t<\/p>\n<li>Cal\u00e7as confort\u00e1veis<\/li>\n<p>n \t<\/p>\n<li>Sand\u00e1lias para a praia<\/li>\n<p>n \t<\/p>\n<li>Roupa de nata\u00e7\u00e3o<\/li>\n<p>n \t<\/p>\n<li>Dinheiro para lembran\u00e7as<\/li>\n<p>n<\/ul>\n<p>n&nbsp;<br \/>\nn<\/p>\n<h4><b><i>Recolha no hotel<\/i><\/b><\/h4>\n<p>nA retirada do hotel n\u00e3o \u00e9 oferecida para este passeio.<br \/>\nn<br \/>\nn&nbsp;<br \/>\nn<br \/>\nn<b>Observa\u00e7\u00e3o:<\/b>\u00a0Se voc\u00ea fizer a reserva dentro de 24 horas antes do hor\u00e1rio de partida do passeio\/excurs\u00e3o, podemos providenciar a retirada do hotel com custos extras. Assim que sua compra for conclu\u00edda, enviaremos a voc\u00ea informa\u00e7\u00f5es de contato completas (n\u00famero de telefone, endere\u00e7o de e-mail, etc.) para que nosso guia tur\u00edstico local organize a retirada.<br \/>\nn<\/p>\n<h4><b><i>Confirma\u00e7\u00e3o de informa\u00e7\u00f5es adicionais<\/i><\/b><\/h4>\n<p>n<\/p>\n<ol>\nn \t<\/p>\n<li>Os ingressos s\u00e3o o recibo ap\u00f3s o pagamento deste passeio. Voc\u00ea pode mostrar o pagamento no seu telefone.<\/li>\n<p>n \t<\/p>\n<li>O ponto de encontro ser\u00e1 recebido ap\u00f3s o processo de reserva.<\/li>\n<p>n \t<\/p>\n<li>As crian\u00e7as devem estar acompanhadas por um adulto.<\/li>\n<p>n \t<\/p>\n<li>Acess\u00edvel a cadeiras de rodas<\/li>\n<p>n \t<\/p>\n<li>Os beb\u00eas devem sentar-se no colo<\/li>\n<p>n \t<\/p>\n<li>A maioria dos viajantes pode participar<\/li>\n<p>n<\/ol>\n<p>n<\/p>\n<h4><b><i>Pol\u00edtica de cancelamento<\/i><\/b><\/h4>\n<p>n<span style=\"font-weight: 400;\">Para um reembolso total, leia nossas pol\u00edticas de cancelamento\u00a0<a href=\"https:\/\/www.boattoursamana.com\/pt_pt\/marcacao-online\/\" target=\"_blank\" rel=\"noopener\" data-saferedirecturl=\"https:\/\/www.google.com\/url?q=https:\/\/www.boattoursamana.com\/online-booking\/&amp;source=gmail&amp;ust=1672449202351000&amp;usg=AOvVaw1yAeVAPktmaVCqDujgUn90\">Clique aqui<\/a>. Os fundos ser\u00e3o perdidos se a reserva for cancelada no mesmo dia da viagem.<\/span><br \/>\nn<br \/>\nn<\/div>\n<p>n\n<\/p><\/div>\n<p>n\n<\/p><\/div>\n<p>n\n<\/p><\/div>\n<p>n\n<\/p><\/div>\n<p>n\n<\/p><\/div>\n<p>n\n<\/p><\/div>\n<p>n\n<\/p><\/div>\n<p>n\n<\/p><\/div>\n<p>n\n<\/p><\/div>\n<p>n\n<\/p><\/div>\n<p>n\n<\/p><\/div>\n<p>n<\/p>\n<div class=\"vc_row wpb_row vc_row-fluid\">\nn<\/p>\n<div class=\"wpb_column vc_column_container vc_col-sm-12\">\nn<\/p>\n<div class=\"vc_column-inner\">\nn<\/p>\n<div class=\"wpb_wrapper\">\nn<\/p>\n<div class=\"vc_empty_space\"><\/div>\n<p>n<\/p>\n<div class=\"wpb_text_column wpb_content_element\">\nn<\/p>\n<div class=\"wpb_wrapper\">\nn<\/p>\n<h4>Contate-nos?<\/h4>\n<p>n<\/p>\n<h5><b><i>TOUR BALEIAS SAMANA<\/i><\/b><\/h5>\n<p>n<em><strong>Moradores<\/strong>\u00a0e\u00a0<strong>Nacionais<\/strong>\u00a0Guias tur\u00edsticos e servi\u00e7os aos h\u00f3spedes<\/em><br \/>\nn<br \/>\nn<span class=\"text-turquoise\">Reservas:<\/span>\u00a0Passeios e excurs\u00f5es em Dom. Representante.<br \/>\nn<br \/>\nn<img decoding=\"async\" class=\"emoji\" draggable=\"false\" src=\"https:\/\/s.w.org\/images\/core\/emoji\/11.2.0\/svg\/1f4de.svg\" alt=\" \" title=\"\">\u00a0Telefone\/Whatsapp\u00a0\u00a0<a href=\"tel:+1-809-720-6035\">+1-809-720-6035<\/a>.<br \/>\nn<br \/>\nn<img decoding=\"async\" class=\"emoji\" draggable=\"false\" src=\"https:\/\/s.w.org\/images\/core\/emoji\/11.2.0\/svg\/1f4e9.svg\" alt=\" \" title=\"\">\u00a0<a href=\"mailto:info@bookingadventures.com.do\">info@bookingadventures.com.do<\/a><br \/>\nn<br \/>\nn<strong>Somos Tours Privados com Configura\u00e7\u00e3o Flex\u00edvel pelo Whatsapp:\u00a0<a href=\"tel:+18097206035\">+18097206035.<\/a><\/strong><br \/>\nn<br \/>\nn<\/div>\n<p>n\n<\/p><\/div>\n<p>n\n<\/p><\/div>\n<p>n\n<\/p><\/div>\n<p>n\n<\/p><\/div>\n<p>n\n<\/p><\/div>\n<p>n<\/p>\n\n\t\t<\/div>\n\t<\/div>\n<div class=\"vc_btn3-container vc_btn3-inline\" ><a class=\"vc_general vc_btn3 vc_btn3-size-md vc_btn3-shape-rounded vc_btn3-style-modern vc_btn3-color-green\" href=\"https:\/\/bookingadventures.tours\/booking.php?tour_id=ccd2fafcfb0614232b46b749871336cb\" title=\"AGENDE AGORA\" rel=\"noopener\">AGENDE AGORA<\/a><\/div><\/div><\/div><\/div><\/div>","protected":false},"excerpt":{"rendered":"<p>Private whale watching trip in Samana bay, the Dominican Republic with Locals tours Guides. Feel free to set your time to arrived or to finish the Excursion. Lunch and timing are set by your self. Book Now this excursion in Samana bay for a Good whale watching trip experience. n nNote: This tour is a Private Tour with a Minimum Payment. To join a group for whale watching with the same price in Catamaran please\u00a0 CLICK HERE. n n&nbsp; n [&hellip;]<\/p>\n","protected":false},"author":2,"featured_media":0,"parent":0,"menu_order":0,"comment_status":"open","ping_status":"closed","template":"","meta":{"footnotes":""},"class_list":["post-15756","page","type-page","status-publish","hentry"],"_links":{"self":[{"href":"https:\/\/www.boattoursamana.com\/pt_pt\/wp-json\/wp\/v2\/pages\/15756","targetHints":{"allow":["GET"]}}],"collection":[{"href":"https:\/\/www.boattoursamana.com\/pt_pt\/wp-json\/wp\/v2\/pages"}],"about":[{"href":"https:\/\/www.boattoursamana.com\/pt_pt\/wp-json\/wp\/v2\/types\/page"}],"author":[{"embeddable":true,"href":"https:\/\/www.boattoursamana.com\/pt_pt\/wp-json\/wp\/v2\/users\/2"}],"replies":[{"embeddable":true,"href":"https:\/\/www.boattoursamana.com\/pt_pt\/wp-json\/wp\/v2\/comments?post=15756"}],"version-history":[{"count":0,"href":"https:\/\/www.boattoursamana.com\/pt_pt\/wp-json\/wp\/v2\/pages\/15756\/revisions"}],"wp:attachment":[{"href":"https:\/\/www.boattoursamana.com\/pt_pt\/wp-json\/wp\/v2\/media?parent=15756"}],"curies":[{"name":"wp","href":"https:\/\/api.w.org\/{rel}","templated":true}]}}