{"id":15784,"date":"2023-07-15T07:43:40","date_gmt":"2023-07-15T07:43:40","guid":{"rendered":"https:\/\/www.ticketswhales.com\/punta-cana-buggy-tour-pick-up-from-punta-cana-hotels\/"},"modified":"2023-07-15T07:43:40","modified_gmt":"2023-07-15T07:43:40","slug":"punta-cana-buggy-tour-pick-up-from-punta-cana-hotels","status":"publish","type":"page","link":"https:\/\/www.boattoursamana.com\/pt_pt\/passeio-de-buggy-em-punta-cana-retirada-nos-hoteis-de-punta-cana","title":{"rendered":"Passeio de buggy em Punta Cana \u2013 retirada nos hot\u00e9is de Punta Cana"},"content":{"rendered":"<p>Depois de passar para busc\u00e1-lo no seu hotel, iremos rumo ao interior de Punta Cana. Cercado por\u00a0<strong>planta\u00e7\u00f5es de caf\u00e9 e cacau<\/strong>, seu\u00a0<strong>guias locais<\/strong>\u00a0explicar\u00e1 o passeio e tudo o que voc\u00ea precisa saber para dirigir seu buggy.<br \/>\nn<br \/>\nnThen we&#8217;ll turn the key in the ignition, and begin the excitement, zipping over\u00a0<strong>colinas, atrav\u00e9s de planta\u00e7\u00f5es de caf\u00e9 e ao longo de trilhas de terra e leitos de rios<\/strong>.<br \/>\nn<br \/>\nn&nbsp;<br \/>\nn<br \/>\nn<em><strong>Por favor, selecione a data para o passeio\u00a0<\/strong><\/em><\/p>\n<p>&nbsp;<\/p>\n<div class=\"vc_row wpb_row vc_row-fluid\" ><div class=\"wpb_column vc_column_container vc_col-sm-12\"><div class=\"vc_column-inner\"><div class=\"wpb_wrapper\"><div class=\"mkdf-section-title-holder\" style=\"text-align: left\">\n\t<div class=\"mkdf-st-inner\">\n\t\t\t\t\t<h5 class=\"mkdf-st-subtitle\" >\n\t\t\t\tDe hot\u00e9is em Punta Cana\t\t\t<\/h5>\n\t\t\t\t\t\t\t<h3 class=\"mkdf-st-title\" >\n\t\t\t\tBuggies Punta Cana - Buggy\t\t\t<\/h3>\n\t\t\t\t\t\t\t<p class=\"mkdf-st-text\" >\n\t\t\t\tNota: Este passeio come\u00e7a \u00e0s 7h. Dependendo de onde for o hor\u00e1rio de retirada dos hot\u00e9is, o hor\u00e1rio pode mudar. Custos extras para retirada em \u00e1reas n\u00e3o listadas em nossa descri\u00e7\u00e3o.\t\t\t<\/p>\n\t\t\t<\/div>\n<\/div><\/div><\/div><\/div><\/div><div class=\"vc_row wpb_row vc_row-fluid\" ><div class=\"wpb_column vc_column_container vc_col-sm-12\"><div class=\"vc_column-inner\"><div class=\"wpb_wrapper\"><div class=\"vc_empty_space\"   style=\"height: 32px\"><span class=\"vc_empty_space_inner\"><\/span><\/div><\/div><\/div><\/div><\/div><div class=\"vc_row wpb_row vc_row-fluid\" ><div class=\"wpb_column vc_column_container vc_col-sm-12\"><div class=\"vc_column-inner\"><div class=\"wpb_wrapper\">\n\t<div class=\"wpb_text_column wpb_content_element\" >\n\t\t<div class=\"wpb_wrapper\">\n\t\t\t<p>\nn<\/p>\n<h4><b><i>Vis\u00e3o geral <\/i><\/b><\/h4>\n<p>n<\/p>\n<div>\nn<br \/>\nnTour the paradise landscapes of Punta Cana, onboard your very own buggy! You&#8217;ll <strong>descubra a vila de Macau e as suas praias id\u00edlicas<\/strong>, al\u00e9m de dar um mergulho em um cenote ind\u00edgena.<br \/>\nn<br \/>\nn<\/div>\n<p>n<\/p>\n<ul class=\"vcs-highlights\">\nn \t<\/p>\n<li>Escolha de v\u00e1rias sa\u00eddas ao longo do dia<\/li>\n<p>n \t<\/p>\n<li>Desfrute de vistas fant\u00e1sticas<\/li>\n<p>n \t<\/p>\n<li>Amig\u00e1vel para a fam\u00edlia<\/li>\n<p>n \t<\/p>\n<li>Recolha em um ponto de encontro localizado centralmente<\/li>\n<p>n \t<\/p>\n<li>Experi\u00eancia rom\u00e2ntica, perfeita para casais<\/li>\n<p>n<\/ul>\n<p>n&nbsp;<br \/>\nn<\/p>\n<h4><b>Inclus\u00f5es e Exclus\u00f5es<\/b><\/h4>\n<p>n&nbsp;<br \/>\nn<br \/>\nn<b>Inclus\u00f5es<\/b><br \/>\nn<br \/>\nn&nbsp;<br \/>\nn<\/p>\n<ol>\nn \t<\/p>\n<li>Passeio de Buggies<\/li>\n<p>n \t<\/p>\n<li>Recolha de autocarro no seu hotel<\/li>\n<p>n \t<\/p>\n<li style=\"font-weight: 400;\"><span style=\"font-weight: 400;\">Todos os impostos, taxas e encargos de manuseio<\/span><\/li>\n<p>n \t<\/p>\n<li style=\"font-weight: 400;\"><span style=\"font-weight: 400;\">Impostos locais<\/span><\/li>\n<p>n \t<\/p>\n<li style=\"font-weight: 400;\"><span style=\"font-weight: 400;\">Bebidas<\/span><\/li>\n<p>n<\/ol>\n<p>n<b> Exclus\u00f5es<\/b><br \/>\nn<\/p>\n<ol>\nn \t<\/p>\n<li style=\"font-weight: 400;\"><span style=\"font-weight: 400;\">Gorjetas<\/span><\/li>\n<p>n \t<\/p>\n<li>Almo\u00e7o<\/li>\n<p>n<\/ol>\n<p>n&nbsp;<br \/>\nn<\/p>\n<h4><em><strong>Partida e Retorno<\/strong><\/em><\/h4>\n<p>n<span style=\"font-weight: 400;\">O viajante receber\u00e1 um ponto de encontro ap\u00f3s o Processo de Reserva. Os passeios come\u00e7am e terminam nos seus pontos de encontro.<\/span><br \/>\nn<br \/>\nn&nbsp;<br \/>\nn<\/p>\n<h4><b><i>O que esperar?<\/i><\/b><\/h4>\n<p>nHaving picked you up from your hotel we&#8217;ll make our way to the Punta Cana interior. Surrounded by <strong>planta\u00e7\u00f5es de caf\u00e9 e cacau<\/strong>, seu\u00a0<strong>guias locais<\/strong>\u00a0explicar\u00e1 o passeio e tudo o que voc\u00ea precisa saber para dirigir seu buggy.<br \/>\nn<br \/>\nnThen we&#8217;ll turn the key in the ignition, and begin the excitement, zipping over\u00a0<strong>colinas, atrav\u00e9s de planta\u00e7\u00f5es de caf\u00e9 e ao longo de trilhas de terra e leitos de rios<\/strong>.<br \/>\nn<br \/>\nnOur first stop will be at Macao beach. Far from the large hotels and tourist areas, this\u00a0<strong>para\u00edso natural<\/strong>\u00a0e suas \u00e1guas cristalinas s\u00e3o o local perfeito para um mergulho, e aqui voc\u00ea ter\u00e1 tempo livre para\u00a0<strong>nade no deslumbrante mar do Caribe<\/strong>.<br \/>\nn<br \/>\nDepois subiremos novamente em nosso buggy, rumo \u00e0s chamadas &#039;Fontes Ind\u00edgenas&#039;, descobrindo um dos locais mais id\u00edlicos<strong>\u00a0cenotes<\/strong>\u00a0em Punta Cana. Aqui voc\u00ea ter\u00e1 meia hora livre para explorar esta piscina subterr\u00e2nea nadando em suas \u00e1guas azul-turquesa.<br \/>\nn<br \/>\nnFinally, we&#8217;ll leave the buggies behind, and we&#8217;ll accompany you back to your accommodation, putting an end to an unforgettable day.<br \/>\nn<br \/>\nn<strong>Calend\u00e1rio:<\/strong><br \/>\nn<br \/>\nn7h00 \u2013 19h00\u2026 Mudan\u00e7a de hor\u00e1rio dependendo de onde voc\u00ea est\u00e1 em Punta Cana.<br \/>\nn<\/p>\n<h4>Sozinho ou Compartilhando?<\/h4>\n<p>nWhen making your reservation you can choose if you would prefer to drive a buggy to yourself or share a vehicle with one or three others. The price shown is per person.<br \/>\nn<br \/>\nn&nbsp;<br \/>\nn<\/p>\n<h4><em><strong>O que voc\u00ea deve trazer?<\/strong><\/em><\/h4>\n<p>n<\/p>\n<ul>\nn \t<\/p>\n<li style=\"font-weight: 400;\"><span style=\"font-weight: 400;\">C\u00e2mera<\/span><\/li>\n<p>n \t<\/p>\n<li style=\"font-weight: 400;\"><span style=\"font-weight: 400;\">Bot\u00f5es repelentes<\/span><\/li>\n<p>n \t<\/p>\n<li style=\"font-weight: 400;\"><span style=\"font-weight: 400;\">protetor solar<\/span><\/li>\n<p>n \t<\/p>\n<li style=\"font-weight: 400;\"><span style=\"font-weight: 400;\">Chap\u00e9u<\/span><\/li>\n<p>n \t<\/p>\n<li style=\"font-weight: 400;\"><span style=\"font-weight: 400;\">Cal\u00e7as confort\u00e1veis<\/span><\/li>\n<p>n \t<\/p>\n<li style=\"font-weight: 400;\"><span style=\"font-weight: 400;\">Sapatos de caminhada para floresta<\/span><\/li>\n<p>n \t<\/p>\n<li style=\"font-weight: 400;\"><span style=\"font-weight: 400;\">Sand\u00e1lias para a praia<\/span><\/li>\n<p>n \t<\/p>\n<li style=\"font-weight: 400;\"><span style=\"font-weight: 400;\">Roupa de nata\u00e7\u00e3o<\/span><\/li>\n<p>n \t<\/p>\n<li>Dinheiro para lembran\u00e7as<\/li>\n<p>n<\/ul>\n<p>n&nbsp;<br \/>\nn<\/p>\n<h4><b><i>Recolha no hotel <\/i><\/b><\/h4>\n<p>n<span style=\"font-weight: 400;\">A coleta do viajante \u00e9 oferecida!<\/span><br \/>\nn<br \/>\nn<span style=\"font-weight: 400;\">N\u00f3s buscamos em todos os hot\u00e9is de Punta Cana. O local de retirada \u00e9 o lobby do hotel<br \/>\nnSe voc\u00ea estiver hospedado em um condom\u00ednio da regi\u00e3o, estaremos buscando voc\u00ea no condom\u00ednio ou na entrada do resort mais pr\u00f3ximo.. Marcamos a retirada entrando em contato conosco pelo Whatsapp.<\/span><br \/>\nn<br \/>\nn<b>Observa\u00e7\u00e3o:<\/b><span style=\"font-weight: 400;\"> Se voc\u00ea fizer a reserva dentro de 24 horas antes do hor\u00e1rio de partida do passeio\/excurs\u00e3o, podemos providenciar a retirada do hotel com custos extras. Assim que sua compra for conclu\u00edda, enviaremos a voc\u00ea informa\u00e7\u00f5es de contato completas (n\u00famero de telefone, endere\u00e7o de e-mail, etc.) para que nosso guia tur\u00edstico local organize a retirada.<\/span><br \/>\nn<\/p>\n<h4><b><i>Confirma\u00e7\u00e3o de informa\u00e7\u00f5es adicionais <\/i><\/b><\/h4>\n<p>n<\/p>\n<ol>\nn \t<\/p>\n<li>Os ingressos s\u00e3o o recibo ap\u00f3s o pagamento deste passeio. Voc\u00ea pode mostrar o pagamento no seu telefone.<\/li>\n<p>n \t<\/p>\n<li style=\"font-weight: 400;\"><span style=\"font-weight: 400;\">O ponto de encontro ser\u00e1 recebido ap\u00f3s o processo de reserva.<\/span><\/li>\n<p>n \t<\/p>\n<li style=\"font-weight: 400;\"><strong>Crian\u00e7as entre 5 e 11 anos<\/strong>\u00a0s\u00f3 poder\u00e3o participar se viajarem em buggy de 2 ou 4 pessoas, acompanhados por um adulto, pois n\u00e3o t\u00eam condi\u00e7\u00f5es de conduzir os buggys.<\/li>\n<p>n \t<\/p>\n<li style=\"font-weight: 400;\"><span style=\"font-weight: 400;\">Acess\u00edvel a cadeiras de rodas <\/span><\/li>\n<p>n \t<\/p>\n<li style=\"font-weight: 400;\"><span style=\"font-weight: 400;\">Os beb\u00eas devem sentar-se no colo <\/span><\/li>\n<p>n \t<\/p>\n<li style=\"font-weight: 400;\"><span style=\"font-weight: 400;\">A maioria dos viajantes pode participar<\/span><\/li>\n<p>n \t<\/p>\n<li><strong>Mulheres gr\u00e1vidas<\/strong>\u00a0n\u00e3o poder\u00e3o participar desta atividade.<\/li>\n<p>n<\/ol>\n<p>n<\/p>\n<h4><b><i>Pol\u00edtica de cancelamento<\/i><\/b><\/h4>\n<p>n<span style=\"font-weight: 400;\">Para um reembolso total, leia nossas pol\u00edticas de cancelamento\u00a0<a href=\"https:\/\/www.boattoursamana.com\/pt_pt\/marcacao-online\/\" target=\"_blank\" rel=\"noopener\" data-saferedirecturl=\"https:\/\/www.google.com\/url?q=https:\/\/www.boattoursamana.com\/online-booking\/&amp;source=gmail&amp;ust=1672449202351000&amp;usg=AOvVaw1yAeVAPktmaVCqDujgUn90\">Clique aqui<\/a>. Os fundos ser\u00e3o perdidos se a reserva for cancelada no mesmo dia da viagem.<\/span><\/p>\n\n\t\t<\/div>\n\t<\/div>\n<\/div><\/div><\/div><\/div><div class=\"vc_row wpb_row vc_row-fluid\" ><div class=\"wpb_column vc_column_container vc_col-sm-12\"><div class=\"vc_column-inner\"><div class=\"wpb_wrapper\">\n\t<div class=\"wpb_text_column wpb_content_element\" >\n\t\t<div class=\"wpb_wrapper\">\n\t\t\t<p>\nn<\/p>\n<h4>Contate-nos?<\/h4>\n<p>n<\/p>\n<h5><em><strong>Reservando Aventuras<\/strong><\/em><\/h5>\n<p>n<em><strong>Moradores<\/strong> e <strong>Nacionais<\/strong> Guias tur\u00edsticos e servi\u00e7os aos h\u00f3spedes<\/em><br \/>\nn<br \/>\nn<span class=\"text-turquoise\">Reservas:<\/span> Passeios e excurs\u00f5es em Dom. Representante.<\/p>\n\n\t\t<\/div>\n\t<\/div>\n<\/div><\/div><\/div><\/div><div class=\"vc_row wpb_row vc_row-fluid\" ><div class=\"wpb_column vc_column_container vc_col-sm-12\"><div class=\"vc_column-inner\"><div class=\"wpb_wrapper\"><div class=\"vc_empty_space\"   style=\"height: 32px\"><span class=\"vc_empty_space_inner\"><\/span><\/div>\n\t<div class=\"wpb_text_column wpb_content_element\" >\n\t\t<div class=\"wpb_wrapper\">\n\t\t\t<p>\nn<\/p>\n<h4>Contate-nos?<\/h4>\n<p>n<\/p>\n<h5>Reservando Aventuras<\/h5>\n<p>n<em><strong>Moradores<\/strong>\u00a0e\u00a0<strong>Nacionais<\/strong>\u00a0Guias tur\u00edsticos e servi\u00e7os aos h\u00f3spedes<\/em><br \/>\nn<br \/>\nn<span class=\"text-turquoise\">Reservas:<\/span>\u00a0Passeios e excurs\u00f5es em Dom. Representante.<br \/>\nn<br \/>\nn<img decoding=\"async\" class=\"emoji\" draggable=\"false\" src=\"https:\/\/s.w.org\/images\/core\/emoji\/11.2.0\/svg\/1f4de.svg\" alt=\" \" title=\"\">\u00a0Telefone\/Whatsapp\u00a0\u00a0<a href=\"tel:+1-809-720-6035\">+1-809-720-6035<\/a>.<br \/>\nn<br \/>\nn<img decoding=\"async\" class=\"emoji\" draggable=\"false\" src=\"https:\/\/s.w.org\/images\/core\/emoji\/11.2.0\/svg\/1f4e9.svg\" alt=\" \" title=\"\">\u00a0<a href=\"mailto:info@bookingadventures.com.do\">info@bookingadventures.com.do<\/a><br \/>\nn<br \/>\nn<strong>Somos Tours Privados com Configura\u00e7\u00e3o Flex\u00edvel pelo Whatsapp:\u00a0<a href=\"tel:+18097206035\">+18097206035.<\/a><\/strong><\/p>\n\n\t\t<\/div>\n\t<\/div>\n<div class=\"vc_empty_space\"   style=\"height: 32px\"><span class=\"vc_empty_space_inner\"><\/span><\/div><\/div><\/div><\/div><\/div>","protected":false},"excerpt":{"rendered":"<p>Having picked you up from your hotel we&#8217;ll make our way to the Punta Cana interior. Surrounded by\u00a0coffee and cocoa plantations, your\u00a0local guides\u00a0will explain the tour and everything you need to know to drive your buggy. n nThen we&#8217;ll turn the key in the ignition, and begin the excitement, zipping over\u00a0hills,\u00a0through coffee plantations and\u00a0along dirt trails\u00a0and riverbeds. n n&nbsp; n nPlease Select date for The Tour\u00a0 &nbsp;<\/p>","protected":false},"author":2,"featured_media":0,"parent":0,"menu_order":0,"comment_status":"open","ping_status":"closed","template":"","meta":{"footnotes":""},"class_list":["post-15784","page","type-page","status-publish","hentry"],"_links":{"self":[{"href":"https:\/\/www.boattoursamana.com\/pt_pt\/wp-json\/wp\/v2\/pages\/15784","targetHints":{"allow":["GET"]}}],"collection":[{"href":"https:\/\/www.boattoursamana.com\/pt_pt\/wp-json\/wp\/v2\/pages"}],"about":[{"href":"https:\/\/www.boattoursamana.com\/pt_pt\/wp-json\/wp\/v2\/types\/page"}],"author":[{"embeddable":true,"href":"https:\/\/www.boattoursamana.com\/pt_pt\/wp-json\/wp\/v2\/users\/2"}],"replies":[{"embeddable":true,"href":"https:\/\/www.boattoursamana.com\/pt_pt\/wp-json\/wp\/v2\/comments?post=15784"}],"version-history":[{"count":0,"href":"https:\/\/www.boattoursamana.com\/pt_pt\/wp-json\/wp\/v2\/pages\/15784\/revisions"}],"wp:attachment":[{"href":"https:\/\/www.boattoursamana.com\/pt_pt\/wp-json\/wp\/v2\/media?parent=15784"}],"curies":[{"name":"wp","href":"https:\/\/api.w.org\/{rel}","templated":true}]}}