{"id":15788,"date":"2023-07-15T07:43:40","date_gmt":"2023-07-15T07:43:40","guid":{"rendered":"https:\/\/www.ticketswhales.com\/saona-island-private-tour-from-la-romana-hotels-la-romana-lobby\/"},"modified":"2023-07-15T07:43:40","modified_gmt":"2023-07-15T07:43:40","slug":"saona-island-private-tour-from-la-romana-hotels-la-romana-lobby","status":"publish","type":"page","link":"https:\/\/www.boattoursamana.com\/pt_pt\/excursao-privada-a-ilha-saona-saindo-dos-hoteis-la-romana-lobby-la-romana","title":{"rendered":"Excurs\u00e3o privada \u00e0 Ilha Saona saindo dos hot\u00e9is La Romana - Lobby La Romana"},"content":{"rendered":"<p><span style=\"vertical-align: inherit;\"><span style=\"vertical-align: inherit;\">Passe um dia na ilha Saona desde o porto de Bayahibe. <\/span><span style=\"vertical-align: inherit;\">Almuerzo e piscinas naturais inclu\u00eddas. <\/span><span style=\"vertical-align: inherit;\">Em caso de necessidade de traslado de qualquer parte da Rep\u00fablica Dominicana. <\/span><span style=\"vertical-align: inherit;\">Simplesmente contatamos e temos a melhor experi\u00eancia na Isla Saona.<\/span><\/span><br \/>\nn<br \/>\nn&nbsp;<br \/>\nn<br \/>\nn<em><strong><span style=\"vertical-align: inherit;\"><span style=\"vertical-align: inherit;\">Selecione a data do tour\u00a0<\/span><\/span><\/strong><\/em><\/p>\n<p>&nbsp;<\/p>\n<div class=\"vc_row wpb_row vc_row-fluid\" ><div class=\"wpb_column vc_column_container vc_col-sm-12\"><div class=\"vc_column-inner\"><div class=\"wpb_wrapper\"><div class=\"vc_btn3-container vc_btn3-inline\" ><button class=\"vc_general vc_btn3 vc_btn3-size-md vc_btn3-shape-rounded vc_btn3-style-modern vc_btn3-color-green\">RESERVE AGORA<\/button><\/div>\n\t<div class=\"wpb_text_column wpb_content_element\" >\n\t\t<div class=\"wpb_wrapper\">\n\t\t\t<p>\nn<\/p>\n<h2><b><i>Viagem Privada \u00e0 Ilha Saona\u00a0<\/i><\/b><\/h2>\n<p>n<\/p>\n<h4><b><i>Vis\u00e3o geral<\/i><\/b><\/h4>\n<p>n<\/p>\n<div>A sa\u00edda em Barcos \u00e9 do cais principal de <strong>Bayahibe<\/strong> \u00e0s 9h e retorno \u00e0s 17h. Se\u00a0<b>(voc\u00ea est\u00e1 adicionando uma transfer\u00eancia privada de outras partidas para esta viagem, o tempo pode mudar)<\/b> <span style=\"font-size: 16px;\">Esta viagem leva voc\u00ea \u00e0s melhores praias de <strong>Ilha Saona<\/strong> (Isla Saona) partindo da cidade de Bayahibe, seu almo\u00e7o ser\u00e1 na ilha e voc\u00ea far\u00e1 uma parada nas piscinas naturais do<strong> Parque Nacional Cotubanama<\/strong>. Desfrutando da bela costa sudeste da Rep\u00fablica Dominicana, onde ap\u00f3s pegar o barco voc\u00ea navegar\u00e1 pela costa observando as diferentes praias, paisagens, manguezais e forma\u00e7\u00f5es calc\u00e1rias deste lugar \u00fanico.\u00a0<\/span><\/div>\n<p>n<\/p>\n<div>\nn<br \/>\nn<span style=\"font-weight: 400;\">Chegar \u00e0 ilha demora cerca de 45 minutos e durante o passeio ter\u00e1 a possibilidade de ver <strong>Mano Juan<\/strong>, que \u00e9 a \u00fanica comunidade estabelecida na ilha, neste mesmo local voc\u00ea tem a possibilidade de almo\u00e7ar, caso n\u00e3o chegue a Mano Juan, Voc\u00ea visitar\u00e1 diversas praias da regi\u00e3o e o almo\u00e7o ser\u00e1 na praia, voc\u00ea tamb\u00e9m ter\u00e1 a oportunidade de praticar snorkel na ilha.<\/span><br \/>\nn<br \/>\nn<span style=\"font-weight: 400;\">Ao terminar a sua viagem nos diferentes locais da ilha, voc\u00ea retornar\u00e1 ao local onde se encontrar\u00e1 com o Guia Tur\u00edstico.<\/span><br \/>\nn<\/p>\n<ul>\nn \t<\/p>\n<li style=\"font-weight: 400;\"><span style=\"font-weight: 400;\">Inclui almo\u00e7o buffet na praia.<\/span><\/li>\n<p>n \t<\/p>\n<li style=\"font-weight: 400;\"><span style=\"font-weight: 400;\">Piscina natural<\/span><\/li>\n<p>n \t<\/p>\n<li style=\"font-weight: 400;\"><span style=\"font-weight: 400;\">Transfer\u00eancia de barco ou catamar\u00e3<\/span><\/li>\n<p>n \t<\/p>\n<li style=\"font-weight: 400;\"><span style=\"font-weight: 400;\">O Capit\u00e3o fornece instru\u00e7\u00e3o e supervis\u00e3o<\/span><\/li>\n<p>n<\/ul>\n<p>n\n<\/p><\/div>\n<p>n&nbsp;<br \/>\nn<\/p>\n<h2><b>Inclus\u00f5es e Exclus\u00f5es<\/b><\/h2>\n<p>n<b>Inclus\u00f5es<\/b><br \/>\nn<\/p>\n<ol>\nn \t<\/p>\n<li>Passeio de lancha ou catamar\u00e3 (tudo depende do tamanho do grupo)<\/li>\n<p>n \t<\/p>\n<li style=\"font-weight: 400;\"><span style=\"font-weight: 400;\">Almo\u00e7o buffet na praia<\/span><\/li>\n<p>n \t<\/p>\n<li>Piscina natural<\/li>\n<p>n \t<\/p>\n<li style=\"font-weight: 400;\"><span style=\"font-weight: 400;\">Todos os impostos, taxas e encargos de manuseio<\/span><\/li>\n<p>n \t<\/p>\n<li style=\"font-weight: 400;\"><span style=\"font-weight: 400;\">Impostos locais<\/span><\/li>\n<p>n \t<\/p>\n<li style=\"font-weight: 400;\"><span style=\"font-weight: 400;\">Bebidas<\/span><\/li>\n<p>n<\/ol>\n<p>n<b> Exclus\u00f5es<\/b><br \/>\nn<\/p>\n<ol>\nn \t<\/p>\n<li style=\"font-weight: 400;\"><span style=\"font-weight: 400;\">Gorjetas<\/span><\/li>\n<p>n \t<\/p>\n<li>Guia local<\/li>\n<p>n<\/ol>\n<p>n&nbsp;<br \/>\nn<\/p>\n<h4><em><strong>Partida e Retorno<\/strong><\/em><\/h4>\n<p>n<span style=\"font-weight: 400;\">Temos um hor\u00e1rio projetado para busc\u00e1-lo e deix\u00e1-lo com base na \u00e1rea em que voc\u00ea est\u00e1 localizado. <\/span><span style=\"font-weight: 400;\">O viajante receber\u00e1 um ponto de encontro ap\u00f3s o Processo de Reserva. Os passeios come\u00e7am e terminam nos seus pontos de encontro.<\/span><br \/>\nn<br \/>\nn&nbsp;<br \/>\nn<\/p>\n<h4><b><i>O que esperar?<\/i><\/b><\/h4>\n<p>n&nbsp;<br \/>\nn<br \/>\nn<em><strong>Obtenha seus ingressos<\/strong><\/em> um passe de um dia na ilha Saona (Isla Saona) em Bayahibe, al\u00e9m de um maravilhoso almo\u00e7o e tempo de praia.<br \/>\nn<br \/>\nn<span style=\"font-weight: 400;\">O Day Trip, organizado pela \u201cBooking Adventures\u201d tem in\u00edcio no ponto de encontro marcado com o Guia Tur\u00edstico. <\/span>Almo\u00e7o na praia e voc\u00ea pode ficar o tempo que quiser nadando. Se voc\u00ea \u00e9 vegano, tamb\u00e9m podemos preparar alguma comida para voc\u00ea.<br \/>\nn<br \/>\nEsta viagem de barco come\u00e7a em Bayahibe, mas oferecemos transporte privado por um custo adicional, dependendo de onde est\u00e1 o grupo.<br \/>\nn<br \/>\nn<strong>Calend\u00e1rio:<\/strong><br \/>\nn<br \/>\nn7h45 \u2013 18h<br \/>\nn<br \/>\nn&nbsp;<br \/>\nn<\/p>\n<h4><em><strong>O que voc\u00ea deve trazer?<\/strong><\/em><\/h4>\n<p>n<\/p>\n<ul>\nn \t<\/p>\n<li style=\"font-weight: 400;\"><span style=\"font-weight: 400;\">C\u00e2mera<\/span><\/li>\n<p>n \t<\/p>\n<li style=\"font-weight: 400;\"><span style=\"font-weight: 400;\">Bot\u00f5es repelentes<\/span><\/li>\n<p>n \t<\/p>\n<li style=\"font-weight: 400;\"><span style=\"font-weight: 400;\">protetor solar<\/span><\/li>\n<p>n \t<\/p>\n<li style=\"font-weight: 400;\"><span style=\"font-weight: 400;\">Chap\u00e9u<\/span><\/li>\n<p>n \t<\/p>\n<li style=\"font-weight: 400;\"><span style=\"font-weight: 400;\">Cal\u00e7as confort\u00e1veis<\/span><\/li>\n<p>n \t<\/p>\n<li style=\"font-weight: 400;\"><span style=\"font-weight: 400;\">Sapatos de caminhada para floresta<\/span><\/li>\n<p>n \t<\/p>\n<li style=\"font-weight: 400;\"><span style=\"font-weight: 400;\">Sand\u00e1lias para a praia<\/span><\/li>\n<p>n \t<\/p>\n<li style=\"font-weight: 400;\"><span style=\"font-weight: 400;\">Roupa de nata\u00e7\u00e3o<\/span><\/li>\n<p>n \t<\/p>\n<li>Dinheiro para lembran\u00e7as<\/li>\n<p>n<\/ul>\n<p>n&nbsp;<br \/>\nn<\/p>\n<h2><b><i>Recolha no hotel para viagem de um dia \u00e0 Ilha Saona<\/i><\/b><\/h2>\n<p>n<span style=\"font-weight: 400;\">Este \u00e9 o programa que definimos com base nas suas localiza\u00e7\u00f5es. Informe-nos seu hotel espec\u00edfico e entraremos em contato para informar onde nos encontraremos. Estas op\u00e7\u00f5es de transfer\u00eancia aplicam um custo extra. Esta viagem come\u00e7a em Bayahibe.<\/span><br \/>\nn<\/p>\n<table style=\"height: 487px;\" width=\"420\">\nn<\/p>\n<tbody>\nn<\/p>\n<tr>\nn<\/p>\n<td><b>Lugar<\/b><\/td>\n<p>n<\/p>\n<td><b>Tempo<\/b><\/td>\n<p>n<\/tr>\n<p>n<\/p>\n<tr>\nn<\/p>\n<td><b>Punta Cana<\/b><\/td>\n<p>n<\/p>\n<td><b>7h45<\/b><\/td>\n<p>n<\/tr>\n<p>n<\/p>\n<tr>\nn<\/p>\n<td><b>B\u00e1varo<\/b><\/td>\n<p>n<\/p>\n<td><b>7:30 da manh\u00e3<\/b><\/td>\n<p>n<\/tr>\n<p>n<\/p>\n<tr>\nn<\/p>\n<td><b>Uvero Altos<\/b><\/td>\n<p>n<\/p>\n<td><b>7:00 da manh\u00e3<\/b><\/td>\n<p>n<\/tr>\n<p>n<\/p>\n<tr>\nn<\/p>\n<td><b>Clube Med<\/b><\/td>\n<p>n<\/p>\n<td><b>7:00 da manh\u00e3<\/b><\/td>\n<p>n<\/tr>\n<p>n<\/p>\n<tr>\nn<\/p>\n<td><b>Boca Chica<\/b><\/td>\n<p>n<\/p>\n<td><b>7:00 da manh\u00e3<\/b><\/td>\n<p>n<\/tr>\n<p>n<\/p>\n<tr>\nn<\/p>\n<td><b>Santo Domingo<\/b><\/td>\n<p>n<\/p>\n<td><b>6h40<\/b><\/td>\n<p>n<\/tr>\n<p>n<\/p>\n<tr>\nn<\/p>\n<td><b>Juan Dolio<\/b><\/td>\n<p>n<\/p>\n<td><b>7:00 da manh\u00e3<\/b><\/td>\n<p>n<\/tr>\n<p>n<\/tbody>\n<p>n<\/table>\n<p>n&nbsp;<br \/>\nn<br \/>\nn<b>Observa\u00e7\u00e3o:<\/b><span style=\"font-weight: 400;\"> Se voc\u00ea fizer a reserva dentro de 24 horas antes do hor\u00e1rio de partida do passeio\/excurs\u00e3o, podemos providenciar a retirada do hotel com custos extras. Assim que sua compra for conclu\u00edda, enviaremos a voc\u00ea informa\u00e7\u00f5es de contato completas (n\u00famero de telefone, endere\u00e7o de e-mail, etc.) para que nosso guia tur\u00edstico local organize a retirada.<\/span><br \/>\nn<\/p>\n<h4><b><i>Confirma\u00e7\u00e3o de informa\u00e7\u00f5es adicionais <\/i><\/b><\/h4>\n<p>n<\/p>\n<ol>\nn \t<\/p>\n<li>Os ingressos s\u00e3o o recibo ap\u00f3s o pagamento deste passeio. Voc\u00ea pode mostrar o pagamento no seu telefone.<\/li>\n<p>n \t<\/p>\n<li style=\"font-weight: 400;\"><span style=\"font-weight: 400;\">O ponto de encontro ser\u00e1 recebido ap\u00f3s o processo de reserva.<\/span><\/li>\n<p>n \t<\/p>\n<li style=\"font-weight: 400;\"><span style=\"font-weight: 400;\">As crian\u00e7as devem estar acompanhadas por um adulto.<\/span><\/li>\n<p>n \t<\/p>\n<li style=\"font-weight: 400;\"><span style=\"font-weight: 400;\">Acess\u00edvel a cadeiras de rodas <\/span><\/li>\n<p>n \t<\/p>\n<li style=\"font-weight: 400;\"><span style=\"font-weight: 400;\">Os beb\u00eas devem sentar-se no colo <\/span><\/li>\n<p>n \t<\/p>\n<li style=\"font-weight: 400;\"><span style=\"font-weight: 400;\">A maioria dos viajantes pode participar<\/span><\/li>\n<p>n<\/ol>\n<p>n<\/p>\n<h4><b><i>Pol\u00edtica de cancelamento<\/i><\/b><\/h4>\n<p>Para um reembolso total, leia nossas pol\u00edticas de cancelamento\u00a0<a href=\"https:\/\/www.boattoursamana.com\/pt_pt\/marcacao-online\/\" target=\"_blank\" rel=\"noopener\" data-saferedirecturl=\"https:\/\/www.google.com\/url?q=https:\/\/www.boattoursamana.com\/online-booking\/&amp;source=gmail&amp;ust=1672449202351000&amp;usg=AOvVaw1yAeVAPktmaVCqDujgUn90\">Clique aqui<\/a>. Os fundos ser\u00e3o perdidos se a reserva for cancelada no mesmo dia da viagem.<br \/>\nn<br \/>\nnNOTA: Se voc\u00ea gostaria de fazer esta excurs\u00e3o e gostaria de saber mais detalhes voc\u00ea pode<a href=\"mailto:info@bookingadventures.com.do\">\u00a0entre em contato conosco por e-mail<\/a>eu<strong>\u00a0<\/strong>ou atrav\u00e9s do nosso chat de atendimento direto Whatsapp neste n\u00famero:\u00a0<strong>+1 809-720-6035<\/strong>. Iremos atend\u00ea-lo imediatamente e podemos fazer uma oferta ajustando o pre\u00e7o dependendo do n\u00famero de pessoas.<br \/>\nn<br \/>\n(Exigimos um m\u00ednimo de 4 pessoas para organizar o passeio em particular. Para menos pessoas podemos organizar um passeio semi-privado com no m\u00e1ximo 15 pessoas).<br \/>\nn<\/p>\n<div id=\"gtx-trans\" style=\"position: absolute; left: -1px; top: 1055.03px;\">\nn<\/p>\n<div class=\"gtx-trans-icon\"><\/div>\n<p>n\n<\/p><\/div>\n<p>n<\/p>\n\n\t\t<\/div>\n\t<\/div>\n<\/div><\/div><\/div><\/div><div class=\"vc_row wpb_row vc_row-fluid\" ><div class=\"wpb_column vc_column_container vc_col-sm-12\"><div class=\"vc_column-inner\"><div class=\"wpb_wrapper\"><div class=\"vc_btn3-container vc_btn3-inline\" ><button class=\"vc_general vc_btn3 vc_btn3-size-md vc_btn3-shape-rounded vc_btn3-style-modern vc_btn3-color-green\">RESERVE AGORA<\/button><\/div><\/div><\/div><\/div><\/div><div class=\"vc_row wpb_row vc_row-fluid\" ><div class=\"wpb_column vc_column_container vc_col-sm-12\"><div class=\"vc_column-inner\"><div class=\"wpb_wrapper\"><div class=\"vc_empty_space\"   style=\"height: 32px\"><span class=\"vc_empty_space_inner\"><\/span><\/div>\n\t<div class=\"wpb_video_widget wpb_content_element vc_clearfix   vc_video-aspect-ratio-169 vc_video-el-width-100 vc_video-align-left\" >\n\t\t<div class=\"wpb_wrapper\">\n\t\t\t<h2 class=\"wpb_heading wpb_video_heading\">V\u00eddeo de passeios e excurs\u00f5es na Ilha Saona:<\/h2>\n\t\t\t<div class=\"wpb_video_wrapper\"><iframe loading=\"lazy\" title=\"Ilha Saola Dia inteiro por Booking Adventures, Travel Rep\u00fablica Dominicana\" width=\"1100\" height=\"619\" src=\"https:\/\/www.youtube.com\/embed\/sas91N4zMHo?feature=oembed\" frameborder=\"0\" allow=\"accelerometer; autoplay; clipboard-write; encrypted-media; gyroscope; picture-in-picture; web-share\" allowfullscreen><\/iframe><\/div>\n\t\t<\/div>\n\t<\/div>\n<div class=\"vc_empty_space\"   style=\"height: 32px\"><span class=\"vc_empty_space_inner\"><\/span><\/div><\/div><\/div><\/div><\/div><div class=\"vc_row wpb_row vc_row-fluid\" ><\/div><div class=\"wpb_column vc_column_container vc_col-sm-12\"><div class=\"vc_column-inner\"><div class=\"wpb_wrapper\"><\/div><\/div><\/div><div class=\"vc_empty_space\"   style=\"height: 32px\"><span class=\"vc_empty_space_inner\"><\/span><\/div>\n\t<div class=\"wpb_text_column wpb_content_element\" >\n\t\t<div class=\"wpb_wrapper\">\n\t\t\t<p>\nn<br \/>\nnEu sou um bloco de texto. Clique no bot\u00e3o editar para alterar este texto. Lorem ipsum dolor sit amet, consectetur adipiscing elit. Ut elit Tellus, luctus nec ullamcorper mattis, pulvinar dapibus leo.<br \/>\nn<br \/>\nn<\/p>\n\n\t\t<\/div>\n\t<\/div>\n<div class=\"vc_empty_space\"   style=\"height: 32px\"><span class=\"vc_empty_space_inner\"><\/span><\/div>","protected":false},"excerpt":{"rendered":"<p>Passe um dia na ilha Saona desde o porto de Bayahibe. Almuerzo e piscinas naturais inclu\u00eddas. Em caso de necessidade de traslado de qualquer parte da Rep\u00fablica Dominicana. Simplesmente contatamos e temos a melhor experi\u00eancia na Isla Saona. n n n nSelecione a data do tour\u00a0 &nbsp;<\/p>","protected":false},"author":2,"featured_media":0,"parent":0,"menu_order":0,"comment_status":"open","ping_status":"closed","template":"","meta":{"footnotes":""},"class_list":["post-15788","page","type-page","status-publish","hentry"],"_links":{"self":[{"href":"https:\/\/www.boattoursamana.com\/pt_pt\/wp-json\/wp\/v2\/pages\/15788","targetHints":{"allow":["GET"]}}],"collection":[{"href":"https:\/\/www.boattoursamana.com\/pt_pt\/wp-json\/wp\/v2\/pages"}],"about":[{"href":"https:\/\/www.boattoursamana.com\/pt_pt\/wp-json\/wp\/v2\/types\/page"}],"author":[{"embeddable":true,"href":"https:\/\/www.boattoursamana.com\/pt_pt\/wp-json\/wp\/v2\/users\/2"}],"replies":[{"embeddable":true,"href":"https:\/\/www.boattoursamana.com\/pt_pt\/wp-json\/wp\/v2\/comments?post=15788"}],"version-history":[{"count":0,"href":"https:\/\/www.boattoursamana.com\/pt_pt\/wp-json\/wp\/v2\/pages\/15788\/revisions"}],"wp:attachment":[{"href":"https:\/\/www.boattoursamana.com\/pt_pt\/wp-json\/wp\/v2\/media?parent=15788"}],"curies":[{"name":"wp","href":"https:\/\/api.w.org\/{rel}","templated":true}]}}