{"id":15811,"date":"2023-07-15T07:44:18","date_gmt":"2023-07-15T07:44:18","guid":{"rendered":"https:\/\/www.ticketswhales.com\/los-haitises-national-park-and-cayo-levantado-from-punta-cana\/"},"modified":"2023-07-15T07:44:18","modified_gmt":"2023-07-15T07:44:18","slug":"los-haitises-national-park-and-cayo-levantado-from-punta-cana","status":"publish","type":"page","link":"https:\/\/www.boattoursamana.com\/pt_pt\/parque-nacional-los-haitises-e-cayo-levantado-de-punta-cana-2","title":{"rendered":"Parque Nacional Los Haitises e Cayo Levantado de Punta Cana"},"content":{"rendered":"<p><span style=\"vertical-align: inherit;\"><span style=\"vertical-align: inherit;\">Recojo em seu hotel em Punta Cana, Cap Cana, B\u00e1varo em um c\u00f3modo traslado ao Parque Nacional Los Haitises de Punta Cana mais almuerzo na ilha Bacardi. <\/span><span style=\"vertical-align: inherit;\">Venha connosco e visite o parque nacional mais lindo da Rep\u00fablica Dominicana, visitando manglares, cuevas e a ba\u00eda de San Lorenzo, al\u00e9m de cruzar a bela ba\u00eda de Saman\u00e1. <\/span><span style=\"vertical-align: inherit;\">Para visitar a ilha de Bacard\u00ed, almuerce na praia e nadar em uma das praias mais bonitas da ba\u00eda de Saman\u00e1. <\/span><span style=\"vertical-align: inherit;\">Depois deste<\/span><\/span><br \/>\nn<br \/>\nn<span style=\"vertical-align: inherit;\"><span style=\"vertical-align: inherit;\">Ap\u00f3s esta experi\u00eancia, voc\u00ea retornar\u00e1 ao porto de Sabana do mar e retornar\u00e1 \u00e0s \u00e1reas de Punta Cana.<\/span><\/span><br \/>\nn<br \/>\nn&nbsp;<br \/>\nn<br \/>\nn<strong><span style=\"vertical-align: inherit;\"><span style=\"vertical-align: inherit;\">Selecione a data do Tour:<\/span><\/span><\/strong><\/p>\n<p>&nbsp;<\/p>\n<div class=\"vc_row wpb_row vc_row-fluid\" ><div class=\"wpb_column vc_column_container vc_col-sm-12\"><div class=\"vc_column-inner\"><div class=\"wpb_wrapper\"><div class=\"vc_btn3-container vc_btn3-inline\" ><button class=\"vc_general vc_btn3 vc_btn3-size-md vc_btn3-shape-rounded vc_btn3-style-modern vc_btn3-color-green\">AGENDE AGORA<\/button><\/div><\/div><\/div><\/div><\/div><div class=\"vc_row wpb_row vc_row-fluid\" ><div class=\"wpb_column vc_column_container vc_col-sm-12\"><div class=\"vc_column-inner\"><div class=\"wpb_wrapper\">\n\t<div class=\"wpb_text_column wpb_content_element\" >\n\t\t<div class=\"wpb_wrapper\">\n\t\t\t<p>\nn<\/p>\n<h4><\/h4>\n<p>n<\/p>\n<h2>Parque Nacional Los Haitises e Cayo Levantado de Punta Cana<\/h2>\n<p>n<\/p>\n<h4><b><i>Vis\u00e3o geral <\/i><\/b><\/h4>\n<p>nPick up em seu hotel em Punta Cana, Cap Cana, Bavaro em confort\u00e1vel transfer\u00eancia para o Parque Nacional Los Haitises De Punta Cana mais almo\u00e7o na Ilha Bacardi. Venha conosco e visite o mais belo parque nacional da Rep\u00fablica Dominicana, visitando manguezais, cavernas e a ba\u00eda de San Lorenzo, al\u00e9m de cruzar a linda ba\u00eda de Saman\u00e1. Para visitar a ilha Bacardi, almo\u00e7ar na praia e nadar em uma das praias mais bonitas da Ba\u00eda de Saman\u00e1. Depois disto<br \/>\nn<br \/>\nnDepois desta experi\u00eancia, voc\u00ea retornar\u00e1 ao porto de Sabana de la mar e retornar\u00e1 \u00e0s \u00e1reas de Punta Cana.<br \/>\nn<\/p>\n<ul>\nn \t<\/p>\n<li style=\"font-weight: 400;\">Taxas inclu\u00eddas<\/li>\n<p>n \t<\/p>\n<li>Almo\u00e7o na ilha Bacardi inclu\u00eddo<\/li>\n<p>n \t<\/p>\n<li style=\"font-weight: 400;\"><span style=\"font-weight: 400;\">O guia fornece instru\u00e7\u00e3o e supervis\u00e3o<\/span><\/li>\n<p>n<\/ul>\n<p>n&nbsp;<br \/>\nn<\/p>\n<h4><b>Inclus\u00f5es e Exclus\u00f5es<\/b><\/h4>\n<p>n<b>Inclus\u00f5es<\/b><br \/>\nn<\/p>\n<ol>\nn \t<\/p>\n<li style=\"font-weight: 400;\">Tour Los Haitises + Cavernas e Pictogramas<\/li>\n<p>n \t<\/p>\n<li>Transporte<\/li>\n<p>n \t<\/p>\n<li>Viagem de barco<\/li>\n<p>n \t<\/p>\n<li>Almo\u00e7o em Cayo Levantado (Ilha Bacardi) se voc\u00ea quiser um passeio semelhante: Los Haitises + Ca\u00f1o Hondo<\/li>\n<p>n \t<\/p>\n<li style=\"font-weight: 400;\"><span style=\"font-weight: 400;\">Todos os impostos, taxas e encargos de manuseio<\/span><\/li>\n<p>n \t<\/p>\n<li style=\"font-weight: 400;\"><span style=\"font-weight: 400;\">Impostos locais<\/span><\/li>\n<p>n \t<\/p>\n<li style=\"font-weight: 400;\"><span style=\"font-weight: 400;\">Bebidas<\/span><\/li>\n<p>n \t<\/p>\n<li style=\"font-weight: 400;\"><span style=\"font-weight: 400;\">Todas as atividades<\/span><\/li>\n<p>n \t<\/p>\n<li style=\"font-weight: 400;\"><span style=\"font-weight: 400;\">Guia local<\/span><\/li>\n<p>n<\/ol>\n<p>n<b> Exclus\u00f5es<\/b><br \/>\nn<\/p>\n<ol>\nn \t<\/p>\n<li style=\"font-weight: 400;\"><span style=\"font-weight: 400;\">Gorjetas<\/span><\/li>\n<p>n \t<\/p>\n<li style=\"font-weight: 400;\"><span style=\"font-weight: 400;\">Bebidas Alco\u00f3licas<\/span><\/li>\n<p>n<\/ol>\n<p>n&nbsp;<br \/>\nn<\/p>\n<h4><em><strong>Partida e Retorno<\/strong><\/em><\/h4>\n<p>n<span style=\"font-weight: 400;\">O viajante receber\u00e1 um ponto de encontro ap\u00f3s o Processo de Reserva. Os passeios come\u00e7am e terminam nos seus pontos de encontro.<\/span><br \/>\nn<br \/>\nn&nbsp;<br \/>\nn<\/p>\n<h2>Parque Nacional Los Haitises e Cayo Levantado de Punta Cana<\/h2>\n<p>n<\/p>\n<h4><b><i>O que esperar?<\/i><\/b><\/h4>\n<p>n<b><i>V<\/i><\/b>visitando<strong> Parque Nacional Los Haitises<\/strong> com um maravilhoso almo\u00e7o em<strong> Ilha Cayo Levantado<\/strong> e nadar na praia. Iniciando <strong>de \u00e1reas de Punta Cana<\/strong> a bordo do transporte Van ou \u00f4nibus para pegar um barco com guia tur\u00edstico local visitando o lado da ba\u00eda de Samana e um dos mais belos parques nacionais da Rep\u00fablica Dominicana. <em><strong>O Parque Nacional Haitises<\/strong><\/em>.<br \/>\nn<br \/>\nnO passeio, organizado pela \u201cBooking Adventures\u201d come\u00e7a nos hot\u00e9is de Punta Cana com transporte. Venha com a Booking Adventures e comece a conferir alguns manguezais cheios de p\u00e1ssaros, colinas de vegeta\u00e7\u00e3o exuberante e cavernas de <em><strong>Parque Nacional Los Haitises<\/strong><\/em>. Visitando a ilha com p\u00e1ssaros ao redor. Na \u00e9poca de nidifica\u00e7\u00e3o podemos at\u00e9 ver os filhotes de Pelecanos nos ninhos. Conhecendo melhor as Ilhas Rochosas e visitando as Cavernas com pictogramas e petrografias dos povos ind\u00edgenas.<br \/>\nn<br \/>\nnAtrav\u00e9s dos manguezais e desembarque na ba\u00eda aberta de San Lorenzo, de onde se pode fotografar a paisagem florestal acidentada. Olhe para a \u00e1gua para localizar <em><strong>Peixes-boi<\/strong><\/em>, crust\u00e1ceos e <em><strong>golfinhos.<\/strong><\/em><br \/>\nn<\/p>\n<h2><strong>Cavernas no Parque Nacional Los Haitises<\/strong><\/h2>\n<p>n<\/p>\n<div class=\"body-description secondary\">\nn<br \/>\nO nome do parque nacional vem de seus habitantes originais, os \u00edndios Taino. Na sua l\u00edngua, \u201cHaitises\u201d significa terras altas ou colinas, uma refer\u00eancia \u00e0s forma\u00e7\u00f5es geol\u00f3gicas \u00edngremes do litoral com calc\u00e1rios. Aventure-se mais fundo no parque para explorar cavernas como a Cueva San Gabriel <em><strong>Caverna da Arena<\/strong><\/em> e <strong><em>Cueva de la Linea.<\/em><\/strong><br \/>\nn<br \/>\nnAs cavernas da reserva foram utilizadas como abrigo pelos \u00edndios Taino e, posteriormente, como esconderijo de piratas. Procure desenhos de \u00edndios que decoram algumas paredes. Depois de visitar o Parque Nacional Los Haitises retornaremos ao porto de Saman\u00e1 passando pela ba\u00eda de Saman\u00e1 30 min e visitando a ilha Bacardi. Teremos um almo\u00e7o t\u00edpico da ilha. Se voc\u00ea \u00e9 vegano, n\u00e3o se preocupe, tamb\u00e9m temos comida para voc\u00ea!<br \/>\nn<br \/>\nnDepois de nadar a tarde inteira e relaxar na praia, nosso guia ir\u00e1 marcar um hor\u00e1rio para retornar ao porto de Sabana de la mar.<br \/>\nn<br \/>\nn<\/div>\n<p>Caso voc\u00ea goste desta viagem mais longa ou mais curta, temos estas op\u00e7\u00f5es:<br \/>\nn<\/p>\n<ol>\nn \t<\/p>\n<li>Apenas Los Haitises do Porto de Saman\u00e1.<\/li>\n<p>n \t<\/p>\n<li>Los Haitises + Ca\u00f1o Hondo do Porto de Saman\u00e1.<\/li>\n<p>n<\/ol>\n<p>n&nbsp;<br \/>\nn<\/p>\n<h4><em><strong>O que voc\u00ea deve trazer?<\/strong><\/em><\/h4>\n<p>n<\/p>\n<ul>\nn \t<\/p>\n<li style=\"font-weight: 400;\"><span style=\"font-weight: 400;\">C\u00e2mera<\/span><\/li>\n<p>n \t<\/p>\n<li style=\"font-weight: 400;\"><span style=\"font-weight: 400;\">Bot\u00f5es repelentes<\/span><\/li>\n<p>n \t<\/p>\n<li style=\"font-weight: 400;\"><span style=\"font-weight: 400;\">Protetor solar<\/span><\/li>\n<p>n \t<\/p>\n<li style=\"font-weight: 400;\"><span style=\"font-weight: 400;\">Chap\u00e9u<\/span><\/li>\n<p>n \t<\/p>\n<li style=\"font-weight: 400;\"><span style=\"font-weight: 400;\">Cal\u00e7as confort\u00e1veis<\/span><\/li>\n<p>n \t<\/p>\n<li style=\"font-weight: 400;\"><span style=\"font-weight: 400;\">Sapatos de caminhada para floresta<\/span><\/li>\n<p>n \t<\/p>\n<li style=\"font-weight: 400;\"><span style=\"font-weight: 400;\">Sand\u00e1lias para as zonas de Primavera.<\/span><\/li>\n<p>n \t<\/p>\n<li style=\"font-weight: 400;\"><span style=\"font-weight: 400;\">Roupa de nata\u00e7\u00e3o<\/span><\/li>\n<p>n<\/ul>\n<p>n&nbsp;<br \/>\nn<\/p>\n<h4><b><i>Recolha no hotel <\/i><\/b><\/h4>\n<p>n<span style=\"font-weight: 400;\">A retirada do hotel \u00e9 oferecida para este passeio. <\/span><br \/>\nn<br \/>\nn&nbsp;<br \/>\nn<br \/>\nn<b>Observa\u00e7\u00e3o:<\/b><span style=\"font-weight: 400;\"> Se voc\u00ea fizer a reserva dentro de 24 horas antes do hor\u00e1rio de partida do passeio\/excurs\u00e3o, podemos providenciar a retirada do hotel com custos extras. Assim que sua compra for conclu\u00edda, enviaremos a voc\u00ea informa\u00e7\u00f5es de contato completas (n\u00famero de telefone, endere\u00e7o de e-mail, etc.) para que nosso guia tur\u00edstico local organize a retirada.<\/span><br \/>\nn<\/p>\n<h4><b><i>Confirma\u00e7\u00e3o de informa\u00e7\u00f5es adicionais <\/i><\/b><\/h4>\n<p>n<\/p>\n<ol>\nn \t<\/p>\n<li>Os ingressos s\u00e3o o recibo ap\u00f3s o pagamento deste passeio. Voc\u00ea pode mostrar o pagamento no seu telefone.<\/li>\n<p>n \t<\/p>\n<li style=\"font-weight: 400;\"><span style=\"font-weight: 400;\">O ponto de encontro ser\u00e1 recebido ap\u00f3s o processo de reserva.<\/span><\/li>\n<p>n \t<\/p>\n<li style=\"font-weight: 400;\"><span style=\"font-weight: 400;\">As crian\u00e7as devem estar acompanhadas por um adulto.<\/span><\/li>\n<p>n \t<\/p>\n<li style=\"font-weight: 400;\"><span style=\"font-weight: 400;\"> N\u00e3o acess\u00edvel para cadeiras de rodas <\/span><\/li>\n<p>n \t<\/p>\n<li style=\"font-weight: 400;\"><span style=\"font-weight: 400;\">Os beb\u00eas devem sentar-se no colo <\/span><\/li>\n<p>n \t<\/p>\n<li style=\"font-weight: 400;\"><span style=\"font-weight: 400;\">N\u00e3o recomendado para viajantes com problemas nas costas<\/span><\/li>\n<p>n \t<\/p>\n<li style=\"font-weight: 400;\"><span style=\"font-weight: 400;\">N\u00e3o recomendado para viajantes gr\u00e1vidas <\/span><\/li>\n<p>n \t<\/p>\n<li style=\"font-weight: 400;\"><span style=\"font-weight: 400;\"> Sem problemas card\u00edacos ou outras condi\u00e7\u00f5es m\u00e9dicas graves <\/span><\/li>\n<p>n \t<\/p>\n<li style=\"font-weight: 400;\"><span style=\"font-weight: 400;\">A maioria dos viajantes pode participar<\/span><\/li>\n<p>n<\/ol>\n<p>n<\/p>\n<h4><b><i>Pol\u00edtica de cancelamento<\/i><\/b><\/h4>\n<p>Para um reembolso total, leia nossas pol\u00edticas de cancelamento\u00a0<a href=\"https:\/\/www.boattoursamana.com\/pt_pt\/marcacao-online\/\" target=\"_blank\" rel=\"noopener\" data-saferedirecturl=\"https:\/\/www.google.com\/url?q=https:\/\/www.boattoursamana.com\/online-booking\/&amp;source=gmail&amp;ust=1672449202351000&amp;usg=AOvVaw1yAeVAPktmaVCqDujgUn90\">Clique aqui<\/a>. Os fundos ser\u00e3o perdidos se a reserva for cancelada no mesmo dia da viagem.<\/p>\n\n\t\t<\/div>\n\t<\/div>\n<div class=\"vc_btn3-container vc_btn3-inline\" ><button class=\"vc_general vc_btn3 vc_btn3-size-md vc_btn3-shape-rounded vc_btn3-style-modern vc_btn3-color-green\">AGENDE AGORA<\/button><\/div>\n\t<div class=\"wpb_video_widget wpb_content_element vc_clearfix   vc_video-aspect-ratio-169 vc_video-el-width-100 vc_video-align-left\" >\n\t\t<div class=\"wpb_wrapper\">\n\t\t\t<h2 class=\"wpb_heading wpb_video_heading\">Parque Nacional Los Haitises<\/h2>\n\t\t\t<div class=\"wpb_video_wrapper\"><iframe loading=\"lazy\" title=\"Passeios e excurs\u00f5es no Parque Nacional Los Haitises\" width=\"1100\" height=\"619\" src=\"https:\/\/www.youtube.com\/embed\/vMI4Ou81cd4?feature=oembed\" frameborder=\"0\" allow=\"accelerometer; autoplay; clipboard-write; encrypted-media; gyroscope; picture-in-picture; web-share\" allowfullscreen><\/iframe><\/div>\n\t\t<\/div>\n\t<\/div>\n<\/div><\/div><\/div><\/div><div class=\"vc_row wpb_row vc_row-fluid\" ><\/div><div class=\"wpb_column vc_column_container vc_col-sm-12\"><div class=\"vc_column-inner\"><div class=\"wpb_wrapper\"><\/div><\/div><\/div><div class=\"vc_empty_space\"   style=\"height: 32px\"><span class=\"vc_empty_space_inner\"><\/span><\/div><div class=\"vc_empty_space\"   style=\"height: 32px\"><span class=\"vc_empty_space_inner\"><\/span><\/div><div class=\"vc_row wpb_row vc_row-fluid\" ><\/div><div class=\"wpb_column vc_column_container vc_col-sm-12\"><div class=\"vc_column-inner\"><div class=\"wpb_wrapper\"><\/div><\/div><\/div><div class=\"vc_empty_space\"   style=\"height: 32px\"><span class=\"vc_empty_space_inner\"><\/span><\/div><div class=\"vc_row wpb_row vc_row-fluid\" ><\/div><div class=\"wpb_column vc_column_container vc_col-sm-12\"><div class=\"vc_column-inner\"><div class=\"wpb_wrapper\"><\/div><\/div><\/div><div class=\"vc_row wpb_row vc_row-fluid\" ><div class=\"wpb_column vc_column_container vc_col-sm-12\"><div class=\"vc_column-inner\"><div class=\"wpb_wrapper\"><div class=\"vc_btn3-container vc_btn3-inline\" ><button class=\"vc_general vc_btn3 vc_btn3-size-md vc_btn3-shape-rounded vc_btn3-style-modern vc_btn3-color-green\">AGENDE AGORA<\/button><\/div><\/div><\/div><\/div><\/div>","protected":false},"excerpt":{"rendered":"<p>Recojo en su hotel en Punta Cana, Cap Cana, B\u00e1varo en un c\u00f3modo traslado al Parque Nacional Los Haitises desde Punta Cana m\u00e1s almuerzo en la isla Bacardi. Ven con nosotros y visita el parque nacional m\u00e1s hermoso de la Rep\u00fablica Dominicana, visitando manglares, cuevas y la bah\u00eda de San Lorenzo, adem\u00e1s de cruzar la hermosa bah\u00eda de Saman\u00e1. Para visitar la isla de Bacard\u00ed, almuerce en la playa y nade en una de las playas m\u00e1s bonitas de la [&hellip;]<\/p>\n","protected":false},"author":2,"featured_media":0,"parent":0,"menu_order":0,"comment_status":"open","ping_status":"closed","template":"","meta":{"footnotes":""},"class_list":["post-15811","page","type-page","status-publish","hentry"],"_links":{"self":[{"href":"https:\/\/www.boattoursamana.com\/pt_pt\/wp-json\/wp\/v2\/pages\/15811","targetHints":{"allow":["GET"]}}],"collection":[{"href":"https:\/\/www.boattoursamana.com\/pt_pt\/wp-json\/wp\/v2\/pages"}],"about":[{"href":"https:\/\/www.boattoursamana.com\/pt_pt\/wp-json\/wp\/v2\/types\/page"}],"author":[{"embeddable":true,"href":"https:\/\/www.boattoursamana.com\/pt_pt\/wp-json\/wp\/v2\/users\/2"}],"replies":[{"embeddable":true,"href":"https:\/\/www.boattoursamana.com\/pt_pt\/wp-json\/wp\/v2\/comments?post=15811"}],"version-history":[{"count":0,"href":"https:\/\/www.boattoursamana.com\/pt_pt\/wp-json\/wp\/v2\/pages\/15811\/revisions"}],"wp:attachment":[{"href":"https:\/\/www.boattoursamana.com\/pt_pt\/wp-json\/wp\/v2\/media?parent=15811"}],"curies":[{"name":"wp","href":"https:\/\/api.w.org\/{rel}","templated":true}]}}