{"id":15814,"date":"2023-07-15T07:44:18","date_gmt":"2023-07-15T07:44:18","guid":{"rendered":"https:\/\/www.ticketswhales.com\/jarabacoa-buggy-with-baiguate-waterfall\/"},"modified":"2023-07-15T07:44:18","modified_gmt":"2023-07-15T07:44:18","slug":"jarabacoa-buggy-with-baiguate-waterfall","status":"publish","type":"page","link":"https:\/\/www.boattoursamana.com\/pt_pt\/jarabacoa-buggy-with-baiguate-waterfall","title":{"rendered":"Buggy Jarabacoa com Cachoeira Baiguate"},"content":{"rendered":"<p><span style=\"font-weight: 400;\"><span style=\"vertical-align: inherit;\"><span style=\"vertical-align: inherit;\">\u00danase a nosotros y viaje con un experto local de Jarabacoa y obtenga la experiencia \u00fanica de visitar los mejores lugares de la capital del ecoturismo a partir de Jarabacoa, este tour lo llevar\u00e1 a conocer el hermoso paisaje del rancho monta\u00f1oso m\u00e1s grande de la Rep\u00fablica Dominicana. <\/span><span style=\"vertical-align: inherit;\">Mientras conduce por los diferentes lugares, sentir\u00e1 el aire de la monta\u00f1a y disfrutar\u00e1 de la belleza del campo.\u00a0<\/span><\/span><\/span><br \/>\nn<br \/>\nn<strong><span style=\"vertical-align: inherit;\"><span style=\"vertical-align: inherit;\">Selecione a data do Tour:\u00a0<\/span><\/span><\/strong><\/p>\n<p>&nbsp;<\/p>\n<div class=\"vc_row wpb_row vc_row-fluid\" ><div class=\"wpb_column vc_column_container vc_col-sm-12\"><div class=\"vc_column-inner\"><div class=\"wpb_wrapper\">\n\t<div class=\"wpb_text_column wpb_content_element\" >\n\t\t<div class=\"wpb_wrapper\">\n\t\t\t<p>Jarabacoa com Cachoeiras Jimenoa e BaiguateBuggy<\/p>\n\n\t\t<\/div>\n\t<\/div>\n<div class=\"vc_btn3-container vc_btn3-inline\" ><button class=\"vc_general vc_btn3 vc_btn3-size-md vc_btn3-shape-rounded vc_btn3-style-modern vc_btn3-color-green\">AGENDE AGORA<\/button><\/div><\/div><\/div><\/div><\/div><div class=\"vc_row wpb_row vc_row-fluid\" ><div class=\"wpb_column vc_column_container vc_col-sm-12\"><div class=\"vc_column-inner\"><div class=\"wpb_wrapper\">\n\t<div class=\"wpb_text_column wpb_content_element\" >\n\t\t<div class=\"wpb_wrapper\">\n\t\t\t<p>\nn<\/p>\n<h3 class=\"ui_header h1 attractions-product-info-ProductTitle__title--1qM0o\">Buggy Jarabacoa e Cachoeira Baiguate<\/h3>\n<p>n<\/p>\n<h4><b><i>Vis\u00e3o geral <\/i><\/b><\/h4>\n<p>n<span style=\"font-weight: 400;\">Junte-se a n\u00f3s e viaje com um especialista local de Jarabacoa e tenha a experi\u00eancia \u00fanica de visitar os melhores pontos da capital do ecoturismo a partir de Jarabacoa, este passeio o levar\u00e1 a conhecer a bela paisagem da maior fazenda de montanha da Rep\u00fablica Dominicana. Ao percorrer os diferentes locais ir\u00e1 sentir o ar da montanha e apreciar a beleza do campo.\u00a0<\/span><br \/>\nn<br \/>\nn<span style=\"font-weight: 400;\">Podemos chegar aos diferentes locais deste passeio. Voc\u00ea ter\u00e1 as op\u00e7\u00f5es: Bicicleta, Cavalgada, Safari, Quatro Rodas ou Buggy. Compre seu ingresso on-line agora e vamos nos divertir aprendendo sobre a cultura de Jarabacoa e da Rep\u00fablica Dominicana enquanto voc\u00ea viaja pelos melhores locais da cidade.<\/span><br \/>\nn<br \/>\nn<span style=\"font-weight: 400;\">Jarabacoa \u00e9 a cidade das eternas f\u00e9rias de primavera por causa do clima e o segundo munic\u00edpio mais importante da prov\u00edncia de la Vega. Segundo a hist\u00f3ria, Jarabacoa significa \u201clugar de muita \u00e1gua\u201d. Em 27 de setembro de 1858, Jarabacoa iniciou sua vida como munic\u00edpio, categoria obtida ap\u00f3s uma carreira que veio do in\u00edcio do s\u00e9culo XIX. Viaje conosco e conhe\u00e7a mais sobre as montanhas, a natureza, a cultura e o povo da regi\u00e3o norte da Rep\u00fablica Dominicana.\u00a0<\/span><br \/>\nn<\/p>\n<ul>\nn \t<\/p>\n<li style=\"font-weight: 400;\">Taxas inclu\u00eddas<\/li>\n<p>n \t<\/p>\n<li>Almo\u00e7o<\/li>\n<p>n \t<\/p>\n<li>Lanches<\/li>\n<p>n \t<\/p>\n<li style=\"font-weight: 400;\">Guia tur\u00edstico local em ingl\u00eas<\/li>\n<p>n<\/ul>\n<p>n<\/p>\n<h4><b>Inclus\u00f5es e Exclus\u00f5es<\/b><\/h4>\n<p>n<b>Inclus\u00f5es<\/b><br \/>\nn<\/p>\n<ol>\nn \t<\/p>\n<li>Almo\u00e7o<\/li>\n<p>n \t<\/p>\n<li style=\"font-weight: 400;\"><span style=\"font-weight: 400;\">Todos os impostos, taxas e encargos de manuseio<\/span><\/li>\n<p>n \t<\/p>\n<li style=\"font-weight: 400;\"><span style=\"font-weight: 400;\">Impostos locais<\/span><\/li>\n<p>n \t<\/p>\n<li style=\"font-weight: 400;\"><span style=\"font-weight: 400;\">Bebidas<\/span><\/li>\n<p>n \t<\/p>\n<li>Lanches<\/li>\n<p>n \t<\/p>\n<li style=\"font-weight: 400;\"><span style=\"font-weight: 400;\">Todas as atividades<\/span><\/li>\n<p>n \t<\/p>\n<li style=\"font-weight: 400;\"><span style=\"font-weight: 400;\">Guia local<\/span><\/li>\n<p>n<\/ol>\n<p>n<b> Exclus\u00f5es<\/b><br \/>\nn<\/p>\n<ol>\nn \t<\/p>\n<li style=\"font-weight: 400;\"><span style=\"font-weight: 400;\">Gorjetas<\/span><\/li>\n<p>n \t<\/p>\n<li>transporte (definido entrando em contato conosco)<\/li>\n<p>n \t<\/p>\n<li style=\"font-weight: 400;\"><span style=\"font-weight: 400;\">Bebidas Alco\u00f3licas<\/span><\/li>\n<p>n<\/ol>\n<p>n<\/p>\n<h4><em><strong>Partida e Retorno<\/strong><\/em><\/h4>\n<p>n<span style=\"font-weight: 400;\">O viajante receber\u00e1 um ponto de encontro ap\u00f3s o Processo de Reserva. Os passeios come\u00e7am e terminam nos seus pontos de encontro.<\/span><br \/>\nn<\/p>\n<h3 class=\"ui_header h1 attractions-product-info-ProductTitle__title--1qM0o\">Buggy Jarabacoa e Cachoeira Baiguate<\/h3>\n<p>n<\/p>\n<h4><b><i>O que esperar?<\/i><\/b><\/h4>\n<p>n<span style=\"font-weight: 400;\">Compre seu ingresso para as Cachoeiras Baiguate da cidade de Jarabacoa de Buggy.\u00a0<\/span><br \/>\nn<br \/>\nn<span style=\"font-weight: 400;\">Quando falamos de buggies, estamos a falar de um ve\u00edculo todo-o-terreno que oferece seguran\u00e7a e facilidade de manobra, ao mesmo tempo que permite ao utilizador um maior contacto com o terreno e a natureza que o rodeia durante a condu\u00e7\u00e3o. Sinta a brisa, o sol, a chuva, veja a paisagem ao seu lado em um aparelho confort\u00e1vel e seguro projetado para curtir a trilha na floresta e off-road.<\/span><br \/>\nn<br \/>\nn<span style=\"font-weight: 400;\">Esta Excurs\u00e3o come\u00e7a num ponto de encontro que dever\u00e1 confirmar com os nossos Agentes de Viagens ou com o seu Guia Tur\u00edstico antes de se dirigir a qualquer local. Depois de encontrar seu guia, voc\u00ea ter\u00e1 um resumo do passeio e tudo relacionado ao seu dia.<\/span><br \/>\nn<br \/>\nn<span style=\"font-weight: 400;\">Quando todos estiverem prontos iniciaremos nosso passeio por algumas \u00e1reas rurais da cidade de Jarabacoa, enquanto dirigimos seu buggy pelas estradas esburacadas e o ar da montanha do interior do centro-norte do pa\u00eds mostrar\u00e1 a beleza e a natureza atrav\u00e9s desta aventura.<\/span><br \/>\nn<br \/>\nn<span style=\"font-weight: 400;\">Alguns dos locais que voc\u00ea visitar\u00e1 durante esta viagem s\u00e3o La Confluencia, onde os rios Jimenoa e Yaque Del Norte se encontram, Cieneguita e Monte Arriba.\u00a0<\/span><br \/>\nn<br \/>\nn<span style=\"font-weight: 400;\">Depois de percorrer cerca de 30 quil\u00f4metros iremos at\u00e9 a Cachoeira Baiguate para uma caminhada de 10 minutos e banho em piscinas naturais.\u00a0<\/span><br \/>\nn<br \/>\nn<span style=\"font-weight: 400;\">Durante esta parte da viagem, voc\u00ea poder\u00e1 nadar por cerca de 1 hora e fazer uma pausa para experimentar todos os dias algumas frutas frescas colhidas nas terras do fazendeiro Jarabacoa. Baiguate tem uma queda de 25 metros de altura e \u00e9 o lugar perfeito para relaxar um pouco antes de voltar para a cidade.\u00a0\u00a0<\/span><br \/>\nn<br \/>\nn<span style=\"font-weight: 400;\">Durante esta parte da viagem, voc\u00ea poder\u00e1 nadar por cerca de 1 hora e fazer uma pausa para experimentar todos os dias algumas frutas frescas colhidas nas terras do fazendeiro Jarabacoa. Baiguate tem uma queda de 25 metros de altura e \u00e9 o lugar perfeito para relaxar um pouco antes de voltar para a cidade.\u00a0\u00a0<\/span><br \/>\nn<br \/>\nn<span style=\"font-weight: 400;\">Mais tarde, depois da Cachoeira Baiguate, iremos ao Ivon&#039;s para experimentar o melhor sabor de sorvete local, feito por um especialista local, e caminharemos at\u00e9 o Parque Central Duarte para a \u00faltima parte da sua viagem, este \u00e9 um passeio de 6 horas que lhe d\u00e1 a oportunidade de para supervisionar Jarabacoa, esta excurs\u00e3o termina no mesmo local em que come\u00e7ou.<\/span><br \/>\nn<br \/>\nn<span style=\"font-weight: 400;\">Nota: Esses passeios s\u00e3o realizados com guias tur\u00edsticos ecologistas oficiais. Reserve com anteced\u00eancia porque no parque n\u00e3o h\u00e1 muitos especialistas.<\/span><br \/>\nn<\/p>\n<h4><em><strong>O que voc\u00ea deve trazer?<\/strong><\/em><\/h4>\n<p>n<\/p>\n<ul>\nn \t<\/p>\n<li style=\"font-weight: 400;\"><span style=\"font-weight: 400;\">C\u00e2mera<\/span><\/li>\n<p>n \t<\/p>\n<li style=\"font-weight: 400;\"><span style=\"font-weight: 400;\">Bot\u00f5es repelentes<\/span><\/li>\n<p>n \t<\/p>\n<li style=\"font-weight: 400;\"><span style=\"font-weight: 400;\">Protetor solar<\/span><\/li>\n<p>n \t<\/p>\n<li style=\"font-weight: 400;\"><span style=\"font-weight: 400;\">Chap\u00e9u<\/span><\/li>\n<p>n \t<\/p>\n<li style=\"font-weight: 400;\"><span style=\"font-weight: 400;\">Cal\u00e7as confort\u00e1veis<\/span><\/li>\n<p>n \t<\/p>\n<li style=\"font-weight: 400;\"><span style=\"font-weight: 400;\">Sapatos de caminhada para floresta<\/span><\/li>\n<p>n \t<\/p>\n<li style=\"font-weight: 400;\"><span style=\"font-weight: 400;\">Sand\u00e1lias para as zonas de Primavera.<\/span><\/li>\n<p>n \t<\/p>\n<li style=\"font-weight: 400;\"><span style=\"font-weight: 400;\">Roupa de nata\u00e7\u00e3o<\/span><\/li>\n<p>n<\/ul>\n<p>n<\/p>\n<h4><b><i>Recolha no hotel <\/i><\/b><\/h4>\n<p>n<span style=\"font-weight: 400;\">A retirada do hotel n\u00e3o \u00e9 oferecida para este passeio. Marcamos a retirada entrando em contato pelo Whatsapp.<\/span><br \/>\nn<br \/>\nn<b>Observa\u00e7\u00e3o:<\/b><span style=\"font-weight: 400;\"> Se voc\u00ea fizer a reserva dentro de 24 horas antes do hor\u00e1rio de partida do passeio\/excurs\u00e3o, podemos providenciar a retirada do hotel com custos extras. Assim que sua compra for conclu\u00edda, enviaremos a voc\u00ea informa\u00e7\u00f5es de contato completas (n\u00famero de telefone, endere\u00e7o de e-mail, etc.) para que nosso guia tur\u00edstico local organize a retirada.<\/span><br \/>\nn<\/p>\n<h4><b><i>Confirma\u00e7\u00e3o de informa\u00e7\u00f5es adicionais <\/i><\/b><\/h4>\n<p>n<\/p>\n<ol>\nn \t<\/p>\n<li>Os ingressos s\u00e3o o recibo ap\u00f3s o pagamento deste passeio. Voc\u00ea pode mostrar o pagamento no seu telefone.<\/li>\n<p>n \t<\/p>\n<li style=\"font-weight: 400;\"><span style=\"font-weight: 400;\">O ponto de encontro ser\u00e1 recebido ap\u00f3s o processo de reserva.<\/span><\/li>\n<p>n \t<\/p>\n<li style=\"font-weight: 400;\"><span style=\"font-weight: 400;\">As crian\u00e7as devem estar acompanhadas por um adulto.<\/span><\/li>\n<p>n \t<\/p>\n<li style=\"font-weight: 400;\"><span style=\"font-weight: 400;\"> N\u00e3o acess\u00edvel para cadeiras de rodas <\/span><\/li>\n<p>n \t<\/p>\n<li style=\"font-weight: 400;\"><span style=\"font-weight: 400;\">Os beb\u00eas devem sentar-se no colo <\/span><\/li>\n<p>n \t<\/p>\n<li style=\"font-weight: 400;\"><span style=\"font-weight: 400;\">N\u00e3o recomendado para viajantes com problemas nas costas<\/span><\/li>\n<p>n \t<\/p>\n<li style=\"font-weight: 400;\"><span style=\"font-weight: 400;\">N\u00e3o recomendado para viajantes gr\u00e1vidas <\/span><\/li>\n<p>n \t<\/p>\n<li style=\"font-weight: 400;\"><span style=\"font-weight: 400;\"> Sem problemas card\u00edacos ou outras condi\u00e7\u00f5es m\u00e9dicas graves <\/span><\/li>\n<p>n \t<\/p>\n<li style=\"font-weight: 400;\"><span style=\"font-weight: 400;\">A maioria dos viajantes pode participar<\/span><\/li>\n<p>n<\/ol>\n<p>n<\/p>\n<h4><b><i>Pol\u00edtica de cancelamento<\/i><\/b><\/h4>\n<p>Para um reembolso total, leia nossas pol\u00edticas de cancelamento\u00a0<a href=\"https:\/\/www.boattoursamana.com\/pt_pt\/marcacao-online\/\" target=\"_blank\" rel=\"noopener\" data-saferedirecturl=\"https:\/\/www.google.com\/url?q=https:\/\/www.boattoursamana.com\/online-booking\/&amp;source=gmail&amp;ust=1672449202351000&amp;usg=AOvVaw1yAeVAPktmaVCqDujgUn90\">Clique aqui<\/a>. Os fundos ser\u00e3o perdidos se a reserva for cancelada no mesmo dia da viagem.<\/p>\n\n\t\t<\/div>\n\t<\/div>\n<div class=\"vc_btn3-container vc_btn3-inline\" ><button class=\"vc_general vc_btn3 vc_btn3-size-md vc_btn3-shape-rounded vc_btn3-style-modern vc_btn3-color-green\">AGENDE AGORA<\/button><\/div><\/div><\/div><\/div><\/div><div class=\"vc_row wpb_row vc_row-fluid\" ><div class=\"wpb_column vc_column_container vc_col-sm-12\"><div class=\"vc_column-inner\"><div class=\"wpb_wrapper\">\n\t<div class=\"wpb_video_widget wpb_content_element vc_clearfix   vc_video-aspect-ratio-169 vc_video-el-width-100 vc_video-align-left\" >\n\t\t<div class=\"wpb_wrapper\">\n\t\t\t<h2 class=\"wpb_heading wpb_video_heading\">V\u00eddeo da cidade de Jarabacoa:<\/h2>\n\t\t\t<div class=\"wpb_video_wrapper\"><iframe loading=\"lazy\" title=\"Jarabacoa | Puro Turismo de Monta\u00f1a\" width=\"1100\" height=\"619\" src=\"https:\/\/www.youtube.com\/embed\/FRHfK4RS39A?feature=oembed\" frameborder=\"0\" allow=\"accelerometer; autoplay; clipboard-write; encrypted-media; gyroscope; picture-in-picture; web-share\" allowfullscreen><\/iframe><\/div>\n\t\t<\/div>\n\t<\/div>\n<\/div><\/div><\/div><\/div><div class=\"vc_row wpb_row vc_row-fluid\" ><\/div><div class=\"wpb_column vc_column_container vc_col-sm-12\"><div class=\"vc_column-inner\"><div class=\"wpb_wrapper\"><\/div><\/div><\/div><div class=\"vc_empty_space\"   style=\"height: 32px\"><span class=\"vc_empty_space_inner\"><\/span><\/div><div class=\"vc_empty_space\"   style=\"height: 32px\"><span class=\"vc_empty_space_inner\"><\/span><\/div><div class=\"vc_row wpb_row vc_row-fluid\" ><div class=\"wpb_column vc_column_container vc_col-sm-12\"><div class=\"vc_column-inner\"><div class=\"wpb_wrapper\"><div class=\"vc_btn3-container vc_btn3-inline\" ><button class=\"vc_general vc_btn3 vc_btn3-size-md vc_btn3-shape-rounded vc_btn3-style-modern vc_btn3-color-green\">AGENDE AGORA<\/button><\/div><\/div><\/div><\/div><\/div>","protected":false},"excerpt":{"rendered":"<p>Ao nos conhecer e viajar com um especialista local de Jarabacoa e obter a experi\u00eancia \u00fanica de visitar os melhores lugares da capital do ecoturismo a partir de Jarabacoa, este passeio o levar\u00e1 a conhecer a bela paisagem do rancho montanhoso mais grande da Rep\u00fablica Dominicana. Enquanto conduz pelos diferentes lugares, sentir\u00e1 o ar da montanha e desfrutar\u00e1 da beleza do campo. n nSelecione a data do Tour:\u00a0 &nbsp;<\/p>","protected":false},"author":2,"featured_media":0,"parent":0,"menu_order":0,"comment_status":"open","ping_status":"closed","template":"","meta":{"footnotes":""},"class_list":["post-15814","page","type-page","status-publish","hentry"],"_links":{"self":[{"href":"https:\/\/www.boattoursamana.com\/pt_pt\/wp-json\/wp\/v2\/pages\/15814","targetHints":{"allow":["GET"]}}],"collection":[{"href":"https:\/\/www.boattoursamana.com\/pt_pt\/wp-json\/wp\/v2\/pages"}],"about":[{"href":"https:\/\/www.boattoursamana.com\/pt_pt\/wp-json\/wp\/v2\/types\/page"}],"author":[{"embeddable":true,"href":"https:\/\/www.boattoursamana.com\/pt_pt\/wp-json\/wp\/v2\/users\/2"}],"replies":[{"embeddable":true,"href":"https:\/\/www.boattoursamana.com\/pt_pt\/wp-json\/wp\/v2\/comments?post=15814"}],"version-history":[{"count":0,"href":"https:\/\/www.boattoursamana.com\/pt_pt\/wp-json\/wp\/v2\/pages\/15814\/revisions"}],"wp:attachment":[{"href":"https:\/\/www.boattoursamana.com\/pt_pt\/wp-json\/wp\/v2\/media?parent=15814"}],"curies":[{"name":"wp","href":"https:\/\/api.w.org\/{rel}","templated":true}]}}