{"id":15833,"date":"2023-07-15T07:44:42","date_gmt":"2023-07-15T07:44:42","guid":{"rendered":"https:\/\/www.ticketswhales.com\/samana-whales-tour-with-bacardi-island-and-limon-waterfall\/"},"modified":"2023-07-15T07:44:42","modified_gmt":"2023-07-15T07:44:42","slug":"samana-whales-tour-with-bacardi-island-and-limon-waterfall","status":"publish","type":"page","link":"https:\/\/www.boattoursamana.com\/pt_pt\/passeio-de-baleias-samana-com-ilha-bacardi-e-cachoeira-limon","title":{"rendered":"Passeio de Baleias em Saman\u00e1 com Ilha Bacardi e Cachoeira Lim\u00f3n"},"content":{"rendered":"<p><span style=\"vertical-align: inherit;\"><span style=\"vertical-align: inherit;\">Desde los hoteles de Punta Cana, disfrutaremos de los hermosos paisajes de la Cordillera Oriental mientras conducimos al norte de Punta Cana antes de llegar al peque\u00f1o pueblo de pescadores de Miches en la costa sur de la Bah\u00eda de Saman\u00e1. <\/span><span style=\"vertical-align: inherit;\">All\u00ed podr\u00e1 disfrutar de un desayuno r\u00e1pido antes de abordar el barco hacia Saman\u00e1. <\/span><span style=\"vertical-align: inherit;\">Navegaremos hasta las profundidades de la bah\u00eda para observar ballenas. <\/span><span style=\"vertical-align: inherit;\">Primero llegaremos a Cayo Levantado, tambi\u00e9n conocida como Isla Bacard\u00ed debido a su gran parecido con las playas que alguna vez se us\u00f3 para sus famosos comerciales. <\/span><span style=\"vertical-align: inherit;\">Cayo Levantado es nada menos que un oasis tropical, una peque\u00f1a isla en medio del oc\u00e9ano con aguas turquesas y arenas blancas. <\/span><span style=\"vertical-align: inherit;\">Despu\u00e9s de esto un safari en la comunidad de Saman\u00e1 a las cascadas. <\/span><span style=\"vertical-align: inherit;\">En las Cataratas, el Lim\u00f3n se prepara para montar a caballo o hacer senderismo. <\/span><span style=\"vertical-align: inherit;\">Esta es una aventura \u00fanica completa.<\/span><\/span><br \/>\nn<br \/>\nn<span style=\"vertical-align: inherit;\"><span style=\"vertical-align: inherit;\">Este tour ha incluido la parada en la <\/span><\/span><strong><span style=\"vertical-align: inherit;\"><span style=\"vertical-align: inherit;\">Cascada de Lim\u00f3n<\/span><\/span><\/strong><span style=\"vertical-align: inherit;\"><span style=\"vertical-align: inherit;\"> . <\/span><span style=\"vertical-align: inherit;\">Para reservar el mismo viaje y no ir a las cascadas por favor <\/span><\/span><a href=\"https:\/\/www.boattoursamana.com\/Tours-Excursions\/tours-excursions-samana-bay-dominican-republic\/whale-watching-2020-in-punta-cana-to-samana-bay-cayo-levantado-bacardi-island-from-hotels\/\"><span style=\"vertical-align: inherit;\"><span style=\"vertical-align: inherit;\">HAGA CLIC AQU\u00cd.<\/span><\/span><\/a><br \/>\nn<br \/>\nn&nbsp;<br \/>\nn<br \/>\nn<em><strong><span style=\"vertical-align: inherit;\"><span style=\"vertical-align: inherit;\">Seleccione la fecha de la excursi\u00f3n:<\/span><\/span><\/strong><\/em><\/p>\n<p>&nbsp;<\/p>\n<div class=\"vc_row wpb_row vc_row-fluid\" ><div class=\"wpb_column vc_column_container vc_col-sm-12\"><div class=\"vc_column-inner\"><div class=\"wpb_wrapper\">\n\t<div class=\"wpb_text_column wpb_content_element \" >\n\t\t<div class=\"wpb_wrapper\">\n\t\t\t<p><span style=\"vertical-align: inherit;\"><span style=\"vertical-align: inherit;\"><\/p>\n\n\t\t<\/div>\n\t<\/div>\n<\/div><\/div><\/div><\/div><div class=\"vc_row wpb_row vc_row-fluid\" ><div class=\"wpb_column vc_column_container vc_col-sm-12\"><div class=\"vc_column-inner\"><div class=\"wpb_wrapper\"><\/div><\/div><\/div><div class=\"mkdf-section-title-holder  \" style=\"text-align: left\">\n\t<div class=\"mkdf-st-inner\">\n\t\t\t\t\t<h5 class=\"mkdf-st-subtitle\" >\n\t\t\t\tCayo Levantado (Isla Bacard\u00ed) + Cascadas de Lim\u00f3n desde los hoteles de Punta Cana .\t\t\t<\/h5>\n\t\t\t\t\t\t\t<h3 class=\"mkdf-st-title\" >\n\t\t\t\tAvistamiento de ballenas 2020 en Punta Cana a la bah\u00eda de Saman\u00e1\t\t\t<\/h3>\n\t\t\t\t\t<\/div>\n<\/div><div class=\"vc_row wpb_row vc_row-fluid\" ><\/div><\/div><div class=\"wpb_column vc_column_container vc_col-sm-12\"><div class=\"vc_column-inner\"><div class=\"wpb_wrapper\"><\/div><\/div><\/div>\n\t<div class=\"wpb_text_column wpb_content_element \" >\n\t\t<div class=\"wpb_wrapper\">\n\t\t\t<p>\u00a0<\/span><\/span><br \/>\nn<\/p>\n<div class=\"vc_row wpb_row vc_row-fluid\">\nn<\/p>\n<div class=\"wpb_column vc_column_container vc_col-sm-12\">\nn<\/p>\n<div class=\"vc_column-inner\">\nn<\/p>\n<div class=\"wpb_wrapper\">\nn<\/p>\n<div class=\"wpb_text_column wpb_content_element \">\nn<\/p>\n<div class=\"wpb_wrapper\">\nn<\/p>\n<div class=\"vc_row wpb_row vc_row-fluid\">\nn<\/p>\n<div class=\"wpb_column vc_column_container vc_col-sm-12\">\nn<\/p>\n<div class=\"vc_column-inner\">\nn<\/p>\n<div class=\"wpb_wrapper\">\nn<\/p>\n<div class=\"wpb_text_column wpb_content_element \">\nn<\/p>\n<div class=\"wpb_wrapper\">\nn<\/p>\n<h4><b><i><span style=\"vertical-align: inherit;\"><span style=\"vertical-align: inherit;\">Visi\u00f3n general<\/span><\/span><img decoding=\"async\" class=\"emoji\" draggable=\"false\" src=\"https:\/\/s.w.org\/images\/core\/emoji\/12.0.0-1\/svg\/1f433.svg\" alt=\" \" title=\"\"><\/i><\/b><\/h4>\n<p>nWhale Punta Cana, whale watching in Saman\u00e1 Bay and visit Cayo Levantado plus Safari to El limon Waterfalls during this full-day excursion from Punta Cana hotels. Travel to Saman\u00e1 bay aboard a comfortable, air-conditioned coach, then transfer to a boat Catamaran\u00a0 at Miches. Cruise out into the open waters to look for the pods of humpback whales who visit to breed and have their calves in the area. Learn about the behavior and biology of these marine mammals from your expert naturalist guide. Continue to Cayo Levantado \/ Bacardi Island, for lunch on the beach and a dip in the azure waters after this Safari trip to el Limon Waterfalls with Horses riding by the coconut forest before returning to Punta Cana.<br \/>\nn<br \/>\nn&nbsp;<br \/>\nn<br \/>\nn<strong>Note:<\/strong> This tour is not Private. This tour has included the stop at <strong>Limon Waterfall<\/strong>. To book the same trip and not going to the waterfalls please <a href=\"https:\/\/www.boattoursamana.com\/Tours-Excursions\/tours-excursions-samana-bay-dominican-republic\/whale-watching-2020-in-punta-cana-to-samana-bay-cayo-levantado-bacardi-island-from-hotels\/\">CLICK HERE.<\/a><br \/>\nn<\/p>\n<ul>\nn \t<\/p>\n<li>Whale Watching trip<\/li>\n<p>n \t<\/p>\n<li>Bacardi Island \/ Cayo Levantado<\/li>\n<p>n \t<\/p>\n<li>Entrance fees to Observatory<\/li>\n<p>n \t<\/p>\n<li>Samana Safari<\/li>\n<p>n \t<\/p>\n<li>El Limon Waterfalls Horses Riding<\/li>\n<p>n \t<\/p>\n<li>Includes Buffet lunch on the beach<\/li>\n<p>n \t<\/p>\n<li>Boat Transfer<\/li>\n<p>n \t<\/p>\n<li>The Captain provides instruction and Supervision<\/li>\n<p>n \t<\/p>\n<li>Tour Guide<\/li>\n<p>n<\/ul>\n<p>n&nbsp;<br \/>\nn<\/p>\n<h4><b>Inclusions &amp; Exclusions<\/b><\/h4>\n<p>n&nbsp;<br \/>\nn<br \/>\nn<b>Inclusions<\/b><br \/>\nn<br \/>\nn&nbsp;<br \/>\nn<\/p>\n<ol>\nn \t<\/p>\n<li>Buffet lunch on the beach<\/li>\n<p>n \t<\/p>\n<li>Transfer From Hotels<\/li>\n<p>n \t<\/p>\n<li>Tour Guide<\/li>\n<p>n \t<\/p>\n<li>Catamaran or Boat Trip<\/li>\n<p>n \t<\/p>\n<li>All taxes, fees and handling charges<\/li>\n<p>n \t<\/p>\n<li>Local taxes<\/li>\n<p>n \t<\/p>\n<li>Beverages<\/li>\n<p>n<\/ol>\n<p>n<b>Exclusions<\/b><br \/>\nn<\/p>\n<ol>\nn \t<\/p>\n<li>Gratuities<\/li>\n<p>n<\/ol>\n<p>n&nbsp;<br \/>\nn<\/p>\n<h4><em><strong>Departure &amp; Return<\/strong><\/em><\/h4>\n<p>nHotel pick-up is offered for this tour. In Notes Just write the name of hotel for pick you up. We pick up in all Punta Cana Hotels.<br \/>\nn<br \/>\nn&nbsp;<br \/>\nn<\/p>\n<h3>Samana Whale Watching + Cayo Levantado (Bacardi Island) + Limon Waterfalls from Punta Cana Hotels.<\/h3>\n<p>n<\/p>\n<h4><b><i>What To Expect?<\/i><\/b><\/h4>\n<p>nGet up close with the Dominican Republic\u2019s gentle giants of the sea during this 12-hour Humpback whale-watching excursion on S\u00e1mana Bay. Spend an unforgettable day observing the thousands of whales that flock to the island each year to mate, feed and play in its warm tropical waters. As you observe these beautiful creatures you\u2019ll enjoy unique insights from your expert whale-watching guide. Finish the day with an included lunch and beach time on beautiful Cayo Levantado Island. Round-trip hotel transport is also included.<br \/>\nn<br \/>\nnFrom 9:00 Am until 12:00-noon Whale watching observatory and After this Whale trip we will visit Bacardi Island \/ Cayo Levantado. In Bacardi Island, Lunch Buffet from typical Dominican Style will be provided (Rice, Beans, Fish, Salads\u2026). When lunch is finished you are allowed to swim and get ready to go to El limon waterfalls until 4:30 pm. Tour will be finished at 5:00 pm at the same port from where it will start onboad our Catamaran and them bus back to Punta Cana Hotels.<br \/>\nn<br \/>\nn<strong>Timetable:<\/strong><br \/>\nn<br \/>\nn6:00 \u2013 7:00\u00a0Pick up of the customers from the different hotels<br \/>\nn07:00 Departure to Las Canitas in Sabana de la mar<br \/>\nn08:15 Arrival at the private dock<br \/>\nn08:15 \u2013 8:40 Breakfast Time (sandwiches, muffins, tea, coffee, juices)<br \/>\nn8:45 Boarding to start our journey to the sanctuary of the humpback whales in Samana<br \/>\nn11:00 Search for the whales for a 45-minute period- This is the Timing follow by The government rules.<br \/>\nn11:45 Head to Cayo Levantado in the Samana Bay<br \/>\nn12:30 Arrival in Cayo Levantado<br \/>\nn13:00 Lunch time\u00a0(lunch buffet, typical Dominican)*<br \/>\nn13:45 \u2013 15:30\u00a0Spare time in Cayo Levantado<br \/>\nn15:00 \u2013 15:45 On board again direction back to Miches<br \/>\nn17:00 Arrival in Miches and departure to the hotels\u00a0in Punta Cana<br \/>\nn19:30 \u2013 20:00 Arrival at hotels in Punta Cana<br \/>\nn<br \/>\nn<strong>*Lunch Menu (typical Dominican)<br \/>\nn<\/strong>Rice, grilled chicken or grilled fish, salad, vegetables, fresh fruit.<br \/>\nn<br \/>\nn<strong>*Customers who choose to add the stop at the waterfall El Limon after the whale watching will move to the waterfall ad will have less time to spend in Cayo Levantado.<\/strong><br \/>\nn<br \/>\nnThis tour has included the stop at <strong>Limon Waterfall<\/strong>. To book the same trip and not going to the waterfalls please <a href=\"https:\/\/www.boattoursamana.com\/Tours-Excursions\/tours-excursions-samana-bay-dominican-republic\/whale-watching-2020-in-punta-cana-to-samana-bay-cayo-levantado-bacardi-island-from-hotels\/\">CLICK HERE.<\/a><br \/>\nn<br \/>\nn&nbsp;<br \/>\nn<\/p>\n<h4><em><strong>What you should bring?<\/strong><\/em><\/h4>\n<p>n<\/p>\n<ul>\nn \t<\/p>\n<li>Camera<\/li>\n<p>n \t<\/p>\n<li>Repellent buds<\/li>\n<p>n \t<\/p>\n<li>suncream<\/li>\n<p>n \t<\/p>\n<li>Hat<\/li>\n<p>n \t<\/p>\n<li>Comfortable pants<\/li>\n<p>n \t<\/p>\n<li>Sandals to the \u00a0beach<\/li>\n<p>n \t<\/p>\n<li>Swimming wear<\/li>\n<p>n \t<\/p>\n<li>Cash for souvenirs and tips<\/li>\n<p>n<\/ul>\n<p>n&nbsp;<br \/>\nn<\/p>\n<h4><b><i>Hotel Pickup<\/i><\/b><\/h4>\n<p>nHotel pick-up is offered for this tour. In Notes Just write the name of hotel for pick you up. We pick up in all Punta Cana Hotels.<br \/>\nn<br \/>\nn&nbsp;<br \/>\nn<br \/>\nn<b>Note:<\/b> if you are booking within 24 hours of the tour\/Excursion departure time, we can arrangements hotel pick-up. Once your purchase is complete, we will send you complete contact information (phone number, email address, etc.) for our local Tour guide to organize pick-up arrangements.<br \/>\nn<\/p>\n<h4><b><i>Additional Info Confirmation<\/i><\/b><\/h4>\n<p>n<\/p>\n<ol>\nn \t<\/p>\n<li>Tickets are the Receipt after paying this Tour. You can show the payment on your phone.<\/li>\n<p>n \t<\/p>\n<li>Meeting Point Will be received After the Reservation Process.<\/li>\n<p>n \t<\/p>\n<li>Children must be accompanied by an adult.<\/li>\n<p>n \t<\/p>\n<li>wheelchair accessible<\/li>\n<p>n \t<\/p>\n<li>Infants must sit on laps<\/li>\n<p>n \t<\/p>\n<li>Most travelers can participate<\/li>\n<p>n<\/ol>\n<p>n<\/p>\n<h4><b><i>Cancellation Policy<\/i><\/b><\/h4>\n<p>nFor a full refund, please read our Cancellations policies\u00a0<a href=\"https:\/\/www.boattoursamana.com\/online-booking\/\" target=\"_blank\" rel=\"noopener\" data-saferedirecturl=\"https:\/\/www.google.com\/url?q=https:\/\/www.boattoursamana.com\/online-booking\/&amp;source=gmail&amp;ust=1672449202351000&amp;usg=AOvVaw1yAeVAPktmaVCqDujgUn90\">Click here<\/a>. Funds will be lost if the reservation is cancelled the same day of the trip.<br \/>\nn<br \/>\nn<\/div>\n<p>n\n<\/p><\/div>\n<p>n\n<\/p><\/div>\n<p>n\n<\/p><\/div>\n<p>n\n<\/p><\/div>\n<p>n\n<\/p><\/div>\n<p>n\n<\/p><\/div>\n<p>n\n<\/p><\/div>\n<p>n\n<\/p><\/div>\n<p>n\n<\/p><\/div>\n<p>n\n<\/p><\/div>\n<p>n\n<\/p><\/div>\n<p>n<\/p>\n<div class=\"vc_row wpb_row vc_row-fluid\">\nn<\/p>\n<div class=\"wpb_column vc_column_container vc_col-sm-12\">\nn<\/p>\n<div class=\"vc_column-inner\">\nn<\/p>\n<div class=\"wpb_wrapper\">\nn<\/p>\n<div class=\"vc_empty_space\"><\/div>\n<p>n<\/p>\n<div class=\"wpb_text_column wpb_content_element \">\nn<\/p>\n<div class=\"wpb_wrapper\">\nn<\/p>\n<h4>Contact us?<\/h4>\n<p>n<\/p>\n<h5><b><i>TOUR WHALES SAMANA<\/i><\/b><\/h5>\n<p>n<em><strong>Locals<\/strong>\u00a0and\u00a0<strong>Nationals<\/strong>\u00a0Tour Guides &amp; Guest Services<\/em><br \/>\nn<br \/>\nn<span class=\"text-turquoise\">Reservations:<\/span>\u00a0Tours &amp; Excursions in Dom. Rep.<br \/>\nn<br \/>\nn<img decoding=\"async\" class=\"emoji\" draggable=\"false\" src=\"https:\/\/s.w.org\/images\/core\/emoji\/11.2.0\/svg\/1f4de.svg\" alt=\" \" title=\"\">\u00a0Tel \/ Whatsapp\u00a0\u00a0<a href=\"tel:+1-809-720-6035\">+1-809-720-6035<\/a>.<br \/>\nn<br \/>\nn<img decoding=\"async\" class=\"emoji\" draggable=\"false\" src=\"https:\/\/s.w.org\/images\/core\/emoji\/11.2.0\/svg\/1f4e9.svg\" alt=\" \" title=\"\">\u00a0<a href=\"mailto:info@bookingadventures.com.do\">info@bookingadventures.com.do<\/a><br \/>\nn<br \/>\nn<strong>We are Flexible Setting Private Tours by Whatsapp:\u00a0<a href=\"tel:+18097206035\">+18097206035.<\/a><\/strong><br \/>\nn<br \/>\nn<\/div>\n<p>n\n<\/p><\/div>\n<p>n\n<\/p><\/div>\n<p>n\n<\/p><\/div>\n<p>n\n<\/p><\/div>\n<p>n\n<\/p><\/div>\n<p>n<\/p>\n\n\t\t<\/div>\n\t<\/div>\n[\/vc_column][\/vc_row]<\/p>\n","protected":false},"excerpt":{"rendered":"<p>Desde los hoteles de Punta Cana, disfrutaremos de los hermosos paisajes de la Cordillera Oriental mientras conducimos al norte de Punta Cana antes de llegar al peque\u00f1o pueblo de pescadores de Miches en la costa sur de la Bah\u00eda de Saman\u00e1. All\u00ed podr\u00e1 disfrutar de un desayuno r\u00e1pido antes de abordar el barco hacia Saman\u00e1. Navegaremos hasta las profundidades de la bah\u00eda para observar ballenas. Primero llegaremos a Cayo Levantado, tambi\u00e9n conocida como Isla Bacard\u00ed debido a su gran parecido [&hellip;]<\/p>\n","protected":false},"author":2,"featured_media":0,"parent":0,"menu_order":0,"comment_status":"open","ping_status":"closed","template":"","meta":{"footnotes":""},"class_list":["post-15833","page","type-page","status-publish","hentry"],"_links":{"self":[{"href":"https:\/\/www.boattoursamana.com\/pt_pt\/wp-json\/wp\/v2\/pages\/15833","targetHints":{"allow":["GET"]}}],"collection":[{"href":"https:\/\/www.boattoursamana.com\/pt_pt\/wp-json\/wp\/v2\/pages"}],"about":[{"href":"https:\/\/www.boattoursamana.com\/pt_pt\/wp-json\/wp\/v2\/types\/page"}],"author":[{"embeddable":true,"href":"https:\/\/www.boattoursamana.com\/pt_pt\/wp-json\/wp\/v2\/users\/2"}],"replies":[{"embeddable":true,"href":"https:\/\/www.boattoursamana.com\/pt_pt\/wp-json\/wp\/v2\/comments?post=15833"}],"version-history":[{"count":0,"href":"https:\/\/www.boattoursamana.com\/pt_pt\/wp-json\/wp\/v2\/pages\/15833\/revisions"}],"wp:attachment":[{"href":"https:\/\/www.boattoursamana.com\/pt_pt\/wp-json\/wp\/v2\/media?parent=15833"}],"curies":[{"name":"wp","href":"https:\/\/api.w.org\/{rel}","templated":true}]}}