{"id":15863,"date":"2023-07-15T07:45:08","date_gmt":"2023-07-15T07:45:08","guid":{"rendered":"https:\/\/www.ticketswhales.com\/las-terrenas-atv-samana-adventures-atv-tours-excursions-in-coffee-trail-cultural-tour\/"},"modified":"2023-07-15T07:45:08","modified_gmt":"2023-07-15T07:45:08","slug":"las-terrenas-atv-samana-adventures-atv-tours-excursions-in-coffee-trail-cultural-tour","status":"publish","type":"page","link":"https:\/\/www.boattoursamana.com\/pt_pt\/las-terrenas-quadriciclo-samana-aventuras-passeios-de-quadriciclo-excursoes-na-trilha-do-cafe-passeio-cultural","title":{"rendered":"Las Terrenas: ATV Saman\u00e1 Adventures \u2013 Passeios de quadriciclo e excurs\u00f5es no Coffee Trail Cultural Tour"},"content":{"rendered":"<div class=\"ui_columns is-desktop\">\nn<\/p>\n<div class=\"ui_column\">\nn<br \/>\nnEsta experi\u00eancia em quadriciclo come\u00e7a na comunidade El LImon. Durante a primeira parte do dia, voc\u00ea descobrir\u00e1 o \u201c<b>Rota do Caf\u00e9<\/b>\u201dno quadriciclo e sua natureza linda e preservada. A primeira parada ser\u00e1 no\u00a0<b>Parada do caf\u00e9\u00a0<\/b>onde Olivo e sua fam\u00edlia mostrar\u00e3o os m\u00e9todos artesanais que utilizam para\u00a0<strong>caf\u00e9 e cacau<\/strong>. A\u00a0<b>degusta\u00e7\u00e3o<\/b>\u00a0est\u00e1 planejado, mas s\u00f3 para os mais gananciosos !!!<br \/>\nn<br \/>\nnNo caminho, voc\u00ea tamb\u00e9m far\u00e1 uma parada no\u00a0<b>f\u00e1brica de charutos<\/b>\u00a0e para o almo\u00e7o um\u00a0<b>Refei\u00e7\u00e3o dominicana<\/b> em um rancho t\u00edpico. Ap\u00f3s a refei\u00e7\u00e3o, voc\u00ea continuar\u00e1 o caminho at\u00e9 a maravilhosa praia de\u00a0<strong>Idiota<\/strong>\u00a0com<b>\u00a0grama at\u00e9 a borda<\/b><b>\u00a0, suas \u00e1guas cristalinas e intocadas\u00a0<\/b>onde voc\u00ea vai gostar\u00a0<b>nadar <\/b>Caminhadas e Nata\u00e7\u00e3o com equipamentos de seguran\u00e7a para ter a melhor experi\u00eancia de sempre!!<br \/>\nn<br \/>\nn<\/div>\n<p>n<\/p><\/div>\n<p>n&nbsp;<br \/>\nn<br \/>\nn<strong>Selecione a data do Tour:\u00a0<\/strong><\/p>\n<p>&nbsp;<\/p>\n<div class=\"vc_row wpb_row vc_row-fluid\" ><div class=\"wpb_column vc_column_container vc_col-sm-12\"><div class=\"vc_column-inner\"><div class=\"wpb_wrapper\"><div class=\"mkdf-section-title-holder\" style=\"text-align: left\">\n\t<div class=\"mkdf-st-inner\">\n\t\t\t\t\t<h5 class=\"mkdf-st-subtitle\" >\n\t\t\t\tAlmo\u00e7o Inclu\u00eddo na Praia\t\t\t<\/h5>\n\t\t\t\t\t\t\t<h3 class=\"mkdf-st-title\" >\n\t\t\t\tATV Samana Adventures - Passeios de quadriciclo e excurs\u00f5es no Coffee Trail Cultural Tour\t\t\t<\/h3>\n\t\t\t\t\t<\/div>\n<\/div><\/div><\/div><\/div><\/div><div class=\"vc_row wpb_row vc_row-fluid\" ><div class=\"wpb_column vc_column_container vc_col-sm-12\"><div class=\"vc_column-inner\"><div class=\"wpb_wrapper\"><div class=\"vc_btn3-container vc_btn3-inline\" ><button class=\"vc_general vc_btn3 vc_btn3-size-md vc_btn3-shape-rounded vc_btn3-style-modern vc_btn3-color-green\">AGENDE AGORA<\/button><\/div>\n\t<div class=\"wpb_text_column wpb_content_element\" >\n\t\t<div class=\"wpb_wrapper\">\n\t\t\t<p>\nn<\/p>\n<h3 class=\"ui_header h1 attractions-product-info-ProductTitle__title--1qM0o\">ATV Samana Adventures \u2013 Passeios de quadriciclo e excurs\u00f5es no Coffee Trail Cultural Tour.<\/h3>\n<p>n<\/p>\n<h4><b><i>Vis\u00e3o geral <\/i><\/b><\/h4>\n<p>nAdquira seus ingressos para uma excurs\u00e3o de meio dia em Samana na ATV Tours.<br \/>\nn<br \/>\nnO\u00a0<strong>Excurs\u00e3o Cultural pela Trilha do Caf\u00e9 ATV<\/strong> \u00e9 a mistura perfeita de adrenalina, natureza e cultura. Dirija pela Ruta del Caf\u00e9, divertindo-se nas estradas de terra dirigindo o quadriciclo, enquanto descobre a paisagem rural de Saman\u00e1 e a cultura e modo de vida dominicano.<br \/>\nn<br \/>\nnO passeio o levar\u00e1 por estradas rurais cercadas por campos de cacau e caf\u00e9, vistas espetaculares da ba\u00eda de Saman\u00e1 e fazendas locais. Faremos uma parada em uma cl\u00e1ssica fazenda de montanha, passando algum tempo com uma fam\u00edlia de agricultores. Voc\u00ea poder\u00e1 provar alguns dos produtos que eles produzem e visitar sua fazenda, aprendendo sobre agricultura e plantas org\u00e2nicas.<br \/>\nn<br \/>\nn&nbsp;<br \/>\nn<\/p>\n<h4><b>Inclus\u00f5es e Exclus\u00f5es<\/b><\/h4>\n<p>n&nbsp;<br \/>\nn<br \/>\nn<b>Inclus\u00f5es<\/b><br \/>\nn<\/p>\n<ol>\nn \t<\/p>\n<li style=\"font-weight: 400;\">Quadriciclo 2 pessoas em Um.<\/li>\n<p>n \t<\/p>\n<li>Almo\u00e7o no Campo<\/li>\n<p>n \t<\/p>\n<li style=\"font-weight: 400;\"><span style=\"font-weight: 400;\">Todos os impostos, taxas e encargos de manuseio<\/span><\/li>\n<p>n \t<\/p>\n<li style=\"font-weight: 400;\"><span style=\"font-weight: 400;\">Impostos locais<\/span><\/li>\n<p>n \t<\/p>\n<li style=\"font-weight: 400;\"><span style=\"font-weight: 400;\">Bebidas<\/span><\/li>\n<p>n \t<\/p>\n<li>Lanches<\/li>\n<p>n \t<\/p>\n<li>Visita \u00e0s Cataratas do Lim\u00e3o<\/li>\n<p>n \t<\/p>\n<li style=\"font-weight: 400;\"><span style=\"font-weight: 400;\">Todas as atividades<\/span><\/li>\n<p>n \t<\/p>\n<li style=\"font-weight: 400;\"><span style=\"font-weight: 400;\">Guia local<\/span><\/li>\n<p>n<\/ol>\n<p>n<b> Exclus\u00f5es<\/b><br \/>\nn<\/p>\n<ol>\nn \t<\/p>\n<li style=\"font-weight: 400;\"><span style=\"font-weight: 400;\">Gorjetas<\/span><\/li>\n<p>n \t<\/p>\n<li>transporte de hot\u00e9is (definido entrando em contato conosco).<\/li>\n<p>n \t<\/p>\n<li style=\"font-weight: 400;\"><span style=\"font-weight: 400;\">Bebidas Alco\u00f3licas<\/span><\/li>\n<p>n<\/ol>\n<p>n&nbsp;<br \/>\nn<\/p>\n<h4><em><strong>Partida e Retorno<\/strong><\/em><\/h4>\n<p>n<span style=\"font-weight: 400;\">O viajante receber\u00e1 um ponto de encontro ap\u00f3s o Processo de Reserva. Os passeios come\u00e7am e terminam nos seus pontos de encontro.<\/span><br \/>\nn<\/p>\n<h4><\/h4>\n<p>n<\/p>\n<h3 class=\"ui_header h1 attractions-product-info-ProductTitle__title--1qM0o\">A<\/h3>\n<p>n<\/p>\n<h4><b><i>O que esperar?<\/i><\/b><\/h4>\n<p>n<\/p>\n<div data-tab=\"TABS_WHAT_TO_EXPECT\">\nn<\/p>\n<div class=\"ui_card attractions-card-CollapsibleProductDetailsCard__cardContainer--3r2wk attractions-card-CollapsibleProductDetailsCard__cleanslateOverrideDT--2AJh0\">\nn<\/p>\n<div class=\"attractions-card-CollapsibleCard__header--IDA3r\">\nn<\/p>\n<div class=\"attractions-card-CollapsibleCard__headerSection--3gTKb\"><\/div>\n<p>n\n<\/p><\/div>\n<p>n<\/p>\n<div class=\"attractions-card-CollapsibleCard__content--2Ws8q\">\nn<\/p>\n<div class=\"attractions-card-CollapsibleCard__contentWrap--374jk attractions-card-CollapsibleCard__titleUnderline--1uHze\">\nn<\/p>\n<div class=\"attractions-card-CollapsibleProductDetailsCard__cardContent--23ext\">\nn<\/p>\n<div class=\"common-text-ReadMore__readMore--3Iu8c common-text-ReadMore__variantFadeOut--1tInd\">\nn<\/p>\n<div class=\"common-text-ReadMore__content--2X4LR\">\nn<\/p>\n<div class=\"ui_columns is-desktop\">\nn<\/p>\n<div class=\"ui_column\">\nn<br \/>\nnIniciando seu quadriciclo. Voc\u00ea testemunhar\u00e1 a diferen\u00e7a entre Las Terrenas, um movimentado destino de praia, e o campo, com seu ar puro e estilo de vida tranquilo. Se voc\u00ea quiser, os agricultores mostrar\u00e3o como \u00e9 feito o caf\u00e9 ou o cacau, a partir da \u00e1rvore para sua mesa. Voc\u00ea pode ent\u00e3o saborear uma x\u00edcara de caf\u00e9 ou chocolate quente. N\u00e3o se preocupe, se voc\u00ea n\u00e3o fala espanhol, nosso guia tur\u00edstico local traduzir\u00e1 tudo para voc\u00ea. A pr\u00f3xima parada \u00e9 uma pequena praia na Ba\u00eda de Saman\u00e1, onde voc\u00ea pode dar um mergulho e se refrescar um pouco. No caminho passaremos por diversos campos, fazendas e mirantes.<br \/>\nn<br \/>\nnAli podemos organizar um piquenique de marisco ou peixe fresco e vegetais e frutas locais.<br \/>\nn<br \/>\nn<\/div>\n<p>n\n<\/p><\/div>\n<p>n<\/p>\n<div class=\"ui_columns is-desktop\">\nn<\/p>\n<div class=\"ui_column\">\nn<br \/>\nnA maior parte da viagem \u00e9 em estradas de terra, \u00e9 muito divertido dirigir o ATV at\u00e9 l\u00e1, para cima e para baixo, atrav\u00e9s de buracos e buracos. Se voc\u00ea n\u00e3o se sente confort\u00e1vel ao dirigir um ATV ou se a velocidade n\u00e3o \u00e9 sua praia, n\u00e3o se preocupe, voc\u00ea pode dirigir devagar (mais tempo para apreciar a vista!) Ou pode andar com algu\u00e9m, a maioria dos ATV pode acomodar duas pessoas. Dirigir um ATV \u00e9 bastante simples e mesmo que seja a primeira vez, voc\u00ea deve pegar o jeito rapidamente.<br \/>\nn<br \/>\nnNormalmente, o passeio dura meio dia, mas tamb\u00e9m podemos planejar um passeio de dia inteiro, aprofundando-se nas montanhas de Saman\u00e1 e na selva exuberante, explorando praias e vilarejos mais remotos no caminho. No caminho de volta, podemos fazer uma parada em\u00a0<strong>Cachoeira El Lim\u00f3n<\/strong>, a apenas 30 minutos de caminhada da estrada principal.<br \/>\nn<br \/>\nn<\/div>\n<p>n\n<\/p><\/div>\n<p>n\n<\/p><\/div>\n<p>n\n<\/p><\/div>\n<p>n\n<\/p><\/div>\n<p>n\n<\/p><\/div>\n<p>n\n<\/p><\/div>\n<p>n\n<\/p><\/div>\n<p>n\n<\/p><\/div>\n<p>n<\/p>\n<h4><em><strong>O que voc\u00ea deve trazer?<\/strong><\/em><\/h4>\n<p>n<\/p>\n<ul>\nn \t<\/p>\n<li style=\"font-weight: 400;\"><span style=\"font-weight: 400;\">C\u00e2mera<\/span><\/li>\n<p>n \t<\/p>\n<li style=\"font-weight: 400;\"><span style=\"font-weight: 400;\">Bot\u00f5es repelentes<\/span><\/li>\n<p>n \t<\/p>\n<li style=\"font-weight: 400;\"><span style=\"font-weight: 400;\">Protetor solar<\/span><\/li>\n<p>n \t<\/p>\n<li style=\"font-weight: 400;\"><span style=\"font-weight: 400;\">Chap\u00e9u<\/span><\/li>\n<p>n \t<\/p>\n<li style=\"font-weight: 400;\"><span style=\"font-weight: 400;\">Cal\u00e7as confort\u00e1veis<\/span><\/li>\n<p>n \t<\/p>\n<li style=\"font-weight: 400;\"><span style=\"font-weight: 400;\">Sapatos de caminhada para floresta<\/span><\/li>\n<p>n \t<\/p>\n<li style=\"font-weight: 400;\"><span style=\"font-weight: 400;\">Sand\u00e1lias para as zonas de Primavera.<\/span><\/li>\n<p>n \t<\/p>\n<li style=\"font-weight: 400;\"><span style=\"font-weight: 400;\">Roupa de nata\u00e7\u00e3o<\/span><\/li>\n<p>n<\/ul>\n<p>n&nbsp;<br \/>\nn<\/p>\n<h4><b><i>Recolha no hotel <\/i><\/b><\/h4>\n<p>n<span style=\"font-weight: 400;\">A retirada do hotel n\u00e3o \u00e9 oferecida para este passeio. Marcamos o Pick up entrando em contato conosco pelo Whatsapp.<\/span><br \/>\nn<br \/>\nn&nbsp;<br \/>\nn<br \/>\nn<b>Observa\u00e7\u00e3o:<\/b><span style=\"font-weight: 400;\"> Se voc\u00ea fizer a reserva dentro de 24 horas antes do hor\u00e1rio de partida do passeio\/excurs\u00e3o, podemos providenciar a retirada do hotel com custos extras. Assim que sua compra for conclu\u00edda, enviaremos a voc\u00ea informa\u00e7\u00f5es de contato completas (n\u00famero de telefone, endere\u00e7o de e-mail, etc.) para que nosso guia tur\u00edstico local organize a retirada.<\/span><br \/>\nn<\/p>\n<h4><b><i>Confirma\u00e7\u00e3o de informa\u00e7\u00f5es adicionais <\/i><\/b><\/h4>\n<p>n<\/p>\n<ol>\nn \t<\/p>\n<li>Os ingressos s\u00e3o o recibo ap\u00f3s o pagamento deste passeio. Voc\u00ea pode mostrar o pagamento no seu telefone.<\/li>\n<p>n \t<\/p>\n<li style=\"font-weight: 400;\"><span style=\"font-weight: 400;\">O ponto de encontro ser\u00e1 recebido ap\u00f3s o processo de reserva.<\/span><\/li>\n<p>n \t<\/p>\n<li style=\"font-weight: 400;\"><span style=\"font-weight: 400;\">As crian\u00e7as devem estar acompanhadas por um adulto.<\/span><\/li>\n<p>n \t<\/p>\n<li style=\"font-weight: 400;\"><span style=\"font-weight: 400;\"> N\u00e3o acess\u00edvel para cadeiras de rodas <\/span><\/li>\n<p>n \t<\/p>\n<li style=\"font-weight: 400;\"><span style=\"font-weight: 400;\">Os beb\u00eas devem sentar-se no colo <\/span><\/li>\n<p>n \t<\/p>\n<li style=\"font-weight: 400;\"><span style=\"font-weight: 400;\">N\u00e3o recomendado para viajantes com problemas nas costas<\/span><\/li>\n<p>n \t<\/p>\n<li style=\"font-weight: 400;\"><span style=\"font-weight: 400;\">N\u00e3o recomendado para viajantes gr\u00e1vidas <\/span><\/li>\n<p>n \t<\/p>\n<li style=\"font-weight: 400;\"><span style=\"font-weight: 400;\"> Sem problemas card\u00edacos ou outras condi\u00e7\u00f5es m\u00e9dicas graves <\/span><\/li>\n<p>n \t<\/p>\n<li style=\"font-weight: 400;\"><span style=\"font-weight: 400;\">A maioria dos viajantes pode participar<\/span><\/li>\n<p>n<\/ol>\n<p>n<\/p>\n<h4><b><i>Pol\u00edtica de cancelamento<\/i><\/b><\/h4>\n<p>Para um reembolso total, leia nossas pol\u00edticas de cancelamento\u00a0<a href=\"https:\/\/www.boattoursamana.com\/pt_pt\/marcacao-online\/\" target=\"_blank\" rel=\"noopener\" data-saferedirecturl=\"https:\/\/www.google.com\/url?q=https:\/\/www.boattoursamana.com\/online-booking\/&amp;source=gmail&amp;ust=1672449202351000&amp;usg=AOvVaw1yAeVAPktmaVCqDujgUn90\">Clique aqui<\/a>. Os fundos ser\u00e3o perdidos se a reserva for cancelada no mesmo dia da viagem.<\/p>\n\n\t\t<\/div>\n\t<\/div>\n<div class=\"vc_btn3-container vc_btn3-inline\" ><button class=\"vc_general vc_btn3 vc_btn3-size-md vc_btn3-shape-rounded vc_btn3-style-modern vc_btn3-color-green\">AGENDE AGORA<\/button><\/div><\/div><\/div><\/div><\/div><div class=\"vc_row wpb_row vc_row-fluid\" ><div class=\"wpb_column vc_column_container vc_col-sm-12\"><div class=\"vc_column-inner\"><div class=\"wpb_wrapper\">\n\t<div class=\"wpb_video_widget wpb_content_element vc_clearfix   vc_video-aspect-ratio-169 vc_video-el-width-100 vc_video-align-left\" >\n\t\t<div class=\"wpb_wrapper\">\n\t\t\t<h2 class=\"wpb_heading wpb_video_heading\">Samana com reserva de aventuras:<\/h2>\n\t\t\t<div class=\"wpb_video_wrapper\"><iframe loading=\"lazy\" title=\"Destino dominicano Samana Zipline, excurs\u00f5es de quadriciclo\" width=\"1100\" height=\"619\" src=\"https:\/\/www.youtube.com\/embed\/8Ybh1xtnr2M?feature=oembed\" frameborder=\"0\" allow=\"accelerometer; autoplay; clipboard-write; encrypted-media; gyroscope; picture-in-picture; web-share\" allowfullscreen><\/iframe><\/div>\n\t\t<\/div>\n\t<\/div>\n<\/div><\/div><\/div><\/div><div class=\"vc_row wpb_row vc_row-fluid\" ><div class=\"wpb_column vc_column_container vc_col-sm-12\"><div class=\"vc_column-inner\"><div class=\"wpb_wrapper\"><div class=\"vc_empty_space\"   style=\"height: 32px\"><span class=\"vc_empty_space_inner\"><\/span><\/div>\n\t<div class=\"wpb_text_column wpb_content_element\" >\n\t\t<div class=\"wpb_wrapper\">\n\t\t\t<p>\nn<\/p>\n<h4>Contate-nos?<\/h4>\n<p>n<\/p>\n<h5><em><strong>Reservando Aventuras<\/strong><\/em><\/h5>\n<p>n<em><strong>Moradores<\/strong>\u00a0e\u00a0<strong>Nacionais<\/strong>\u00a0Guias tur\u00edsticos e servi\u00e7os aos h\u00f3spedes<\/em><br \/>\nn<br \/>\nn<span class=\"text-turquoise\">Reservas:<\/span>\u00a0Passeios e excurs\u00f5es em Dom. Representante.<br \/>\nn<br \/>\nn<img decoding=\"async\" class=\"emoji\" draggable=\"false\" src=\"https:\/\/s.w.org\/images\/core\/emoji\/11.2.0\/svg\/1f4de.svg\" alt=\" \" title=\"\">\u00a0Telefone\/Whatsapp\u00a0\u00a0<a href=\"tel:+1-809-720-6035\">+1-809-720-6035<\/a>.<br \/>\nn<br \/>\nn<img decoding=\"async\" class=\"emoji\" draggable=\"false\" src=\"https:\/\/s.w.org\/images\/core\/emoji\/11.2.0\/svg\/1f4e9.svg\" alt=\" \" title=\"\">\u00a0<a href=\"mailto:info@bookingadventures.com.do\">info@bookingadventures.com.do<\/a><br \/>\nn<br \/>\nn<strong>Somos Tours Privados com Configura\u00e7\u00e3o Flex\u00edvel pelo Whatsapp:\u00a0<a href=\"tel:+18097206035\">+18097206035.<\/a><\/strong><\/p>\n\n\t\t<\/div>\n\t<\/div>\n<div class=\"vc_empty_space\"   style=\"height: 32px\"><span class=\"vc_empty_space_inner\"><\/span><\/div><\/div><\/div><\/div><\/div><div class=\"vc_row wpb_row vc_row-fluid\" ><div class=\"wpb_column vc_column_container vc_col-sm-12\"><div class=\"vc_column-inner\"><div class=\"wpb_wrapper\"><div class=\"vc_btn3-container vc_btn3-inline\" ><button class=\"vc_general vc_btn3 vc_btn3-size-md vc_btn3-shape-rounded vc_btn3-style-modern vc_btn3-color-green\">AGENDE AGORA<\/button><\/div><\/div><\/div><\/div><\/div>","protected":false},"excerpt":{"rendered":"<p>n n nThis experience in Atv starts in El LImon comunity.During the first part of the day, you will discover the \u201cRuta del Caf\u00e9\u201d on quad and its beautiful and preserved nature. The first stop will be at\u00a0 the\u00a0Parada del caf\u00e9\u00a0where Olivo and his family will show you the artisanal methods they use for\u00a0coffee and cocoa. A\u00a0tasting\u00a0is planned, but only for the greediest !!! n nOn the way, you will also stop at the\u00a0cigars factory\u00a0and for lunch a\u00a0Dominican meal in [&hellip;]<\/p>\n","protected":false},"author":2,"featured_media":0,"parent":0,"menu_order":0,"comment_status":"open","ping_status":"closed","template":"","meta":{"footnotes":""},"class_list":["post-15863","page","type-page","status-publish","hentry"],"_links":{"self":[{"href":"https:\/\/www.boattoursamana.com\/pt_pt\/wp-json\/wp\/v2\/pages\/15863","targetHints":{"allow":["GET"]}}],"collection":[{"href":"https:\/\/www.boattoursamana.com\/pt_pt\/wp-json\/wp\/v2\/pages"}],"about":[{"href":"https:\/\/www.boattoursamana.com\/pt_pt\/wp-json\/wp\/v2\/types\/page"}],"author":[{"embeddable":true,"href":"https:\/\/www.boattoursamana.com\/pt_pt\/wp-json\/wp\/v2\/users\/2"}],"replies":[{"embeddable":true,"href":"https:\/\/www.boattoursamana.com\/pt_pt\/wp-json\/wp\/v2\/comments?post=15863"}],"version-history":[{"count":0,"href":"https:\/\/www.boattoursamana.com\/pt_pt\/wp-json\/wp\/v2\/pages\/15863\/revisions"}],"wp:attachment":[{"href":"https:\/\/www.boattoursamana.com\/pt_pt\/wp-json\/wp\/v2\/media?parent=15863"}],"curies":[{"name":"wp","href":"https:\/\/api.w.org\/{rel}","templated":true}]}}