{"id":15879,"date":"2023-07-15T07:45:29","date_gmt":"2023-07-15T07:45:29","guid":{"rendered":"https:\/\/www.ticketswhales.com\/punta-cana-los-haitises-national-park-yanigua-waterfalls-montana-redonda\/"},"modified":"2023-07-15T07:45:29","modified_gmt":"2023-07-15T07:45:29","slug":"punta-cana-los-haitises-national-park-yanigua-waterfalls-montana-redonda","status":"publish","type":"page","link":"https:\/\/www.boattoursamana.com\/pt_pt\/punta-cana-parque-nacional-los-haitises-cachoeiras-yanigua-e-montana-redonda-2","title":{"rendered":"Punta Cana: Parque Nacional Los Haitises, Cachoeiras Yanigua e Montana Redonda"},"content":{"rendered":"<p>Excurs\u00e3o saindo de Punta Cana: Parque Nacional Los Haitises, Cataratas Yanigua e Montana Redonda. Inclui almo\u00e7o e transporte para visita \u00e0s 3 cavernas principais, explora\u00e7\u00e3o de 2 ecossistemas de mangue diferentes, vistas e Simming Pools.<br \/>\nn<br \/>\nnViagem de dia inteiro ao Parque Nacional Los Haitises com guia tur\u00edstico local. Visitando as ilhotas do Parque Nacional Los Haitises, Manguezais, Vegeta\u00e7\u00e3o, Observa\u00e7\u00e3o de p\u00e1ssaros, Cavernas, Pictogramas e as \u00e1reas hist\u00f3ricas de Sabana de la Mar no Parque Nacional Los Haitises. Vistas incr\u00edveis em Montana Redonda e almo\u00e7o e piscinas nas cachoeiras Yanigua.<br \/>\nn<br \/>\nn&nbsp;<br \/>\nn<br \/>\nn<strong>Selecione a data do Tour:\u00a0<\/strong><\/p>\n<p>&nbsp;<\/p>\n<div class=\"vc_row wpb_row vc_row-fluid\" ><div class=\"wpb_column vc_column_container vc_col-sm-12\"><div class=\"vc_column-inner\"><div class=\"wpb_wrapper\"><div class=\"mkdf-section-title-holder\" style=\"text-align: left\">\n\t<div class=\"mkdf-st-inner\">\n\t\t\t\t\t<h5 class=\"mkdf-st-subtitle\" >\n\t\t\t\tTransporte e almo\u00e7o inclu\u00eddos\t\t\t<\/h5>\n\t\t\t\t\t\t\t<h3 class=\"mkdf-st-title\" >\n\t\t\t\tPunta Cana: Parque Nacional Los Haitises, Cachoeiras Yanigua e Montana Redonda\t\t\t<\/h3>\n\t\t\t\t\t<\/div>\n<\/div><\/div><\/div><\/div><\/div><div class=\"vc_row wpb_row vc_row-fluid\" ><div class=\"wpb_column vc_column_container vc_col-sm-12\"><div class=\"vc_column-inner\"><div class=\"wpb_wrapper\">\n\t<div class=\"wpb_text_column wpb_content_element\" >\n\t\t<div class=\"wpb_wrapper\">\n\t\t\t<p>\nn<\/p>\n<h3>Punta Cana: Parque Nacional Los Haitises, Cachoeiras Yanigua e Montana Redonda<\/h3>\n<p>n<\/p>\n<h4><b><i>Vis\u00e3o geral <\/i><\/b><\/h4>\n<p>nLos Haitises National Park Tour saindo de Punta Cana. A partir do seu hotel em Punta Cana ou B\u00e1varo. Dirigiremos com nosso guia tur\u00edstico at\u00e9 Montana Redonda. Onde voc\u00ea ter\u00e1 tempo para tirar fotos incr\u00edveis de uma das vistas mais impressionantes da Rep\u00fablica Dominicana. Ap\u00f3s esta primeira parada, continuamos visitando o Parque Nacional Los Haitises, alguns petiscos e bebidas t\u00edpicas enquanto percorremos manguezais, cavernas e famosas ilhas rochosas como no Jurassic Park. Depois de visitar o Parque Nacional Los Haitises, o almo\u00e7o nos espera nas cachoeiras de Yanigua. Depois de um almo\u00e7o local e gastron\u00f4mico, voc\u00ea deve ter tempo para nadar nas \u00fanicas piscinas naturais que v\u00eam do Parque Nacional Los Haitises.<br \/>\nn<br \/>\nnAp\u00f3s esta experi\u00eancia, voc\u00ea retornar\u00e1 \u00e0 comunidade de Punta Cana, onde iremos busc\u00e1-lo.<br \/>\nn<\/p>\n<ul>\nn \t<\/p>\n<li style=\"font-weight: 400;\">Taxas inclu\u00eddas<\/li>\n<p>n \t<\/p>\n<li>Almo\u00e7o<\/li>\n<p>n \t<\/p>\n<li>Lanches<\/li>\n<p>n \t<\/p>\n<li style=\"font-weight: 400;\">Guia tur\u00edstico local em ingl\u00eas ou franc\u00eas<\/li>\n<p>n \t<\/p>\n<li>Transporte<\/li>\n<p>n \t<\/p>\n<li>Viagem de barco<\/li>\n<p>n \t<\/p>\n<li>Montana Redonda<\/li>\n<p>n \t<\/p>\n<li>Cachoeira Yanigua<\/li>\n<p>n<\/ul>\n<p>n&nbsp;<br \/>\nn<\/p>\n<h4><b>Inclus\u00f5es e Exclus\u00f5es<\/b><\/h4>\n<p>n&nbsp;<br \/>\nn<br \/>\nn<b>Inclus\u00f5es<\/b><br \/>\nn<\/p>\n<ol>\nn \t<\/p>\n<li style=\"font-weight: 400;\">Tour Los Haitises + Cavernas e Pictogramas<\/li>\n<p>n \t<\/p>\n<li>Montana Redonda<\/li>\n<p>n \t<\/p>\n<li>Cachoeiras Yanigua<\/li>\n<p>n \t<\/p>\n<li>Almo\u00e7o<\/li>\n<p>n \t<\/p>\n<li>Recolha nos hot\u00e9is nas \u00e1reas de Punta Cana.<\/li>\n<p>n \t<\/p>\n<li style=\"font-weight: 400;\"><span style=\"font-weight: 400;\">Todos os impostos, taxas e encargos de manuseio<\/span><\/li>\n<p>n \t<\/p>\n<li style=\"font-weight: 400;\"><span style=\"font-weight: 400;\">Impostos locais<\/span><\/li>\n<p>n \t<\/p>\n<li style=\"font-weight: 400;\"><span style=\"font-weight: 400;\">Bebidas<\/span><\/li>\n<p>n \t<\/p>\n<li>Lanches<\/li>\n<p>n \t<\/p>\n<li style=\"font-weight: 400;\"><span style=\"font-weight: 400;\">Todas as atividades<\/span><\/li>\n<p>n \t<\/p>\n<li style=\"font-weight: 400;\"><span style=\"font-weight: 400;\">Guia local<\/span><\/li>\n<p>n<\/ol>\n<p>n<b> Exclus\u00f5es<\/b><br \/>\nn<\/p>\n<ol>\nn \t<\/p>\n<li style=\"font-weight: 400;\"><span style=\"font-weight: 400;\">Gorjetas<\/span><\/li>\n<p>n \t<\/p>\n<li style=\"font-weight: 400;\"><span style=\"font-weight: 400;\">Bebidas Alco\u00f3licas<\/span><\/li>\n<p>n<\/ol>\n<p>n&nbsp;<br \/>\nn<\/p>\n<h4><em><strong>Partida e Retorno<\/strong><\/em><\/h4>\n<p>n<span style=\"font-weight: 400;\">O viajante receber\u00e1 um ponto de encontro ap\u00f3s o Processo de Reserva. Os passeios come\u00e7am e terminam nos seus pontos de encontro.<\/span><br \/>\nn<\/p>\n<h4><\/h4>\n<p>n<\/p>\n<h3>Punta Cana: Parque Nacional Los Haitises, Cachoeiras Yanigua e Montana Redonda<\/h3>\n<p>n<\/p>\n<h4><b><i>O que esperar?<\/i><\/b><\/h4>\n<p>n<em><strong>Obtenha seus ingressos<\/strong><\/em> para visitar o Parque Nacional Los Haitises saindo de Punta Cana.<br \/>\nn<br \/>\nnO\u00a0<strong>natureza tropical da Rep\u00fablica Dominicana<\/strong>\u00a0\u00e9 um dos principais\u00a0<strong>atra\u00e7\u00f5es tur\u00edsticas<\/strong>\u00a0no pa\u00eds. Hoje queremos propor-lhe um\u00a0<strong>excurs\u00e3o \u00fanica<\/strong>\u00a0que voc\u00ea pode fazer desde Punta Cana, e que inclui uma visita a tr\u00eas lugares onde as paisagens v\u00e3o te deixar sem palavras.<br \/>\nn<br \/>\nnO primeiro deles \u00e9\u00a0<em>Montanha Redonda<\/em>, um lugar que se tornou famoso nos \u00faltimos anos por sua\u00a0<strong>vista panor\u00e2mica<\/strong>\u00a0sobre o Caribe, onde\u00a0<strong>instant\u00e2neos em um balan\u00e7o<\/strong>\u00a0que olha para o horizonte fizeram dele um dos\u00a0<strong>lugares mais fotografados na Rep\u00fablica Dominicana<\/strong>.<br \/>\nn<br \/>\nn<strong>Parque Nacional Los Haitises<\/strong>\u00a0\u00e9 o nosso pr\u00f3ximo destino no mapa, uma \u00e1rea onde\u00a0<strong>o mar, manguezais, selvas<\/strong>\u00a0e at\u00e9 mesmo\u00a0<strong>restos arqueol\u00f3gicos<\/strong>\u00a0escondido em cavernas, revela todos os\u00a0<strong>charme natural que o pa\u00eds oferece<\/strong>. Os seus pequenos montes repletos de vegeta\u00e7\u00e3o s\u00e3o tamb\u00e9m o local perfeito para a observa\u00e7\u00e3o de aves que s\u00f3 aqui encontrar\u00e1.<br \/>\nn<br \/>\nnDentro do parque existe outro\u00a0<strong>lugar m\u00e1gico: Cachoeiras do Rancho Yanigua<\/strong>. Esta cachoeira espetacular \u00e9 a\u00a0<strong>lugar perfeito para desconectar<\/strong>\u00a0das multid\u00f5es de turistas de Punta Cana, rodeados por uma densa vegeta\u00e7\u00e3o que nos faz pensar que estamos a mais de 100 quil\u00f4metros da cidade mais pr\u00f3xima, embora na verdade n\u00e3o seja assim.<br \/>\nn<\/p>\n<div class=\"body-description secondary\">\nn<br \/>\nnDepois do almo\u00e7o voltamos para Punta Cana!!<br \/>\nn<\/p>\n<h2 id=\"headline-62-1277\" class=\"ct-headline\">Itiner\u00e1rio do passeio<\/h2>\n<p>n<\/p>\n<div id=\"_rich_text-77-1277\" class=\"oxy-rich-text\">\nn<br \/>\nnO itiner\u00e1rio desta excurs\u00e3o \u00e9 o seguinte:<br \/>\nn<\/p>\n<ul>\nn \t<\/p>\n<li><strong>06h50<\/strong>\u00a0\u2013 Buscamos voc\u00ea no seu hotel.<\/li>\n<p>n \t<\/p>\n<li><strong>08h30<\/strong>\u00a0\u2013 Chegada \u00e0 montanha redonda, paisagem \u00fanica em todo o pa\u00eds.<\/li>\n<p>n \t<\/p>\n<li><strong>10:30 am<\/strong>\u00a0\u2013 Sa\u00edda de Sabana de la Mar em dire\u00e7\u00e3o ao Parque Nacional Haitises em lancha r\u00e1pida. No caminho veremos\u00a0<strong>p\u00e1ssaros ex\u00f3ticos<\/strong>, e chegaremos ao\u00a0<strong>cavernas<\/strong>\u00a0onde voc\u00ea pode ver\u00a0<strong>pinturas ind\u00edgenas<\/strong>.<\/li>\n<p>n \t<\/p>\n<li><strong>12:30<\/strong>\u00a0<strong>PM\u00a0<\/strong>\u2013 Adentrar a selva at\u00e9 chegar \u00e0s Cachoeiras da Fazenda Yanigua, lugar perfeito para almo\u00e7ar e dar um mergulho. Voc\u00ea tamb\u00e9m pode tomar um banho de lama terap\u00eautico.<\/li>\n<p>n \t<\/p>\n<li><strong>02:00<\/strong>\u00a0<strong>PM<\/strong>\u00a0\u2013 Voc\u00ea pode provar\u00a0<strong>caf\u00e9 e cacau<\/strong>\u00a0de fazendas e ranchos locais.<\/li>\n<p>n \t<\/p>\n<li><strong>03:00<\/strong>\u00a0<strong>PM<\/strong>- Visite a\u00a0<strong>meu \u00e2mbar azul<\/strong>.<\/li>\n<p>n \t<\/p>\n<li><strong>16h30<\/strong>\u00a0\u2013 Pare num miradouro fotogr\u00e1fico onde poder\u00e1 ver o esplendor do Parque Nacional Haitises.<\/li>\n<p>n \t<\/p>\n<li><strong>17h00<\/strong>\u00a0\u2013 Por fim, um guia nos levar\u00e1 a uma das constru\u00e7\u00f5es mais curiosas do local,\u00a0<em>a casa do Tarzan<\/em>, que est\u00e1 localizado em uma \u00e1rvore com mais de 30 metros de altura.<\/li>\n<p>n \t<\/p>\n<li><strong>18h00<\/strong>\u00a0\u2013 Retorno aos hot\u00e9is com nosso transporte.<\/li>\n<p>n<\/ul>\n<p>n<em>*Os hor\u00e1rios indicados acima s\u00e3o aproximados<\/em><br \/>\nn<br \/>\nn<\/div>\n<p>n\n<\/p><\/div>\n<p>nCaso voc\u00ea queira esta viagem mais longa ou mais curta basta entrar em contato conosco.<br \/>\nn<br \/>\nn&nbsp;<br \/>\nn<\/p>\n<h4><em><strong>O que voc\u00ea deve trazer?<\/strong><\/em><\/h4>\n<p>n<\/p>\n<ul>\nn \t<\/p>\n<li style=\"font-weight: 400;\"><span style=\"font-weight: 400;\">C\u00e2mera<\/span><\/li>\n<p>n \t<\/p>\n<li style=\"font-weight: 400;\"><span style=\"font-weight: 400;\">Bot\u00f5es repelentes<\/span><\/li>\n<p>n \t<\/p>\n<li style=\"font-weight: 400;\"><span style=\"font-weight: 400;\">Protetor solar<\/span><\/li>\n<p>n \t<\/p>\n<li style=\"font-weight: 400;\"><span style=\"font-weight: 400;\">Chap\u00e9u<\/span><\/li>\n<p>n \t<\/p>\n<li style=\"font-weight: 400;\"><span style=\"font-weight: 400;\">Cal\u00e7as confort\u00e1veis<\/span><\/li>\n<p>n \t<\/p>\n<li style=\"font-weight: 400;\"><span style=\"font-weight: 400;\">Sapatos de caminhada para floresta<\/span><\/li>\n<p>n \t<\/p>\n<li style=\"font-weight: 400;\"><span style=\"font-weight: 400;\">Sand\u00e1lias para as zonas de Primavera.<\/span><\/li>\n<p>n \t<\/p>\n<li style=\"font-weight: 400;\"><span style=\"font-weight: 400;\">Roupa de nata\u00e7\u00e3o<\/span><\/li>\n<p>n<\/ul>\n<p>n&nbsp;<br \/>\nn<\/p>\n<h4><b><i>Recolha no hotel <\/i><\/b><\/h4>\n<p>n<span style=\"font-weight: 400;\">A retirada do hotel \u00e9 oferecida para este passeio. Selecione o nome do hotel e a hora aqui. Caso o seu Hotel n\u00e3o esteja na lista entre em contato conosco.<\/span><br \/>\nn<br \/>\nn&nbsp;<br \/>\nn<br \/>\nn<b>Observa\u00e7\u00e3o:<\/b><span style=\"font-weight: 400;\"> Se voc\u00ea fizer a reserva dentro de 24 horas antes do hor\u00e1rio de partida do passeio\/excurs\u00e3o, podemos providenciar a retirada do hotel com custos extras. Assim que sua compra for conclu\u00edda, enviaremos a voc\u00ea informa\u00e7\u00f5es de contato completas (n\u00famero de telefone, endere\u00e7o de e-mail, etc.) para que nosso guia tur\u00edstico local organize a retirada.<\/span><br \/>\nn<\/p>\n<h4><b><i>Confirma\u00e7\u00e3o de informa\u00e7\u00f5es adicionais <\/i><\/b><\/h4>\n<p>n<\/p>\n<ol>\nn \t<\/p>\n<li>Os ingressos s\u00e3o o recibo ap\u00f3s o pagamento deste passeio. Voc\u00ea pode mostrar o pagamento no seu telefone.<\/li>\n<p>n \t<\/p>\n<li style=\"font-weight: 400;\"><span style=\"font-weight: 400;\">O ponto de encontro ser\u00e1 recebido ap\u00f3s o processo de reserva.<\/span><\/li>\n<p>n \t<\/p>\n<li style=\"font-weight: 400;\"><span style=\"font-weight: 400;\">As crian\u00e7as devem estar acompanhadas por um adulto.<\/span><\/li>\n<p>n \t<\/p>\n<li style=\"font-weight: 400;\"><span style=\"font-weight: 400;\"> N\u00e3o acess\u00edvel para cadeiras de rodas <\/span><\/li>\n<p>n \t<\/p>\n<li style=\"font-weight: 400;\"><span style=\"font-weight: 400;\">Os beb\u00eas devem sentar-se no colo <\/span><\/li>\n<p>n \t<\/p>\n<li style=\"font-weight: 400;\"><span style=\"font-weight: 400;\">N\u00e3o recomendado para viajantes com problemas nas costas<\/span><\/li>\n<p>n \t<\/p>\n<li style=\"font-weight: 400;\"><span style=\"font-weight: 400;\">N\u00e3o recomendado para viajantes gr\u00e1vidas <\/span><\/li>\n<p>n \t<\/p>\n<li style=\"font-weight: 400;\"><span style=\"font-weight: 400;\"> Sem problemas card\u00edacos ou outras condi\u00e7\u00f5es m\u00e9dicas graves <\/span><\/li>\n<p>n \t<\/p>\n<li style=\"font-weight: 400;\"><span style=\"font-weight: 400;\">A maioria dos viajantes pode participar<\/span><\/li>\n<p>n<\/ol>\n<p>n<\/p>\n<h4><b><i>Pol\u00edtica de cancelamento<\/i><\/b><\/h4>\n<p>Para um reembolso total, leia nossas pol\u00edticas de cancelamento\u00a0<a href=\"https:\/\/www.boattoursamana.com\/pt_pt\/marcacao-online\/\" target=\"_blank\" rel=\"noopener\" data-saferedirecturl=\"https:\/\/www.google.com\/url?q=https:\/\/www.boattoursamana.com\/online-booking\/&amp;source=gmail&amp;ust=1672308980019000&amp;usg=AOvVaw26v5FL8g3-3hyHN76KOvdD\">Clique aqui<\/a>. Os fundos ser\u00e3o perdidos se a reserva for cancelada no mesmo dia da viagem.<\/p>\n\n\t\t<\/div>\n\t<\/div>\n<\/div><\/div><\/div><\/div><div class=\"vc_row wpb_row vc_row-fluid\" ><div class=\"wpb_column vc_column_container vc_col-sm-12\"><div class=\"vc_column-inner\"><div class=\"wpb_wrapper\"><div class=\"vc_empty_space\"   style=\"height: 32px\"><span class=\"vc_empty_space_inner\"><\/span><\/div>\n\t<div class=\"wpb_video_widget wpb_content_element vc_clearfix   vc_video-aspect-ratio-169 vc_video-el-width-100 vc_video-align-left\" >\n\t\t<div class=\"wpb_wrapper\">\n\t\t\t<h2 class=\"wpb_heading wpb_video_heading\">V\u00eddeo do Parque Nacional Los Haitises:<\/h2>\n\t\t\t<div class=\"wpb_video_wrapper\"><iframe loading=\"lazy\" title=\"Parque Nacional Los Haitises, passeios e excurs\u00f5es saindo de Samana ou Sabana de la Mar.\" src=\"https:\/\/player.vimeo.com\/video\/346508015?dnt=1&amp;app_id=122963\" width=\"1100\" height=\"619\" frameborder=\"0\" allow=\"autoplay; fullscreen; picture-in-picture\" allowfullscreen><\/iframe><\/div>\n\t\t<\/div>\n\t<\/div>\n<div class=\"vc_empty_space\"   style=\"height: 32px\"><span class=\"vc_empty_space_inner\"><\/span><\/div><\/div><\/div><\/div><\/div><div class=\"vc_row wpb_row vc_row-fluid\" ><div class=\"wpb_column vc_column_container vc_col-sm-12\"><div class=\"vc_column-inner\"><div class=\"wpb_wrapper\"><div class=\"vc_empty_space\"   style=\"height: 32px\"><span class=\"vc_empty_space_inner\"><\/span><\/div>\n\t<div class=\"wpb_text_column wpb_content_element\" >\n\t\t<div class=\"wpb_wrapper\">\n\t\t\t<p>\nn<\/p>\n<h4>Contate-nos?<\/h4>\n<p>n<\/p>\n<h5><em><strong>Reservando Aventuras<\/strong><\/em><\/h5>\n<p>n<em><strong>Moradores<\/strong>\u00a0e\u00a0<strong>Nacionais<\/strong>\u00a0Guias tur\u00edsticos e servi\u00e7os aos h\u00f3spedes<\/em><br \/>\nn<br \/>\nn<span class=\"text-turquoise\">Reservas:<\/span>\u00a0Passeios e excurs\u00f5es em Dom. Representante.<br \/>\nn<br \/>\nn<img decoding=\"async\" class=\"emoji\" draggable=\"false\" src=\"https:\/\/s.w.org\/images\/core\/emoji\/11.2.0\/svg\/1f4de.svg\" alt=\" \" title=\"\">\u00a0Telefone\/Whatsapp\u00a0\u00a0<a href=\"tel:+1-809-720-6035\">+1-809-720-6035<\/a>.<br \/>\nn<br \/>\nn<img decoding=\"async\" class=\"emoji\" draggable=\"false\" src=\"https:\/\/s.w.org\/images\/core\/emoji\/11.2.0\/svg\/1f4e9.svg\" alt=\" \" title=\"\">\u00a0<a href=\"mailto:info@bookingadventures.com.do\">info@bookingadventures.com.do<\/a><br \/>\nn<br \/>\nn<strong>Somos Tours Privados com Configura\u00e7\u00e3o Flex\u00edvel pelo Whatsapp:\u00a0<a href=\"tel:+18097206035\">+18097206035.<\/a><\/strong><\/p>\n\n\t\t<\/div>\n\t<\/div>\n<div class=\"vc_empty_space\"   style=\"height: 32px\"><span class=\"vc_empty_space_inner\"><\/span><\/div><\/div><\/div><\/div><\/div>","protected":false},"excerpt":{"rendered":"<p>Excursion from Punta Cana: Los Haitises National Park, Yanigua Waterfalls &amp; Montana Redonda. Includes Lunch and Transportation for a visit to the 3 main caves, an exploration of 2 different mangroves ecosystems, views, and Simming Pools. n nFull Day Trip to Los Haitises National Park with a Local Tour guide. Visiting the Cays in Los Haitises National Park, Mangroves, Vegetation, Birding, Caves, Pictographs and the historical areas of Sabana de la Mar in Los Haitises National Park. Amazing Views in [&hellip;]<\/p>\n","protected":false},"author":2,"featured_media":0,"parent":0,"menu_order":0,"comment_status":"open","ping_status":"closed","template":"","meta":{"footnotes":""},"class_list":["post-15879","page","type-page","status-publish","hentry"],"_links":{"self":[{"href":"https:\/\/www.boattoursamana.com\/pt_pt\/wp-json\/wp\/v2\/pages\/15879","targetHints":{"allow":["GET"]}}],"collection":[{"href":"https:\/\/www.boattoursamana.com\/pt_pt\/wp-json\/wp\/v2\/pages"}],"about":[{"href":"https:\/\/www.boattoursamana.com\/pt_pt\/wp-json\/wp\/v2\/types\/page"}],"author":[{"embeddable":true,"href":"https:\/\/www.boattoursamana.com\/pt_pt\/wp-json\/wp\/v2\/users\/2"}],"replies":[{"embeddable":true,"href":"https:\/\/www.boattoursamana.com\/pt_pt\/wp-json\/wp\/v2\/comments?post=15879"}],"version-history":[{"count":0,"href":"https:\/\/www.boattoursamana.com\/pt_pt\/wp-json\/wp\/v2\/pages\/15879\/revisions"}],"wp:attachment":[{"href":"https:\/\/www.boattoursamana.com\/pt_pt\/wp-json\/wp\/v2\/media?parent=15879"}],"curies":[{"name":"wp","href":"https:\/\/api.w.org\/{rel}","templated":true}]}}