{"id":644,"date":"2017-08-07T13:32:44","date_gmt":"2017-08-07T13:32:44","guid":{"rendered":"http:\/\/roam.mikado-themes.com\/?page_id=644"},"modified":"2020-07-11T14:29:40","modified_gmt":"2020-07-11T14:29:40","slug":"what-we-offer","status":"publish","type":"page","link":"https:\/\/www.boattoursamana.com\/pt_pt\/o-que-nos-oferecemos","title":{"rendered":"O que n\u00f3s oferecemos"},"content":{"rendered":"<div class=\"mkdf-row-grid-section-wrapper\"  ><div class=\"mkdf-row-grid-section\"><div class=\"vc_row wpb_row vc_row-fluid vc_custom_1591875763632\" ><div class=\"wpb_column vc_column_container vc_col-sm-12\"><div class=\"vc_column-inner\"><div class=\"wpb_wrapper\"><div class=\"mkdf-section-title-holder\" style=\"text-align: center\">\n\t<div class=\"mkdf-st-inner\">\n\t\t\t\t\t<h5 class=\"mkdf-st-subtitle\" >\n\t\t\t\tN\u00f3s somos diferentes ...\t\t\t<\/h5>\n\t\t\t\t\t\t\t<h3 class=\"mkdf-st-title\" style=\"color: #444444\">\n\t\t\t\tPorque n\u00f3s nos importamos\t\t\t<\/h3>\n\t\t\t\t\t\t\t<p class=\"mkdf-st-text\" style=\"font-size: 16px\">\n\t\t\t\tN\u00e3o tratamos nossos clientes simplesmente como visitantes da Rep\u00fablica Dominicana, n\u00f3s os vemos como viajantes internacionais aguardando as f\u00e9rias da sua vida e \u00e9 isso que oferecemos! A abordagem progressiva e din\u00e2mica de nossa equipe de especialistas garante que voc\u00ea tenha certeza do compromisso 100% de fornecer um servi\u00e7o profissional e cont\u00ednuo para voc\u00ea, seus amigos ou familiares.\t\t\t<\/p>\n\t\t\t<\/div>\n<\/div><div class=\"vc_separator wpb_content_element vc_separator_align_center vc_sep_width_100 vc_sep_pos_align_center vc_custom_1592667744152 vc_separator-has-text\" ><span class=\"vc_sep_holder vc_sep_holder_l\"><span  style=\"border-color:#ff681a;\" class=\"vc_sep_line\"><\/span><\/span><h4>Centenas de excurs\u00f5es, passeios e atividades para voc\u00ea aproveitar ao m\u00e1ximo a Rep\u00fablica Dominicana!<\/h4><span class=\"vc_sep_holder vc_sep_holder_r\"><span  style=\"border-color:#ff681a;\" class=\"vc_sep_line\"><\/span><\/span>\n<\/div><\/div><\/div><\/div><\/div><\/div><\/div><div class=\"mkdf-row-grid-section-wrapper mkdf-content-aligment-center\"  ><div class=\"mkdf-row-grid-section\"><div class=\"vc_row wpb_row vc_row-fluid vc_custom_1591875648069\" ><div class=\"wpb_column vc_column_container vc_col-sm-6\"><div class=\"vc_column-inner\"><div class=\"wpb_wrapper\"><div class=\"mkdf-iwt clearfix  mkdf-iwt-icon-top mkdf-iwt-icon-medium\">\n\t<div class=\"mkdf-iwt-icon\">\n\t\t\t\t\t\t\t\t\t    <span class=\"mkdf-icon-shortcode mkdf-circle   mkdf-icon-medium\" style=\"width: 100px;height: 100px;line-height: 100px;background-color: #ff681a\" data-color=\"#ffffff\">\n                    <span aria-hidden=\"true\" class=\"mkdf-icon-font-elegant icon_chat mkdf-icon-element\" style=\"color: #ffffff;font-size:34px\" ><\/span>\n                            <span class=\"mkdf-icon-shortcode-hover-layer\" ><\/span>\n            \n            <\/span>\n\t\t\t\t\t\t<\/div>\n\t<div class=\"mkdf-iwt-content\" >\n\t\t\t\t\t<h6 class=\"mkdf-iwt-title\" >\n\t\t\t\t\t\t\t\t<span class=\"mkdf-iwt-title-text\">Guias tur\u00edsticos locais<\/span>\n\t\t\t\t\t\t\t<\/h6>\n\t\t\t\t\t\t\t<p class=\"mkdf-iwt-text\" >Guias tur\u00edsticos profissionais, que falam a sua l\u00edngua<\/p>\n\t\t\t<\/div>\n<\/div><div class=\"vc_empty_space\"   style=\"height: 40px\"><span class=\"vc_empty_space_inner\"><\/span><\/div><\/div><\/div><\/div><div class=\"wpb_column vc_column_container vc_col-sm-6\"><div class=\"vc_column-inner\"><div class=\"wpb_wrapper\"><div class=\"mkdf-iwt clearfix  mkdf-iwt-icon-top mkdf-iwt-icon-medium\">\n\t<div class=\"mkdf-iwt-icon\">\n\t\t\t\t\t\t\t\t\t    <span class=\"mkdf-icon-shortcode mkdf-circle   mkdf-icon-medium\" style=\"width: 100px;height: 100px;line-height: 100px;background-color: #ff681a\" data-color=\"#ffffff\">\n                    <span aria-hidden=\"true\" class=\"mkdf-icon-font-elegant icon_pencil-edit mkdf-icon-element\" style=\"color: #ffffff;font-size:34px\" ><\/span>\n                            <span class=\"mkdf-icon-shortcode-hover-layer\" ><\/span>\n            \n            <\/span>\n\t\t\t\t\t\t<\/div>\n\t<div class=\"mkdf-iwt-content\" >\n\t\t\t\t\t<h6 class=\"mkdf-iwt-title\" >\n\t\t\t\t\t\t\t\t<span class=\"mkdf-iwt-title-text\">Experi\u00eancias personalizadas<\/span>\n\t\t\t\t\t\t\t<\/h6>\n\t\t\t\t\t\t\t<p class=\"mkdf-iwt-text\" >Projete sua pr\u00f3pria experi\u00eancia adaptada aos seus interesses, necessidades e or\u00e7amento<\/p>\n\t\t\t<\/div>\n<\/div><div class=\"vc_empty_space\"   style=\"height: 40px\"><span class=\"vc_empty_space_inner\"><\/span><\/div><\/div><\/div><\/div><div class=\"wpb_column vc_column_container vc_col-sm-6\"><div class=\"vc_column-inner\"><div class=\"wpb_wrapper\"><div class=\"mkdf-iwt clearfix  mkdf-iwt-icon-top mkdf-iwt-icon-medium\">\n\t<div class=\"mkdf-iwt-icon\">\n\t\t\t\t\t\t\t\t\t    <span class=\"mkdf-icon-shortcode mkdf-circle   mkdf-icon-medium\" style=\"width: 100px;height: 100px;line-height: 100px;background-color: #ff681a\" data-color=\"#ffffff\">\n                    <i class=\"mkdf-icon-font-awesome fa fa-car mkdf-icon-element\" style=\"color: #ffffff;font-size:34px\" ><\/i>\n                            <span class=\"mkdf-icon-shortcode-hover-layer\" ><\/span>\n            \n            <\/span>\n\t\t\t\t\t\t<\/div>\n\t<div class=\"mkdf-iwt-content\" >\n\t\t\t\t\t<h6 class=\"mkdf-iwt-title\" >\n\t\t\t\t\t\t\t\t<span class=\"mkdf-iwt-title-text\">Transfer\u00eancia Privada<\/span>\n\t\t\t\t\t\t\t<\/h6>\n\t\t\t\t\t\t\t<p class=\"mkdf-iwt-text\" >Motoristas profissionais tendo a sua seguran\u00e7a e conforto como sua primeira preocupa\u00e7\u00e3o<\/p>\n\t\t\t<\/div>\n<\/div><div class=\"vc_empty_space\"   style=\"height: 40px\"><span class=\"vc_empty_space_inner\"><\/span><\/div><\/div><\/div><\/div><div class=\"wpb_column vc_column_container vc_col-sm-6\"><div class=\"vc_column-inner\"><div class=\"wpb_wrapper\"><div class=\"mkdf-iwt clearfix  mkdf-iwt-icon-top mkdf-iwt-icon-medium\">\n\t<div class=\"mkdf-iwt-icon\">\n\t\t\t\t\t\t\t\t\t    <span class=\"mkdf-icon-shortcode mkdf-circle   mkdf-icon-medium\" style=\"width: 100px;height: 100px;line-height: 100px;background-color: #ff681a\" data-color=\"#ffffff\">\n                    <span aria-hidden=\"true\" class=\"mkdf-icon-linear-icons lnr lnr-map-marker mkdf-icon-element\" style=\"color: #ffffff;font-size:34px\" ><\/span>\n                            <span class=\"mkdf-icon-shortcode-hover-layer\" ><\/span>\n            \n            <\/span>\n\t\t\t\t\t\t<\/div>\n\t<div class=\"mkdf-iwt-content\" >\n\t\t\t\t\t<h6 class=\"mkdf-iwt-title\" >\n\t\t\t\t\t\t\t\t<span class=\"mkdf-iwt-title-text\">Lugares lindos<\/span>\n\t\t\t\t\t\t\t<\/h6>\n\t\t\t\t\t\t\t<p class=\"mkdf-iwt-text\" >Descubra lugares secretos conosco e aproveite ao m\u00e1ximo<\/p>\n\t\t\t<\/div>\n<\/div><div class=\"vc_empty_space\"   style=\"height: 40px\"><span class=\"vc_empty_space_inner\"><\/span><\/div><\/div><\/div><\/div><\/div><\/div><\/div><div class=\"vc_row wpb_row vc_row-fluid\" ><div class=\"wpb_column vc_column_container vc_col-sm-12\"><div class=\"vc_column-inner vc_custom_1591878564878\"><div class=\"wpb_wrapper\"><div class=\"vc_separator wpb_content_element vc_separator_align_center vc_sep_width_100 vc_sep_border_width_2 vc_sep_pos_align_center vc_separator_no_text vc_custom_1591878577227  vc_custom_1591878577227\" ><span class=\"vc_sep_holder vc_sep_holder_l\"><span  style=\"border-color:#ff681a;\" class=\"vc_sep_line\"><\/span><\/span><span class=\"vc_sep_holder vc_sep_holder_r\"><span  style=\"border-color:#ff681a;\" class=\"vc_sep_line\"><\/span><\/span>\n<\/div><\/div><\/div><\/div><\/div><div class=\"mkdf-row-grid-section-wrapper\"  ><div class=\"mkdf-row-grid-section\"><div class=\"vc_row wpb_row vc_row-fluid vc_custom_1591878662778 vc_row-has-fill\" ><div class=\"wpb_column vc_column_container vc_col-sm-12 vc_col-has-fill\"><div class=\"vc_column-inner vc_custom_1591880860838\"><div class=\"wpb_wrapper\"><div class=\"mkdf-elements-holder   mkdf-two-columns  mkdf-responsive-mode-1024\" ><div class=\"mkdf-eh-item\"  data-item-class=\"mkdf-eh-custom-4557\" data-1024-1280=\"0px 5% 34px 0\" data-768-1024=\"78px 12% 19px 0\" data-680-768=\"78px 12% 19px 0\" data-680=\"78px 0% 19px 0\">\n\t<div class=\"mkdf-eh-item-inner\">\n\t\t<div class=\"mkdf-eh-item-content mkdf-eh-custom-4557\" style=\"padding: 0px 12% 41px 0\">\n\t\t\t<div class=\"mkdf-section-title-holder\" style=\"text-align: center\">\n\t<div class=\"mkdf-st-inner\">\n\t\t\t\t\t<h5 class=\"mkdf-st-subtitle\" >\n\t\t\t\tF\u00e1cil, r\u00e1pido e seguro\t\t\t<\/h5>\n\t\t\t\t\t\t\t<h3 class=\"mkdf-st-title\" >\n\t\t\t\tLivro online\t\t\t<\/h3>\n\t\t\t\t\t<\/div>\n<\/div><div class=\"vc_empty_space\"   style=\"height: 10px\"><span class=\"vc_empty_space_inner\"><\/span><\/div>\n\t<div class=\"wpb_text_column wpb_content_element\" >\n\t\t<div class=\"wpb_wrapper\">\n\t\t\t<p>A reserva online \u00e9 f\u00e1cil, r\u00e1pida e segura connosco. <strong>Oferecemos 3 tipos diferentes de m\u00e9todos de pagamento<\/strong>. Reserve online o seu Tour ou Excurs\u00e3o e <strong>salve seu lugar<\/strong>. Se precisar de ajuda, basta entrar em contato com nossos especialistas de atendimento ao cliente que est\u00e3o online 24 horas por dia, 7 dias por semana, prontos para ajud\u00e1-lo. <strong>Consulte Mais informa\u00e7\u00e3o<\/strong> sobre o processo de reserva conosco.<\/p>\n<p style=\"text-align: center;\"><a href=\"https:\/\/www.boattoursamana.com\/pt_pt\/marcacao-online\/\"><a itemprop=\"url\" href=\"https:\/\/www.boattoursamana.com\/pt_pt\/marcacao-online\/\" target=\"_self\"  class=\"mkdf-btn mkdf-btn-large mkdf-btn-solid mkdf-btn-custom-hover-bg mkdf-btn-custom-hover-color\" data-hover-color=\"#ffffff\" data-hover-bg-color=\"#000000\" >\n    <span class=\"mkdf-btn-text\">consulte Mais informa\u00e7\u00e3o<\/span>\n    <i class=\"mkdf-icon-font-awesome fa\" ><\/i><\/a><\/a><\/p>\n\n\t\t<\/div>\n\t<\/div>\n\t\t<\/div>\n\t<\/div>\n<\/div><div class=\"mkdf-eh-item\"  data-item-class=\"mkdf-eh-custom-2101\" data-1024-1280=\"95px 1% 115px\" data-768-1024=\"40px 0 115px\" data-680-768=\"40px 0 115px\" data-680=\"40px 0 115px\">\n\t<div class=\"mkdf-eh-item-inner\">\n\t\t<div class=\"mkdf-eh-item-content mkdf-eh-custom-2101\" style=\"padding: 95px 0 115px\">\n\t\t\t<div class=\"mkdf-progress-bar\">\n\t<h6 class=\"mkdf-pb-title-holder\" >\n\t\t<span class=\"mkdf-pb-title\">RESERVA R\u00c1PIDA<\/span>\n\t\t<span class=\"mkdf-pb-percent\">0<\/span>\n\t<\/h6>\n\t<div class=\"mkdf-pb-content-holder\" >\n\t\t<div data-percentage=\"100\" class=\"mkdf-pb-content\" ><\/div>\n\t<\/div>\n<\/div><div class=\"vc_empty_space\"   style=\"height: 20px\"><span class=\"vc_empty_space_inner\"><\/span><\/div><div class=\"mkdf-progress-bar\">\n\t<h6 class=\"mkdf-pb-title-holder\" >\n\t\t<span class=\"mkdf-pb-title\">Pagamento SEGURO E PROTEGIDO<\/span>\n\t\t<span class=\"mkdf-pb-percent\">0<\/span>\n\t<\/h6>\n\t<div class=\"mkdf-pb-content-holder\" >\n\t\t<div data-percentage=\"100\" class=\"mkdf-pb-content\" ><\/div>\n\t<\/div>\n<\/div><div class=\"vc_empty_space\"   style=\"height: 20px\"><span class=\"vc_empty_space_inner\"><\/span><\/div><div class=\"mkdf-progress-bar\">\n\t<h6 class=\"mkdf-pb-title-holder\" >\n\t\t<span class=\"mkdf-pb-title\">PROTE\u00c7\u00c3O DE Cancelamento<\/span>\n\t\t<span class=\"mkdf-pb-percent\">0<\/span>\n\t<\/h6>\n\t<div class=\"mkdf-pb-content-holder\" >\n\t\t<div data-percentage=\"100\" class=\"mkdf-pb-content\" ><\/div>\n\t<\/div>\n<\/div><div class=\"vc_empty_space\"   style=\"height: 20px\"><span class=\"vc_empty_space_inner\"><\/span><\/div><div class=\"mkdf-progress-bar\">\n\t<h6 class=\"mkdf-pb-title-holder\" >\n\t\t<span class=\"mkdf-pb-title\">EQUIPE DE SUPORTE<\/span>\n\t\t<span class=\"mkdf-pb-percent\">0<\/span>\n\t<\/h6>\n\t<div class=\"mkdf-pb-content-holder\" >\n\t\t<div data-percentage=\"100\" class=\"mkdf-pb-content\" ><\/div>\n\t<\/div>\n<\/div>\t\t<\/div>\n\t<\/div>\n<\/div><\/div><\/div><\/div><\/div><\/div><\/div><\/div><div class=\"vc_row wpb_row vc_row-fluid\" ><div class=\"wpb_column vc_column_container vc_col-sm-12\"><div class=\"vc_column-inner vc_custom_1591880937669\"><div class=\"wpb_wrapper\"><div class=\"vc_separator wpb_content_element vc_separator_align_center vc_sep_width_100 vc_sep_border_width_2 vc_sep_pos_align_center vc_separator_no_text\" ><span class=\"vc_sep_holder vc_sep_holder_l\"><span  style=\"border-color:#ff681a;\" class=\"vc_sep_line\"><\/span><\/span><span class=\"vc_sep_holder vc_sep_holder_r\"><span  style=\"border-color:#ff681a;\" class=\"vc_sep_line\"><\/span><\/span>\n<\/div><\/div><\/div><\/div><\/div><div class=\"vc_row wpb_row vc_row-fluid\" ><div class=\"wpb_column vc_column_container vc_col-sm-12\"><div class=\"vc_column-inner\"><div class=\"wpb_wrapper\"><div class=\"mkdf-section-title-holder\" style=\"text-align: center\">\n\t<div class=\"mkdf-st-inner\">\n\t\t\t\t\t<h5 class=\"mkdf-st-subtitle\" >\n\t\t\t\tDescubra empresas locais\t\t\t<\/h5>\n\t\t\t\t\t\t\t<h3 class=\"mkdf-st-title\" >\n\t\t\t\tEncontre restaurantes, lojas e lugares para visitar com as melhores avalia\u00e7\u00f5es\t\t\t<\/h3>\n\t\t\t\t\t<\/div>\n<\/div><div class=\"vc_empty_space\"   style=\"height: 32px\"><span class=\"vc_empty_space_inner\"><\/span><\/div><\/div><\/div><\/div><\/div><div class=\"vc_row wpb_row vc_row-fluid vc_custom_1594477758900 vc_row-o-full-height vc_row-o-columns-middle vc_row-flex\" style=\"background-image: url(https:\/\/www.boattoursamana.com\/wp-content\/uploads\/2017\/08\/home-2-slider-image-1-4.jpg)\"><div class=\"wpb_column vc_column_container vc_col-sm-12\"><div class=\"vc_column-inner vc_custom_1591878623025\"><div class=\"wpb_wrapper\"><div class=\"mkdf-elements-holder   mkdf-five-columns  mkdf-responsive-mode-1024\" ><div class=\"mkdf-eh-item   mkdf-horizontal-alignment-center\"  data-item-class=\"mkdf-eh-custom-3987\"   data-768-1024=\"0 0 40px\" data-680-768=\"0 0 40px\" data-680=\"0 0 40px\">\n\t<div class=\"mkdf-eh-item-inner\">\n\t\t<div class=\"mkdf-eh-item-content mkdf-eh-custom-3987\" style=\"padding: 0\">\n\t\t\t<div class=\"mkdf-counter-holder\">\n\t<div class=\"mkdf-counter-inner\">\n\t\t\t\t\t<span class=\"mkdf-counter mkdf-zero-counter\" style=\"font-size: 65px;color: #ffffff\">100<\/span>\n\t\t\t\t\t\t\t<span class=\"mkdf-counter-symbol\" style=\"font-size: 65px;color: #ffffff\">\n\t\t\t+\t\t<\/span>\n\t\t\t\t\t\t\t\t\t\t<h6 class=\"mkdf-counter-title\" style=\"color: #ffffff\">\n\t\t\t\tPASSEIOS E EXCURS\u00d5ES\t\t\t<\/h6>\n\t\t\t\t\t<\/div>\n<\/div><div class=\"vc_empty_space\"   style=\"height: 100px\"><span class=\"vc_empty_space_inner\"><\/span><\/div><div class=\"mkdf-counter-holder\">\n\t<div class=\"mkdf-counter-inner\">\n\t\t\t\t\t<span class=\"mkdf-counter mkdf-zero-counter\" style=\"font-size: 65px;color: #ffffff\">10<\/span>\n\t\t\t\t\t\t\t<span class=\"mkdf-counter-symbol\" style=\"font-size: 65px;color: #ffffff\">\n\t\t\tK\t\t<\/span>\n\t\t\t\t\t\t\t\t\t\t<h6 class=\"mkdf-counter-title\" style=\"color: #ffffff\">\n\t\t\t\tCOMPRAS\t\t\t<\/h6>\n\t\t\t\t\t<\/div>\n<\/div><div class=\"vc_empty_space\"   style=\"height: 80px\"><span class=\"vc_empty_space_inner\"><\/span><\/div>\t\t<\/div>\n\t<\/div>\n<\/div><div class=\"mkdf-eh-item   mkdf-horizontal-alignment-center\"  data-item-class=\"mkdf-eh-custom-9364\"   data-768-1024=\"0 0 40px\" data-680-768=\"0 0 40px\" data-680=\"0 0 40px\">\n\t<div class=\"mkdf-eh-item-inner\">\n\t\t<div class=\"mkdf-eh-item-content mkdf-eh-custom-9364\" style=\"padding: 0\">\n\t\t\t<div class=\"mkdf-counter-holder\">\n\t<div class=\"mkdf-counter-inner\">\n\t\t\t\t\t<span class=\"mkdf-counter mkdf-zero-counter\" style=\"font-size: 65px;color: #ffffff\">500<\/span>\n\t\t\t\t\t\t\t<span class=\"mkdf-counter-symbol\" style=\"font-size: 65px;color: #ffffff\">\n\t\t\t+\t\t<\/span>\n\t\t\t\t\t\t\t\t\t\t<h6 class=\"mkdf-counter-title\" style=\"color: #ffffff\">\n\t\t\t\tTRANSFER\u00caNCIAS\t\t\t<\/h6>\n\t\t\t\t\t<\/div>\n<\/div><div class=\"vc_empty_space\"   style=\"height: 100px\"><span class=\"vc_empty_space_inner\"><\/span><\/div><div class=\"mkdf-counter-holder\">\n\t<div class=\"mkdf-counter-inner\">\n\t\t\t\t\t<span class=\"mkdf-counter mkdf-zero-counter\" style=\"font-size: 65px;color: #ffffff\">5000<\/span>\n\t\t\t\t\t\t\t<span class=\"mkdf-counter-symbol\" style=\"font-size: 65px;color: #ffffff\">\n\t\t\t+\t\t<\/span>\n\t\t\t\t\t\t\t\t\t\t<h6 class=\"mkdf-counter-title\" style=\"color: #ffffff\">\n\t\t\t\tRESTAURANTES\t\t\t<\/h6>\n\t\t\t\t\t<\/div>\n<\/div><div class=\"vc_empty_space\"   style=\"height: 80px\"><span class=\"vc_empty_space_inner\"><\/span><\/div>\t\t<\/div>\n\t<\/div>\n<\/div><div class=\"mkdf-eh-item   mkdf-horizontal-alignment-center\"  data-item-class=\"mkdf-eh-custom-1345\"   data-768-1024=\"0 0 40px\" data-680-768=\"0 0 40px\" data-680=\"0 0 40px\">\n\t<div class=\"mkdf-eh-item-inner\">\n\t\t<div class=\"mkdf-eh-item-content mkdf-eh-custom-1345\" style=\"padding: 0\">\n\t\t\t<div class=\"mkdf-counter-holder\">\n\t<div class=\"mkdf-counter-inner\">\n\t\t\t\t\t<span class=\"mkdf-counter mkdf-zero-counter\" style=\"font-size: 65px;color: #ffffff\">11<\/span>\n\t\t\t\t\t\t\t<span class=\"mkdf-counter-symbol\" style=\"font-size: 65px;color: #ffffff\">\n\t\t\tK\t\t<\/span>\n\t\t\t\t\t\t\t\t\t\t<h6 class=\"mkdf-counter-title\" style=\"color: #ffffff\">\n\t\t\t\tALOJAMENTO\t\t\t<\/h6>\n\t\t\t\t\t<\/div>\n<\/div><div class=\"vc_empty_space\"   style=\"height: 100px\"><span class=\"vc_empty_space_inner\"><\/span><\/div><div class=\"mkdf-counter-holder\">\n\t<div class=\"mkdf-counter-inner\">\n\t\t\t\t\t<span class=\"mkdf-counter mkdf-zero-counter\" style=\"font-size: 65px;color: #ffffff\">100<\/span>\n\t\t\t\t\t\t\t<span class=\"mkdf-counter-symbol\" style=\"font-size: 65px;color: #ffffff\">\n\t\t\t+\t\t<\/span>\n\t\t\t\t\t\t\t\t\t\t<h6 class=\"mkdf-counter-title\" style=\"color: #ffffff\">\n\t\t\t\tEVENTOS\t\t\t<\/h6>\n\t\t\t\t\t<\/div>\n<\/div><div class=\"vc_empty_space\"   style=\"height: 80px\"><span class=\"vc_empty_space_inner\"><\/span><\/div>\t\t<\/div>\n\t<\/div>\n<\/div><div class=\"mkdf-eh-item   mkdf-horizontal-alignment-center\"  data-item-class=\"mkdf-eh-custom-4493\"   data-768-1024=\"0 0 40px\" data-680-768=\"0 0 40px\" data-680=\"0 0 40px\">\n\t<div class=\"mkdf-eh-item-inner\">\n\t\t<div class=\"mkdf-eh-item-content mkdf-eh-custom-4493\" style=\"padding: 0\">\n\t\t\t<div class=\"mkdf-counter-holder\">\n\t<div class=\"mkdf-counter-inner\">\n\t\t\t\t\t<span class=\"mkdf-counter mkdf-zero-counter\" style=\"font-size: 65px;color: #ffffff\">100<\/span>\n\t\t\t\t\t\t\t<span class=\"mkdf-counter-symbol\" style=\"font-size: 65px;color: #ffffff\">\n\t\t\tK\t\t<\/span>\n\t\t\t\t\t\t\t\t\t\t<h6 class=\"mkdf-counter-title\" style=\"color: #ffffff\">\n\t\t\t\tLUGARES\t\t\t<\/h6>\n\t\t\t\t\t<\/div>\n<\/div><div class=\"vc_empty_space\"   style=\"height: 100px\"><span class=\"vc_empty_space_inner\"><\/span><\/div><div class=\"mkdf-counter-holder\">\n\t<div class=\"mkdf-counter-inner\">\n\t\t\t\t\t<span class=\"mkdf-counter mkdf-zero-counter\" style=\"font-size: 65px;color: #ffffff\">20<\/span>\n\t\t\t\t\t\t\t<span class=\"mkdf-counter-symbol\" style=\"font-size: 65px;color: #ffffff\">\n\t\t\tK\t\t<\/span>\n\t\t\t\t\t\t\t\t\t\t<h6 class=\"mkdf-counter-title\" style=\"color: #ffffff\">\n\t\t\t\tOUTROS SERVI\u00c7OS\t\t\t<\/h6>\n\t\t\t\t\t<\/div>\n<\/div><div class=\"vc_empty_space\"   style=\"height: 90px\"><span class=\"vc_empty_space_inner\"><\/span><\/div>\t\t<\/div>\n\t<\/div>\n<\/div><\/div><\/div><\/div><\/div><\/div><div class=\"vc_row wpb_row vc_row-fluid vc_custom_1591880412702\" ><div class=\"wpb_column vc_column_container vc_col-sm-12\"><div class=\"vc_column-inner\"><div class=\"wpb_wrapper\"><div class=\"mkdf-section-title-holder\" style=\"text-align: center\">\n\t<div class=\"mkdf-st-inner\">\n\t\t\t\t\t<h5 class=\"mkdf-st-subtitle\" >\n\t\t\t\tRep\u00fablica Dominicana\t\t\t<\/h5>\n\t\t\t\t\t\t\t<h3 class=\"mkdf-st-title\" >\n\t\t\t\tNovo Projeto Silven Internacional\t\t\t<\/h3>\n\t\t\t\t\t\t\t<p class=\"mkdf-st-text\" >\n\t\t\t\tTudo em um s\u00f3 lugar! Encontre os melhores restaurantes, locais para ficar, hot\u00e9is etc. Confira os melhores locais para fazer compras, encontre todos os servi\u00e7os. Anuncie seu neg\u00f3cio gratuitamente conosco.\t\t\t<\/p>\n\t\t\t<\/div>\n<\/div><div class=\"vc_empty_space\"   style=\"height: 40px\"><span class=\"vc_empty_space_inner\"><\/span><\/div><\/div><\/div><\/div><\/div><div data-vc-full-width=\"true\" data-vc-full-width-init=\"false\" data-vc-parallax=\"1.5\" data-vc-parallax-o-fade=\"on\" data-vc-parallax-image=\"\" class=\"vc_row wpb_row vc_row-fluid vc_row-has-fill vc_row-o-full-height vc_row-o-columns-middle vc_row-flex vc_general vc_parallax vc_parallax-content-moving-fade js-vc_parallax-o-fade\" ><div class=\"wpb_column vc_column_container vc_col-sm-12\"><div class=\"vc_column-inner vc_custom_1591808456895\"><div class=\"wpb_wrapper\"><div class=\"vc_row wpb_row vc_inner vc_row-fluid\" ><div class=\"wpb_column vc_column_container vc_col-sm-6\"><div class=\"vc_column-inner\"><div class=\"wpb_wrapper\">\n\t<div class=\"wpb_text_column wpb_content_element\" >\n\t\t<div class=\"wpb_wrapper\">\n\t\t\t<h3><span style=\"color: #ffffff;\">Simplifique seu neg\u00f3cio<\/span><\/h3>\n<p><span style=\"color: #ffffff;\">Somos agentes locais de servi\u00e7o completo que sabem como encontrar pessoas e morar juntos. Usamos ferramentas on-line com capacidade de pesquisa incompar\u00e1vel para torn\u00e1-lo mais inteligente e r\u00e1pido. Como resultado obtenha a sua listagem de Hot\u00e9is, Restaurantes, Transfers, Passeios e Excurs\u00f5es para apoiar os seus clientes.<\/span><\/p>\n<h3><span style=\"color: #ffffff;\">Listagens de reivindica\u00e7\u00f5es<\/span><\/h3>\n<p><span style=\"color: #ffffff;\">Para apoiar pequenos neg\u00f3cios locais, temos a op\u00e7\u00e3o de reivindicar seu pr\u00f3prio neg\u00f3cio, como hotel, restaurante e mercado na Rep\u00fablica Dominicana.<\/span><\/p>\n<p>&nbsp;<\/p>\n<p style=\"text-align: left;\"><a itemprop=\"url\" href=\"https:\/\/dominican-republic-hotels.com\/\" target=\"_self\" style=\"color: #ffffff;font-size: 14px\" class=\"mkdf-btn mkdf-btn-large mkdf-btn-solid mkdf-btn-custom-hover-color\" data-hover-color=\"#000000\" rel=\"noopener\">\n    <span class=\"mkdf-btn-text\">Iniciar<\/span>\n    <i class=\"mkdf-icon-font-awesome fa\" ><\/i><\/a><\/p>\n\n\t\t<\/div>\n\t<\/div>\n<\/div><\/div><\/div><div class=\"wpb_column vc_column_container vc_col-sm-6\"><div class=\"vc_column-inner\"><div class=\"wpb_wrapper\"><\/div><\/div><\/div><div class=\"wpb_column vc_column_container vc_col-sm-12\"><div class=\"vc_column-inner\"><div class=\"wpb_wrapper\"><\/div><\/div><\/div><\/div><\/div><\/div><\/div><\/div><div class=\"vc_row-full-width vc_clearfix\"><\/div><div class=\"vc_row wpb_row vc_row-fluid\" ><div class=\"wpb_column vc_column_container vc_col-sm-4\"><div class=\"vc_column-inner\"><div class=\"wpb_wrapper\"><div class=\"mkdf-iwt clearfix  mkdf-iwt-icon-top mkdf-iwt-icon-medium\">\n\t<div class=\"mkdf-iwt-icon\">\n\t\t\t\t\t\t\t\t\t<img loading=\"lazy\" decoding=\"async\" width=\"65\" height=\"65\" src=\"https:\/\/www.boattoursamana.com\/wp-content\/uploads\/2020\/06\/hp-24-7-customer-support.png\" class=\"attachment-full size-full\" alt=\"\" title=\"\">\t\t\t\t\t\t<\/div>\n\t<div class=\"mkdf-iwt-content\" >\n\t\t\t\t\t<h6 class=\"mkdf-iwt-title\" >\n\t\t\t\t\t\t\t\t<span class=\"mkdf-iwt-title-text\">SUPORTE AO CLIENTE 24 horas por dia, 7 dias por semana<\/span>\n\t\t\t\t\t\t\t<\/h6>\n\t\t\t\t\t<\/div>\n<\/div><div class=\"vc_empty_space\"   style=\"height: 40px\"><span class=\"vc_empty_space_inner\"><\/span><\/div><\/div><\/div><\/div><div class=\"wpb_column vc_column_container vc_col-sm-4\"><div class=\"vc_column-inner\"><div class=\"wpb_wrapper\"><div class=\"mkdf-iwt clearfix  mkdf-iwt-icon-top mkdf-iwt-icon-medium\">\n\t<div class=\"mkdf-iwt-icon\">\n\t\t\t\t\t\t\t\t\t<img loading=\"lazy\" decoding=\"async\" width=\"65\" height=\"65\" src=\"https:\/\/www.boattoursamana.com\/wp-content\/uploads\/2020\/06\/hp-verified-customer-reviews.png\" class=\"attachment-full size-full\" alt=\"\" title=\"\">\t\t\t\t\t\t<\/div>\n\t<div class=\"mkdf-iwt-content\" >\n\t\t\t\t\t<h6 class=\"mkdf-iwt-title\" >\n\t\t\t\t\t\t\t\t<span class=\"mkdf-iwt-title-text\">AVALIA\u00c7\u00d5ES DE CLIENTES VERIFICADAS<\/span>\n\t\t\t\t\t\t\t<\/h6>\n\t\t\t\t\t<\/div>\n<\/div><div class=\"vc_empty_space\"   style=\"height: 40px\"><span class=\"vc_empty_space_inner\"><\/span><\/div><\/div><\/div><\/div><div class=\"wpb_column vc_column_container vc_col-sm-4\"><div class=\"vc_column-inner\"><div class=\"wpb_wrapper\"><div class=\"mkdf-iwt clearfix  mkdf-iwt-icon-top mkdf-iwt-icon-medium\">\n\t<div class=\"mkdf-iwt-icon\">\n\t\t\t\t\t\t\t\t\t<img loading=\"lazy\" decoding=\"async\" width=\"65\" height=\"65\" src=\"https:\/\/www.boattoursamana.com\/wp-content\/uploads\/2020\/06\/hp-hand-picked-guides.png\" class=\"attachment-full size-full\" alt=\"\" title=\"\">\t\t\t\t\t\t<\/div>\n\t<div class=\"mkdf-iwt-content\" >\n\t\t\t\t\t<h6 class=\"mkdf-iwt-title\" >\n\t\t\t\t\t\t\t\t<span class=\"mkdf-iwt-title-text\">PRE\u00c7OS MAIS BAIXOS<\/span>\n\t\t\t\t\t\t\t<\/h6>\n\t\t\t\t\t<\/div>\n<\/div><div class=\"vc_empty_space\"   style=\"height: 40px\"><span class=\"vc_empty_space_inner\"><\/span><\/div><\/div><\/div><\/div><\/div>","protected":false},"excerpt":{"rendered":"We are different ... Because we care We don't simply treat our clients as visitors to Dominican Republic, we see them as international travelers awaiting the vacation of a lifetime and that is what we deliver! The progressive and dynamic approach of our team of experts ensures that you can be assured of our 100% commitment to providing a seamless and professional service to you, your friends or family. Hundreds of excursions, tours and activities for you to enjoy the [...]","protected":false},"author":2,"featured_media":0,"parent":0,"menu_order":0,"comment_status":"closed","ping_status":"closed","template":"full-width.php","meta":{"footnotes":""},"class_list":["post-644","page","type-page","status-publish","hentry"],"_links":{"self":[{"href":"https:\/\/www.boattoursamana.com\/pt_pt\/wp-json\/wp\/v2\/pages\/644","targetHints":{"allow":["GET"]}}],"collection":[{"href":"https:\/\/www.boattoursamana.com\/pt_pt\/wp-json\/wp\/v2\/pages"}],"about":[{"href":"https:\/\/www.boattoursamana.com\/pt_pt\/wp-json\/wp\/v2\/types\/page"}],"author":[{"embeddable":true,"href":"https:\/\/www.boattoursamana.com\/pt_pt\/wp-json\/wp\/v2\/users\/2"}],"replies":[{"embeddable":true,"href":"https:\/\/www.boattoursamana.com\/pt_pt\/wp-json\/wp\/v2\/comments?post=644"}],"version-history":[{"count":0,"href":"https:\/\/www.boattoursamana.com\/pt_pt\/wp-json\/wp\/v2\/pages\/644\/revisions"}],"wp:attachment":[{"href":"https:\/\/www.boattoursamana.com\/pt_pt\/wp-json\/wp\/v2\/media?parent=644"}],"curies":[{"name":"wp","href":"https:\/\/api.w.org\/{rel}","templated":true}]}}