{"id":11750,"date":"2020-12-03T12:24:44","date_gmt":"2020-12-03T12:24:44","guid":{"rendered":"https:\/\/www.ticketswhales.com\/?post_type=product&#038;p=11750"},"modified":"2023-11-07T21:25:16","modified_gmt":"2023-11-07T21:25:16","slug":"bahia-de-las-aguilas-beach-day-trip-by-boat-day-pass-pedernales","status":"publish","type":"product","link":"https:\/\/www.boattoursamana.com\/pt_pt\/percorrer\/viagem-de-um-dia-a-praia-de-bahia-de-las-aguilas-de-barco-day-pass-pedernales","title":{"rendered":"Bah\u00eda de las Aguilas: Passeio de barco pela praia \u2013 Passe de um dia \u2013 Pedernales"},"content":{"rendered":"<div class=\"vc_row wpb_row vc_row-fluid\" ><div class=\"wpb_column vc_column_container vc_col-sm-12\"><div class=\"vc_column-inner\"><div class=\"wpb_wrapper\"><div class=\"vc_btn3-container vc_btn3-inline\" ><button class=\"vc_general vc_btn3 vc_btn3-size-md vc_btn3-shape-rounded vc_btn3-style-modern vc_btn3-color-green\">AGENDE AGORA<\/button><\/div><div class=\"mkdf-section-title-holder\" style=\"text-align: left\">\n\t<div class=\"mkdf-st-inner\">\n\t\t\t\t\t<h5 class=\"mkdf-st-subtitle\" >\n\t\t\t\tPasse Di\u00e1rio - Snorkeling e Almo\u00e7o\t\t\t<\/h5>\n\t\t\t\t\t\t\t<h3 class=\"mkdf-st-title\" >\n\t\t\t\tBah\u00eda de las Aguilas: passeio de barco pela praia\t\t\t<\/h3>\n\t\t\t\t\t<\/div>\n<\/div><\/div><\/div><\/div><\/div><div class=\"vc_row wpb_row vc_row-fluid\" ><div class=\"wpb_column vc_column_container vc_col-sm-12\"><div class=\"vc_column-inner\"><div class=\"wpb_wrapper\">\n\t<div class=\"wpb_text_column wpb_content_element\" >\n\t\t<div class=\"wpb_wrapper\">\n\t\t\t<h4><b><i>Vis\u00e3o geral<\/i><\/b><\/h4>\n<p>Aproveite um dia de praia e deixe o \u00e2nimo fluir, longe das zonas tur\u00edsticas e de todo o stress. Venha conhecer o Parque Nacional Jaragua e a Bahia de las \u00c1guilas. Dirija por uma bela estrada com vistas deslumbrantes do pequeno porto e vila de pescadores Cabo Rojo. Em Las Cuevas voc\u00ea embarca em um barco que o leva em um passeio de 15 minutos at\u00e9 uma das mais belas praias naturais do mundo. As areias da Bah\u00eda de las Aguilas s\u00e3o imaculadas e a ba\u00eda se estende por 8 km. Experimente uma paisagem costeira excepcional com \u00e1guas cristalinas brilhando em tons que v\u00e3o do turquesa ao azul opala derretendo no horizonte. O almo\u00e7o \u00e9 servido na praia, nade ou mergulhe com snorkel e explore este para\u00edso natural intocado.<\/p>\n<p>&nbsp;<\/p>\n<ul>\n<li>Guia local com experi\u00eancia em seguran\u00e7a na \u00e1rea.<\/li>\n<li>Transporte privado<\/li>\n<li>Taxas inclu\u00eddas<\/li>\n<li>Almo\u00e7o<\/li>\n<li>Guia tur\u00edstico local em espanhol, ingl\u00eas ou franc\u00eas.<\/li>\n<li>Caminhada<\/li>\n<li>Mergulho<\/li>\n<\/ul>\n<h4><b>Inclus\u00f5es e Exclus\u00f5es<\/b><\/h4>\n<p>&nbsp;<\/p>\n<p><b>Inclus\u00f5es<\/b><\/p>\n<ol>\n<li>Guia Local com experi\u00eancia em Seguran\u00e7a na regi\u00e3o.<\/li>\n<li>Transporte privado para pequenos grupos<\/li>\n<li>Todos os impostos, taxas e encargos de manuseio<\/li>\n<li>Impostos locais<\/li>\n<li>Almo\u00e7o<\/li>\n<li>Caminhada<\/li>\n<li>Piscinas Naturais<\/li>\n<li>Mergulho<\/li>\n<li>Todas as atividades<\/li>\n<\/ol>\n<p><b>Exclus\u00f5es<\/b><\/p>\n<ol>\n<li>Gorjetas<\/li>\n<li>Todas as bebidas<\/li>\n<\/ol>\n<h4><em><strong>Partida e Retorno<\/strong><\/em><\/h4>\n<p>O viajante receber\u00e1 um ponto de encontro ap\u00f3s o Processo de Reserva. Os passeios come\u00e7am e terminam nos seus pontos de encontro.<\/p>\n<h2 class=\"styles__heading___mD4_3\" data-radium=\"true\">Bah\u00eda de las Aguilas: passeio de barco pela praia - passe de um dia - mergulho com snorkel e almo\u00e7o<\/h2>\n<h4><em>O que esperar?<\/em><\/h4>\n<p>Playa de las Aguilas recebeu o nome da \u00e1guia ind\u00edgena. O passeio \u00e9 feito em transporte privado desde a Bahia de las Aguilas onde permite descobrir as maravilhas naturais desta praia afrodis\u00edaca de uma forma muito diferente e sustent\u00e1vel. Passe o dia em um passeio pela natureza pelo sul do pa\u00eds onde conhecer\u00e1 a Bahia de las Aguila, uma das mais belas praias da Rep\u00fablica Dominicana, onde chegaremos de lancha a esta praia paradis\u00edaca, uma \u00e1rea totalmente protegido pela legisla\u00e7\u00e3o ambiental. Passe momentos relaxantes na Bahia de las Aguilas, uma reserva natural e parque nacional desabitado, e desfrute de um almo\u00e7o estilo churrasco nas cavernas.<\/p>\n<p>O mar calmo e o vento fraco evitar\u00e3o que voc\u00ea sofra muito com o sol e o calor. Torne-se um explorador por um dia e descubra um para\u00edso ecol\u00f3gico, natural e totalmente intocado. \u00c9 poss\u00edvel observar mais de 130 esp\u00e9cies de aves, das quais 76 vivem permanentemente na ba\u00eda, 10 s\u00e3o end\u00e9micas e 47 s\u00e3o migrantes.<\/p>\n<p>08h30 \u2013 Sa\u00edda do Ponto de Encontro<br \/>\n08h45 \u2013 Sa\u00edda em barco do povoado La Cueva at\u00e9 a Bahia de las Aguilas<br \/>\n12h30 \u2013 Almo\u00e7o t\u00edpico na praia<br \/>\n03h00 \u2013 Retorno a La Cueva<br \/>\n05h30 \u2013 Chegada ao Ponto de Encontro<\/p>\n<h4><em><strong>O que voc\u00ea deve trazer?<\/strong><\/em><\/h4>\n<ul>\n<li>C\u00e2mera<\/li>\n<li>Bot\u00f5es repelentes<\/li>\n<li>Protetor solar<\/li>\n<li>\u00c1gua<\/li>\n<li>Chap\u00e9u<\/li>\n<li>Cal\u00e7as confort\u00e1veis<\/li>\n<li>Sapatos de caminhada para floresta<\/li>\n<li>Sand\u00e1lias para as zonas de Primavera.<\/li>\n<li>Roupa de nata\u00e7\u00e3o<\/li>\n<\/ul>\n<p>&nbsp;<\/p>\n<h4><b><i>Recolha no hotel<\/i><\/b><\/h4>\n<p>A retirada do hotel \u00e9 oferecida para este passeio com custo extra.<\/p>\n<p><b>Observa\u00e7\u00e3o:<\/b> Se voc\u00ea fizer a reserva dentro de 24 horas antes do hor\u00e1rio de partida do passeio\/excurs\u00e3o, podemos organizar a retirada do hotel. Acabamos de buscar na \u00e1rea de Samana. Assim que sua compra for conclu\u00edda, enviaremos informa\u00e7\u00f5es de contato completas (n\u00famero de telefone, endere\u00e7o de e-mail, etc.) para nosso guia tur\u00edstico local organizar a retirada.<\/p>\n<h4><b><i>Confirma\u00e7\u00e3o de informa\u00e7\u00f5es adicionais<\/i><\/b><\/h4>\n<ol>\n<li>Os ingressos s\u00e3o o recibo ap\u00f3s o pagamento deste passeio. Voc\u00ea pode mostrar o pagamento no seu telefone.<\/li>\n<li>O ponto de encontro ser\u00e1 recebido ap\u00f3s o processo de reserva.<\/li>\n<li>As crian\u00e7as devem estar acompanhadas por um adulto.<\/li>\n<li>N\u00e3o acess\u00edvel para cadeiras de rodas<\/li>\n<li>Os beb\u00eas devem sentar-se no colo<\/li>\n<li>N\u00e3o recomendado para viajantes com problemas nas costas<\/li>\n<li>N\u00e3o recomendado para viajantes gr\u00e1vidas<\/li>\n<li>Sem problemas card\u00edacos ou outras condi\u00e7\u00f5es m\u00e9dicas graves<\/li>\n<li>A maioria dos viajantes pode participar<\/li>\n<\/ol>\n<h4><b><i>Pol\u00edtica de cancelamento<\/i><\/b><\/h4>\n<p>Para um reembolso total, leia nossas pol\u00edticas de cancelamento\u00a0<a href=\"https:\/\/www.boattoursamana.com\/pt_pt\/marcacao-online\/\" target=\"_blank\" rel=\"noopener\" data-saferedirecturl=\"https:\/\/www.google.com\/url?q=https:\/\/www.boattoursamana.com\/online-booking\/&amp;source=gmail&amp;ust=1672449202351000&amp;usg=AOvVaw1yAeVAPktmaVCqDujgUn90\">Clique aqui<\/a>. Os fundos ser\u00e3o perdidos se a reserva for cancelada no mesmo dia da viagem.<\/p>\n\n\t\t<\/div>\n\t<\/div>\n<\/div><\/div><\/div><\/div><div class=\"vc_row wpb_row vc_row-fluid\" ><div class=\"wpb_column vc_column_container vc_col-sm-12\"><div class=\"vc_column-inner\"><div class=\"wpb_wrapper\"><div class=\"vc_btn3-container vc_btn3-inline\" ><button class=\"vc_general vc_btn3 vc_btn3-size-md vc_btn3-shape-rounded vc_btn3-style-modern vc_btn3-color-green\">AGENDE AGORA<\/button><\/div><\/div><\/div><\/div><\/div>","protected":false},"excerpt":{"rendered":"<p><span style=\"vertical-align: inherit;\"><span style=\"vertical-align: inherit;\">Compre um bilhete di\u00e1rio para Bahia las Aguilas nas \u00e1reas de Pedernales. Aproveite um dia de praia e deixe o \u00e2nimo fluir, longe das zonas tur\u00edsticas e de todo o stress. Venha conhecer o Parque Nacional Jaragua e a Bah\u00eda de las \u00c1guilas. Dirija por uma bela estrada com vistas deslumbrantes do pequeno porto e da vila de pescadores de Cabo Rojo. Em Las Cuevas voc\u00ea embarcar\u00e1 em um barco que o levar\u00e1 em um passeio de 15 minutos at\u00e9 uma das mais belas praias naturais do mundo. As areias da Ba\u00eda das \u00c1guias est\u00e3o intocadas e a ba\u00eda se estende por 8 km.<\/span><\/span><\/p>\n<p>Experimente uma paisagem costeira excepcional com \u00e1guas cristalinas que brilham em tons que v\u00e3o do turquesa ao azul opala derretendo no horizonte. O almo\u00e7o \u00e9 servido na praia, nade ou mergulhe com snorkel e explore este para\u00edso natural intocado.<\/p>\n<p><em><strong>Selecione o dia para esta viagem:<\/strong><\/em><\/p>","protected":false},"featured_media":9739,"template":"","meta":[],"product_cat":[549,160],"product_tag":[557,554,555,563,560,556,564,559,553,567,566,561,565,558,562],"class_list":["post-11750","product","type-product","status-publish","has-post-thumbnail","hentry","product_cat-bahia-de-las-aguilas-dominican-republic","product_cat-lunch","product_tag-bahia-de-las-aguilas","product_tag-bahia-de-las-aguilas-pedernales","product_tag-bahia-de-las-aguilas-beach-tour","product_tag-bahia-de-las-aguilas-hoteles","product_tag-bahia-de-las-aguilas-map","product_tag-bahia-de-las-aguilas-private-tour","product_tag-bahia-de-las-aguilas-republica-dominicana-hotel","product_tag-bahia-de-las-aguilas-tour-from-punta-cana","product_tag-bahia-de-las-aguilas-beach-day-trip-by-boat","product_tag-bahia-las-aguilas-tours","product_tag-barahona-tours","product_tag-closest-airport-to-bahia-de-las-aguilas","product_tag-hotel-barahona","product_tag-playa-bahia-de-las-aguilas-dominican-republic","product_tag-tours-a-bahia-de-las-aguilas-desde-santo-domingo"],"_links":{"self":[{"href":"https:\/\/www.boattoursamana.com\/pt_pt\/wp-json\/wp\/v2\/product\/11750","targetHints":{"allow":["GET"]}}],"collection":[{"href":"https:\/\/www.boattoursamana.com\/pt_pt\/wp-json\/wp\/v2\/product"}],"about":[{"href":"https:\/\/www.boattoursamana.com\/pt_pt\/wp-json\/wp\/v2\/types\/product"}],"wp:featuredmedia":[{"embeddable":true,"href":"https:\/\/www.boattoursamana.com\/pt_pt\/wp-json\/wp\/v2\/media\/9739"}],"wp:attachment":[{"href":"https:\/\/www.boattoursamana.com\/pt_pt\/wp-json\/wp\/v2\/media?parent=11750"}],"wp:term":[{"taxonomy":"product_cat","embeddable":true,"href":"https:\/\/www.boattoursamana.com\/pt_pt\/wp-json\/wp\/v2\/product_cat?post=11750"},{"taxonomy":"product_tag","embeddable":true,"href":"https:\/\/www.boattoursamana.com\/pt_pt\/wp-json\/wp\/v2\/product_tag?post=11750"}],"curies":[{"name":"wp","href":"https:\/\/api.w.org\/{rel}","templated":true}]}}