{"id":12043,"date":"2021-01-29T08:54:31","date_gmt":"2021-01-29T08:54:31","guid":{"rendered":"https:\/\/www.ticketswhales.com\/Tours-Excursions\/uncategorized\/import-placeholder-for-8649\/"},"modified":"2023-11-07T21:08:26","modified_gmt":"2023-11-07T21:08:26","slug":"excursion-whale-watching-samana-bay-cayo-levantado-from-puerto-plata-private-transportation","status":"publish","type":"product","link":"https:\/\/www.boattoursamana.com\/pt_pt\/percorrer\/excursao-observacao-de-baleias-samana-bay-cayo-levantado-de-puerto-plata-transporte-privado-2","title":{"rendered":"Excurs\u00e3o Observa\u00e7\u00e3o de Baleias Ba\u00eda de Saman\u00e1 + Cayo Levantado saindo de Puerto Plata (Transporte Privado)"},"content":{"rendered":"<div class=\"vc_row wpb_row vc_row-fluid\" ><\/div><div class=\"wpb_column vc_column_container vc_col-sm-12\"><div class=\"vc_column-inner\"><div class=\"wpb_wrapper\"><div class=\"vc_btn3-container vc_btn3-inline\" ><button class=\"vc_general vc_btn3 vc_btn3-size-md vc_btn3-shape-rounded vc_btn3-style-modern vc_btn3-color-green\">AGENDE AGORA<\/button><\/div><\/div><\/div><\/div>\n\t<div class=\"wpb_text_column wpb_content_element\" >\n\t\t<div class=\"wpb_wrapper\">\n\t\t\t\n\t\t<\/div>\n\t<\/div>\n<div class=\"vc_row wpb_row vc_row-fluid\" ><div class=\"wpb_column vc_column_container vc_col-sm-12\"><div class=\"vc_column-inner\"><div class=\"wpb_wrapper\"><div class=\"vc_btn3-container vc_btn3-inline\" ><button class=\"vc_general vc_btn3 vc_btn3-size-md vc_btn3-shape-rounded vc_btn3-style-modern vc_btn3-color-green\">AGENDE AGORA<\/button><\/div><\/div><\/div><\/div><\/div><div class=\"vc_row wpb_row vc_row-fluid\" ><div class=\"wpb_column vc_column_container vc_col-sm-12\"><div class=\"vc_column-inner\"><div class=\"wpb_wrapper\">\n\t<div class=\"wpb_text_column wpb_content_element\" >\n\t\t<div class=\"wpb_wrapper\">\n\t\t\t<div class=\"vc_row wpb_row vc_row-fluid\">\n<div class=\"wpb_column vc_column_container vc_col-sm-12\">\n<div class=\"vc_column-inner\">\n<div class=\"wpb_wrapper\">\n<div class=\"wpb_text_column wpb_content_element\">\n<div class=\"wpb_wrapper\">\n<h3>Excurs\u00e3o Observa\u00e7\u00e3o de Baleias Ba\u00eda de Saman\u00e1 + Cayo Levantado saindo de Puerto Plata (Transporte Privado)<\/h3>\n<p>Starting from Puerto Plata, Sosua or Cabarete. We pick you up at your place and drive to Saman\u00e1 Bay. This Trip starts at Saman\u00e1 port at 9:00 Am and Finishes at 5:00 Pm but we can be flexible with the time to bring you back to your place.<\/p>\n<p>After aborting our Catamaran or Boat to visit the Whales in their own habitat. From 9:00 Am until 12:00-noon Whale observatory and After this Whale watching trip we will visit Bacardi Island \/ Cayo Levantado. On Bacardi Island, Lunch Buffet from typical Dominican Style will be provided. When lunch is finished you are allowed to swim until 4:30 pm. Tour will be finished at the same port from where it will start at 5:00 pm.<\/p>\n<p><em><strong>Note: This tour is Not Private. Just Private transportation from Puerto Plata. For Private boat tour please contact us.<\/strong><\/em><\/p>\n<ul>\n<li>Viagem de observa\u00e7\u00e3o de baleias<\/li>\n<li>Recolha nas \u00e1reas de Puerto Plata.<\/li>\n<li>Taxas de entrada no Observat\u00f3rio<\/li>\n<li>Inclui almo\u00e7o Buffet na praia<\/li>\n<li>Transfer\u00eancia de barco<\/li>\n<li>O capit\u00e3o fornece instru\u00e7\u00e3o e supervis\u00e3o<\/li>\n<li>Guia tur\u00edstico<\/li>\n<\/ul>\n<p>&nbsp;<\/p>\n<h4><b>Inclus\u00f5es e Exclus\u00f5es<\/b><\/h4>\n<p>&nbsp;<\/p>\n<p><b>Inclus\u00f5es<\/b><\/p>\n<p>&nbsp;<\/p>\n<ol>\n<li>Almo\u00e7o buffet na praia<\/li>\n<li>Carro de transfer\u00eancia<\/li>\n<li>Guia Tur\u00edstico na viagem de Observa\u00e7\u00e3o de Baleias<\/li>\n<li>Passeio de catamar\u00e3 ou barco<\/li>\n<li>Todos os impostos, taxas e encargos de manuseio<\/li>\n<li>Impostos locais<\/li>\n<li>Bebidas<\/li>\n<\/ol>\n<p><b>Exclus\u00f5es<\/b><\/p>\n<ol>\n<li>Gorjetas<\/li>\n<li>Bebidas Alco\u00f3licas<\/li>\n<\/ol>\n<p>&nbsp;<\/p>\n<h4><em><strong>Partida e Retorno<\/strong><\/em><\/h4>\n<p>The traveler will get a meeting point time after the Reservation Process. Tours start and Finished in our meeting points.<\/p>\n<p>&nbsp;<\/p>\n<h4><b><i>O que esperar?<\/i><\/b><\/h4>\n<p>&nbsp;<\/p>\n<p><em><strong>Obtenha seus ingressos<\/strong><\/em>\u00a0para um dia de observa\u00e7\u00e3o de baleias na ba\u00eda de Samana come\u00e7ando em Sosua, Cabarete ou qualquer \u00e1rea de Puerto Plata. evite transporte com grandes grupos e desfrute de um maravilhoso almo\u00e7o e tempo de praia.<\/p>\n<p>The Daypass for whale watching from Puerto Plata is organized by \u201cBooking Adventures\u201d starts at the meeting point set with the by whatsapp or mail. Lunch at the beach and you can stay as long as you want swimming around. If you are Vegan we can also set some food for you.<\/p>\n<p><strong>Calend\u00e1rio:<\/strong><\/p>\n<p>5:45 AM \u2013 4:00 PM time may change according to your needs.<\/p>\n<p>&nbsp;<\/p>\n<h4><em><strong>O que voc\u00ea deve trazer?<\/strong><\/em><\/h4>\n<ul>\n<li>C\u00e2mera<\/li>\n<li>Bot\u00f5es repelentes<\/li>\n<li>protetor solar<\/li>\n<li>Chap\u00e9u<\/li>\n<li>Cal\u00e7as confort\u00e1veis<\/li>\n<li>Sand\u00e1lias para a praia<\/li>\n<li>Roupa de nata\u00e7\u00e3o<\/li>\n<li>Dinheiro para lembran\u00e7as<\/li>\n<\/ul>\n<p>&nbsp;<\/p>\n<h4><b><i>Hotel de retirada<\/i><\/b><\/h4>\n<p>A retirada do hotel \u00e9 oferecida para este passeio.<\/p>\n<p>&nbsp;<\/p>\n<p><b>Observa\u00e7\u00e3o:<\/b>\u00a0If you are booked within 24 hours of the tour\/Excursion departure time, we will make arrangements for hotel pick-up. Once your purchase is complete, we will send you complete contact information (phone number, email address, etc.) for our local Tour guide to organize pick-up arrangements.<\/p>\n<h4><b><i>Confirma\u00e7\u00e3o de informa\u00e7\u00f5es adicionais<\/i><\/b><\/h4>\n<ol>\n<li>Os ingressos s\u00e3o o recibo ap\u00f3s o pagamento deste passeio. Voc\u00ea pode mostrar o pagamento no seu telefone.<\/li>\n<li>O ponto de encontro ser\u00e1 recebido ap\u00f3s o processo de reserva.<\/li>\n<li>As crian\u00e7as devem estar acompanhadas por um adulto.<\/li>\n<li>Acess\u00edvel a cadeiras de rodas<\/li>\n<li>Os beb\u00eas devem sentar-se no colo<\/li>\n<li>A maioria dos viajantes pode participar<\/li>\n<\/ol>\n<h4><b><i>Pol\u00edtica de cancelamento<\/i><\/b><\/h4>\n<p>Para obter um reembolso total, cancele com pelo menos 24 horas de anteced\u00eancia da data de in\u00edcio da experi\u00eancia.<\/p>\n<\/div>\n<\/div>\n<\/div>\n<\/div>\n<\/div>\n<\/div>\n<div class=\"vc_row wpb_row vc_row-fluid\">\n<div class=\"wpb_column vc_column_container vc_col-sm-12\">\n<div class=\"vc_column-inner\">\n<div class=\"wpb_wrapper\">\n<div class=\"wpb_text_column wpb_content_element\">\n<div class=\"wpb_wrapper\">\n<h4>Contate-nos?<\/h4>\n<h5><b><i>WHALES SAMANA TOUR<\/i><\/b><\/h5>\n<p><em><strong>Moradores<\/strong>\u00a0e\u00a0<strong>Nacionais<\/strong>\u00a0Guias tur\u00edsticos e servi\u00e7os aos h\u00f3spedes<\/em><\/p>\n<p><span class=\"text-turquoise\">Reservas:<\/span>\u00a0\u00a0Tours and Excursions in Dom.\u00a0Rep.<\/p>\n<p>\ud83d\udcdeTel\/Whatsapp\u00a0\u00a0\u00a0<a href=\"tel: 1-809-720-6035\">+ 1-809-720-6035<\/a>\u00a0.<\/p>\n<p>\ud83d\udce9\u00a0<a href=\"mailto:info@bookingadventures.com.do\">info@bookingadventures.com.do<\/a><\/p>\n<p><strong>Somos tours privados com configura\u00e7\u00e3o flex\u00edvel pelo Whatsapp:\u00a0\u00a0<a href=\"tel: 18097206035\">+18097206035.<\/a><\/strong><\/p>\n<\/div>\n<\/div>\n<\/div>\n<\/div>\n<\/div>\n<\/div>\n\n\t\t<\/div>\n\t<\/div>\n<\/div><\/div><\/div><\/div>","protected":false},"excerpt":{"rendered":"<p>From Puerto Plata, Sosua or Cabarete to the port of Saman\u00e1 Bay.\u00a0With Professional Naturalist Tour Guides in Whale Watching.\u00a0If you would like to contact us for advice, email, Whatsapp or Calls available.<\/p>\n<p>Please reserve your tickets early.\u00a0During whale season there are many reservations and we would like to have your tickets safe for you.\u00a0Establish pick-up location and time with us.<\/p>\n<p><em><strong>Selecione a data da excurs\u00e3o:<\/strong><\/em><\/p>\n<p>&nbsp;<\/p>","protected":false},"featured_media":13309,"template":"","meta":[],"product_cat":[947,655,859,657,658,659,660,661,662,663,664],"product_tag":[186,667,668,524,669,276,274,670],"class_list":["post-12043","product","type-product","status-publish","has-post-thumbnail","hentry","product_cat-1-puerto-plata","product_cat-1-samana","product_cat-puerto-plata-2021","product_cat-tours-excursions","product_cat-tours-excursions-whale-watching-samana-bay-dominican-republic","product_cat-whale-miches","product_cat-whale-sabana-de-la-mar","product_cat-whale-samana","product_cat-whale-watching","product_cat-whale-watching-puerto-plata","product_cat-whale-watching-punta-cana","product_tag-samana","product_tag-samana-tour","product_tag-whale","product_tag-whale-punta-cana","product_tag-whale-sabana-de-la-mar","product_tag-whale-samana","product_tag-whale-watching-dominican-republic","product_tag-whales-trips"],"_links":{"self":[{"href":"https:\/\/www.boattoursamana.com\/pt_pt\/wp-json\/wp\/v2\/product\/12043","targetHints":{"allow":["GET"]}}],"collection":[{"href":"https:\/\/www.boattoursamana.com\/pt_pt\/wp-json\/wp\/v2\/product"}],"about":[{"href":"https:\/\/www.boattoursamana.com\/pt_pt\/wp-json\/wp\/v2\/types\/product"}],"wp:featuredmedia":[{"embeddable":true,"href":"https:\/\/www.boattoursamana.com\/pt_pt\/wp-json\/wp\/v2\/media\/13309"}],"wp:attachment":[{"href":"https:\/\/www.boattoursamana.com\/pt_pt\/wp-json\/wp\/v2\/media?parent=12043"}],"wp:term":[{"taxonomy":"product_cat","embeddable":true,"href":"https:\/\/www.boattoursamana.com\/pt_pt\/wp-json\/wp\/v2\/product_cat?post=12043"},{"taxonomy":"product_tag","embeddable":true,"href":"https:\/\/www.boattoursamana.com\/pt_pt\/wp-json\/wp\/v2\/product_tag?post=12043"}],"curies":[{"name":"wp","href":"https:\/\/api.w.org\/{rel}","templated":true}]}}