{"id":12436,"date":"2021-03-24T09:58:12","date_gmt":"2021-03-24T09:58:12","guid":{"rendered":"https:\/\/www.ticketswhales.com\/?post_type=product&#038;p=12436"},"modified":"2023-11-07T20:30:52","modified_gmt":"2023-11-07T20:30:52","slug":"saona-island-rentals-rent-a-private-boat","status":"publish","type":"product","link":"https:\/\/www.boattoursamana.com\/pt_pt\/percorrer\/saona-island-aluguel-alugar-um-barco-privado-2","title":{"rendered":"Aluguel na Ilha Saona \u2013 Alugue um barco particular"},"content":{"rendered":"<div class=\"vc_row wpb_row vc_row-fluid\" > <div class=\"wpb_column vc_column_container vc_col-sm-12\"><div class=\"vc_column-inner\"><div class=\"wpb_wrapper\"> \n\t<div class=\"wpb_text_column wpb_content_element\" >\n\t\t<div class=\"wpb_wrapper\">\n\t\t\t\n\t\t<\/div>\n\t<\/div>\n <\/div><\/div><\/div> <\/div> <div class=\"wpb_column vc_column_container vc_col-sm-12\"><div class=\"vc_column-inner\"><div class=\"wpb_wrapper\"> <div class=\"vc_btn3-container vc_btn3-inline\" ><button class=\"vc_general vc_btn3 vc_btn3-size-md vc_btn3-shape-rounded vc_btn3-style-modern vc_btn3-color-green\">AGENDE AGORA<\/button><\/div> <\/div><\/div><\/div> <div class=\"vc_tta-container\" data-vc-action=\"collapse\"><div class=\"vc_general vc_tta vc_tta-tabs vc_tta-color-grey vc_tta-style-classic vc_tta-shape-rounded vc_tta-spacing-1 vc_tta-tabs-position-top vc_tta-controls-align-left\"><div class=\"vc_tta-tabs-container\"><ul class=\"vc_tta-tabs-list\"><\/ul><\/div><div class=\"vc_tta-panels-container\"><div class=\"vc_tta-panels\"> <\/div><\/div><\/div><\/div> <div class=\"vc_tta-panel vc_active\" id=\"1616582286467-74629ea8-fd69\" data-vc-content=\".vc_tta-panel-body\"><div class=\"vc_tta-panel-heading\"><h4 class=\"vc_tta-panel-title\"><a href=\"#1616582286467-74629ea8-fd69\" data-vc-accordion data-vc-container=\".vc_tta-container\"><span class=\"vc_tta-title-text\">Descri\u00e7\u00e3o<\/span><\/a><\/h4><\/div><div class=\"vc_tta-panel-body\"> \n\t<div class=\"wpb_text_column wpb_content_element\" >\n\t\t<div class=\"wpb_wrapper\">\n\t\t\t<div class=\"custom-left\">\n<div class=\"row\">\n<div class=\"col-md-12 cust-clas\">\n<div class=\"product-header alignleft\">\n<p>ILHA SAONA \u2013 BARCO \u2013 ALUGUEL<\/p>\n<p>CARTA PRIVADA DE DIA INTEIRO PARA A ILHA SAONA<\/p>\n<p>DURA\u00c7\u00c3O FLEX\u00cdVEL \u2013 SEGUNDA A DOMINGO<\/p>\n<\/div>\n<\/div>\n<\/div>\n<\/div>\n<div class=\"custom-left para-p\">\n<div class=\"info_content_label\">\n<p>&nbsp;<\/p>\n<p>&nbsp;<\/p>\n<p>&nbsp;<\/p>\n<p>&nbsp;<\/p>\n<p>Alugue este fabuloso barco durante todo o dia para at\u00e9 16 pessoas visitarem a Ilha Saona.<\/p>\n<p><strong>INCLU\u00cdDO<\/strong><\/p>\n<ul>\n<li>Tripula\u00e7\u00e3o (Capit\u00e3o e Capit\u00e3o Assistente)<\/li>\n<li>Combust\u00edvel<\/li>\n<li>Refrigerador de gelo com gelo<\/li>\n<\/ul>\n<p>A comida est\u00e1 dispon\u00edvel por uma taxa adicional:<\/p>\n<p><strong>Detalhes do almo\u00e7o buffet tradicional, $15 USD p\/p:<\/strong><\/p>\n<p>-Salada verde, salada russa<\/p>\n<p>-Cavaleiro<\/p>\n<p>-Moro de Guandule (arroz dominicano) com coco<\/p>\n<p>-Macarr\u00e3o com molho de tomate-Ca\u00e7arolas de mandioca<\/p>\n<p>-Peixe e frango grelhados (dourado) + molho de leite de coco opcional<\/p>\n<p>-Frutas frescas - 1 bebida n\u00e3o alco\u00f3lica (refrigerante ou \u00e1gua)<br \/>\n-Cantina<\/p>\n<p><strong>Servi\u00e7o adicional de lagosta + calda de coco $19 USD (adicional).<\/strong><\/p>\n<\/div>\n<p><strong><label>N\u00e3o incluso:<\/label><\/strong> Bebidas e alimentos N\u00c3O est\u00e3o inclu\u00eddos e podem ser providenciados por um custo adicional.<\/p>\n<p>&nbsp;<\/p>\n<\/div>\n<p>Se precisar de mais informa\u00e7\u00f5es ou tiver alguma d\u00favida, n\u00e3o hesite em nos contatar pelo Whatsapp: +1-809-720-6035 ou chat ao vivo. Oferecemos o melhor pre\u00e7o online!<\/p>\n<p>&nbsp;<\/p>\n<h4><b><i>Pol\u00edtica de cancelamento<\/i><\/b><\/h4>\n<p>Para um reembolso total, leia nossas pol\u00edticas de cancelamento <a href=\"https:\/\/www.boattoursamana.com\/pt_pt\/marcacao-online\/\" target=\"_blank\" rel=\"noopener\" data-saferedirecturl=\"https:\/\/www.google.com\/url?q=https:\/\/www.boattoursamana.com\/online-booking\/&amp;source=gmail&amp;ust=1672449202351000&amp;usg=AOvVaw1yAeVAPktmaVCqDujgUn90\">Clique aqui<\/a>. Os fundos ser\u00e3o perdidos se a reserva for cancelada no mesmo dia da viagem. <\/p>\n\n\t\t<\/div>\n\t<\/div>\n <\/div><\/div> <div class=\"vc_tta-panel\" id=\"1616580432722-00be9baf-46e3\" data-vc-content=\".vc_tta-panel-body\"><div class=\"vc_tta-panel-heading\"><h4 class=\"vc_tta-panel-title\"><a href=\"#1616580432722-00be9baf-46e3\" data-vc-accordion data-vc-container=\".vc_tta-container\"><span class=\"vc_tta-title-text\">Pre\u00e7os<\/span><\/a><\/h4><\/div><div class=\"vc_tta-panel-body\"> <\/div><\/div> <div class=\"mkdf-section-title-holder\" style=\"text-align: center\">\n\t<div class=\"mkdf-st-inner\">\n\t\t\t\t\t\t\t<h3 class=\"mkdf-st-title\" >\n\t\t\t\tPRE\u00c7OS\t\t\t<\/h3>\n\t\t\t\t\t<\/div>\n<\/div> <div class=\"vc_empty_space\"   style=\"height: 32px\"><span class=\"vc_empty_space_inner\"><\/span><\/div> <div class=\"vc_row wpb_row vc_row-fluid\" > <div class=\"wpb_column vc_column_container vc_col-sm-12\"><div class=\"vc_column-inner\"><div class=\"wpb_wrapper\"> <div class=\"vc_btn3-container vc_btn3-inline\" ><button class=\"vc_general vc_btn3 vc_btn3-size-md vc_btn3-shape-rounded vc_btn3-style-modern vc_btn3-color-green\">AGENDE AGORA<\/button><\/div> <\/div><\/div><\/div> <\/div>","protected":false},"excerpt":{"rendered":"<p>Saona Island Boat Rentals &#8211; Rent a Private Boat, Yacht, Sailboat, Catamaran and Explore Saona Island. Saona Top Boat Tours &amp; Catamaran Excursions from Bayahibe Port in Dominican Republic &#8230; At the beginning it was a Boat Rental Company for local tourism.<\/p>\n<p><strong>Book your Private Boat:\u00a0<\/strong><\/p>","protected":false},"featured_media":11544,"template":"","meta":[],"product_cat":[871],"product_tag":[874,875,872,876,873],"class_list":["post-12436","product","type-product","status-publish","has-post-thumbnail","hentry","product_cat-rent-private-boat-saona-island","product_tag-saona-island-boat-rent","product_tag-saona-island-boat-rentals","product_tag-saona-island-boat-renting","product_tag-saona-island-private-boat","product_tag-saona-island-rentals"],"_links":{"self":[{"href":"https:\/\/www.boattoursamana.com\/pt_pt\/wp-json\/wp\/v2\/product\/12436","targetHints":{"allow":["GET"]}}],"collection":[{"href":"https:\/\/www.boattoursamana.com\/pt_pt\/wp-json\/wp\/v2\/product"}],"about":[{"href":"https:\/\/www.boattoursamana.com\/pt_pt\/wp-json\/wp\/v2\/types\/product"}],"wp:featuredmedia":[{"embeddable":true,"href":"https:\/\/www.boattoursamana.com\/pt_pt\/wp-json\/wp\/v2\/media\/11544"}],"wp:attachment":[{"href":"https:\/\/www.boattoursamana.com\/pt_pt\/wp-json\/wp\/v2\/media?parent=12436"}],"wp:term":[{"taxonomy":"product_cat","embeddable":true,"href":"https:\/\/www.boattoursamana.com\/pt_pt\/wp-json\/wp\/v2\/product_cat?post=12436"},{"taxonomy":"product_tag","embeddable":true,"href":"https:\/\/www.boattoursamana.com\/pt_pt\/wp-json\/wp\/v2\/product_tag?post=12436"}],"curies":[{"name":"wp","href":"https:\/\/api.w.org\/{rel}","templated":true}]}}