{"id":12627,"date":"2021-07-23T06:32:47","date_gmt":"2021-07-23T06:32:47","guid":{"rendered":"https:\/\/www.ticketswhales.com\/?post_type=product&#038;p=12627"},"modified":"2023-10-06T11:10:45","modified_gmt":"2023-10-06T11:10:45","slug":"hike-kayak-los-haitises-national-park-from-bayahibe","status":"publish","type":"product","link":"https:\/\/www.boattoursamana.com\/pt_pt\/percorrer\/caminhada-caiaque-no-parque-nacional-los-haitises-saindo-de-bayahibe","title":{"rendered":"Caminhada + caiaque no Parque Nacional Los Haitises saindo de Bayahibe"},"content":{"rendered":"<div class=\"vc_row wpb_row vc_row-fluid\" ><div class=\"wpb_column vc_column_container vc_col-sm-12\"><div class=\"vc_column-inner\"><div class=\"wpb_wrapper\"><div class=\"vc_btn3-container vc_btn3-inline\" ><a class=\"vc_general vc_btn3 vc_btn3-size-md vc_btn3-shape-rounded vc_btn3-style-modern vc_btn3-color-green\" href=\"https:\/\/bookingadventures.tours\/booking.php?tour_id=4d91e5052701a6dae872e0b48e830d4f\" title=\"\" rel=\"noopener\">AGENDE AGORA<\/a><\/div>\n\t<div class=\"wpb_text_column wpb_content_element\" >\n\t\t<div class=\"wpb_wrapper\">\n\t\t\t<p><span style=\"vertical-align: inherit;\"><span style=\"vertical-align: inherit;\"><\/p>\n\n\t\t<\/div>\n\t<\/div>\n<\/div><\/div><\/div><\/div><div class=\"vc_row wpb_row vc_row-fluid\" ><div class=\"wpb_column vc_column_container vc_col-sm-12\"><div class=\"vc_column-inner\"><div class=\"wpb_wrapper\">\n\t<div class=\"wpb_text_column wpb_content_element\" >\n\t\t<div class=\"wpb_wrapper\">\n\t\t\t<p>\u00a0<\/span><\/span><\/p>\n<h4><b><i><span style=\"vertical-align: inherit;\"><span style=\"vertical-align: inherit;\">Vis\u00e3o geral <\/span><\/span><\/i><\/b><\/h4>\n<p>Esta trilha de caminhada + passeio de caiaque come\u00e7a em Juan Dolio com traslado dos hot\u00e9is. Depois disso chegaremos ao parque onde caminharemos por cerca de 2 horas ao longo da Floresta \u00damida do Parque Nacional Los Haitises. Voc\u00ea conhecer\u00e1 as plantas medicinais desta \u00e1rea, ver\u00e1 a floresta caducif\u00f3lia prim\u00e1ria e secund\u00e1ria das montanhas do Parque Nacional Los Haitises e ao mesmo tempo chegar\u00e1 \u00e0 nascente do rio Jivales de onde saem as \u00e1guas das piscinas naturais do Eco-lodge Ca\u00f1o Hondo. Em seguida levamos os equipamentos necess\u00e1rios para sua seguran\u00e7a (coletes salva-vidas, etc), caiaques e passagem por manguezais. Voc\u00ea ver\u00e1 alguns manguezais repletos de p\u00e1ssaros e colinas de vegeta\u00e7\u00e3o exuberante. Atrav\u00e9s dos manguezais e terras na ba\u00eda aberta de San Lorenzo, de onde voc\u00ea pode fotografar a paisagem florestal acidentada.<\/p>\n<p>Ap\u00f3s esta experi\u00eancia, voc\u00ea retornar\u00e1 a Cano Hondo ou Sabana de la mar e retornar\u00e1 \u00e0s \u00e1reas de Bayahibe.<\/p>\n<ul>\n<li style=\"font-weight: 400;\">Taxas inclu\u00eddas<\/li>\n<li>Caminhada no Parque Nacional Los Haitises<\/li>\n<li style=\"font-weight: 400;\"><span style=\"font-weight: 400;\">O guia fornece instru\u00e7\u00e3o e supervis\u00e3o<\/span><\/li>\n<\/ul>\n<p>&nbsp;<\/p>\n<h4><b>Inclus\u00f5es e Exclus\u00f5es<\/b><\/h4>\n<p>&nbsp;<\/p>\n<p><b>Inclus\u00f5es<\/b><\/p>\n<p>&nbsp;<\/p>\n<ol>\n<li style=\"font-weight: 400;\">Parque Nacional Los Haitises<\/li>\n<li>Caminhada + Caiaque<\/li>\n<li style=\"font-weight: 400;\"><span style=\"font-weight: 400;\">Todos os impostos, taxas e encargos de manuseio<\/span><\/li>\n<li style=\"font-weight: 400;\"><span style=\"font-weight: 400;\">Impostos locais<\/span><\/li>\n<li style=\"font-weight: 400;\"><span style=\"font-weight: 400;\">Bebidas<\/span><\/li>\n<li style=\"font-weight: 400;\"><span style=\"font-weight: 400;\">Todas as atividades<\/span><\/li>\n<li style=\"font-weight: 400;\"><span style=\"font-weight: 400;\">Guia local<\/span><\/li>\n<li><span style=\"font-weight: 400;\">Transferir<\/span><\/li>\n<li>Almo\u00e7o com moradores locais<\/li>\n<\/ol>\n<p><b> Exclus\u00f5es<\/b><\/p>\n<ol>\n<li style=\"font-weight: 400;\"><span style=\"font-weight: 400;\">Gorjetas<\/span><\/li>\n<li style=\"font-weight: 400;\"><span style=\"font-weight: 400;\">Bebidas Alco\u00f3licas<\/span><\/li>\n<\/ol>\n<p>&nbsp;<\/p>\n<h4><em><strong>Partida e Retorno<\/strong><\/em><\/h4>\n<p><span style=\"font-weight: 400;\">O viajante receber\u00e1 um ponto de encontro ap\u00f3s o Processo de Reserva. Os passeios come\u00e7am e terminam nos seus pontos de encontro.<\/span><\/p>\n<p>&nbsp;<\/p>\n<h2>Caminhada + caiaque no Parque Nacional Los Haitises saindo de Bayahibe<\/h2>\n<h4><b><i>O que esperar?<\/i><\/b><\/h4>\n<p>O nome do parque nacional vem de seus habitantes originais, os \u00edndios Taino. Na sua l\u00edngua, \u201cHaitises\u201d significa terras altas ou colinas, uma refer\u00eancia \u00e0s forma\u00e7\u00f5es geol\u00f3gicas \u00edngremes do litoral com calc\u00e1rios. Caiaque \u00e9 de 2 horas.<\/p>\n<p>Aprendendo sobre Hist\u00f3ria e Natureza com Guias Tur\u00edsticos Locais que Crescem como Protetores Ambientais e Volunt\u00e1rios dentro desta \u00e1rea do projeto. O passeio, organizado pela \u201cBooking Adventures\u201d come\u00e7a no ponto de encontro definido com o Guia Tur\u00edstico.<\/p>\n<p>Ap\u00f3s uma caminhada inicial por campos e fazendas, voc\u00ea come\u00e7ar\u00e1 a caminhar pela Floresta do Coconuct e do Cacau. Entrando a cada minuto na principal e \u00fanica \u00e1rea de conserva\u00e7\u00e3o florestal dentro do Parque Nacional Los Haitises. Venha com a Booking Adventures e comece a conferir algumas esp\u00e9cies end\u00eamicas de aves, mam\u00edferos e plantas, colinas de vegeta\u00e7\u00e3o exuberante e cavernas de <em><strong>Parque Nacional Los Haitises<\/strong><\/em>.<\/p>\n<div class=\"body-description secondary\">\n<p>O nome do parque nacional vem de seus habitantes originais, os \u00edndios Taino. Na sua l\u00edngua, \u201cHaitises\u201d significa terras altas ou colinas, uma refer\u00eancia \u00e0s forma\u00e7\u00f5es geol\u00f3gicas \u00edngremes do litoral com calc\u00e1rios. Aventure-se mais fundo no parque para explorar cavernas como a Cueva San Gabriel <em><strong>Caverna da Arena<\/strong><\/em> e <strong><em>Cueva de la Linea. Voc\u00ea pode combinar o passeio de barco com a caminhada. Basta entrar em contato conosco.<\/em><\/strong><\/p>\n<p>As cavernas da reserva serviram de abrigo aos \u00edndios Taino e, posteriormente, para esconderijo de piratas. Procure desenhos de \u00edndios que decoram algumas paredes. Na Floresta Tropical existem mais de 700 centenas de esp\u00e9cies de plantas, procuramos ensinar aos visitantes todas as plantas medicinais que conhecemos neste percurso pedestre.<\/p>\n<p>Venha aprender, caminhar e desfrutar da verdadeira natureza do Parque Nacional Los Haitises.<\/p>\n<\/div>\n<p>&nbsp;<\/p>\n<h4><em><strong>O que voc\u00ea deve trazer?<\/strong><\/em><\/h4>\n<ul>\n<li style=\"font-weight: 400;\"><span style=\"font-weight: 400;\">C\u00e2mera<\/span><\/li>\n<li style=\"font-weight: 400;\"><span style=\"font-weight: 400;\">Bot\u00f5es repelentes<\/span><\/li>\n<li style=\"font-weight: 400;\"><span style=\"font-weight: 400;\">Protetor solar<\/span><\/li>\n<li style=\"font-weight: 400;\"><span style=\"font-weight: 400;\">Chap\u00e9u<\/span><\/li>\n<li style=\"font-weight: 400;\"><span style=\"font-weight: 400;\">Cal\u00e7as confort\u00e1veis<\/span><\/li>\n<li style=\"font-weight: 400;\"><span style=\"font-weight: 400;\">Sapatos de caminhada para floresta<\/span><\/li>\n<li style=\"font-weight: 400;\"><span style=\"font-weight: 400;\">Sand\u00e1lias para as zonas de Primavera.<\/span><\/li>\n<li style=\"font-weight: 400;\"><span style=\"font-weight: 400;\">Roupa de nata\u00e7\u00e3o<\/span><\/li>\n<\/ul>\n<p>&nbsp;<\/p>\n<h4><b><i>Recolha no hotel <\/i><\/b><\/h4>\n<p><span style=\"font-weight: 400;\">A retirada do hotel \u00e9 oferecida para este passeio.\u00a0<\/span><\/p>\n<p><b>Observa\u00e7\u00e3o:<\/b><span style=\"font-weight: 400;\"> Se voc\u00ea fizer a reserva dentro de 24 horas antes do hor\u00e1rio de partida do passeio\/excurs\u00e3o, podemos providenciar a retirada do hotel com custos extras. Assim que sua compra for conclu\u00edda, enviaremos a voc\u00ea informa\u00e7\u00f5es de contato completas (n\u00famero de telefone, endere\u00e7o de e-mail, etc.) para que nosso guia tur\u00edstico local organize a retirada.<\/span><\/p>\n<h4><b><i>Confirma\u00e7\u00e3o de informa\u00e7\u00f5es adicionais <\/i><\/b><\/h4>\n<ol>\n<li>Os ingressos s\u00e3o o recibo ap\u00f3s o pagamento deste passeio. Voc\u00ea pode mostrar o pagamento no seu telefone.<\/li>\n<li style=\"font-weight: 400;\"><span style=\"font-weight: 400;\">O ponto de encontro ser\u00e1 recebido ap\u00f3s o processo de reserva.<\/span><\/li>\n<li style=\"font-weight: 400;\"><span style=\"font-weight: 400;\">As crian\u00e7as devem estar acompanhadas por um adulto.<\/span><\/li>\n<li style=\"font-weight: 400;\"><span style=\"font-weight: 400;\"> N\u00e3o acess\u00edvel para cadeiras de rodas <\/span><\/li>\n<li style=\"font-weight: 400;\"><span style=\"font-weight: 400;\">Os beb\u00eas devem sentar-se no colo <\/span><\/li>\n<li style=\"font-weight: 400;\"><span style=\"font-weight: 400;\">N\u00e3o recomendado para viajantes com problemas nas costas<\/span><\/li>\n<li style=\"font-weight: 400;\"><span style=\"font-weight: 400;\">N\u00e3o recomendado para viajantes gr\u00e1vidas <\/span><\/li>\n<li style=\"font-weight: 400;\"><span style=\"font-weight: 400;\"> Sem problemas card\u00edacos ou outras condi\u00e7\u00f5es m\u00e9dicas graves <\/span><\/li>\n<li style=\"font-weight: 400;\"><span style=\"font-weight: 400;\">A maioria dos viajantes pode participar<\/span><\/li>\n<\/ol>\n<h4><b><i>Pol\u00edtica de cancelamento<\/i><\/b><\/h4>\n<p>Para um reembolso total, leia nossas pol\u00edticas de cancelamento\u00a0<a href=\"https:\/\/www.boattoursamana.com\/pt_pt\/marcacao-online\/\" target=\"_blank\" rel=\"noopener\" data-saferedirecturl=\"https:\/\/www.google.com\/url?q=https:\/\/www.boattoursamana.com\/online-booking\/&amp;source=gmail&amp;ust=1672449202351000&amp;usg=AOvVaw1yAeVAPktmaVCqDujgUn90\">Clique aqui<\/a>. Os fundos ser\u00e3o perdidos se a reserva for cancelada no mesmo dia da viagem.<\/p>\n\n\t\t<\/div>\n\t<\/div>\n<\/div><\/div><\/div><\/div><div class=\"vc_row wpb_row vc_row-fluid\" ><\/div><div class=\"wpb_column vc_column_container vc_col-sm-12\"><div class=\"vc_column-inner\"><div class=\"wpb_wrapper\"><\/div><\/div><\/div><div class=\"vc_empty_space\"   style=\"height: 32px\"><span class=\"vc_empty_space_inner\"><\/span><\/div><div class=\"vc_empty_space\"   style=\"height: 32px\"><span class=\"vc_empty_space_inner\"><\/span><\/div><div class=\"vc_row wpb_row vc_row-fluid\" ><div class=\"wpb_column vc_column_container vc_col-sm-12\"><div class=\"vc_column-inner\"><div class=\"wpb_wrapper\">\n\t<div class=\"wpb_video_widget wpb_content_element vc_clearfix   vc_video-aspect-ratio-169 vc_video-el-width-100 vc_video-align-left\" >\n\t\t<div class=\"wpb_wrapper\">\n\t\t\t<h2 class=\"wpb_heading wpb_video_heading\">Caiaque Los Haitises <\/h2>\n\t\t\t<div class=\"wpb_video_wrapper\"><iframe loading=\"lazy\" title=\"Passeio de caiaque e espeleologia no Parque Nacional Los Haitises, Rep\u00fablica Dominicana\" width=\"1100\" height=\"619\" src=\"https:\/\/www.youtube.com\/embed\/ucU1uwB57wQ?feature=oembed\" frameborder=\"0\" allow=\"accelerometer; autoplay; clipboard-write; encrypted-media; gyroscope; picture-in-picture; web-share\" allowfullscreen><\/iframe><\/div>\n\t\t<\/div>\n\t<\/div>\n<div class=\"vc_btn3-container vc_btn3-inline\" ><a class=\"vc_general vc_btn3 vc_btn3-size-md vc_btn3-shape-rounded vc_btn3-style-modern vc_btn3-color-green\" href=\"https:\/\/bookingadventures.tours\/booking.php?tour_id=4d91e5052701a6dae872e0b48e830d4f\" title=\"\" rel=\"noopener\">AGENDE AGORA<\/a><\/div><\/div><\/div><\/div><\/div>","protected":false},"excerpt":{"rendered":"<div>Caminhada de 3 horas e caiaque nos manguezais do Parque Nacional Los Haitises com guia tur\u00edstico local de Sabana de la Mar. Visitando as \u00e1reas de Floresta Tropical, Cocos, Caf\u00e9 e Cacau. Aprendendo sobre a hist\u00f3ria original do Parque Nacional Los Haitises.<\/div>\n<div><\/div>\n<div>Selecione a data da caminhada:<\/div>","protected":false},"featured_media":9808,"template":"","meta":[],"product_cat":[456,946,178,927,934,254,255],"product_tag":[422,268,174,173,577,576,571,570,569,317,316,206,899,209,575,441,574,572,499,175,498,200,187,573],"class_list":["post-12627","product","type-product","status-publish","has-post-thumbnail","hentry","product_cat-day-trips","product_cat-1-sabana-de-la-mar","product_cat-hiking","product_cat-hiking-los-haitises","product_cat-kayaking-los-haitises","product_cat-tours-excursions-los-haitises-national-park","product_cat-tours-excursions-samana-bay-dominican-republic","product_tag-cano-hondo-sabana-de-la-mar","product_tag-caves-los-haitises","product_tag-eco-tours","product_tag-excursion","product_tag-hike-kayak","product_tag-hike-kayak-los-haitises-national-park","product_tag-hiking-los-haitises","product_tag-hiking-sabana-de-la-mar","product_tag-hiking-samana","product_tag-kayak-tour","product_tag-kayaking","product_tag-kayaking-los-haitises","product_tag-los-haitises-juan-dolio","product_tag-los-haitises-national-park","product_tag-los-haitises-national-park-entrance-fee","product_tag-los-haitises-national-park-tour-from-las-terrenas","product_tag-los-haitises-national-park-tour-from-santo-domingo","product_tag-los-haitises-national-park-weather","product_tag-los-haitises-sabana-de-la-mar","product_tag-sabana-de-la-mar","product_tag-sabana-de-la-mar-tour","product_tag-samana-excursions","product_tag-samana-tours","product_tag-secrets-of-los-haitises"],"_links":{"self":[{"href":"https:\/\/www.boattoursamana.com\/pt_pt\/wp-json\/wp\/v2\/product\/12627","targetHints":{"allow":["GET"]}}],"collection":[{"href":"https:\/\/www.boattoursamana.com\/pt_pt\/wp-json\/wp\/v2\/product"}],"about":[{"href":"https:\/\/www.boattoursamana.com\/pt_pt\/wp-json\/wp\/v2\/types\/product"}],"wp:featuredmedia":[{"embeddable":true,"href":"https:\/\/www.boattoursamana.com\/pt_pt\/wp-json\/wp\/v2\/media\/9808"}],"wp:attachment":[{"href":"https:\/\/www.boattoursamana.com\/pt_pt\/wp-json\/wp\/v2\/media?parent=12627"}],"wp:term":[{"taxonomy":"product_cat","embeddable":true,"href":"https:\/\/www.boattoursamana.com\/pt_pt\/wp-json\/wp\/v2\/product_cat?post=12627"},{"taxonomy":"product_tag","embeddable":true,"href":"https:\/\/www.boattoursamana.com\/pt_pt\/wp-json\/wp\/v2\/product_tag?post=12627"}],"curies":[{"name":"wp","href":"https:\/\/api.w.org\/{rel}","templated":true}]}}