{"id":12695,"date":"2021-08-23T19:43:20","date_gmt":"2021-08-23T19:43:20","guid":{"rendered":"https:\/\/www.ticketswhales.com\/?post_type=product&#038;p=12695"},"modified":"2023-10-06T11:27:39","modified_gmt":"2023-10-06T11:27:39","slug":"los-haitises-sunrise-or-sunset-private-kayak-excursion-with-locals","status":"publish","type":"product","link":"https:\/\/www.boattoursamana.com\/pt_pt\/percorrer\/los-haitises-excursao-particular-de-caiaque-ao-nascer-ou-por-do-sol-com-moradores-locais-2","title":{"rendered":"Excurs\u00e3o privada de caiaque ao nascer ou p\u00f4r do sol em Los Haitises com moradores locais"},"content":{"rendered":"<div class=\"vc_row wpb_row vc_row-fluid\" ><div class=\"wpb_column vc_column_container vc_col-sm-12\"><div class=\"vc_column-inner\"><div class=\"wpb_wrapper\"><div class=\"vc_btn3-container vc_btn3-inline\" ><a class=\"vc_general vc_btn3 vc_btn3-size-md vc_btn3-shape-rounded vc_btn3-style-modern vc_btn3-color-green\" href=\"https:\/\/bookingadventures.tours\/booking.php?tour_id=5e23e6777c99f3e8cc360d181c266535\" title=\"\" rel=\"noopener\">AGENDE AGORA<\/a><\/div><div class=\"vc_empty_space\"   style=\"height: 32px\"><span class=\"vc_empty_space_inner\"><\/span><\/div><\/div><\/div><\/div><\/div><div class=\"wpb_column vc_column_container vc_col-sm-12\"><div class=\"vc_column-inner\"><div class=\"wpb_wrapper\"><\/div><\/div><\/div><div class=\"wpb_column vc_column_container vc_col-sm-12\"><div class=\"vc_column-inner\"><div class=\"wpb_wrapper\"><\/div><\/div><\/div><div class=\"vc_row wpb_row vc_row-fluid\" ><div class=\"wpb_column vc_column_container vc_col-sm-12\"><div class=\"vc_column-inner\"><div class=\"wpb_wrapper\"><\/div><\/div><\/div><\/div><div class=\"vc_row wpb_row vc_row-fluid\" ><div class=\"wpb_column vc_column_container vc_col-sm-12\"><div class=\"vc_column-inner\"><div class=\"wpb_wrapper\">\n\t<div class=\"wpb_text_column wpb_content_element\" >\n\t\t<div class=\"wpb_wrapper\">\n\t\t\t<div class=\"vc_row wpb_row vc_row-fluid\">\n<div class=\"wpb_column vc_column_container vc_col-sm-12\">\n<div class=\"vc_column-inner\">\n<div class=\"wpb_wrapper\">\n<div class=\"mkdf-section-title-holder\">\n<div class=\"mkdf-st-inner\">\n<h5 class=\"mkdf-st-subtitle\">Nascer e p\u00f4r do sol Los Haitises<\/h5>\n<h3 class=\"mkdf-st-title\">Excurs\u00e3o privada de caiaque ao nascer ou p\u00f4r do sol em Los Haitises com moradores locais<\/h3>\n<\/div>\n<\/div>\n<\/div>\n<\/div>\n<\/div>\n<\/div>\n<div class=\"vc_row wpb_row vc_row-fluid\">\n<div class=\"wpb_column vc_column_container vc_col-sm-12\">\n<div class=\"vc_column-inner\">\n<div class=\"wpb_wrapper\">\n<div class=\"vc_empty_space\"><\/div>\n<\/div>\n<\/div>\n<\/div>\n<\/div>\n<div class=\"vc_row wpb_row vc_row-fluid\"><\/div>\n<div class=\"wpb_column vc_column_container vc_col-sm-12\">\n<div class=\"vc_column-inner\">\n<div class=\"wpb_wrapper\"><\/div>\n<\/div>\n<\/div>\n<div class=\"wpb_text_column wpb_content_element\">\n<div class=\"wpb_wrapper\"><\/div>\n<\/div>\n<h4><a id=\"overview\" class=\"aal_anchor\" href=\"https:\/\/bookingadventures.com.do\/dominicantour\/los-haitises-sunrise-or-sunset-private-kayak-excursion-with-locals\/#overview\" aria-hidden=\"true\" rel=\"noopener\"><\/a><b><i>Vis\u00e3o geral<\/i><\/b><\/h4>\n<p>Caiaque nos manguezais do Parque Nacional Los Haitises com guia tur\u00edstico local 3 horas. O melhor momento em que n\u00e3o h\u00e1 visitantes no Parque Nacional los Haitises \u00e9 definido nesta viagem. Visitando os manguezais do rio Ca\u00f1o Hondo e uma vis\u00e3o geral da ba\u00eda de San Lorenzo no parque nacional Los Haitises, \u00e1rea de Sabana de la Mar Ca\u00f1o Hondo. Em caso de viagem curta:\u00a0<a href=\"https:\/\/www.boattoursamana.com\/pt_pt\/tours-excursions\/cavernas\/caiaque-em-los-haitises-com-guia-turistico-de-cano-hondo-2\/\" target=\"_blank\" rel=\"noopener\"><em><strong>Caiaque Los Haitises 2 horas<\/strong><\/em><\/a><\/p>\n<ul>\n<li>O guia fornece instru\u00e7\u00e3o e supervis\u00e3o.<\/li>\n<li>Caiaques e Remos dispon\u00edveis Duplo para duas pessoas e Simples para apenas uma pessoa.<\/li>\n<\/ul>\n<p>&nbsp;<\/p>\n<h4><a id=\"inclusions-exclusions\" class=\"aal_anchor\" href=\"https:\/\/bookingadventures.com.do\/dominicantour\/los-haitises-sunrise-or-sunset-private-kayak-excursion-with-locals\/#inclusions-exclusions\" aria-hidden=\"true\" rel=\"noopener\"><\/a><b>Inclus\u00f5es e Exclus\u00f5es<\/b><\/h4>\n<p>&nbsp;<\/p>\n<p><b>Inclus\u00f5es<\/b><\/p>\n<p>&nbsp;<\/p>\n<ol>\n<li>Passeio de caiaque<\/li>\n<li>Todos os impostos, taxas e encargos de manuseio<\/li>\n<li>Impostos locais<\/li>\n<li>Guia local<\/li>\n<\/ol>\n<p><b>Exclus\u00f5es<\/b><\/p>\n<ol>\n<li>Gorjetas<\/li>\n<li>Transferir<\/li>\n<li>O almo\u00e7o n\u00e3o est\u00e1 inclu\u00eddo<\/li>\n<li>Bebidas Alco\u00f3licas<\/li>\n<\/ol>\n<p>&nbsp;<\/p>\n<h4><a id=\"departure-return\" class=\"aal_anchor\" href=\"https:\/\/bookingadventures.com.do\/dominicantour\/los-haitises-sunrise-or-sunset-private-kayak-excursion-with-locals\/#departure-return\" aria-hidden=\"true\" rel=\"noopener\"><\/a><em><strong>Partida e Retorno<\/strong><\/em><\/h4>\n<p>O viajante receber\u00e1 um ponto de encontro ap\u00f3s o Processo de Reserva. Os passeios come\u00e7am e terminam nos seus pontos de encontro.<\/p>\n<p>&nbsp;<\/p>\n<h4><a id=\"what-to-expect\" class=\"aal_anchor\" href=\"https:\/\/bookingadventures.com.do\/dominicantour\/los-haitises-sunrise-or-sunset-private-kayak-excursion-with-locals\/#what-to-expect\" aria-hidden=\"true\" rel=\"noopener\"><\/a><b><i>O que esperar?<\/i><\/b><\/h4>\n<p>&nbsp;<\/p>\n<p><em><strong>Obtenha seus ingressos<\/strong><\/em>\u00a0para visitar 3 horas de caiaque na Floresta do Rio Cano Hondo (Manguezais), Ilhas Rochosas, Observa\u00e7\u00e3o de p\u00e1ssaros, Nascer e P\u00f4r do Sol com o guia tur\u00edstico local.<\/p>\n<p>Quando conseguirmos todos os tipos de equipamentos necess\u00e1rios para sua seguran\u00e7a (coletes salva-vidas, etc) a a\u00e7\u00e3o come\u00e7ar\u00e1 a andar de caiaque no rio do porto de Ca\u00f1o Hondo.<\/p>\n<p>O passeio, organizado pela \u201cBooking Adventures\u201d inicia-se no ponto de encontro marcado com o Guia Tur\u00edstico. Pegando caiaques e atravessando manguezais, passando por antigas cavernas de piratas e entrando em florestas protegidas nesta pitoresca reserva a partir da \u00e1rea de Ca\u00f1o Hondo Hotels ou de Sabana de la Mar,<\/p>\n<div class=\"body-description secondary\">\n<p>Venha com a Booking Adventures e comece a conferir alguns manguezais repletos de p\u00e1ssaros, colinas onduladas de vegeta\u00e7\u00e3o exuberante e cavernas de\u00a0<em><strong>Parque Nacional Los Haitises<\/strong><\/em>. Fazendo uma excurs\u00e3o de caiaque desde o rio Ca\u00f1o Hondo, Sabana de la Mar. Atrav\u00e9s dos manguezais e terra na aberta Ba\u00eda de San Lorenzo, de onde voc\u00ea pode fotografar a paisagem florestal acidentada. Olhe para a \u00e1gua para localizar\u00a0<em><strong>Peixes-boi<\/strong><\/em>, crust\u00e1ceos e\u00a0<em><strong>golfinhos.<\/strong><\/em><\/p>\n<p>O nome do parque nacional vem de seus habitantes originais, os \u00edndios Taino. Na sua l\u00edngua, \u201cHaitises\u201d significa terras altas ou colinas, uma refer\u00eancia \u00e0s forma\u00e7\u00f5es geol\u00f3gicas \u00edngremes do litoral com calc\u00e1rios. Aventure-se mais fundo no parque para explorar cavernas como a Cueva San Gabriel\u00a0<em><strong>Caverna da Arena<\/strong><\/em>\u00a0e\u00a0<strong><em>Cueva de la Linea.<\/em><\/strong>\u00a0As cavernas da reserva serviram de abrigo aos \u00edndios Taino e, posteriormente, para esconderijo de piratas. Procure desenhos de \u00edndios que decoram algumas paredes.<\/p>\n<p>Caso voc\u00ea goste desta viagem curta temos uma segunda op\u00e7\u00e3o:\u00a0<a href=\"https:\/\/www.boattoursamana.com\/pt_pt\/tours-excursions\/cavernas\/caiaque-em-los-haitises-com-guia-turistico-de-cano-hondo-2\/\" target=\"_blank\" rel=\"noopener\">Caiaque em Los Haitises 2 horas\u00a0<\/a><\/p>\n<p>O Tour termina no ponto de partida no Parque Nacional Los Haitises. Recomendamos esta viagem \u00e0s 6h, caso voc\u00ea queira ver\u00a0<em><strong>Peixes-boi<\/strong><\/em>, crust\u00e1ceos e\u00a0<em><strong>golfinhos.<\/strong><\/em><\/p>\n<\/div>\n<p><em><strong>6:00 DA MANH\u00c3<\/strong><\/em>\u00a0 e 16h \u00e9 o melhor hor\u00e1rio secreto para ficar sozinho no Parque Nacional Los Haitises. Desfrutar da Natureza e de \u00e1guas calmas.<\/p>\n<h4><a id=\"what-you-should-bring\" class=\"aal_anchor\" href=\"https:\/\/bookingadventures.com.do\/dominicantour\/los-haitises-sunrise-or-sunset-private-kayak-excursion-with-locals\/#what-you-should-bring\" aria-hidden=\"true\" rel=\"noopener\"><\/a><em><strong>O que voc\u00ea deve trazer?<\/strong><\/em><\/h4>\n<ul>\n<li>C\u00e2mera<\/li>\n<li>Bot\u00f5es repelentes<\/li>\n<li>protetor solar<\/li>\n<li>Chap\u00e9u<\/li>\n<li>Cal\u00e7as confort\u00e1veis<\/li>\n<li>Sand\u00e1lias<\/li>\n<li>Roupa de nata\u00e7\u00e3o<\/li>\n<\/ul>\n<p>&nbsp;<\/p>\n<h4><a id=\"hotel-pickup\" class=\"aal_anchor\" href=\"https:\/\/bookingadventures.com.do\/dominicantour\/los-haitises-sunrise-or-sunset-private-kayak-excursion-with-locals\/#hotel-pickup\" aria-hidden=\"true\" rel=\"noopener\"><\/a><b><i>Recolha no hotel<\/i><\/b><\/h4>\n<p>A retirada do hotel n\u00e3o \u00e9 oferecida para este passeio.<\/p>\n<p>&nbsp;<\/p>\n<p><b>Observa\u00e7\u00e3o:<\/b>\u00a0Se voc\u00ea fizer a reserva dentro de 24 horas antes do hor\u00e1rio de partida do passeio\/excurs\u00e3o, podemos providenciar a retirada do hotel com custos extras. Assim que sua compra for conclu\u00edda, enviaremos a voc\u00ea informa\u00e7\u00f5es de contato completas (n\u00famero de telefone, endere\u00e7o de e-mail, etc.) para que nosso guia tur\u00edstico local organize a retirada.<\/p>\n<h4><a id=\"additional-info-confirmation\" class=\"aal_anchor\" href=\"https:\/\/bookingadventures.com.do\/dominicantour\/los-haitises-sunrise-or-sunset-private-kayak-excursion-with-locals\/#additional-info-confirmation\" aria-hidden=\"true\" rel=\"noopener\"><\/a><b><i>Confirma\u00e7\u00e3o de informa\u00e7\u00f5es adicionais<\/i><\/b><\/h4>\n<ol>\n<li>Os ingressos s\u00e3o o recibo ap\u00f3s o pagamento deste passeio. Voc\u00ea pode mostrar o pagamento no seu telefone.<\/li>\n<li>O ponto de encontro ser\u00e1 recebido ap\u00f3s o processo de reserva.<\/li>\n<li>As crian\u00e7as devem estar acompanhadas por um adulto.<\/li>\n<li>N\u00e3o acess\u00edvel para cadeiras de rodas<\/li>\n<li>Os beb\u00eas devem sentar-se no colo<\/li>\n<li>N\u00e3o recomendado para viajantes com problemas nas costas<\/li>\n<li>N\u00e3o recomendado para viajantes gr\u00e1vidas<\/li>\n<li>Sem problemas card\u00edacos ou outras condi\u00e7\u00f5es m\u00e9dicas graves<\/li>\n<li>A maioria dos viajantes pode participar<\/li>\n<\/ol>\n\n\t\t<\/div>\n\t<\/div>\n<div class=\"vc_empty_space\"   style=\"height: 32px\"><span class=\"vc_empty_space_inner\"><\/span><\/div><\/div><\/div><\/div><\/div><div class=\"vc_row wpb_row vc_row-fluid\" ><div class=\"wpb_column vc_column_container vc_col-sm-12\"><div class=\"vc_column-inner\"><div class=\"wpb_wrapper\">\n\t<div class=\"wpb_video_widget wpb_content_element vc_clearfix   vc_video-aspect-ratio-169 vc_video-el-width-100 vc_video-align-left\" >\n\t\t<div class=\"wpb_wrapper\">\n\t\t\t<h2 class=\"wpb_heading wpb_video_heading\">Caiaque em Los Haitises <\/h2>\n\t\t\t<div class=\"wpb_video_wrapper\"><iframe loading=\"lazy\" title=\"Passeio de caiaque e espeleologia no Parque Nacional Los Haitises, Rep\u00fablica Dominicana\" width=\"1100\" height=\"619\" src=\"https:\/\/www.youtube.com\/embed\/ucU1uwB57wQ?feature=oembed\" frameborder=\"0\" allow=\"accelerometer; autoplay; clipboard-write; encrypted-media; gyroscope; picture-in-picture; web-share\" allowfullscreen><\/iframe><\/div>\n\t\t<\/div>\n\t<\/div>\n<div class=\"vc_btn3-container vc_btn3-inline\" ><a class=\"vc_general vc_btn3 vc_btn3-size-md vc_btn3-shape-rounded vc_btn3-style-modern vc_btn3-color-green\" href=\"https:\/\/bookingadventures.tours\/booking.php?tour_id=5e23e6777c99f3e8cc360d181c266535\" title=\"\" rel=\"noopener\">AGENDE AGORA<\/a><\/div><\/div><\/div><\/div><\/div>","protected":false},"excerpt":{"rendered":"<div>Se voc\u00ea est\u00e1 planejando visitar Los Haitises de uma forma rom\u00e2ntica al\u00e9m de ficar sozinho na natureza e ficar no hor\u00e1rio do nascer ou p\u00f4r do sol. Esta \u00e9 a melhor viagem privada para voc\u00ea.<\/div>\n<div><\/div>\n<div>Nascer do sol das 5h30 \u00e0s 8h30. Viagem.<\/div>\n<div><\/div>\n<div>P\u00f4r do sol das 16h \u00e0s 19h.<\/div>\n<div><\/div>\n<div>Selecione a data do Tour:<\/div>","protected":false},"featured_media":12725,"template":"","meta":[],"product_cat":[218,946,178,927,934,254,255],"product_tag":[176,211,192,319,208,206,207,171,209,426,327,175,199,200],"class_list":["post-12695","product","type-product","status-publish","has-post-thumbnail","hentry","product_cat-kayaking","product_cat-1-sabana-de-la-mar","product_cat-hiking","product_cat-hiking-los-haitises","product_cat-kayaking-los-haitises","product_cat-tours-excursions-los-haitises-national-park","product_cat-tours-excursions-samana-bay-dominican-republic","product_tag-cano-hondo","product_tag-cano-hondo-hotel","product_tag-day-tour-cano-hondo","product_tag-kayak-dominican-republic","product_tag-kayaking-dominican-republic","product_tag-kayaking-los-haitises","product_tag-kayaks","product_tag-los-haitises","product_tag-los-haitises-national-park","product_tag-los-haitises-tours","product_tag-private-tours-samana","product_tag-sabana-de-la-mar","product_tag-samana-bay","product_tag-samana-excursions"],"_links":{"self":[{"href":"https:\/\/www.boattoursamana.com\/pt_pt\/wp-json\/wp\/v2\/product\/12695","targetHints":{"allow":["GET"]}}],"collection":[{"href":"https:\/\/www.boattoursamana.com\/pt_pt\/wp-json\/wp\/v2\/product"}],"about":[{"href":"https:\/\/www.boattoursamana.com\/pt_pt\/wp-json\/wp\/v2\/types\/product"}],"wp:featuredmedia":[{"embeddable":true,"href":"https:\/\/www.boattoursamana.com\/pt_pt\/wp-json\/wp\/v2\/media\/12725"}],"wp:attachment":[{"href":"https:\/\/www.boattoursamana.com\/pt_pt\/wp-json\/wp\/v2\/media?parent=12695"}],"wp:term":[{"taxonomy":"product_cat","embeddable":true,"href":"https:\/\/www.boattoursamana.com\/pt_pt\/wp-json\/wp\/v2\/product_cat?post=12695"},{"taxonomy":"product_tag","embeddable":true,"href":"https:\/\/www.boattoursamana.com\/pt_pt\/wp-json\/wp\/v2\/product_tag?post=12695"}],"curies":[{"name":"wp","href":"https:\/\/api.w.org\/{rel}","templated":true}]}}