{"id":16552,"date":"2023-10-29T11:41:45","date_gmt":"2023-10-29T11:41:45","guid":{"rendered":"https:\/\/www.ticketswhales.com\/?post_type=product&#038;p=16552"},"modified":"2023-10-29T12:15:58","modified_gmt":"2023-10-29T12:15:58","slug":"los-haitises-national-park-lunch-at-cano-hondo-from-sabana-de-la-mar-copy","status":"publish","type":"product","link":"https:\/\/www.boattoursamana.com\/pt_pt\/percorrer\/almoco-no-parque-nacional-los-haitises-em-cano-hondo-de-sabana-de-la-mar-copy","title":{"rendered":"Parque Nacional Los Haitises + Almo\u00e7o no Ca\u00f1o Hondo de Sabana de la Mar (C\u00f3pia)"},"content":{"rendered":"<div class=\"vc_row wpb_row vc_row-fluid\" ><div class=\"wpb_column vc_column_container vc_col-sm-12\"><div class=\"vc_column-inner\"><div class=\"wpb_wrapper\">\n\t<div class=\"wpb_text_column wpb_content_element\" >\n\t\t<div class=\"wpb_wrapper\">\n\t\t\t<div class=\"mkdf-single-product-content\">\n<div class=\"woocommerce-product-gallery woocommerce-product-gallery--with-images woocommerce-product-gallery--columns-4 images\" data-columns=\"4\"><\/div>\n<\/div>\n<div class=\"woocommerce-tabs wc-tabs-wrapper\">\n<div id=\"tab-description\" class=\"woocommerce-Tabs-panel woocommerce-Tabs-panel--description panel entry-content wc-tab\" role=\"tabpanel\" aria-labelledby=\"tab-title-description\">\n<div class=\"vc_row wpb_row vc_row-fluid\"><a id=\"overview\" class=\"aal_anchor\" style=\"font-size: 25px; font-weight: bold; letter-spacing: -0.005em;\" href=\"https:\/\/bookingadventures.com.do\/dominicantour\/los-haitises-national-park-lunch-at-cano-hondo-from-sabana-de-la-mar\/#overview\" aria-hidden=\"true\" rel=\"noopener\"><\/a><b style=\"color: #303030; font-size: 25px; letter-spacing: -0.005em;\"><i>Vis\u00e3o geral<\/i><\/b><\/div>\n<p>Viagem de dia inteiro ao Parque Nacional Los Haitises e almo\u00e7o em Ca\u00f1o Hondo, al\u00e9m de nata\u00e7\u00e3o em fontes naturais. Venha conosco e visite o mais belo parque nacional da Rep\u00fablica Dominicana, visitando manguezais, cavernas e a ba\u00eda de San Lorenzo. Eles voltam ao porto de Ca\u00f1o Hondo para caminhar 15 minutos e desfrutar de um almo\u00e7o t\u00edpico com vista para o mar at\u00e9 o Parque Nacional Los Haitises. Depois disso nadar em Nascente Natural at\u00e9 \u00e0s 16h30.<\/p>\n<p>Ap\u00f3s esta experi\u00eancia, voc\u00ea passar\u00e1 um tempo na praia e um almo\u00e7o local na praia.<\/p>\n<ul>\n<li>Inclui almo\u00e7o buffet<\/li>\n<li>Nadar em fontes naturais<\/li>\n<li>Taxas inclu\u00eddas<\/li>\n<li>O guia fornece instru\u00e7\u00e3o e supervis\u00e3o<\/li>\n<\/ul>\n<p>&nbsp;<\/p>\n<h4><a id=\"inclusions-exclusions\" class=\"aal_anchor\" href=\"https:\/\/bookingadventures.com.do\/dominicantour\/los-haitises-national-park-lunch-at-cano-hondo-from-sabana-de-la-mar\/#inclusions-exclusions\" aria-hidden=\"true\" rel=\"noopener\"><\/a><b>Inclus\u00f5es e Exclus\u00f5es<\/b><\/h4>\n<p>&nbsp;<\/p>\n<p><b>Inclus\u00f5es<\/b><\/p>\n<ol>\n<li>\u00a0almo\u00e7o no Ecolodge<\/li>\n<li>Tour Los Haitises + Cavernas e Pictogramas<\/li>\n<li>Todos os impostos, taxas e encargos de manuseio<\/li>\n<li>Impostos locais<\/li>\n<li>Bebidas<\/li>\n<li>Todas as atividades<\/li>\n<li>Guia local<\/li>\n<\/ol>\n<p><b>Exclus\u00f5es<\/b><\/p>\n<ol>\n<li>Gorjetas<\/li>\n<li>Transferir<\/li>\n<li>Bebidas Alco\u00f3licas<\/li>\n<\/ol>\n<p>&nbsp;<\/p>\n<h4><a id=\"departure-return\" class=\"aal_anchor\" href=\"https:\/\/bookingadventures.com.do\/dominicantour\/los-haitises-national-park-lunch-at-cano-hondo-from-sabana-de-la-mar\/#departure-return\" aria-hidden=\"true\" rel=\"noopener\"><\/a><em><strong>Partida e Retorno<\/strong><\/em><\/h4>\n<p>O viajante receber\u00e1 um ponto de encontro ap\u00f3s o Processo de Reserva. Os passeios come\u00e7am e terminam nos seus pontos de encontro.<\/p>\n<p>&nbsp;<\/p>\n<h4><a id=\"what-to-expect\" class=\"aal_anchor\" href=\"https:\/\/bookingadventures.com.do\/dominicantour\/los-haitises-national-park-lunch-at-cano-hondo-from-sabana-de-la-mar\/#what-to-expect\" aria-hidden=\"true\" rel=\"noopener\"><\/a><b><i>O que esperar?<\/i><\/b><\/h4>\n<p>&nbsp;<\/p>\n<p><em><strong>Obtenha seus ingressos<\/strong><\/em>\u00a0por visitar o Parque Nacional Los Haitises com um maravilhoso almo\u00e7o em Cano Hondo e nata\u00e7\u00e3o nas Fontes Naturais. Fa\u00e7a um passeio de barco pelos manguezais, passando por antigas cavernas de piratas e pelas florestas protegidas nesta pitoresca reserva a partir da \u00e1rea dos Hot\u00e9is Ca\u00f1o Hondo ou de Sabana de la Mar.<\/p>\n<p>O passeio, organizado pela \u201cBooking Adventures\u201d inicia-se no ponto de encontro marcado com o Guia Tur\u00edstico. Venha com a Booking Adventures e comece a conferir alguns manguezais repletos de p\u00e1ssaros, colinas onduladas de vegeta\u00e7\u00e3o exuberante e cavernas de\u00a0<em><strong>Parque Nacional Los Haitises<\/strong><\/em>. Passeio de barco pelo rio Ca\u00f1o Hondo, Sabana de la Mar.<\/p>\n<p>Atrav\u00e9s dos manguezais e terras na ba\u00eda aberta de San Lorenzo, de onde voc\u00ea pode fotografar a paisagem florestal acidentada. Olhe para a \u00e1gua para localizar\u00a0<em><strong>Peixes-boi<\/strong><\/em>, crust\u00e1ceos e\u00a0<em><strong>golfinhos.<\/strong><\/em><\/p>\n<div class=\"body-description secondary\">\n<p>O nome do parque nacional vem de seus habitantes originais, os \u00edndios Taino. Na sua l\u00edngua, \u201cHaitises\u201d significa terras altas ou colinas, uma refer\u00eancia \u00e0s forma\u00e7\u00f5es geol\u00f3gicas \u00edngremes do litoral com calc\u00e1rios. Aventure-se mais fundo no parque para explorar cavernas como a Cueva San Gabriel\u00a0<em><strong>Caverna da Arena<\/strong><\/em>\u00a0e\u00a0<strong><em>Cueva da linha.<\/em><\/strong>\u00a0As cavernas da reserva serviram de abrigo aos \u00edndios Taino e, posteriormente, para esconderijo de piratas. Procure desenhos de \u00edndios que decoram algumas paredes. Depois de visitar o Parque Nacional Los Haitises iremos para Ca\u00f1o Hondo. Em Ca\u00f1o Hondo conhecendo a hist\u00f3ria desta pousada ecol\u00f3gica e almo\u00e7o com a comida t\u00edpica da Comunidade Sabana de la Mar.<\/p>\n<p>O almo\u00e7o ser\u00e1 delicioso, mas ainda n\u00e3o terminamos. Ap\u00f3s o almo\u00e7o, nadaremos na nascente natural do rio Jibales, um rio perene, at\u00e9 o rio Ca\u00f1o Hondo. Ficar no Ca\u00f1o Hondo at\u00e9 as 18h se quiser ou menos.<\/p>\n<\/div>\n<p>Nas Piscinas Nascentes Naturais voc\u00ea pode ficar o tempo que quiser nadando e caminhando por a\u00ed. Se voc\u00ea \u00e9 vegano, tamb\u00e9m podemos preparar alguma comida para voc\u00ea.<\/p>\n<p>&nbsp;<\/p>\n<h4><a id=\"what-you-should-bring\" class=\"aal_anchor\" href=\"https:\/\/bookingadventures.com.do\/dominicantour\/los-haitises-national-park-lunch-at-cano-hondo-from-sabana-de-la-mar\/#what-you-should-bring\" aria-hidden=\"true\" rel=\"noopener\"><\/a><em><strong>O que voc\u00ea deve trazer?<\/strong><\/em><\/h4>\n<ul>\n<li>C\u00e2mera<\/li>\n<li>Bot\u00f5es repelentes<\/li>\n<li>protetor solar<\/li>\n<li>Chap\u00e9u<\/li>\n<li>Cal\u00e7as confort\u00e1veis<\/li>\n<li>Sapatos de caminhada para floresta<\/li>\n<li>Sand\u00e1lias para as zonas de Primavera.<\/li>\n<li>Roupa de nata\u00e7\u00e3o<\/li>\n<\/ul>\n<p>&nbsp;<\/p>\n<h4><a id=\"hotel-pickup\" class=\"aal_anchor\" href=\"https:\/\/bookingadventures.com.do\/dominicantour\/los-haitises-national-park-lunch-at-cano-hondo-from-sabana-de-la-mar\/#hotel-pickup\" aria-hidden=\"true\" rel=\"noopener\"><\/a><b><i>Recolha no hotel<\/i><\/b><\/h4>\n<p>A retirada do hotel n\u00e3o \u00e9 oferecida para este passeio.<\/p>\n<p>&nbsp;<\/p>\n<p><b>Observa\u00e7\u00e3o:<\/b>\u00a0Se voc\u00ea fizer a reserva dentro de 24 horas antes do hor\u00e1rio de partida do passeio\/excurs\u00e3o, podemos providenciar a retirada do hotel com custos extras. Assim que sua compra for conclu\u00edda, enviaremos a voc\u00ea informa\u00e7\u00f5es de contato completas (n\u00famero de telefone, endere\u00e7o de e-mail, etc.) para que nosso guia tur\u00edstico local organize a retirada.<\/p>\n<h4><a id=\"additional-info-confirmation\" class=\"aal_anchor\" href=\"https:\/\/bookingadventures.com.do\/dominicantour\/los-haitises-national-park-lunch-at-cano-hondo-from-sabana-de-la-mar\/#additional-info-confirmation\" aria-hidden=\"true\" rel=\"noopener\"><\/a><b><i>Confirma\u00e7\u00e3o de informa\u00e7\u00f5es adicionais<\/i><\/b><\/h4>\n<ol>\n<li>Os ingressos s\u00e3o o recibo ap\u00f3s o pagamento deste passeio. Voc\u00ea pode mostrar o pagamento no seu telefone.<\/li>\n<li>O ponto de encontro ser\u00e1 recebido ap\u00f3s o processo de reserva.<\/li>\n<li>As crian\u00e7as devem estar acompanhadas por um adulto.<\/li>\n<li>N\u00e3o acess\u00edvel para cadeiras de rodas<\/li>\n<li>Os beb\u00eas devem sentar-se no colo<\/li>\n<li>N\u00e3o recomendado para viajantes com problemas nas costas<\/li>\n<li>N\u00e3o recomendado para viajantes gr\u00e1vidas<\/li>\n<li>Sem problemas card\u00edacos ou outras condi\u00e7\u00f5es m\u00e9dicas graves<\/li>\n<li>A maioria dos viajantes pode participar<\/li>\n<\/ol>\n<\/div>\n<\/div>\n\n\t\t<\/div>\n\t<\/div>\n<div class=\"vc_btn3-container vc_btn3-inline\" ><a class=\"vc_general vc_btn3 vc_btn3-size-md vc_btn3-shape-rounded vc_btn3-style-modern vc_btn3-color-green\" href=\"https:\/\/bookingadventures.tours\/booking.php?tour_id=564682de5ff3fb75370322d9bb29062a\" title=\"\" rel=\"noopener\">AGENDE AGORA<\/a><\/div><div class=\"mkdf-section-title-holder\" style=\"text-align: left\">\n\t<div class=\"mkdf-st-inner\">\n\t\t\t\t\t<h5 class=\"mkdf-st-subtitle\" >\n\t\t\t\tAlmo\u00e7o e nata\u00e7\u00e3o em Natural Springs\t\t\t<\/h5>\n\t\t\t\t\t\t\t<h3 class=\"mkdf-st-title\" >\n\t\t\t\tParque Nacional Los Haitises + Almo\u00e7o em Cano Hondo de Sabana de la Mar\t\t\t<\/h3>\n\t\t\t\t\t<\/div>\n<\/div><div class=\"vc_empty_space\"   style=\"height: 32px\"><span class=\"vc_empty_space_inner\"><\/span><\/div><div class=\"vc_empty_space\"   style=\"height: 32px\"><span class=\"vc_empty_space_inner\"><\/span><\/div><\/div><\/div><\/div><\/div><div class=\"wpb_column vc_column_container vc_col-sm-12\"><div class=\"vc_column-inner\"><div class=\"wpb_wrapper\"><\/div><\/div><\/div><div class=\"wpb_column vc_column_container vc_col-sm-12\"><div class=\"vc_column-inner\"><div class=\"wpb_wrapper\"><\/div><\/div><\/div><div class=\"wpb_column vc_column_container vc_col-sm-12\"><div class=\"vc_column-inner\"><div class=\"wpb_wrapper\"><\/div><\/div><\/div>","protected":false},"excerpt":{"rendered":"<p>Excurs\u00e3o ao Parque Nacional Los Haitises a partir de Sabana de la Mar, Visita a manguezais, Cavernas, Pictogramas + Almo\u00e7o em passeios e Piscinas Can\u00f1o Hondo.<\/p>\n<p>Organize este passeio com uma trilha de caminhada e aprenda sobre a hist\u00f3ria do Parque Nacional Los Haitises com os habitantes locais.<\/p>\n<p>&nbsp;<\/p>\n<p><strong>Selecione a data do passeio:\u00a0<\/strong><\/p>","protected":false},"featured_media":12271,"template":"","meta":[],"product_cat":[254,946,928,933,255],"product_tag":[176,211,210,192,215,214,171,209,212,175,213],"class_list":["post-16552","product","type-product","status-publish","has-post-thumbnail","hentry","product_cat-tours-excursions-los-haitises-national-park","product_cat-1-sabana-de-la-mar","product_cat-boat-trip-los-haitises","product_cat-natural-pools-los-haitises","product_cat-tours-excursions-samana-bay-dominican-republic","product_tag-cano-hondo","product_tag-cano-hondo-hotel","product_tag-cano-hondo-tours","product_tag-day-tour-cano-hondo","product_tag-la-arena-cave","product_tag-line-cave","product_tag-los-haitises","product_tag-los-haitises-national-park","product_tag-mangroves-los-haitises","product_tag-sabana-de-la-mar","product_tag-san-lorenzo-bay"],"_links":{"self":[{"href":"https:\/\/www.boattoursamana.com\/pt_pt\/wp-json\/wp\/v2\/product\/16552","targetHints":{"allow":["GET"]}}],"collection":[{"href":"https:\/\/www.boattoursamana.com\/pt_pt\/wp-json\/wp\/v2\/product"}],"about":[{"href":"https:\/\/www.boattoursamana.com\/pt_pt\/wp-json\/wp\/v2\/types\/product"}],"wp:featuredmedia":[{"embeddable":true,"href":"https:\/\/www.boattoursamana.com\/pt_pt\/wp-json\/wp\/v2\/media\/12271"}],"wp:attachment":[{"href":"https:\/\/www.boattoursamana.com\/pt_pt\/wp-json\/wp\/v2\/media?parent=16552"}],"wp:term":[{"taxonomy":"product_cat","embeddable":true,"href":"https:\/\/www.boattoursamana.com\/pt_pt\/wp-json\/wp\/v2\/product_cat?post=16552"},{"taxonomy":"product_tag","embeddable":true,"href":"https:\/\/www.boattoursamana.com\/pt_pt\/wp-json\/wp\/v2\/product_tag?post=16552"}],"curies":[{"name":"wp","href":"https:\/\/api.w.org\/{rel}","templated":true}]}}