{"id":16643,"date":"2023-11-06T07:14:14","date_gmt":"2023-11-06T07:14:14","guid":{"rendered":"https:\/\/www.ticketswhales.com\/?post_type=product&#038;p=16643"},"modified":"2023-11-06T08:59:17","modified_gmt":"2023-11-06T08:59:17","slug":"los-haitises-cueva-el-naranjo-y-laguna-cristal-from-samana","status":"publish","type":"product","link":"https:\/\/www.boattoursamana.com\/pt_pt\/percorrer\/los-haitises-cueva-el-naranjo-y-laguna-cristal-from-samana","title":{"rendered":"Los Haitises: Cueva el Naranjo e Laguna Cristal de Samana"},"content":{"rendered":"<div class=\"vc_row wpb_row vc_row-fluid\" ><div class=\"wpb_column vc_column_container vc_col-sm-12\"><div class=\"vc_column-inner\"><div class=\"wpb_wrapper\">\n\t<div class=\"wpb_text_column wpb_content_element\" >\n\t\t<div class=\"wpb_wrapper\">\n\t\t\t<h2><span style=\"font-weight: 400;\">Los Haitises: Cueva el Naranjo e Laguna Cristal<\/span><\/h2>\n<p>&nbsp;<\/p>\n<p><b>Vis\u00e3o geral<\/b><span style=\"font-weight: 400;\">\u00a0<\/span><\/p>\n<p>&nbsp;<\/p>\n<p><span style=\"font-weight: 400;\">O Parque Nacional Los Haitises \u00e9 um tesouro natural da Rep\u00fablica Dominicana onde se encontram 25% de \u00e1gua doce em Hispaniola. Durante esta experi\u00eancia percorreremos alguns dos pontos mais importantes deste incr\u00edvel parque. Compre seu ingresso para explorar a Caverna Ojo de Cielo, Laguna Cristal, Rio Barracote e Ba\u00eda Samana.\u00a0<\/span><\/p>\n<p>&nbsp;<\/p>\n<p><span style=\"font-weight: 400;\">Do ponto de vista hidrogr\u00e1fico<\/span><span style=\"font-weight: 400;\">, Los Haitises e suas \u00e1reas de influ\u00eancia compreendem duas regi\u00f5es: a bacia inferior do rio Yuna e a \u00e1rea de Miches e Sabana de la Mar. O Yuna drena por duas fozes: a do pr\u00f3prio Yuna e a do Barracote. Al\u00e9m disso, na \u00e1rea est\u00e3o os rios Payabo, Los Cocos e Naranjo, e os canais Cabirma, Estero, Prieto e outros.<\/span><\/p>\n<p>&nbsp;<\/p>\n<p><span style=\"font-weight: 400;\">Sobre a paisagem de Los Haitises,<\/span><span style=\"font-weight: 400;\"> al\u00e9m das cavernas, est\u00e3o Ca\u00f1o Hondo, Punta Arena, Ca\u00f1o Salado, Bah\u00eda de San Lorenzo e Cayo de los P\u00e1jaros, que s\u00e3o elementos paisag\u00edsticos muito impressionantes. Este \u00faltimo, localizado entre Boca del Infierno e El Naranjo Arriba, \u00e9 facilmente reconhecido pela presen\u00e7a quase permanente de tesourinhas e pelicanos.<\/span><\/p>\n<p>&nbsp;<\/p>\n<p><span style=\"font-weight: 400;\">Sobre a cidade de Sanchez,<\/span><span style=\"font-weight: 400;\"> Anteriormente era uma pequena cidade chamada Las Ca\u00f1itas, mas em 1888 foi elevada \u00e0 categoria de munic\u00edpio em homenagem a um dos fundadores da Rep\u00fablica Dominicana, Francisco del Rosario S\u00e1nchez. Cresceu em import\u00e2ncia e popula\u00e7\u00e3o ap\u00f3s a implanta\u00e7\u00e3o da ferrovia em 1865. Esta linha estendeu-se at\u00e9 a regi\u00e3o central de Cibao, transformando esta pequena comunidade caribenha no porto mais importante do pa\u00eds desde o final do s\u00e9culo XIX at\u00e9 o in\u00edcio do s\u00e9culo XIX. pr\u00f3ximo s\u00e9culo. .<\/span><\/p>\n<p>&nbsp;<\/p>\n<p><span style=\"font-weight: 400;\">Sobre Lagoa Cristal,<\/span><span style=\"font-weight: 400;\"> A Laguna Cristal \u00e9 uma bela fonte de \u00e1gua doce \u00e0s portas do Parque Nacional Los Haitises, ao norte da prov\u00edncia de Monte Plata, que possui uma beleza \u00fanica pelos seus atrativos naturais e pela tranquilidade que nos proporciona. A lagoa \u00e9 alimentada por \u00e1guas subterr\u00e2neas provenientes do parque vizinho. Da lagoa emerge um pequeno rio naveg\u00e1vel por algumas centenas de metros que alimenta o rio Barracote, que des\u00e1gua na Ba\u00eda de San Lorenzo. Teria cerca de 200 metros de profundidade e 70 metros de di\u00e2metro.\u00a0<\/span><\/p>\n<p>&nbsp;<\/p>\n<p><span style=\"font-weight: 400;\">Caverna El Naranjo<\/span><span style=\"font-weight: 400;\">, O rio El Naranjo, naveg\u00e1vel apesar de seus 120 metros de extens\u00e3o, nasce em uma caverna e pode ser considerado uma joia da natureza no Parque Nacional Los Haitises. \u00c9 um atrativo que vale a pena conhecer, que permite apreciar o rio mais curto da regi\u00e3o ilha, de barco voc\u00ea pode chegar at\u00e9 o final da caverna de onde vem a \u00e1gua. A caverna \u00e9 reservat\u00f3rio de morcegos e andorinh\u00f5es e suas \u00e1guas abrigam esp\u00e9cies de peixes nativos, que em outros rios e c\u00f3rregos s\u00e3o coisas do passado, como guabinas, dajaos, carpias, camar\u00f5es e caranguejos.<\/span><\/p>\n<p>&nbsp;<\/p>\n<p><b>Inclus\u00f5es<\/b><\/p>\n<p><span style=\"font-weight: 400;\">Todos os impostos, taxas e encargos de manuseio<\/span><\/p>\n<p><span style=\"font-weight: 400;\">Impostos locais<\/span><\/p>\n<p><span style=\"font-weight: 400;\">Guias tur\u00edsticos oficiais ecologistas ingl\u00eas\/espanhol<\/span><\/p>\n<p><span style=\"font-weight: 400;\">Transporte local (retirada no hotel)<\/span><\/p>\n<p><span style=\"font-weight: 400;\">Lancha<\/span><\/p>\n<p><span style=\"font-weight: 400;\">Almo\u00e7o local<\/span><\/p>\n<p><span style=\"font-weight: 400;\">Lagoa Cristal\u00a0\u00a0<\/span><\/p>\n<p><span style=\"font-weight: 400;\">Cueva del Naranjo\u00a0<\/span><\/p>\n<p>&nbsp;<\/p>\n<p><b>Exclus\u00f5es<\/b><\/p>\n<p>&nbsp;<\/p>\n<p><span style=\"font-weight: 400;\">Gorjetas<\/span><\/p>\n<p><span style=\"font-weight: 400;\">Bebida<\/span><\/p>\n<p><span style=\"font-weight: 400;\">\u00a0<\/span><\/p>\n<p>&nbsp;<\/p>\n<p><b>Partida e Retorno<\/b><\/p>\n<p><span style=\"font-weight: 400;\">O passeio, organizado pela \u201cBooking Adventures\u201d inicia-se no ponto de encontro marcado com o Guia Tur\u00edstico. O viajante receber\u00e1 um ponto de encontro ap\u00f3s o Processo de Reserva. Os passeios come\u00e7am e terminam em nossos pontos de encontro.<\/span><\/p>\n<p>&nbsp;<\/p>\n<p><b>O que esperar?<\/b><\/p>\n<p><span style=\"font-weight: 400;\">Adquira seu ingresso para Searching For The Los Haitises: Los Haitises: Cueva el Naranjo e Laguna Cristal, esta experi\u00eancia lhe dar\u00e1 a oportunidade de ver a maior parte da biodiversidade da ilha.\u00a0<\/span><\/p>\n<p>&nbsp;<\/p>\n<p><span style=\"font-weight: 400;\">Esta atividade come\u00e7ar\u00e1 a partir da retirada do seu alojamento em qualquer uma destas \u00e1reas:<\/span><\/p>\n<ul>\n<li style=\"font-weight: 400;\" aria-level=\"1\"><span style=\"font-weight: 400;\">Las Terrenas\u00a0<\/span><\/li>\n<li style=\"font-weight: 400;\" aria-level=\"1\"><span style=\"font-weight: 400;\">S\u00e1nchez\u00a0<\/span><\/li>\n<li style=\"font-weight: 400;\" aria-level=\"1\"><span style=\"font-weight: 400;\">Las Galeras<\/span><\/li>\n<li style=\"font-weight: 400;\" aria-level=\"1\"><span style=\"font-weight: 400;\">Santa B\u00e1rbara de Saman\u00e1\u00a0<\/span><\/li>\n<\/ul>\n<h3><b>Agendar<\/b><b>\u00a0<\/b><\/h3>\n<p><b>Sanchez Samana, nadando na Laguna Cristal e no rio El Naranjo e cavernas\u00a0<\/b><\/p>\n<p>&nbsp;<\/p>\n<p><span style=\"font-weight: 400;\">Retirada no hotel: come\u00e7a \u00e0s 7h (dependendo de onde voc\u00ea estiver). Existem diferentes op\u00e7\u00f5es de hor\u00e1rios no formul\u00e1rio de reserva. O passeio dura 8 horas.\u00a0<\/span><\/p>\n<p>&nbsp;<\/p>\n<p><span style=\"font-weight: 400;\">Ser\u00e1 bem cedo para busc\u00e1-lo em seu hotel e lev\u00e1-lo ao nosso ponto de encontro em Sanchez Samana, onde voc\u00ea encontrar\u00e1 seu guia tur\u00edstico local antes de repassar o itiner\u00e1rio do resto do dia.\u00a0<\/span><\/p>\n<p>&nbsp;<\/p>\n<p><span style=\"font-weight: 400;\">Quando voc\u00ea estiver pronto, embarcaremos em nossa lancha para ir a El Naranjo, que \u00e9 a primeira parada do dia, onde entraremos na caverna de barco e nadaremos na \u00e1gua doce do rio mais curto da ilha.\u00a0<\/span><\/p>\n<p>&nbsp;<\/p>\n<p><span style=\"font-weight: 400;\">Seu segundo passeio de barco ser\u00e1 pelo Rio Barracote at\u00e9 chegar \u00e0 Laguna Cristal. Teremos que navegar por um dos maiores rios do Nordeste do pa\u00eds. Na \u00c1rea Cristal faremos uma pausa para almo\u00e7o antes de pular na \u00e1gua.<\/span><\/p>\n<p>&nbsp;<\/p>\n<p><span style=\"font-weight: 400;\">Depois de experimentar um almo\u00e7o local, faremos uma sesta na Lagoa Cristal e depois nadaremos, antes de voltarmos para Sanchez Samana.\u00a0<\/span><\/p>\n<p>&nbsp;<\/p>\n<p><span style=\"font-weight: 400;\">Desembarque no hotel: 16h ou mais tarde, dependendo do hor\u00e1rio de in\u00edcio da viagem. O passeio dura no total 8 horas.\u00a0<\/span><\/p>\n<p>&nbsp;<\/p>\n<p><span style=\"font-weight: 400;\">Os dias e atividades do itiner\u00e1rio est\u00e3o sujeitos a altera\u00e7\u00f5es sem aviso pr\u00e9vio devido a circunst\u00e2ncias ou eventos imprevistos. Consulte os termos e condi\u00e7\u00f5es completos para obter mais informa\u00e7\u00f5es.<\/span><\/p>\n\n\t\t<\/div>\n\t<\/div>\n<\/div><\/div><\/div><\/div>","protected":false},"excerpt":{"rendered":"<p>Visitando o Rio El Naranjo com a caverna e Cristal Lagun no Parque Nacional Los Haitises com guia tur\u00edstico local especializado. Almo\u00e7o e transporte est\u00e3o inclu\u00eddos na prov\u00edncia de Saman\u00e1.<\/p>","protected":false},"featured_media":16644,"template":"","meta":[],"product_cat":[1096],"product_tag":[1097],"class_list":["post-16643","product","type-product","status-publish","has-post-thumbnail","hentry","product_cat-haitises","product_tag-haitises"],"_links":{"self":[{"href":"https:\/\/www.boattoursamana.com\/pt_pt\/wp-json\/wp\/v2\/product\/16643","targetHints":{"allow":["GET"]}}],"collection":[{"href":"https:\/\/www.boattoursamana.com\/pt_pt\/wp-json\/wp\/v2\/product"}],"about":[{"href":"https:\/\/www.boattoursamana.com\/pt_pt\/wp-json\/wp\/v2\/types\/product"}],"wp:featuredmedia":[{"embeddable":true,"href":"https:\/\/www.boattoursamana.com\/pt_pt\/wp-json\/wp\/v2\/media\/16644"}],"wp:attachment":[{"href":"https:\/\/www.boattoursamana.com\/pt_pt\/wp-json\/wp\/v2\/media?parent=16643"}],"wp:term":[{"taxonomy":"product_cat","embeddable":true,"href":"https:\/\/www.boattoursamana.com\/pt_pt\/wp-json\/wp\/v2\/product_cat?post=16643"},{"taxonomy":"product_tag","embeddable":true,"href":"https:\/\/www.boattoursamana.com\/pt_pt\/wp-json\/wp\/v2\/product_tag?post=16643"}],"curies":[{"name":"wp","href":"https:\/\/api.w.org\/{rel}","templated":true}]}}