{"id":9717,"date":"2019-11-01T19:22:33","date_gmt":"2019-11-01T19:22:33","guid":{"rendered":"https:\/\/www.ticketswhales.com\/?post_type=product&#038;p=9717"},"modified":"2023-11-10T16:55:15","modified_gmt":"2023-11-10T16:55:15","slug":"whale-watching-in-punta-cana-to-samana-bay-cayo-levantado-bacardi-island-from-hotels","status":"publish","type":"product","link":"https:\/\/www.boattoursamana.com\/pt_pt\/percorrer\/observacao-de-baleias-em-punta-cana-ate-samana-bay-cayo-levantado-ilha-bacardi-saindo-de-hoteis","title":{"rendered":"Observa\u00e7\u00e3o de baleias em Punta Cana \/ Cap Cana at\u00e9 a Ba\u00eda de Saman\u00e1 + Cayo Levantado (Ilha Bacardi) dos hot\u00e9is."},"content":{"rendered":"<div class=\"vc_row wpb_row vc_row-fluid\" ><div class=\"wpb_column vc_column_container vc_col-sm-12\"><div class=\"vc_column-inner\"><div class=\"wpb_wrapper\"><div class=\"mkdf-section-title-holder\" style=\"text-align: left\">\n\t<div class=\"mkdf-st-inner\">\n\t\t\t\t\t<h5 class=\"mkdf-st-subtitle\" >\n\t\t\t\tRecolha nos hot\u00e9is e Cayo Levantado (Ilha Bacardi).\t\t\t<\/h5>\n\t\t\t\t\t\t\t<h3 class=\"mkdf-st-title\" >\n\t\t\t\tObserva\u00e7\u00e3o de baleias 2023 em Punta Cana\/Cap Cana at\u00e9 a Ba\u00eda de Samana\t\t\t<\/h3>\n\t\t\t\t\t<\/div>\n<\/div><\/div><\/div><\/div><\/div><div class=\"vc_row wpb_row vc_row-fluid\" ><div class=\"wpb_column vc_column_container vc_col-sm-12\"><div class=\"vc_column-inner\"><div class=\"wpb_wrapper\"><div class=\"vc_btn3-container vc_btn3-inline\" ><button class=\"vc_general vc_btn3 vc_btn3-size-md vc_btn3-shape-rounded vc_btn3-style-modern vc_btn3-color-green\">AGENDE AGORA<\/button><\/div>\n\t<div class=\"wpb_text_column wpb_content_element\" >\n\t\t<div class=\"wpb_wrapper\">\n\t\t\t<div class=\"vc_row wpb_row vc_row-fluid\">\n<div class=\"wpb_column vc_column_container vc_col-sm-12\">\n<div class=\"vc_column-inner\">\n<div class=\"wpb_wrapper\">\n<div class=\"wpb_text_column wpb_content_element\">\n<div class=\"wpb_wrapper\">\n<div class=\"vc_row wpb_row vc_row-fluid\">\n<div class=\"wpb_column vc_column_container vc_col-sm-12\">\n<div class=\"vc_column-inner\">\n<div class=\"wpb_wrapper\">\n<div class=\"wpb_text_column wpb_content_element\">\n<div class=\"wpb_wrapper\">\n<h4><b><i>Vis\u00e3o geral<img decoding=\"async\" class=\"emoji\" draggable=\"false\" src=\"https:\/\/s.w.org\/images\/core\/emoji\/12.0.0-1\/svg\/1f433.svg\" alt=\"\ud83d\udc33\" title=\"\"><\/i><\/b><\/h4>\n<p>Baleia Punta Cana, observa\u00e7\u00e3o de baleias na Ba\u00eda de Saman\u00e1 e visita a Cayo Levantado durante esta excurs\u00e3o de dia inteiro saindo dos hot\u00e9is de Punta Cana. Viaje para a ba\u00eda de Saman\u00e1 a bordo de um confort\u00e1vel \u00f4nibus com ar condicionado e depois transfira para um barco catamar\u00e3 em Miches. Navegue em \u00e1guas abertas para procurar os grupos de baleias jubarte que visitam a \u00e1rea para procriar e ter seus filhotes. Aprenda sobre o comportamento e a biologia desses mam\u00edferos marinhos com seu guia naturalista especializado. Continue at\u00e9 Cayo Levantado, ou Ilha Bacardi, para almo\u00e7ar na praia e mergulhar nas \u00e1guas azuis antes de retornar a Punta Cana.<\/p>\n<p>&nbsp;<\/p>\n<p><strong>Observa\u00e7\u00e3o: <\/strong>Este passeio pode ou n\u00e3o incluir a parada em\u00a0<strong>Cachoeira do Lim\u00e3o<\/strong>. Para reservar a mesma viagem com as cachoeiras por favor <a href=\"https:\/\/www.boattoursamana.com\/pt_pt\/tours-excursions\/fees-entrace\/observacao-de-baleias-samana-cayo-levantado-ilha-bacardi-cachoeiras-limon-de-hoteis-punta-cana\/\">CLIQUE AQUI.<\/a><\/p>\n<p>&nbsp;<\/p>\n<ul>\n<li>Viagem de observa\u00e7\u00e3o de baleias<\/li>\n<li>Taxas de entrada no Observat\u00f3rio<\/li>\n<li>Inclui almo\u00e7o Buffet na praia<\/li>\n<li>Transfer\u00eancia de barco<\/li>\n<li>Transfer\u00eancia de hot\u00e9is em Punta Cana<\/li>\n<li>O capit\u00e3o fornece instru\u00e7\u00e3o e supervis\u00e3o<\/li>\n<li>Guia tur\u00edstico<\/li>\n<\/ul>\n<p>&nbsp;<\/p>\n<h4><b>Inclus\u00f5es e Exclus\u00f5es<\/b><\/h4>\n<p>&nbsp;<\/p>\n<p><b>Inclus\u00f5es<\/b><\/p>\n<p>&nbsp;<\/p>\n<ol>\n<li>Almo\u00e7o buffet na praia<\/li>\n<li>Guia tur\u00edstico<\/li>\n<li>Passeio de catamar\u00e3 ou barco<\/li>\n<li>Todos os impostos, taxas e encargos de manuseio<\/li>\n<li>Impostos locais<\/li>\n<li>Bebidas<\/li>\n<\/ol>\n<p><b>Exclus\u00f5es<\/b><\/p>\n<ol>\n<li>Gorjetas<\/li>\n<\/ol>\n<p>&nbsp;<\/p>\n<h4><em><strong>Partida e Retorno<\/strong><\/em><\/h4>\n<p>A retirada do hotel \u00e9 oferecida para este passeio. Nas Notas Basta escrever o nome do hotel para busc\u00e1-lo. Recolhemos em todos os hot\u00e9is de Punta Cana.<\/p>\n<p>&nbsp;<\/p>\n<h3>Observa\u00e7\u00e3o de baleias em Punta Cana\/Cap Cana at\u00e9 a Ba\u00eda de Samana + Cayo Levantado (Ilha Bacardi) a partir dos hot\u00e9is.<\/h3>\n<h4><b><i>O que esperar?<\/i><\/b><\/h4>\n<p>Aproxime-se dos gentis gigantes do mar da Rep\u00fablica Dominicana durante esta excurs\u00e3o de 12 horas para observa\u00e7\u00e3o de baleias jubarte na Ba\u00eda de S\u00e1mana. Passe um dia inesquec\u00edvel observando as milhares de baleias que migram para a ilha todos os anos para acasalar, alimentar-se e brincar em suas \u00e1guas tropicais quentes. Ao observar essas belas criaturas, voc\u00ea desfrutar\u00e1 de informa\u00e7\u00f5es exclusivas do seu guia especializado em observa\u00e7\u00e3o de baleias. Termine o dia com almo\u00e7o inclu\u00eddo e tempo de praia na bela Ilha Cayo Levantado. O transporte de ida e volta do hotel tamb\u00e9m est\u00e1 inclu\u00eddo.<\/p>\n<p>Das 9h00 \u00e0s 12h00 Observat\u00f3rio de observa\u00e7\u00e3o de baleias e ap\u00f3s esta viagem de baleias visitaremos a Ilha Bacardi \/ Cayo Levantado. Na Ilha Bacardi ser\u00e1 servido Buffet de Almo\u00e7o t\u00edpico dominicano (Arroz, Feij\u00e3o, Peixe, Saladas\u2026). Quando o almo\u00e7o terminar, voc\u00ea poder\u00e1 nadar at\u00e9 as 16h30. O passeio terminar\u00e1 \u00e0s 17:00 horas no mesmo porto de onde partir\u00e1 a bordo de nosso catamar\u00e3 e de \u00f4nibus de volta aos hot\u00e9is de Punta Cana.<\/p>\n<p>Este passeio pode ou n\u00e3o incluir a parada em\u00a0<strong>Cachoeira do Lim\u00e3o<\/strong>. Para reservar a mesma viagem com as cachoeiras por favor <a href=\"https:\/\/www.boattoursamana.com\/pt_pt\/tours-excursions\/fees-entrace\/observacao-de-baleias-samana-cayo-levantado-ilha-bacardi-cachoeiras-limon-de-hoteis-punta-cana\/\">CLIQUE AQUI.<\/a><\/p>\n<p><strong>Calend\u00e1rio:<\/strong><\/p>\n<p>6h00 \u2013 7h00 Recolha dos clientes dos diferentes hot\u00e9is<br \/>\n07:00 Partida para Las Canitas em Sabana de la Mar<br \/>\n08h15 Chegada ao cais privado<br \/>\n08h15 \u2013 8h40 Caf\u00e9 da manh\u00e3 (sandu\u00edches, muffins, ch\u00e1, caf\u00e9, sucos)<br \/>\n8h45 Embarque para iniciar nossa jornada ao santu\u00e1rio das baleias jubarte em Saman\u00e1<br \/>\n11:00 Procure as baleias por um per\u00edodo de 45 minutos - Este \u00e9 o hor\u00e1rio seguido pelas regras do governo.<br \/>\n11h45 Sa\u00edda para Cayo Levantado na Ba\u00eda de Saman\u00e1<br \/>\n12h30 Chegada em Cayo Levantado<br \/>\n13h00 Almo\u00e7o (buffet de almo\u00e7o, t\u00edpico dominicano)*<br \/>\n13h45 \u2013 15h30 Tempo livre em Cayo Levantado<br \/>\n15h00 \u2013 15h45 Embarque novamente em dire\u00e7\u00e3o a Miches<br \/>\n17:00 Chegada em Miches e sa\u00edda para os hot\u00e9is em Punta Cana<br \/>\n19h30 \u2013 20h00 Chegada aos hot\u00e9is em Punta Cana<\/p>\n<p><strong>*Menu de almo\u00e7o (t\u00edpico dominicano)<br \/>\n<\/strong>Arroz, frango grelhado ou peixe grelhado, salada, legumes, fruta fresca.<\/p>\n<p><strong>*Os clientes que optarem por adicionar a parada na cachoeira El Limon ap\u00f3s a observa\u00e7\u00e3o de baleias passar\u00e3o para a cachoeira an\u00fancio ter\u00e3o menos tempo para ficar em Cayo Levantado.<\/strong><\/p>\n<p>Este passeio pode ou n\u00e3o incluir a parada em\u00a0<strong>Cachoeira do Lim\u00e3o<\/strong>. Para reservar a mesma viagem com as cachoeiras por favor <a href=\"https:\/\/www.boattoursamana.com\/pt_pt\/tours-excursions\/fees-entrace\/observacao-de-baleias-samana-cayo-levantado-ilha-bacardi-cachoeiras-limon-de-hoteis-punta-cana\/\">CLIQUE AQUI.<\/a><\/p>\n<p>&nbsp;<\/p>\n<h4><em><strong>O que voc\u00ea deve trazer?<\/strong><\/em><\/h4>\n<ul>\n<li>C\u00e2mera<\/li>\n<li>Bot\u00f5es repelentes<\/li>\n<li>protetor solar<\/li>\n<li>Chap\u00e9u<\/li>\n<li>Cal\u00e7as confort\u00e1veis<\/li>\n<li>Sand\u00e1lias para a praia<\/li>\n<li>Roupa de nata\u00e7\u00e3o<\/li>\n<li>Dinheiro para lembran\u00e7as<\/li>\n<\/ul>\n<p>&nbsp;<\/p>\n<h4><b><i>Recolha no hotel<\/i><\/b><\/h4>\n<p>A retirada do hotel \u00e9 oferecida para este passeio. Nas Notas Basta escrever o nome do hotel para busc\u00e1-lo. Recolhemos em todos os hot\u00e9is de Punta Cana.<\/p>\n<p>&nbsp;<\/p>\n<p><b>Observa\u00e7\u00e3o:<\/b> Se voc\u00ea fizer a reserva dentro de 24 horas antes do hor\u00e1rio de partida do passeio\/excurs\u00e3o, podemos providenciar a retirada do hotel com custos extras. Assim que sua compra for conclu\u00edda, enviaremos a voc\u00ea informa\u00e7\u00f5es de contato completas (n\u00famero de telefone, endere\u00e7o de e-mail, etc.) para que nosso guia tur\u00edstico local organize a retirada.<\/p>\n<h4><b><i>Confirma\u00e7\u00e3o de informa\u00e7\u00f5es adicionais<\/i><\/b><\/h4>\n<ol>\n<li>Os ingressos s\u00e3o o recibo ap\u00f3s o pagamento deste passeio. Voc\u00ea pode mostrar o pagamento no seu telefone.<\/li>\n<li>O ponto de encontro ser\u00e1 recebido ap\u00f3s o processo de reserva.<\/li>\n<li>As crian\u00e7as devem estar acompanhadas por um adulto.<\/li>\n<li>Acess\u00edvel a cadeiras de rodas<\/li>\n<li>Os beb\u00eas devem sentar-se no colo<\/li>\n<li>A maioria dos viajantes pode participar<\/li>\n<\/ol>\n<h5><b><i>Pol\u00edtica de cancelamento<\/i><\/b><\/h5>\n<p>Para um reembolso total, leia nossas pol\u00edticas de cancelamento\u00a0<a href=\"https:\/\/www.boattoursamana.com\/pt_pt\/marcacao-online\/\" target=\"_blank\" rel=\"noopener\" data-saferedirecturl=\"https:\/\/www.google.com\/url?q=https:\/\/www.boattoursamana.com\/online-booking\/&amp;source=gmail&amp;ust=1672532492004000&amp;usg=AOvVaw3ylqI1cdbIPTimEqEWneyd\">Clique aqui<\/a>. Os fundos ser\u00e3o perdidos se a reserva for cancelada no mesmo dia da viagem.<\/p>\n<\/div>\n<\/div>\n<\/div>\n<\/div>\n<\/div>\n<\/div>\n<\/div>\n<\/div>\n<\/div>\n<\/div>\n<\/div>\n<\/div>\n<div class=\"vc_row wpb_row vc_row-fluid\">\n<div class=\"wpb_column vc_column_container vc_col-sm-12\">\n<div class=\"vc_column-inner\">\n<div class=\"wpb_wrapper\">\n<div class=\"vc_empty_space\"><\/div>\n<div class=\"wpb_text_column wpb_content_element\">\n<div class=\"wpb_wrapper\">\n<h4>Contate-nos?<\/h4>\n<h5><b><i>TOUR BALEIAS SAMANA<\/i><\/b><\/h5>\n<p><em><strong>Moradores<\/strong>\u00a0e\u00a0<strong>Nacionais<\/strong>\u00a0Guias tur\u00edsticos e servi\u00e7os aos h\u00f3spedes<\/em><\/p>\n<p><span class=\"text-turquoise\">Reservas:<\/span>\u00a0Passeios e excurs\u00f5es em Dom. Representante.<\/p>\n<p><img decoding=\"async\" class=\"emoji\" draggable=\"false\" src=\"https:\/\/s.w.org\/images\/core\/emoji\/11.2.0\/svg\/1f4de.svg\" alt=\"\ud83d\udcde\" title=\"\">\u00a0Telefone\/Whatsapp\u00a0\u00a0<a href=\"tel:+1-809-720-6035\">+1-809-720-6035<\/a>.<\/p>\n<p><img decoding=\"async\" class=\"emoji\" draggable=\"false\" src=\"https:\/\/s.w.org\/images\/core\/emoji\/11.2.0\/svg\/1f4e9.svg\" alt=\"\ud83d\udce9\" title=\"\">\u00a0<a href=\"mailto:info@bookingadventures.com.do\">info@bookingadventures.com.do<\/a><\/p>\n<p><strong>Somos Tours Privados com Configura\u00e7\u00e3o Flex\u00edvel pelo Whatsapp:\u00a0<a href=\"tel:+18097206035\">+18097206035.<\/a><\/strong><\/p>\n<\/div>\n<\/div>\n<\/div>\n<\/div>\n<\/div>\n<\/div>\n\n\t\t<\/div>\n\t<\/div>\n<\/div><\/div><\/div><\/div><div class=\"vc_row wpb_row vc_row-fluid\" ><div class=\"wpb_column vc_column_container vc_col-sm-12\"><div class=\"vc_column-inner\"><div class=\"wpb_wrapper\"><div class=\"vc_btn3-container vc_btn3-inline\" ><button class=\"vc_general vc_btn3 vc_btn3-size-md vc_btn3-shape-rounded vc_btn3-style-modern vc_btn3-color-green\">AGENDE AGORA<\/button><\/div><\/div><\/div><\/div><\/div>","protected":false},"excerpt":{"rendered":"<p>A partir dos hot\u00e9is de Punta Cana, desfrutaremos das belas paisagens da Cordilheira Oriental enquanto dirigimos ao norte de Punta Cana antes de chegar ao pequeno vilarejo de pescadores de Miches, na costa sul da ba\u00eda de Saman\u00e1. L\u00e1 voc\u00ea desfrutar\u00e1 de um r\u00e1pido caf\u00e9 da manh\u00e3 antes de embarcar no barco para Samana. Navegaremos profundamente na ba\u00eda para observar baleias. Chegaremos primeiro a Cayo Levantado, tamb\u00e9m conhecida como Ilha Bacardi por causa de sua grande semelhan\u00e7a com as praias que o Bacardi Rum costumava usar para seus famosos comerciais. Cayo Levantado \u00e9 nada menos que um o\u00e1sis tropical \u2013 uma pequena ilha no meio do oceano com \u00e1guas azul-turquesa e areias brancas.<\/p>\n<p>Este passeio pode ou n\u00e3o incluir a parada em\u00a0<strong>Cachoeira do Lim\u00e3o<\/strong>. Para reservar o mesmo passeio com as cachoeiras por favor <a href=\"https:\/\/www.boattoursamana.com\/pt_pt\/tours-excursions\/fees-entrace\/observacao-de-baleias-samana-cayo-levantado-ilha-bacardi-cachoeiras-limon-de-hoteis-punta-cana\/\">CLIQUE AQUI.<\/a><\/p>\n<p>&nbsp;<\/p>\n<p>&nbsp;<\/p>\n<p><em><strong>Por favor, selecione a data da excurs\u00e3o:<\/strong><\/em><\/p>","protected":false},"featured_media":12053,"template":"","meta":[],"product_cat":[294,948,972,968,255,664],"product_tag":[631,184,328,480,296,428,327,222,527,313,199,526,458,342,524,276,529,528,274,525],"class_list":["post-9717","product","type-product","status-publish","has-post-thumbnail","hentry","product_cat-tours-excursions-punta-cana-dominican-republic","product_cat-1-punta-cana","product_cat-punta-cana-group-tours","product_cat-punta-cana-whale-watching","product_cat-tours-excursions-samana-bay-dominican-republic","product_cat-whale-watching-punta-cana","product_tag-631","product_tag-bacardi-island","product_tag-cayo-levantado-day-pass","product_tag-cheap-punta-cana-excursions","product_tag-day-trip-punta-cana","product_tag-half-day-whale-watching-miches","product_tag-private-tours-samana","product_tag-punta-cana","product_tag-punta-cana-activities","product_tag-punta-cana-tours","product_tag-samana-bay","product_tag-samana-day-trip","product_tag-samana-day-trip-from-punta-cana","product_tag-samana-whale-watching","product_tag-whale-punta-cana","product_tag-whale-samana","product_tag-whale-watching-2020","product_tag-whale-watching-2020-in-punta-cana-to-samana-bay-cayo-levantado-bacardi-island-from-hotels","product_tag-whale-watching-dominican-republic","product_tag-whale-watching-punta-cana"],"_links":{"self":[{"href":"https:\/\/www.boattoursamana.com\/pt_pt\/wp-json\/wp\/v2\/product\/9717","targetHints":{"allow":["GET"]}}],"collection":[{"href":"https:\/\/www.boattoursamana.com\/pt_pt\/wp-json\/wp\/v2\/product"}],"about":[{"href":"https:\/\/www.boattoursamana.com\/pt_pt\/wp-json\/wp\/v2\/types\/product"}],"wp:featuredmedia":[{"embeddable":true,"href":"https:\/\/www.boattoursamana.com\/pt_pt\/wp-json\/wp\/v2\/media\/12053"}],"wp:attachment":[{"href":"https:\/\/www.boattoursamana.com\/pt_pt\/wp-json\/wp\/v2\/media?parent=9717"}],"wp:term":[{"taxonomy":"product_cat","embeddable":true,"href":"https:\/\/www.boattoursamana.com\/pt_pt\/wp-json\/wp\/v2\/product_cat?post=9717"},{"taxonomy":"product_tag","embeddable":true,"href":"https:\/\/www.boattoursamana.com\/pt_pt\/wp-json\/wp\/v2\/product_tag?post=9717"}],"curies":[{"name":"wp","href":"https:\/\/api.w.org\/{rel}","templated":true}]}}