{"id":9918,"date":"2020-03-29T08:08:03","date_gmt":"2020-03-29T08:08:03","guid":{"rendered":"https:\/\/www.ticketswhales.com\/Tours-Excursions\/uncategorized\/import-placeholder-for-9917\/"},"modified":"2023-11-10T16:12:30","modified_gmt":"2023-11-10T16:12:30","slug":"birdwatching-punta-cana-birding-tours-from-punta-cana-to-los-haitises-national-park","status":"publish","type":"product","link":"https:\/\/www.boattoursamana.com\/pt_pt\/percorrer\/observacao-de-passaros-em-punta-cana-passeios-de-observacao-de-passaros-de-punta-cana-ao-parque-nacional-los-haitises","title":{"rendered":"Observa\u00e7\u00e3o de p\u00e1ssaros em Punta Cana \u2013 Passeios de observa\u00e7\u00e3o de p\u00e1ssaros de Punta Cana ao Parque Nacional Los Haitises"},"content":{"rendered":"<div class=\"vc_row wpb_row vc_row-fluid\" ><div class=\"wpb_column vc_column_container vc_col-sm-12\"><div class=\"vc_column-inner\"><div class=\"wpb_wrapper\">\n\t<div class=\"wpb_text_column wpb_content_element\" >\n\t\t<div class=\"wpb_wrapper\">\n\t\t\t<div class=\"vc_row wpb_row vc_row-fluid\">\n<div class=\"wpb_column vc_column_container vc_col-sm-12\">\n<div class=\"vc_column-inner\">\n<div class=\"wpb_wrapper\">\n<div class=\"mkdf-section-title-holder\">\n<div class=\"mkdf-st-inner\">\n<h5 class=\"mkdf-st-subtitle\">Observa\u00e7\u00e3o de p\u00e1ssaros no Parque Nacional Los Haitises<\/h5>\n<h2 class=\"mkdf-st-title\">Passeios de observa\u00e7\u00e3o de p\u00e1ssaros de Punta Cana ao Parque Nacional Los Haitises<\/h2>\n<\/div>\n<\/div>\n<\/div>\n<\/div>\n<\/div>\n<\/div>\n<div class=\"vc_row wpb_row vc_row-fluid\">\n<div class=\"wpb_column vc_column_container vc_col-sm-12\">\n<div class=\"vc_column-inner\">\n<div class=\"wpb_wrapper\">\n<div class=\"wpb_text_column wpb_content_element\">\n<div class=\"wpb_wrapper\">\n<h4><b><i>Vis\u00e3o geral<\/i><\/b><\/h4>\n<section><\/section>\n<p>Somente visitas oferecidas na Rep\u00fablica Dominicana com Guias Tur\u00edsticos Nacionais e Locais Certificados pelo Minist\u00e9rio do Turismo da Rep\u00fablica Dominicana. Contate especialistas locais diretos e visite Los Haitises, Parque Nacional. Enquanto a maioria das pessoas sai de barco para explorar o parque e suas cavernas e ilhas. Estaremos focados nos estudos ornit\u00f3logos no Parque Nacional Los Haitises. Desfrutar e conhecer Projetos de prote\u00e7\u00e3o da vida selvagem em viagens Privadas.<\/p>\n<p>Conservamos 110 esp\u00e9cies de aves que voc\u00ea pode encontrar no Parque Nacional Los Haitises. Caminhando por esta floresta m\u00e1gica em busca de papagaios, Todys, gavi\u00f5es-de-Ridgway, sa\u00edras, beija-flores e muito mais. Fornecendo uma hist\u00f3ria interessante sobre todas essas aves que voc\u00ea pode ver na trilha Humit. Conhecemos os habitats de Ridgway, Ashy Faced Owls e outras esp\u00e9cies end\u00eamicas. Este passeio tem como foco a natureza e est\u00e1 mais concentrado nas informa\u00e7\u00f5es sobre a vida selvagem, contando com guias tur\u00edsticos locais certificados como Ornit\u00f3logos.<\/p>\n<p><strong>Geralmente \u00e9 um tour privado para uma experi\u00eancia verdadeiramente de alta qualidade.<\/strong><\/p>\n<p>Confira aqui a lista das aves mais comuns em nossas viagens:\u00a0<a href=\"https:\/\/avibase.bsc-eoc.org\/checklist.jsp?lang=ES&amp;p2=1&amp;list=clements&amp;synlang=EN&amp;region=DO0005&amp;version=text&amp;lifelist=&amp;highlight=0\" target=\"_blank\" rel=\"noopener\"><strong>CLIQUE AQUI<\/strong><\/a><\/p>\n<h4><\/h4>\n<h4><b>Inclus\u00f5es e Exclus\u00f5es<\/b><\/h4>\n<p><b>Inclus\u00f5es<\/b><\/p>\n<ol>\n<li>3 horas de caminhada de p\u00e1ssaros nas trilhas do parque<\/li>\n<li>Todos os impostos, taxas e encargos de manuseio<\/li>\n<li>Impostos locais<\/li>\n<li>Almo\u00e7o<\/li>\n<li>Guias tur\u00edsticos oficiais ecologistas ingl\u00eas\/espanhol<\/li>\n<li>Transfer\u00eancia de Punta Cana<\/li>\n<\/ol>\n<p><b>Exclus\u00f5es<\/b><\/p>\n<ol>\n<li>Gorjetas<\/li>\n<li>Bebidas alco\u00f3licas<\/li>\n<\/ol>\n<p>&nbsp;<\/p>\n<h4><a id=\"departure-return\" class=\"aal_anchor\" href=\"https:\/\/www.boattoursamana.com\/pt_pt\/tours-excursions\/fees-entrace\/observacao-de-passaros-em-punta-cana-passeios-de-observacao-de-passaros-de-punta-cana-ao-parque-nacional-los-haitises\/#departure-return\" target=\"_blank\" rel=\"noopener\" aria-hidden=\"true\"><\/a><em><strong>Partida e Retorno<\/strong><\/em><\/h4>\n<p>O passeio, organizado pela \u201cBooking Adventures Locals Ornitologist Tour Guides\u201d come\u00e7a no ponto de encontro marcado com o Guia Tur\u00edstico. O viajante receber\u00e1 um ponto de encontro ap\u00f3s o Processo de Reserva. Os passeios come\u00e7am e terminam em nossos pontos de encontro.<\/p>\n<p>&nbsp;<\/p>\n<h4><a id=\"what-to-expect\" class=\"aal_anchor\" href=\"https:\/\/www.boattoursamana.com\/pt_pt\/tours-excursions\/fees-entrace\/observacao-de-passaros-em-punta-cana-passeios-de-observacao-de-passaros-de-punta-cana-ao-parque-nacional-los-haitises\/#what-to-expect\" target=\"_blank\" rel=\"noopener\" aria-hidden=\"true\"><\/a><b><i>O que esperar?<\/i><\/b><\/h4>\n<p><em><strong>Obtenha seu ingresso<\/strong><\/em>\u00a0para observa\u00e7\u00e3o de aves no Parque Nacional Los Haitises de Punta Cana. A viagem de Punta Cana ao Parque Nacional dura cerca de 1h45. Ao chegar ao parque teremos 30 minutos de caminhada e observando os falc\u00f5es temos a op\u00e7\u00e3o de continuar caminhando e verificar se h\u00e1 papagaios, piculetos e outras esp\u00e9cies end\u00eamicas no Parque Nacional Los Haitises.<\/p>\n<p>O Parque Nacional Los Haitises possui apenas duas trilhas para observa\u00e7\u00e3o de p\u00e1ssaros em Sabana de la Mar. No caminho para o Parque Nacional Los Hiatises, paramos em alguns pontos para ver mais p\u00e1ssaros.<\/p>\n<p>Ap\u00f3s 4 horas e meia aprendendo sobre as aves no Parque Nacional Los Haitises, esta excurs\u00e3o termina no mesmo local em que come\u00e7ou.<\/p>\n<p><strong>Nota: Esses passeios s\u00e3o realizados com guias tur\u00edsticos oficiais ecologistas. Reserve com anteced\u00eancia porque no parque n\u00e3o h\u00e1 muitos especialistas.<\/strong><\/p>\n<p>&nbsp;<\/p>\n<h4><a id=\"what-you-should-bring\" class=\"aal_anchor\" href=\"https:\/\/www.boattoursamana.com\/pt_pt\/tours-excursions\/fees-entrace\/observacao-de-passaros-em-punta-cana-passeios-de-observacao-de-passaros-de-punta-cana-ao-parque-nacional-los-haitises\/#what-you-should-bring\" target=\"_blank\" rel=\"noopener\" aria-hidden=\"true\"><\/a><em><strong>O que voc\u00ea deve trazer?<\/strong><\/em><\/h4>\n<ul>\n<li>C\u00e2mera<\/li>\n<li>Binocular<\/li>\n<li>Bot\u00f5es repelentes<\/li>\n<li>protetor solar<\/li>\n<li>Chap\u00e9u<\/li>\n<li>Cal\u00e7as confort\u00e1veis<\/li>\n<li>Sapatos de caminhada para floresta<\/li>\n<li>Sand\u00e1lias para as zonas de Primavera.<\/li>\n<li>Roupa de nata\u00e7\u00e3o<\/li>\n<\/ul>\n<p>&nbsp;<\/p>\n<h4><a id=\"hotel-pickup\" class=\"aal_anchor\" href=\"https:\/\/www.boattoursamana.com\/pt_pt\/tours-excursions\/fees-entrace\/observacao-de-passaros-em-punta-cana-passeios-de-observacao-de-passaros-de-punta-cana-ao-parque-nacional-los-haitises\/#hotel-pickup\" target=\"_blank\" rel=\"noopener\" aria-hidden=\"true\"><\/a><b><i>Hotel de retirada<\/i><\/b><\/h4>\n<p>A retirada do hotel \u00e9 oferecida para este passeio.<\/p>\n<p><b>Observa\u00e7\u00e3o:<\/b>\u00a0Se voc\u00ea fizer a reserva dentro de 24 horas antes do hor\u00e1rio de partida do passeio\/excurs\u00e3o, podemos providenciar a retirada do hotel em Punta Cana. Assim que sua compra for conclu\u00edda, enviaremos a voc\u00ea informa\u00e7\u00f5es de contato completas (n\u00famero de telefone, endere\u00e7o de e-mail, etc.) para que nosso guia tur\u00edstico local organize a retirada.<\/p>\n<h4><a id=\"additional-info-confirmation\" class=\"aal_anchor\" href=\"https:\/\/www.boattoursamana.com\/pt_pt\/tours-excursions\/fees-entrace\/observacao-de-passaros-em-punta-cana-passeios-de-observacao-de-passaros-de-punta-cana-ao-parque-nacional-los-haitises\/#additional-info-confirmation\" target=\"_blank\" rel=\"noopener\" aria-hidden=\"true\"><\/a><b><i>Confirma\u00e7\u00e3o de informa\u00e7\u00f5es adicionais<\/i><\/b><\/h4>\n<ol>\n<li>Os ingressos s\u00e3o o recibo ap\u00f3s o pagamento deste passeio. Voc\u00ea pode mostrar o pagamento no seu telefone.<\/li>\n<li>O ponto de encontro ser\u00e1 recebido ap\u00f3s o processo de reserva.<\/li>\n<li>As crian\u00e7as devem estar acompanhadas por um adulto.<\/li>\n<li>N\u00e3o acess\u00edvel para cadeiras de rodas<\/li>\n<li>Os beb\u00eas devem sentar-se no colo<\/li>\n<li>N\u00e3o recomendado para viajantes com problemas nas costas<\/li>\n<li>N\u00e3o recomendado para viajantes gr\u00e1vidas<\/li>\n<li>Sem problemas card\u00edacos ou outras condi\u00e7\u00f5es m\u00e9dicas graves<\/li>\n<li>A maioria dos viajantes pode participar<\/li>\n<\/ol>\n<p>Este passeio \u00e9 oferecido para um m\u00ednimo de 2 pessoas e um m\u00e1ximo de 15 pessoas. Caso haja menos pessoas, entre em contato conosco.<\/p>\n<h4><a id=\"cancellation-policy\" class=\"aal_anchor\" href=\"https:\/\/www.boattoursamana.com\/pt_pt\/tours-excursions\/fees-entrace\/observacao-de-passaros-em-punta-cana-passeios-de-observacao-de-passaros-de-punta-cana-ao-parque-nacional-los-haitises\/#cancellation-policy\" target=\"_blank\" rel=\"noopener\" aria-hidden=\"true\"><\/a><b><i>Pol\u00edtica de cancelamento<\/i><\/b><\/h4>\n<p>Para obter um reembolso total, cancele com pelo menos 24 horas de anteced\u00eancia da data de in\u00edcio da experi\u00eancia.<\/p>\n<\/div>\n<\/div>\n<\/div>\n<\/div>\n<\/div>\n<\/div>\n<div class=\"vc_row wpb_row vc_row-fluid\">\n<div class=\"wpb_column vc_column_container vc_col-sm-12\">\n<div class=\"vc_column-inner\">\n<div class=\"wpb_wrapper\">\n<div class=\"wpb_text_column wpb_content_element\">\n<div class=\"wpb_wrapper\">\n<h4>Contate-nos?<\/h4>\n<h5><em><strong>Reservando Aventuras<\/strong><\/em><\/h5>\n<p><em><strong>Moradores<\/strong>\u00a0e\u00a0<strong>Nacionais<\/strong>\u00a0Guias tur\u00edsticos e servi\u00e7os aos h\u00f3spedes<\/em><\/p>\n<p><span class=\"text-turquoise\">Reservas:<\/span>\u00a0Passeios e excurs\u00f5es em Dom. Representante.<\/p>\n<p>\ud83d\udcdeTel\/Whatsapp\u00a0\u00a0<a href=\"tel: 1-809-720-6035\">+1-809-720-6035<\/a>.<\/p>\n<p>\ud83d\udce9\u00a0<a href=\"mailto:info@bookingadventures.com.do\">info@bookingadventures.com.do<\/a><\/p>\n<p><strong>Somos Tours Privados com Configura\u00e7\u00e3o Flex\u00edvel pelo Whatsapp:\u00a0<a href=\"tel: 18097206035\">+18097206035.<\/a><\/strong><\/p>\n<\/div>\n<\/div>\n<\/div>\n<\/div>\n<\/div>\n<\/div>\n\n\t\t<\/div>\n\t<\/div>\n<\/div><\/div><\/div><\/div><div class=\"wpb_column vc_column_container vc_col-sm-12\"><div class=\"vc_column-inner\"><div class=\"wpb_wrapper\"><\/div><\/div><\/div><div class=\"wpb_column vc_column_container vc_col-sm-12\"><div class=\"vc_column-inner\"><div class=\"wpb_wrapper\"><\/div><\/div><\/div>","protected":false},"excerpt":{"rendered":"<p><span style=\"vertical-align: inherit;\"><span style=\"vertical-align: inherit;\">Observa\u00e7\u00e3o de aves: Manh\u00e3 completa pelas trilhas da floresta tropical do Parque Nacional Los Haitises. Este parque possui uma grande variedade de esp\u00e9cies de aves e animais e \u00e9 um dos favoritos dos observadores de aves. Embora o n\u00famero observado possa ser maior do que em outros lugares, a localiza\u00e7\u00e3o de Cano Hondo, numa \u00e1rea ligeiramente \u00famida do pa\u00eds, significa que a floresta tropical \u00e9 mais aberta, com menos planta\u00e7\u00f5es de cacau e caf\u00e9, facilitando a observa\u00e7\u00e3o da vida selvagem.<\/span><\/span><\/p>\n<p>Esta \u00e9 uma viagem privada. Voc\u00ea pode escolher um hor\u00e1rio para come\u00e7ar a experi\u00eancia de observa\u00e7\u00e3o de p\u00e1ssaros e quando retornar a Punta Cana.<\/p>\n<p><strong>Selecione a data da atividade:<\/strong><\/p>","protected":false},"featured_media":9763,"template":"","meta":[],"product_cat":[178,948,946,932,168,159,927,170,169,773,971,964,253,254,255],"product_tag":[586,237,582,584,628,236,583,625,630,629,585,171,624,209,627,239,238,175,240],"class_list":["post-9918","product","type-product","status-publish","has-post-thumbnail","hentry","product_cat-hiking","product_cat-1-punta-cana","product_cat-1-sabana-de-la-mar","product_cat-birdwatching-los-haitises","product_cat-caves","product_cat-fees-entrace","product_cat-hiking-los-haitises","product_cat-local-tour-guides","product_cat-mangroves","product_cat-private-tours-excursions","product_cat-punta-cana-private-tours","product_cat-punta-cana-los-haitises","product_cat-tours-and-excursions","product_cat-tours-excursions-los-haitises-national-park","product_cat-tours-excursions-samana-bay-dominican-republic","product_tag-biding-sabana-de-la-mar","product_tag-birding","product_tag-birding-dominican-republic","product_tag-birding-in-los-haitises","product_tag-los-haitises-national-park-birding-tour-from-punta-cana","product_tag-birdwatching","product_tag-birdwatching-dominicana","product_tag-birdwtaching","product_tag-carretera-cano-hondo","product_tag-eco-lodge-paraiso-cano-hondo","product_tag-hire-a-guide-in-los-haitises","product_tag-los-haitises","product_tag-los-haitises-birding","product_tag-los-haitises-national-park","product_tag-los-haitises-national-park-cano-hondo","product_tag-nature","product_tag-ridgways-hawk","product_tag-sabana-de-la-mar","product_tag-wildlife"],"_links":{"self":[{"href":"https:\/\/www.boattoursamana.com\/pt_pt\/wp-json\/wp\/v2\/product\/9918","targetHints":{"allow":["GET"]}}],"collection":[{"href":"https:\/\/www.boattoursamana.com\/pt_pt\/wp-json\/wp\/v2\/product"}],"about":[{"href":"https:\/\/www.boattoursamana.com\/pt_pt\/wp-json\/wp\/v2\/types\/product"}],"wp:featuredmedia":[{"embeddable":true,"href":"https:\/\/www.boattoursamana.com\/pt_pt\/wp-json\/wp\/v2\/media\/9763"}],"wp:attachment":[{"href":"https:\/\/www.boattoursamana.com\/pt_pt\/wp-json\/wp\/v2\/media?parent=9918"}],"wp:term":[{"taxonomy":"product_cat","embeddable":true,"href":"https:\/\/www.boattoursamana.com\/pt_pt\/wp-json\/wp\/v2\/product_cat?post=9918"},{"taxonomy":"product_tag","embeddable":true,"href":"https:\/\/www.boattoursamana.com\/pt_pt\/wp-json\/wp\/v2\/product_tag?post=9918"}],"curies":[{"name":"wp","href":"https:\/\/api.w.org\/{rel}","templated":true}]}}