{"id":15745,"date":"2023-07-15T07:42:45","date_gmt":"2023-07-15T07:42:45","guid":{"rendered":"https:\/\/www.ticketswhales.com\/4-hours-kayak-los-haitises\/"},"modified":"2023-07-15T07:42:45","modified_gmt":"2023-07-15T07:42:45","slug":"4-hours-kayak-los-haitises","status":"publish","type":"page","link":"https:\/\/www.boattoursamana.com\/ro\/4-ore-caiac-los-haitises","title":{"rendered":"4 ore caiac Los Haitises"},"content":{"rendered":"<p><span style=\"vertical-align: inherit;\"><span style=\"vertical-align: inherit;\">Excursie la Parcul Na\u021bional Los Haitises petrec\u00e2nd \u00een Sabana de la Mar \u00een zona de Cano Hondo, Visita de manglares, Cuevas, Pictogramas \u0219i Formaciones Rocosas.<\/span><\/span><br \/>\nn<br \/>\nn<span style=\"vertical-align: inherit;\"><span style=\"vertical-align: inherit;\">Este recorrido se poate configura cu el <\/span><\/span><a href=\"https:\/\/www.boattoursamana.com\/ro\/tours-excursions\/drumetii\/drumetie-caiac-los-haitis-parcul-national\/\"><span style=\"vertical-align: inherit;\"><span style=\"vertical-align: inherit;\">clam\u0103<\/span><\/span><\/a><span style=\"vertical-align: inherit;\"><span style=\"vertical-align: inherit;\"> Senderism <\/span><a href=\"https:\/\/www.boattoursamana.com\/ro\/tours-excursions\/drumetii\/drumetie-caiac-los-haitis-parcul-national\/\"><span style=\"vertical-align: inherit;\">aici. <\/span><\/a><span style=\"vertical-align: inherit;\">Conozca la istoria real\u0103 a istoriei din Parcul Na\u021bional Los Haitises cu los lugare\u00f1os.<\/span><\/span><br \/>\nn<br \/>\nn&nbsp;<br \/>\nn<br \/>\nn<strong><span style=\"vertical-align: inherit;\"><span style=\"vertical-align: inherit;\">Selecta\u021bi data pentru tur:<\/span><\/span><\/strong><\/p>\n<p>&nbsp;<\/p>\n<div class=\"vc_row wpb_row vc_row-fluid\" ><div class=\"wpb_column vc_column_container vc_col-sm-12\"><div class=\"vc_column-inner\"><div class=\"wpb_wrapper\"><div class=\"vc_empty_space\"   style=\"height: 32px\"><span class=\"vc_empty_space_inner\"><\/span><\/div><\/div><\/div><\/div><\/div><div class=\"vc_row wpb_row vc_row-fluid\" ><div class=\"wpb_column vc_column_container vc_col-sm-12\"><div class=\"vc_column-inner\"><div class=\"wpb_wrapper\"><div class=\"mkdf-section-title-holder\" style=\"text-align: left\">\n\t<div class=\"mkdf-st-inner\">\n\t\t\t\t\t<h5 class=\"mkdf-st-subtitle\" >\n\t\t\t\tMangrove, Pe\u0219teri \u0219i multe altele.\t\t\t<\/h5>\n\t\t\t\t\t\t\t<h3 class=\"mkdf-st-title\" >\n\t\t\t\tCaiac \u00een Los Haitises cu ghid turistic de la Ca\u00f1o Hondo 4 ore\t\t\t<\/h3>\n\t\t\t\t\t<\/div>\n<\/div><\/div><\/div><\/div><\/div><div class=\"vc_row wpb_row vc_row-fluid\" ><div class=\"wpb_column vc_column_container vc_col-sm-12\"><div class=\"vc_column-inner\"><div class=\"wpb_wrapper\"><div class=\"vc_empty_space\"   style=\"height: 32px\"><span class=\"vc_empty_space_inner\"><\/span><\/div><\/div><\/div><\/div><\/div><div class=\"vc_row wpb_row vc_row-fluid\" ><div class=\"wpb_column vc_column_container vc_col-sm-12\"><div class=\"vc_column-inner\"><div class=\"wpb_wrapper\"><div class=\"vc_btn3-container vc_btn3-inline\" ><button class=\"vc_general vc_btn3 vc_btn3-size-md vc_btn3-shape-rounded vc_btn3-style-modern vc_btn3-color-green\">REZERVA ACUM<\/button><\/div>\n\t<div class=\"wpb_text_column wpb_content_element\" >\n\t\t<div class=\"wpb_wrapper\">\n\t\t\t<p>\nn<\/p>\n<h4><b><i>Prezentare general\u0103 <\/i><\/b><\/h4>\n<p>n Kayaking la mangrove \u00een Parcul Na\u021bional Los Haitises cu un ghid turistic local 4 ore. Vizitarea mangrovelor, pe\u0219terilor, pictogramelor din r\u00e2ul Ca\u00f1o Hondo plus o privire de ansamblu asupra golfului San Lorenzo din parcul na\u021bional Los Haitises, zona Sabana de la Mar Ca\u00f1o Hondo. \u00cen cazul unei c\u0103l\u0103torii scurte: <a href=\"https:\/\/www.boattoursamana.com\/ro\/tours-excursions\/pesteri\/caiac-in-los-haitis-cu-ghid-tur-de-cano-hondo-2\/\"><em><strong>Caiac Los Haitises 2 ore<\/strong><\/em><\/a><br \/>\nn<\/p>\n<ul>\nn \t<\/p>\n<li style=\"font-weight: 400;\"><span style=\"font-weight: 400;\">Ghidul ofer\u0103 instruc\u021biuni \u0219i supraveghere<\/span><\/li>\n<p>n \t<\/p>\n<li>Caiace \u0219i v\u00e2sle disponibile Doble pentru dou\u0103 persoane \u0219i Simple pentru o singur\u0103 persoan\u0103.<\/li>\n<p>n<\/ul>\n<p>n&nbsp;<br \/>\nn<\/p>\n<h4><b>Incluziuni \u0219i excluderi<\/b><\/h4>\n<p>n&nbsp;<br \/>\nn<br \/>\nn<b>Incluziuni<\/b><br \/>\nn<br \/>\nn&nbsp;<br \/>\nn<\/p>\n<ol>\nn \t<\/p>\n<li style=\"font-weight: 400;\">Excursie cu caiac<\/li>\n<p>n \t<\/p>\n<li>Tururi \u00een pe\u0219teri<\/li>\n<p>n \t<\/p>\n<li style=\"font-weight: 400;\"><span style=\"font-weight: 400;\">Toate taxele, taxele \u0219i taxele de manipulare<\/span><\/li>\n<p>n \t<\/p>\n<li style=\"font-weight: 400;\"><span style=\"font-weight: 400;\">Taxe locale<\/span><\/li>\n<p>n \t<\/p>\n<li style=\"font-weight: 400;\"><span style=\"font-weight: 400;\">Ghid local<\/span><\/li>\n<p>n<\/ol>\n<p>n<b> Excluderile<\/b><br \/>\nn<\/p>\n<ol>\nn \t<\/p>\n<li style=\"font-weight: 400;\"><span style=\"font-weight: 400;\">Gratuitatii<\/span><\/li>\n<p>n \t<\/p>\n<li style=\"font-weight: 400;\"><span style=\"font-weight: 400;\">Transfer<\/span><\/li>\n<p>n \t<\/p>\n<li>Pr\u00e2nzul nu este inclus<\/li>\n<p>n \t<\/p>\n<li style=\"font-weight: 400;\"><span style=\"font-weight: 400;\">Bauturi alcoolice<\/span><\/li>\n<p>n<\/ol>\n<p>n&nbsp;<br \/>\nn<\/p>\n<h4><em><strong>Plecare \u0219i \u00eentoarcere<\/strong><\/em><\/h4>\n<p>n<span style=\"font-weight: 400;\">C\u0103l\u0103torul va primi un punct de \u00eent\u00e2lnire dup\u0103 Procesul de Rezervare. Tururile \u00eencep \u0219i se termin\u0103 \u00een punctele noastre de \u00eent\u00e2lnire.<\/span><br \/>\nn<br \/>\nn&nbsp;<br \/>\nn<\/p>\n<h4><b><i>La ce s\u0103 te a\u0219tep\u021bi?<\/i><\/b><\/h4>\n<p>n&nbsp;<br \/>\nn<br \/>\nn<em><strong>Ia-\u021bi biletele<\/strong><\/em> pentru a vizita 4 ore cu caiac la p\u0103durea r\u00e2ului Cano Hondo (mangrove), insulele st\u00e2ncoase, observarea p\u0103s\u0103rilor \u0219i pe\u0219terile cu ghidul turistic local.<br \/>\nn<br \/>\nn C\u00e2nd primim toate tipurile de echipamente necesare pentru siguran\u021ba dumneavoastr\u0103 (vesche de salvare etc.), ac\u021biunea \u00eencepe s\u0103 facem caiac din portul Ca\u00f1o Hondo.<br \/>\nn<br \/>\nn<span style=\"font-weight: 400;\">Turul, organizat de \u201eBooking Adventures\u201d, \u00eencepe la punctul de \u00eent\u00e2lnire stabilit cu Ghidul Turistic. <\/span>Lu\u00e2nd caiace \u0219i trec\u00e2nd prin mla\u0219tini cu mangrove, pe l\u00e2ng\u0103 pe\u0219teri antice de pira\u021bi \u0219i \u00een p\u0103duri protejate din aceast\u0103 rezerva\u021bie pitoreasc\u0103, pornind din zona Hotelurilor Ca\u00f1o Hondo sau din Sabana de la Mar,<br \/>\nn<\/p>\n<div class=\"body-description secondary\">\nn<br \/>\nnVino cu Booking Adventures \u0219i \u00eencepe s\u0103 verifici c\u00e2teva mangrove pline de p\u0103s\u0103ri, dealuri ondulate de vegeta\u021bie luxuriant\u0103 \u0219i pe\u0219teri de <em><strong>Parcul Na\u021bional Los Haitises<\/strong><\/em>. F\u0103c\u00e2nd o excursie cu caiacul de pe r\u00e2ul Ca\u00f1o Hondo, Sabana de la Mar. Prin mangrove \u0219i teren \u00een golful deschis San Lorenzo, de unde pute\u021bi fotografia peisajul forestier accidentat. Uit\u0103-te la ap\u0103 pentru a observa <em><strong>Lamantini<\/strong><\/em>, crustacee \u0219i <em><strong>delfinii.<\/strong><\/em><br \/>\nn<br \/>\nnNumele parcului na\u021bional vine de la locuitorii s\u0103i ini\u021biali, indienii Taino. \u00cen limba lor, \u201eHaitises\u201d se traduce prin zonele \u00eenalte sau dealuri, o referire la forma\u021biunile geologice abrupte ale coastei cu Calcare. Aventura\u021bi-v\u0103 mai ad\u00e2nc \u00een parc pentru a explora pe\u0219teri cum ar fi <em><strong>Cueva de la Arena<\/strong><\/em> \u0219i <strong><em>Cueva de la L\u00ednea.<\/em><\/strong> Pe\u0219terile din rezerva\u021bie au fost folosite ca ad\u0103post de indienii taino \u0219i, mai t\u00e2rziu, de pira\u021bii ascun\u0219i. C\u0103uta\u021bi desene ale indienilor care decoreaz\u0103 unii dintre pere\u021bi.<br \/>\nn<br \/>\nn \u00cen cazul \u00een care v\u0103 va pl\u0103cea aceast\u0103 c\u0103l\u0103torie scurt\u0103, avem o a doua op\u021biune: <a href=\"https:\/\/www.boattoursamana.com\/ro\/tours-excursions\/pesteri\/caiac-in-los-haitis-cu-ghid-tur-de-cano-hondo-2\/\">Caiac \u00een Los Haitises 2 ore\u00a0<\/a><br \/>\nn<br \/>\nnTurul se termin\u0103 la punctul de plecare din Parcul Na\u021bional Los Haitises. V\u0103 recomand\u0103m aceast\u0103 excursie la 6:00 am \u00een cazul \u00een care ve\u021bi dori s\u0103 vede\u021bi <em><strong>Lamantini<\/strong><\/em>, crustacee \u0219i <em><strong>delfinii.<\/strong><\/em><br \/>\nn<br \/>\nn<\/div>\n<p>n<em><strong>6:00 DIMINEATA<\/strong><\/em> este devreme, a\u0219a c\u0103 nu sunt \u00eenc\u0103 b\u0103rci la Parcul Na\u021bional Los Haitises.<br \/>\nn<\/p>\n<h4><em><strong>Ce ar trebui s\u0103 aduci?<\/strong><\/em><\/h4>\n<p>n<\/p>\n<ul>\nn \t<\/p>\n<li style=\"font-weight: 400;\"><span style=\"font-weight: 400;\">aparat foto<\/span><\/li>\n<p>n \t<\/p>\n<li style=\"font-weight: 400;\"><span style=\"font-weight: 400;\">Muguri repelent<\/span><\/li>\n<p>n \t<\/p>\n<li style=\"font-weight: 400;\"><span style=\"font-weight: 400;\">lotiune de plaja<\/span><\/li>\n<p>n \t<\/p>\n<li style=\"font-weight: 400;\"><span style=\"font-weight: 400;\">P\u0103l\u0103rie<\/span><\/li>\n<p>n \t<\/p>\n<li style=\"font-weight: 400;\"><span style=\"font-weight: 400;\">Pantaloni comozi<\/span><\/li>\n<p>n \t<\/p>\n<li style=\"font-weight: 400;\"><span style=\"font-weight: 400;\">Sandale\u00a0<\/span><\/li>\n<p>n \t<\/p>\n<li style=\"font-weight: 400;\"><span style=\"font-weight: 400;\">\u00cembr\u0103c\u0103minte de \u00eenot<\/span><\/li>\n<p>n<\/ul>\n<p>n&nbsp;<br \/>\nn<\/p>\n<h4><b><i>Preluare la hotel <\/i><\/b><\/h4>\n<p>n<span style=\"font-weight: 400;\">Preluarea la hotel nu este oferit\u0103 pentru acest tur. <\/span><br \/>\nn<br \/>\nn&nbsp;<br \/>\nn<br \/>\nn<b>Not\u0103:<\/b><span style=\"font-weight: 400;\"> dac\u0103 rezerva\u021bi \u00een 24 de ore de la ora plec\u0103rii turului\/excursiei, putem aranja preluarea de la hotel cu taxe suplimentare. Odat\u0103 ce achizi\u021bia dvs. este finalizat\u0103, v\u0103 vom trimite informa\u021bii complete de contact (num\u0103r de telefon, adres\u0103 de e-mail etc.) pentru ghidul nostru local pentru a organiza aranjamentele de ridicare.<\/span><br \/>\nn<\/p>\n<h4><b><i>Confirmare informa\u021bii suplimentare <\/i><\/b><\/h4>\n<p>n<\/p>\n<ol>\nn \t<\/p>\n<li>Biletele sunt Chitan\u021ba dup\u0103 plata acestui Tur. Pute\u021bi afi\u0219a plata pe telefon.<\/li>\n<p>n \t<\/p>\n<li style=\"font-weight: 400;\"><span style=\"font-weight: 400;\">Punctul de \u00eent\u00e2lnire va fi primit dup\u0103 procesul de rezervare.<\/span><\/li>\n<p>n \t<\/p>\n<li style=\"font-weight: 400;\"><span style=\"font-weight: 400;\">Copiii trebuie s\u0103 fie \u00eenso\u021bi\u021bi de un adult.<\/span><\/li>\n<p>n \t<\/p>\n<li style=\"font-weight: 400;\"><span style=\"font-weight: 400;\"> Nu este accesibil cu scaunul cu rotile <\/span><\/li>\n<p>n \t<\/p>\n<li style=\"font-weight: 400;\"><span style=\"font-weight: 400;\">Bebelu\u0219ii trebuie s\u0103 stea pe poale <\/span><\/li>\n<p>n \t<\/p>\n<li style=\"font-weight: 400;\"><span style=\"font-weight: 400;\">Nu este recomandat c\u0103l\u0103torilor cu probleme de spate<\/span><\/li>\n<p>n \t<\/p>\n<li style=\"font-weight: 400;\"><span style=\"font-weight: 400;\">Nu este recomandat c\u0103l\u0103torilor \u00eens\u0103rcinate <\/span><\/li>\n<p>n \t<\/p>\n<li style=\"font-weight: 400;\"><span style=\"font-weight: 400;\"> F\u0103r\u0103 probleme cardiace sau alte afec\u021biuni medicale grave <\/span><\/li>\n<p>n \t<\/p>\n<li style=\"font-weight: 400;\"><span style=\"font-weight: 400;\">Majoritatea c\u0103l\u0103torilor pot participa<\/span><\/li>\n<p>n<\/ol>\n<p>n<\/p>\n<h4><b><i>Politica de anulare<\/i><\/b><\/h4>\n<p>nPentru o rambursare complet\u0103, v\u0103 rug\u0103m s\u0103 citi\u021bi politicile noastre de anulare\u00a0<a href=\"https:\/\/www.boattoursamana.com\/ro\/rezervare-online\/\" target=\"_blank\" rel=\"noopener\" data-saferedirecturl=\"https:\/\/www.google.com\/url?q=https:\/\/www.boattoursamana.com\/online-booking\/&amp;source=gmail&amp;ust=1672532492004000&amp;usg=AOvVaw3ylqI1cdbIPTimEqEWneyd\">Click aici<\/a>. Fondurile se vor pierde dac\u0103 rezervarea este anulat\u0103 \u00een aceea\u0219i zi a c\u0103l\u0103toriei.<\/p>\n\n\t\t<\/div>\n\t<\/div>\n<\/div><\/div><\/div><\/div><div class=\"vc_row wpb_row vc_row-fluid\" ><div class=\"wpb_column vc_column_container vc_col-sm-12\"><div class=\"vc_column-inner\"><div class=\"wpb_wrapper\"><div class=\"vc_empty_space\"   style=\"height: 32px\"><span class=\"vc_empty_space_inner\"><\/span><\/div>\n\t<div class=\"wpb_text_column wpb_content_element\" >\n\t\t<div class=\"wpb_wrapper\">\n\t\t\t<p>\nn<\/p>\n<h4>Contacteaz\u0103-ne?<\/h4>\n<p>n<\/p>\n<h5>Rezervare aventuri<\/h5>\n<p>n<em><strong>Localnicii<\/strong>\u00a0\u0219i\u00a0<strong>Na\u0163ionalii<\/strong>\u00a0Ghizi turistici \u0219i servicii pentru oaspe\u021bi<\/em><br \/>\nn<br \/>\nn<span class=\"text-turquoise\">Rezervari:<\/span>\u00a0Tururi \u0219i excursii \u00een Dom. Reprezentant.<br \/>\nn<br \/>\nn<img decoding=\"async\" class=\"emoji\" draggable=\"false\" src=\"https:\/\/s.w.org\/images\/core\/emoji\/11.2.0\/svg\/1f4de.svg\" alt=\" \" title=\"\">\u00a0Tel\/Whatsapp\u00a0\u00a0<a href=\"tel:+1-809-720-6035\">+1-809-720-6035<\/a>.<br \/>\nn<br \/>\nn<img decoding=\"async\" class=\"emoji\" draggable=\"false\" src=\"https:\/\/s.w.org\/images\/core\/emoji\/11.2.0\/svg\/1f4e9.svg\" alt=\" \" title=\"\">\u00a0<a href=\"mailto:info@bookingadventures.com.do\">info@bookingadventures.com.do<\/a><br \/>\nn<br \/>\nn<strong><span style=\"vertical-align: inherit;\"><span style=\"vertical-align: inherit;\">Suntem tururi private de configurare flexibil\u0103 prin Whatsapp:\u00a0<\/span><\/span><a href=\"tel:+18097206035\">+18097206035.<\/a><\/strong><\/p>\n\n\t\t<\/div>\n\t<\/div>\n<div class=\"vc_empty_space\"   style=\"height: 32px\"><span class=\"vc_empty_space_inner\"><\/span><\/div><\/div><\/div><\/div><\/div><div class=\"vc_row wpb_row vc_row-fluid\" ><div class=\"wpb_column vc_column_container vc_col-sm-12\"><div class=\"vc_column-inner\"><div class=\"wpb_wrapper\"><div class=\"vc_btn3-container vc_btn3-inline\" ><button class=\"vc_general vc_btn3 vc_btn3-size-md vc_btn3-shape-rounded vc_btn3-style-modern vc_btn3-color-green\">REZERVA ACUM<\/button><\/div><\/div><\/div><\/div><\/div>","protected":false},"excerpt":{"rendered":"<p>Excursi\u00f3n al Parque Nacional Los Haitises partiendo de Sabana de la Mar en la zona de Cano Hondo, Visita de manglares, Cuevas, Pictogramas y Formaciones Rocosas. n nEste recorrido se puede configurar con el clip Senderismo aqu\u00ed. Conozca la historia real de la historia del Parque Nacional Los Haitises con los lugare\u00f1os. n n&nbsp; n nSeleccione la fecha para el Tour: &nbsp;<\/p>","protected":false},"author":2,"featured_media":0,"parent":0,"menu_order":0,"comment_status":"open","ping_status":"closed","template":"","meta":{"footnotes":""},"class_list":["post-15745","page","type-page","status-publish","hentry"],"_links":{"self":[{"href":"https:\/\/www.boattoursamana.com\/ro\/wp-json\/wp\/v2\/pages\/15745","targetHints":{"allow":["GET"]}}],"collection":[{"href":"https:\/\/www.boattoursamana.com\/ro\/wp-json\/wp\/v2\/pages"}],"about":[{"href":"https:\/\/www.boattoursamana.com\/ro\/wp-json\/wp\/v2\/types\/page"}],"author":[{"embeddable":true,"href":"https:\/\/www.boattoursamana.com\/ro\/wp-json\/wp\/v2\/users\/2"}],"replies":[{"embeddable":true,"href":"https:\/\/www.boattoursamana.com\/ro\/wp-json\/wp\/v2\/comments?post=15745"}],"version-history":[{"count":0,"href":"https:\/\/www.boattoursamana.com\/ro\/wp-json\/wp\/v2\/pages\/15745\/revisions"}],"wp:attachment":[{"href":"https:\/\/www.boattoursamana.com\/ro\/wp-json\/wp\/v2\/media?parent=15745"}],"curies":[{"name":"wp","href":"https:\/\/api.w.org\/{rel}","templated":true}]}}