{"id":15755,"date":"2023-07-15T07:43:13","date_gmt":"2023-07-15T07:43:13","guid":{"rendered":"https:\/\/www.ticketswhales.com\/samana-cayo-levantado-bacardi-island-and-whale-watching-from-miches-in-catamaran\/"},"modified":"2023-07-15T07:43:13","modified_gmt":"2023-07-15T07:43:13","slug":"samana-cayo-levantado-bacardi-island-and-whale-watching-from-miches-in-catamaran","status":"publish","type":"page","link":"https:\/\/www.boattoursamana.com\/ro\/samana-cayo-levantado-insula-bacardi-si-vizionarea-balenelor-din-miches-in-catamaran-2","title":{"rendered":"Saman\u00e1 Cayo Levantado (insula Bacardi) \u0219i observarea balenelor de la Miches \u00een catamaran"},"content":{"rendered":"<p><span style=\"vertical-align: inherit;\"><span style=\"vertical-align: inherit;\">Whale Miches Tururi \u0219i excursii. <\/span><span style=\"vertical-align: inherit;\">Rezerva\u021bi boletos pentru avistamiento de ballenas \u00een la Bah\u00eda de Saman\u00e1, \u00eencep\u00e2nd cu Miches \u0219i vizit\u00e2nd Cayo Levantado, cunoscut\u0103 \u0219i ca Isla Bacard\u00ed pentru o aventur\u0103 cu pase de un zi.<\/span><\/span><br \/>\nn<br \/>\nn&nbsp;<br \/>\nn<br \/>\nn<em><strong><span style=\"vertical-align: inherit;\"><span style=\"vertical-align: inherit;\">Selecta\u021bi data excursiei:<\/span><\/span><\/strong><\/em><\/p>\n<p>&nbsp;<\/p>\n<div class=\"vc_row wpb_row vc_row-fluid\" ><div class=\"wpb_column vc_column_container vc_col-sm-12\"><div class=\"vc_column-inner\"><div class=\"wpb_wrapper\">\n\t<div class=\"wpb_text_column wpb_content_element\" >\n\t\t<div class=\"wpb_wrapper\">\n\t\t\t<p><span style=\"vertical-align: inherit;\"><span style=\"vertical-align: inherit;\"><\/p>\n\n\t\t<\/div>\n\t<\/div>\n<\/div><\/div><\/div><\/div><div class=\"vc_row wpb_row vc_row-fluid\" ><\/div><div class=\"wpb_column vc_column_container vc_col-sm-12\"><div class=\"vc_column-inner\"><div class=\"wpb_wrapper\"><\/div><\/div><\/div><div class=\"vc_row wpb_row vc_row-fluid\" ><\/div><div class=\"wpb_column vc_column_container vc_col-sm-12\"><div class=\"vc_column-inner\"><div class=\"wpb_wrapper\"><div class=\"vc_btn3-container vc_btn3-inline\" ><button class=\"vc_general vc_btn3 vc_btn3-size-md vc_btn3-shape-rounded vc_btn3-style-modern vc_btn3-color-green\">REZERVA ACUM<\/button><\/div><\/div><\/div><\/div><div class=\"mkdf-section-title-holder\" style=\"text-align: left\">\n\t<div class=\"mkdf-st-inner\">\n\t\t\t\t\t\t\t<h3 class=\"mkdf-st-title\" >\n\t\t\t\tCayo Levantado + Avistamiento de ballenas de Miches en catamar\u00e1n\t\t\t<\/h3>\n\t\t\t\t\t<\/div>\n<\/div><div class=\"vc_empty_space\"   style=\"height: 32px\"><span class=\"vc_empty_space_inner\"><\/span><\/div>\n\t<div class=\"wpb_text_column wpb_content_element\" >\n\t\t<div class=\"wpb_wrapper\">\n\t\t\t<p>\u00a0<\/span><\/span><br \/>\nn<\/p>\n<div class=\"vc_empty_space\"><\/div>\n<p>n<\/p>\n<div class=\"wpb_text_column wpb_content_element\">\nn<\/p>\n<div class=\"wpb_wrapper\">\nn<\/p>\n<div class=\"vc_row wpb_row vc_row-fluid\">\nn<\/p>\n<div class=\"wpb_column vc_column_container vc_col-sm-12\">\nn<\/p>\n<div class=\"vc_column-inner\">\nn<\/p>\n<div class=\"wpb_wrapper\">\nn<\/p>\n<div class=\"wpb_text_column wpb_content_element\">\nn<\/p>\n<div class=\"wpb_wrapper\">\nn<\/p>\n<div class=\"vc_row wpb_row vc_row-fluid\">\nn<\/p>\n<div class=\"wpb_column vc_column_container vc_col-sm-12\">\nn<\/p>\n<div class=\"vc_column-inner\">\nn<\/p>\n<div class=\"wpb_wrapper\">\nn<\/p>\n<div class=\"wpb_text_column wpb_content_element\">\nn<\/p>\n<div class=\"wpb_wrapper\">\nn<\/p>\n<h4><a id=\"overview\" class=\"aal_anchor\" href=\"https:\/\/www.boattoursamana.com\/ro\/tur\/samana-cayo-levantado-insula-bacardi-si-vizionarea-balenelor-din-miches-in-catamaran-2\/#overview\" aria-hidden=\"true\"><\/a><b><i>Prezentare general\u0103<\/i><\/b><\/h4>\n<p>nObservarea balenelor \u00een golful Saman\u00e1, pornind din portul Miches cu catamaranul.  Aceast\u0103 excursie \u00eencepe la ora 9:00 Am \u0219i se termin\u0103 la ora 17:00 Pm. \u00cent\u00e2lnire \u00eenainte \u00een portul nostru din Miches. Dup\u0103 avortul nostru Catamaran sau Barca pentru a vizita Balenele \u00een propriul lor habitat.<br \/>\nn<br \/>\nnDe la ora 9:00 am p\u00e2n\u0103 la 12:00 dup\u0103-amiaz\u0103 Observatorul de observare a balenelor \u0219i dup\u0103 aceast\u0103 excursie cu balene vom vizita insula Bacardi \/ Cayo Levantado. \u00cen Insula Bacardi, se va oferi un bufet de pr\u00e2nz \u00een stil tipic dominican. Dup\u0103 terminarea pr\u00e2nzului, ve\u021bi avea voie s\u0103 \u00eenota\u021bi p\u00e2n\u0103 la ora 16:30. Excursia se va \u00eencheia la ora 17:00 \u00een acela\u0219i port de unde va \u00eencepe.<br \/>\nn<br \/>\nnNota: Acest tur nu este privat.<strong>\u00a0Pentru un tur privat v\u0103 rug\u0103m s\u0103 ne contacta\u021bi.<\/strong><br \/>\nn<\/p>\n<ul>\nn \t<\/p>\n<li>Excursie de observare a balenelor<\/li>\n<p>n \t<\/p>\n<li>Taxe de intrare la Observator<\/li>\n<p>n \t<\/p>\n<li>Include pr\u00e2nz tip bufet pe plaj\u0103<\/li>\n<p>n \t<\/p>\n<li>Transfer cu barca<\/li>\n<p>n \t<\/p>\n<li>C\u0103pitanul ofer\u0103 instruc\u021bie \u0219i supraveghere<\/li>\n<p>n \t<\/p>\n<li>Ghid turistic<\/li>\n<p>n<\/ul>\n<p>n&nbsp;<br \/>\nn<\/p>\n<h4><a id=\"inclusions-exclusions\" class=\"aal_anchor\" href=\"https:\/\/www.boattoursamana.com\/ro\/tur\/samana-cayo-levantado-insula-bacardi-si-vizionarea-balenelor-din-miches-in-catamaran-2\/#inclusions-exclusions\" aria-hidden=\"true\"><\/a><b>Incluziuni \u0219i excluderi<\/b><\/h4>\n<p>n&nbsp;<br \/>\nn<br \/>\nn<b>Incluziuni<\/b><br \/>\nn<br \/>\nn&nbsp;<br \/>\nn<\/p>\n<ol>\nn \t<\/p>\n<li>Pranz tip bufet pe plaja<\/li>\n<p>n \t<\/p>\n<li>Observarea balenelor<\/li>\n<p>n \t<\/p>\n<li>Ghid turistic<\/li>\n<p>n \t<\/p>\n<li>Excursie cu catamaran sau cu barca<\/li>\n<p>n \t<\/p>\n<li>Toate taxele, taxele \u0219i taxele de manipulare<\/li>\n<p>n \t<\/p>\n<li>Taxe locale<\/li>\n<p>n \t<\/p>\n<li>B\u0103uturi<\/li>\n<p>n \t<\/p>\n<li>Bauturi alcoolice<\/li>\n<p>n<\/ol>\n<p>n<b>Excluderile<\/b><br \/>\nn<\/p>\n<ol>\nn \t<\/p>\n<li>Gratuitatii<\/li>\n<p>n \t<\/p>\n<li>Ma\u0219in\u0103 de transfer<\/li>\n<p>n<\/ol>\n<p>n&nbsp;<br \/>\nn<\/p>\n<h4><a id=\"departure-return\" class=\"aal_anchor\" href=\"https:\/\/www.boattoursamana.com\/ro\/tur\/samana-cayo-levantado-insula-bacardi-si-vizionarea-balenelor-din-miches-in-catamaran-2\/#departure-return\" aria-hidden=\"true\"><\/a><em><strong>Plecare \u0219i \u00eentoarcere<\/strong><\/em><\/h4>\n<p>nC\u0103l\u0103torul va primi un punct de \u00eent\u00e2lnire dup\u0103 procesul de rezervare. Tururile \u00eencep \u0219i se termin\u0103 \u00een punctele noastre de \u00eent\u00e2lnire.<br \/>\nn<br \/>\nn&nbsp;<br \/>\nn<\/p>\n<h4><a id=\"what-to-expect\" class=\"aal_anchor\" href=\"https:\/\/www.boattoursamana.com\/ro\/tur\/samana-cayo-levantado-insula-bacardi-si-vizionarea-balenelor-din-miches-in-catamaran-2\/#what-to-expect\" aria-hidden=\"true\"><\/a><b><i>La ce s\u0103 te a\u0219tep\u021bi?<\/i><\/b><\/h4>\n<p>n&nbsp;<br \/>\nn<br \/>\nn<em><strong>Ia-\u021bi biletele<\/strong><\/em>\u00a0pentru o zi tur de observare a balenelor \u00een golful Saman\u00e1 pornind de la Miches \u00een Catamaran cu b\u0103uturi locale plus un pr\u00e2nz minunat \u0219i timp de plaj\u0103.<br \/>\nn<br \/>\nnPassul de o zi pentru observarea balenelor, organizat de \"Booking Adventures\", \u00eencepe la punctul de \u00eent\u00e2lnire stabilit cu ghidul turistic. Masa de pr\u00e2nz pe plaj\u0103 \u0219i pute\u021bi sta c\u00e2t dori\u021bi s\u0103 \u00eenota\u021bi \u00een jur. Dac\u0103 sunte\u021bi vegani, v\u0103 putem stabili \u0219i ceva de m\u00e2ncare.<br \/>\nn<br \/>\nn<strong>Orar:<\/strong><br \/>\nn<br \/>\nn8:45 AM - 5:00 PM<br \/>\nn<br \/>\nn&nbsp;<br \/>\nn<\/p>\n<h4><a id=\"what-you-should-bring\" class=\"aal_anchor\" href=\"https:\/\/www.boattoursamana.com\/ro\/tur\/samana-cayo-levantado-insula-bacardi-si-vizionarea-balenelor-din-miches-in-catamaran-2\/#what-you-should-bring\" aria-hidden=\"true\"><\/a><em><strong>Ce ar trebui s\u0103 aduci?<\/strong><\/em><\/h4>\n<p>n<\/p>\n<ul>\nn \t<\/p>\n<li>aparat foto<\/li>\n<p>n \t<\/p>\n<li>Muguri repelent<\/li>\n<p>n \t<\/p>\n<li>Lotiune de plaja<\/li>\n<p>n \t<\/p>\n<li>P\u0103l\u0103rie<\/li>\n<p>n \t<\/p>\n<li>Pantaloni comozi<\/li>\n<p>n \t<\/p>\n<li>Sandale la plaj\u0103<\/li>\n<p>n \t<\/p>\n<li>\u00cembr\u0103c\u0103minte de \u00eenot<\/li>\n<p>n \t<\/p>\n<li>Cash pentru suveniruri<\/li>\n<p>n<\/ul>\n<p>n&nbsp;<br \/>\nn<\/p>\n<h4><a id=\"hotel-pickup\" class=\"aal_anchor\" href=\"https:\/\/www.boattoursamana.com\/ro\/tur\/samana-cayo-levantado-insula-bacardi-si-vizionarea-balenelor-din-miches-in-catamaran-2\/#hotel-pickup\" aria-hidden=\"true\"><\/a><b><i>Preluare la hotel<\/i><\/b><\/h4>\n<p>nPentru acest tur nu se ofer\u0103 servicii de preluare la hotel.<br \/>\nn<br \/>\nn&nbsp;<br \/>\nn<br \/>\nn<b>Not\u0103:<\/b>\u00a0dac\u0103 rezerva\u021bi \u00een 24 de ore de la ora plec\u0103rii turului\/excursiei, putem aranja preluarea de la hotel cu taxe suplimentare. Odat\u0103 ce achizi\u021bia dvs. este finalizat\u0103, v\u0103 vom trimite informa\u021bii complete de contact (num\u0103r de telefon, adres\u0103 de e-mail etc.) pentru ghidul nostru local pentru a organiza aranjamentele de ridicare.<br \/>\nn<\/p>\n<h4><a id=\"additional-info-confirmation\" class=\"aal_anchor\" href=\"https:\/\/www.boattoursamana.com\/ro\/tur\/samana-cayo-levantado-insula-bacardi-si-vizionarea-balenelor-din-miches-in-catamaran-2\/#additional-info-confirmation\" aria-hidden=\"true\"><\/a><b><i>Confirmare informa\u021bii suplimentare<\/i><\/b><\/h4>\n<p>n<\/p>\n<ol>\nn \t<\/p>\n<li>Biletele sunt Chitan\u021ba dup\u0103 plata acestui Tur. Pute\u021bi afi\u0219a plata pe telefon.<\/li>\n<p>n \t<\/p>\n<li>Punctul de \u00eent\u00e2lnire va fi primit dup\u0103 procesul de rezervare.<\/li>\n<p>n \t<\/p>\n<li>Copiii trebuie s\u0103 fie \u00eenso\u021bi\u021bi de un adult.<\/li>\n<p>n \t<\/p>\n<li>scaun cu rotile accesibil<\/li>\n<p>n \t<\/p>\n<li>Bebelu\u0219ii trebuie s\u0103 stea pe poale<\/li>\n<p>n \t<\/p>\n<li>Majoritatea c\u0103l\u0103torilor pot participa<\/li>\n<p>n<\/ol>\n<p>n<\/p>\n<h4><a id=\"cancellation-policy\" class=\"aal_anchor\" href=\"https:\/\/www.boattoursamana.com\/ro\/tur\/samana-cayo-levantado-insula-bacardi-si-vizionarea-balenelor-din-miches-in-catamaran-2\/#cancellation-policy\" aria-hidden=\"true\"><\/a><b><i>Politica de anulare<\/i><\/b><\/h4>\n<p>nPentru o rambursare integral\u0103, anula\u021bi cu cel pu\u021bin 24 de ore \u00eenainte de data de \u00eencepere a experien\u021bei.<br \/>\nn<br \/>\nn\n<\/div>\n<p>n\n<\/p><\/div>\n<p>n\n<\/p><\/div>\n<p>n\n<\/p><\/div>\n<p>n\n<\/p><\/div>\n<p>n\n<\/p><\/div>\n<p>n\n<\/p><\/div>\n<p>n\n<\/p><\/div>\n<p>n\n<\/p><\/div>\n<p>n\n<\/p><\/div>\n<p>n\n<\/p><\/div>\n<p>n\n<\/p><\/div>\n<p>n<\/p>\n<div class=\"vc_row wpb_row vc_row-fluid\">\nn<\/p>\n<div class=\"wpb_column vc_column_container vc_col-sm-12\">\nn<\/p>\n<div class=\"vc_column-inner\">\nn<\/p>\n<div class=\"wpb_wrapper\">\nn<\/p>\n<div class=\"vc_empty_space\"><\/div>\n<p>n<\/p>\n<div class=\"wpb_text_column wpb_content_element\">\nn<\/p>\n<div class=\"wpb_wrapper\">\nn<\/p>\n<h4><a id=\"contact-us\" class=\"aal_anchor\" href=\"https:\/\/www.boattoursamana.com\/ro\/tur\/samana-cayo-levantado-insula-bacardi-si-vizionarea-balenelor-din-miches-in-catamaran-2\/#contact-us\" aria-hidden=\"true\"><\/a>Contacteaz\u0103-ne?<\/h4>\n<p>n<\/p>\n<h5><\/h5>\n<p>n<em><strong>Localnicii<\/strong>\u00a0\u0219i\u00a0<strong>Na\u0163ionalii<\/strong>\u00a0Ghizi turistici \u0219i servicii pentru oaspe\u021bi<\/em><br \/>\nn<br \/>\nn<span class=\"text-turquoise\">Rezervari:<\/span>\u00a0Tururi \u0219i excursii \u00een Dom. Reprezentant.<br \/>\nn<br \/>\nn<img decoding=\"async\" class=\"emoji\" title=\"Samana Cayo Levantado (insula Bacardi) \u0219i observarea balenelor de la Miches \u00een catamaran 1\" draggable=\"false\" src=\"https:\/\/s.w.org\/images\/core\/emoji\/11.2.0\/svg\/1f4de.svg\" alt=\" \" \/> Tel\/Whatsapp <strong><a href=\"tel:+1 (829) 318-9463\">+1 (829) 318-9463.<\/a><\/strong><br \/>\nn<br \/>\nn<img decoding=\"async\" class=\"emoji\" title=\"Samana Cayo Levantado (insula Bacardi) \u0219i observarea balenelor de la Miches \u00een Catamaran 2\" draggable=\"false\" src=\"https:\/\/s.w.org\/images\/core\/emoji\/11.2.0\/svg\/1f4e9.svg\" alt=\" \" \/>\u00a0<a href=\"mailto:reservabatour@gmail.com\">reservabatour@gmail.com<\/a><br \/>\nn<br \/>\nn<strong>Suntem flexibili, stabilim tururi private prin Whatsapp:\u00a0<a href=\"tel:+1 (829) 318-9463\">+1 (829) 318-9463.<\/a><\/strong><br \/>\nn<br \/>\nn<\/div>\n<p>n\n<\/p><\/div>\n<p>n\n<\/p><\/div>\n<p>n\n<\/p><\/div>\n<p>n\n<\/p><\/div>\n<p>n\n<\/p><\/div>\n<p>n\n<\/p><\/div>\n<p>n\n<\/p><\/div>\n<p>n<\/p>\n\n\t\t<\/div>\n\t<\/div>\n<div class=\"vc_row wpb_row vc_row-fluid\" ><div class=\"wpb_column vc_column_container vc_col-sm-12\"><div class=\"vc_column-inner\"><div class=\"wpb_wrapper\"><div class=\"vc_btn3-container vc_btn3-inline\" ><button class=\"vc_general vc_btn3 vc_btn3-size-md vc_btn3-shape-rounded vc_btn3-style-modern vc_btn3-color-green\">REZERVA ACUM<\/button><\/div><\/div><\/div><\/div><\/div>","protected":false},"excerpt":{"rendered":"<p>Whale Miches Tours &amp; Excursiones. Rezerva\u021bi biletele pentru o excursie cu balene \u00een Bah\u00eda de Saman\u00e1, pornind din Miches \u0219i vizit\u00e2nd Cayo Levantado, cunoscut\u0103 \u0219i ca Isla Bacard\u00ed, pentru o aventur\u0103 cu plimbare de o zi. n n n n nSelecta\u021bi data excursiei: &nbsp;<\/p>","protected":false},"author":2,"featured_media":0,"parent":0,"menu_order":0,"comment_status":"open","ping_status":"closed","template":"","meta":{"footnotes":""},"class_list":["post-15755","page","type-page","status-publish","hentry"],"_links":{"self":[{"href":"https:\/\/www.boattoursamana.com\/ro\/wp-json\/wp\/v2\/pages\/15755","targetHints":{"allow":["GET"]}}],"collection":[{"href":"https:\/\/www.boattoursamana.com\/ro\/wp-json\/wp\/v2\/pages"}],"about":[{"href":"https:\/\/www.boattoursamana.com\/ro\/wp-json\/wp\/v2\/types\/page"}],"author":[{"embeddable":true,"href":"https:\/\/www.boattoursamana.com\/ro\/wp-json\/wp\/v2\/users\/2"}],"replies":[{"embeddable":true,"href":"https:\/\/www.boattoursamana.com\/ro\/wp-json\/wp\/v2\/comments?post=15755"}],"version-history":[{"count":0,"href":"https:\/\/www.boattoursamana.com\/ro\/wp-json\/wp\/v2\/pages\/15755\/revisions"}],"wp:attachment":[{"href":"https:\/\/www.boattoursamana.com\/ro\/wp-json\/wp\/v2\/media?parent=15755"}],"curies":[{"name":"wp","href":"https:\/\/api.w.org\/{rel}","templated":true}]}}